{"id":25209,"date":"2026-02-19T13:29:04","date_gmt":"2026-02-19T13:29:04","guid":{"rendered":"https:\/\/comprasyconsejos.store\/product\/arctic-liquid-freezer-iii-pro-360-a-rgb-liquid-cooling-pc-aio-for-cpu-3x120mm-radiator-38mm-pwm-pump-vrm-fan-amd-am5-am4-intel-lga1851-1700-contact-frame-black\/"},"modified":"2026-02-19T13:29:11","modified_gmt":"2026-02-19T13:29:11","slug":"arctic-liquid-freezer-iii-pro-360-a-rgb-liquid-cooling-pc-aio-for-cpu-3x120mm-radiator-38mm-pwm-pump-vrm-fan-amd-am5-am4-intel-lga1851-1700-contact-frame-black","status":"publish","type":"product","link":"https:\/\/comprasyconsejos.store\/en\/product\/arctic-liquid-freezer-iii-pro-360-a-rgb-liquid-cooling-pc-aio-for-cpu-3x120mm-radiator-38mm-pwm-pump-vrm-fan-amd-am5-am4-intel-lga1851-1700-contact-frame-black\/","title":{"rendered":"ARCTIC Liquid Freezer III Pro 360 A-RGB &#8211; Liquid Cooling PC, AIO for CPU, 3x120mm, Radiator 38mm, PWM Pump, VRM Fan, AMD AM5\/AM4, Intel LGA1851\/1700 Contact Frame &#8211; Black"},"content":{"rendered":"<p>Price: <span style=\"color:#b12704\"><del>\u20ac146.99<\/del> - \u20ac96.49<\/span><br \/><i><small>(as of Feb 19, 2026 13:29:05 UTC &#8211; <span class=\"wp_automatic_amazon_disclaimer\" title=\"Product prices and availability are accurate as of the date\/time indicated and are subject to change. Any price and availability information displayed on [relevant Amazon Site(s), as applicable] at the time of purchase will apply to the purchase of this product.\">Details<\/span>)<\/small><\/i><\/p>\n<p><a href=\"https:\/\/amazon.es\/dp\/B0DLWFCVSD?tag=man008-21\"><img decoding=\"async\" src=\"https:\/\/valvepress.s3.amazonaws.com\/imgs\/buy_now.png\"><\/a><br \/>\n<\/p>\n<p>                                             From the brand   <\/p>\n<p>                                              <img decoding=\"async\" alt=\"\" src=\"https:\/\/images-na.ssl-images-amazon.com\/images\/G\/01\/x-locale\/common\/grey-pixel.gif\" class=\"a-lazy-loaded\" data-src=\"https:\/\/m.media-amazon.com\/images\/S\/aplus-media-library-service-media\/161503c2-c0d7-4b94-bb11-d22d9b74231f.__CR91,0,1464,625_PT0_SX1464_V1___.jpg\"><img decoding=\"async\" alt=\"\" src=\"https:\/\/m.media-amazon.com\/images\/S\/aplus-media-library-service-media\/161503c2-c0d7-4b94-bb11-d22d9b74231f.__CR91,0,1464,625_PT0_SX1464_V1___.jpg\">  <\/p>\n<p> Un fabricante de componentes y disipadores para PC que ha iniciado e influido en la evoluci\u00f3n de los sistemas de refrigeraci\u00f3n. <\/p>\n<p>                                              <img decoding=\"async\" alt=\"Tres sistemas de refrigeraci\u00f3n para ordenadores con ventiladores RGB. La unidad izquierda tiene tres ventiladores negros, las unidades central y derecha cuentan con ventiladores iluminados de colores. Todas conectadas a radiadores o tubos de refrigeraci\u00f3n l\u00edquida\" src=\"https:\/\/images-na.ssl-images-amazon.com\/images\/G\/01\/x-locale\/common\/grey-pixel.gif\" class=\"a-lazy-loaded\" data-src=\"https:\/\/m.media-amazon.com\/images\/S\/aplus-media-library-service-media\/a5d65cf9-a3ee-49fc-990a-27b1f35749e7.__CR0,0,362,453_PT0_SX362_V1___.jpg\"><img decoding=\"async\" alt=\"Tres sistemas de refrigeraci\u00f3n para ordenadores con ventiladores RGB. La unidad izquierda tiene tres ventiladores negros, las unidades central y derecha cuentan con ventiladores iluminados de colores. Todas conectadas a radiadores o tubos de refrigeraci\u00f3n l\u00edquida\" src=\"https:\/\/m.media-amazon.com\/images\/S\/aplus-media-library-service-media\/a5d65cf9-a3ee-49fc-990a-27b1f35749e7.__CR0,0,362,453_PT0_SX362_V1___.jpg\">  <\/p>\n<h3> Update for your setup <\/h3>\n<p class=\"apm-brand-story-stores-link\">\n<p>                                              <img decoding=\"async\" alt=\"aplus content image\" src=\"https:\/\/images-na.ssl-images-amazon.com\/images\/G\/01\/x-locale\/common\/grey-pixel.gif\" class=\"a-lazy-loaded\" data-src=\"https:\/\/m.media-amazon.com\/images\/S\/aplus-media-library-service-media\/4848d4d1-09a1-48dc-bcab-2734b49eb70c.__CR0,0,362,453_PT0_SX362_V1___.jpg\"><img decoding=\"async\" alt=\"aplus content image\" src=\"https:\/\/m.media-amazon.com\/images\/S\/aplus-media-library-service-media\/4848d4d1-09a1-48dc-bcab-2734b49eb70c.__CR0,0,362,453_PT0_SX362_V1___.jpg\">  <\/p>\n<h3> Carcasa para PC E-ATX premium <\/h3>\n<p class=\"apm-brand-story-stores-link\">\n<p>                                              <img decoding=\"async\" alt=\"ARCTIC\" src=\"https:\/\/images-na.ssl-images-amazon.com\/images\/G\/01\/x-locale\/common\/grey-pixel.gif\" class=\"a-lazy-loaded\" data-src=\"https:\/\/m.media-amazon.com\/images\/S\/aplus-media-library-service-media\/03279faa-35be-44c5-ba34-810a4246c01e.__CR0,0,362,453_PT0_SX362_V1___.jpg\"><img decoding=\"async\" alt=\"ARCTIC\" src=\"https:\/\/m.media-amazon.com\/images\/S\/aplus-media-library-service-media\/03279faa-35be-44c5-ba34-810a4246c01e.__CR0,0,362,453_PT0_SX362_V1___.jpg\">  <\/p>\n<h3> The Cooler Way <\/h3>\n<p class=\"apm-brand-story-stores-link\">\n<p>                                              <img decoding=\"async\" alt=\"negro para ordenador con aspas curvas y logotipo de Arctic. Marco cuadrado con esquinas redondeadas. Texto \u00abVENTILADORES\u00bb sobre la imagen.\" src=\"https:\/\/images-na.ssl-images-amazon.com\/images\/G\/01\/x-locale\/common\/grey-pixel.gif\" class=\"a-lazy-loaded\" data-src=\"https:\/\/m.media-amazon.com\/images\/S\/aplus-media-library-service-media\/e46d7ce2-0df6-42bf-93b6-2a78c70b6a8b.__CR0,0,362,453_PT0_SX362_V1___.jpg\"><img decoding=\"async\" alt=\"negro para ordenador con aspas curvas y logotipo de Arctic. Marco cuadrado con esquinas redondeadas. Texto \u00abVENTILADORES\u00bb sobre la imagen.\" src=\"https:\/\/m.media-amazon.com\/images\/S\/aplus-media-library-service-media\/e46d7ce2-0df6-42bf-93b6-2a78c70b6a8b.__CR0,0,362,453_PT0_SX362_V1___.jpg\">  <\/p>\n<h3> Silencioso y potente <\/h3>\n<p class=\"apm-brand-story-stores-link\">\n<p>                                              <img decoding=\"async\" alt=\"con tubos de calor de cobre y ventilador negro. Cuenta con un gran disipador de calor y un dise\u00f1o de ventilador circular. El texto de arriba dice \u00abREFRIGERACI\u00d3N DE SERVIDORES\u00bb en espa\u00f1ol.\" src=\"https:\/\/images-na.ssl-images-amazon.com\/images\/G\/01\/x-locale\/common\/grey-pixel.gif\" class=\"a-lazy-loaded\" data-src=\"https:\/\/m.media-amazon.com\/images\/S\/aplus-media-library-service-media\/4c0beb57-c35e-43fd-afdf-7af40a53c126.__CR0,0,362,453_PT0_SX362_V1___.jpg\"><img decoding=\"async\" alt=\"con tubos de calor de cobre y ventilador negro. Cuenta con un gran disipador de calor y un dise\u00f1o de ventilador circular. El texto de arriba dice \u00abREFRIGERACI\u00d3N DE SERVIDORES\u00bb en espa\u00f1ol.\" src=\"https:\/\/m.media-amazon.com\/images\/S\/aplus-media-library-service-media\/4c0beb57-c35e-43fd-afdf-7af40a53c126.__CR0,0,362,453_PT0_SX362_V1___.jpg\">  <\/p>\n<h3> Refrigeraci\u00f3n de servidores <\/h3>\n<p class=\"apm-brand-story-stores-link\">\n<p>                                              <img decoding=\"async\" alt=\"El texto dice \u00abINTERFACES T\u00c9RMICAS\u00bb. Diagrama t\u00e9cnico que muestra el material de interfaz t\u00e9rmica MX-7 con el logotipo de Arctic. M\u00faltiples vistas de escenarios de aplicaci\u00f3n de pasta o almohadilla t\u00e9rmica delgada.\" src=\"https:\/\/images-na.ssl-images-amazon.com\/images\/G\/01\/x-locale\/common\/grey-pixel.gif\" class=\"a-lazy-loaded\" data-src=\"https:\/\/m.media-amazon.com\/images\/S\/aplus-media-library-service-media\/68f851be-d58f-4a38-a196-1d2c76cd91f2.__CR0,0,362,453_PT0_SX362_V1___.jpg\"><img decoding=\"async\" alt=\"El texto dice \u00abINTERFACES T\u00c9RMICAS\u00bb. Diagrama t\u00e9cnico que muestra el material de interfaz t\u00e9rmica MX-7 con el logotipo de Arctic. M\u00faltiples vistas de escenarios de aplicaci\u00f3n de pasta o almohadilla t\u00e9rmica delgada.\" src=\"https:\/\/m.media-amazon.com\/images\/S\/aplus-media-library-service-media\/68f851be-d58f-4a38-a196-1d2c76cd91f2.__CR0,0,362,453_PT0_SX362_V1___.jpg\">  <\/p>\n<h3> Interfaz t\u00e9rmica <\/h3>\n<p class=\"apm-brand-story-stores-link\">\n<p>                                              <img decoding=\"async\" alt=\"ARCTIC\" src=\"https:\/\/images-na.ssl-images-amazon.com\/images\/G\/01\/x-locale\/common\/grey-pixel.gif\" class=\"a-lazy-loaded\" data-src=\"https:\/\/m.media-amazon.com\/images\/S\/aplus-media-library-service-media\/4ddc947f-8abb-4794-ae8e-4519beaf86aa.__CR0,0,362,453_PT0_SX362_V1___.jpg\"><img decoding=\"async\" alt=\"ARCTIC\" src=\"https:\/\/m.media-amazon.com\/images\/S\/aplus-media-library-service-media\/4ddc947f-8abb-4794-ae8e-4519beaf86aa.__CR0,0,362,453_PT0_SX362_V1___.jpg\">  <\/p>\n<h3> Flexibilidad y ergonom\u00eda <\/h3>\n<p class=\"apm-brand-story-stores-link\">\n<p>                                              <img decoding=\"async\" alt=\"ARCTIC\" src=\"https:\/\/images-na.ssl-images-amazon.com\/images\/G\/01\/x-locale\/common\/grey-pixel.gif\" class=\"a-lazy-loaded\" data-src=\"https:\/\/m.media-amazon.com\/images\/S\/aplus-media-library-service-media\/018d8de7-947f-46d3-ae23-c223dd7cc2ef.__CR0,0,362,453_PT0_SX362_V1___.jpg\"><img decoding=\"async\" alt=\"ARCTIC\" src=\"https:\/\/m.media-amazon.com\/images\/S\/aplus-media-library-service-media\/018d8de7-947f-46d3-ae23-c223dd7cc2ef.__CR0,0,362,453_PT0_SX362_V1___.jpg\">  <\/p>\n<h3> Los accesorios adecuados <\/h3>\n<p class=\"apm-brand-story-stores-link\">\n<p> Product Dimensions                                            \u200f                                            :                                            \u200e                                            39.88 x 11.94 x 7.37 cm; 2.02 kg   <br \/> Manufacturer                                            \u200f                                            :                                            \u200e                                            ARCTIC   <br \/> ASIN                                            \u200f                                            :                                            \u200e                                            B0DLWFCVSD   <br \/> Item model number                                            \u200f                                            :                                            \u200e                                            LFIII Pro 360 A-RGB nero   <br \/> Country of origin                                            \u200f                                            :                                            \u200e                                            China   <br \/> Guaranteed software updates until                                            \u200f                                            :                                            \u200e                                            unknown   <br \/>  Customer reviews:                                                                                            4.5               4.5 out of 5 stars                                  (3,758)                                              var dpAcrHasRegisteredArcLinkClickAction;                    P.when(&#8216;A&#8217;, &#8216;ready&#8217;).execute(function(A) {                        if (dpAcrHasRegisteredArcLinkClickAction !== true) {                            dpAcrHasRegisteredArcLinkClickAction = true;                            A.declarative(                                &#8216;acrLink-click-metrics&#8217;, &#8216;click&#8217;,                                { \u00aballowLinkDefault\u00bb: true },                                function (event) {                                    if (window.ue) {                                        ue.count(\u00abacrLinkClickCount\u00bb, (ue.count(\u00abacrLinkClickCount\u00bb) || 0) + 1);                                    }                                }                            );                        }                    });                                             P.when(&#8216;A&#8217;, &#8216;cf&#8217;).execute(function(A) {                A.declarative(&#8216;acrStarsLink-click-metrics&#8217;, &#8216;click&#8217;, { \u00aballowLinkDefault\u00bb : true },  function(event){                    if(window.ue) {                        ue.count(\u00abacrStarsLinkWithPopoverClickCount\u00bb, (ue.count(\u00abacrStarsLinkWithPopoverClickCount\u00bb) || 0) + 1);                    }                });            });                          <\/p>\n<p>CONTACT FRAME FOR INTEL LGA1851 | LGA1700: Optimized contact pressure distribution for longer CPU life and better heat dissipation<br \/>ARCTIC P12 PRO FAN &#8211; More power at any speed. More powerful and quiet than the P12, especially at low speeds. Higher top speed for optimal cooling performance at high loads<br \/>NATIVES OFFSET MOUNTING FOR INTEL AND AMD: Moving the center of the cold plate towards the CPU hot spot ensures more efficient heat transfer<br \/>INTEGRATED VRM FAN: PWM-controlled fan reduces the temperature of voltage converters and thus ensures reliable performance<br \/>INTEGRATED CABLE MANAGEMENT: The PWM cables of the radiator fans are integrated into the hose liner, so that only one visible cable is connected to the motherboard<\/p>\n\n","protected":false},"excerpt":{"rendered":"<p> From the brand Un fabricante de componentes y disipadores para PC que ha iniciado e<\/p>","protected":false},"featured_media":25210,"comment_status":"open","ping_status":"closed","template":"","meta":[],"product_brand":[],"product_cat":[65],"product_tag":[2003,2005,7457,7456,3683,3316,530,2880,1568,2013,307,1998,2015,3313,989,2009,598,910,1573,2697,2011,1647,562,7458,677,2000,163,4286,2023,2007,5204,2001,5311],"class_list":{"0":"post-25209","1":"product","2":"type-product","3":"status-publish","4":"has-post-thumbnail","6":"product_cat-case-fan","7":"product_tag-120mm-case-fan","8":"product_tag-140mm-case-fan","9":"product_tag-38mm","10":"product_tag-3x120mm","11":"product_tag-aio","12":"product_tag-am5am4","13":"product_tag-amd","14":"product_tag-arctic","15":"product_tag-argb","16":"product_tag-best-case-fan","17":"product_tag-black","18":"product_tag-case-fan","19":"product_tag-computer-cooling-fan","20":"product_tag-contact","21":"product_tag-cooling","22":"product_tag-cooling-fan-for-pc","23":"product_tag-cpu","24":"product_tag-fan","25":"product_tag-frame","26":"product_tag-freezer","27":"product_tag-high-airflow-case-fan","28":"product_tag-iii","29":"product_tag-intel","30":"product_tag-lga18511700","31":"product_tag-liquid","32":"product_tag-pc-case-fan","33":"product_tag-pro","34":"product_tag-pump","35":"product_tag-pwm","36":"product_tag-quiet-case-fan","37":"product_tag-radiator","38":"product_tag-rgb-case-fan","39":"product_tag-vrm","41":"first","42":"instock","43":"sale","44":"shipping-taxable","45":"product-type-external"},"_links":{"self":[{"href":"https:\/\/comprasyconsejos.store\/en\/wp-json\/wp\/v2\/product\/25209","targetHints":{"allow":["GET"]}}],"collection":[{"href":"https:\/\/comprasyconsejos.store\/en\/wp-json\/wp\/v2\/product"}],"about":[{"href":"https:\/\/comprasyconsejos.store\/en\/wp-json\/wp\/v2\/types\/product"}],"replies":[{"embeddable":true,"href":"https:\/\/comprasyconsejos.store\/en\/wp-json\/wp\/v2\/comments?post=25209"}],"version-history":[{"count":0,"href":"https:\/\/comprasyconsejos.store\/en\/wp-json\/wp\/v2\/product\/25209\/revisions"}],"wp:featuredmedia":[{"embeddable":true,"href":"https:\/\/comprasyconsejos.store\/en\/wp-json\/wp\/v2\/media\/25210"}],"wp:attachment":[{"href":"https:\/\/comprasyconsejos.store\/en\/wp-json\/wp\/v2\/media?parent=25209"}],"wp:term":[{"taxonomy":"product_brand","embeddable":true,"href":"https:\/\/comprasyconsejos.store\/en\/wp-json\/wp\/v2\/product_brand?post=25209"},{"taxonomy":"product_cat","embeddable":true,"href":"https:\/\/comprasyconsejos.store\/en\/wp-json\/wp\/v2\/product_cat?post=25209"},{"taxonomy":"product_tag","embeddable":true,"href":"https:\/\/comprasyconsejos.store\/en\/wp-json\/wp\/v2\/product_tag?post=25209"}],"curies":[{"name":"wp","href":"https:\/\/api.w.org\/{rel}","templated":true}]}}