{"id":25270,"date":"2026-02-19T14:01:44","date_gmt":"2026-02-19T14:01:44","guid":{"rendered":"https:\/\/comprasyconsejos.store\/product\/lenovo-legion-r24s-fhd-23-8-gaming-monitor-ips-144hz-refresh-rate-1ms-mprt-response-time-169-hdmi-2-1-dp-1-2-vesa-mediasync-amd-freesync-tilt-stand-black\/"},"modified":"2026-02-19T14:02:01","modified_gmt":"2026-02-19T14:02:01","slug":"lenovo-legion-r24s-fhd-23-8-gaming-monitor-ips-144hz-refresh-rate-1ms-mprt-response-time-169-hdmi-2-1-dp-1-2-vesa-mediasync-amd-freesync-tilt-stand-black","status":"publish","type":"product","link":"https:\/\/comprasyconsejos.store\/en\/product\/lenovo-legion-r24s-fhd-23-8-gaming-monitor-ips-144hz-refresh-rate-1ms-mprt-response-time-169-hdmi-2-1-dp-1-2-vesa-mediasync-amd-freesync-tilt-stand-black\/","title":{"rendered":"Lenovo Legion R24s &#8211; FHD 23.8&#8243; Gaming Monitor (IPS, 144Hz Refresh Rate, 1ms MPRT Response Time, 16:9, HDMI 2.1 + DP 1.2, VESA MediaSync &#8211; AMD FreeSync, Tilt Stand) &#8211; Black"},"content":{"rendered":"<p>Price: <span style=\"color:#b12704\"><del>\u20ac129.99<\/del> - \u20ac74.99<\/span><br \/><i><small>(as of Feb 19, 2026 14:01:45 UTC &#8211; <span class=\"wp_automatic_amazon_disclaimer\" title=\"Product prices and availability are accurate as of the date\/time indicated and are subject to change. Any price and availability information displayed on [relevant Amazon Site(s), as applicable] at the time of purchase will apply to the purchase of this product.\">Details<\/span>)<\/small><\/i><\/p>\n<p><a href=\"https:\/\/amazon.es\/dp\/B0F8DL9P1K?tag=man008-21\"><img decoding=\"async\" src=\"https:\/\/valvepress.s3.amazonaws.com\/imgs\/buy_now.png\"><\/a><br \/>\n<\/p>\n<p>                                             From the manufacturer   <\/p>\n<p>                                                                     Lenovo Legion R24s &#8211; \u00a1Eleva la emoci\u00f3n del juego!                                            <img decoding=\"async\" alt=\"aplus content image\" src=\"https:\/\/images-na.ssl-images-amazon.com\/images\/G\/01\/x-locale\/common\/grey-pixel.gif\" class=\"a-lazy-loaded\" data-src=\"https:\/\/m.media-amazon.com\/images\/S\/aplus-media-library-service-media\/d131a7e6-75d3-4eac-a419-2f405ad2f664.__CR0,0,1464,600_PT0_SX1464_V1___.jpg\"><img decoding=\"async\" alt=\"aplus content image\" src=\"https:\/\/m.media-amazon.com\/images\/S\/aplus-media-library-service-media\/d131a7e6-75d3-4eac-a419-2f405ad2f664.__CR0,0,1464,600_PT0_SX1464_V1___.jpg\">                                               <\/p>\n<p>                                                                                                       <img decoding=\"async\" alt=\"El texto dice \u00abIm\u00e1genes que te sumergir\u00e1n en el juego\u00bb. Serie de im\u00e1genes promocionales relacionadas con juegos con efectos de iluminaci\u00f3n azul y equipo de juego.\" src=\"https:\/\/images-na.ssl-images-amazon.com\/images\/G\/01\/x-locale\/common\/grey-pixel.gif\" class=\"a-lazy-loaded\" data-src=\"https:\/\/m.media-amazon.com\/images\/S\/aplus-media-library-service-media\/b6e216a2-dea0-4e1c-b016-689df28b5fe3.__CR0,0,1464,600_PT0_SX1464_V1___.jpg\"><img decoding=\"async\" alt=\"El texto dice \u00abIm\u00e1genes que te sumergir\u00e1n en el juego\u00bb. Serie de im\u00e1genes promocionales relacionadas con juegos con efectos de iluminaci\u00f3n azul y equipo de juego.\" src=\"https:\/\/m.media-amazon.com\/images\/S\/aplus-media-library-service-media\/b6e216a2-dea0-4e1c-b016-689df28b5fe3.__CR0,0,1464,600_PT0_SX1464_V1___.jpg\">                                               <\/p>\n<p>                                                                                                                    <img decoding=\"async\" alt=\"aplus content image\" src=\"https:\/\/m.media-amazon.com\/images\/S\/aplus-media-library-service-media\/d0f5e39f-fc58-4029-ae85-b72811a4e5b8.__CR0,0,1464,600_PT0_SX1464_V1___.jpg\">                                                    <img decoding=\"async\" alt=\"El texto dice \u00abImpresi\u00f3n de gas en columna\u00bb. Composiciones de escenas nocturnas que muestran siluetas sobre espectaculares fondos de cielo azul y rojo con efectos de iluminaci\u00f3n atmosf\u00e9ricos.\" src=\"https:\/\/m.media-amazon.com\/images\/S\/aplus-media-library-service-media\/de5cadb6-f5cd-4d15-81b8-843874474837.__CR0,0,1464,600_PT0_SX1464_V1___.jpg\">                                                    <img decoding=\"async\" alt=\"aplus content image\" src=\"https:\/\/m.media-amazon.com\/images\/S\/aplus-media-library-service-media\/73f310ee-7677-4c56-a79f-3be7ab05e2ad.__CR0,0,1464,600_PT0_SX1464_V1___.jpg\">                                                    <img decoding=\"async\" alt=\"aplus content image\" src=\"https:\/\/m.media-amazon.com\/images\/S\/aplus-media-library-service-media\/68ec5b7e-3669-4fb1-b2db-0b840aff3551.__CR0,0,1464,600_PT0_SX1464_V1___.jpg\">                                                    <img decoding=\"async\" alt=\"aplus content image\" src=\"https:\/\/m.media-amazon.com\/images\/S\/aplus-media-library-service-media\/3f35e847-ea67-44de-a7df-48d450fbd0e6.__CR0,0,1464,600_PT0_SX1464_V1___.jpg\"><br \/>\n                            1 Tasa de refresco 144 Hz <\/p>\n<p>                            2 Gama de Color 99% sRGB <\/p>\n<p>                            3 Protecci\u00f3n visual <\/p>\n<p>                            4 Soporte inclinable  <\/p>\n<p>                            5 Pantalla 23.8&#8243; FHD  <\/p>\n<p>                                                                                                       <img decoding=\"async\" alt=\"aplus content image\" src=\"https:\/\/images-na.ssl-images-amazon.com\/images\/G\/01\/x-locale\/common\/grey-pixel.gif\" class=\"a-lazy-loaded\" data-src=\"https:\/\/m.media-amazon.com\/images\/S\/aplus-media-library-service-media\/346c025c-6d81-404e-95c0-1f20be13efd4.__CR0,0,1464,600_PT0_SX1464_V1___.jpg\"><img decoding=\"async\" alt=\"aplus content image\" src=\"https:\/\/m.media-amazon.com\/images\/S\/aplus-media-library-service-media\/346c025c-6d81-404e-95c0-1f20be13efd4.__CR0,0,1464,600_PT0_SX1464_V1___.jpg\">                                               <\/p>\n<h3 class=\"a-size-extra-large a-spacing-base a-text-center\"> Especificaciones especiales <\/h3>\n<p>                                                        Tama\u00f1o de la pantalla                                     23,8&#8243;                                        Panel                                    IPS                                        Relaci\u00f3n de aspecto                                     16:9                                        Resoluci\u00f3n                                     1920&#215;1080                                        \u00c1ngulo de visi\u00f3n                                    178\u00b0 \/ 178\u00b0 (H\/V)                                        Tiempo de respuesta                                     1 ms (MPRT)                                        Tasa de refresco                                    144 Hz                                        Brillo de pantalla                                    250 cd\/m\u00b2                                                         Gama de colores                                     99 % sRGB                                        Superficie de la pantalla                                    Antideslumbrante                                        Soporte del monitor                                    Inclinable -5\u00b0 \/ 22\u00b0                                        Montaje                                    Admite montaje VESA 100 x 100 mm                                        Conector de v\u00eddeo                                     1x HDMI 2.1 TMDS, 1x DP 1.2                                        Tecnlog\u00eda de sincronizaci\u00f3n                                    VESA MediaSync &#8211;  AMD FreeSync                                        Cumple con                                    RoHS, EU Energy Efficiency Level                                         Otras caracter\u00edsticas                                    Cumplimiento de HDR10, compatibilidad con Lenovo Artery, soporte para consolas de juegos                     <\/p>\n<p> Language                                            \u200f                                            :                                            \u200e                                            Spanish   <br \/> Product Dimensions                                            \u200f                                            :                                            \u200e                                            53.91 x 18.47 x 43.23 cm; 3.1 kg   <br \/> Manufacturer                                            \u200f                                            :                                            \u200e                                            Lenovo   <br \/> ASIN                                            \u200f                                            :                                            \u200e                                            B0F8DL9P1K   <br \/> Item model number                                            \u200f                                            :                                            \u200e                                            68CBGAC2EU   <br \/> Country of origin                                            \u200f                                            :                                            \u200e                                            China   <br \/> Guaranteed software updates until                                            \u200f                                            :                                            \u200e                                            unknown   <br \/>  Customer reviews:                                                                                            5.0               5.0 out of 5 stars                                  (13)                                              var dpAcrHasRegisteredArcLinkClickAction;                    P.when(&#8216;A&#8217;, &#8216;ready&#8217;).execute(function(A) {                        if (dpAcrHasRegisteredArcLinkClickAction !== true) {                            dpAcrHasRegisteredArcLinkClickAction = true;                            A.declarative(                                &#8216;acrLink-click-metrics&#8217;, &#8216;click&#8217;,                                { \u00aballowLinkDefault\u00bb: true },                                function (event) {                                    if (window.ue) {                                        ue.count(\u00abacrLinkClickCount\u00bb, (ue.count(\u00abacrLinkClickCount\u00bb) || 0) + 1);                                    }                                }                            );                        }                    });                                             P.when(&#8216;A&#8217;, &#8216;cf&#8217;).execute(function(A) {                A.declarative(&#8216;acrStarsLink-click-metrics&#8217;, &#8216;click&#8217;, { \u00aballowLinkDefault\u00bb : true },  function(event){                    if(window.ue) {                        ue.count(\u00abacrStarsLinkWithPopoverClickCount\u00bb, (ue.count(\u00abacrStarsLinkWithPopoverClickCount\u00bb) || 0) + 1);                    }                });            });                          <\/p>\n<p>Visualize the action: The 23.8&#8243; Full HD IPS display, 16:9 aspect ratio and ultra-thin 3 sides make every game an odyssey with high clarity, detail in the action and better viewing to take on any challenge<br \/>Live the speed: Enjoy greater fluidity thanks to its 144Hz refresh rate and 1ms MPRT response time, reducing blur and eliminating ghosting giving you greater accuracy and immersion in competitive gaming<br \/>Connect easy: Optimize your gaming setup or content creation with HDMI 2.1 and DP 1.2 ports, designed for high refresh rates and high-resolution content ensuring fast and stable data transmissions<br \/>Immerse yourself in color: Delight in the realism of new scenarios with the 99% sRGB coverage rating and 111% sRGB area and enjoy high color fidelity and better contrast in dark scenes for greater advantage in front of your opponents<br \/>Seamless imaging: VESA MediaSync and AMD FreeSync technologies allow you to dynamically adjust your refresh rate with in-game FPS ensuring smooth, pause-free transitions for greater real-time effectiveness<\/p>\n\n","protected":false},"excerpt":{"rendered":"<p> From the manufacturer Lenovo Legion R24s &#8211; \u00a1Eleva la emoci\u00f3n del juego! 1 Tasa de<\/p>","protected":false},"featured_media":25271,"comment_status":"open","ping_status":"closed","template":"","meta":[],"product_brand":[],"product_cat":[54],"product_tag":[853,1791,1918,530,1789,307,1787,1788,1792,1784,1786,1783,1790,639,1922,617,544,703,5271,1054,7477,844,2267,7476,1794,1793,3863,227,1183,3101,1785,2342],"class_list":{"0":"post-25270","1":"product","2":"type-product","3":"status-publish","4":"has-post-thumbnail","6":"product_cat-curved-monitors","7":"product_tag-144hz","8":"product_tag-144hz-curved-monitor","9":"product_tag-1ms","10":"product_tag-amd","11":"product_tag-best-curved-monitor","12":"product_tag-black","13":"product_tag-curved-27-inch-monitor","14":"product_tag-curved-32-inch-monitor","15":"product_tag-curved-computer-monitor","16":"product_tag-curved-gaming-monitor","17":"product_tag-curved-led-monitor","18":"product_tag-curved-monitor","19":"product_tag-curved-monitor-price","20":"product_tag-fhd","21":"product_tag-freesync","22":"product_tag-gaming","23":"product_tag-hdmi","24":"product_tag-ips","25":"product_tag-legion","26":"product_tag-lenovo","27":"product_tag-mediasync","28":"product_tag-monitor","29":"product_tag-mprt","30":"product_tag-r24s","31":"product_tag-rate","32":"product_tag-refresh","33":"product_tag-response","34":"product_tag-stand","35":"product_tag-tilt","36":"product_tag-time","37":"product_tag-ultrawide-curved-monitor","38":"product_tag-vesa","40":"first","41":"instock","42":"sale","43":"shipping-taxable","44":"product-type-external"},"_links":{"self":[{"href":"https:\/\/comprasyconsejos.store\/en\/wp-json\/wp\/v2\/product\/25270","targetHints":{"allow":["GET"]}}],"collection":[{"href":"https:\/\/comprasyconsejos.store\/en\/wp-json\/wp\/v2\/product"}],"about":[{"href":"https:\/\/comprasyconsejos.store\/en\/wp-json\/wp\/v2\/types\/product"}],"replies":[{"embeddable":true,"href":"https:\/\/comprasyconsejos.store\/en\/wp-json\/wp\/v2\/comments?post=25270"}],"version-history":[{"count":0,"href":"https:\/\/comprasyconsejos.store\/en\/wp-json\/wp\/v2\/product\/25270\/revisions"}],"wp:featuredmedia":[{"embeddable":true,"href":"https:\/\/comprasyconsejos.store\/en\/wp-json\/wp\/v2\/media\/25271"}],"wp:attachment":[{"href":"https:\/\/comprasyconsejos.store\/en\/wp-json\/wp\/v2\/media?parent=25270"}],"wp:term":[{"taxonomy":"product_brand","embeddable":true,"href":"https:\/\/comprasyconsejos.store\/en\/wp-json\/wp\/v2\/product_brand?post=25270"},{"taxonomy":"product_cat","embeddable":true,"href":"https:\/\/comprasyconsejos.store\/en\/wp-json\/wp\/v2\/product_cat?post=25270"},{"taxonomy":"product_tag","embeddable":true,"href":"https:\/\/comprasyconsejos.store\/en\/wp-json\/wp\/v2\/product_tag?post=25270"}],"curies":[{"name":"wp","href":"https:\/\/api.w.org\/{rel}","templated":true}]}}