{"id":25293,"date":"2026-02-19T14:09:21","date_gmt":"2026-02-19T14:09:21","guid":{"rendered":"https:\/\/comprasyconsejos.store\/product\/portable-washing-machines-mini-rechargeable-1l-capacity-for-underwear-socks-and-baby-clothes-washing-with-long-lasting-battery-ideal-for-travel-and-small-spaces\/"},"modified":"2026-02-19T14:09:32","modified_gmt":"2026-02-19T14:09:32","slug":"portable-washing-machines-mini-rechargeable-1l-capacity-for-underwear-socks-and-baby-clothes-washing-with-long-lasting-battery-ideal-for-travel-and-small-spaces","status":"publish","type":"product","link":"https:\/\/comprasyconsejos.store\/en\/product\/portable-washing-machines-mini-rechargeable-1l-capacity-for-underwear-socks-and-baby-clothes-washing-with-long-lasting-battery-ideal-for-travel-and-small-spaces\/","title":{"rendered":"Portable Washing Machines Mini Rechargeable, 1L Capacity for Underwear, Socks and Baby Clothes, Washing with Long Lasting Battery, Ideal for Travel and Small Spaces"},"content":{"rendered":"<p>Price: <span style=\"color:#b12704\">\u20ac20.64<\/span><br \/><i><small>(as of Feb 19, 2026 14:09:21 UTC &#8211; <span class=\"wp_automatic_amazon_disclaimer\" title=\"Product prices and availability are accurate as of the date\/time indicated and are subject to change. Any price and availability information displayed on [relevant Amazon Site(s), as applicable] at the time of purchase will apply to the purchase of this product.\">Details<\/span>)<\/small><\/i><\/p>\n<p><a href=\"https:\/\/amazon.es\/dp\/B0G941STX2?tag=man008-21\"><img decoding=\"async\" src=\"https:\/\/valvepress.s3.amazonaws.com\/imgs\/buy_now.png\"><\/a><br \/>\n<\/p>\n<p>                                             Product Description   <\/p>\n<h3 class=\"a-spacing-mini\"> De Ropa Interior <\/h3>\n<p>                                          <img decoding=\"async\" alt=\"De Ropa Interior\" src=\"https:\/\/images-na.ssl-images-amazon.com\/images\/G\/01\/x-locale\/common\/grey-pixel.gif\" class=\"a-spacing-base a-lazy-loaded\" data-src=\"https:\/\/m.media-amazon.com\/images\/S\/aplus-media-library-service-media\/cdde2ea9-7cca-4789-99a2-db2262e0498c.__CR0,0,970,600_PT0_SX970_V1___.jpg\"><img decoding=\"async\" alt=\"De Ropa Interior\" src=\"https:\/\/m.media-amazon.com\/images\/S\/aplus-media-library-service-media\/cdde2ea9-7cca-4789-99a2-db2262e0498c.__CR0,0,970,600_PT0_SX970_V1___.jpg\">                                         <\/p>\n<h3 class=\"a-spacing-mini\"> Eficiente <\/h3>\n<p class=\"a-spacing-base\"> Experimente un lavado sin esfuerzo con un dise\u00f1o de botones f\u00e1cil de manejar, para un proceso intuitivo y conveniente de ropa interior sin complicaciones <\/p>\n<h3 class=\"a-spacing-small\"> De Ropa Interior <\/h3>\n<p class=\"apm-text-center\">\n                                                      <img decoding=\"async\" alt=\"Eficiente\" src=\"https:\/\/images-na.ssl-images-amazon.com\/images\/G\/01\/x-locale\/common\/grey-pixel.gif\" class=\"a-spacing-mini a-lazy-loaded\" data-src=\"https:\/\/m.media-amazon.com\/images\/S\/aplus-media-library-service-media\/5360bbc3-29bd-4cbe-ab4d-a64fd41b8027.__CR0,0,1600,1600_PT0_SX300_V1___.jpg\"><img decoding=\"async\" alt=\"Eficiente\" src=\"https:\/\/m.media-amazon.com\/images\/S\/aplus-media-library-service-media\/5360bbc3-29bd-4cbe-ab4d-a64fd41b8027.__CR0,0,1600,1600_PT0_SX300_V1___.jpg\">  <\/p>\n<p>                                                    Eficiente                                       <\/p>\n<p> Experimente un lavado sin esfuerzo con un dise\u00f1o de botones f\u00e1cil de manejar, para un proceso intuitivo y conveniente de ropa interior sin complicaciones <\/p>\n<p class=\"apm-text-center\">\n                                                      <img decoding=\"async\" alt=\"Cuidado delicado\" src=\"https:\/\/images-na.ssl-images-amazon.com\/images\/G\/01\/x-locale\/common\/grey-pixel.gif\" class=\"a-spacing-mini a-lazy-loaded\" data-src=\"https:\/\/m.media-amazon.com\/images\/S\/aplus-media-library-service-media\/5c56b2f4-7c4b-4506-aff2-6494aff07bc7.__CR0,0,1600,1600_PT0_SX300_V1___.jpg\"><img decoding=\"async\" alt=\"Cuidado delicado\" src=\"https:\/\/m.media-amazon.com\/images\/S\/aplus-media-library-service-media\/5c56b2f4-7c4b-4506-aff2-6494aff07bc7.__CR0,0,1600,1600_PT0_SX300_V1___.jpg\">  <\/p>\n<p>                                                    Cuidado delicado                                       <\/p>\n<p> Con tecnolog\u00eda de lavado manual 360, esta compacta elimina manchas eficazmente con suavidad, ideal para sujetadores y prendas \u00edntimas de tejidos delicados sin da\u00f1arlos <\/p>\n<p class=\"apm-text-center\">\n                                                      <img decoding=\"async\" alt=\"Ayuda Higi\u00e9nica Ligera\" src=\"https:\/\/images-na.ssl-images-amazon.com\/images\/G\/01\/x-locale\/common\/grey-pixel.gif\" class=\"a-spacing-mini a-lazy-loaded\" data-src=\"https:\/\/m.media-amazon.com\/images\/S\/aplus-media-library-service-media\/1cc1a882-5f1d-49de-a597-f4c7049caa80.__CR0,0,1600,1600_PT0_SX300_V1___.jpg\"><img decoding=\"async\" alt=\"Ayuda Higi\u00e9nica Ligera\" src=\"https:\/\/m.media-amazon.com\/images\/S\/aplus-media-library-service-media\/1cc1a882-5f1d-49de-a597-f4c7049caa80.__CR0,0,1600,1600_PT0_SX300_V1___.jpg\">  <\/p>\n<p>                                                    Ayuda Higi\u00e9nica Ligera                                       <\/p>\n<p> Ideal para propietarios autocaravanas y campistas. Soluci\u00f3n lavado f\u00e1cil de transportar con material PP higi\u00e9nico y almacenamiento vertical inteligente para adaptarse a espacios limitados en veh\u00edculos o tiendas. <\/p>\n<p>                                                  <img decoding=\"async\" alt=\"De Ropa Interior\" src=\"https:\/\/images-na.ssl-images-amazon.com\/images\/G\/01\/x-locale\/common\/grey-pixel.gif\" class=\"a-lazy-loaded\" data-src=\"https:\/\/m.media-amazon.com\/images\/S\/aplus-media-library-service-media\/aa8c646e-d061-4960-bc75-6d3b1b78ac38.__CR0,0,1600,1600_PT0_SX300_V1___.jpg\"><img decoding=\"async\" alt=\"De Ropa Interior\" src=\"https:\/\/m.media-amazon.com\/images\/S\/aplus-media-library-service-media\/aa8c646e-d061-4960-bc75-6d3b1b78ac38.__CR0,0,1600,1600_PT0_SX300_V1___.jpg\">  <\/p>\n<h3 class=\"a-spacing-mini\"> De Ropa Interior <\/h3>\n<p> Dise\u00f1ada para brindar comodidad, esta de ropa interior de 1 litro proporciona una limpieza profunda para ropa interior, calcetines, prendas de ni\u00f1os peque\u00f1os y art\u00edculos para mascotas. Gracias a su funci\u00f3n recargable y sus dos modos de limpieza, ofrece un lavado completo. Perfecta como electrodom\u00e9stico port\u00e1til, se bien a apartamentos, residencias universitarias, hoteles, autocaravanas, viajes de campamento y ba\u00f1os peque\u00f1os donde el espacio es limitado. <\/p>\n<p> Presupuesto: <\/p>\n<p> Material: PP <\/p>\n<p> Tama\u00f1o del producto: aproximadamente 20x13x13cm\/7.87&#215;5.12&#215;5.12 pulgadas <\/p>\n<p> Peso del producto: alrededor de 580 g <\/p>\n<p> Lista de embalaje: <\/p>\n<p> 1 piezas * de ropa interior <\/p>\n<p> Nota: <\/p>\n<p> Debido a diferentes configuraciones de iluminaci\u00f3n y pantalla, el color del elemento puede ser ligeramente diferente de la imagen. <\/p>\n<p> Debido a diferentes mediciones de manube, permita una diferencia de tama\u00f1o de 1-2 cm. <\/p>\n<p> Product Dimensions                                            \u200f                                            :                                            \u200e                                            13.9 x 14 x 13.9 cm; 541 g   <br \/> Date First Available                                            \u200f                                            :                                            \u200e                                            19 Dec. 2025   <br \/> Manufacturer                                            \u200f                                            :                                            \u200e                                            Liakyunf   <br \/> ASIN                                            \u200f                                            :                                            \u200e                                            B0G941STX2   <br \/> Item model number                                            \u200f                                            :                                            \u200e                                            XVPDL17JV6VFOA68PD   <br \/> Country of origin                                            \u200f                                            :                                            \u200e                                            China   <br \/>       Best Sellers Rank:  8,246 in Large Appliances (See Top 100 in Large Appliances)    232 in Washing Machines      <br \/>  Customer reviews:                                                                                            1.0               1.0 out of 5 stars                                  (2)                                              var dpAcrHasRegisteredArcLinkClickAction;                    P.when(&#8216;A&#8217;, &#8216;ready&#8217;).execute(function(A) {                        if (dpAcrHasRegisteredArcLinkClickAction !== true) {                            dpAcrHasRegisteredArcLinkClickAction = true;                            A.declarative(                                &#8216;acrLink-click-metrics&#8217;, &#8216;click&#8217;,                                { \u00aballowLinkDefault\u00bb: true },                                function (event) {                                    if (window.ue) {                                        ue.count(\u00abacrLinkClickCount\u00bb, (ue.count(\u00abacrLinkClickCount\u00bb) || 0) + 1);                                    }                                }                            );                        }                    });                                             P.when(&#8216;A&#8217;, &#8216;cf&#8217;).execute(function(A) {                A.declarative(&#8216;acrStarsLink-click-metrics&#8217;, &#8216;click&#8217;, { \u00aballowLinkDefault\u00bb : true },  function(event){                    if(window.ue) {                        ue.count(\u00abacrStarsLinkWithPopoverClickCount\u00bb, (ue.count(\u00abacrStarsLinkWithPopoverClickCount\u00bb) || 0) + 1);                    }                });            });                          <\/p>\n<p>Washing and compact for delicates: With a capacity of 1 liter and a washing motion, this mini washing machine is designed to effectively clean delicate garments such as underwear, bras, socks and baby clothes, helping to care for fabrics.<br \/>Ultra-portable and space-saving design: thanks to its small size (approx. 20x13x13cm) and light weight, can be easily stored under the sink, in a cupboard or in a suitcase. It is a practical solution for small spaces or to take on the go.<br \/>Rechargeable operation with long battery life: Equipped with a rechargeable battery, it offers the flexibility to use without being near a socket. It provides autonomy for washing sessions, being useful in outdoor situations or during travel.<br \/>Simple operation with intuitive controls: A buttoned control panel allows you to easily select wash and rinse modes. Handling is simple, making washing small garments a quick and hassle-free task.<br \/>Durable and easy to maintain material: Made with materials such as PP, it presents a construction that seeks to be durable for regular use. Its design also facilitates water emptying and basic maintenance after each use.<\/p>\n\n","protected":false},"excerpt":{"rendered":"<p> Product Description De Ropa Interior Eficiente Experimente un lavado sin esfuerzo con un dise\u00f1o de<\/p>","protected":false},"featured_media":25294,"comment_status":"open","ping_status":"closed","template":"","meta":[],"product_brand":[],"product_cat":[82],"product_tag":[1838,2691,292,2700,2692,1839,1830,1833,1093,1831,1261,180,7481,1836,215,290,1149,1835,293,1832,2693,7482,240,2690,1837,2346,1834],"class_list":{"0":"post-25293","1":"product","2":"type-product","3":"status-publish","4":"has-post-thumbnail","6":"product_cat-home-appliance","7":"product_tag-air-conditioners","8":"product_tag-baby","9":"product_tag-battery","10":"product_tag-capacity","11":"product_tag-clothes","12":"product_tag-home-appliance-deals","13":"product_tag-home-appliances","14":"product_tag-home-electronics","15":"product_tag-ideal","16":"product_tag-kitchen-appliances","17":"product_tag-lasting","18":"product_tag-long","19":"product_tag-machines","20":"product_tag-microwave-ovens","21":"product_tag-mini","22":"product_tag-portable","23":"product_tag-rechargeable","24":"product_tag-refrigerators","25":"product_tag-small","26":"product_tag-small-home-appliances","27":"product_tag-socks","28":"product_tag-spaces","29":"product_tag-travel","30":"product_tag-underwear","31":"product_tag-vacuum-cleaners","32":"product_tag-washing","33":"product_tag-washing-machines","35":"first","36":"instock","37":"shipping-taxable","38":"product-type-external"},"_links":{"self":[{"href":"https:\/\/comprasyconsejos.store\/en\/wp-json\/wp\/v2\/product\/25293","targetHints":{"allow":["GET"]}}],"collection":[{"href":"https:\/\/comprasyconsejos.store\/en\/wp-json\/wp\/v2\/product"}],"about":[{"href":"https:\/\/comprasyconsejos.store\/en\/wp-json\/wp\/v2\/types\/product"}],"replies":[{"embeddable":true,"href":"https:\/\/comprasyconsejos.store\/en\/wp-json\/wp\/v2\/comments?post=25293"}],"version-history":[{"count":0,"href":"https:\/\/comprasyconsejos.store\/en\/wp-json\/wp\/v2\/product\/25293\/revisions"}],"wp:featuredmedia":[{"embeddable":true,"href":"https:\/\/comprasyconsejos.store\/en\/wp-json\/wp\/v2\/media\/25294"}],"wp:attachment":[{"href":"https:\/\/comprasyconsejos.store\/en\/wp-json\/wp\/v2\/media?parent=25293"}],"wp:term":[{"taxonomy":"product_brand","embeddable":true,"href":"https:\/\/comprasyconsejos.store\/en\/wp-json\/wp\/v2\/product_brand?post=25293"},{"taxonomy":"product_cat","embeddable":true,"href":"https:\/\/comprasyconsejos.store\/en\/wp-json\/wp\/v2\/product_cat?post=25293"},{"taxonomy":"product_tag","embeddable":true,"href":"https:\/\/comprasyconsejos.store\/en\/wp-json\/wp\/v2\/product_tag?post=25293"}],"curies":[{"name":"wp","href":"https:\/\/api.w.org\/{rel}","templated":true}]}}