{"id":25304,"date":"2026-02-19T14:10:26","date_gmt":"2026-02-19T14:10:26","guid":{"rendered":"https:\/\/comprasyconsejos.store\/product\/camcorder-with-video-camera-16x-1080p-30fps-vlogging-camera-recorder-with-2-7-inch-tft-rotatable-screen-fill-light-built-in-speaker-compatible-with-32-gb-for-black\/"},"modified":"2026-02-19T14:10:37","modified_gmt":"2026-02-19T14:10:37","slug":"camcorder-with-video-camera-16x-1080p-30fps-vlogging-camera-recorder-with-2-7-inch-tft-rotatable-screen-fill-light-built-in-speaker-compatible-with-32-gb-for-black","status":"publish","type":"product","link":"https:\/\/comprasyconsejos.store\/en\/product\/camcorder-with-video-camera-16x-1080p-30fps-vlogging-camera-recorder-with-2-7-inch-tft-rotatable-screen-fill-light-built-in-speaker-compatible-with-32-gb-for-black\/","title":{"rendered":"Camcorder with Video Camera, 16x 1080P 30FPS Vlogging Camera Recorder with 2.7 Inch TFT Rotatable Screen, Fill Light, Built-in Speaker, Compatible with 32 GB, for (Black)"},"content":{"rendered":"<p>Price: <span style=\"color:#b12704\"><del>\u20ac40.44<\/del> - \u20ac42.86<\/span><br \/><i><small>(as of Feb 19, 2026 14:10:26 UTC &#8211; <span class=\"wp_automatic_amazon_disclaimer\" title=\"Product prices and availability are accurate as of the date\/time indicated and are subject to change. Any price and availability information displayed on [relevant Amazon Site(s), as applicable] at the time of purchase will apply to the purchase of this product.\">Details<\/span>)<\/small><\/i><\/p>\n<p><a href=\"https:\/\/amazon.es\/dp\/B0C3BH3D53?tag=man008-21\"><img decoding=\"async\" src=\"https:\/\/valvepress.s3.amazonaws.com\/imgs\/buy_now.png\"><\/a><br \/>\n<\/p>\n<p>                                             Product Description   <\/p>\n<p>                                                                             <img decoding=\"async\" alt=\"2214230026411-1\" src=\"https:\/\/images-na.ssl-images-amazon.com\/images\/G\/01\/x-locale\/common\/grey-pixel.gif\" class=\"a-spacing-base a-lazy-loaded\" data-src=\"https:\/\/m.media-amazon.com\/images\/S\/aplus-media-library-service-media\/38d039ba-60db-4392-98af-aa091333632c.__CR0,0,970,600_PT0_SX970_V1___.jpg\"><img decoding=\"async\" alt=\"2214230026411-1\" src=\"https:\/\/m.media-amazon.com\/images\/S\/aplus-media-library-service-media\/38d039ba-60db-4392-98af-aa091333632c.__CR0,0,970,600_PT0_SX970_V1___.jpg\">                                         <\/p>\n<h3 class=\"a-spacing-mini\"> Videocmara con Cmara de Video, 16x 1080P 30FPS Vlogging Camera Recorder con Pantalla Giratoria TFT de 2,7 Pulgadas, Luz de Relleno, Altavoz Integrado, Compatible con 32 GB, para (Negro) <\/h3>\n<p>                                                  <img decoding=\"async\" alt=\"YT\" src=\"https:\/\/images-na.ssl-images-amazon.com\/images\/G\/01\/x-locale\/common\/grey-pixel.gif\" class=\"a-lazy-loaded\" data-src=\"https:\/\/m.media-amazon.com\/images\/S\/aplus-media-library-service-media\/5b796280-c787-4209-8b6f-1ec180e755f2.__CR0,0,300,300_PT0_SX300_V1___.jpg\"><img decoding=\"async\" alt=\"YT\" src=\"https:\/\/m.media-amazon.com\/images\/S\/aplus-media-library-service-media\/5b796280-c787-4209-8b6f-1ec180e755f2.__CR0,0,300,300_PT0_SX300_V1___.jpg\">  <\/p>\n<p>IDEAL: \u00a1Esta c\u00e1mara es un ideal para sus amigos y familiares, especialmente para los fot\u00f3grafos, diferentes c\u00e1maras brindan una experiencia diferente! <\/p>\n<p>ESCENARIOS APLICABLES: Uso de esta c\u00e1mara para capturar esos maravillosos momentos, registros de crecimiento del beb\u00e9, viajes, matrimonio, registros del campus, etc. <\/p>\n<p>GRAN CAPACIDAD: Esta c\u00e1mara admite tarjeta de almacenamiento 32G (no incluida). Y tiene una bater\u00eda de larga duraci\u00f3n para un largo tiempo de trabajo. <\/p>\n<p class=\"apm-text-center\">\n                                                      <img decoding=\"async\" alt=\"1\" src=\"https:\/\/images-na.ssl-images-amazon.com\/images\/G\/01\/x-locale\/common\/grey-pixel.gif\" class=\"a-spacing-mini a-lazy-loaded\" data-src=\"https:\/\/m.media-amazon.com\/images\/S\/aplus-media-library-service-media\/ffda7427-78fc-4061-b9ee-3f19551b855b.__CR0,0,300,300_PT0_SX300_V1___.jpg\"><img decoding=\"async\" alt=\"1\" src=\"https:\/\/m.media-amazon.com\/images\/S\/aplus-media-library-service-media\/ffda7427-78fc-4061-b9ee-3f19551b855b.__CR0,0,300,300_PT0_SX300_V1___.jpg\">  <\/p>\n<p class=\"apm-text-center\">\n                                                      <img decoding=\"async\" alt=\"2214230026411-2\" src=\"https:\/\/images-na.ssl-images-amazon.com\/images\/G\/01\/x-locale\/common\/grey-pixel.gif\" class=\"a-spacing-mini a-lazy-loaded\" data-src=\"https:\/\/m.media-amazon.com\/images\/S\/aplus-media-library-service-media\/3ae9ce94-5f5e-46db-bab6-931fa3a3a761.__CR0,0,300,300_PT0_SX300_V1___.jpg\"><img decoding=\"async\" alt=\"2214230026411-2\" src=\"https:\/\/m.media-amazon.com\/images\/S\/aplus-media-library-service-media\/3ae9ce94-5f5e-46db-bab6-931fa3a3a761.__CR0,0,300,300_PT0_SX300_V1___.jpg\">  <\/p>\n<p class=\"apm-text-center\">\n                                                      <img decoding=\"async\" alt=\"2214230026411-3\" src=\"https:\/\/images-na.ssl-images-amazon.com\/images\/G\/01\/x-locale\/common\/grey-pixel.gif\" class=\"a-spacing-mini a-lazy-loaded\" data-src=\"https:\/\/m.media-amazon.com\/images\/S\/aplus-media-library-service-media\/7812f0ab-1d65-498a-a81e-87531ea72218.__CR0,0,300,300_PT0_SX300_V1___.jpg\"><img decoding=\"async\" alt=\"2214230026411-3\" src=\"https:\/\/m.media-amazon.com\/images\/S\/aplus-media-library-service-media\/7812f0ab-1d65-498a-a81e-87531ea72218.__CR0,0,300,300_PT0_SX300_V1___.jpg\">  <\/p>\n<p class=\"apm-text-center\">\n                                                      <img decoding=\"async\" alt=\"1\" src=\"https:\/\/images-na.ssl-images-amazon.com\/images\/G\/01\/x-locale\/common\/grey-pixel.gif\" class=\"a-spacing-mini a-lazy-loaded\" data-src=\"https:\/\/m.media-amazon.com\/images\/S\/aplus-media-library-service-media\/813223fb-b916-47e5-8fee-af31522d109e.__CR0,0,300,300_PT0_SX300_V1___.jpg\"><img decoding=\"async\" alt=\"1\" src=\"https:\/\/m.media-amazon.com\/images\/S\/aplus-media-library-service-media\/813223fb-b916-47e5-8fee-af31522d109e.__CR0,0,300,300_PT0_SX300_V1___.jpg\">  <\/p>\n<p class=\"apm-text-center\">\n                                                      <img decoding=\"async\" alt=\"2214230026411-2\" src=\"https:\/\/images-na.ssl-images-amazon.com\/images\/G\/01\/x-locale\/common\/grey-pixel.gif\" class=\"a-spacing-mini a-lazy-loaded\" data-src=\"https:\/\/m.media-amazon.com\/images\/S\/aplus-media-library-service-media\/ebddad2f-4c98-4693-92b3-46410865f141.__CR0,0,300,300_PT0_SX300_V1___.jpg\"><img decoding=\"async\" alt=\"2214230026411-2\" src=\"https:\/\/m.media-amazon.com\/images\/S\/aplus-media-library-service-media\/ebddad2f-4c98-4693-92b3-46410865f141.__CR0,0,300,300_PT0_SX300_V1___.jpg\">  <\/p>\n<p class=\"apm-text-center\">\n                                                      <img decoding=\"async\" alt=\"2214230026411-3\" src=\"https:\/\/images-na.ssl-images-amazon.com\/images\/G\/01\/x-locale\/common\/grey-pixel.gif\" class=\"a-spacing-mini a-lazy-loaded\" data-src=\"https:\/\/m.media-amazon.com\/images\/S\/aplus-media-library-service-media\/2b04a5f0-a0b7-4b4e-9bda-a7d7c94d644d.__CR0,0,300,300_PT0_SX300_V1___.jpg\"><img decoding=\"async\" alt=\"2214230026411-3\" src=\"https:\/\/m.media-amazon.com\/images\/S\/aplus-media-library-service-media\/2b04a5f0-a0b7-4b4e-9bda-a7d7c94d644d.__CR0,0,300,300_PT0_SX300_V1___.jpg\">  <\/p>\n<p>  <\/p>\n<p>Especificaciones: <\/p>\n<p>Tipo de art\u00edculo: Videoc\u00e1mara <\/p>\n<p>Material: Pl\u00e1stico <\/p>\n<p>Resoluci\u00f3n de imagen: VGA, 1M, 5M, 12M, 16M <\/p>\n<p>Formato de imagen: JPG <\/p>\n<p>Resoluci\u00f3n de video: FHD (1920 x 1080), HD (1280 x 720), 640 x 480 <\/p>\n<p>Formato de video: AVI <\/p>\n<p>Tama\u00f1o de pantalla: 2,7 pulgadas <\/p>\n<p>Zoom digital: 16x <\/p>\n<p>Obturador: Electr\u00f3nico <\/p>\n<p>Temporizador autom\u00e1tico: 2 segundos 10 segundos <\/p>\n<p>Salida de TV: NTSC 30 fps, PAL 25 fps <\/p>\n<p>Almacenamiento: Admite tarjeta de memoria de 32 GB (no incluida) <\/p>\n<p>Bater\u00eda de la c\u00e1mara: 1 bater\u00eda de litio de 1020 mAh (incluida) <\/p>\n<p>  <\/p>\n<p>C\u00f3mo usar: <\/p>\n<p>Fotograf\u00eda, modo de grabaci\u00f3n: Tras activar la c\u00e1mara, esta entra en modo de grabaci\u00f3n. Pulse el bot\u00f3n de grabaci\u00f3n para iniciar la grabaci\u00f3n y vuelva a pulsarlo para detenerla. Pulsa el bot\u00f3n de modo para cambiar al modo fotograf\u00eda y pulsa el bot\u00f3n de fotograf\u00eda para tomar fotos. Pulsa el bot\u00f3n T o W para cambiar el enfoque. Pulsa OK para activar o desactivar la luz LED de relleno (no se puede usar en el modo de reproducci\u00f3n). <\/p>\n<p>  <\/p>\n<p>Lista del paquete: <\/p>\n<p>1 c\u00e1mara <\/p>\n<p>1 cable USB <\/p>\n<p>1 manual <\/p>\n<p>  <\/p>\n<p>Nota: <\/p>\n<p>La c\u00e1mara admite hasta 32 GB y requiere una tarjeta de memoria con chip U3 de clase 10 para funcionar correctamente. <\/p>\n<p> Package Dimensions                                            \u200f                                            :                                            \u200e                                            12.4 x 12.1 x 7.2 cm; 210 g   <br \/> Date First Available                                            \u200f                                            :                                            \u200e                                            23 April 2023   <br \/> Manufacturer                                            \u200f                                            :                                            \u200e                                            Dpofirs   <br \/> ASIN                                            \u200f                                            :                                            \u200e                                            B0C3BH3D53   <br \/> Item model number                                            \u200f                                            :                                            \u200e                                            Dpofirsgn9zt6aq2u-11   <br \/> Country of origin                                            \u200f                                            :                                            \u200e                                            China   <br \/> Guaranteed software updates until                                            \u200f                                            :                                            \u200e                                            unknown   <br \/>       Best Sellers Rank:  40,615 in Electronics (See Top 100 in Electronics)    139 in Camcorders      <br \/>  Customer reviews:                                                                                            3.1               3.1 out of 5 stars                                  (47)                                              var dpAcrHasRegisteredArcLinkClickAction;                    P.when(&#8216;A&#8217;, &#8216;ready&#8217;).execute(function(A) {                        if (dpAcrHasRegisteredArcLinkClickAction !== true) {                            dpAcrHasRegisteredArcLinkClickAction = true;                            A.declarative(                                &#8216;acrLink-click-metrics&#8217;, &#8216;click&#8217;,                                { \u00aballowLinkDefault\u00bb: true },                                function (event) {                                    if (window.ue) {                                        ue.count(\u00abacrLinkClickCount\u00bb, (ue.count(\u00abacrLinkClickCount\u00bb) || 0) + 1);                                    }                                }                            );                        }                    });                                             P.when(&#8216;A&#8217;, &#8216;cf&#8217;).execute(function(A) {                A.declarative(&#8216;acrStarsLink-click-metrics&#8217;, &#8216;click&#8217;, { \u00aballowLinkDefault\u00bb : true },  function(event){                    if(window.ue) {                        ue.count(\u00abacrStarsLinkWithPopoverClickCount\u00bb, (ue.count(\u00abacrStarsLinkWithPopoverClickCount\u00bb) || 0) + 1);                    }                });            });                          <\/p>\n<p>HD CAMERA: 2.7&#8243; TFT rotating screen, 1080P video resolution, 16x digital zoom, 16MP pixels, support for recording while charging, built-in speakers, HD output.<br \/>USB PORT: The camera comes with a USB port, and you can use a USB cable to connect to the computer to view photos and videos. You can also use it as a computer camera to switch to PC camera mode.<br \/>LARGE CAPACITY: This camera supports 32G storage card (not included). And it has a long battery life for long working time.<br \/>APPLICABLE SCENARIOS: Use this camera to capture those wonderful moments, baby growth records, travel, marriage, campus records, etc.<br \/>IDEAL GIFT: This camera is an ideal gift for your friends and family, especially for photographers, different cameras bring a different experience!<\/p>\n\n","protected":false},"excerpt":{"rendered":"<p> Product Description Videocmara con Cmara de Video, 16x 1080P 30FPS Vlogging Camera Recorder con Pantalla<\/p>","protected":false},"featured_media":25305,"comment_status":"open","ping_status":"closed","template":"","meta":[],"product_brand":[],"product_cat":[96],"product_tag":[705,2559,3970,1858,307,1567,3495,681,1859,1861,201,1854,1855,7483,584,248,1856,1863,1860,3290,5488,842,1930,2777,1862,2230,1857,1869],"class_list":{"0":"post-25304","1":"product","2":"type-product","3":"status-publish","4":"has-post-thumbnail","6":"product_cat-photo-video","7":"product_tag-1080p","8":"product_tag-16x","9":"product_tag-30fps","10":"product_tag-action-cameras","11":"product_tag-black","12":"product_tag-builtin","13":"product_tag-camcorder","14":"product_tag-camera","15":"product_tag-camera-accessories","16":"product_tag-camera-lenses","17":"product_tag-compatible","18":"product_tag-digital-cameras","19":"product_tag-dslr-cameras","20":"product_tag-fill","21":"product_tag-inch","22":"product_tag-light","23":"product_tag-mirrorless-cameras","24":"product_tag-photo-equipment","25":"product_tag-professional-camera","26":"product_tag-recorder","27":"product_tag-rotatable","28":"product_tag-screen","29":"product_tag-speaker","30":"product_tag-tft","31":"product_tag-tripods","32":"product_tag-video","33":"product_tag-video-cameras","34":"product_tag-vlogging","36":"first","37":"instock","38":"shipping-taxable","39":"product-type-external"},"_links":{"self":[{"href":"https:\/\/comprasyconsejos.store\/en\/wp-json\/wp\/v2\/product\/25304","targetHints":{"allow":["GET"]}}],"collection":[{"href":"https:\/\/comprasyconsejos.store\/en\/wp-json\/wp\/v2\/product"}],"about":[{"href":"https:\/\/comprasyconsejos.store\/en\/wp-json\/wp\/v2\/types\/product"}],"replies":[{"embeddable":true,"href":"https:\/\/comprasyconsejos.store\/en\/wp-json\/wp\/v2\/comments?post=25304"}],"version-history":[{"count":0,"href":"https:\/\/comprasyconsejos.store\/en\/wp-json\/wp\/v2\/product\/25304\/revisions"}],"wp:featuredmedia":[{"embeddable":true,"href":"https:\/\/comprasyconsejos.store\/en\/wp-json\/wp\/v2\/media\/25305"}],"wp:attachment":[{"href":"https:\/\/comprasyconsejos.store\/en\/wp-json\/wp\/v2\/media?parent=25304"}],"wp:term":[{"taxonomy":"product_brand","embeddable":true,"href":"https:\/\/comprasyconsejos.store\/en\/wp-json\/wp\/v2\/product_brand?post=25304"},{"taxonomy":"product_cat","embeddable":true,"href":"https:\/\/comprasyconsejos.store\/en\/wp-json\/wp\/v2\/product_cat?post=25304"},{"taxonomy":"product_tag","embeddable":true,"href":"https:\/\/comprasyconsejos.store\/en\/wp-json\/wp\/v2\/product_tag?post=25304"}],"curies":[{"name":"wp","href":"https:\/\/api.w.org\/{rel}","templated":true}]}}