{"id":25336,"date":"2026-02-19T14:26:37","date_gmt":"2026-02-19T14:26:37","guid":{"rendered":"https:\/\/comprasyconsejos.store\/product\/fanxiang-2tb-ssd-internal-ssd-2230-nvme-2tbm-2-2230-pcie-4-0up-to-5200mb-scompatible-with-ultrabook-steam-deck-surface-pro-9-rog-ally-s630\/"},"modified":"2026-02-19T14:26:45","modified_gmt":"2026-02-19T14:26:45","slug":"fanxiang-2tb-ssd-internal-ssd-2230-nvme-2tbm-2-2230-pcie-4-0up-to-5200mb-scompatible-with-ultrabook-steam-deck-surface-pro-9-rog-ally-s630","status":"publish","type":"product","link":"https:\/\/comprasyconsejos.store\/en\/product\/fanxiang-2tb-ssd-internal-ssd-2230-nvme-2tbm-2-2230-pcie-4-0up-to-5200mb-scompatible-with-ultrabook-steam-deck-surface-pro-9-rog-ally-s630\/","title":{"rendered":"fanxiang 2TB SSD Internal SSD 2230 NVMe 2TB,M.2 2230 PCIe 4.0,Up to 5200MB\/s,Compatible with Ultrabook\/Steam Deck\/Surface Pro 9\/ROG Ally -S630"},"content":{"rendered":"<p>Price: <span style=\"color:#b12704\">\u20ac269.99<\/span><br \/><i><small>(as of Feb 19, 2026 14:26:37 UTC &#8211; <span class=\"wp_automatic_amazon_disclaimer\" title=\"Product prices and availability are accurate as of the date\/time indicated and are subject to change. Any price and availability information displayed on [relevant Amazon Site(s), as applicable] at the time of purchase will apply to the purchase of this product.\">Details<\/span>)<\/small><\/i><\/p>\n<p><a href=\"https:\/\/amazon.es\/dp\/B0DZX4T8TB?tag=man008-21\"><img decoding=\"async\" src=\"https:\/\/valvepress.s3.amazonaws.com\/imgs\/buy_now.png\"><\/a><br \/>\n<\/p>\n<p>                                             Product Description   <\/p>\n<p>                                                                                                       <img decoding=\"async\" alt=\"Fanxiang SSD S630 PCIe 4.0 M.2 2230 sobre fondo morado. Los iconos indican caracter\u00edsticas como la alta velocidad, el bajo consumo y la compatibilidad. El producto se muestra como un chip rectangular peque\u00f1o.\" src=\"https:\/\/images-na.ssl-images-amazon.com\/images\/G\/01\/x-locale\/common\/grey-pixel.gif\" class=\"a-lazy-loaded\" data-src=\"https:\/\/m.media-amazon.com\/images\/S\/aplus-media-library-service-media\/332bc44c-5f79-4732-a9ba-c4144b74b77e.__CR0,0,1464,600_PT0_SX1464_V1___.jpg\"><img decoding=\"async\" alt=\"Fanxiang SSD S630 PCIe 4.0 M.2 2230 sobre fondo morado. Los iconos indican caracter\u00edsticas como la alta velocidad, el bajo consumo y la compatibilidad. El producto se muestra como un chip rectangular peque\u00f1o.\" src=\"https:\/\/m.media-amazon.com\/images\/S\/aplus-media-library-service-media\/332bc44c-5f79-4732-a9ba-c4144b74b77e.__CR0,0,1464,600_PT0_SX1464_V1___.jpg\">                                                  <\/p>\n<p>                                                                                                       <img decoding=\"async\" alt=\"con gr\u00e1ficos coloridos en espiral en la pantalla. El texto destaca las velocidades r\u00e1pidas de carga y datos de 5200 MB\/s y 4500 MB\/s\" src=\"https:\/\/images-na.ssl-images-amazon.com\/images\/G\/01\/x-locale\/common\/grey-pixel.gif\" class=\"a-lazy-loaded\" data-src=\"https:\/\/m.media-amazon.com\/images\/S\/aplus-media-library-service-media\/a132da49-1708-4fe1-8873-0ce8d06d16f4.__CR0,0,1464,600_PT0_SX1464_V1___.jpg\"><img decoding=\"async\" alt=\"con gr\u00e1ficos coloridos en espiral en la pantalla. El texto destaca las velocidades r\u00e1pidas de carga y datos de 5200 MB\/s y 4500 MB\/s\" src=\"https:\/\/m.media-amazon.com\/images\/S\/aplus-media-library-service-media\/a132da49-1708-4fe1-8873-0ce8d06d16f4.__CR0,0,1464,600_PT0_SX1464_V1___.jpg\">                                               <\/p>\n<p>                                                                                                       <img decoding=\"async\" alt=\"Disco duro externo con capacidad de almacenamiento de 2 TB. El embalaje azul del producto es visible. El texto promueve el juego y la instalaci\u00f3n ininterrumpidos en dispositivos compatibles.\" src=\"https:\/\/images-na.ssl-images-amazon.com\/images\/G\/01\/x-locale\/common\/grey-pixel.gif\" class=\"a-lazy-loaded\" data-src=\"https:\/\/m.media-amazon.com\/images\/S\/aplus-media-library-service-media\/bfacf0f1-8a56-48e4-b109-01dbad99dc2d.__CR0,0,1464,600_PT0_SX1464_V1___.jpg\"><img decoding=\"async\" alt=\"Disco duro externo con capacidad de almacenamiento de 2 TB. El embalaje azul del producto es visible. El texto promueve el juego y la instalaci\u00f3n ininterrumpidos en dispositivos compatibles.\" src=\"https:\/\/m.media-amazon.com\/images\/S\/aplus-media-library-service-media\/bfacf0f1-8a56-48e4-b109-01dbad99dc2d.__CR0,0,1464,600_PT0_SX1464_V1___.jpg\">                                               <\/p>\n<p>                                                                                                                <img decoding=\"async\" alt=\"Tabla de compatibilidad de dispositivos de juego que muestra iconos para consolas de juegos port\u00e1tiles, port\u00e1tiles y miniPC. La imagen muestra varios dispositivos, como consolas port\u00e1tiles, computadoras port\u00e1tiles, tabletas y tel\u00e9fonos inteligentes con pantallas de juegos\" src=\"https:\/\/m.media-amazon.com\/images\/S\/aplus-media-library-service-media\/cb0f5bde-0c08-4495-84e4-9345741b519e.__CR0,0,1464,600_PT0_SX1464_V1___.jpg\">                                                    <img decoding=\"async\" alt=\"Imagen dividida que compara configuraciones de juegos de computadoras port\u00e1tiles y de escritorio. Izquierda: Persona que usa una computadora port\u00e1til delgada. Derecha: manecillas en el teclado con una computadora de escritorio compacta y un monitor que muestra la escena del juego.\" src=\"https:\/\/m.media-amazon.com\/images\/S\/aplus-media-library-service-media\/ebf7aa78-3dcd-4d38-b9e8-5728024d94ab.__CR0,0,1464,600_PT0_SX1464_V1___.jpg\">                                                    <img decoding=\"async\" alt=\"Dos dispositivos de juego port\u00e1tiles uno al lado del otro, que muestran coloridos juegos de carreras y disparos. El texto indica la compatibilidad con las plataformas Steam Deck y ROG Ally\" src=\"https:\/\/m.media-amazon.com\/images\/S\/aplus-media-library-service-media\/c9721c3d-4329-449a-a915-187db0267213.__CR0,0,1464,600_PT0_SX1464_V1___.jpg\"><br \/>\n                            1 M\u00faltiples dispositivos <\/p>\n<p>                            2 Laptop &amp; Mini PC <\/p>\n<p>                            3 Consola port\u00e1til <\/p>\n<p>                                                                                  <img decoding=\"async\" alt=\"Imagen promocional del SSD SX30 con una soluci\u00f3n de disipador t\u00e9rmico de grafeno. El texto destaca la mejora de la refrigeraci\u00f3n, la velocidad y el rendimiento para juegos y\" src=\"https:\/\/m.media-amazon.com\/images\/S\/aplus-media-library-service-media\/910c4436-ee4d-4df1-8be7-566de1b5d127.__CR0,0,1464,600_PT0_SX1464_V1___.jpg\">       <\/p>\n<p>                                                                                  <img decoding=\"async\" alt=\"SSD 2TB NVME PCIE 2230 Steam Deck\" src=\"https:\/\/m.media-amazon.com\/images\/S\/aplus-media-library-service-media\/bd148145-cbff-48b9-92a9-852bc4026887.__CR0,0,1464,600_PT0_SX1464_V1___.jpg\">       <\/p>\n<p>                                                                                                       <img decoding=\"async\" alt=\"Publicidad digital de garant\u00eda de dispositivos electr\u00f3nicos. Icono de escudo azul con el nombre del producto. El texto ofrece asistencia durante 5 a\u00f1os. Los \u00edconos indican 15 W, 5 a\u00f1os de cobertura y servicios de reparaci\u00f3n\" src=\"https:\/\/images-na.ssl-images-amazon.com\/images\/G\/01\/x-locale\/common\/grey-pixel.gif\" class=\"a-lazy-loaded\" data-src=\"https:\/\/m.media-amazon.com\/images\/S\/aplus-media-library-service-media\/8e844b4d-f437-41e4-8f8c-06a34920363f.__CR0,0,1464,600_PT0_SX1464_V1___.jpg\"><img decoding=\"async\" alt=\"Publicidad digital de garant\u00eda de dispositivos electr\u00f3nicos. Icono de escudo azul con el nombre del producto. El texto ofrece asistencia durante 5 a\u00f1os. Los \u00edconos indican 15 W, 5 a\u00f1os de cobertura y servicios de reparaci\u00f3n\" src=\"https:\/\/m.media-amazon.com\/images\/S\/aplus-media-library-service-media\/8e844b4d-f437-41e4-8f8c-06a34920363f.__CR0,0,1464,600_PT0_SX1464_V1___.jpg\">                                               <\/p>\n<h3>\n<p class=\"aplus-question aplus-p1\"> \u00bfEs compatible la S630 con Xbox Series, Nintendo Switch o PS Vita? <\/p>\n<\/h3>\n<p class=\"aplus-answer aplus-p2\"> No compatible. Las consolas Xbox, Nintendo Switch y PS Vita no admiten interfaces M.2. La S630 est\u00e1 dise\u00f1ada para dispositivos compatibles con SSD M.2 2230, como Steam Deck, ROG Ally y determinados port\u00e1tiles o mini PC. <\/p>\n<h3>\n<p class=\"aplus-question aplus-p1\"> \u00bfEs PCIe Gen3 o Gen4? \u00bfFuncionar\u00e1 en una ranura Gen3? <\/p>\n<\/h3>\n<p class=\"aplus-answer aplus-p2\"> Es PCIe Gen4 x4 y compatible con Gen3. Puede usarse en ranuras Gen3 con velocidades reducidas. <\/p>\n<h3>\n<p class=\"aplus-question aplus-p1\"> \u00bfSe sobrecalentar\u00e1 este SSD dentro del Steam Deck? \u00bfNecesito un disipador t\u00e9rmico? <\/p>\n<\/h3>\n<p class=\"aplus-answer aplus-p2\"> La S630 utiliza una capa t\u00e9rmica de grafeno para una disipaci\u00f3n eficiente del calor, lo que garantiza un rendimiento estable durante sesiones de juego prolongadas, sin necesidad de disipadores adicionales. <\/p>\n<p> Is discontinued by manufacturer                                            \u200f                                            :                                            \u200e                                            No   <br \/> Product Dimensions                                            \u200f                                            :                                            \u200e                                            3 x 2 x 3 cm; 5 g   <br \/> Manufacturer                                            \u200f                                            :                                            \u200e                                            fanxiang   <br \/> ASIN                                            \u200f                                            :                                            \u200e                                            B0DZX4T8TB   <br \/> Item model number                                            \u200f                                            :                                            \u200e                                            S630   <br \/> Country of origin                                            \u200f                                            :                                            \u200e                                            China   <br \/> Guaranteed software updates until                                            \u200f                                            :                                            \u200e                                            unknown   <br \/>  Customer reviews:                                                                                            4.6               4.6 out of 5 stars                                  (189)                                              var dpAcrHasRegisteredArcLinkClickAction;                    P.when(&#8216;A&#8217;, &#8216;ready&#8217;).execute(function(A) {                        if (dpAcrHasRegisteredArcLinkClickAction !== true) {                            dpAcrHasRegisteredArcLinkClickAction = true;                            A.declarative(                                &#8216;acrLink-click-metrics&#8217;, &#8216;click&#8217;,                                { \u00aballowLinkDefault\u00bb: true },                                function (event) {                                    if (window.ue) {                                        ue.count(\u00abacrLinkClickCount\u00bb, (ue.count(\u00abacrLinkClickCount\u00bb) || 0) + 1);                                    }                                }                            );                        }                    });                                             P.when(&#8216;A&#8217;, &#8216;cf&#8217;).execute(function(A) {                A.declarative(&#8216;acrStarsLink-click-metrics&#8217;, &#8216;click&#8217;, { \u00aballowLinkDefault\u00bb : true },  function(event){                    if(window.ue) {                        ue.count(\u00abacrStarsLinkWithPopoverClickCount\u00bb, (ue.count(\u00abacrStarsLinkWithPopoverClickCount\u00bb) || 0) + 1);                    }                });            });                          <\/p>\n<p>\u3010Quick Response\u3011: fanxiang S630 SSD Hard Drive adopts advanced PCI Express 4.0 interface, which offers extremely high read speed up to 5200MB\/s, ensures fast data transmission and improves work and entertainment experience. The maximum speed of 5200MB\/s is only reached on Surface Pro 9 (Intel). Other models (Pro 7+\/8\/9 ARM\/X) will run at PCIe Gen3 speeds (~3500MB\/s max) due to hardware limitations<br \/>\u3010Compact &#038; Convenient\u3011PCle 4.0 2230 Internal SSD adopts compact M.2 2230 SSD form factor, saving space and large storage capacity. Thanks to its M.2 2230 SSD design, this Internal SSD is perfect for devices with space limitations<br \/>\u3010Wide Compatibility\u3011S630 Internal SSD is widely compatible with various devices and operating systems, including Steam Deck, Surface Pro, ROG Ally. This SSD Hard Drive supports various operating systems such as Windows, Linux, ensuring seamless integration<br \/>\u3010Stable Performance\u3011With high-quality NAND flash technology, M.2 2230 SSD ensures excellent reliability and stability, maintaining outstanding performance even in demanding tasks and intensive applications. The M.2 2230 SSD is the perfect choice for those who need fast, reliable storage<br \/>\u3010Professional After-Sales Support\u3011We offer a 5-year warranty for our Gen4 SSD Hard Drive, backed by a dedicated after-sales support team. With this Internal SSD, you&#8217;ll experience first-class service and timely technical support for maximum peace of mind<br \/>\u3010Notice\u3011 Some phones may not be able to use the S630. For a better user experience, it is recommended to first format the product in FAT32 from a computer.<\/p>\n\n","protected":false},"excerpt":{"rendered":"<p> Product Description 1 M\u00faltiples dispositivos 2 Laptop &amp; Mini PC 3 Consola port\u00e1til \u00bfEs compatible<\/p>","protected":false},"featured_media":25337,"comment_status":"open","ping_status":"closed","template":"","meta":[],"product_brand":[],"product_cat":[81],"product_tag":[1455,909,7493,7494,1457,7495,7498,7499,1468,7497,4260,1461,1120,1459,822,1452,624,1465,163,7500,1463,513,1466,7496],"class_list":{"0":"post-25336","1":"product","2":"type-product","3":"status-publish","4":"has-post-thumbnail","6":"product_cat-ssd-drive","7":"product_tag-1tb-ssd","8":"product_tag-2tb","9":"product_tag-2tbm-2","10":"product_tag-4-0up","11":"product_tag-512gb-ssd","12":"product_tag-5200mbscompatible","13":"product_tag-9rog","14":"product_tag-ally","15":"product_tag-best-ssd","16":"product_tag-decksurface","17":"product_tag-fanxiang","18":"product_tag-gaming-ssd","19":"product_tag-internal","20":"product_tag-m-2-ssd","21":"product_tag-nvme","22":"product_tag-nvme-ssd","23":"product_tag-pcie","24":"product_tag-portable-ssd","25":"product_tag-pro","26":"product_tag-s630","27":"product_tag-sata-ssd","28":"product_tag-ssd","29":"product_tag-ssd-price","30":"product_tag-ultrabooksteam","32":"first","33":"instock","34":"shipping-taxable","35":"product-type-external"},"_links":{"self":[{"href":"https:\/\/comprasyconsejos.store\/en\/wp-json\/wp\/v2\/product\/25336","targetHints":{"allow":["GET"]}}],"collection":[{"href":"https:\/\/comprasyconsejos.store\/en\/wp-json\/wp\/v2\/product"}],"about":[{"href":"https:\/\/comprasyconsejos.store\/en\/wp-json\/wp\/v2\/types\/product"}],"replies":[{"embeddable":true,"href":"https:\/\/comprasyconsejos.store\/en\/wp-json\/wp\/v2\/comments?post=25336"}],"version-history":[{"count":0,"href":"https:\/\/comprasyconsejos.store\/en\/wp-json\/wp\/v2\/product\/25336\/revisions"}],"wp:featuredmedia":[{"embeddable":true,"href":"https:\/\/comprasyconsejos.store\/en\/wp-json\/wp\/v2\/media\/25337"}],"wp:attachment":[{"href":"https:\/\/comprasyconsejos.store\/en\/wp-json\/wp\/v2\/media?parent=25336"}],"wp:term":[{"taxonomy":"product_brand","embeddable":true,"href":"https:\/\/comprasyconsejos.store\/en\/wp-json\/wp\/v2\/product_brand?post=25336"},{"taxonomy":"product_cat","embeddable":true,"href":"https:\/\/comprasyconsejos.store\/en\/wp-json\/wp\/v2\/product_cat?post=25336"},{"taxonomy":"product_tag","embeddable":true,"href":"https:\/\/comprasyconsejos.store\/en\/wp-json\/wp\/v2\/product_tag?post=25336"}],"curies":[{"name":"wp","href":"https:\/\/api.w.org\/{rel}","templated":true}]}}