{"id":25375,"date":"2026-02-19T14:44:41","date_gmt":"2026-02-19T14:44:41","guid":{"rendered":"https:\/\/comprasyconsejos.store\/product\/ousfot-electric-chopper-2l-chopper-500w-food-crusher-with-stainless-steel-container-2-speeds-suitable-for-vegetables-meats-fruits-kitchen\/"},"modified":"2026-02-19T14:44:45","modified_gmt":"2026-02-19T14:44:45","slug":"ousfot-electric-chopper-2l-chopper-500w-food-crusher-with-stainless-steel-container-2-speeds-suitable-for-vegetables-meats-fruits-kitchen","status":"publish","type":"product","link":"https:\/\/comprasyconsejos.store\/en\/product\/ousfot-electric-chopper-2l-chopper-500w-food-crusher-with-stainless-steel-container-2-speeds-suitable-for-vegetables-meats-fruits-kitchen\/","title":{"rendered":"OUSFOT Electric Chopper, 2L Chopper 500W Food Crusher with Stainless Steel Container 2 Speeds Suitable for Vegetables, Meats, Fruits, Kitchen"},"content":{"rendered":"<p>Price: <span style=\"color:#b12704\">\u20ac29.99<\/span><br \/><i><small>(as of Feb 19, 2026 14:44:41 UTC &#8211; <span class=\"wp_automatic_amazon_disclaimer\" title=\"Product prices and availability are accurate as of the date\/time indicated and are subject to change. Any price and availability information displayed on [relevant Amazon Site(s), as applicable] at the time of purchase will apply to the purchase of this product.\">Details<\/span>)<\/small><\/i><\/p>\n<p><a href=\"https:\/\/amazon.es\/dp\/B0FPQMRN66?tag=man008-21\"><img decoding=\"async\" src=\"https:\/\/valvepress.s3.amazonaws.com\/imgs\/buy_now.png\"><\/a><br \/>\n<\/p>\n<p>                                             Product Description   <\/p>\n<p>                                                                                                       <img decoding=\"async\" alt=\"Collage de electrodom\u00e9sticos de cocina que muestra un procesador de alimentos o una licuadora de acero inoxidable con m\u00faltiples escenas de preparaci\u00f3n y exhibiciones de ingredientes.\" src=\"https:\/\/images-na.ssl-images-amazon.com\/images\/G\/01\/x-locale\/common\/grey-pixel.gif\" class=\"a-lazy-loaded\" data-src=\"https:\/\/m.media-amazon.com\/images\/S\/aplus-media-library-service-media\/457e6dfc-7932-4f81-8943-63513498384c.__CR0,0,1464,600_PT0_SX1464_V1___.jpg\"><img decoding=\"async\" alt=\"Collage de electrodom\u00e9sticos de cocina que muestra un procesador de alimentos o una licuadora de acero inoxidable con m\u00faltiples escenas de preparaci\u00f3n y exhibiciones de ingredientes.\" src=\"https:\/\/m.media-amazon.com\/images\/S\/aplus-media-library-service-media\/457e6dfc-7932-4f81-8943-63513498384c.__CR0,0,1464,600_PT0_SX1464_V1___.jpg\">                                               <\/p>\n<p>                                                                                                       <img decoding=\"async\" alt=\"El texto dice \u00abPicadora de carne el\u00e9ctrica eficiente y potente\u00bb. Ilustraci\u00f3n promocional que muestra una picadora de carne el\u00e9ctrica blanca con cubos de carne roja flotando sobre un fondo claro.\" src=\"https:\/\/images-na.ssl-images-amazon.com\/images\/G\/01\/x-locale\/common\/grey-pixel.gif\" class=\"a-lazy-loaded\" data-src=\"https:\/\/m.media-amazon.com\/images\/S\/aplus-media-library-service-media\/93f3f25c-49e3-4418-b585-724cab93b9a5.__CR0,0,1464,600_PT0_SX1464_V1___.jpg\"><img decoding=\"async\" alt=\"El texto dice \u00abPicadora de carne el\u00e9ctrica eficiente y potente\u00bb. Ilustraci\u00f3n promocional que muestra una picadora de carne el\u00e9ctrica blanca con cubos de carne roja flotando sobre un fondo claro.\" src=\"https:\/\/m.media-amazon.com\/images\/S\/aplus-media-library-service-media\/93f3f25c-49e3-4418-b585-724cab93b9a5.__CR0,0,1464,600_PT0_SX1464_V1___.jpg\">                                               <\/p>\n<p>                                                                                                       <img decoding=\"async\" alt=\"El texto dice \u00abVelocidad 1 para alimentos blancos\u00bb. Pantalla de procesamiento de alimentos que muestra diferentes ingredientes picados en forma de cuadr\u00edcula sobre fondo amarillo.\" src=\"https:\/\/images-na.ssl-images-amazon.com\/images\/G\/01\/x-locale\/common\/grey-pixel.gif\" class=\"a-lazy-loaded\" data-src=\"https:\/\/m.media-amazon.com\/images\/S\/aplus-media-library-service-media\/fd841206-2798-4075-968f-5d9fa88dbd68.__CR0,0,1464,600_PT0_SX1464_V1___.jpg\"><img decoding=\"async\" alt=\"El texto dice \u00abVelocidad 1 para alimentos blancos\u00bb. Pantalla de procesamiento de alimentos que muestra diferentes ingredientes picados en forma de cuadr\u00edcula sobre fondo amarillo.\" src=\"https:\/\/m.media-amazon.com\/images\/S\/aplus-media-library-service-media\/fd841206-2798-4075-968f-5d9fa88dbd68.__CR0,0,1464,600_PT0_SX1464_V1___.jpg\">                                               <\/p>\n<p>                                                                                                       <img decoding=\"async\" alt=\"Secuencia instructiva de seis paneles que muestra los pasos para usar un aparato de cocina en la preparaci\u00f3n de alimentos, incluido verter y mezclar los ingredientes en un recipiente de acero inoxidable.\" src=\"https:\/\/images-na.ssl-images-amazon.com\/images\/G\/01\/x-locale\/common\/grey-pixel.gif\" class=\"a-lazy-loaded\" data-src=\"https:\/\/m.media-amazon.com\/images\/S\/aplus-media-library-service-media\/f9dd7055-2031-416c-a2a3-ec3316342c41.__CR0,0,1464,600_PT0_SX1464_V1___.jpg\"><img decoding=\"async\" alt=\"Secuencia instructiva de seis paneles que muestra los pasos para usar un aparato de cocina en la preparaci\u00f3n de alimentos, incluido verter y mezclar los ingredientes en un recipiente de acero inoxidable.\" src=\"https:\/\/m.media-amazon.com\/images\/S\/aplus-media-library-service-media\/f9dd7055-2031-416c-a2a3-ec3316342c41.__CR0,0,1464,600_PT0_SX1464_V1___.jpg\">                                               <\/p>\n<p>                                                                                                       <img decoding=\"async\" alt=\"El texto dice \u00abF\u00e1cil de limpiar\u00bb. Serie de im\u00e1genes que muestran el proceso de carga del lavavajillas y los platos limpios, y muestran los pasos correctos para usar el lavavajillas.\" src=\"https:\/\/images-na.ssl-images-amazon.com\/images\/G\/01\/x-locale\/common\/grey-pixel.gif\" class=\"a-lazy-loaded\" data-src=\"https:\/\/m.media-amazon.com\/images\/S\/aplus-media-library-service-media\/cd48e1a6-c93a-4b33-9ce4-d9c00664229e.__CR0,0,1464,600_PT0_SX1464_V1___.jpg\"><img decoding=\"async\" alt=\"El texto dice \u00abF\u00e1cil de limpiar\u00bb. Serie de im\u00e1genes que muestran el proceso de carga del lavavajillas y los platos limpios, y muestran los pasos correctos para usar el lavavajillas.\" src=\"https:\/\/m.media-amazon.com\/images\/S\/aplus-media-library-service-media\/cd48e1a6-c93a-4b33-9ce4-d9c00664229e.__CR0,0,1464,600_PT0_SX1464_V1___.jpg\">                                               <\/p>\n<p>                                                                                                       <img decoding=\"async\" alt=\"aplus content image\" src=\"https:\/\/images-na.ssl-images-amazon.com\/images\/G\/01\/x-locale\/common\/grey-pixel.gif\" class=\"a-lazy-loaded\" data-src=\"https:\/\/m.media-amazon.com\/images\/S\/aplus-media-library-service-media\/9c063705-0f98-412a-8de2-bbc7158f4357.__CR0,0,1464,600_PT0_SX1464_V1___.jpg\"><img decoding=\"async\" alt=\"aplus content image\" src=\"https:\/\/m.media-amazon.com\/images\/S\/aplus-media-library-service-media\/9c063705-0f98-412a-8de2-bbc7158f4357.__CR0,0,1464,600_PT0_SX1464_V1___.jpg\">                                               <\/p>\n<p>                                                                                                       <img decoding=\"async\" alt=\"El texto en la burbuja verde dice \u00abLes aider en suivant nos conseils\u00bb. Material did\u00e1ctico o de marketing en franc\u00e9s que muestre productos de decoraci\u00f3n del hogar.\" src=\"https:\/\/images-na.ssl-images-amazon.com\/images\/G\/01\/x-locale\/common\/grey-pixel.gif\" class=\"a-lazy-loaded\" data-src=\"https:\/\/m.media-amazon.com\/images\/S\/aplus-media-library-service-media\/7a26701b-b991-4aa1-844e-34999146778c.__CR0,0,1464,600_PT0_SX1464_V1___.jpg\"><img decoding=\"async\" alt=\"El texto en la burbuja verde dice \u00abLes aider en suivant nos conseils\u00bb. Material did\u00e1ctico o de marketing en franc\u00e9s que muestre productos de decoraci\u00f3n del hogar.\" src=\"https:\/\/m.media-amazon.com\/images\/S\/aplus-media-library-service-media\/7a26701b-b991-4aa1-844e-34999146778c.__CR0,0,1464,600_PT0_SX1464_V1___.jpg\">                                               <\/p>\n<p>\u30102L Large Capacity, Meets Household Needs\u3011Equipped with a 2-litre stainless steel container, it can easily process a wide variety of ingredients, from fruits and vegetables to meat (note: never exceed the maximum scale line). Stainless steel is durable and easy to clean, making it an ideal food processor for the kitchen<br \/>\u3010Powerful 500W Motor\u3011Our electric chopper is equipped with a 500 watt motor that provides excellent chopping efficiency and long service life. The blades have also been improved for durability, making food preparation easier and more enjoyable, while saving you time in the kitchen<br \/>\u3010Two-speed operation mode\u3011This meat grinder has two different operating modes: the first speed is low, ideal for chopping vegetables, fruits, garlic, peppers and other easy to blender foods; the second speed is high, designed for shredding meat, ham, carrots and other tougher foods. Enjoy fast and accurate chopping to meet all your culinary needs<br \/>\u3010Equipped with Non-slip Pads\u3011 The electric chopper is equipped with non-slip pads to ensure stability during operation. The non-slip mat not only increases safety, but also effectively protects the countertop from scratches and stains, keeping the kitchen tidy<br \/>\u3010Easy to Clean\u3011All chopper accessories are easy to install and clean. The blade, stainless steel container and clear lid can be removed separately for easy washing by hand or in the dishwasher<\/p>\n\n","protected":false},"excerpt":{"rendered":"<p> Product Description \u30102L Large Capacity, Meets Household Needs\u3011Equipped with a 2-litre stainless steel container, it<\/p>","protected":false},"featured_media":25376,"comment_status":"open","ping_status":"closed","template":"","meta":[],"product_brand":[],"product_cat":[80],"product_tag":[5895,1390,1397,4812,1848,1396,7508,1607,1842,6271,1391,1392,1393,1389,1844,7509,7507,565,1394,1395,2671,2487,1440,2786,6270],"class_list":{"0":"post-25375","1":"product","2":"type-product","3":"status-publish","4":"has-post-thumbnail","6":"product_cat-processors","7":"product_tag-500w","8":"product_tag-amd-ryzen-processor","9":"product_tag-best-processor","10":"product_tag-chopper","11":"product_tag-container","12":"product_tag-cpu-price","13":"product_tag-crusher","14":"product_tag-electric","15":"product_tag-food","16":"product_tag-fruits","17":"product_tag-gaming-cpu","18":"product_tag-i7-processor","19":"product_tag-i9-processor","20":"product_tag-intel-processor","21":"product_tag-kitchen","22":"product_tag-meats","23":"product_tag-ousfot","24":"product_tag-processor","25":"product_tag-ryzen-7","26":"product_tag-ryzen-9","27":"product_tag-speeds","28":"product_tag-stainless","29":"product_tag-steel","30":"product_tag-suitable","31":"product_tag-vegetables","33":"first","34":"instock","35":"shipping-taxable","36":"product-type-external"},"_links":{"self":[{"href":"https:\/\/comprasyconsejos.store\/en\/wp-json\/wp\/v2\/product\/25375","targetHints":{"allow":["GET"]}}],"collection":[{"href":"https:\/\/comprasyconsejos.store\/en\/wp-json\/wp\/v2\/product"}],"about":[{"href":"https:\/\/comprasyconsejos.store\/en\/wp-json\/wp\/v2\/types\/product"}],"replies":[{"embeddable":true,"href":"https:\/\/comprasyconsejos.store\/en\/wp-json\/wp\/v2\/comments?post=25375"}],"version-history":[{"count":0,"href":"https:\/\/comprasyconsejos.store\/en\/wp-json\/wp\/v2\/product\/25375\/revisions"}],"wp:featuredmedia":[{"embeddable":true,"href":"https:\/\/comprasyconsejos.store\/en\/wp-json\/wp\/v2\/media\/25376"}],"wp:attachment":[{"href":"https:\/\/comprasyconsejos.store\/en\/wp-json\/wp\/v2\/media?parent=25375"}],"wp:term":[{"taxonomy":"product_brand","embeddable":true,"href":"https:\/\/comprasyconsejos.store\/en\/wp-json\/wp\/v2\/product_brand?post=25375"},{"taxonomy":"product_cat","embeddable":true,"href":"https:\/\/comprasyconsejos.store\/en\/wp-json\/wp\/v2\/product_cat?post=25375"},{"taxonomy":"product_tag","embeddable":true,"href":"https:\/\/comprasyconsejos.store\/en\/wp-json\/wp\/v2\/product_tag?post=25375"}],"curies":[{"name":"wp","href":"https:\/\/api.w.org\/{rel}","templated":true}]}}