{"id":25382,"date":"2026-02-19T14:49:54","date_gmt":"2026-02-19T14:49:54","guid":{"rendered":"https:\/\/comprasyconsejos.store\/product\/panda-dome-essential-2025-antivirus-cloud-y-vpn-modo-gaming-1-dispositivo\/"},"modified":"2026-02-19T14:50:00","modified_gmt":"2026-02-19T14:50:00","slug":"panda-dome-essential-2025-antivirus-cloud-y-vpn-modo-gaming-1-dispositivo","status":"publish","type":"product","link":"https:\/\/comprasyconsejos.store\/en\/product\/panda-dome-essential-2025-antivirus-cloud-y-vpn-modo-gaming-1-dispositivo\/","title":{"rendered":"Panda Dome Essential 2025 \u2013 Antivirus Cloud y VPN, Modo gaming (1 Dispositivo)"},"content":{"rendered":"<p>Price: <span style=\"color:#b12704\"><del>\u20ac16.65<\/del> - \u20ac15.82<\/span><br \/><i><small>(as of Feb 19, 2026 14:49:54 UTC &#8211; <span class=\"wp_automatic_amazon_disclaimer\" title=\"Product prices and availability are accurate as of the date\/time indicated and are subject to change. Any price and availability information displayed on [relevant Amazon Site(s), as applicable] at the time of purchase will apply to the purchase of this product.\">Details<\/span>)<\/small><\/i><\/p>\n<p><a href=\"https:\/\/amazon.es\/dp\/B08HRQVMQ9?tag=man008-21\"><img decoding=\"async\" src=\"https:\/\/valvepress.s3.amazonaws.com\/imgs\/buy_now.png\"><\/a><br \/>\n<\/p>\n<p>                                             Product Description   <\/p>\n<p>                                                                                                       <img decoding=\"async\" alt=\"Panda Dome Essential\" src=\"https:\/\/images-na.ssl-images-amazon.com\/images\/G\/01\/x-locale\/common\/grey-pixel.gif\" class=\"a-lazy-loaded\" data-src=\"https:\/\/m.media-amazon.com\/images\/S\/aplus-media-library-service-media\/f513b88e-8fce-4b6f-b25e-17cd0ddbdfca.__CR0,135,3000,1230_PT0_SX1464_V1___.png\"><img decoding=\"async\" alt=\"Panda Dome Essential\" src=\"https:\/\/m.media-amazon.com\/images\/S\/aplus-media-library-service-media\/f513b88e-8fce-4b6f-b25e-17cd0ddbdfca.__CR0,135,3000,1230_PT0_SX1464_V1___.png\">                                               <\/p>\n<p>                                                                                              <img decoding=\"async\" alt=\"Panda antivirus\" src=\"https:\/\/images-na.ssl-images-amazon.com\/images\/G\/01\/x-locale\/common\/grey-pixel.gif\" class=\"a-lazy-loaded\" data-src=\"https:\/\/m.media-amazon.com\/images\/S\/aplus-media-library-service-media\/abde08f4-bf2f-42f1-b4fd-c22648e66630.__CR0,125,1000,750_PT0_SX300_V1___.png\"><img decoding=\"async\" alt=\"Panda antivirus\" src=\"https:\/\/m.media-amazon.com\/images\/S\/aplus-media-library-service-media\/abde08f4-bf2f-42f1-b4fd-c22648e66630.__CR0,125,1000,750_PT0_SX300_V1___.png\">                                                                                                                 <img decoding=\"async\" alt=\"Antivirus facil de usar\" src=\"https:\/\/images-na.ssl-images-amazon.com\/images\/G\/01\/x-locale\/common\/grey-pixel.gif\" class=\"a-lazy-loaded\" data-src=\"https:\/\/m.media-amazon.com\/images\/S\/aplus-media-library-service-media\/6c9272ce-81bc-41b1-bf8a-e48df7e754cc.__CR0,125,1000,750_PT0_SX300_V1___.png\"><img decoding=\"async\" alt=\"Antivirus facil de usar\" src=\"https:\/\/m.media-amazon.com\/images\/S\/aplus-media-library-service-media\/6c9272ce-81bc-41b1-bf8a-e48df7e754cc.__CR0,125,1000,750_PT0_SX300_V1___.png\">                                            F\u00e1cil de usar                                          <\/p>\n<p class=\"aplus-p3\"> Inst\u00e1lalo y olv\u00eddate <\/p>\n<p class=\"aplus-p3\"> nunca m\u00e1s tendr\u00e1s que actualizarlo, ni hacer cambios complicados en la configuraci\u00f3n. <\/p>\n<p>                                           <img decoding=\"async\" alt=\"Antivirus seguro\" src=\"https:\/\/images-na.ssl-images-amazon.com\/images\/G\/01\/x-locale\/common\/grey-pixel.gif\" class=\"a-lazy-loaded\" data-src=\"https:\/\/m.media-amazon.com\/images\/S\/aplus-media-library-service-media\/f5f75057-dc9a-4940-995d-0c6d52c60023.__CR0,125,1000,750_PT0_SX300_V1___.png\"><img decoding=\"async\" alt=\"Antivirus seguro\" src=\"https:\/\/m.media-amazon.com\/images\/S\/aplus-media-library-service-media\/f5f75057-dc9a-4940-995d-0c6d52c60023.__CR0,125,1000,750_PT0_SX300_V1___.png\">                                            Seguro                                         <\/p>\n<p class=\"aplus-p3\"> M\u00e1xima detecci\u00f3n de virus <\/p>\n<p class=\"aplus-p3\"> Estar\u00e1s siempre protegido en tiempo real y al d\u00eda con tus actualizaciones. <\/p>\n<p>                                           <img decoding=\"async\" alt=\"Antivirus ligero\" src=\"https:\/\/images-na.ssl-images-amazon.com\/images\/G\/01\/x-locale\/common\/grey-pixel.gif\" class=\"a-lazy-loaded\" data-src=\"https:\/\/m.media-amazon.com\/images\/S\/aplus-media-library-service-media\/dffb9300-c6da-4c14-b5b7-fe8531d5bff2.__CR0,125,1000,750_PT0_SX300_V1___.png\"><img decoding=\"async\" alt=\"Antivirus ligero\" src=\"https:\/\/m.media-amazon.com\/images\/S\/aplus-media-library-service-media\/dffb9300-c6da-4c14-b5b7-fe8531d5bff2.__CR0,125,1000,750_PT0_SX300_V1___.png\">                                            Ligero                                         <\/p>\n<p class=\"aplus-p3\"> Todo el trabajo se hace desde la nube <\/p>\n<p class=\"aplus-p3\"> No tendr\u00e1s necesidad de almacenar ficheros ni actualizaciones diarias. <\/p>\n<p class=\"a-spacing-none aplus-accent1 title a-text-bold\"> Tu antivirus sencillo para el d\u00eda a d\u00eda <\/p>\n<h3 class=\"aplus-h1 a-text-bold\"> Descubre Panda dome  <\/h3>\n<p><\/p>\n<p class=\"aplus-p2\"> Panda Dome Essential es un antivirus sencillo y f\u00e1cil de usar, ideal para el uso diario. Protege tus dispositivos sin ralentizarlos y funciona en tiempo real, ofreciendo seguridad completa contra virus y malware. No requiere interminables actualizaciones gracias a su funcionamiento en la nube, manteni\u00e9ndote protegido contra las amenazas m\u00e1s recientes. Adem\u00e1s, es compatible con todos los sistemas operativos principales, asegurando que puedas mantener  tus dispositivos seguros sin complicaciones. <\/p>\n<p>The video showcases the product in use.The video guides you through product setup.The video compares multiple products.The video shows the product being unpacked.<\/p>\n<p>                                                                <img decoding=\"async\" alt=\"Panda dome essential antivirus para uso diario\" src=\"https:\/\/images-na.ssl-images-amazon.com\/images\/G\/01\/x-locale\/common\/grey-pixel.gif\" class=\"a-lazy-loaded\" data-src=\"https:\/\/m.media-amazon.com\/images\/S\/aplus-media-library-service-media\/8d7a736e-bc54-42d7-bd3f-d6daa9ccfae6.__CR0,375,3000,2250_PT0_SX800_V1___.png\"><img decoding=\"async\" alt=\"Panda dome essential antivirus para uso diario\" src=\"https:\/\/m.media-amazon.com\/images\/S\/aplus-media-library-service-media\/8d7a736e-bc54-42d7-bd3f-d6daa9ccfae6.__CR0,375,3000,2250_PT0_SX800_V1___.png\">                                    Un panda para cada tipo de usuario                                          <\/p>\n<h3 class=\"aplus-h1 aplus-module-1-heading a-text-bold\"> Essential es  la protecci\u00f3n ideal para t\u00ed si: <\/h3>\n<p class=\"aplus-p2 aplus-module-1-description\"> Utilizas tu ordenador para trabajar, comprar, ver contenido y acceder a banca online. <\/p>\n<p class=\"aplus-p2 aplus-module-1-description\">\n<p>Antivirus en tiempo real: Protege tu equipo de virus y malware mientras trabajas, navegas o realizas compras en l\u00ednea.Firewall: Evita accesos a tu red, asegurando tu informaci\u00f3n personal.VPN: Navega de forma segura y an\u00f3nima, cuando accedes a tu banco o realizas transacciones en l\u00ednea.Navegaci\u00f3n segura: Bloquea sitios maliciosos y de phishing, protegi\u00e9ndote mientras compras o accedes a servicios bancarios.             <\/p>\n<h3 class=\"a-text-center aplus-h1 a-text-bold\"> Un panda para cada tipo de usuario <\/h3>\n<p>                         Add To Basket  <\/p>\n<p>                         Add To Basket  <\/p>\n<p>                         Add To Basket  <\/p>\n<p>                         Add To Basket  <\/p>\n<p>                                     Customer Reviews  <\/p>\n<p>                \u2014                                     <\/p>\n<p>                    3.1 out of 5 stars  9  <\/p>\n<p>                    4.8 out of 5 stars  6  <\/p>\n<p>                    4.6 out of 5 stars  2  <\/p>\n<p>                                     Price  <\/p>\n<p>                                                        \u20ac63.99\u20ac63.99     <\/p>\n<p>                                                        \u20ac19.99\u20ac19.99     <\/p>\n<p>                                                        \u20ac27.95\u20ac27.95     <\/p>\n<p>                                                        \u20ac39.99\u20ac39.99     <\/p>\n<p>                                     VPN: Navegaci\u00f3n privada  <\/p>\n<p>                                                5 dispositivos &#8211; MB ilimitados    <\/p>\n<p>                                                1 dispositivo &#8211; 150 MB \/ d\u00eda    <\/p>\n<p>                                                1 dispositivo &#8211; 150 MB \/ d\u00eda    <\/p>\n<p>                                                1 dispositivo &#8211; 150 MB \/ d\u00eda    <\/p>\n<p>                                     Protecci\u00f3n antivirus cloud  <\/p>\n<p>                                                    \u2714       <\/p>\n<p>                                                    \u2714       <\/p>\n<p>                                                    \u2714       <\/p>\n<p>                                                    \u2714       <\/p>\n<p>                                     Protecci\u00f3n Wi-Fi  <\/p>\n<p>                                                    \u2714       <\/p>\n<p>                                                    \u2714       <\/p>\n<p>                                                    \u2714       <\/p>\n<p>                                                    \u2714       <\/p>\n<p>                                     Compras y banca online seguras  <\/p>\n<p>                                                    \u2714       <\/p>\n<p>                                                    \u2714       <\/p>\n<p>                                                    \u2714       <\/p>\n<p>                                                    \u2714       <\/p>\n<p>                                     Control parental  <\/p>\n<p>                                                    \u2714       <\/p>\n<p>                                                    \u2718      <\/p>\n<p>                                                    \u2714       <\/p>\n<p>                                                    \u2714       <\/p>\n<p>                                     Protecci\u00f3n contra ransomware  <\/p>\n<p>                                                    \u2714       <\/p>\n<p>                                                    \u2718      <\/p>\n<p>                                                    \u2714       <\/p>\n<p>                                                    \u2714       <\/p>\n<p>                                     Gestor de contrase\u00f1as   <\/p>\n<p>                                                    \u2714       <\/p>\n<p>                                                    \u2718      <\/p>\n<p>                                                    \u2718      <\/p>\n<p>                                                    \u2714       <\/p>\n<p>                                     CleanUp: Optimiza tu PC  <\/p>\n<p>                                                    \u2714       <\/p>\n<p>                                                    \u2718      <\/p>\n<p>                                                    \u2718      <\/p>\n<p>                                                    \u2714       <\/p>\n<p>                                     Gestor de actualizaciones PC  <\/p>\n<p>                                                    \u2714       <\/p>\n<p>                                                    \u2718      <\/p>\n<p>                                                    \u2718      <\/p>\n<p>                                                    \u2718      <\/p>\n<p>                                     TotalCare: soporte inform\u00e1tico  <\/p>\n<p>                                                    \u2714       <\/p>\n<p>                                                    \u2718      <\/p>\n<p>                                                    \u2718      <\/p>\n<p>                                                    \u2718      <\/p>\n<p>                                                                     Descubre la tranquilidad digital con panda                                            <img decoding=\"async\" alt=\"Panda watchguard Brand\" src=\"https:\/\/images-na.ssl-images-amazon.com\/images\/G\/01\/x-locale\/common\/grey-pixel.gif\" class=\"a-lazy-loaded\" data-src=\"https:\/\/m.media-amazon.com\/images\/S\/aplus-media-library-service-media\/95d188ec-4879-410c-8da9-b30f940b481e.__CR36,0,2928,1200_PT0_SX1464_V1___.png\"><img decoding=\"async\" alt=\"Panda watchguard Brand\" src=\"https:\/\/m.media-amazon.com\/images\/S\/aplus-media-library-service-media\/95d188ec-4879-410c-8da9-b30f940b481e.__CR36,0,2928,1200_PT0_SX1464_V1___.png\">                                         <\/p>\n<p class=\"aplus-description aplus-container-3 aplus-p1\"> Con m\u00e1s de 30 a\u00f1os a la vanguardia de la ciberseguridad, colaboramos con las principales instituciones internacionales para combatir el cibercrimen y proteger a millones de usuarios en todo el mundo. Ponemos nuestra vasta experiencia a tu servicio para garantizar tu bienestar digital. <\/p>\n<h3>\n<p class=\"aplus-question aplus-p1\"> \u00bfEl antivirus es compatible con todos mis dispositivos y sistemas operativos? <\/p>\n<\/h3>\n<p class=\"aplus-answer aplus-p2\"> Panda se compromete a ofrecer la m\u00e1xima compatibilidad con los dispositivos de sus usuarios. Ofrecemos soluciones de seguridad compatibles con versiones antiguas de sistemas operativos, como puede ser Windows XP, Android 6, mac OSX 10 o iOS 13. <\/p>\n<h3>\n<p class=\"aplus-question aplus-p1\"> \u00bfCu\u00e1l es la eficacia del antivirus en la detecci\u00f3n y eliminaci\u00f3n de malware? <\/p>\n<\/h3>\n<p class=\"aplus-answer aplus-p2\"> Panda Dome ha demostrado consistentemente, a trav\u00e9s de sus m\u00e1s de 30 a\u00f1os de historia y protegiendo m\u00e1s de 30 millones de usuarios ser un producto de una calidad intachable <\/p>\n<h3>\n<p class=\"aplus-question aplus-p1\"> \u00bfQu\u00e9 tipo de protecci\u00f3n en tiempo real ofrece? <\/p>\n<\/h3>\n<p class=\"aplus-answer aplus-p2\"> Nuestro antivirus proporciona protecci\u00f3n en tiempo real basada en la nube monitoriza todas las aplicaciones que se ejecutan en los sistemas, clasificando y analizando absolutamente todo. <\/p>\n<h3>\n<p class=\"aplus-question aplus-p1\"> \u00bfEl antivirus afecta significativamente al rendimiento del sistema? <\/p>\n<\/h3>\n<p class=\"aplus-answer aplus-p2\"> Gracias a que nuestro antivirus funciona desde la nube, no ralentiza tu equipo, en el mes de abril de 2024, nuestro antivirus fue galardonado con un premio al mejor rendimiento y menor consumo de recursos por AV Comparatives.  <\/p>\n<h3>\n<p class=\"aplus-question aplus-p1\"> \u00bfCada cuanto tiempo se actualiza? <\/p>\n<\/h3>\n<p class=\"aplus-answer aplus-p2\"> Al ser un antivirus cloud tan pronto como una amenaza es a\u00f1adida a nuestra base de conocimiento, nuestros usuarios est\u00e1n inmediatamente protegidos. <\/p>\n<p> Package Dimensions                                            \u200f                                            :                                            \u200e                                            14.8 x 10 x 0.04 cm; 80 g   <br \/> Date First Available                                            \u200f                                            :                                            \u200e                                            22 Sept. 2020   <br \/> Manufacturer                                            \u200f                                            :                                            \u200e                                            PANDA SECURITY   <br \/> Item model number                                            \u200f                                            :                                            \u200e                                            Essential   <br \/> ASIN                                            \u200f                                            :                                            \u200e                                            B08HRQVMQ9   <br \/> Country of origin                                            \u200f                                            :                                            \u200e                                            Spain   <br \/>       Best Sellers Rank:  24 in Software (See Top 100 in Software)    23 in Antivirus &#038; Security      <br \/>  Customer reviews:                                                                                            4.3               4.3 out of 5 stars                                  (211)                                              var dpAcrHasRegisteredArcLinkClickAction;                    P.when(&#8216;A&#8217;, &#8216;ready&#8217;).execute(function(A) {                        if (dpAcrHasRegisteredArcLinkClickAction !== true) {                            dpAcrHasRegisteredArcLinkClickAction = true;                            A.declarative(                                &#8216;acrLink-click-metrics&#8217;, &#8216;click&#8217;,                                { \u00aballowLinkDefault\u00bb: true },                                function (event) {                                    if (window.ue) {                                        ue.count(\u00abacrLinkClickCount\u00bb, (ue.count(\u00abacrLinkClickCount\u00bb) || 0) + 1);                                    }                                }                            );                        }                    });                                             P.when(&#8216;A&#8217;, &#8216;cf&#8217;).execute(function(A) {                A.declarative(&#8216;acrStarsLink-click-metrics&#8217;, &#8216;click&#8217;, { \u00aballowLinkDefault\u00bb : true },  function(event){                    if(window.ue) {                        ue.count(\u00abacrStarsLinkWithPopoverClickCount\u00bb, (ue.count(\u00abacrStarsLinkWithPopoverClickCount\u00bb) || 0) + 1);                    }                });            });                          <\/p>\n<p>Antivirus-Cloud-Schutz mit Gaming-Modus, maximaler Leistung und Schutz f\u00fcr Windows, Android und Mac.<br \/>VPN: Anonyme und sichere Navigation. 1 Ger\u00e4t und 150 MB\/Tag &#8211; sorgenfrei browsen ohne Sorgen.<br \/>Sicheres Online-Shopping und -Banking mit unserer hervorragenden Sicherheitssuite.<br \/>Diebstahlsicherung: Lokalisiere und sperre deine Ger\u00e4te oder l\u00f6sche Daten im Falle eines Diebstahls und sch\u00fctze sie nicht nur vor Cyberangriffen, sondern auch vor physischen Bedrohungen.<br \/>Anti-viren-Scans von externen Ger\u00e4ten. Wir sch\u00fctzen deinen Computer oder deine mobilen und USB-Ger\u00e4te.<\/p>\n\n","protected":false},"excerpt":{"rendered":"<p> Product Description F\u00e1cil de usar Inst\u00e1lalo y olv\u00eddate nunca m\u00e1s tendr\u00e1s que actualizarlo, ni hacer<\/p>","protected":false},"featured_media":25383,"comment_status":"open","ping_status":"closed","template":"","meta":[],"product_brand":[],"product_cat":[74],"product_tag":[1370,5922,1364,1371,2954,1367,7511,2204,2361,617,1363,1365,1369,7510,5921,1362,1366,1368,2306],"class_list":{"0":"post-25382","1":"product","2":"type-product","3":"status-publish","4":"has-post-thumbnail","6":"product_cat-cases","7":"product_tag-airflow-pc-case","8":"product_tag-antivirus","9":"product_tag-atx-case","10":"product_tag-best-pc-case","11":"product_tag-cloud","12":"product_tag-computer-cabinet","13":"product_tag-dispositivo","14":"product_tag-dome","15":"product_tag-essential","16":"product_tag-gaming","17":"product_tag-gaming-pc-case","18":"product_tag-mid-tower-case","19":"product_tag-mini-itx-case","20":"product_tag-modo","21":"product_tag-panda","22":"product_tag-pc-case","23":"product_tag-rgb-pc-case","24":"product_tag-tempered-glass-case","25":"product_tag-vpn","27":"first","28":"instock","29":"sale","30":"shipping-taxable","31":"product-type-external"},"_links":{"self":[{"href":"https:\/\/comprasyconsejos.store\/en\/wp-json\/wp\/v2\/product\/25382","targetHints":{"allow":["GET"]}}],"collection":[{"href":"https:\/\/comprasyconsejos.store\/en\/wp-json\/wp\/v2\/product"}],"about":[{"href":"https:\/\/comprasyconsejos.store\/en\/wp-json\/wp\/v2\/types\/product"}],"replies":[{"embeddable":true,"href":"https:\/\/comprasyconsejos.store\/en\/wp-json\/wp\/v2\/comments?post=25382"}],"version-history":[{"count":0,"href":"https:\/\/comprasyconsejos.store\/en\/wp-json\/wp\/v2\/product\/25382\/revisions"}],"wp:featuredmedia":[{"embeddable":true,"href":"https:\/\/comprasyconsejos.store\/en\/wp-json\/wp\/v2\/media\/25383"}],"wp:attachment":[{"href":"https:\/\/comprasyconsejos.store\/en\/wp-json\/wp\/v2\/media?parent=25382"}],"wp:term":[{"taxonomy":"product_brand","embeddable":true,"href":"https:\/\/comprasyconsejos.store\/en\/wp-json\/wp\/v2\/product_brand?post=25382"},{"taxonomy":"product_cat","embeddable":true,"href":"https:\/\/comprasyconsejos.store\/en\/wp-json\/wp\/v2\/product_cat?post=25382"},{"taxonomy":"product_tag","embeddable":true,"href":"https:\/\/comprasyconsejos.store\/en\/wp-json\/wp\/v2\/product_tag?post=25382"}],"curies":[{"name":"wp","href":"https:\/\/api.w.org\/{rel}","templated":true}]}}