{"id":25390,"date":"2026-02-19T14:57:17","date_gmt":"2026-02-19T14:57:17","guid":{"rendered":"https:\/\/comprasyconsejos.store\/product\/tp-link-ua520c-usb-type-c-to-hdmi-adapter-4k60hz-plug-and-play-compatible-with-macbook-pro-ipad-pro-windows-macos-ipados-ios-android-linux-chrome-os-aluminum-housing\/"},"modified":"2026-02-19T14:57:22","modified_gmt":"2026-02-19T14:57:22","slug":"tp-link-ua520c-usb-type-c-to-hdmi-adapter-4k60hz-plug-and-play-compatible-with-macbook-pro-ipad-pro-windows-macos-ipados-ios-android-linux-chrome-os-aluminum-housing","status":"publish","type":"product","link":"https:\/\/comprasyconsejos.store\/en\/product\/tp-link-ua520c-usb-type-c-to-hdmi-adapter-4k60hz-plug-and-play-compatible-with-macbook-pro-ipad-pro-windows-macos-ipados-ios-android-linux-chrome-os-aluminum-housing\/","title":{"rendered":"TP-Link UA520C USB Type-C to HDMI Adapter 4K@60Hz, Plug and Play, Compatible with MacBook Pro, iPad Pro, Windows, MacOS, iPadOS, iOS, Android, Linux, Chrome OS, Aluminum Housing"},"content":{"rendered":"<p>Price: <span style=\"color:#b12704\"><del>\u20ac16.69<\/del> - \u20ac13.99<\/span><br \/><i><small>(as of Feb 19, 2026 14:57:17 UTC &#8211; <span class=\"wp_automatic_amazon_disclaimer\" title=\"Product prices and availability are accurate as of the date\/time indicated and are subject to change. Any price and availability information displayed on [relevant Amazon Site(s), as applicable] at the time of purchase will apply to the purchase of this product.\">Details<\/span>)<\/small><\/i><\/p>\n<p><a href=\"https:\/\/amazon.es\/dp\/B0DT1N3DX7?tag=man008-21\"><img decoding=\"async\" src=\"https:\/\/valvepress.s3.amazonaws.com\/imgs\/buy_now.png\"><\/a><br \/>\n<\/p>\n<p>                                             From the manufacturer   <\/p>\n<p>                                                                                                       <img decoding=\"async\" alt=\"Demostraci\u00f3n del producto de la funcionalidad de duplicaci\u00f3n o transmisi\u00f3n de pantalla entre dispositivos. Muestra la sincronizaci\u00f3n de la pantalla del port\u00e1til y del televisor o monitor.\" src=\"https:\/\/images-na.ssl-images-amazon.com\/images\/G\/01\/x-locale\/common\/grey-pixel.gif\" class=\"a-lazy-loaded\" data-src=\"https:\/\/m.media-amazon.com\/images\/S\/aplus-media-library-service-media\/1abec3f2-93ee-4352-a6e3-ab0085460a3b.__CR0,0,1464,600_PT0_SX1464_V1___.jpg\"><img decoding=\"async\" alt=\"Demostraci\u00f3n del producto de la funcionalidad de duplicaci\u00f3n o transmisi\u00f3n de pantalla entre dispositivos. Muestra la sincronizaci\u00f3n de la pantalla del port\u00e1til y del televisor o monitor.\" src=\"https:\/\/m.media-amazon.com\/images\/S\/aplus-media-library-service-media\/1abec3f2-93ee-4352-a6e3-ab0085460a3b.__CR0,0,1464,600_PT0_SX1464_V1___.jpg\">                                               <\/p>\n<p>                                                                                                       <img decoding=\"async\" alt=\"aplus content image\" src=\"https:\/\/images-na.ssl-images-amazon.com\/images\/G\/01\/x-locale\/common\/grey-pixel.gif\" class=\"a-lazy-loaded\" data-src=\"https:\/\/m.media-amazon.com\/images\/S\/aplus-media-library-service-media\/7ee99b7a-cc66-4bb0-90c5-39f986933359.__CR0,0,1464,600_PT0_SX1464_V1___.jpg\"><img decoding=\"async\" alt=\"aplus content image\" src=\"https:\/\/m.media-amazon.com\/images\/S\/aplus-media-library-service-media\/7ee99b7a-cc66-4bb0-90c5-39f986933359.__CR0,0,1464,600_PT0_SX1464_V1___.jpg\">                                                                                    Plug &amp; Play Compatibilidad Total                                        <\/p>\n<p class=\"aplus-p2 aplus-module-2-description\"> Convierte al instante el puerto USB-C de tus dispositivos en un puerto HDMI, sin necesidad de instalar drivers. Es compatible con macOS, Windows, iPadOS, iOS, Android, Linux y Chrome OS. <\/p>\n<p class=\"aplus-p2 aplus-module-2-description\"> *Aseg\u00farate de que el puerto USB-C de tu dispositivo admite la salida de se\u00f1al de v\u00eddeo (modo DP Alt). <\/p>\n<p>                                                                                                       <img decoding=\"async\" alt=\"aplus content image\" src=\"https:\/\/images-na.ssl-images-amazon.com\/images\/G\/01\/x-locale\/common\/grey-pixel.gif\" class=\"a-lazy-loaded\" data-src=\"https:\/\/m.media-amazon.com\/images\/S\/aplus-media-library-service-media\/2f201319-d090-4448-9e49-2c3d2265711a.__CR0,0,1464,600_PT0_SX1464_V1___.jpg\"><img decoding=\"async\" alt=\"aplus content image\" src=\"https:\/\/m.media-amazon.com\/images\/S\/aplus-media-library-service-media\/2f201319-d090-4448-9e49-2c3d2265711a.__CR0,0,1464,600_PT0_SX1464_V1___.jpg\">                                                                                    M\u00e1s Flexible con Cable Trenzado de 10 cm                                                                                       <\/p>\n<p>                                                                                                       <img decoding=\"async\" alt=\"aplus content image\" src=\"https:\/\/images-na.ssl-images-amazon.com\/images\/G\/01\/x-locale\/common\/grey-pixel.gif\" class=\"a-lazy-loaded\" data-src=\"https:\/\/m.media-amazon.com\/images\/S\/aplus-media-library-service-media\/b60f892e-a595-44a0-b702-1e02f00617ff.__CR0,0,1464,600_PT0_SX1464_V1___.jpg\"><img decoding=\"async\" alt=\"aplus content image\" src=\"https:\/\/m.media-amazon.com\/images\/S\/aplus-media-library-service-media\/b60f892e-a595-44a0-b702-1e02f00617ff.__CR0,0,1464,600_PT0_SX1464_V1___.jpg\">                                                                                    Dise\u00f1o Port\u00e1til y Resistente                                        <\/p>\n<p class=\"aplus-p2 aplus-module-2-description\"> La carcasa de aleaci\u00f3n de aluminio y el cable trenzado hacen que UA520C sea m\u00e1s duradero. Con su dise\u00f1o compacto mejora la portabilidad. <\/p>\n<p> Product Dimensions                                            \u200f                                            :                                            \u200e                                            5 x 2.3 x 1 cm; 20 g   <br \/> Manufacturer                                            \u200f                                            :                                            \u200e                                            TP-Link   <br \/> ASIN                                            \u200f                                            :                                            \u200e                                            B0DT1N3DX7   <br \/> Item model number                                            \u200f                                            :                                            \u200e                                            UA520C   <br \/> Country of origin                                            \u200f                                            :                                            \u200e                                            Spain   <br \/> Guaranteed software updates until                                            \u200f                                            :                                            \u200e                                            unknown   <br \/>  Customer reviews:                                                                                            4.2               4.2 out of 5 stars                                  (146)                                              var dpAcrHasRegisteredArcLinkClickAction;                    P.when(&#8216;A&#8217;, &#8216;ready&#8217;).execute(function(A) {                        if (dpAcrHasRegisteredArcLinkClickAction !== true) {                            dpAcrHasRegisteredArcLinkClickAction = true;                            A.declarative(                                &#8216;acrLink-click-metrics&#8217;, &#8216;click&#8217;,                                { \u00aballowLinkDefault\u00bb: true },                                function (event) {                                    if (window.ue) {                                        ue.count(\u00abacrLinkClickCount\u00bb, (ue.count(\u00abacrLinkClickCount\u00bb) || 0) + 1);                                    }                                }                            );                        }                    });                                             P.when(&#8216;A&#8217;, &#8216;cf&#8217;).execute(function(A) {                A.declarative(&#8216;acrStarsLink-click-metrics&#8217;, &#8216;click&#8217;, { \u00aballowLinkDefault\u00bb : true },  function(event){                    if(window.ue) {                        ue.count(\u00abacrStarsLinkWithPopoverClickCount\u00bb, (ue.count(\u00abacrStarsLinkWithPopoverClickCount\u00bb) || 0) + 1);                    }                });            });                          <\/p>\n<p>HDMI Output up to 4K@60Hz: Connect your device to an external monitor for an ultra-high definition visual experience.<br \/>Broad Compatibility: Works with USB-C devices that support DP Alt mode, including desktops, laptops, tablets and phones. Compatible with operating systems such as MacOS, Windows, iPadOS, iOS, Android, Linux and Chrome OS.<br \/>Plug and Play: No driver installation required; just plug in and enjoy an immediate connection.<br \/>DURABLE AND PORTABLE DESIGN &#8211; Aluminum alloy housing and 10cm braided cable reduces interference with other ports, providing durability and ease of carrying<br \/>Compact and lightweight: Compact design makes it easy to carry and use anywhere.<\/p>\n\n","protected":false},"excerpt":{"rendered":"<p> From the manufacturer Plug &amp; Play Compatibilidad Total Convierte al instante el puerto USB-C de<\/p>","protected":false},"featured_media":25391,"comment_status":"open","ping_status":"closed","template":"","meta":[],"product_brand":[],"product_cat":[47],"product_tag":[1220,144,435,391,1399,2809,201,1411,544,6073,2810,162,2811,1413,2138,160,1013,1407,1409,1415,1416,1139,324,1417,163,1405,2447,381,7512,133,1403,537],"class_list":{"0":"post-25390","1":"product","2":"type-product","3":"status-publish","4":"has-post-thumbnail","6":"product_cat-card-readers","7":"product_tag-4k60hz","8":"product_tag-adapter","9":"product_tag-aluminum","10":"product_tag-android","11":"product_tag-card-reader","12":"product_tag-chrome","13":"product_tag-compatible","14":"product_tag-fast-card-reader","15":"product_tag-hdmi","16":"product_tag-housing","17":"product_tag-ios","18":"product_tag-ipad","19":"product_tag-ipados","20":"product_tag-laptop-card-reader","21":"product_tag-linux","22":"product_tag-macbook","23":"product_tag-macos","24":"product_tag-memory-card-reader","25":"product_tag-micro-sd-card-reader","26":"product_tag-multi-card-reader","27":"product_tag-otg-card-reader","28":"product_tag-play","29":"product_tag-plug","30":"product_tag-portable-card-reader","31":"product_tag-pro","32":"product_tag-sd-card-reader","33":"product_tag-tplink","34":"product_tag-typec","35":"product_tag-ua520c","36":"product_tag-usb","37":"product_tag-usb-card-reader","38":"product_tag-windows","40":"first","41":"instock","42":"sale","43":"shipping-taxable","44":"product-type-external"},"_links":{"self":[{"href":"https:\/\/comprasyconsejos.store\/en\/wp-json\/wp\/v2\/product\/25390","targetHints":{"allow":["GET"]}}],"collection":[{"href":"https:\/\/comprasyconsejos.store\/en\/wp-json\/wp\/v2\/product"}],"about":[{"href":"https:\/\/comprasyconsejos.store\/en\/wp-json\/wp\/v2\/types\/product"}],"replies":[{"embeddable":true,"href":"https:\/\/comprasyconsejos.store\/en\/wp-json\/wp\/v2\/comments?post=25390"}],"version-history":[{"count":0,"href":"https:\/\/comprasyconsejos.store\/en\/wp-json\/wp\/v2\/product\/25390\/revisions"}],"wp:featuredmedia":[{"embeddable":true,"href":"https:\/\/comprasyconsejos.store\/en\/wp-json\/wp\/v2\/media\/25391"}],"wp:attachment":[{"href":"https:\/\/comprasyconsejos.store\/en\/wp-json\/wp\/v2\/media?parent=25390"}],"wp:term":[{"taxonomy":"product_brand","embeddable":true,"href":"https:\/\/comprasyconsejos.store\/en\/wp-json\/wp\/v2\/product_brand?post=25390"},{"taxonomy":"product_cat","embeddable":true,"href":"https:\/\/comprasyconsejos.store\/en\/wp-json\/wp\/v2\/product_cat?post=25390"},{"taxonomy":"product_tag","embeddable":true,"href":"https:\/\/comprasyconsejos.store\/en\/wp-json\/wp\/v2\/product_tag?post=25390"}],"curies":[{"name":"wp","href":"https:\/\/api.w.org\/{rel}","templated":true}]}}