{"id":25398,"date":"2026-02-19T15:00:08","date_gmt":"2026-02-19T15:00:08","guid":{"rendered":"https:\/\/comprasyconsejos.store\/product\/fifine-gaming-microphone-for-pc-ps4-ps5-usb-condenser-cardioid-microphone-for-computer-podcast-streaming-studio-with-rgb-mute-button-tripod-anti-pop-filter-shock-stand\/"},"modified":"2026-02-19T15:00:10","modified_gmt":"2026-02-19T15:00:10","slug":"fifine-gaming-microphone-for-pc-ps4-ps5-usb-condenser-cardioid-microphone-for-computer-podcast-streaming-studio-with-rgb-mute-button-tripod-anti-pop-filter-shock-stand","status":"publish","type":"product","link":"https:\/\/comprasyconsejos.store\/en\/product\/fifine-gaming-microphone-for-pc-ps4-ps5-usb-condenser-cardioid-microphone-for-computer-podcast-streaming-studio-with-rgb-mute-button-tripod-anti-pop-filter-shock-stand\/","title":{"rendered":"FIFINE Gaming Microphone for PC PS4 PS5, USB Condenser Cardioid Microphone for Computer Podcast Streaming Studio, with RGB, Mute Button, Tripod, Anti-Pop Filter, Shock Stand"},"content":{"rendered":"<p>Price: <span style=\"color:#b12704\">\u20ac24.49<\/span><br \/><i><small>(as of Feb 19, 2026 15:00:08 UTC &#8211; <span class=\"wp_automatic_amazon_disclaimer\" title=\"Product prices and availability are accurate as of the date\/time indicated and are subject to change. Any price and availability information displayed on [relevant Amazon Site(s), as applicable] at the time of purchase will apply to the purchase of this product.\">Details<\/span>)<\/small><\/i><\/p>\n<p><a href=\"https:\/\/amazon.es\/dp\/B09MHRYY5C?tag=man008-21\"><img decoding=\"async\" src=\"https:\/\/valvepress.s3.amazonaws.com\/imgs\/buy_now.png\"><\/a><br \/>\n<\/p>\n<p>                                             Product Description   <\/p>\n<p>                                                                                                                  <img decoding=\"async\" alt=\"L\u00e1mparas LED cil\u00edndricas que cambian de color con patrones ondulados. Varias unidades peque\u00f1as se muestran en varios colores, y una unidad m\u00e1s grande muestra tonos azules y rosados\" src=\"https:\/\/m.media-amazon.com\/images\/S\/aplus-media-library-service-media\/863c61c1-3427-4d6f-97ad-5793a7605c71.__CR0,0,1464,600_PT0_SX1464_V1___.jpg\">                                                                                                                        <\/p>\n<p class=\"description aplus-p1\"> Luces RGB de dos tonos con cambio de gradiente autom\u00e1tico para agregar un aura de juego inmersiva. <\/p>\n<p>                                                      <img decoding=\"async\" alt=\"Configuraci\u00f3n de escritorio con teclado iluminado, micr\u00f3fono negro peque\u00f1o y altavoces. La iluminaci\u00f3n violeta y azul crea una atm\u00f3sfera espectacular.\" src=\"https:\/\/m.media-amazon.com\/images\/S\/aplus-media-library-service-media\/ea347c60-9a43-4d69-a5dd-6cf94d34e06d.__CR0,0,1464,600_PT0_SX1464_V1___.jpg\">                                                                                                                        <\/p>\n<p class=\"description aplus-p1\"> T\u00f3calo para silenciar o reactivar el micr\u00f3fono sin sonido, muy de evitar la verg\u00fcenza al transmitir. <\/p>\n<p>                                                      <img decoding=\"async\" alt=\"con soporte ajustable e iluminaci\u00f3n LED, que se muestra cuando se usa con un teclado. Los paneles laterales muestran las funciones de grabaci\u00f3n de audio del micr\u00f3fono.\" src=\"https:\/\/m.media-amazon.com\/images\/S\/aplus-media-library-service-media\/91520424-352f-4a8f-a2f5-bdd91d8be60d.__CR0,0,1464,600_PT0_SX1464_V1___.jpg\">                                                                                                                        <\/p>\n<p class=\"description aplus-p1\"> G\u00edrelo hacia arriba o hacia abajo para aumentar o disminuir el volumen del micr\u00f3fono. <\/p>\n<p>                                                      <img decoding=\"async\" alt=\"con teclado, micr\u00f3fono, monitores duales que muestran escenas de juegos de fantas\u00eda y computadora port\u00e1til. Los siguientes iconos muestran la compatibilidad con varias plataformas de juego.\" src=\"https:\/\/m.media-amazon.com\/images\/S\/aplus-media-library-service-media\/5dcdeca3-c348-458c-8615-a59206b92751.__CR0,0,1464,600_PT0_SX1464_V1___.jpg\">                                                                                                                        <\/p>\n<p class=\"description aplus-p1\"> Funciona bien con computadora port\u00e1til, computadora de escritorio, PS4\/PS5. Plug and play. <\/p>\n<p>                            1 Cambio RGB brillante <\/p>\n<p>                            2 Bot\u00f3n para silenciar <\/p>\n<p>                            3 Perilla de micr\u00f3fono <\/p>\n<p>                            4 Ampliamente compatible <\/p>\n<p>                                                                                              <img decoding=\"async\" alt=\"sobre tr\u00edpode, colocado sobre un escritorio con teclado y monitor. La iluminaci\u00f3n azul resalta el elegante dise\u00f1o para la transmisi\u00f3n o\" src=\"https:\/\/images-na.ssl-images-amazon.com\/images\/G\/01\/x-locale\/common\/grey-pixel.gif\" class=\"a-lazy-loaded\" data-src=\"https:\/\/m.media-amazon.com\/images\/S\/aplus-media-library-service-media\/0c433fa5-8da4-402d-8377-09d60cef4341.__CR0,0,650,350_PT0_SX650_V1___.jpg\"><img decoding=\"async\" alt=\"sobre tr\u00edpode, colocado sobre un escritorio con teclado y monitor. La iluminaci\u00f3n azul resalta el elegante dise\u00f1o para la transmisi\u00f3n o\" src=\"https:\/\/m.media-amazon.com\/images\/S\/aplus-media-library-service-media\/0c433fa5-8da4-402d-8377-09d60cef4341.__CR0,0,650,350_PT0_SX650_V1___.jpg\">                                            Micr\u00f3fono de condensador para juegos                                         <\/p>\n<p class=\"aplus-p3\"> Micr\u00f3fono USB para PC para juegos, la c\u00e1psula de micr\u00f3fono de condensador incorporada realmente retroalimenta los detalles de tu voz. La calidad de sonido clara y fluida del micr\u00f3fono de la PC para podcast acorta la distancia de comunicaci\u00f3n o interacci\u00f3n entre usted y sus compa\u00f1eros de equipo. <\/p>\n<p>                                           <img decoding=\"async\" alt=\"en un escritorio de una habitaci\u00f3n con poca luz con iluminaci\u00f3n azul y rosa. La pantalla muestra el patr\u00f3n polar y los diagramas de sensibilidad\" src=\"https:\/\/images-na.ssl-images-amazon.com\/images\/G\/01\/x-locale\/common\/grey-pixel.gif\" class=\"a-lazy-loaded\" data-src=\"https:\/\/m.media-amazon.com\/images\/S\/aplus-media-library-service-media\/c8e8ea9b-041c-4486-84bf-3a68c5b08de8.__CR0,0,650,350_PT0_SX650_V1___.jpg\"><img decoding=\"async\" alt=\"en un escritorio de una habitaci\u00f3n con poca luz con iluminaci\u00f3n azul y rosa. La pantalla muestra el patr\u00f3n polar y los diagramas de sensibilidad\" src=\"https:\/\/m.media-amazon.com\/images\/S\/aplus-media-library-service-media\/c8e8ea9b-041c-4486-84bf-3a68c5b08de8.__CR0,0,650,350_PT0_SX650_V1___.jpg\">                                            Patr\u00f3n de captaci\u00f3n cardioide                                         <\/p>\n<p class=\"aplus-p3\"> Los micr\u00f3fonos USB para grabaci\u00f3n recogen con sensibilidad el frente para apuntar a la fuente de sonido principal. El micr\u00f3fono de transmisi\u00f3n para PC bloquea el ruido ambiental para brindar voz pura y real. Comunica claramente tu estrategia de juego a tus compa\u00f1eros de equipo. <\/p>\n<p>                                                                                     <img decoding=\"async\" alt=\"Configuraci\u00f3n para juegos con un monitor grande que muestra la interfaz de un videojuego, un micr\u00f3fono en el soporte y una luz anular que ilumina la escena en una habitaci\u00f3n con poca luz\" src=\"https:\/\/m.media-amazon.com\/images\/S\/aplus-media-library-service-media\/30cf8450-f469-4bd6-bb00-a2e39c2d92f0.__CR0,0,1464,600_PT0_SX1464_V1___.jpg\">                                                    Para transmisi\u00f3n en vivo                                         <\/p>\n<p class=\"aplus-p3\"> La voz clara y real hace eco en su audiencia f\u00e1cilmente, y m\u00e1s conversaciones mejoran la interacci\u00f3n en sus canales de transmisi\u00f3n en vivo. <\/p>\n<p>                                                                                     <img decoding=\"async\" alt=\"Persona en un cuarto oscuro con auriculares, sujetando el mando del juego, con un tel\u00e9fono inteligente iluminado en el soporte del brazo.\" src=\"https:\/\/m.media-amazon.com\/images\/S\/aplus-media-library-service-media\/d4f70d79-47a6-4e7b-97c8-b34e8823fc62.__CR0,0,1464,600_PT0_SX1464_V1___.jpg\">                                                    Dise\u00f1ado para jugadores                                         <\/p>\n<p class=\"aplus-p3\"> Tus amigos pueden escuchar claramente tu llamada sin importar si se trata de PS4\/PS5 o juegos de PC, lo que facilita el paso al siguiente nivel de juego. <\/p>\n<p>                                                                                     <img decoding=\"async\" alt=\"en la configuraci\u00f3n de juegos con auriculares, micr\u00f3fono y teclado iluminado. La iluminaci\u00f3n de ne\u00f3n y los s\u00edmbolos del mando de juego son visibles en segundo plano.\" src=\"https:\/\/m.media-amazon.com\/images\/S\/aplus-media-library-service-media\/4fbc5453-b392-4cf7-ba2a-b91552e9d990.__CR0,0,1464,600_PT0_SX1464_V1___.jpg\">                                                    Para voz de juego                                         <\/p>\n<p class=\"aplus-p3\"> La comunicaci\u00f3n de voz fluida mejora la cooperaci\u00f3n con tus compa\u00f1eros de equipo para una victoria efectiva. <\/p>\n<p>                                                                                     <img decoding=\"async\" alt=\"Configuraci\u00f3n de juegos con dos monitores, teclado y micr\u00f3fono en un escritorio. La iluminaci\u00f3n de ne\u00f3n crea un ambiente futurista con tonos rosas y azules\" src=\"https:\/\/m.media-amazon.com\/images\/S\/aplus-media-library-service-media\/ea0c15ec-e34c-474a-815f-6b0b988a94da.__CR0,0,1464,600_PT0_SX1464_V1___.jpg\">                                                    Complemento Zona de Juego                                         <\/p>\n<p class=\"aplus-p3\"> Combinando la configuraci\u00f3n de PC con luz de arco iris fluida, el micr\u00f3fono RGB para juegos muestra la calma y el lujo del dispositivo de jugador. <\/p>\n<p>                                                                                     <img decoding=\"async\" alt=\"Persona que usa una configuraci\u00f3n de juego con teclado y auriculares iluminados, que juega en un monitor grande en una habitaci\u00f3n con poca luz\" src=\"https:\/\/m.media-amazon.com\/images\/S\/aplus-media-library-service-media\/b9a31583-10fd-48cd-adbf-5a0aa07de042.__CR0,0,1464,600_PT0_SX1464_V1___.jpg\">                                                    Micr\u00f3fono multiusos                                         <\/p>\n<p class=\"aplus-p3\"> La innovaci\u00f3n visual y la mejora destacada se combinan con m\u00e1s escenas. <\/p>\n<p>                                                                                              <img decoding=\"async\" alt=\"1\" src=\"https:\/\/images-na.ssl-images-amazon.com\/images\/G\/01\/x-locale\/common\/grey-pixel.gif\" class=\"a-lazy-loaded\" data-src=\"https:\/\/m.media-amazon.com\/images\/S\/aplus-media-library-service-media\/79a3f7f3-c878-48ae-b268-ec63c266cf43.__CR0,0,300,225_PT0_SX300_V1___.jpg\"><img decoding=\"async\" alt=\"1\" src=\"https:\/\/m.media-amazon.com\/images\/S\/aplus-media-library-service-media\/79a3f7f3-c878-48ae-b268-ec63c266cf43.__CR0,0,300,225_PT0_SX300_V1___.jpg\">                                            Filtro pop desmontable                                         <\/p>\n<p class=\"aplus-p3\"> Reduce y bloquea los estallidos y silbidos en su grabaci\u00f3n. Protege tu micr\u00f3fono de streaming para PC contra el polvo y la saliva. <\/p>\n<p>                                           <img decoding=\"async\" alt=\"Primer plano de un soporte amortiguador para micr\u00f3fono con rejilla de malla iluminada en azul. Soporte circular negro con clips de suspensi\u00f3n blancos que sujetan el micr\u00f3fono en\" src=\"https:\/\/images-na.ssl-images-amazon.com\/images\/G\/01\/x-locale\/common\/grey-pixel.gif\" class=\"a-lazy-loaded\" data-src=\"https:\/\/m.media-amazon.com\/images\/S\/aplus-media-library-service-media\/0fafd8f6-b05d-4847-b9f0-439ca6e5e14a.__CR0,0,300,225_PT0_SX300_V1___.jpg\"><img decoding=\"async\" alt=\"Primer plano de un soporte amortiguador para micr\u00f3fono con rejilla de malla iluminada en azul. Soporte circular negro con clips de suspensi\u00f3n blancos que sujetan el micr\u00f3fono en\" src=\"https:\/\/m.media-amazon.com\/images\/S\/aplus-media-library-service-media\/0fafd8f6-b05d-4847-b9f0-439ca6e5e14a.__CR0,0,300,225_PT0_SX300_V1___.jpg\">                                            Soporte de choque compacto                                         <\/p>\n<p class=\"aplus-p3\"> Disminuye la vibraci\u00f3n y absorbe ruidos o golpes causados por el uso rudo para grabar un sonido suave. <\/p>\n<p>                                           <img decoding=\"async\" alt=\"negro con rejilla de malla azul y violeta iluminada, montado sobre un brazo giratorio sobre un fondo oscuro\" src=\"https:\/\/images-na.ssl-images-amazon.com\/images\/G\/01\/x-locale\/common\/grey-pixel.gif\" class=\"a-lazy-loaded\" data-src=\"https:\/\/m.media-amazon.com\/images\/S\/aplus-media-library-service-media\/a7ac585d-cae8-4f6a-b087-5317c3b82dbc.__CR0,0,300,225_PT0_SX300_V1___.jpg\"><img decoding=\"async\" alt=\"negro con rejilla de malla azul y violeta iluminada, montado sobre un brazo giratorio sobre un fondo oscuro\" src=\"https:\/\/m.media-amazon.com\/images\/S\/aplus-media-library-service-media\/a7ac585d-cae8-4f6a-b087-5317c3b82dbc.__CR0,0,300,225_PT0_SX300_V1___.jpg\">                                            Tornillo de mariposa ajustable                                         <\/p>\n<p class=\"aplus-p3\"> Le ofrece un mejor \u00e1ngulo de grabaci\u00f3n. El tornillo de bloqueo incorporado evita que el micr\u00f3fono USB para PC se suelte. <\/p>\n<p>                                           <img decoding=\"async\" alt=\"C\u00e1mara o c\u00e1mara web negra montada en un tr\u00edpode peque\u00f1o. El dispositivo parece ser resistente al agua, con ondulaciones debajo\" src=\"https:\/\/images-na.ssl-images-amazon.com\/images\/G\/01\/x-locale\/common\/grey-pixel.gif\" class=\"a-lazy-loaded\" data-src=\"https:\/\/m.media-amazon.com\/images\/S\/aplus-media-library-service-media\/9b5e0afa-3c47-43fd-b171-db46b210ce11.__CR0,0,300,225_PT0_SX300_V1___.jpg\"><img decoding=\"async\" alt=\"C\u00e1mara o c\u00e1mara web negra montada en un tr\u00edpode peque\u00f1o. El dispositivo parece ser resistente al agua, con ondulaciones debajo\" src=\"https:\/\/m.media-amazon.com\/images\/S\/aplus-media-library-service-media\/9b5e0afa-3c47-43fd-b171-db46b210ce11.__CR0,0,300,225_PT0_SX300_V1___.jpg\">                                            Soporte de tr\u00edpode resistente                                         <\/p>\n<p class=\"aplus-p3\"> Se utiliza menos espacio. Sostiene firmemente el micr\u00f3fono USB de su computadora sobre la mesa cuando est\u00e1 en uso. <\/p>\n<p> Product Dimensions                                            \u200f                                            :                                            \u200e                                            16.85 x 16.85 x 9.3 cm; 440 g   <br \/> Manufacturer                                            \u200f                                            :                                            \u200e                                            FIFINE   <br \/> ASIN                                            \u200f                                            :                                            \u200e                                            B09MHRYY5C   <br \/> Item model number                                            \u200f                                            :                                            \u200e                                            800666   <br \/> Country\/Region of Origin                                            \u200f                                            :                                            \u200e                                            China   <br \/> Guaranteed software updates until                                            \u200f                                            :                                            \u200e                                            unknown   <br \/>  Customer reviews:                                                                                            4.7               4.7 out of 5 stars                                  (6,178)                                              var dpAcrHasRegisteredArcLinkClickAction;                    P.when(&#8216;A&#8217;, &#8216;ready&#8217;).execute(function(A) {                        if (dpAcrHasRegisteredArcLinkClickAction !== true) {                            dpAcrHasRegisteredArcLinkClickAction = true;                            A.declarative(                                &#8216;acrLink-click-metrics&#8217;, &#8216;click&#8217;,                                { \u00aballowLinkDefault\u00bb: true },                                function (event) {                                    if (window.ue) {                                        ue.count(\u00abacrLinkClickCount\u00bb, (ue.count(\u00abacrLinkClickCount\u00bb) || 0) + 1);                                    }                                }                            );                        }                    });                                             P.when(&#8216;A&#8217;, &#8216;cf&#8217;).execute(function(A) {                A.declarative(&#8216;acrStarsLink-click-metrics&#8217;, &#8216;click&#8217;, { \u00aballowLinkDefault\u00bb : true },  function(event){                    if(window.ue) {                        ue.count(\u00abacrStarsLinkWithPopoverClickCount\u00bb, (ue.count(\u00abacrStarsLinkWithPopoverClickCount\u00bb) || 0) + 1);                    }                });            });                          <\/p>\n<p>RGB Gradient and Quick Mute: RGB color changing automatically immerses you in special game effects. The quick touch mute button on the top helps you mute the microphone in a second. Remembering the working status, RGB will turn off when the microphone is muted. No need to worry about audio accidents during transmission.<br \/>Enjoy vivid voice: Cardioid condenser microphone accurately picks up front sound and reduces noise from sides and rear. It amplifies the sound quite well. It is a perfect gift for gamers and youtubers.<br \/>Easy to Use The gain knob at the bottom is easy to access. There are no obstacles with accessories. You can conveniently adjust the best recording effect you need. The thumbscrew on the damping mount helps you adjust the tilt of the microphone to get a better recording angle.<br \/>EASY INSTALLATION &#8211; The external computer microphone, compatible with Windows and Mac OS, is plug and play on a desktop laptop. Easily place your microphone on the tripod stand with non-slip rubber feet, so you can stay firm, but without scratching your desk.<br \/>Useful accessories: One USB cable (200 cm). Mesh pop filter effectively blocks pops when recording. You can also keep the surface of your microphone clean. Shock mount can reduce mechanical noise. Your voice will be softer and silkier<\/p>\n\n","protected":false},"excerpt":{"rendered":"<p> Product Description Luces RGB de dos tonos con cambio de gradiente autom\u00e1tico para agregar un<\/p>","protected":false},"featured_media":25399,"comment_status":"open","ping_status":"closed","template":"","meta":[],"product_brand":[],"product_cat":[48],"product_tag":[7516,720,714,1089,7514,539,7513,6746,862,617,712,711,717,1071,2629,715,719,716,7515,1525,2469,885,718,5236,227,2243,5830,2511,133,713],"class_list":{"0":"post-25398","1":"product","2":"type-product","3":"status-publish","4":"has-post-thumbnail","6":"product_cat-headsets","7":"product_tag-antipop","8":"product_tag-best-headset","9":"product_tag-bluetooth-headset","10":"product_tag-button","11":"product_tag-cardioid","12":"product_tag-computer","13":"product_tag-condenser","14":"product_tag-fifine","15":"product_tag-filter","16":"product_tag-gaming","17":"product_tag-gaming-headset","18":"product_tag-headset","19":"product_tag-headset-with-mic","20":"product_tag-microphone","21":"product_tag-mute","22":"product_tag-noise-cancelling-headset","23":"product_tag-over-ear-headset","24":"product_tag-pc-headset","25":"product_tag-podcast","26":"product_tag-ps4","27":"product_tag-ps5","28":"product_tag-rgb","29":"product_tag-rgb-gaming-headset","30":"product_tag-shock","31":"product_tag-stand","32":"product_tag-streaming","33":"product_tag-studio","34":"product_tag-tripod","35":"product_tag-usb","36":"product_tag-wireless-headset","38":"first","39":"instock","40":"shipping-taxable","41":"product-type-external"},"_links":{"self":[{"href":"https:\/\/comprasyconsejos.store\/en\/wp-json\/wp\/v2\/product\/25398","targetHints":{"allow":["GET"]}}],"collection":[{"href":"https:\/\/comprasyconsejos.store\/en\/wp-json\/wp\/v2\/product"}],"about":[{"href":"https:\/\/comprasyconsejos.store\/en\/wp-json\/wp\/v2\/types\/product"}],"replies":[{"embeddable":true,"href":"https:\/\/comprasyconsejos.store\/en\/wp-json\/wp\/v2\/comments?post=25398"}],"version-history":[{"count":0,"href":"https:\/\/comprasyconsejos.store\/en\/wp-json\/wp\/v2\/product\/25398\/revisions"}],"wp:featuredmedia":[{"embeddable":true,"href":"https:\/\/comprasyconsejos.store\/en\/wp-json\/wp\/v2\/media\/25399"}],"wp:attachment":[{"href":"https:\/\/comprasyconsejos.store\/en\/wp-json\/wp\/v2\/media?parent=25398"}],"wp:term":[{"taxonomy":"product_brand","embeddable":true,"href":"https:\/\/comprasyconsejos.store\/en\/wp-json\/wp\/v2\/product_brand?post=25398"},{"taxonomy":"product_cat","embeddable":true,"href":"https:\/\/comprasyconsejos.store\/en\/wp-json\/wp\/v2\/product_cat?post=25398"},{"taxonomy":"product_tag","embeddable":true,"href":"https:\/\/comprasyconsejos.store\/en\/wp-json\/wp\/v2\/product_tag?post=25398"}],"curies":[{"name":"wp","href":"https:\/\/api.w.org\/{rel}","templated":true}]}}