{"id":25410,"date":"2026-02-19T15:07:10","date_gmt":"2026-02-19T15:07:10","guid":{"rendered":"https:\/\/comprasyconsejos.store\/product\/easyult-rechargeable-wireless-mouse-silent-click-wireless-optic-usb-nano-receiver-ultra-slim-1600-dpi-with-usb-cable-for-pc-tablet-laptopblack\/"},"modified":"2026-02-19T15:07:20","modified_gmt":"2026-02-19T15:07:20","slug":"easyult-rechargeable-wireless-mouse-silent-click-wireless-optic-usb-nano-receiver-ultra-slim-1600-dpi-with-usb-cable-for-pc-tablet-laptopblack","status":"publish","type":"product","link":"https:\/\/comprasyconsejos.store\/en\/product\/easyult-rechargeable-wireless-mouse-silent-click-wireless-optic-usb-nano-receiver-ultra-slim-1600-dpi-with-usb-cable-for-pc-tablet-laptopblack\/","title":{"rendered":"EasyULT &#8211; Rechargeable Wireless Mouse, Silent Click Wireless Optic, USB Nano Receiver, Ultra Slim 1600 dpi, with USB Cable, for PC\/Tablet\/Laptop(Black)"},"content":{"rendered":"<p>Price: <span style=\"color:#b12704\">\u20ac12.49<\/span><br \/><i><small>(as of Feb 19, 2026 15:07:10 UTC &#8211; <span class=\"wp_automatic_amazon_disclaimer\" title=\"Product prices and availability are accurate as of the date\/time indicated and are subject to change. Any price and availability information displayed on [relevant Amazon Site(s), as applicable] at the time of purchase will apply to the purchase of this product.\">Details<\/span>)<\/small><\/i><\/p>\n<p><a href=\"https:\/\/amazon.es\/dp\/B07R8Z8S65?tag=man008-21\"><img decoding=\"async\" src=\"https:\/\/valvepress.s3.amazonaws.com\/imgs\/buy_now.png\"><\/a><br \/>\n<\/p>\n<p>                                             Product Description   <\/p>\n<p>                                                                             <img decoding=\"async\" alt=\"Rat\u00f3n inal\u00e1mbrico\" src=\"https:\/\/images-na.ssl-images-amazon.com\/images\/G\/01\/x-locale\/common\/grey-pixel.gif\" class=\"a-spacing-base a-lazy-loaded\" data-src=\"https:\/\/m.media-amazon.com\/images\/S\/aplus-media-library-service-media\/ecfd4b25-fd86-4f0d-aa3e-9fe9ee1f0c14.__CR0,0,970,600_PT0_SX970_V1___.jpg\"><img decoding=\"async\" alt=\"Rat\u00f3n inal\u00e1mbrico\" src=\"https:\/\/m.media-amazon.com\/images\/S\/aplus-media-library-service-media\/ecfd4b25-fd86-4f0d-aa3e-9fe9ee1f0c14.__CR0,0,970,600_PT0_SX970_V1___.jpg\">                                                                     <\/p>\n<p class=\"a-spacing-base\"> EasyULT &#8211; Rat\u00f3n inal\u00e1mbrico <\/p>\n<p class=\"a-spacing-base\"> Sensaci\u00f3n m\u00e1xima de la mano <\/p>\n<p class=\"a-spacing-base\"> C\u00f3modo de sostener. <\/p>\n<p class=\"a-spacing-base\"> Plug and play <\/p>\n<p class=\"a-spacing-base\"> No es necesario instalar ning\u00fan controlador, este mouse port\u00e1til inal\u00e1mbrico es compatible con plug and play <\/p>\n<p class=\"a-spacing-base\"> Caracter\u00edsticas: <\/p>\n<p class=\"a-spacing-base\"> DPI: 1000\/1200\/1600 <\/p>\n<p class=\"a-spacing-base\"> Compatibilidad: Windows 7\/8\/10, Android, Mac OS. <\/p>\n<p class=\"a-spacing-base\"> Tama\u00f1o: 112 x 57 x 20 mm <\/p>\n<p class=\"a-spacing-base\"> El paquete incluye: <\/p>\n<p class=\"a-spacing-base\"> 1 x rat\u00f3n inal\u00e1mbrico <\/p>\n<p class=\"a-spacing-base\"> 2 x receptor USB (puerto USB y tipo C puerto) <\/p>\n<p class=\"a-spacing-base\"> 1 x manual de usuario <\/p>\n<p>                                                  <img decoding=\"async\" alt=\"Rat\u00f3n inal\u00e1mbrico recargable\" src=\"https:\/\/images-na.ssl-images-amazon.com\/images\/G\/01\/x-locale\/common\/grey-pixel.gif\" class=\"a-lazy-loaded\" data-src=\"https:\/\/m.media-amazon.com\/images\/S\/aplus-media-library-service-media\/d3053dd9-f922-4e16-86b2-c3c48795377c.__CR0,0,300,300_PT0_SX300_V1___.jpg\"><img decoding=\"async\" alt=\"Rat\u00f3n inal\u00e1mbrico recargable\" src=\"https:\/\/m.media-amazon.com\/images\/S\/aplus-media-library-service-media\/d3053dd9-f922-4e16-86b2-c3c48795377c.__CR0,0,300,300_PT0_SX300_V1___.jpg\">  <\/p>\n<h3 class=\"a-spacing-mini\"> Tambi\u00e9n se puede utilizar durante la carga: <\/h3>\n<p> Conecte el cable USB para cargar, una vez que el rat\u00f3n est\u00e9 completamente cargado, la luz roja de la rueda se apagar\u00e1. Despu\u00e9s de la carga completa del mouse, ya no es necesario conectar el cable USB. Simplemente conecte el receptor USB a su computadora. luego haga clic en el rat\u00f3n, El rat\u00f3n comienza a funcionar. <\/p>\n<p>                                                  <img decoding=\"async\" alt=\"Rat\u00f3n inal\u00e1mbrico\" src=\"https:\/\/images-na.ssl-images-amazon.com\/images\/G\/01\/x-locale\/common\/grey-pixel.gif\" class=\"a-spacing-mini a-lazy-loaded\" data-src=\"https:\/\/m.media-amazon.com\/images\/S\/aplus-media-library-service-media\/9e716b75-a936-4c9d-9650-d9b6489c5bd2.__CR0,0,1700,1700_PT0_SX300_V1___.jpg\"><img decoding=\"async\" alt=\"Rat\u00f3n inal\u00e1mbrico\" src=\"https:\/\/m.media-amazon.com\/images\/S\/aplus-media-library-service-media\/9e716b75-a936-4c9d-9650-d9b6489c5bd2.__CR0,0,1700,1700_PT0_SX300_V1___.jpg\">  <\/p>\n<p> Disfruta de la libertad de movimiento de una conexi\u00f3n inal\u00e1mbrica <\/p>\n<p> que funciona tan bien como un rat\u00f3n con un cable <\/p>\n<p> Es f\u00e1cil de instalar: simplemente conecte el receptor Nano a su computadora port\u00e1til y comience. <\/p>\n<p> M\u00e1s c\u00f3modo que un touchpad <\/p>\n<p>                                                  <img decoding=\"async\" alt=\"mouse inal\u00e1mbrico\" src=\"https:\/\/images-na.ssl-images-amazon.com\/images\/G\/01\/x-locale\/common\/grey-pixel.gif\" class=\"a-lazy-loaded\" data-src=\"https:\/\/m.media-amazon.com\/images\/S\/aplus-media-library-service-media\/5938904e-06bc-4475-9658-435b039cbee6.__CR0,0,1500,1500_PT0_SX300_V1___.jpg\"><img decoding=\"async\" alt=\"mouse inal\u00e1mbrico\" src=\"https:\/\/m.media-amazon.com\/images\/S\/aplus-media-library-service-media\/5938904e-06bc-4475-9658-435b039cbee6.__CR0,0,1500,1500_PT0_SX300_V1___.jpg\">  <\/p>\n<p> Rat\u00f3n \u00f3ptico inal\u00e1mbrico con nanoreceptor USB: <\/p>\n<p> F\u00e1cil de cargar con un cable micro USB, no se preocupe por el hecho de que el mouse se est\u00e1 quedando sin energ\u00eda. <\/p>\n<p class=\"apm-text-center\">\n                                                      <img decoding=\"async\" alt=\"Rat\u00f3n inal\u00e1mbrico\" src=\"https:\/\/images-na.ssl-images-amazon.com\/images\/G\/01\/x-locale\/common\/grey-pixel.gif\" class=\"a-spacing-mini a-lazy-loaded\" data-src=\"https:\/\/m.media-amazon.com\/images\/S\/aplus-media-library-service-media\/1c7a1f5e-0d44-4217-99a1-3f3667e8070b.__CR0,0,1500,1500_PT0_SX300_V1___.jpg\"><img decoding=\"async\" alt=\"Rat\u00f3n inal\u00e1mbrico\" src=\"https:\/\/m.media-amazon.com\/images\/S\/aplus-media-library-service-media\/1c7a1f5e-0d44-4217-99a1-3f3667e8070b.__CR0,0,1500,1500_PT0_SX300_V1___.jpg\">  <\/p>\n<p> Mini rat\u00f3n inal\u00e1mbrico de 2,4 G: tecnolog\u00eda de transmisi\u00f3n inal\u00e1mbrica de 2,4 GHz, rat\u00f3n \u00f3ptico PC \u00f3ptico 1000\/1200\/1600DPI, permite modificar f\u00e1cilmente la sensibilidad del rat\u00f3n en funci\u00f3n de sus actividades. <\/p>\n<p class=\"apm-text-center\">\n                                                      <img decoding=\"async\" alt=\"Rat\u00f3n inal\u00e1mbrico\" src=\"https:\/\/images-na.ssl-images-amazon.com\/images\/G\/01\/x-locale\/common\/grey-pixel.gif\" class=\"a-spacing-mini a-lazy-loaded\" data-src=\"https:\/\/m.media-amazon.com\/images\/S\/aplus-media-library-service-media\/06903e16-68ad-48e7-b3cc-2d1c7f10b550.__CR4,0,1506,1506_PT0_SX300_V1___.jpg\"><img decoding=\"async\" alt=\"Rat\u00f3n inal\u00e1mbrico\" src=\"https:\/\/m.media-amazon.com\/images\/S\/aplus-media-library-service-media\/06903e16-68ad-48e7-b3cc-2d1c7f10b550.__CR4,0,1506,1506_PT0_SX300_V1___.jpg\">  <\/p>\n<p> El mouse utiliza la moderna tecnolog\u00eda inal\u00e1mbrica de 2,4 GHz, lo que le permite utilizar un radio de 360 grados hasta 10 metros sin interferencias. <\/p>\n<p class=\"apm-text-center\">\n                                                      <img decoding=\"async\" alt=\"Rat\u00f3n inal\u00e1mbrico\" src=\"https:\/\/images-na.ssl-images-amazon.com\/images\/G\/01\/x-locale\/common\/grey-pixel.gif\" class=\"a-spacing-mini a-lazy-loaded\" data-src=\"https:\/\/m.media-amazon.com\/images\/S\/aplus-media-library-service-media\/5d39d5f1-1c8b-4850-824d-f853c075a59d.__CR0,0,1500,1500_PT0_SX300_V1___.jpg\"><img decoding=\"async\" alt=\"Rat\u00f3n inal\u00e1mbrico\" src=\"https:\/\/m.media-amazon.com\/images\/S\/aplus-media-library-service-media\/5d39d5f1-1c8b-4850-824d-f853c075a59d.__CR0,0,1500,1500_PT0_SX300_V1___.jpg\">  <\/p>\n<p> Este mouse m\u00f3vil f\u00e1cil de usar le brinda el nivel de control necesario, ya sea en la oficina o en casa. <\/p>\n<p>                         Add To Basket  <\/p>\n<p>                         Add To Basket  <\/p>\n<p>                         Add To Basket  <\/p>\n<p>                             Customer Reviews  <\/p>\n<p>                    4.4 out of 5 stars  7,099  <\/p>\n<p>                    4.4 out of 5 stars  7,099  <\/p>\n<p>                    4.4 out of 5 stars  7,099  <\/p>\n<p>                    3.7 out of 5 stars  502  <\/p>\n<p>                    4.0 out of 5 stars  1,443  <\/p>\n<p>                    4.4 out of 5 stars  7,099  <\/p>\n<p>                             Price  <\/p>\n<p>                                    \u20ac12.49\u20ac12.49<br \/>\n                                            \u2014 no data<br \/>\n                                                       \u20ac11.99\u20ac11.99<br \/>\n                                            \u2014 no data<\/p>\n<p>                                            \u2014 no data<br \/>\n                                                       \u20ac12.49\u20ac12.49        <\/p>\n<p>                             Inal\u00e1mbrico  <\/p>\n<p>                                              \u2713<\/p>\n<p>                                              \u2713<\/p>\n<p>                                              \u2713<\/p>\n<p>                                              \u2713<\/p>\n<p>                                              \u2713<\/p>\n<p>                                              \u2713<\/p>\n<p>                             Recargable  <\/p>\n<p>                                              \u2713<\/p>\n<p>                                              \u2713<\/p>\n<p>                                              \u2713<\/p>\n<p>                                              \u2713<\/p>\n<p>                                              \u2713<\/p>\n<p>                                              \u2713<\/p>\n<p>                             Bot\u00f3n DPI  <\/p>\n<p>                                              \u2713<\/p>\n<p>                                              \u2713<\/p>\n<p>                                              \u2713<\/p>\n<p>                                              \u2713<\/p>\n<p>                                              \u2713<\/p>\n<p>                                              \u2713<\/p>\n<p>                             Caracter\u00edsticas<br \/>\n                                Receptor USB y Tipo-C               BT 5.1+2.4G \/ 7 Colores \/ con alfombra               BT 5.1+2.4G\/7 colores               Rat\u00f3n inal\u00e1mbrico vertical               Rat\u00f3n ergon\u00f3mico vertical               Receptor USB y Tipo-C        <\/p>\n<p> Batteries                                            \u200f                                            :                                            \u200e                                            1 Nonstandard Battery batteries required.   <br \/> Product Dimensions                                            \u200f                                            :                                            \u200e                                            11.2 x 5.7 x 0.1 cm; 30 g   <br \/> Manufacturer                                            \u200f                                            :                                            \u200e                                            EasyULT   <br \/> ASIN                                            \u200f                                            :                                            \u200e                                            B07R8Z8S65   <br \/> Item model number                                            \u200f                                            :                                            \u200e                                            Wireless-Mouse-Black   <br \/> Guaranteed software updates until                                            \u200f                                            :                                            \u200e                                            unknown   <br \/>  Customer reviews:                                                                                            4.4               4.4 out of 5 stars                                  (7,099)                                              var dpAcrHasRegisteredArcLinkClickAction;                    P.when(&#8216;A&#8217;, &#8216;ready&#8217;).execute(function(A) {                        if (dpAcrHasRegisteredArcLinkClickAction !== true) {                            dpAcrHasRegisteredArcLinkClickAction = true;                            A.declarative(                                &#8216;acrLink-click-metrics&#8217;, &#8216;click&#8217;,                                { \u00aballowLinkDefault\u00bb: true },                                function (event) {                                    if (window.ue) {                                        ue.count(\u00abacrLinkClickCount\u00bb, (ue.count(\u00abacrLinkClickCount\u00bb) || 0) + 1);                                    }                                }                            );                        }                    });                                             P.when(&#8216;A&#8217;, &#8216;cf&#8217;).execute(function(A) {                A.declarative(&#8216;acrStarsLink-click-metrics&#8217;, &#8216;click&#8217;, { \u00aballowLinkDefault\u00bb : true },  function(event){                    if(window.ue) {                        ue.count(\u00abacrStarsLinkWithPopoverClickCount\u00bb, (ue.count(\u00abacrStarsLinkWithPopoverClickCount\u00bb) || 0) + 1);                    }                });            });                          <\/p>\n<p>Wireless Optical Mouse with Type-C and USB Receiver: Easy to go through the micro USB cable (about 3 hours full), you don&#8217;t have to worry about the mouse running out of power. Micro USB receiver takes up very little space when connected to computer (Note: it is not a Bluetooth mouse)<br \/>2.4G wireless mouse: 2.4GHz wireless transmission technology provides a powerful and reliable connection up to 10 meters, the optical PC mouse with 1000\/1200\/1600DPI, easily change the sensitivity of the mouse to adjust its activity<br \/>Wide compatibility: Windows XP \/ Windows Vista \/ Windows 7 \/ Windows 8 \/ Windows 10 \/ Windows ME, etc. Suitable for work and entertainment at home or in the office<br \/>Silent design: silent, optical USB wireless mouse, energy saving, economical and ecological, silent, wonderful to play at any time. During the meeting, in the middle of the night, in a quiet place, such as a library, you can use it without worrying about disturbing others<br \/>Lightweight wireless mouse: ergonomic design, exquisite workmanship and rubber grip give you a good feeling. The textured rubber set provides long-lasting comfort. It also has anti-sweat, non-slip and fingerprint properties<\/p>\n\n","protected":false},"excerpt":{"rendered":"<p> Product Description EasyULT &#8211; Rat\u00f3n inal\u00e1mbrico Sensaci\u00f3n m\u00e1xima de la mano C\u00f3modo de sostener. Plug<\/p>","protected":false},"featured_media":25411,"comment_status":"open","ping_status":"closed","template":"","meta":[],"product_brand":[],"product_cat":[50],"product_tag":[765,759,182,1592,756,775,7518,761,758,767,1205,2876,7519,770,1149,763,760,1010,764,288,222,133,762,226,757],"class_list":{"0":"post-25410","1":"product","2":"type-product","3":"status-publish","4":"has-post-thumbnail","6":"product_cat-mouse","7":"product_tag-best-gaming-mouse","8":"product_tag-bluetooth-mouse","9":"product_tag-cable","10":"product_tag-click","11":"product_tag-computer-mouse","12":"product_tag-dpi","13":"product_tag-easyult","14":"product_tag-ergonomic-mouse","15":"product_tag-gaming-mouse","16":"product_tag-mouse","17":"product_tag-nano","18":"product_tag-optic","19":"product_tag-pctabletlaptopblack","20":"product_tag-receiver","21":"product_tag-rechargeable","22":"product_tag-rechargeable-mouse","23":"product_tag-rgb-mouse","24":"product_tag-silent","25":"product_tag-silent-mouse","26":"product_tag-slim","27":"product_tag-ultra","28":"product_tag-usb","29":"product_tag-usb-mouse","30":"product_tag-wireless","31":"product_tag-wireless-mouse","33":"first","34":"instock","35":"shipping-taxable","36":"product-type-external"},"_links":{"self":[{"href":"https:\/\/comprasyconsejos.store\/en\/wp-json\/wp\/v2\/product\/25410","targetHints":{"allow":["GET"]}}],"collection":[{"href":"https:\/\/comprasyconsejos.store\/en\/wp-json\/wp\/v2\/product"}],"about":[{"href":"https:\/\/comprasyconsejos.store\/en\/wp-json\/wp\/v2\/types\/product"}],"replies":[{"embeddable":true,"href":"https:\/\/comprasyconsejos.store\/en\/wp-json\/wp\/v2\/comments?post=25410"}],"version-history":[{"count":0,"href":"https:\/\/comprasyconsejos.store\/en\/wp-json\/wp\/v2\/product\/25410\/revisions"}],"wp:featuredmedia":[{"embeddable":true,"href":"https:\/\/comprasyconsejos.store\/en\/wp-json\/wp\/v2\/media\/25411"}],"wp:attachment":[{"href":"https:\/\/comprasyconsejos.store\/en\/wp-json\/wp\/v2\/media?parent=25410"}],"wp:term":[{"taxonomy":"product_brand","embeddable":true,"href":"https:\/\/comprasyconsejos.store\/en\/wp-json\/wp\/v2\/product_brand?post=25410"},{"taxonomy":"product_cat","embeddable":true,"href":"https:\/\/comprasyconsejos.store\/en\/wp-json\/wp\/v2\/product_cat?post=25410"},{"taxonomy":"product_tag","embeddable":true,"href":"https:\/\/comprasyconsejos.store\/en\/wp-json\/wp\/v2\/product_tag?post=25410"}],"curies":[{"name":"wp","href":"https:\/\/api.w.org\/{rel}","templated":true}]}}