{"id":25420,"date":"2026-02-19T15:17:22","date_gmt":"2026-02-19T15:17:22","guid":{"rendered":"https:\/\/comprasyconsejos.store\/product\/acer-predator-orion-3000-po3-630-gaming-desktop-computer-intel-core-i5-11400f-2-60ghz-16gb-ram-1tb-ssd-nvidia-geforce-rtx-3070-8gb-no-operating-system-black\/"},"modified":"2026-02-19T15:17:37","modified_gmt":"2026-02-19T15:17:37","slug":"acer-predator-orion-3000-po3-630-gaming-desktop-computer-intel-core-i5-11400f-2-60ghz-16gb-ram-1tb-ssd-nvidia-geforce-rtx-3070-8gb-no-operating-system-black","status":"publish","type":"product","link":"https:\/\/comprasyconsejos.store\/en\/product\/acer-predator-orion-3000-po3-630-gaming-desktop-computer-intel-core-i5-11400f-2-60ghz-16gb-ram-1tb-ssd-nvidia-geforce-rtx-3070-8gb-no-operating-system-black\/","title":{"rendered":"acer Predator Orion 3000 PO3-630 Gaming Desktop Computer (Intel Core i5-11400F, 2.60GHz, 16GB RAM, 1TB SSD, NVIDIA GeForce RTX 3070-8GB, No Operating System) Black"},"content":{"rendered":"<p>Price: <span style=\"color:#b12704\">\u20ac1,357.03<\/span><br \/><i><small>(as of Feb 19, 2026 15:17:22 UTC &#8211; <span class=\"wp_automatic_amazon_disclaimer\" title=\"Product prices and availability are accurate as of the date\/time indicated and are subject to change. Any price and availability information displayed on [relevant Amazon Site(s), as applicable] at the time of purchase will apply to the purchase of this product.\">Details<\/span>)<\/small><\/i><\/p>\n<p><a href=\"https:\/\/amazon.es\/dp\/B099X1K8W6?tag=man008-21\"><img decoding=\"async\" src=\"https:\/\/valvepress.s3.amazonaws.com\/imgs\/buy_now.png\"><\/a><br \/>\n<\/p>\n<p>                                             From the manufacturer   <\/p>\n<p>                                                                                                       <img decoding=\"async\" alt=\"Predator\" src=\"https:\/\/images-na.ssl-images-amazon.com\/images\/G\/01\/x-locale\/common\/grey-pixel.gif\" class=\"a-lazy-loaded\" data-src=\"https:\/\/m.media-amazon.com\/images\/S\/aplus-media-library-service-media\/7461262a-166d-4ada-af35-77511842c60d.__CR0,0,1464,600_PT0_SX1464_V1___.jpg\"><img decoding=\"async\" alt=\"Predator\" src=\"https:\/\/m.media-amazon.com\/images\/S\/aplus-media-library-service-media\/7461262a-166d-4ada-af35-77511842c60d.__CR0,0,1464,600_PT0_SX1464_V1___.jpg\">                                                                                    PREDATOR ORION 3000                                        <\/p>\n<p class=\"aplus-p2 aplus-module-2-description\"> En las entra\u00f1as del Orion 3000, peque\u00f1o en tama\u00f1o pero grande en definici\u00f3n, yace un monstruo que espera impaciente a poner a prueba su procesador Intel Core i5 de 11.a gen. Complem\u00e9ntalo con una tarjeta NVIDIA GeForce RTX 3070 y disfruta viendo como esos fotogramas escalan cada vez m\u00e1s alto. <\/p>\n<p>                                                                                                       <img decoding=\"async\" alt=\"Predator\" src=\"https:\/\/images-na.ssl-images-amazon.com\/images\/G\/01\/x-locale\/common\/grey-pixel.gif\" class=\"a-lazy-loaded\" data-src=\"https:\/\/m.media-amazon.com\/images\/S\/aplus-media-library-service-media\/e9616c44-8289-4de9-857f-6134e19c9455.__CR0,0,1464,600_PT0_SX1464_V1___.jpg\"><img decoding=\"async\" alt=\"Predator\" src=\"https:\/\/m.media-amazon.com\/images\/S\/aplus-media-library-service-media\/e9616c44-8289-4de9-857f-6134e19c9455.__CR0,0,1464,600_PT0_SX1464_V1___.jpg\">                                                                                    PREPARADO PARA TODO                                        <\/p>\n<p class=\"aplus-p2 aplus-module-2-description\"> Juega, transmite en streaming, edita&#8230; \u00a1de todo! Tienes el procesador Intel Core i5-11400F y la tarjeta NVIDIA GeForce RTX 3070 a tus \u00f3rdenes para hacerlo. Complem\u00e9ntalo con 16 GB de memoria DDR4 SDRAM (ampliable hasta 64 GB) y una SSD PCIe NVMe de 1 TB. Tendr\u00e1s ante ti al Goliat del gaming. <\/p>\n<p>                                                            NVIDIA RTX 30 Series                                            <img decoding=\"async\" alt=\"NVIDIA\" src=\"https:\/\/images-na.ssl-images-amazon.com\/images\/G\/01\/x-locale\/common\/grey-pixel.gif\" class=\"a-lazy-loaded\" data-src=\"https:\/\/m.media-amazon.com\/images\/S\/aplus-media-library-service-media\/4511c173-5ca4-463d-b782-591d65b7d674.__CR0,0,650,350_PT0_SX650_V1___.png\"><img decoding=\"async\" alt=\"NVIDIA\" src=\"https:\/\/m.media-amazon.com\/images\/S\/aplus-media-library-service-media\/4511c173-5ca4-463d-b782-591d65b7d674.__CR0,0,650,350_PT0_SX650_V1___.png\">                                            RTX RAY TRACING                                         <\/p>\n<p class=\"aplus-p3\"> NVIDIA RTX es la plataforma m\u00e1s avanzada para el trazado de rayos y tecnolog\u00edas de IA que est\u00e1n revolucionando la forma en que jugamos y creamos. M\u00e1s de 250 juegos top y aplicaciones ya usan RTX para ofrecer gr\u00e1ficos realistas con un incre\u00edblemente r\u00e1pido rendimiento. <\/p>\n<p>                                           <img decoding=\"async\" alt=\"NVIDIA\" src=\"https:\/\/images-na.ssl-images-amazon.com\/images\/G\/01\/x-locale\/common\/grey-pixel.gif\" class=\"a-lazy-loaded\" data-src=\"https:\/\/m.media-amazon.com\/images\/S\/aplus-media-library-service-media\/210ebf28-c9a5-40ab-84f2-021e3b84d883.__CR0,0,650,350_PT0_SX650_V1___.png\"><img decoding=\"async\" alt=\"NVIDIA\" src=\"https:\/\/m.media-amazon.com\/images\/S\/aplus-media-library-service-media\/210ebf28-c9a5-40ab-84f2-021e3b84d883.__CR0,0,650,350_PT0_SX650_V1___.png\">                                            NVIDIA DLSS                                         <\/p>\n<p class=\"aplus-p3\"> NVIDIA DLSS utiliza el renderizado de IA, lo que aumenta la velocidad de fotogramas sin comprometer la calidad de imagen. De este modo, puedes aumentar la configuraci\u00f3n y las resoluciones para obtener una experiencia visual sin precedentes. <\/p>\n<p>                                                                                              <img decoding=\"async\" alt=\"NVIDIA\" src=\"https:\/\/images-na.ssl-images-amazon.com\/images\/G\/01\/x-locale\/common\/grey-pixel.gif\" class=\"a-lazy-loaded\" data-src=\"https:\/\/m.media-amazon.com\/images\/S\/aplus-media-library-service-media\/a6d4b846-d1a4-4b57-93b6-cec9e85160db.__CR0,0,650,350_PT0_SX650_V1___.png\"><img decoding=\"async\" alt=\"NVIDIA\" src=\"https:\/\/m.media-amazon.com\/images\/S\/aplus-media-library-service-media\/a6d4b846-d1a4-4b57-93b6-cec9e85160db.__CR0,0,650,350_PT0_SX650_V1___.png\">                                            NVIDIA STUDIO                                         <\/p>\n<p class=\"aplus-p3\"> NVIDIA Studio es tu ventaja creativa con las \u00faltimas GPU RTX que potencia tus apps creativas. La suite Studio de herramientas asistidas por IA llevan las ideas desde la conceptualizaci\u00f3n hasta el resultado final m\u00e1s r\u00e1pido, adem\u00e1s los controladores Studio proporcionan la mayor fiabilidad. <\/p>\n<p>                                           <img decoding=\"async\" alt=\"NVIDIA\" src=\"https:\/\/images-na.ssl-images-amazon.com\/images\/G\/01\/x-locale\/common\/grey-pixel.gif\" class=\"a-lazy-loaded\" data-src=\"https:\/\/m.media-amazon.com\/images\/S\/aplus-media-library-service-media\/9fc5bfa1-4295-4ad9-bbea-eaa122312a92.__CR0,0,650,350_PT0_SX650_V1___.png\"><img decoding=\"async\" alt=\"NVIDIA\" src=\"https:\/\/m.media-amazon.com\/images\/S\/aplus-media-library-service-media\/9fc5bfa1-4295-4ad9-bbea-eaa122312a92.__CR0,0,650,350_PT0_SX650_V1___.png\">                                            NVIDIA REFLEX                                         <\/p>\n<p class=\"aplus-p3\"> NVIDIA Reflex ofrece la latencia m\u00e1s baja y el mejor tiempo de respuesta para obtener una ventaja competitiva. Reflex ofrece un apuntado m\u00e1s r\u00e1pido, mejores tiempos de reacci\u00f3n y la mayor precisi\u00f3n para juegos competitivos. <\/p>\n<p>                                                                                     <img decoding=\"async\" alt=\"Orion 3000\" src=\"https:\/\/m.media-amazon.com\/images\/S\/aplus-media-library-service-media\/650902e2-29d2-472c-ae37-8900b582c877.__CR0,8,2312,948_PT0_SX1464_V1___.jpg\">                                                     SIENTE EL FR\u00cdO                                          <\/p>\n<p class=\"aplus-p3\"> Mant\u00e9n una velocidad de fotogramas alta y una temperatura baja con los dos ventiladores FrostBlade personalizados que controlan la entrada y salida de aire de tu PC. <\/p>\n<p>                                                                                     <img decoding=\"async\" alt=\"Orion 3000\" src=\"https:\/\/m.media-amazon.com\/images\/S\/aplus-media-library-service-media\/fd418a07-9540-458f-96eb-24fabfb56aab.__CR0,42,2023,829_PT0_SX1464_V1___.jpg\">                                                    ETHERNET SUPERIOR                                          <\/p>\n<p class=\"aplus-p3\"> P\u00e1sate a una red de 1 Gbps con la Killer 2600 y lleva tu gaming al  siguiente nivel. Es una opci\u00f3n ideal para gamers que quieren ganar y obtener una ventaja competitiva. <\/p>\n<p>                                                                                              <img decoding=\"async\" alt=\"Predator Orion 3000\" src=\"https:\/\/images-na.ssl-images-amazon.com\/images\/G\/01\/x-locale\/common\/grey-pixel.gif\" class=\"a-lazy-loaded\" data-src=\"https:\/\/m.media-amazon.com\/images\/S\/aplus-media-library-service-media\/97a14f89-75c7-45b7-9a1f-d5be59213190.__CR0,12,1440,775_PT0_SX650_V1___.jpg\"><img decoding=\"async\" alt=\"Predator Orion 3000\" src=\"https:\/\/m.media-amazon.com\/images\/S\/aplus-media-library-service-media\/97a14f89-75c7-45b7-9a1f-d5be59213190.__CR0,12,1440,775_PT0_SX650_V1___.jpg\">                                             ACCESO CON PUERTOS FRONTALES                                          <\/p>\n<p class=\"aplus-p3\"> Ya sea en el escritorio o en el suelo, a veces no te apetece tener que  hurgar detr\u00e1s del PC. Prueba los puertos USB frontales (1 de tipo A y 1 tipo C) y a  los pr\u00e1cticos conectores de audio. <\/p>\n<p>                                           <img decoding=\"async\" alt=\"Predator Orion 3000\" src=\"https:\/\/images-na.ssl-images-amazon.com\/images\/G\/01\/x-locale\/common\/grey-pixel.gif\" class=\"a-lazy-loaded\" data-src=\"https:\/\/m.media-amazon.com\/images\/S\/aplus-media-library-service-media\/25ec956d-0925-41bb-ba22-d64c61504597.__CR0,12,1440,775_PT0_SX650_V1___.jpg\"><img decoding=\"async\" alt=\"Predator Orion 3000\" src=\"https:\/\/m.media-amazon.com\/images\/S\/aplus-media-library-service-media\/25ec956d-0925-41bb-ba22-d64c61504597.__CR0,12,1440,775_PT0_SX650_V1___.jpg\">                                             DALE LUZ                                          <\/p>\n<p class=\"aplus-p3\"> El nuevo dise\u00f1o de la carcasa facilita que puedas a\u00f1adirle un toque personal a tu ordenador de sobremesa. Personaliza la iluminaci\u00f3n de las  barras de luces verticales de la parte frontal de la carcasa y de los  dos ventiladores FrostBlade mediante PredatorSense con hasta  16,7 millones de colores. <\/p>\n<h3 class=\"a-text-center aplus-h1 a-text-bold\"> ACCESORIOS PREDATOR <\/h3>\n<p>                         Add To Basket  <\/p>\n<p>                         Add To Basket  <\/p>\n<p>                         Add To Basket  <\/p>\n<p>                                     Customer Reviews  <\/p>\n<p>                    3.8 out of 5 stars  61  <\/p>\n<p>                    3.8 out of 5 stars  26  <\/p>\n<p>                    4.6 out of 5 stars  235  <\/p>\n<p>                    4.2 out of 5 stars  162  <\/p>\n<p>                    4.7 out of 5 stars  7  <\/p>\n<p>                                     Price  <\/p>\n<p>                                                        \u20ac48.96\u20ac48.96     <\/p>\n<p>                                                        \u20ac44.00\u20ac44.00     <\/p>\n<p>                                                        \u2014    <\/p>\n<p>                                                        \u2014    <\/p>\n<p>                                                        \u20ac99.00\u20ac99.00     <\/p>\n<p>                                     Descripci\u00f3n  <\/p>\n<p>                                                Rat\u00f3n Gaming    <\/p>\n<p>                                                Auriculares Gaming    <\/p>\n<p>                                                Mochila Gaming 15.6&#8243;    <\/p>\n<p>                                                Silla Gaming    <\/p>\n<p>                                                Escritorio Gaming    <\/p>\n<p>                                     Color  <\/p>\n<p>                                                Negro \/ Azul    <\/p>\n<p>                                                Negro    <\/p>\n<p>                                                Negro \/ Azul    <\/p>\n<p>                                                Negro \/ Azul    <\/p>\n<p>                                                Azul \/ Negro    <\/p>\n<p>                                     Conexiones  <\/p>\n<p>                                                USB    <\/p>\n<p>                                                Jack de 3.5 mm    <\/p>\n<p>                                                    \u2014    <\/p>\n<p>                                                    \u2014    <\/p>\n<p>                                                    \u2014    <\/p>\n<p>                                     Compatible con Orion 3000   <\/p>\n<p>                                                    \u2714       <\/p>\n<p>                                                    \u2714       <\/p>\n<p>                                                    \u2714       <\/p>\n<p>                                                    \u2714       <\/p>\n<p>                                                    \u2714       <\/p>\n<p>                                     Material  <\/p>\n<p>                                                Pl\u00e1stico    <\/p>\n<p>                                                Pl\u00e1stico    <\/p>\n<p>                                                Poli\u00e9ster    <\/p>\n<p>                                                Cuero    <\/p>\n<p>                                                Acero y fibra de carbono    <\/p>\n<p> Language                                            \u200f                                            :                                            \u200e                                            Spanish, Spanish   <br \/> Product Dimensions                                            \u200f                                            :                                            \u200e                                            38.6 x 39.2 x 17 cm; 11.75 kg   <br \/> Manufacturer                                            \u200f                                            :                                            \u200e                                            Acer   <br \/> ASIN                                            \u200f                                            :                                            \u200e                                            B099X1K8W6   <br \/> Item model number                                            \u200f                                            :                                            \u200e                                            PO3-630   <br \/> Country of origin                                            \u200f                                            :                                            \u200e                                            China   <br \/> Guaranteed software updates until                                            \u200f                                            :                                            \u200e                                            unknown   <br \/>  Customer reviews:                                                                                            4.7               4.7 out of 5 stars                                  (5)                                              var dpAcrHasRegisteredArcLinkClickAction;                    P.when(&#8216;A&#8217;, &#8216;ready&#8217;).execute(function(A) {                        if (dpAcrHasRegisteredArcLinkClickAction !== true) {                            dpAcrHasRegisteredArcLinkClickAction = true;                            A.declarative(                                &#8216;acrLink-click-metrics&#8217;, &#8216;click&#8217;,                                { \u00aballowLinkDefault\u00bb: true },                                function (event) {                                    if (window.ue) {                                        ue.count(\u00abacrLinkClickCount\u00bb, (ue.count(\u00abacrLinkClickCount\u00bb) || 0) + 1);                                    }                                }                            );                        }                    });                                             P.when(&#8216;A&#8217;, &#8216;cf&#8217;).execute(function(A) {                A.declarative(&#8216;acrStarsLink-click-metrics&#8217;, &#8216;click&#8217;, { \u00aballowLinkDefault\u00bb : true },  function(event){                    if(window.ue) {                        ue.count(\u00abacrStarsLinkWithPopoverClickCount\u00bb, (ue.count(\u00abacrStarsLinkWithPopoverClickCount\u00bb) || 0) + 1);                    }                });            });                          <\/p>\n<p>Intel Core i5-11400F (6C\/HexaCore), 2.60 GHz<br \/>16GB DDR4 SDRAM RAM Memory<br \/>1TB PCI Express SSD Storage<br \/>NVIDIA GeForce RTX 3070-8GB GDDR6 Graphics Card<br \/>No operating system<\/p>\n\n","protected":false},"excerpt":{"rendered":"<p> From the manufacturer PREDATOR ORION 3000 En las entra\u00f1as del Orion 3000, peque\u00f1o en tama\u00f1o<\/p>","protected":false},"featured_media":25421,"comment_status":"open","ping_status":"closed","template":"","meta":[],"product_brand":[],"product_cat":[89],"product_tag":[509,602,7523,7524,558,777,776,785,778,782,307,784,539,698,787,617,783,620,7522,562,821,780,4444,7520,7521,1082,587,621,779,513,1578,781],"class_list":{"0":"post-25420","1":"product","2":"type-product","3":"status-publish","4":"has-post-thumbnail","6":"product_cat-all-in-one-pcs","7":"product_tag-16gb","8":"product_tag-1tb","9":"product_tag-2-60ghz","10":"product_tag-30708gb","11":"product_tag-acer","12":"product_tag-all-in-one-desktop","13":"product_tag-all-in-one-pc","14":"product_tag-all-in-one-pc-price","15":"product_tag-apple-imac","16":"product_tag-best-all-in-one-computer","17":"product_tag-black","18":"product_tag-compact-pc","19":"product_tag-computer","20":"product_tag-core","21":"product_tag-desktop","22":"product_tag-gaming","23":"product_tag-gaming-all-in-one-pc","24":"product_tag-geforce","25":"product_tag-i511400f","26":"product_tag-intel","27":"product_tag-nvidia","28":"product_tag-office-all-in-one-pc","29":"product_tag-operating","30":"product_tag-orion","31":"product_tag-po3630","32":"product_tag-predator","33":"product_tag-ram","34":"product_tag-rtx","35":"product_tag-slim-all-in-one-pc","36":"product_tag-ssd","37":"product_tag-system","38":"product_tag-touchscreen-all-in-one-pc","40":"first","41":"instock","42":"shipping-taxable","43":"product-type-external"},"_links":{"self":[{"href":"https:\/\/comprasyconsejos.store\/en\/wp-json\/wp\/v2\/product\/25420","targetHints":{"allow":["GET"]}}],"collection":[{"href":"https:\/\/comprasyconsejos.store\/en\/wp-json\/wp\/v2\/product"}],"about":[{"href":"https:\/\/comprasyconsejos.store\/en\/wp-json\/wp\/v2\/types\/product"}],"replies":[{"embeddable":true,"href":"https:\/\/comprasyconsejos.store\/en\/wp-json\/wp\/v2\/comments?post=25420"}],"version-history":[{"count":0,"href":"https:\/\/comprasyconsejos.store\/en\/wp-json\/wp\/v2\/product\/25420\/revisions"}],"wp:featuredmedia":[{"embeddable":true,"href":"https:\/\/comprasyconsejos.store\/en\/wp-json\/wp\/v2\/media\/25421"}],"wp:attachment":[{"href":"https:\/\/comprasyconsejos.store\/en\/wp-json\/wp\/v2\/media?parent=25420"}],"wp:term":[{"taxonomy":"product_brand","embeddable":true,"href":"https:\/\/comprasyconsejos.store\/en\/wp-json\/wp\/v2\/product_brand?post=25420"},{"taxonomy":"product_cat","embeddable":true,"href":"https:\/\/comprasyconsejos.store\/en\/wp-json\/wp\/v2\/product_cat?post=25420"},{"taxonomy":"product_tag","embeddable":true,"href":"https:\/\/comprasyconsejos.store\/en\/wp-json\/wp\/v2\/product_tag?post=25420"}],"curies":[{"name":"wp","href":"https:\/\/api.w.org\/{rel}","templated":true}]}}