{"id":25437,"date":"2026-02-19T15:24:46","date_gmt":"2026-02-19T15:24:46","guid":{"rendered":"https:\/\/comprasyconsejos.store\/product\/gmktec-g10-mini-pc-ryzen-5-3500u-more-powerful-than-n150-16gb-ram-256gb-ssd-2-5gbe-lan-desktop-computer-for-office-and-home-triple-output-4k-wifi-bluetooth-usb-c-dp\/"},"modified":"2026-02-19T15:24:48","modified_gmt":"2026-02-19T15:24:48","slug":"gmktec-g10-mini-pc-ryzen-5-3500u-more-powerful-than-n150-16gb-ram-256gb-ssd-2-5gbe-lan-desktop-computer-for-office-and-home-triple-output-4k-wifi-bluetooth-usb-c-dp","status":"publish","type":"product","link":"https:\/\/comprasyconsejos.store\/en\/product\/gmktec-g10-mini-pc-ryzen-5-3500u-more-powerful-than-n150-16gb-ram-256gb-ssd-2-5gbe-lan-desktop-computer-for-office-and-home-triple-output-4k-wifi-bluetooth-usb-c-dp\/","title":{"rendered":"GMKtec G10 Mini PC Ryzen 5 3500U (More Powerful Than N150), 16GB RAM, 256GB SSD, 2.5GbE LAN, Desktop Computer for Office and Home, Triple Output 4K, WiFi, Bluetooth, USB-C, DP"},"content":{"rendered":"<p>Price: <span style=\"color:#b12704\">\u20ac294.56<\/span><br \/><i><small>(as of Feb 19, 2026 15:24:46 UTC &#8211; <span class=\"wp_automatic_amazon_disclaimer\" title=\"Product prices and availability are accurate as of the date\/time indicated and are subject to change. Any price and availability information displayed on [relevant Amazon Site(s), as applicable] at the time of purchase will apply to the purchase of this product.\">Details<\/span>)<\/small><\/i><\/p>\n<p><a href=\"https:\/\/amazon.es\/dp\/B0D1MGL9RC?tag=man008-21\"><img decoding=\"async\" src=\"https:\/\/valvepress.s3.amazonaws.com\/imgs\/buy_now.png\"><\/a><br \/>\n<\/p>\n<p>                                             Product Description   <\/p>\n<h3 class=\"a-text-center aplus-container-3 aplus-h1 a-text-bold\"> GMKtec Nucbox G10 Mini PC Ordenador de Escritorio 16GB+256GB Disco Duro NVME SSD <\/h3>\n<p>The video showcases the product in use.The video guides you through product setup.The video compares multiple products.The video shows the product being unpacked. GMKtec Mini Pc Merchant video<\/p>\n<p>                                                                     VALOR Y RENDIMIENTO PROCESADOR R5 3500U                                            <img decoding=\"async\" alt=\"El texto dice \u00abAMD Ryzen 5\u00bb. El paquete del chip del procesador de la computadora se muestra en varios \u00e1ngulos con los elementos de dise\u00f1o t\u00e9cnico y las especificaciones en azul.\" src=\"https:\/\/images-na.ssl-images-amazon.com\/images\/G\/01\/x-locale\/common\/grey-pixel.gif\" class=\"a-lazy-loaded\" data-src=\"https:\/\/m.media-amazon.com\/images\/S\/aplus-media-library-service-media\/3e8293f3-66dc-46db-b63d-8bfa57edcd76.__CR0,0,1464,600_PT0_SX1464_V1___.jpg\"><img decoding=\"async\" alt=\"El texto dice \u00abAMD Ryzen 5\u00bb. El paquete del chip del procesador de la computadora se muestra en varios \u00e1ngulos con los elementos de dise\u00f1o t\u00e9cnico y las especificaciones en azul.\" src=\"https:\/\/m.media-amazon.com\/images\/S\/aplus-media-library-service-media\/3e8293f3-66dc-46db-b63d-8bfa57edcd76.__CR0,0,1464,600_PT0_SX1464_V1___.jpg\">                                               <\/p>\n<h3 class=\"a-size-extra-large a-spacing-base a-text-center\"> VALOR Y RENDIMIENTO PROCESADOR R5 3500U <\/h3>\n<p>                                                        CPU                                    AMD Ryzen 5 3500U (4C\/8T, 4M Cache, hasta 3,7 GHz)                                        Tarjeta Gr\u00e1fica                                    Radeon Vega 8 Graphics (1200 MHz)                                        RAM                                    16GB DDR4 3200 MHz (Doble Canal 2\u00d78GB)                                        Almacenamiento                                    256GB PCIe 3.0 M.2 2280 NVMe (Expansi\u00f3n: Doble Ranura M.2 2280 PCIE M\u00e1x. 16TB)                                        Red Inal\u00e1mbrica                                    2,5GbE Gigabit LAN RJ45                                        Salida de Video                                    Salida de Triple Pantalla, HDMI 2.1 (4K@60Hz), DisplayPort v1.4 (4K@60Hz), Type-C (4K@30Hz)                                                         Interfaces                                    1 x Puerto de Alimentaci\u00f3n USB-C; 2 x Puertos USB 3.2; 1 x Puerto USB 2.0; 1 x Puerto Type-C; 1 x Puerto HDMI; 1 x DisplayPort; 1 x Puerto LAN Ethernet RJ45 2,5Gbps; 1 x Puerto CTIA 3,5mm                                        Adaptador de Corriente                                    Certificaci\u00f3n 19V-3,42A Entrada: 100-240V CA, 50\/60Hz 1,7A, Salida: 19V\/3,42A 64,98W                                        Entorno de Operaci\u00f3n                                    -10\u00b0C a 45\u00b0C, Humedad 30% a 85%                                        Entorno de Almacenamiento                                    -20\u00b0C a 60\u00b0C, Humedad 10% a 90%                                        Contenido del Paquete                                    1 x Mini PC GMKtec Nucbox G10 Ryzen 5 3500U, 1 x Adaptador de Corriente, 1 x Soporte VESA con Tornillos, 1 x Cable HDMI, 1 x Manual de Usuario                     <\/p>\n<p>                                                                                                                    <img decoding=\"async\" alt=\"El texto dice \u00ab8 FUNCIONES DESTACADAS\u00bb. La pantalla de especificaciones t\u00e9cnicas muestra el procesador AMD Ryzen 5 5500U, las funciones de WiFi y varias funciones del dispositivo con ilustraciones de iconos.\" src=\"https:\/\/m.media-amazon.com\/images\/S\/aplus-media-library-service-media\/50e00aa7-69ff-4436-a279-cecc9452bcb1.__CR0,0,1464,600_PT0_SX1464_V1___.jpg\">                                                    <img decoding=\"async\" alt=\"El texto dice \u00abRENDIMIENTO DE MEMORIA\u00bb y \u00abDE DOBLE CANAL\u00bb. Diagrama t\u00e9cnico que muestra la configuraci\u00f3n de la memoria con secciones a rayas azules.\" src=\"https:\/\/m.media-amazon.com\/images\/S\/aplus-media-library-service-media\/ec6b6795-25d8-4581-b2af-51a5d79c87c0.__CR0,0,1464,600_PT0_SX1464_V1___.jpg\">                                                    <img decoding=\"async\" alt=\"El texto dice \u00abPANTALLA TRIPLE EN HD\u00bb. Configuraci\u00f3n de espacio de trabajo profesional con tres monitores HD conectados que muestran varias interfaces de datos y pantallas de an\u00e1lisis.\" src=\"https:\/\/m.media-amazon.com\/images\/S\/aplus-media-library-service-media\/6dfa2a7d-d2d6-4124-b4c3-e25f86ca7578.__CR0,0,1464,600_PT0_SX1464_V1___.jpg\">                                                    <img decoding=\"async\" alt=\"El texto dice \u00abINTERFAZ COMPLETA\u00bb. Diagrama t\u00e9cnico que muestra varios puertos de conexi\u00f3n e interfaces de un dispositivo electr\u00f3nico desde diferentes \u00e1ngulos.\" src=\"https:\/\/m.media-amazon.com\/images\/S\/aplus-media-library-service-media\/971108cc-b13b-4ac4-82f3-eafbc32be449.__CR0,0,1464,600_PT0_SX1464_V1___.jpg\">                                                    <img decoding=\"async\" alt=\"aplus content image\" src=\"https:\/\/m.media-amazon.com\/images\/S\/aplus-media-library-service-media\/f8b65cc4-7fa4-4e26-93a2-f538d3544ff0.__CR0,0,1464,600_PT0_SX1464_V1___.jpg\"><br \/>\n                            1 VALOR RYZEN 5 3500U <\/p>\n<p>                            2 Mem. &amp; Arch. Doppi <\/p>\n<p>                            3 PANTALLA TRIPLE <\/p>\n<p>                            4 INTERFAZ ENRIQUECIDA <\/p>\n<p>                            5 WIFI+BT <\/p>\n<p>                                                                                                                    <img decoding=\"async\" alt=\"El texto dice \u00ab35 W frente a 15 W\u00bb. Diagrama comparativo que muestra dos dispositivos electr\u00f3nicos con indicadores de potencia circulares, destacando las diferencias de consumo de energ\u00eda.\" src=\"https:\/\/m.media-amazon.com\/images\/S\/aplus-media-library-service-media\/7329873c-511c-45ae-bfe8-7c38e3b73229.__CR0,0,1464,600_PT0_SX1464_V1___.jpg\">                                                    <img decoding=\"async\" alt=\"El texto dice \u00abEstructura interna del producto\u00bb. Diagrama t\u00e9cnico con vista despiezada que muestra los componentes internos y el ensamblaje del dispositivo hexagonal.\" src=\"https:\/\/m.media-amazon.com\/images\/S\/aplus-media-library-service-media\/647eb99c-40ef-4b50-aac3-d0ffac566d77.__CR0,0,1464,600_PT0_SX1464_V1___.jpg\">                                                    <img decoding=\"async\" alt=\"Presentaci\u00f3n de negocios o escena de reuni\u00f3n que muestra gr\u00e1ficos, personas en discusi\u00f3n y gr\u00e1ficos de visualizaci\u00f3n de datos con l\u00edneas de tendencia al alza.\" src=\"https:\/\/m.media-amazon.com\/images\/S\/aplus-media-library-service-media\/cff5c14b-be06-48fa-a67a-73a37a2f8d3f.__CR0,0,1464,600_PT0_SX1464_V1___.jpg\">                                                      <img decoding=\"async\" alt=\"aplus content image\" src=\"https:\/\/m.media-amazon.com\/images\/S\/aplus-media-library-service-media\/b9b6aead-0463-4864-a2e8-85674b228601.__CR0,0,1464,600_PT0_SX1464_V1___.jpg\">                                                    <img decoding=\"async\" alt=\"El texto dice \u00abPC PORT\u00c1TIL\u00bb. Varias im\u00e1genes muestran un dispositivo electr\u00f3nico negro compacto que se manipula y coloca de diferentes maneras.\" src=\"https:\/\/m.media-amazon.com\/images\/S\/aplus-media-library-service-media\/069b79d0-cb95-43ba-bcc2-8eea5fe11f26.__CR0,0,1464,600_PT0_SX1464_V1___.jpg\"><br \/>\n                            1 35 W TDP EXTRA POWER <\/p>\n<p>                            2 ESTRUCTURA INTERNA <\/p>\n<p>                            3 Enfr. Silencioso <\/p>\n<p>                            4 ENTORNO MULTIUSOS <\/p>\n<p>                            5 PC PORT\u00c1TIL <\/p>\n<h3 class=\"a-text-center aplus-h1 a-text-bold\"> Mini PC premium dise\u00f1adas para ti <\/h3>\n<p>                         Add To Basket  <\/p>\n<p>                         Add To Basket  <\/p>\n<p>                         Add To Basket  <\/p>\n<p>                         Add To Basket  <\/p>\n<p>                         Add To Basket  <\/p>\n<p>                                     Customer Reviews  <\/p>\n<p>                    4.4 out of 5 stars  180  <\/p>\n<p>                    4.5 out of 5 stars  623  <\/p>\n<p>                    4.3 out of 5 stars  653  <\/p>\n<p>                    4.5 out of 5 stars  623  <\/p>\n<p>                    4.3 out of 5 stars  653  <\/p>\n<p>                    4.6 out of 5 stars  417  <\/p>\n<p>                    4.4 out of 5 stars  172  <\/p>\n<p>                                     Price  <\/p>\n<p>                                                        \u2014    <\/p>\n<p>                                                        \u2014    <\/p>\n<p>                                                        \u20ac566.96\u20ac566.96     <\/p>\n<p>                                                        \u20ac269.96\u20ac269.96     <\/p>\n<p>                                                        \u20ac889.88\u20ac889.88     <\/p>\n<p>                                                        \u20ac859.96\u20ac859.96     <\/p>\n<p>                                                        \u20ac849.96\u20ac849.96     <\/p>\n<p>                                     Procesador  <\/p>\n<p>                                                Core i7-12700H de 12.\u00aa Gen    <\/p>\n<p>                                                Ryzen 5 3500U (hasta 3,7 GHz)    <\/p>\n<p>                                                Ryzen 5 7640HS (hasta 5,0 GHz)    <\/p>\n<p>                                                Procesador Intel serie N N97    <\/p>\n<p>                                                Ryzen 7 H 255 ( hasta 4,9 GHz)    <\/p>\n<p>                                                Core i9 13900H (hasta 5,4 GHz)    <\/p>\n<p>                                                Ryzen 9 8945HS (hasta 5,2 GHz)    <\/p>\n<p>                                     Sistema operativo  <\/p>\n<p>                                                11 Pro    <\/p>\n<p>                                                11 Pro    <\/p>\n<p>                                                11 Pro    <\/p>\n<p>                                                11 Pro    <\/p>\n<p>                                                11 Pro    <\/p>\n<p>                                                11 Pro    <\/p>\n<p>                                                11 Pro    <\/p>\n<p>                                     Coprocesador gr\u00e1fico  <\/p>\n<p>                                                Intel Iris Xe a 1,4 GHz    <\/p>\n<p>                                                Radeon Vega 8 (1200 MHz)    <\/p>\n<p>                                                Radeon 760M 8 n\u00facleos 2600 MHz    <\/p>\n<p>                                                Gr\u00e1ficos Intel UHD    <\/p>\n<p>                                                Radeon 780M12 n\u00facleos,2600 MHz    <\/p>\n<p>                                                con Intel Iris Xe de 1500 MHz    <\/p>\n<p>                                                AMD Radeon 780M 12C 2800 MHz    <\/p>\n<p>                                     Tama\u00f1o de la memoria (RAM)  <\/p>\n<p>                                                32 GB (2&#215;16 GB DDR4 3200 MT\/s)    <\/p>\n<p>                                                16 GB DDR4 2400 MHz (2 x 8 GB)    <\/p>\n<p>                                                32 GB DDR5 4800 MT\/s (2*16)    <\/p>\n<p>                                                12 GB DDR5    <\/p>\n<p>                                                32 GB (16 GB*2) DDR5 5600 MT\/s    <\/p>\n<p>                                                32 GB (16 GB*2) DDR5 5600 MHz    <\/p>\n<p>                                                32 GB DDR5 5600 MHz (16 GB*2)    <\/p>\n<p>                                     Tama\u00f1o del disco duro (ROM)  <\/p>\n<p>                                                SSD PCIe 3.0 M.2 2280 de 1 TB    <\/p>\n<p>                                                512 GB PCIe 3.0 M.2 2280 NVMe    <\/p>\n<p>                                                SSD PCIe 3.0 M.2 2280 de 1 TB    <\/p>\n<p>                                                512 GB    <\/p>\n<p>                                                1TB PCIe 4.0 M.2 2280 SSD NVME    <\/p>\n<p>                                                1TB PCIe 4.0 M.2 2280 SSD NVME    <\/p>\n<p>                                                1TB PCIe 4.0 M.2 2280 SSD NVME    <\/p>\n<p>                                     N\u00facleos\/Hilos  <\/p>\n<p>                                                14 n\u00facleos \/ 20 subprocesos    <\/p>\n<p>                                                4 n\u00facleos\/8 subprocesos    <\/p>\n<p>                                                6 n\u00facleos\/12 subprocesos    <\/p>\n<p>                                                4 n\u00facleos \/ 4 subprocesos    <\/p>\n<p>                                                8 n\u00facleos\/16 hilos    <\/p>\n<p>                                                14 n\u00facleos \/ 20 subprocesos    <\/p>\n<p>                                                8 n\u00facleos \/ 16 subprocesos    <\/p>\n<p>                                     Interfaz de v\u00eddeo  <\/p>\n<p>                                                Doble HDMI 2.0 + Tipo C    <\/p>\n<p>                                                HDMI 2.1, DP 1.4, Tipo C    <\/p>\n<p>                                                HDMI 2.0, DisplayPort, USB 4.0    <\/p>\n<p>                                                2 HDMI (4K a 60 Hz)    <\/p>\n<p>                                                HDMI 2.1, DP, Tipo C, USB 4.0    <\/p>\n<p>                                                HDMI dual, DP1.4, Tipo-C    <\/p>\n<p>                                                HDMI 2.1, DP2.1, USB4*2    <\/p>\n<p>                                     Wi-Fi y Ethernet  <\/p>\n<p>                                                Wi-Fi 6, BT5.2,RJ45 de 2,5 GbE    <\/p>\n<p>                                                Realtek 8125BG 2.5G LAN RJ45    <\/p>\n<p>                                                WiFi 6, BT 5.2, 2,5 GbE RJ45*2    <\/p>\n<p>                                                Wi-Fi 5 (8821CE), BT 4.2, RJ45    <\/p>\n<p>                                                2 LAN 2,5 G | Wi-Fi 6E BT5.2    <\/p>\n<p>                                                LAN 2.5G, Wi-Fi 6 BT 5.2    <\/p>\n<p>                                                LAN 2500 Mbps*2,Wi-Fi 6,BT 5.2    <\/p>\n<p>                                     Interfaz transferencia datos  <\/p>\n<p>                                                3 x USB 3.2; 1 x USB 2.0    <\/p>\n<p>                                                2 x USB 3.2; 1 x USB 2.0    <\/p>\n<p>                                                3xUSB 3.2 (Gen 2), 1 xUSB 2.0    <\/p>\n<p>                                                2 USB 3.2, 1 USB 2.0    <\/p>\n<p>                                                3 USB 3.2 Gen 2; 2 USB 2.0    <\/p>\n<p>                                                4xUSB 3.2 Gen2 ; 4 x USB 2.0     <\/p>\n<p>                                                2 USB 3.2 Gen2; 2 USB 2.0;    <\/p>\n<p>                                     Consumo de energ\u00eda  <\/p>\n<p>                                                20 V\/5 A, 100 W    <\/p>\n<p>                                                19 V\/3,42 A, 65 W    <\/p>\n<p>                                                19 V, 6,32 A, 120 W    <\/p>\n<p>                                                12 V\/3 A, 45 W    <\/p>\n<p>                                                19 V\/7,8 A    <\/p>\n<p>                                                19 V\/6,32 A    <\/p>\n<p>                                                19 V\/6,32 A    <\/p>\n<p>                                     Auto Power On\/Wake on LAN\/PXE  <\/p>\n<p>                                                    \u2714       <\/p>\n<p>                                                    \u2714       <\/p>\n<p>                                                    \u2714       <\/p>\n<p>                                                    \u2714       <\/p>\n<p>                                                    \u2714       <\/p>\n<p>                                                    \u2714       <\/p>\n<p>                                                    \u2714       <\/p>\n<p>                                     Support Ubuntu\/Linux\/Win 10  <\/p>\n<p>                                                    \u2714       <\/p>\n<p>                                                    \u2714       <\/p>\n<p>                                                    \u2714       <\/p>\n<p>                                                    \u2714       <\/p>\n<p>                                                    \u2714       <\/p>\n<p>                                                    \u2714       <\/p>\n<p>                                                    \u2714       <\/p>\n<p> Package Dimensions                                            \u200f                                            :                                            \u200e                                            16.3 x 15.8 x 10.6 cm; 920 g   <br \/> Manufacturer                                            \u200f                                            :                                            \u200e                                            GMKtec   <br \/> ASIN                                            \u200f                                            :                                            \u200e                                            B0D1MGL9RC   <br \/> Item model number                                            \u200f                                            :                                            \u200e                                            G10   <br \/> Guaranteed software updates until                                            \u200f                                            :                                            \u200e                                            unknown   <br \/>  Customer reviews:                                                                                            4.5               4.5 out of 5 stars                                  (1,049)                                              var dpAcrHasRegisteredArcLinkClickAction;                    P.when(&#8216;A&#8217;, &#8216;ready&#8217;).execute(function(A) {                        if (dpAcrHasRegisteredArcLinkClickAction !== true) {                            dpAcrHasRegisteredArcLinkClickAction = true;                            A.declarative(                                &#8216;acrLink-click-metrics&#8217;, &#8216;click&#8217;,                                { \u00aballowLinkDefault\u00bb: true },                                function (event) {                                    if (window.ue) {                                        ue.count(\u00abacrLinkClickCount\u00bb, (ue.count(\u00abacrLinkClickCount\u00bb) || 0) + 1);                                    }                                }                            );                        }                    });                                             P.when(&#8216;A&#8217;, &#8216;cf&#8217;).execute(function(A) {                A.declarative(&#8216;acrStarsLink-click-metrics&#8217;, &#8216;click&#8217;, { \u00aballowLinkDefault\u00bb : true },  function(event){                    if(window.ue) {                        ue.count(\u00abacrStarsLinkWithPopoverClickCount\u00bb, (ue.count(\u00abacrStarsLinkWithPopoverClickCount\u00bb) || 0) + 1);                    }                });            });                          <\/p>\n<p>OFFICE LIGHT GAMING MINI PC &#8211; GMKtec Nucbox G10 Series is equipped with the Ryzen 5 3500U, a 64-bit quad-core mid-range performance x86 mobile microprocessor. This processor is based on AMD&#8217;s Zen+ microarchitecture and is fabricated on a 12 nm process. The 3500U operates at a base frequency of 2.1 GHz with a TDP of 15 W and a Boost frequency of 3.7 GHz. This APU supports up to 32 GB of dual-channel DDR4-2400 memory and incorporates Radeon Vega 8 Graphics operating at up to 1.2 GHz. 35% Performance increase over the similar Intel N-Series N150\/N100\/N97\/N95 processor chips.<br \/>16GB DUAL CHANNEL DDR4 + 256GB SSD &#8211; Installed with DDR4 16GB SO-DIMM RAM Dual Channel (2x8GB) and a 256GB SSD, the Nucbox G10 mini pc supports memory expansion to 32GB RAM. Featured with Dual M.2 2280 PCIe 3.0 slots, supports dual storage slot expansion to 16TB SSD (2*8TB). (Upgrades not included) This model supports a configurable TDP-down of 12 W and TDP-up of 35 W.<br \/>2.5GBE ETHERNET FAST NETWORK SPEEDS &#8211; Enjoy up to 2500Mbps data transmission speed without worrying about lagging. Ideal for working, gaming, and surfing the internet. Great for Untangle, Pfsense or as a server office PC.<br \/>MINI DESKTOP COMPUTER WITH TRIPLE DISPLAY SCREEN &#8211; Nucbox G10 integrates AMD Radeon Vega 8 1200 MHz GPU to deliver powerful graphics processing power to easily handle video editing, and playback, or casual gaming. And it can connect to 3 display screens simultaneously via HDMI 2.1 TMDS\/ DPv1.4\/ TYPE-C.<br \/>FAST WIRELESS INTERNET WIFI 5 + BT5.0 &#8211; Enjoy blazing WiFi 5 &#038; Bluetooth 5.0 alongside a powerhouse selection of ports &#8211; dual USB 3.2, USB 2.0, stunning 4K@60Hz HDMI 2.1 TMDS, Full Function USB-C (PD\/DP\/Data), dedicated DisplayPort, 3.5mm audio, and PD Power Supply for seamless multitasking and premium connectivity.<br \/>GMKTEC WARRANTY &#8211; offers a 1-year limited warranty for each mini PC, starting from the date of the purchase. All defects due to design and workmanship are covered. With a professional after sales team always ready to attend to your needs, you can simply relax and enjoy your mini PC.<\/p>\n\n","protected":false},"excerpt":{"rendered":"<p> Product Description GMKtec Nucbox G10 Mini PC Ordenador de Escritorio 16GB+256GB Disco Duro NVME SSD<\/p>","protected":false},"featured_media":25438,"comment_status":"open","ping_status":"closed","template":"","meta":[],"product_brand":[],"product_cat":[90],"product_tag":[509,792,512,5828,613,726,539,611,787,7526,607,604,609,606,612,786,608,626,791,215,691,585,1259,2545,605,587,610,531,513,904,188,543],"class_list":{"0":"post-25437","1":"product","2":"type-product","3":"status-publish","4":"has-post-thumbnail","6":"product_cat-gaming-pcs","7":"product_tag-16gb","8":"product_tag-2-5gbe","9":"product_tag-256gb","10":"product_tag-3500u","11":"product_tag-best-gaming-pc","12":"product_tag-bluetooth","13":"product_tag-computer","14":"product_tag-custom-gaming-pc","15":"product_tag-desktop","16":"product_tag-g10","17":"product_tag-gaming-desktop","18":"product_tag-gaming-pc","19":"product_tag-gaming-pc-16gb-ram","20":"product_tag-gaming-pc-rtx","21":"product_tag-gaming-pc-ssd","22":"product_tag-gmktec","23":"product_tag-high-end-gaming-pc","24":"product_tag-home","25":"product_tag-lan","26":"product_tag-mini","27":"product_tag-n150","28":"product_tag-office","29":"product_tag-output","30":"product_tag-powerful","31":"product_tag-prebuilt-gaming-pc","32":"product_tag-ram","33":"product_tag-rgb-gaming-pc","34":"product_tag-ryzen","35":"product_tag-ssd","36":"product_tag-triple","37":"product_tag-usbc","38":"product_tag-wifi","40":"first","41":"instock","42":"shipping-taxable","43":"product-type-external"},"_links":{"self":[{"href":"https:\/\/comprasyconsejos.store\/en\/wp-json\/wp\/v2\/product\/25437","targetHints":{"allow":["GET"]}}],"collection":[{"href":"https:\/\/comprasyconsejos.store\/en\/wp-json\/wp\/v2\/product"}],"about":[{"href":"https:\/\/comprasyconsejos.store\/en\/wp-json\/wp\/v2\/types\/product"}],"replies":[{"embeddable":true,"href":"https:\/\/comprasyconsejos.store\/en\/wp-json\/wp\/v2\/comments?post=25437"}],"version-history":[{"count":0,"href":"https:\/\/comprasyconsejos.store\/en\/wp-json\/wp\/v2\/product\/25437\/revisions"}],"wp:featuredmedia":[{"embeddable":true,"href":"https:\/\/comprasyconsejos.store\/en\/wp-json\/wp\/v2\/media\/25438"}],"wp:attachment":[{"href":"https:\/\/comprasyconsejos.store\/en\/wp-json\/wp\/v2\/media?parent=25437"}],"wp:term":[{"taxonomy":"product_brand","embeddable":true,"href":"https:\/\/comprasyconsejos.store\/en\/wp-json\/wp\/v2\/product_brand?post=25437"},{"taxonomy":"product_cat","embeddable":true,"href":"https:\/\/comprasyconsejos.store\/en\/wp-json\/wp\/v2\/product_cat?post=25437"},{"taxonomy":"product_tag","embeddable":true,"href":"https:\/\/comprasyconsejos.store\/en\/wp-json\/wp\/v2\/product_tag?post=25437"}],"curies":[{"name":"wp","href":"https:\/\/api.w.org\/{rel}","templated":true}]}}