{"id":25442,"date":"2026-02-19T15:31:22","date_gmt":"2026-02-19T15:31:22","guid":{"rendered":"https:\/\/comprasyconsejos.store\/product\/geeekpi-12-6-inch-ips-lcd-touch-screen-monitor-fhd-1920x515-display-fit-for-diy-y60-pc-case-cpu-gpu-secondary-monitor-panel-built-in-dual-speakers-plug-playwith-up-to-10-points-of-multi-touch\/"},"modified":"2026-02-19T15:31:26","modified_gmt":"2026-02-19T15:31:26","slug":"geeekpi-12-6-inch-ips-lcd-touch-screen-monitor-fhd-1920x515-display-fit-for-diy-y60-pc-case-cpu-gpu-secondary-monitor-panel-built-in-dual-speakers-plug-playwith-up-to-10-points-of-multi-touch","status":"publish","type":"product","link":"https:\/\/comprasyconsejos.store\/en\/product\/geeekpi-12-6-inch-ips-lcd-touch-screen-monitor-fhd-1920x515-display-fit-for-diy-y60-pc-case-cpu-gpu-secondary-monitor-panel-built-in-dual-speakers-plug-playwith-up-to-10-points-of-multi-touch\/","title":{"rendered":"GeeekPi 12.6 Inch IPS LCD Touch Screen Monitor FHD 1920&#215;515 Display, Fit for DIY Y60 PC Case CPU GPU Secondary Monitor Panel, Built-in Dual Speakers, Plug &#038; Play,with up to 10-points of multi-touch"},"content":{"rendered":"<p>Price: <span style=\"color:#b12704\"><del>\u20ac179.99<\/del> - \u20ac145.99<\/span><br \/><i><small>(as of Feb 19, 2026 15:31:22 UTC &#8211; <span class=\"wp_automatic_amazon_disclaimer\" title=\"Product prices and availability are accurate as of the date\/time indicated and are subject to change. Any price and availability information displayed on [relevant Amazon Site(s), as applicable] at the time of purchase will apply to the purchase of this product.\">Details<\/span>)<\/small><\/i><\/p>\n<p><a href=\"https:\/\/amazon.es\/dp\/B0DPHG49S2?tag=man008-21\"><img decoding=\"async\" src=\"https:\/\/valvepress.s3.amazonaws.com\/imgs\/buy_now.png\"><\/a><br \/>\n<\/p>\n<p>                                             Product Description   <\/p>\n<p>The video showcases the product in use.The video guides you through product setup.The video compares multiple products.The video shows the product being unpacked. GeeekPi 12,6 pulgadas IPS LCD Touch Screen Monitor Merchant video<\/p>\n<p class=\"aplus-description aplus-container-3 aplus-p1\"> GeeekPi Monitor de pantalla t\u00e1ctil LCD de 12,6 pulgadas con HDMI, 1920 x 515 IPS, kits de bricolaje, altavoces duales incorporados para computadora Hyte Y60, carcasa para PC para juegos <\/p>\n<p>                                                                                                       <img decoding=\"async\" alt=\"Pantalla t\u00e1ctil de 12,6 pulgadas para funda Hyte Y60\" src=\"https:\/\/images-na.ssl-images-amazon.com\/images\/G\/01\/x-locale\/common\/grey-pixel.gif\" class=\"a-lazy-loaded\" data-src=\"https:\/\/m.media-amazon.com\/images\/S\/aplus-media-library-service-media\/9e2bbe24-bc31-45e5-aea5-aab310ac271c.__CR0,0,1464,600_PT0_SX1464_V1___.jpg\"><img decoding=\"async\" alt=\"Pantalla t\u00e1ctil de 12,6 pulgadas para funda Hyte Y60\" src=\"https:\/\/m.media-amazon.com\/images\/S\/aplus-media-library-service-media\/9e2bbe24-bc31-45e5-aea5-aab310ac271c.__CR0,0,1464,600_PT0_SX1464_V1___.jpg\">                                         <\/p>\n<p class=\"aplus-description aplus-container-3 aplus-p1\"> La pantalla LCD IPS de 12,6\u00bb ofrece un \u00e1ngulo de visi\u00f3n completo de 178\u00b0, muestra una imagen clara y v\u00edvida, brinda un mejor disfrute visual. <\/p>\n<p>                                                                                                       <img decoding=\"async\" alt=\"Pantalla t\u00e1ctil de 12,6 pulgadas para funda Hyte Y60\" src=\"https:\/\/images-na.ssl-images-amazon.com\/images\/G\/01\/x-locale\/common\/grey-pixel.gif\" class=\"a-lazy-loaded\" data-src=\"https:\/\/m.media-amazon.com\/images\/S\/aplus-media-library-service-media\/6696dd3f-4ab1-4802-b397-0449e12e4977.__CR0,0,1464,600_PT0_SX1464_V1___.jpg\"><img decoding=\"async\" alt=\"Pantalla t\u00e1ctil de 12,6 pulgadas para funda Hyte Y60\" src=\"https:\/\/m.media-amazon.com\/images\/S\/aplus-media-library-service-media\/6696dd3f-4ab1-4802-b397-0449e12e4977.__CR0,0,1464,600_PT0_SX1464_V1___.jpg\">                                         <\/p>\n<p class=\"aplus-description aplus-container-3 aplus-p1\"> Equipada con una pantalla t\u00e1ctil y un panel de vidrio templado, esta pantalla es sensible y responde, brindando una excelente experiencia t\u00e1ctil con hasta 10 puntos de precisi\u00f3n multit\u00e1ctil. <\/p>\n<p>                                                                                                       <img decoding=\"async\" alt=\"Pantalla t\u00e1ctil de 12,6 pulgadas para funda Hyte Y60\" src=\"https:\/\/images-na.ssl-images-amazon.com\/images\/G\/01\/x-locale\/common\/grey-pixel.gif\" class=\"a-lazy-loaded\" data-src=\"https:\/\/m.media-amazon.com\/images\/S\/aplus-media-library-service-media\/1f9f5345-5248-4bac-9665-c8b7b5a57e31.__CR0,0,1464,600_PT0_SX1464_V1___.jpg\"><img decoding=\"async\" alt=\"Pantalla t\u00e1ctil de 12,6 pulgadas para funda Hyte Y60\" src=\"https:\/\/m.media-amazon.com\/images\/S\/aplus-media-library-service-media\/1f9f5345-5248-4bac-9665-c8b7b5a57e31.__CR0,0,1464,600_PT0_SX1464_V1___.jpg\">                                         <\/p>\n<p class=\"aplus-description aplus-container-3 aplus-p1\"> Compatible con sistemas Windows 7\/8\/10 y macOS, esta pantalla est\u00e1 lista para usar sin necesidad de software adicional. Ofrece configuraciones de visualizaci\u00f3n de pantalla horizontales y verticales ajustables. <\/p>\n<p>                                                                                                       <img decoding=\"async\" alt=\"Pantalla t\u00e1ctil de 12,6 pulgadas para funda Hyte Y60\" src=\"https:\/\/images-na.ssl-images-amazon.com\/images\/G\/01\/x-locale\/common\/grey-pixel.gif\" class=\"a-lazy-loaded\" data-src=\"https:\/\/m.media-amazon.com\/images\/S\/aplus-media-library-service-media\/8fc30fcb-5e90-40c4-92a6-35bce09a067e.__CR0,0,1464,600_PT0_SX1464_V1___.jpg\"><img decoding=\"async\" alt=\"Pantalla t\u00e1ctil de 12,6 pulgadas para funda Hyte Y60\" src=\"https:\/\/m.media-amazon.com\/images\/S\/aplus-media-library-service-media\/8fc30fcb-5e90-40c4-92a6-35bce09a067e.__CR0,0,1464,600_PT0_SX1464_V1___.jpg\">                                         <\/p>\n<p class=\"aplus-description aplus-container-3 aplus-p1\"> Cuenta con un soporte de pantalla que se adapta perfectamente al panel de la carcasa del Y60, m\u00f3ntelo f\u00e1cilmente con el destornillador incluido en el paquete, no se necesitan tornillos adicionales. <\/p>\n<p>                                                                                                       <img decoding=\"async\" alt=\"Pantalla t\u00e1ctil de 12,6 pulgadas para funda Hyte Y60\" src=\"https:\/\/images-na.ssl-images-amazon.com\/images\/G\/01\/x-locale\/common\/grey-pixel.gif\" class=\"a-lazy-loaded\" data-src=\"https:\/\/m.media-amazon.com\/images\/S\/aplus-media-library-service-media\/09302637-5397-4fda-946e-7424935cc937.__CR0,0,1464,600_PT0_SX1464_V1___.jpg\"><img decoding=\"async\" alt=\"Pantalla t\u00e1ctil de 12,6 pulgadas para funda Hyte Y60\" src=\"https:\/\/m.media-amazon.com\/images\/S\/aplus-media-library-service-media\/09302637-5397-4fda-946e-7424935cc937.__CR0,0,1464,600_PT0_SX1464_V1___.jpg\">                                         <\/p>\n<p class=\"aplus-description aplus-container-3 aplus-p1\"> Interfaz mini HDMI y CC de 3,5 mm, compatible con su PC, computadora port\u00e1til, el modo horizontal lo convierte en una pantalla adicional en su escritorio o en cualquier lugar que desee, excelente kit de bricolaje. <\/p>\n<p>                                                                                                       <img decoding=\"async\" alt=\"Pantalla t\u00e1ctil de 12,6 pulgadas para funda Hyte Y60\" src=\"https:\/\/images-na.ssl-images-amazon.com\/images\/G\/01\/x-locale\/common\/grey-pixel.gif\" class=\"a-lazy-loaded\" data-src=\"https:\/\/m.media-amazon.com\/images\/S\/aplus-media-library-service-media\/2419abe4-1a6b-4a7b-bf9e-bab25170be19.__CR0,0,1464,600_PT0_SX1464_V1___.jpg\"><img decoding=\"async\" alt=\"Pantalla t\u00e1ctil de 12,6 pulgadas para funda Hyte Y60\" src=\"https:\/\/m.media-amazon.com\/images\/S\/aplus-media-library-service-media\/2419abe4-1a6b-4a7b-bf9e-bab25170be19.__CR0,0,1464,600_PT0_SX1464_V1___.jpg\">                                               <\/p>\n<p> Product Dimensions                                            \u200f                                            :                                            \u200e                                            37 x 13 x 5.5 cm; 1.09 kg   <br \/> Manufacturer                                            \u200f                                            :                                            \u200e                                            GeeekPi   <br \/> ASIN                                            \u200f                                            :                                            \u200e                                            B0DPHG49S2   <br \/> Item model number                                            \u200f                                            :                                            \u200e                                            EP-0190   <br \/> Country\/Region of Origin                                            \u200f                                            :                                            \u200e                                            China   <br \/> Guaranteed software updates until                                            \u200f                                            :                                            \u200e                                            unknown   <br \/>  Customer reviews:                                                                                            4.1               4.1 out of 5 stars                                  (54)                                              var dpAcrHasRegisteredArcLinkClickAction;                    P.when(&#8216;A&#8217;, &#8216;ready&#8217;).execute(function(A) {                        if (dpAcrHasRegisteredArcLinkClickAction !== true) {                            dpAcrHasRegisteredArcLinkClickAction = true;                            A.declarative(                                &#8216;acrLink-click-metrics&#8217;, &#8216;click&#8217;,                                { \u00aballowLinkDefault\u00bb: true },                                function (event) {                                    if (window.ue) {                                        ue.count(\u00abacrLinkClickCount\u00bb, (ue.count(\u00abacrLinkClickCount\u00bb) || 0) + 1);                                    }                                }                            );                        }                    });                                             P.when(&#8216;A&#8217;, &#8216;cf&#8217;).execute(function(A) {                A.declarative(&#8216;acrStarsLink-click-metrics&#8217;, &#8216;click&#8217;, { \u00aballowLinkDefault\u00bb : true },  function(event){                    if(window.ue) {                        ue.count(\u00abacrStarsLinkWithPopoverClickCount\u00bb, (ue.count(\u00abacrStarsLinkWithPopoverClickCount\u00bb) || 0) + 1);                    }                });            });                          <\/p>\n<p>High Resolution &#038; IPS HD Image: Enjoy a crisp and detailed image with the Ultra-HD 515&#215;1920 resolution and a high contrast ratio of 1200:1. The IPS panel provides a full viewing angle, ensuring that colors remain bright and consistent from any angle.<br \/>Designed for Y60: This screen is specifically designed to fit the Y60 case panel perfectly, making installation a breeze with the included screwdriver and no need for extra screws.<br \/>Easy to Use, Plug and Play: Compatible with Windows 7\/8\/10 and macOS systems, this screen is ready to use out of the box with no additional software required. It offers adjustable horizontal and vertical screen display settings.<br \/>Up to 10-Points Touch: Equipped with a touch screen and tempered glass panel, this screen is sensitive and responsive, providing an excellent touch experience with up to 10-points of multi-touch accuracy.<br \/>Built-in Speakers: Two built-in speakers provide audio output without the need for external speakers.<br \/>Product Wiki: https:\/\/wiki.52pi.com\/index.php?title=EP-0190<\/p>\n\n","protected":false},"excerpt":{"rendered":"<p> Product Description The video showcases the product in use.The video guides you through product setup.The<\/p>","protected":false},"featured_media":25443,"comment_status":"open","ping_status":"closed","template":"","meta":[],"product_brand":[],"product_cat":[95],"product_tag":[7531,7528,631,1567,632,994,598,561,1086,298,639,1316,7527,599,584,703,1186,629,844,2820,1033,7530,324,637,842,2718,1039,636,515,635,628,634,633,630,7529],"class_list":{"0":"post-25442","1":"product","2":"type-product","3":"status-publish","4":"has-post-thumbnail","6":"product_cat-windows-tablets","7":"product_tag-10points","8":"product_tag-1920x515","9":"product_tag-2-in-1-tablet","10":"product_tag-builtin","11":"product_tag-business-tablet-windows","12":"product_tag-case","13":"product_tag-cpu","14":"product_tag-display","15":"product_tag-diy","16":"product_tag-dual","17":"product_tag-fhd","18":"product_tag-fit","19":"product_tag-geeekpi","20":"product_tag-gpu","21":"product_tag-inch","22":"product_tag-ips","23":"product_tag-lcd","24":"product_tag-microsoft-surface-tablet","25":"product_tag-monitor","26":"product_tag-multitouch","27":"product_tag-panel","28":"product_tag-playwith","29":"product_tag-plug","30":"product_tag-portable-windows-tablet","31":"product_tag-screen","32":"product_tag-secondary","33":"product_tag-speakers","34":"product_tag-tablet-laptop-combo","35":"product_tag-touch","36":"product_tag-touchscreen-windows-tablet","37":"product_tag-windows-tablet","38":"product_tag-windows-tablet-for-work","39":"product_tag-windows-tablet-price","40":"product_tag-windows-tablet-with-keyboard","41":"product_tag-y60","43":"first","44":"instock","45":"sale","46":"shipping-taxable","47":"product-type-external"},"_links":{"self":[{"href":"https:\/\/comprasyconsejos.store\/en\/wp-json\/wp\/v2\/product\/25442","targetHints":{"allow":["GET"]}}],"collection":[{"href":"https:\/\/comprasyconsejos.store\/en\/wp-json\/wp\/v2\/product"}],"about":[{"href":"https:\/\/comprasyconsejos.store\/en\/wp-json\/wp\/v2\/types\/product"}],"replies":[{"embeddable":true,"href":"https:\/\/comprasyconsejos.store\/en\/wp-json\/wp\/v2\/comments?post=25442"}],"version-history":[{"count":0,"href":"https:\/\/comprasyconsejos.store\/en\/wp-json\/wp\/v2\/product\/25442\/revisions"}],"wp:featuredmedia":[{"embeddable":true,"href":"https:\/\/comprasyconsejos.store\/en\/wp-json\/wp\/v2\/media\/25443"}],"wp:attachment":[{"href":"https:\/\/comprasyconsejos.store\/en\/wp-json\/wp\/v2\/media?parent=25442"}],"wp:term":[{"taxonomy":"product_brand","embeddable":true,"href":"https:\/\/comprasyconsejos.store\/en\/wp-json\/wp\/v2\/product_brand?post=25442"},{"taxonomy":"product_cat","embeddable":true,"href":"https:\/\/comprasyconsejos.store\/en\/wp-json\/wp\/v2\/product_cat?post=25442"},{"taxonomy":"product_tag","embeddable":true,"href":"https:\/\/comprasyconsejos.store\/en\/wp-json\/wp\/v2\/product_tag?post=25442"}],"curies":[{"name":"wp","href":"https:\/\/api.w.org\/{rel}","templated":true}]}}