{"id":25449,"date":"2026-02-19T15:38:18","date_gmt":"2026-02-19T15:38:18","guid":{"rendered":"https:\/\/comprasyconsejos.store\/product\/xp-pen-xppen-magic-note-pad-3-in-1-color-modes-11-inch-android-tablet-with-pen-16k-levels-graphic-tablet-with-independent-screen\/"},"modified":"2026-02-19T15:38:20","modified_gmt":"2026-02-19T15:38:20","slug":"xp-pen-xppen-magic-note-pad-3-in-1-color-modes-11-inch-android-tablet-with-pen-16k-levels-graphic-tablet-with-independent-screen","status":"publish","type":"product","link":"https:\/\/comprasyconsejos.store\/en\/product\/xp-pen-xppen-magic-note-pad-3-in-1-color-modes-11-inch-android-tablet-with-pen-16k-levels-graphic-tablet-with-independent-screen\/","title":{"rendered":"XP-Pen XPPen Magic Note Pad 3 in 1 Color Modes 11 Inch, Android Tablet with Pen 16K Levels, Graphic Tablet with Independent Screen"},"content":{"rendered":"<p>Price: <span style=\"color:#b12704\">\u20ac439.99<\/span><br \/><i><small>(as of Feb 19, 2026 15:38:18 UTC &#8211; <span class=\"wp_automatic_amazon_disclaimer\" title=\"Product prices and availability are accurate as of the date\/time indicated and are subject to change. Any price and availability information displayed on [relevant Amazon Site(s), as applicable] at the time of purchase will apply to the purchase of this product.\">Details<\/span>)<\/small><\/i><\/p>\n<p><a href=\"https:\/\/amazon.es\/dp\/B0DXNXWTXF?tag=man008-21\"><img decoding=\"async\" src=\"https:\/\/valvepress.s3.amazonaws.com\/imgs\/buy_now.png\"><\/a><br \/>\n<\/p>\n<p>                                             Product Description   <\/p>\n<p>                                                                                                       <img decoding=\"async\" alt=\"con pantalla similar al papel que presenta varias funciones: tecnolog\u00eda X-Paper, 16,7 millones de colores, 16384 niveles de presi\u00f3n, sistema Android 8.1 y funci\u00f3n\" src=\"https:\/\/images-na.ssl-images-amazon.com\/images\/G\/01\/x-locale\/common\/grey-pixel.gif\" class=\"a-lazy-loaded\" data-src=\"https:\/\/m.media-amazon.com\/images\/S\/aplus-media-library-service-media\/02b6df68-23a9-4e77-83f3-524070b7b53f.__CR0,0,1464,600_PT0_SX1464_V1___.jpg\"><img decoding=\"async\" alt=\"con pantalla similar al papel que presenta varias funciones: tecnolog\u00eda X-Paper, 16,7 millones de colores, 16384 niveles de presi\u00f3n, sistema Android 8.1 y funci\u00f3n\" src=\"https:\/\/m.media-amazon.com\/images\/S\/aplus-media-library-service-media\/02b6df68-23a9-4e77-83f3-524070b7b53f.__CR0,0,1464,600_PT0_SX1464_V1___.jpg\">                                               <\/p>\n<p>                                                                                                                  <img decoding=\"async\" alt=\"Imagen dividida que muestra texto en papel marr\u00f3n en el lado izquierdo y escena de lectura con libros, bebidas y caf\u00e9 en el lado derecho.\" src=\"https:\/\/m.media-amazon.com\/images\/S\/aplus-media-library-service-media\/fe75b76d-f2b8-4780-8ab1-646955944134.__CR0,0,1464,600_PT0_SX1464_V1___.jpg\">                                                    <img decoding=\"async\" alt=\"con una vibrante imagen de mariposa azul. El texto resalta 16,7 millones de colores y un brillo de 400 nits. El dispositivo parece enfatizar las capacidades de restauraci\u00f3n del color\" src=\"https:\/\/m.media-amazon.com\/images\/S\/aplus-media-library-service-media\/f760efd7-4f8b-47bf-a39a-afde9437fd88.__CR0,0,1464,600_PT0_SX1464_V1___.png\">                                                    <img decoding=\"async\" alt=\"Tableta o tel\u00e9fono inteligente que muestra gr\u00e1ficos animados coloridos, con el texto \u00ab90 Hz\u00bb en un lugar destacado. Demuestra capacidades de alta frecuencia de actualizaci\u00f3n para un rendimiento visual fluido\" src=\"https:\/\/m.media-amazon.com\/images\/S\/aplus-media-library-service-media\/4dabbb91-a6a8-4017-b7ee-63055cff3818.__CR0,0,1464,600_PT0_SX1464_V1___.png\">                                                    <img decoding=\"async\" alt=\"Persona que usa una tableta con un protector de pantalla oscuro. Dos logotipos de certificaci\u00f3n visibles. Texto en espa\u00f1ol sobre protecci\u00f3n ocular. Fondo de tonos c\u00e1lidos con dispositivo para sujetar las manos.\" src=\"https:\/\/m.media-amazon.com\/images\/S\/aplus-media-library-service-media\/fe3c90cd-62c6-4ecc-b057-abc23eeb1d57.__CR0,0,1464,600_PT0_SX1464_V1___.jpg\"><br \/>\n                            1 X-Paper Pantalla <\/p>\n<p>                            2 16.7 Millones de Colores <\/p>\n<p>                            3 90Hz <\/p>\n<p>                            4 Luz Azul Baja <\/p>\n<p>The video showcases the product in use.The video guides you through product setup.The video compares multiple products.The video shows the product being unpacked. Magic Note Pad Merchant video<\/p>\n<h3 class=\"aplus-h1 a-text-bold\"> XPPen Notes APP hace que tomar notas sea f\u00e1cil y eficiente <\/h3>\n<p><\/p>\n<p class=\"aplus-p2\"> XPPen Notes, la aplicaci\u00f3n nativa para tomar notas, est\u00e1 dise\u00f1ada espec\u00edficamente para ti. Disfruta la app con una membres\u00eda permanente. <\/p>\n<p class=\"aplus-p2\">\n<p>Despertar la app con un solo clicConvertir escritura a mano a textoFunci\u00f3n de audio a textoAlmacenar las notas en la Nube             <\/p>\n<p>                                                                                                               Aplicaciones extremadamente eficientes<br \/>\n                                                                                  <img decoding=\"async\" alt=\"Infograf\u00eda de tres paneles que muestra las caracter\u00edsticas de una aplicaci\u00f3n digital para tomar notas. Los paneles muestran coloridas ilustraciones, capturas de pantalla de la interfaz y textos que describen los beneficios, como las herramientas de colaboraci\u00f3n y\" src=\"https:\/\/m.media-amazon.com\/images\/S\/aplus-media-library-service-media\/e5c792ca-2eb6-4750-aa2e-349ee0645e04.__CR0,0,1464,600_PT0_SX1464_V1___.jpg\">       <\/p>\n<p>                                                                                  <img decoding=\"async\" alt=\"Serie de documentos de certificaci\u00f3n o evaluaci\u00f3n educativa organizados en forma de cuadr\u00edcula, que muestran varias credenciales y evaluaciones acad\u00e9micas.\" src=\"https:\/\/m.media-amazon.com\/images\/S\/aplus-media-library-service-media\/8c857aec-b0c4-4146-a442-7ca04f2c943d.__CR0,0,1464,600_PT0_SX1464_V1___.png\">       <\/p>\n<p>                                                                                  <img decoding=\"async\" alt=\"aplus content image\" src=\"https:\/\/m.media-amazon.com\/images\/S\/aplus-media-library-service-media\/24a4f25c-74b3-4781-bf6e-8f6484581911.__CR0,0,1464,600_PT0_SX1464_V1___.png\">       <\/p>\n<p>                                                                                <img decoding=\"async\" alt=\"Tres pantallas de lectores electr\u00f3nicos que muestran diferentes modos de color: color natural, color claro y papel con tinta. Los dispositivos muestran varias capacidades para tomar notas y ver documentos\" src=\"https:\/\/m.media-amazon.com\/images\/S\/aplus-media-library-service-media\/161b3aad-88f5-42b9-a700-724f21c4e3bd.__CR0,0,1464,600_PT0_SX1464_V1___.jpg\">                                                    <img decoding=\"async\" alt=\"que muestra un colorido men\u00fa de pizzas en su pantalla, con un l\u00e1piz \u00f3ptico al lado. El texto en espa\u00f1ol menciona el \u00abModo de Color Natural\" src=\"https:\/\/m.media-amazon.com\/images\/S\/aplus-media-library-service-media\/c285380e-b008-4d58-aa3f-e918d684f532.__CR0,0,1464,600_PT0_SX1464_V1___.jpg\">                                                    <img decoding=\"async\" alt=\"Tableta que muestra un mapa mental o un diagrama de lluvia de ideas con texto escrito a mano y bocetos. Un l\u00e1piz \u00f3ptico se encuentra al lado de la tableta\" src=\"https:\/\/m.media-amazon.com\/images\/S\/aplus-media-library-service-media\/00dc7b04-b7bf-4234-86aa-7245ddf96b13.__CR0,0,1464,600_PT0_SX1464_V1___.jpg\">                                                    <img decoding=\"async\" alt=\"Dispositivo lector de libros electr\u00f3nicos con marco negro y pantalla blanca, que muestra texto. L\u00e1piz \u00f3ptico al lado. El texto de arriba en espa\u00f1ol describe una pantalla similar a la de un papel\" src=\"https:\/\/m.media-amazon.com\/images\/S\/aplus-media-library-service-media\/2c7b7597-0bbd-452d-85a8-67861d243528.__CR0,0,1464,600_PT0_SX1464_V1___.jpg\">                   <\/p>\n<p>                       1 3 modos de color          2 Color Natural          3 Color Claro          4 Papel con Tinta                  <\/p>\n<p>                                                                                  <img decoding=\"async\" alt=\"Pantalla de tableta que muestra los iconos de las aplicaciones m\u00f3viles en un dise\u00f1o de cuadr\u00edcula con texto en franc\u00e9s superpuesto sobre las aplicaciones de Google Play\" src=\"https:\/\/m.media-amazon.com\/images\/S\/aplus-media-library-service-media\/00fca535-3176-484d-974f-2a231beb171c.__CR0,0,1464,600_PT0_SX1464_V1___.jpg\">       <\/p>\n<p>                                                                                  <img decoding=\"async\" alt=\"Pantalla del producto que muestra una capacidad de bater\u00eda de 8000 mAh con demostraciones de interfaz en pantallas de tabletas o dispositivos m\u00f3viles\" src=\"https:\/\/m.media-amazon.com\/images\/S\/aplus-media-library-service-media\/3981f273-33da-4708-bfe5-af462858648a.__CR0,0,1464,600_PT0_SX1464_V1___.jpg\">       <\/p>\n<p>                                                                                  <img decoding=\"async\" alt=\"Imagen dividida: a la izquierda se muestran las manos que utilizan un dispositivo similar a una tableta con \u00ab128 GB\u00bb visibles. A la derecha se muestra la pantalla de una tableta con coloridos iconos de aplicaciones para el software de productividad en la oficina\" src=\"https:\/\/m.media-amazon.com\/images\/S\/aplus-media-library-service-media\/f4731c87-12f8-4857-99da-2cd935a64202.__CR0,0,1464,600_PT0_SX1464_V1___.png\">       <\/p>\n<p>                                                                                  <img decoding=\"async\" alt=\"1\" src=\"https:\/\/m.media-amazon.com\/images\/S\/aplus-media-library-service-media\/6f1940cb-f3b5-4c76-8ebf-cb9ffc5cf893.__CR0,0,1464,600_PT0_SX1464_V1___.jpg\">       <\/p>\n<p>                                                                                  <img decoding=\"async\" alt=\"Se muestran dos l\u00e1pices negros escribiendo sobre papel, con texto en espa\u00f1ol que describe las caracter\u00edsticas magn\u00e9ticas y personalizables\" src=\"https:\/\/m.media-amazon.com\/images\/S\/aplus-media-library-service-media\/b30a3a74-e770-485d-b8ae-5a048149a26c.__CR0,0,1464,600_PT0_SX1464_V1___.jpg\">       <\/p>\n<p>                                                                                  <img decoding=\"async\" alt=\"Collage de seis im\u00e1genes que muestran un dispositivo de bloc de notas digital. Muestra varios casos de uso, como escribir, leer y compartir contenido en diferentes entornos\" src=\"https:\/\/m.media-amazon.com\/images\/S\/aplus-media-library-service-media\/bd237747-6ae2-4ca2-9763-349cecb6d159.__CR0,0,1464,600_PT0_SX1464_V1___.jpg\">       <\/p>\n<p>                                                                                  <img decoding=\"async\" alt=\"Tres tabletas que muestran diferentes aplicaciones: un lector de libros, un mapa estelar y un editor de documentos. El texto en espa\u00f1ol describe las funciones de una tableta.\" src=\"https:\/\/m.media-amazon.com\/images\/S\/aplus-media-library-service-media\/633c0408-26ad-4275-8700-1e5d7ef008e5.__CR0,0,1464,600_PT0_SX1464_V1___.png\">       <\/p>\n<p>                                                                                  <img decoding=\"async\" alt=\"con l\u00e1piz \u00f3ptico, embalaje y accesorios. El juego incluye tableta, bol\u00edgrafo, cable USB y plumillas adicionales. El producto se muestra con un colorido arte abstracto en la pantalla.\" src=\"https:\/\/m.media-amazon.com\/images\/S\/aplus-media-library-service-media\/9aabdece-92d2-4ccd-9011-128b36c8eaf8.__CR0,0,1464,600_PT0_SX1464_V1___.png\">       <\/p>\n<p> Batteries                                            \u200f                                            :                                            \u200e                                            1 C batteries required. (included)   <br \/> Product Dimensions                                            \u200f                                            :                                            \u200e                                            25.8 x 18.1 x 0.1 cm; 495 g   <br \/> Manufacturer                                            \u200f                                            :                                            \u200e                                            XPPen   <br \/> ASIN                                            \u200f                                            :                                            \u200e                                            B0DXNXWTXF   <br \/> Item model number                                            \u200f                                            :                                            \u200e                                            Magic Note Pad   <br \/> Country of origin                                            \u200f                                            :                                            \u200e                                            China   <br \/> Guaranteed software updates until                                            \u200f                                            :                                            \u200e                                            unknown   <br \/>  Customer reviews:                                                                                            4.3               4.3 out of 5 stars                                  (95)                                              var dpAcrHasRegisteredArcLinkClickAction;                    P.when(&#8216;A&#8217;, &#8216;ready&#8217;).execute(function(A) {                        if (dpAcrHasRegisteredArcLinkClickAction !== true) {                            dpAcrHasRegisteredArcLinkClickAction = true;                            A.declarative(                                &#8216;acrLink-click-metrics&#8217;, &#8216;click&#8217;,                                { \u00aballowLinkDefault\u00bb: true },                                function (event) {                                    if (window.ue) {                                        ue.count(\u00abacrLinkClickCount\u00bb, (ue.count(\u00abacrLinkClickCount\u00bb) || 0) + 1);                                    }                                }                            );                        }                    });                                             P.when(&#8216;A&#8217;, &#8216;cf&#8217;).execute(function(A) {                A.declarative(&#8216;acrStarsLink-click-metrics&#8217;, &#8216;click&#8217;, { \u00aballowLinkDefault\u00bb : true },  function(event){                    if(window.ue) {                        ue.count(\u00abacrStarsLinkWithPopoverClickCount\u00bb, (ue.count(\u00abacrStarsLinkWithPopoverClickCount\u00bb) || 0) + 1);                    }                });            });                          <\/p>\n<p>\u3010Exceptional X-Paper Display\u3011Transform the way you read, write and create, thanks to its high refresh rate of 90Hz and 16.7 million colors, provides you a paper-like visual experience with authentic colors, fluid movement and crisp details.<br \/>\u3010X3 Pro Pen 2 Ultra-sensitive\u3011Combined with 16K pressure levels X3 Pro Pencil 2 and XPPen Notes app, the native app for taking notes, you can capture your inspiration with extraordinary fluidity and efficiency.<br \/>\u3010Android System\u3011Not only does it stand out for its powerful functionality, but the ultra-slim and stylish Magic Note Pad is also your best productivity partner. Thanks to its native Android system, you can download various applications for office, education and entertainment.<br \/>\u3010Three Color Modes\u3011Forget the limited color of electronic ink. Just press the X-Paper key and you can easily switch between three color modes to meet different needs.<br \/>\u3010Powerful Battery\u3011The 8000mAh battery and 20W charger, can recharge the device quickly and efficiently. Say goodbye to battery anxiety from now on!<\/p>\n\n","protected":false},"excerpt":{"rendered":"<p> Product Description 1 X-Paper Pantalla 2 16.7 Millones de Colores 3 90Hz 4 Luz Azul<\/p>","protected":false},"featured_media":25450,"comment_status":"open","ping_status":"closed","template":"","meta":[],"product_brand":[],"product_cat":[93],"product_tag":[651,4609,391,646,648,650,312,655,6525,584,5654,2627,3103,1083,253,277,836,647,842,157,652,653,649,654,4606],"class_list":{"0":"post-25449","1":"product","2":"type-product","3":"status-publish","4":"has-post-thumbnail","6":"product_cat-android-tablets","7":"product_tag-10-inch-tablet","8":"product_tag-16k","9":"product_tag-android","10":"product_tag-android-tablet","11":"product_tag-best-android-tablet","12":"product_tag-budget-android-tablet","13":"product_tag-color","14":"product_tag-gaming-tablet","15":"product_tag-graphic","16":"product_tag-inch","17":"product_tag-independent","18":"product_tag-levels","19":"product_tag-magic","20":"product_tag-modes","21":"product_tag-note","22":"product_tag-pad","23":"product_tag-pen","24":"product_tag-samsung-android-tablet","25":"product_tag-screen","26":"product_tag-tablet","27":"product_tag-tablet-for-kids","28":"product_tag-tablet-for-study","29":"product_tag-tablet-with-sim","30":"product_tag-tablet-with-stylus","31":"product_tag-xppen","33":"first","34":"instock","35":"shipping-taxable","36":"product-type-external"},"_links":{"self":[{"href":"https:\/\/comprasyconsejos.store\/en\/wp-json\/wp\/v2\/product\/25449","targetHints":{"allow":["GET"]}}],"collection":[{"href":"https:\/\/comprasyconsejos.store\/en\/wp-json\/wp\/v2\/product"}],"about":[{"href":"https:\/\/comprasyconsejos.store\/en\/wp-json\/wp\/v2\/types\/product"}],"replies":[{"embeddable":true,"href":"https:\/\/comprasyconsejos.store\/en\/wp-json\/wp\/v2\/comments?post=25449"}],"version-history":[{"count":0,"href":"https:\/\/comprasyconsejos.store\/en\/wp-json\/wp\/v2\/product\/25449\/revisions"}],"wp:featuredmedia":[{"embeddable":true,"href":"https:\/\/comprasyconsejos.store\/en\/wp-json\/wp\/v2\/media\/25450"}],"wp:attachment":[{"href":"https:\/\/comprasyconsejos.store\/en\/wp-json\/wp\/v2\/media?parent=25449"}],"wp:term":[{"taxonomy":"product_brand","embeddable":true,"href":"https:\/\/comprasyconsejos.store\/en\/wp-json\/wp\/v2\/product_brand?post=25449"},{"taxonomy":"product_cat","embeddable":true,"href":"https:\/\/comprasyconsejos.store\/en\/wp-json\/wp\/v2\/product_cat?post=25449"},{"taxonomy":"product_tag","embeddable":true,"href":"https:\/\/comprasyconsejos.store\/en\/wp-json\/wp\/v2\/product_tag?post=25449"}],"curies":[{"name":"wp","href":"https:\/\/api.w.org\/{rel}","templated":true}]}}