{"id":25465,"date":"2026-02-19T15:52:13","date_gmt":"2026-02-19T15:52:13","guid":{"rendered":"https:\/\/comprasyconsejos.store\/product\/asus-vivobook-15-m1502ya-bq881-laptop-15-6-inch-full-hd-amd-ryzen-7-5825u-16gb-ram-512gb-ssd-radeon-graphics-without-operating-system-quiet-blue-spanish-qwerty-keyboard\/"},"modified":"2026-02-19T15:52:16","modified_gmt":"2026-02-19T15:52:16","slug":"asus-vivobook-15-m1502ya-bq881-laptop-15-6-inch-full-hd-amd-ryzen-7-5825u-16gb-ram-512gb-ssd-radeon-graphics-without-operating-system-quiet-blue-spanish-qwerty-keyboard","status":"publish","type":"product","link":"https:\/\/comprasyconsejos.store\/en\/product\/asus-vivobook-15-m1502ya-bq881-laptop-15-6-inch-full-hd-amd-ryzen-7-5825u-16gb-ram-512gb-ssd-radeon-graphics-without-operating-system-quiet-blue-spanish-qwerty-keyboard\/","title":{"rendered":"ASUS Vivobook 15 M1502YA-BQ881 \u2013 Laptop 15.6 Inch Full HD (AMD Ryzen 7 5825U, 16GB RAM, 512GB SSD, Radeon Graphics, Without Operating System) Quiet Blue \u2013 Spanish QWERTY Keyboard"},"content":{"rendered":"<p>Price: <span style=\"color:#b12704\"><del>\u20ac499.00<\/del> - \u20ac419.00<\/span><br \/><i><small>(as of Feb 19, 2026 15:52:14 UTC &#8211; <span class=\"wp_automatic_amazon_disclaimer\" title=\"Product prices and availability are accurate as of the date\/time indicated and are subject to change. Any price and availability information displayed on [relevant Amazon Site(s), as applicable] at the time of purchase will apply to the purchase of this product.\">Details<\/span>)<\/small><\/i><\/p>\n<p><a href=\"https:\/\/amazon.es\/dp\/B0F9P8KWCF?tag=man008-21\"><img decoding=\"async\" src=\"https:\/\/valvepress.s3.amazonaws.com\/imgs\/buy_now.png\"><\/a><br \/>\n<\/p>\n<p>                                             From the manufacturer   <\/p>\n<p>                                                  <img decoding=\"async\" alt=\"altTextForImage\" src=\"https:\/\/images-na.ssl-images-amazon.com\/images\/G\/01\/x-locale\/common\/grey-pixel.gif\" class=\"a-lazy-loaded\" data-src=\"https:\/\/m.media-amazon.com\/images\/S\/aplus-media-library-service-media\/d6a66c73-0df4-4b73-845e-d20e8792bb51.__CR0,0,970,300_PT0_SX970_V1___.jpg\"><img decoding=\"async\" alt=\"altTextForImage\" src=\"https:\/\/m.media-amazon.com\/images\/S\/aplus-media-library-service-media\/d6a66c73-0df4-4b73-845e-d20e8792bb51.__CR0,0,970,300_PT0_SX970_V1___.jpg\">  <\/p>\n<p>                                                      <img decoding=\"async\" alt=\"altTextForImage\" src=\"https:\/\/images-na.ssl-images-amazon.com\/images\/G\/01\/x-locale\/common\/grey-pixel.gif\" class=\"a-spacing-mini a-lazy-loaded\" data-src=\"https:\/\/m.media-amazon.com\/images\/S\/aplus-media-library-service-media\/6539d274-df57-42a0-a0ce-9c8e067b0a2a.__CR0,0,300,400_PT0_SX300_V1___.jpg\"><img decoding=\"async\" alt=\"altTextForImage\" src=\"https:\/\/m.media-amazon.com\/images\/S\/aplus-media-library-service-media\/6539d274-df57-42a0-a0ce-9c8e067b0a2a.__CR0,0,300,400_PT0_SX300_V1___.jpg\">  <\/p>\n<p>                                                              <img decoding=\"async\" alt=\"altTextForImage\" src=\"https:\/\/images-na.ssl-images-amazon.com\/images\/G\/01\/x-locale\/common\/grey-pixel.gif\" class=\"a-spacing-mini a-lazy-loaded\" data-src=\"https:\/\/m.media-amazon.com\/images\/S\/aplus-media-library-service-media\/cffa6bb5-5191-4c10-bb49-f85fa66f58fe.__CR0,0,350,175_PT0_SX350_V1___.jpg\"><img decoding=\"async\" alt=\"altTextForImage\" src=\"https:\/\/m.media-amazon.com\/images\/S\/aplus-media-library-service-media\/cffa6bb5-5191-4c10-bb49-f85fa66f58fe.__CR0,0,350,175_PT0_SX350_V1___.jpg\">                                                                 <\/p>\n<p class=\"a-spacing-small a-size-small a-color-secondary\"> ASUS es una empresa multinacional establecida en Taiw\u00e1n desde 1989 que dise\u00f1a y fabrica hardware de inform\u00e1tica y electr\u00f3nica de consumo. Dedicada a crear soluciones que proporcionan una vida m\u00e1s inteligente. En ASUS somos unos verdaderos apasionados de la innovaci\u00f3n tecnol\u00f3gica. So\u00f1amos con crear una vida digital sencilla y completa para todos, por eso siempre andamos en busca de nuevas ideas que nos permitan ofrecer las experiencias m\u00e1s incre\u00edbles. <\/p>\n<h3 class=\"a-spacing-mini\"> ASUS Vivobook 15 <\/h3>\n<p>                                          Potente y con estilo                                     <\/p>\n<p class=\"a-spacing-base\"> Imprime tu estilo al mundo con Vivobook 15, el port\u00e1til repleto de funciones que facilita la realizaci\u00f3n de las cosas, en cualquier lugar. Todo en Vivobook 15 es audaz y mejorado, desde su potente procesador AMD Ryzen hasta su pantalla n\u00edtida y clara, bisagra plana de 180\u00b0, colores modernos y elegante dise\u00f1o geom\u00e9trico. \u00a1Comienza de nuevo hoy con Vivobook 15! <\/p>\n<p class=\"apm-text-center\">\n                                                      <img decoding=\"async\" alt=\"altTextForImage\" src=\"https:\/\/images-na.ssl-images-amazon.com\/images\/G\/01\/x-locale\/common\/grey-pixel.gif\" class=\"a-spacing-mini a-lazy-loaded\" data-src=\"https:\/\/m.media-amazon.com\/images\/S\/aplus-media-library-service-media\/a3056e36-21b6-46a0-90d4-5e9f655b4532.__CR0,0,970,726_PT0_SX300_V1___.jpg\"><img decoding=\"async\" alt=\"altTextForImage\" src=\"https:\/\/m.media-amazon.com\/images\/S\/aplus-media-library-service-media\/a3056e36-21b6-46a0-90d4-5e9f655b4532.__CR0,0,970,726_PT0_SX300_V1___.jpg\">  <\/p>\n<p>                                                    Alimentado para rendir                                       <\/p>\n<p> Vivobook 15 es tu compa\u00f1ero de todos los d\u00edas que siempre est\u00e1 listo para facilitar el trabajo de tu agenda, ya sea de oficina o personal, presentaciones o juegos. Para cargas de trabajo exigentes, el \u00faltimo procesador AMD Ryzen es m\u00e1s r\u00e1pido que la generaci\u00f3n anterior. Y con 16 GB de memoria r\u00e1pida y 1 TB de almacenamiento SSD r\u00e1pido, hay mucha energ\u00eda de reserva cuando las cosas se ponen dif\u00edciles. <\/p>\n<p class=\"apm-text-center\">\n                                                      <img decoding=\"async\" alt=\"Dise\u00f1o art\u00edstico abstracto en verde y amarillo o mural con patrones din\u00e1micos de pinceladas repartidos en un formato horizontal largo.\" src=\"https:\/\/images-na.ssl-images-amazon.com\/images\/G\/01\/x-locale\/common\/grey-pixel.gif\" class=\"a-spacing-mini a-lazy-loaded\" data-src=\"https:\/\/m.media-amazon.com\/images\/S\/aplus-media-library-service-media\/1defe995-8942-4585-8c93-54c61ce3c344.__CR0,0,970,726_PT0_SX300_V1___.jpg\"><img decoding=\"async\" alt=\"Dise\u00f1o art\u00edstico abstracto en verde y amarillo o mural con patrones din\u00e1micos de pinceladas repartidos en un formato horizontal largo.\" src=\"https:\/\/m.media-amazon.com\/images\/S\/aplus-media-library-service-media\/1defe995-8942-4585-8c93-54c61ce3c344.__CR0,0,970,726_PT0_SX300_V1___.jpg\">  <\/p>\n<p>                                                    Agradable a la vista                                       <\/p>\n<p> Dale un capricho a tus ojos con la pantalla NanoEdge clara y de bisel delgado del Vivobook 15 (tambi\u00e9n disponible como pantalla t\u00e1ctil opcional). Tiene amplios \u00e1ngulos de visi\u00f3n y cuenta con la certificaci\u00f3n T\u00dcV Rheinland por sus bajos niveles de luz azul, lo que reduce el riesgo de fatiga visual durante las sesiones de visualizaci\u00f3n maratonianas. <\/p>\n<p class=\"apm-text-center\">\n                                                      <img decoding=\"async\" alt=\"altTextForImage\" src=\"https:\/\/images-na.ssl-images-amazon.com\/images\/G\/01\/x-locale\/common\/grey-pixel.gif\" class=\"a-spacing-mini a-lazy-loaded\" data-src=\"https:\/\/m.media-amazon.com\/images\/S\/aplus-media-library-service-media\/a6e02c92-e29e-4f8c-b9c1-59085db4feef.__CR0,0,970,726_PT0_SX300_V1___.jpg\"><img decoding=\"async\" alt=\"altTextForImage\" src=\"https:\/\/m.media-amazon.com\/images\/S\/aplus-media-library-service-media\/a6e02c92-e29e-4f8c-b9c1-59085db4feef.__CR0,0,970,726_PT0_SX300_V1___.jpg\">  <\/p>\n<p>                                                    Una nueva perspectiva sobre el audio de los port\u00e1tiles                                       <\/p>\n<p> Dise\u00f1ado con la ayuda de los expertos en audio de Dirac, el sistema de audio ofrece la experiencia de sonido m\u00e1s inmersiva, clara y equilibrada que jam\u00e1s haya escuchado en un PC, ordenador port\u00e1til o tablet. Escuchar\u00e1s un paisaje sonoro m\u00e1s amplio y profundo de lo que podr\u00edas imaginar, liberando todo el potencial de audio de tu port\u00e1til. <\/p>\n<p class=\"apm-text-center\">\n                                                      <img decoding=\"async\" alt=\"altTextForImage\" src=\"https:\/\/images-na.ssl-images-amazon.com\/images\/G\/01\/x-locale\/common\/grey-pixel.gif\" class=\"a-spacing-mini a-lazy-loaded\" data-src=\"https:\/\/m.media-amazon.com\/images\/S\/aplus-media-library-service-media\/120ff9cc-ecef-4b17-8796-e20c32a01c17.__CR0,0,827,657_PT0_SX300_V1___.jpg\"><img decoding=\"async\" alt=\"altTextForImage\" src=\"https:\/\/m.media-amazon.com\/images\/S\/aplus-media-library-service-media\/120ff9cc-ecef-4b17-8796-e20c32a01c17.__CR0,0,827,657_PT0_SX300_V1___.jpg\">  <\/p>\n<p>                                                    Colores que resaltan                                       <\/p>\n<p> Vivobook 15 nunca es ordinario, con un dise\u00f1o limpio y tres colores llamativos. Elige entre el encantador Quiet Blue, el distinguido Cool Silver o el acogedor Terra Cotta, \u00a1el que diga \u00abese soy yo\u00bb! Es lo suficientemente delgado como para meterlo discretamente en cualquier mochila y lo suficientemente ligero como para llevarlo f\u00e1cilmente con una sola mano. <\/p>\n<p class=\"apm-text-center\">\n                                                      <img decoding=\"async\" alt=\"Secuencia de cuatro fotograf\u00edas similares de estilo retrato en un ambiente interior informal con una camisa a rayas visible, que parecen demostrar diferentes expresiones o poses.\" src=\"https:\/\/images-na.ssl-images-amazon.com\/images\/G\/01\/x-locale\/common\/grey-pixel.gif\" class=\"a-spacing-mini a-lazy-loaded\" data-src=\"https:\/\/m.media-amazon.com\/images\/S\/aplus-media-library-service-media\/58364ca1-d8b5-409f-a2ab-c8ba7f3916fe.__CR0,0,827,657_PT0_SX300_V1___.jpg\"><img decoding=\"async\" alt=\"Secuencia de cuatro fotograf\u00edas similares de estilo retrato en un ambiente interior informal con una camisa a rayas visible, que parecen demostrar diferentes expresiones o poses.\" src=\"https:\/\/m.media-amazon.com\/images\/S\/aplus-media-library-service-media\/58364ca1-d8b5-409f-a2ab-c8ba7f3916fe.__CR0,0,827,657_PT0_SX300_V1___.jpg\">  <\/p>\n<p>                                                    Efecto de c\u00e1mara web destacado: ASUS 3DNR                                       <\/p>\n<p> La tecnolog\u00eda ASUS 3D Noise Reduction (3DNR) mejora significativamente la claridad de la imagen de la c\u00e1mara web para llamadas de conferencia m\u00e1s claras. <\/p>\n<p class=\"apm-text-center\">\n                                                      <img decoding=\"async\" alt=\"altTextForImage\" src=\"https:\/\/images-na.ssl-images-amazon.com\/images\/G\/01\/x-locale\/common\/grey-pixel.gif\" class=\"a-spacing-mini a-lazy-loaded\" data-src=\"https:\/\/m.media-amazon.com\/images\/S\/aplus-media-library-service-media\/efae21ed-a7ab-4105-9dd3-f9304ae4b326.__CR0,0,827,657_PT0_SX300_V1___.jpg\"><img decoding=\"async\" alt=\"altTextForImage\" src=\"https:\/\/m.media-amazon.com\/images\/S\/aplus-media-library-service-media\/efae21ed-a7ab-4105-9dd3-f9304ae4b326.__CR0,0,827,657_PT0_SX300_V1___.jpg\">  <\/p>\n<p>                                                    Tecnolog\u00eda de cancelaci\u00f3n de ruido ASUS AI de siguiente nivel                                       <\/p>\n<p> Para proporcionar experiencias excepcionales de trabajo remoto y videoconferencia, la tecnolog\u00eda de cancelaci\u00f3n de ruido con IA de ASUS emplea el aprendizaje autom\u00e1tico para aislar el ruido no deseado del habla humana. Esta tecnolog\u00eda ayuda a filtrar el ruido ambiental para obtener una calidad \u00f3ptima en las llamadas de conferencia grupales. <\/p>\n<p class=\"apm-text-center\">\n                                                      <img decoding=\"async\" alt=\"altTextForImage\" src=\"https:\/\/images-na.ssl-images-amazon.com\/images\/G\/01\/x-locale\/common\/grey-pixel.gif\" class=\"a-spacing-mini a-lazy-loaded\" data-src=\"https:\/\/m.media-amazon.com\/images\/S\/aplus-media-library-service-media\/6a88bb62-f5b6-4539-afb9-9b4b8bb9493d.__CR0,0,970,705_PT0_SX300_V1___.jpg\"><img decoding=\"async\" alt=\"altTextForImage\" src=\"https:\/\/m.media-amazon.com\/images\/S\/aplus-media-library-service-media\/6a88bb62-f5b6-4539-afb9-9b4b8bb9493d.__CR0,0,970,705_PT0_SX300_V1___.jpg\">  <\/p>\n<p>                                                    Perfecto en cada detalle                                       <\/p>\n<p> Vivobook 15 te mantiene completamente conectado con sus completos puertos de E\/S. Hay un puerto USB-C 3.2 Gen 1, dos puertos USB 3.2 Gen 1 Tipo-A, un puerto USB 2.0, salida HDMI y un conector combinado de audio, por lo que es f\u00e1cil conectar todos los perif\u00e9ricos, pantallas y proyectores existentes. <\/p>\n<p class=\"apm-text-center\">\n                                                      <img decoding=\"async\" alt=\"Primeros planos del teclado de un port\u00e1til con sombras de hojas de palma verdes que lo cubren, que muestran diferentes \u00e1ngulos y una superposici\u00f3n de s\u00edmbolos de Wi-Fi.\" src=\"https:\/\/images-na.ssl-images-amazon.com\/images\/G\/01\/x-locale\/common\/grey-pixel.gif\" class=\"a-spacing-mini a-lazy-loaded\" data-src=\"https:\/\/m.media-amazon.com\/images\/S\/aplus-media-library-service-media\/8a6a44f9-e2d5-49b2-8eac-71e86bcf4a55.__CR0,0,970,705_PT0_SX300_V1___.jpg\"><img decoding=\"async\" alt=\"Primeros planos del teclado de un port\u00e1til con sombras de hojas de palma verdes que lo cubren, que muestran diferentes \u00e1ngulos y una superposici\u00f3n de s\u00edmbolos de Wi-Fi.\" src=\"https:\/\/m.media-amazon.com\/images\/S\/aplus-media-library-service-media\/8a6a44f9-e2d5-49b2-8eac-71e86bcf4a55.__CR0,0,970,705_PT0_SX300_V1___.jpg\">  <\/p>\n<p>                                                    Ajustado con la tecnolog\u00eda ASUS WiFi Master                                       <\/p>\n<p> ASUS ofrece una amplia gama de soluciones de conectividad inal\u00e1mbrica. Con una resoluci\u00f3n r\u00e1pida de hasta WiFi 6E junto con la tecnolog\u00eda ASUS WiFi Master4, Vivobook 15 mejora la conexi\u00f3n r\u00e1pida y estable. <\/p>\n<p class=\"apm-text-center\">\n                                                      <img decoding=\"async\" alt=\"Secuencia de tomas nocturnas que muestran una estructura o edificio oscuro contra un cielo nocturno con estrellas visibles.\" src=\"https:\/\/images-na.ssl-images-amazon.com\/images\/G\/01\/x-locale\/common\/grey-pixel.gif\" class=\"a-spacing-mini a-lazy-loaded\" data-src=\"https:\/\/m.media-amazon.com\/images\/S\/aplus-media-library-service-media\/c45fa8c2-1e1f-4205-9164-71ae4e80b6b3.__CR0,0,970,705_PT0_SX300_V1___.jpg\"><img decoding=\"async\" alt=\"Secuencia de tomas nocturnas que muestran una estructura o edificio oscuro contra un cielo nocturno con estrellas visibles.\" src=\"https:\/\/m.media-amazon.com\/images\/S\/aplus-media-library-service-media\/c45fa8c2-1e1f-4205-9164-71ae4e80b6b3.__CR0,0,970,705_PT0_SX300_V1___.jpg\">  <\/p>\n<p>                                                    La durabilidad de los port\u00e1tiles de grado militar de EE. UU.                                        <\/p>\n<p> Los port\u00e1tiles ASUS5 est\u00e1n dise\u00f1ados con una resistencia extraordinaria que cumple con el exigente est\u00e1ndar de grado militar US MIL-STD-810H, someti\u00e9ndose a 12 rigurosos m\u00e9todos de prueba y 26 procedimientos de prueba exigentes, superando los est\u00e1ndares de la industria. <\/p>\n<p> Batteries                                            \u200f                                            :                                            \u200e                                            1 Lithium Ion batteries required. (included)   <br \/> Package Dimensions                                            \u200f                                            :                                            \u200e                                            48.2 x 28.9 x 6.4 cm; 1.7 kg   <br \/> Manufacturer                                            \u200f                                            :                                            \u200e                                            ASUS   <br \/> ASIN                                            \u200f                                            :                                            \u200e                                            B0F9P8KWCF   <br \/> Item model number                                            \u200f                                            :                                            \u200e                                            90NB0X21-M01DA0   <br \/> Guaranteed software updates until                                            \u200f                                            :                                            \u200e                                            unknown   <br \/>  Customer reviews:                                                                                            4.1               4.1 out of 5 stars                                  (301)                                              var dpAcrHasRegisteredArcLinkClickAction;                    P.when(&#8216;A&#8217;, &#8216;ready&#8217;).execute(function(A) {                        if (dpAcrHasRegisteredArcLinkClickAction !== true) {                            dpAcrHasRegisteredArcLinkClickAction = true;                            A.declarative(                                &#8216;acrLink-click-metrics&#8217;, &#8216;click&#8217;,                                { \u00aballowLinkDefault\u00bb: true },                                function (event) {                                    if (window.ue) {                                        ue.count(\u00abacrLinkClickCount\u00bb, (ue.count(\u00abacrLinkClickCount\u00bb) || 0) + 1);                                    }                                }                            );                        }                    });                                             P.when(&#8216;A&#8217;, &#8216;cf&#8217;).execute(function(A) {                A.declarative(&#8216;acrStarsLink-click-metrics&#8217;, &#8216;click&#8217;, { \u00aballowLinkDefault\u00bb : true },  function(event){                    if(window.ue) {                        ue.count(\u00abacrStarsLinkWithPopoverClickCount\u00bb, (ue.count(\u00abacrStarsLinkWithPopoverClickCount\u00bb) || 0) + 1);                    }                });            });                          <\/p>\n<p>15.6&#8243; Full HD 1920 x 1080 pixels 250 nits display<br \/>AMD Ryzen 7 5825U Processor (8C\/OctaCore 2 \/ 4.5GHz, 16MB)<br \/>16GB DDR4 RAM Memory<br \/>512GB SSD M.2 NVMe PCIe Storage<br \/>AMD Radeon Graphics Integrated Graphics Card<br \/>No Operating System<\/p>\n\n","protected":false},"excerpt":{"rendered":"<p> From the manufacturer ASUS es una empresa multinacional establecida en Taiw\u00e1n desde 1989 que dise\u00f1a<\/p>","protected":false},"featured_media":25466,"comment_status":"open","ping_status":"closed","template":"","meta":[],"product_brand":[],"product_cat":[86],"product_tag":[526,509,536,901,530,850,520,367,560,519,524,521,525,522,644,523,584,518,159,7535,4444,528,769,858,897,587,527,531,5273,513,1578,1701],"class_list":{"0":"post-25465","1":"product","2":"type-product","3":"status-publish","4":"has-post-thumbnail","6":"product_cat-gaming-laptop","7":"product_tag-144hz-gaming-laptop","8":"product_tag-16gb","9":"product_tag-512gb","10":"product_tag-5825u","11":"product_tag-amd","12":"product_tag-asus","13":"product_tag-best-gaming-laptop","14":"product_tag-blue","15":"product_tag-full","16":"product_tag-gaming-laptop","17":"product_tag-gaming-laptop-16gb-ram","18":"product_tag-gaming-laptop-rtx","19":"product_tag-gaming-laptop-ssd","20":"product_tag-gaming-laptop-under-budget","21":"product_tag-graphics","22":"product_tag-high-performance-laptop","23":"product_tag-inch","24":"product_tag-keyboard","25":"product_tag-laptop","26":"product_tag-m1502yabq881","27":"product_tag-operating","28":"product_tag-portable-gaming-laptop","29":"product_tag-quiet","30":"product_tag-qwerty","31":"product_tag-radeon","32":"product_tag-ram","33":"product_tag-rgb-gaming-laptop","34":"product_tag-ryzen","35":"product_tag-spanish","36":"product_tag-ssd","37":"product_tag-system","38":"product_tag-vivobook","40":"first","41":"instock","42":"sale","43":"shipping-taxable","44":"product-type-external"},"_links":{"self":[{"href":"https:\/\/comprasyconsejos.store\/en\/wp-json\/wp\/v2\/product\/25465","targetHints":{"allow":["GET"]}}],"collection":[{"href":"https:\/\/comprasyconsejos.store\/en\/wp-json\/wp\/v2\/product"}],"about":[{"href":"https:\/\/comprasyconsejos.store\/en\/wp-json\/wp\/v2\/types\/product"}],"replies":[{"embeddable":true,"href":"https:\/\/comprasyconsejos.store\/en\/wp-json\/wp\/v2\/comments?post=25465"}],"version-history":[{"count":0,"href":"https:\/\/comprasyconsejos.store\/en\/wp-json\/wp\/v2\/product\/25465\/revisions"}],"wp:featuredmedia":[{"embeddable":true,"href":"https:\/\/comprasyconsejos.store\/en\/wp-json\/wp\/v2\/media\/25466"}],"wp:attachment":[{"href":"https:\/\/comprasyconsejos.store\/en\/wp-json\/wp\/v2\/media?parent=25465"}],"wp:term":[{"taxonomy":"product_brand","embeddable":true,"href":"https:\/\/comprasyconsejos.store\/en\/wp-json\/wp\/v2\/product_brand?post=25465"},{"taxonomy":"product_cat","embeddable":true,"href":"https:\/\/comprasyconsejos.store\/en\/wp-json\/wp\/v2\/product_cat?post=25465"},{"taxonomy":"product_tag","embeddable":true,"href":"https:\/\/comprasyconsejos.store\/en\/wp-json\/wp\/v2\/product_tag?post=25465"}],"curies":[{"name":"wp","href":"https:\/\/api.w.org\/{rel}","templated":true}]}}