{"id":25494,"date":"2026-02-19T16:14:44","date_gmt":"2026-02-19T16:14:44","guid":{"rendered":"https:\/\/comprasyconsejos.store\/product\/kf-concept-np-fz100-2-pack-2280mah-battery-and-charger-compatible-with-sony-camera-sony-a7iii-a7iv-fx3-fx30-a6700-a7r-a9-a6600-a7riii-a7riv-a7r3-a7c-zv-e1-zv-e10ii-a7s3-a9-r-up\/"},"modified":"2026-02-19T16:14:56","modified_gmt":"2026-02-19T16:14:56","slug":"kf-concept-np-fz100-2-pack-2280mah-battery-and-charger-compatible-with-sony-camera-sony-a7iii-a7iv-fx3-fx30-a6700-a7r-a9-a6600-a7riii-a7riv-a7r3-a7c-zv-e1-zv-e10ii-a7s3-a9-r-up","status":"publish","type":"product","link":"https:\/\/comprasyconsejos.store\/en\/product\/kf-concept-np-fz100-2-pack-2280mah-battery-and-charger-compatible-with-sony-camera-sony-a7iii-a7iv-fx3-fx30-a6700-a7r-a9-a6600-a7riii-a7riv-a7r3-a7c-zv-e1-zv-e10ii-a7s3-a9-r-up\/","title":{"rendered":"K&#038;F CONCEPT NP-FZ100 2 Pack 2280mAh Battery and Charger Compatible with Sony Camera Sony A7iii, A7iv, FX3, FX30, A6700, A7R, A9, A6600, A7Riii, A7Riv, A7R3, A7C, ZV-E1, ZV-E10ii, A7S3, A9 R &#038; Up"},"content":{"rendered":"<p>Price: <span style=\"color:#b12704\">\u20ac59.99<\/span><br \/><i><small>(as of Feb 19, 2026 16:14:44 UTC &#8211; <span class=\"wp_automatic_amazon_disclaimer\" title=\"Product prices and availability are accurate as of the date\/time indicated and are subject to change. Any price and availability information displayed on [relevant Amazon Site(s), as applicable] at the time of purchase will apply to the purchase of this product.\">Details<\/span>)<\/small><\/i><\/p>\n<p><a href=\"https:\/\/amazon.es\/dp\/B0BCVLKQ97?tag=man008-21\"><img decoding=\"async\" src=\"https:\/\/valvepress.s3.amazonaws.com\/imgs\/buy_now.png\"><\/a><br \/>\n<\/p>\n<p>                                             Product Description   <\/p>\n<p>                                                                     K&amp;F Concept NP-FZ100 Bater\u00eda y Cargador de Doble Ranura                                             <img decoding=\"async\" alt=\"El texto dice \u00abCargador de bater\u00eda NP-F200\u00bb. La imagen del producto muestra un cargador de bater\u00eda para c\u00e1mara con adaptador de corriente y puertos de conexi\u00f3n.\" src=\"https:\/\/images-na.ssl-images-amazon.com\/images\/G\/01\/x-locale\/common\/grey-pixel.gif\" class=\"a-lazy-loaded\" data-src=\"https:\/\/m.media-amazon.com\/images\/S\/aplus-media-library-service-media\/b1a57e36-cb2a-47eb-8fbc-7207ebab970a.__CR0,0,1464,600_PT0_SX1464_V1___.jpg\"><img decoding=\"async\" alt=\"El texto dice \u00abCargador de bater\u00eda NP-F200\u00bb. La imagen del producto muestra un cargador de bater\u00eda para c\u00e1mara con adaptador de corriente y puertos de conexi\u00f3n.\" src=\"https:\/\/m.media-amazon.com\/images\/S\/aplus-media-library-service-media\/b1a57e36-cb2a-47eb-8fbc-7207ebab970a.__CR0,0,1464,600_PT0_SX1464_V1___.jpg\">                                               <\/p>\n<p>                                                                                                       <img decoding=\"async\" alt=\"El texto dice \u00abMiles de fotos, horas de captura\u00bb. Escena fotogr\u00e1fica al aire libre que muestra el equipo en uso contra un paisaje natural.\" src=\"https:\/\/images-na.ssl-images-amazon.com\/images\/G\/01\/x-locale\/common\/grey-pixel.gif\" class=\"a-lazy-loaded\" data-src=\"https:\/\/m.media-amazon.com\/images\/S\/aplus-media-library-service-media\/0c552af5-65cf-47c9-ae49-6df4be880590.__CR0,0,1464,600_PT0_SX1464_V1___.jpg\"><img decoding=\"async\" alt=\"El texto dice \u00abMiles de fotos, horas de captura\u00bb. Escena fotogr\u00e1fica al aire libre que muestra el equipo en uso contra un paisaje natural.\" src=\"https:\/\/m.media-amazon.com\/images\/S\/aplus-media-library-service-media\/0c552af5-65cf-47c9-ae49-6df4be880590.__CR0,0,1464,600_PT0_SX1464_V1___.jpg\">                                               <\/p>\n<p>                                                                                  <img decoding=\"async\" alt=\"El texto dice \u00abSoluciones de Carga M\u00e1s Eficientes\u00bb. Diagrama t\u00e9cnico o documentaci\u00f3n del producto que muestre las especificaciones del dispositivo electr\u00f3nico.\" src=\"https:\/\/m.media-amazon.com\/images\/S\/aplus-media-library-service-media\/47970138-8cb6-4722-97f1-928060839154.__CR0,0,1464,600_PT0_SX1464_V1___.jpg\">       <\/p>\n<p>                                                                                  <img decoding=\"async\" alt=\"El texto dice \u00abAmplia compatibilidad\u00bb. Diagrama de compatibilidad de c\u00e1maras que muestra varios modelos y tipos de c\u00e1maras en un dise\u00f1o horizontal con l\u00edneas de conexi\u00f3n.\" src=\"https:\/\/m.media-amazon.com\/images\/S\/aplus-media-library-service-media\/ed3021d4-3feb-423e-935d-cc1c7e12c3e5.__CR0,0,1464,600_PT0_SX1464_V1___.jpg\">       <\/p>\n<p>                                                                                  <img decoding=\"async\" alt=\"El texto dice \u00abM\u00faltiples Protecciones de Seguridad\u00bb. Interfaz tecnol\u00f3gica que muestra iconos de protecci\u00f3n de seguridad y un gr\u00e1fico de escudo azul sobre el fondo de la placa de circuito.\" src=\"https:\/\/m.media-amazon.com\/images\/S\/aplus-media-library-service-media\/f32fcd58-5ec7-4d43-b5b7-7c67ceb9de94.__CR0,0,1464,600_PT0_SX1464_V1___.png\">       <\/p>\n<p>                                                                                                       <img decoding=\"async\" alt=\"El texto dice \u00ab2280 mAh\u00bb, \u00abBater\u00eda extra larga\u00bb, \u00ab2 bater\u00edas de 2250 mAh pueden proporcionar disparos m\u00e1s grandes\u00bb. Muestra los paquetes de bater\u00edas de c\u00e1mara negros con especificaciones t\u00e9cnicas.\" src=\"https:\/\/images-na.ssl-images-amazon.com\/images\/G\/01\/x-locale\/common\/grey-pixel.gif\" class=\"a-lazy-loaded\" data-src=\"https:\/\/m.media-amazon.com\/images\/S\/aplus-media-library-service-media\/94d6dace-b01a-48c5-9b75-5cf59d8dd968.__CR0,0,1464,600_PT0_SX1464_V1___.jpg\"><img decoding=\"async\" alt=\"El texto dice \u00ab2280 mAh\u00bb, \u00abBater\u00eda extra larga\u00bb, \u00ab2 bater\u00edas de 2250 mAh pueden proporcionar disparos m\u00e1s grandes\u00bb. Muestra los paquetes de bater\u00edas de c\u00e1mara negros con especificaciones t\u00e9cnicas.\" src=\"https:\/\/m.media-amazon.com\/images\/S\/aplus-media-library-service-media\/94d6dace-b01a-48c5-9b75-5cf59d8dd968.__CR0,0,1464,600_PT0_SX1464_V1___.jpg\">                                               <\/p>\n<p>                                                                                                       <img decoding=\"async\" alt=\"El texto dice \u00abM\u00faltiples m\u00e9todos de carga\u00bb. El diagrama del producto muestra la base de carga con ranuras para bater\u00edas y m\u00faltiples opciones de conexi\u00f3n, incluidos los m\u00e9todos de carga tipo C, micro USB y por cable.\" src=\"https:\/\/images-na.ssl-images-amazon.com\/images\/G\/01\/x-locale\/common\/grey-pixel.gif\" class=\"a-lazy-loaded\" data-src=\"https:\/\/m.media-amazon.com\/images\/S\/aplus-media-library-service-media\/52a169d6-a95d-421b-a262-bd7602e23ffa.__CR0,0,1464,600_PT0_SX1464_V1___.png\"><img decoding=\"async\" alt=\"El texto dice \u00abM\u00faltiples m\u00e9todos de carga\u00bb. El diagrama del producto muestra la base de carga con ranuras para bater\u00edas y m\u00faltiples opciones de conexi\u00f3n, incluidos los m\u00e9todos de carga tipo C, micro USB y por cable.\" src=\"https:\/\/m.media-amazon.com\/images\/S\/aplus-media-library-service-media\/52a169d6-a95d-421b-a262-bd7602e23ffa.__CR0,0,1464,600_PT0_SX1464_V1___.png\">                                               <\/p>\n<p>                                                                                                       <img decoding=\"async\" alt=\"El texto dice \u00abLista de paquetes\u00bb. Muestra de productos digitales con maquetas de tel\u00e9fonos inteligentes y dise\u00f1os de interfaces sobre fondo azul claro.\" src=\"https:\/\/images-na.ssl-images-amazon.com\/images\/G\/01\/x-locale\/common\/grey-pixel.gif\" class=\"a-lazy-loaded\" data-src=\"https:\/\/m.media-amazon.com\/images\/S\/aplus-media-library-service-media\/a4f3058e-4f20-41f3-aefa-02e32ea59505.__CR0,0,1464,600_PT0_SX1464_V1___.png\"><img decoding=\"async\" alt=\"El texto dice \u00abLista de paquetes\u00bb. Muestra de productos digitales con maquetas de tel\u00e9fonos inteligentes y dise\u00f1os de interfaces sobre fondo azul claro.\" src=\"https:\/\/m.media-amazon.com\/images\/S\/aplus-media-library-service-media\/a4f3058e-4f20-41f3-aefa-02e32ea59505.__CR0,0,1464,600_PT0_SX1464_V1___.png\">                                               <\/p>\n<h3 class=\"a-text-center aplus-h1 a-text-bold\"> K&amp;F CONCEPT NP-FZ100 Bater\u00edas <\/h3>\n<p>                         Add To Basket  <\/p>\n<p>                         Add To Basket  <\/p>\n<p>                         Add To Basket  <\/p>\n<p>                         Add To Basket  <\/p>\n<p>                         Add To Basket  <\/p>\n<p>                                     Customer Reviews  <\/p>\n<p>                    4.5 out of 5 stars  348  <\/p>\n<p>                    4.6 out of 5 stars  932  <\/p>\n<p>                    4.6 out of 5 stars  101  <\/p>\n<p>                    4.6 out of 5 stars  263  <\/p>\n<p>                    4.5 out of 5 stars  29  <\/p>\n<p>                                     Price  <\/p>\n<p>                                                        \u20ac59.99\u20ac59.99     <\/p>\n<p>                                                        \u20ac61.99\u20ac61.99     <\/p>\n<p>                                                        \u20ac65.99\u20ac65.99     <\/p>\n<p>                                                        \u20ac65.99\u20ac65.99     <\/p>\n<p>                                                        \u20ac82.99\u20ac82.99     <\/p>\n<p>                                     Cantidad de bater\u00edas  <\/p>\n<p>                                                2    <\/p>\n<p>                                                3    <\/p>\n<p>                                                2    <\/p>\n<p>                                                2    <\/p>\n<p>                                                2    <\/p>\n<p>                                     Capacidad de la bater\u00eda  <\/p>\n<p>                                                2280mAh    <\/p>\n<p>                                                2280mAh    <\/p>\n<p>                                                2600mAh    <\/p>\n<p>                                                2600mAh    <\/p>\n<p>                                                2600mAh    <\/p>\n<p>                                     M\u00e9todos de carga  <\/p>\n<p>                                                USB Type C \/ Micro B    <\/p>\n<p>                                                USB Type C \/ Micro B    <\/p>\n<p>                                                USB Type C \/ Micro B    <\/p>\n<p>                                                USB Type C    <\/p>\n<p>                                                USB Type C    <\/p>\n<p>                                     LCD Inteligente  <\/p>\n<p>                                                    \u2718      <\/p>\n<p>                                                    \u2714       <\/p>\n<p>                                                    \u2714       <\/p>\n<p>                                                    \u2718      <\/p>\n<p>                                                    \u2714       <\/p>\n<p>                                     M\u00faltiples Protecciones  <\/p>\n<p>                                                    \u2714       <\/p>\n<p>                                                    \u2714       <\/p>\n<p>                                                    \u2714       <\/p>\n<p>                                                    \u2714       <\/p>\n<p>                                                    \u2714       <\/p>\n<p> Batteries                                            \u200f                                            :                                            \u200e                                            2 C batteries required. (included)   <br \/> Is discontinued by manufacturer                                            \u200f                                            :                                            \u200e                                            No   <br \/> Product Dimensions                                            \u200f                                            :                                            \u200e                                            17 x 11 x 3 cm; 160 g   <br \/> Manufacturer                                            \u200f                                            :                                            \u200e                                            Shenzhen Zhuoer Photograph   <br \/> ASIN                                            \u200f                                            :                                            \u200e                                            B0BCVLKQ97   <br \/> Item model number                                            \u200f                                            :                                            \u200e                                            NP-FZ100   <br \/> Country\/Region of Origin                                            \u200f                                            :                                            \u200e                                            China   <br \/> Guaranteed software updates until                                            \u200f                                            :                                            \u200e                                            unknown   <br \/>  Customer reviews:                                                                                            4.5               4.5 out of 5 stars                                  (348)                                              var dpAcrHasRegisteredArcLinkClickAction;                    P.when(&#8216;A&#8217;, &#8216;ready&#8217;).execute(function(A) {                        if (dpAcrHasRegisteredArcLinkClickAction !== true) {                            dpAcrHasRegisteredArcLinkClickAction = true;                            A.declarative(                                &#8216;acrLink-click-metrics&#8217;, &#8216;click&#8217;,                                { \u00aballowLinkDefault\u00bb: true },                                function (event) {                                    if (window.ue) {                                        ue.count(\u00abacrLinkClickCount\u00bb, (ue.count(\u00abacrLinkClickCount\u00bb) || 0) + 1);                                    }                                }                            );                        }                    });                                             P.when(&#8216;A&#8217;, &#8216;cf&#8217;).execute(function(A) {                A.declarative(&#8216;acrStarsLink-click-metrics&#8217;, &#8216;click&#8217;, { \u00aballowLinkDefault\u00bb : true },  function(event){                    if(window.ue) {                        ue.count(\u00abacrStarsLinkWithPopoverClickCount\u00bb, (ue.count(\u00abacrStarsLinkWithPopoverClickCount\u00bb) || 0) + 1);                    }                });            });                          <\/p>\n<p>[NP-FZ100 Replacement Battery] The NP-FZ100 2280mAh large capacity battery, can charge with the 5V 2.1A input charger to maximize charging efficiency. With 2 pcs of A7iii battery, you don&#8217;t worry about missing any moment of photography<br \/>[Wide Compatibility] Made to exact specification of np-fz100 battery, compatible with Sony A7iii, A7iv, A7C, ZV-E1, ZV-E10II, FX3, FX30, A9, A6600, A6700, Alpha 9, Alpha 9S, A9S, A7R III, A7R IV, A7R V, A7R V, A7R V, A7R 7CR, etc. Note: It is not currently compatible with the Sony FX2, but our team is in upgrade to achieve compatibility as soon as possible.<br \/>[Safer] This A7iv replacement battery is built with multi-circuit protection system. Using high quality cells to ensure the quality of battery battery, built with overload, over current, over voltage, over temperature, short circuit to prevent damage to internal electronics<br \/>[Micro USB &#038; USB C Charging Port] FX30 battery with Micro-USB input and USB C port, can be charged with a wall charger, car charger or power bank, laptop computer. When recharging the A6700 batteries to 100%, the LED indicator would turn into green light. (Fully charge the two batteries spends about 4.5 hours)<br \/>[Two Batteries + One Charger] Each FX3 battery features 7.4V 1100mAh high capacity, keeping your Sony camera running longer, recording more memorable moments<\/p>\n\n","protected":false},"excerpt":{"rendered":"<p> Product Description K&amp;F Concept NP-FZ100 Bater\u00eda y Cargador de Doble Ranura K&amp;F CONCEPT NP-FZ100 Bater\u00edas<\/p>","protected":false},"featured_media":25495,"comment_status":"open","ping_status":"closed","template":"","meta":[],"product_brand":[],"product_cat":[99],"product_tag":[5933,3028,5349,2753,5940,4980,5347,5936,5939,5937,5938,5942,292,681,3020,152,3030,201,3809,3025,3022,5934,5935,3027,3023,3032,3018,3033,3029,1856,3024,3035,3034,3021,5932,178,2155,3026,3019,3031,7078,5941],"class_list":{"0":"post-25494","1":"product","2":"type-product","3":"status-publish","4":"has-post-thumbnail","6":"product_cat-mirrorless","7":"product_tag-2280mah","8":"product_tag-24-70mm-mirrorless","9":"product_tag-a6600","10":"product_tag-a6700","11":"product_tag-a7c","12":"product_tag-a7iii","13":"product_tag-a7iv","14":"product_tag-a7r","15":"product_tag-a7r3","16":"product_tag-a7riii","17":"product_tag-a7riv","18":"product_tag-a7s3","19":"product_tag-battery","20":"product_tag-camera","21":"product_tag-canon-mirrorless","22":"product_tag-charger","23":"product_tag-compact-mirrorless","24":"product_tag-compatible","25":"product_tag-concept","26":"product_tag-e-mount-lens","27":"product_tag-fujifilm-mirrorless","28":"product_tag-fx3","29":"product_tag-fx30","30":"product_tag-lumix-lens","31":"product_tag-micro-four-thirds-lens","32":"product_tag-mirrorless-body-only","33":"product_tag-mirrorless-camera","34":"product_tag-mirrorless-camera-accessories","35":"product_tag-mirrorless-camera-bundle","36":"product_tag-mirrorless-cameras","37":"product_tag-mirrorless-lens","38":"product_tag-mirrorless-stabilizer","39":"product_tag-mirrorless-tripod","40":"product_tag-nikon-mirrorless","41":"product_tag-npfz100","42":"product_tag-pack","43":"product_tag-sony","44":"product_tag-sony-a6000-lens","45":"product_tag-sony-mirrorless","46":"product_tag-travel-mirrorless","47":"product_tag-zve1","48":"product_tag-zve10ii","50":"first","51":"instock","52":"shipping-taxable","53":"product-type-external"},"_links":{"self":[{"href":"https:\/\/comprasyconsejos.store\/en\/wp-json\/wp\/v2\/product\/25494","targetHints":{"allow":["GET"]}}],"collection":[{"href":"https:\/\/comprasyconsejos.store\/en\/wp-json\/wp\/v2\/product"}],"about":[{"href":"https:\/\/comprasyconsejos.store\/en\/wp-json\/wp\/v2\/types\/product"}],"replies":[{"embeddable":true,"href":"https:\/\/comprasyconsejos.store\/en\/wp-json\/wp\/v2\/comments?post=25494"}],"version-history":[{"count":0,"href":"https:\/\/comprasyconsejos.store\/en\/wp-json\/wp\/v2\/product\/25494\/revisions"}],"wp:featuredmedia":[{"embeddable":true,"href":"https:\/\/comprasyconsejos.store\/en\/wp-json\/wp\/v2\/media\/25495"}],"wp:attachment":[{"href":"https:\/\/comprasyconsejos.store\/en\/wp-json\/wp\/v2\/media?parent=25494"}],"wp:term":[{"taxonomy":"product_brand","embeddable":true,"href":"https:\/\/comprasyconsejos.store\/en\/wp-json\/wp\/v2\/product_brand?post=25494"},{"taxonomy":"product_cat","embeddable":true,"href":"https:\/\/comprasyconsejos.store\/en\/wp-json\/wp\/v2\/product_cat?post=25494"},{"taxonomy":"product_tag","embeddable":true,"href":"https:\/\/comprasyconsejos.store\/en\/wp-json\/wp\/v2\/product_tag?post=25494"}],"curies":[{"name":"wp","href":"https:\/\/api.w.org\/{rel}","templated":true}]}}