{"id":25570,"date":"2026-02-19T16:50:59","date_gmt":"2026-02-19T16:50:59","guid":{"rendered":"https:\/\/comprasyconsejos.store\/product\/arctic-liquid-freezer-iii-pro-280-aio-cpu-cooler-2-x-140mm-water-cooling-38mm-radiator-pwm-pump-vrm-fan-amd-am5-am4-intel-lga1851-1700-contact-frame-black\/"},"modified":"2026-02-19T16:51:10","modified_gmt":"2026-02-19T16:51:10","slug":"arctic-liquid-freezer-iii-pro-280-aio-cpu-cooler-2-x-140mm-water-cooling-38mm-radiator-pwm-pump-vrm-fan-amd-am5-am4-intel-lga1851-1700-contact-frame-black","status":"publish","type":"product","link":"https:\/\/comprasyconsejos.store\/en\/product\/arctic-liquid-freezer-iii-pro-280-aio-cpu-cooler-2-x-140mm-water-cooling-38mm-radiator-pwm-pump-vrm-fan-amd-am5-am4-intel-lga1851-1700-contact-frame-black\/","title":{"rendered":"ARCTIC Liquid Freezer III Pro 280 &#8211; AIO CPU Cooler, 2 x 140mm Water Cooling, 38mm Radiator, PWM Pump, VRM Fan, AMD AM5\/AM4, Intel LGA1851\/1700 Contact Frame &#8211; Black"},"content":{"rendered":"<p>Price: <span style=\"color:#b12704\">\u20ac84.95<\/span><br \/><i><small>(as of Feb 19, 2026 16:50:59 UTC &#8211; <span class=\"wp_automatic_amazon_disclaimer\" title=\"Product prices and availability are accurate as of the date\/time indicated and are subject to change. Any price and availability information displayed on [relevant Amazon Site(s), as applicable] at the time of purchase will apply to the purchase of this product.\">Details<\/span>)<\/small><\/i><\/p>\n<p><a href=\"https:\/\/amazon.es\/dp\/B0DPHRVNGL?tag=man008-21\"><img decoding=\"async\" src=\"https:\/\/valvepress.s3.amazonaws.com\/imgs\/buy_now.png\"><\/a><br \/>\n<\/p>\n<p>                                             From the brand   <\/p>\n<p>                                              <img decoding=\"async\" alt=\"\" src=\"https:\/\/images-na.ssl-images-amazon.com\/images\/G\/01\/x-locale\/common\/grey-pixel.gif\" class=\"a-lazy-loaded\" data-src=\"https:\/\/m.media-amazon.com\/images\/S\/aplus-media-library-service-media\/161503c2-c0d7-4b94-bb11-d22d9b74231f.__CR91,0,1464,625_PT0_SX1464_V1___.jpg\"><img decoding=\"async\" alt=\"\" src=\"https:\/\/m.media-amazon.com\/images\/S\/aplus-media-library-service-media\/161503c2-c0d7-4b94-bb11-d22d9b74231f.__CR91,0,1464,625_PT0_SX1464_V1___.jpg\">  <\/p>\n<p> Un fabricante de componentes y disipadores para PC que ha iniciado e influido en la evoluci\u00f3n de los sistemas de refrigeraci\u00f3n. <\/p>\n<p>                                              <img decoding=\"async\" alt=\"Tres sistemas de refrigeraci\u00f3n para ordenadores con ventiladores RGB. La unidad izquierda tiene tres ventiladores negros, las unidades central y derecha cuentan con ventiladores iluminados de colores. Todas conectadas a radiadores o tubos de refrigeraci\u00f3n l\u00edquida\" src=\"https:\/\/images-na.ssl-images-amazon.com\/images\/G\/01\/x-locale\/common\/grey-pixel.gif\" class=\"a-lazy-loaded\" data-src=\"https:\/\/m.media-amazon.com\/images\/S\/aplus-media-library-service-media\/a5d65cf9-a3ee-49fc-990a-27b1f35749e7.__CR0,0,362,453_PT0_SX362_V1___.jpg\"><img decoding=\"async\" alt=\"Tres sistemas de refrigeraci\u00f3n para ordenadores con ventiladores RGB. La unidad izquierda tiene tres ventiladores negros, las unidades central y derecha cuentan con ventiladores iluminados de colores. Todas conectadas a radiadores o tubos de refrigeraci\u00f3n l\u00edquida\" src=\"https:\/\/m.media-amazon.com\/images\/S\/aplus-media-library-service-media\/a5d65cf9-a3ee-49fc-990a-27b1f35749e7.__CR0,0,362,453_PT0_SX362_V1___.jpg\">  <\/p>\n<h3> Update for your setup <\/h3>\n<p class=\"apm-brand-story-stores-link\">\n<p>                                              <img decoding=\"async\" alt=\"aplus content image\" src=\"https:\/\/images-na.ssl-images-amazon.com\/images\/G\/01\/x-locale\/common\/grey-pixel.gif\" class=\"a-lazy-loaded\" data-src=\"https:\/\/m.media-amazon.com\/images\/S\/aplus-media-library-service-media\/4848d4d1-09a1-48dc-bcab-2734b49eb70c.__CR0,0,362,453_PT0_SX362_V1___.jpg\"><img decoding=\"async\" alt=\"aplus content image\" src=\"https:\/\/m.media-amazon.com\/images\/S\/aplus-media-library-service-media\/4848d4d1-09a1-48dc-bcab-2734b49eb70c.__CR0,0,362,453_PT0_SX362_V1___.jpg\">  <\/p>\n<h3> Carcasa para PC E-ATX premium <\/h3>\n<p class=\"apm-brand-story-stores-link\">\n<p>                                              <img decoding=\"async\" alt=\"ARCTIC\" src=\"https:\/\/images-na.ssl-images-amazon.com\/images\/G\/01\/x-locale\/common\/grey-pixel.gif\" class=\"a-lazy-loaded\" data-src=\"https:\/\/m.media-amazon.com\/images\/S\/aplus-media-library-service-media\/03279faa-35be-44c5-ba34-810a4246c01e.__CR0,0,362,453_PT0_SX362_V1___.jpg\"><img decoding=\"async\" alt=\"ARCTIC\" src=\"https:\/\/m.media-amazon.com\/images\/S\/aplus-media-library-service-media\/03279faa-35be-44c5-ba34-810a4246c01e.__CR0,0,362,453_PT0_SX362_V1___.jpg\">  <\/p>\n<h3> The Cooler Way <\/h3>\n<p class=\"apm-brand-story-stores-link\">\n<p>                                              <img decoding=\"async\" alt=\"negro para ordenador con aspas curvas y logotipo de Arctic. Marco cuadrado con esquinas redondeadas. Texto \u00abVENTILADORES\u00bb sobre la imagen.\" src=\"https:\/\/images-na.ssl-images-amazon.com\/images\/G\/01\/x-locale\/common\/grey-pixel.gif\" class=\"a-lazy-loaded\" data-src=\"https:\/\/m.media-amazon.com\/images\/S\/aplus-media-library-service-media\/e46d7ce2-0df6-42bf-93b6-2a78c70b6a8b.__CR0,0,362,453_PT0_SX362_V1___.jpg\"><img decoding=\"async\" alt=\"negro para ordenador con aspas curvas y logotipo de Arctic. Marco cuadrado con esquinas redondeadas. Texto \u00abVENTILADORES\u00bb sobre la imagen.\" src=\"https:\/\/m.media-amazon.com\/images\/S\/aplus-media-library-service-media\/e46d7ce2-0df6-42bf-93b6-2a78c70b6a8b.__CR0,0,362,453_PT0_SX362_V1___.jpg\">  <\/p>\n<h3> Silencioso y potente <\/h3>\n<p class=\"apm-brand-story-stores-link\">\n<p>                                              <img decoding=\"async\" alt=\"con tubos de calor de cobre y ventilador negro. Cuenta con un gran disipador de calor y un dise\u00f1o de ventilador circular. El texto de arriba dice \u00abREFRIGERACI\u00d3N DE SERVIDORES\u00bb en espa\u00f1ol.\" src=\"https:\/\/images-na.ssl-images-amazon.com\/images\/G\/01\/x-locale\/common\/grey-pixel.gif\" class=\"a-lazy-loaded\" data-src=\"https:\/\/m.media-amazon.com\/images\/S\/aplus-media-library-service-media\/4c0beb57-c35e-43fd-afdf-7af40a53c126.__CR0,0,362,453_PT0_SX362_V1___.jpg\"><img decoding=\"async\" alt=\"con tubos de calor de cobre y ventilador negro. Cuenta con un gran disipador de calor y un dise\u00f1o de ventilador circular. El texto de arriba dice \u00abREFRIGERACI\u00d3N DE SERVIDORES\u00bb en espa\u00f1ol.\" src=\"https:\/\/m.media-amazon.com\/images\/S\/aplus-media-library-service-media\/4c0beb57-c35e-43fd-afdf-7af40a53c126.__CR0,0,362,453_PT0_SX362_V1___.jpg\">  <\/p>\n<h3> Refrigeraci\u00f3n de servidores <\/h3>\n<p class=\"apm-brand-story-stores-link\">\n<p>                                              <img decoding=\"async\" alt=\"El texto dice \u00abINTERFACES T\u00c9RMICAS\u00bb. Diagrama t\u00e9cnico que muestra el material de interfaz t\u00e9rmica MX-7 con el logotipo de Arctic. M\u00faltiples vistas de escenarios de aplicaci\u00f3n de pasta o almohadilla t\u00e9rmica delgada.\" src=\"https:\/\/images-na.ssl-images-amazon.com\/images\/G\/01\/x-locale\/common\/grey-pixel.gif\" class=\"a-lazy-loaded\" data-src=\"https:\/\/m.media-amazon.com\/images\/S\/aplus-media-library-service-media\/68f851be-d58f-4a38-a196-1d2c76cd91f2.__CR0,0,362,453_PT0_SX362_V1___.jpg\"><img decoding=\"async\" alt=\"El texto dice \u00abINTERFACES T\u00c9RMICAS\u00bb. Diagrama t\u00e9cnico que muestra el material de interfaz t\u00e9rmica MX-7 con el logotipo de Arctic. M\u00faltiples vistas de escenarios de aplicaci\u00f3n de pasta o almohadilla t\u00e9rmica delgada.\" src=\"https:\/\/m.media-amazon.com\/images\/S\/aplus-media-library-service-media\/68f851be-d58f-4a38-a196-1d2c76cd91f2.__CR0,0,362,453_PT0_SX362_V1___.jpg\">  <\/p>\n<h3> Interfaz t\u00e9rmica <\/h3>\n<p class=\"apm-brand-story-stores-link\">\n<p>                                              <img decoding=\"async\" alt=\"ARCTIC\" src=\"https:\/\/images-na.ssl-images-amazon.com\/images\/G\/01\/x-locale\/common\/grey-pixel.gif\" class=\"a-lazy-loaded\" data-src=\"https:\/\/m.media-amazon.com\/images\/S\/aplus-media-library-service-media\/4ddc947f-8abb-4794-ae8e-4519beaf86aa.__CR0,0,362,453_PT0_SX362_V1___.jpg\"><img decoding=\"async\" alt=\"ARCTIC\" src=\"https:\/\/m.media-amazon.com\/images\/S\/aplus-media-library-service-media\/4ddc947f-8abb-4794-ae8e-4519beaf86aa.__CR0,0,362,453_PT0_SX362_V1___.jpg\">  <\/p>\n<h3> Flexibilidad y ergonom\u00eda <\/h3>\n<p class=\"apm-brand-story-stores-link\">\n<p>                                              <img decoding=\"async\" alt=\"ARCTIC\" src=\"https:\/\/images-na.ssl-images-amazon.com\/images\/G\/01\/x-locale\/common\/grey-pixel.gif\" class=\"a-lazy-loaded\" data-src=\"https:\/\/m.media-amazon.com\/images\/S\/aplus-media-library-service-media\/018d8de7-947f-46d3-ae23-c223dd7cc2ef.__CR0,0,362,453_PT0_SX362_V1___.jpg\"><img decoding=\"async\" alt=\"ARCTIC\" src=\"https:\/\/m.media-amazon.com\/images\/S\/aplus-media-library-service-media\/018d8de7-947f-46d3-ae23-c223dd7cc2ef.__CR0,0,362,453_PT0_SX362_V1___.jpg\">  <\/p>\n<h3> Los accesorios adecuados <\/h3>\n<p class=\"apm-brand-story-stores-link\">\n<p> Product Dimensions                                            \u200f                                            :                                            \u200e                                            31.7 x 14 x 6.75 cm; 1.9 kg   <br \/> Date First Available                                            \u200f                                            :                                            \u200e                                            30 May 2025   <br \/> Manufacturer                                            \u200f                                            :                                            \u200e                                            ARCTIC   <br \/> ASIN                                            \u200f                                            :                                            \u200e                                            B0DPHRVNGL   <br \/> Item model number                                            \u200f                                            :                                            \u200e                                            LFIII Pro 360   <br \/> Country of origin                                            \u200f                                            :                                            \u200e                                            China   <br \/>       Best Sellers Rank:  9,297 in Computers (See Top 100 in Computers)    95 in Water Cooling Systems      <br \/>  Customer reviews:                                                                                            4.4               4.4 out of 5 stars                                  (157)                                              var dpAcrHasRegisteredArcLinkClickAction;                    P.when(&#8216;A&#8217;, &#8216;ready&#8217;).execute(function(A) {                        if (dpAcrHasRegisteredArcLinkClickAction !== true) {                            dpAcrHasRegisteredArcLinkClickAction = true;                            A.declarative(                                &#8216;acrLink-click-metrics&#8217;, &#8216;click&#8217;,                                { \u00aballowLinkDefault\u00bb: true },                                function (event) {                                    if (window.ue) {                                        ue.count(\u00abacrLinkClickCount\u00bb, (ue.count(\u00abacrLinkClickCount\u00bb) || 0) + 1);                                    }                                }                            );                        }                    });                                             P.when(&#8216;A&#8217;, &#8216;cf&#8217;).execute(function(A) {                A.declarative(&#8216;acrStarsLink-click-metrics&#8217;, &#8216;click&#8217;, { \u00aballowLinkDefault\u00bb : true },  function(event){                    if(window.ue) {                        ue.count(\u00abacrStarsLinkWithPopoverClickCount\u00bb, (ue.count(\u00abacrStarsLinkWithPopoverClickCount\u00bb) || 0) + 1);                    }                });            });                          <\/p>\n<p>CONTACT FRAME FOR INTEL LGA1851 | LGA1700: Optimized contact pressure distribution for longer CPU life and better heat dissipation<br \/>ARCTIC P14 PRO FAN &#8211; More power at any speed. More powerful and quiet than the P14, especially at low speeds. Higher top speed for optimal cooling performance at high loads<br \/>NATIVES OFFSET MOUNTING FOR INTEL AND AMD: Moving the center of the cold plate towards the CPU hot spot ensures more efficient heat transfer<br \/>INTEGRATED VRM FAN: PWM-controlled fan reduces the temperature of voltage converters and thus ensures reliable performance<br \/>INTEGRATED CABLE MANAGEMENT: The PWM cables of the radiator fans are integrated into the hose liner, so that only one visible cable is connected to the motherboard<\/p>\n\n","protected":false},"excerpt":{"rendered":"<p> From the brand Un fabricante de componentes y disipadores para PC que ha iniciado e<\/p>","protected":false},"featured_media":25571,"comment_status":"open","ping_status":"closed","template":"","meta":[],"product_brand":[],"product_cat":[66],"product_tag":[2461,7457,3683,3316,530,2008,2880,2010,307,3313,1668,989,598,2002,2014,1997,2016,910,1573,2697,1647,562,2006,7458,677,163,1999,4286,2023,2012,5204,2004,5311,735],"class_list":{"0":"post-25570","1":"product","2":"type-product","3":"status-publish","4":"has-post-thumbnail","6":"product_cat-cpu-fan","7":"product_tag-140mm","8":"product_tag-38mm","9":"product_tag-aio","10":"product_tag-am5am4","11":"product_tag-amd","12":"product_tag-amd-cpu-cooler","13":"product_tag-arctic","14":"product_tag-best-cpu-fan","15":"product_tag-black","16":"product_tag-contact","17":"product_tag-cooler","18":"product_tag-cooling","19":"product_tag-cpu","20":"product_tag-cpu-air-cooler","21":"product_tag-cpu-cooling-fan","22":"product_tag-cpu-fan","23":"product_tag-cpu-fan-price","24":"product_tag-fan","25":"product_tag-frame","26":"product_tag-freezer","27":"product_tag-iii","28":"product_tag-intel","29":"product_tag-intel-cpu-fan","30":"product_tag-lga18511700","31":"product_tag-liquid","32":"product_tag-pro","33":"product_tag-processor-fan","34":"product_tag-pump","35":"product_tag-pwm","36":"product_tag-quiet-cpu-cooler","37":"product_tag-radiator","38":"product_tag-rgb-cpu-cooler","39":"product_tag-vrm","40":"product_tag-water","42":"first","43":"instock","44":"shipping-taxable","45":"product-type-external"},"_links":{"self":[{"href":"https:\/\/comprasyconsejos.store\/en\/wp-json\/wp\/v2\/product\/25570","targetHints":{"allow":["GET"]}}],"collection":[{"href":"https:\/\/comprasyconsejos.store\/en\/wp-json\/wp\/v2\/product"}],"about":[{"href":"https:\/\/comprasyconsejos.store\/en\/wp-json\/wp\/v2\/types\/product"}],"replies":[{"embeddable":true,"href":"https:\/\/comprasyconsejos.store\/en\/wp-json\/wp\/v2\/comments?post=25570"}],"version-history":[{"count":0,"href":"https:\/\/comprasyconsejos.store\/en\/wp-json\/wp\/v2\/product\/25570\/revisions"}],"wp:featuredmedia":[{"embeddable":true,"href":"https:\/\/comprasyconsejos.store\/en\/wp-json\/wp\/v2\/media\/25571"}],"wp:attachment":[{"href":"https:\/\/comprasyconsejos.store\/en\/wp-json\/wp\/v2\/media?parent=25570"}],"wp:term":[{"taxonomy":"product_brand","embeddable":true,"href":"https:\/\/comprasyconsejos.store\/en\/wp-json\/wp\/v2\/product_brand?post=25570"},{"taxonomy":"product_cat","embeddable":true,"href":"https:\/\/comprasyconsejos.store\/en\/wp-json\/wp\/v2\/product_cat?post=25570"},{"taxonomy":"product_tag","embeddable":true,"href":"https:\/\/comprasyconsejos.store\/en\/wp-json\/wp\/v2\/product_tag?post=25570"}],"curies":[{"name":"wp","href":"https:\/\/api.w.org\/{rel}","templated":true}]}}