{"id":25580,"date":"2026-02-19T17:06:44","date_gmt":"2026-02-19T17:06:44","guid":{"rendered":"https:\/\/comprasyconsejos.store\/product\/escaner-portatil-hd-office-home-document-hd-a4-archivo-de-imagen-escaner-good-office-assistant-para-la-oficina300\/"},"modified":"2026-02-19T17:06:52","modified_gmt":"2026-02-19T17:06:52","slug":"escaner-portatil-hd-office-home-document-hd-a4-archivo-de-imagen-escaner-good-office-assistant-para-la-oficina300","status":"publish","type":"product","link":"https:\/\/comprasyconsejos.store\/en\/product\/escaner-portatil-hd-office-home-document-hd-a4-archivo-de-imagen-escaner-good-office-assistant-para-la-oficina300\/","title":{"rendered":"Esc\u00e1ner port\u00e1til HD Office Home Document, HD A4 Archivo de Imagen Esc\u00e1ner Good Office Assistant para la Oficina(300)"},"content":{"rendered":"<p>Price: <span style=\"color:#b12704\">\u20ac134.04<\/span><br \/><i><small>(as of Feb 19, 2026 17:06:44 UTC &#8211; <span class=\"wp_automatic_amazon_disclaimer\" title=\"Product prices and availability are accurate as of the date\/time indicated and are subject to change. Any price and availability information displayed on [relevant Amazon Site(s), as applicable] at the time of purchase will apply to the purchase of this product.\">Details<\/span>)<\/small><\/i><\/p>\n<p><a href=\"https:\/\/amazon.es\/dp\/B0G2RN6GH8?tag=man008-21\"><img decoding=\"async\" src=\"https:\/\/valvepress.s3.amazonaws.com\/imgs\/buy_now.png\"><\/a><br \/>\n<br \/>\n    <span>Tableta de 42 mm con dise\u00f1o delgado de solo 1,7 kg, apariencia negra y fresca, f\u00e1cil de llevar a cualquier lugar de la oficina<br \/>El dise\u00f1o de la placa de cubierta en forma de Z puede escanear libros m\u00e1s gruesos for garantizar la calidad del escaneo.<br \/>Un esc\u00e1ner puede resaltar la emoci\u00f3n de la oficina del texto en blanco y negro en un documento mejor que una toma con un solo .<br \/>Compatible con m\u00faltiples versiones Los esc\u00e1neres son compatibles con versiones hist\u00f3ricas en un solo paquete de instalaci\u00f3n<br \/>El esc\u00e1ner es adecuado for una variedad de industrias: industria m\u00e9dica, industria legal, industria financiera, industria educativa, industria comercial y otras industrias.<\/p>\n<p>Resoluci\u00f3n \u00f3ptica 4800 ppp x 4800 ppp<br \/>Amplitud m\u00e1xima de escaneo A4\/LTR<br \/>Bot\u00f3n ESCANEAR (bot\u00f3n EZ) 5 teclas (PDF, ESCANEO AUTOM\u00c1TICO, COPIAR, ENVIAR)<br \/>Velocidad de escaneo Color A4300 ppp: aproximadamente 8 segundos Color 4&#8243;x6&#8243; 300 ppp: aproximadamente 4 segundos<br \/>Volumen 250 x 367 x 42 mm<br \/>Peso 1,7 kg<\/span>    <br \/> Package Dimensions                                            \u200f                                            :                                            \u200e                                            1 x 1 x 1 cm; 2 kg   <br \/> Manufacturer                                            \u200f                                            :                                            \u200e                                            CVFRDD   <br \/> ASIN                                            \u200f                                            :                                            \u200e                                            B0G2RN6GH8   <br \/> Item model number                                            \u200f                                            :                                            \u200e                                            1005005809692924   <br \/> Country\/Region of Origin                                            \u200f                                            :                                            \u200e                                            China   <br \/> Guaranteed software updates until                                            \u200f                                            :                                            \u200e                                            unknown   <\/p>\n<p>Reconocimiento autom\u00e1tico for completar el escaneo y guardar el trabajo. La conexi\u00f3n USB de 1 l\u00ednea no requiere un adaptador de corriente adicional for escanear<br \/>La nueva velocidad se ha aumentado a 5S for mejorar enormemente la eficiencia de su trabajo.<br \/>No es necesario conectar la fuente de alimentaci\u00f3n for completar el escaneo, ni escanear deformaciones for restaurar verdaderamente el manuscrito original, despu\u00e9s de escanear los datos se cargan directamente a la nube, salva cada pedacito de vida.<br \/>Aseg\u00farese de que los bordes escaneados no est\u00e9n distorsionados for restaurar el original.<br \/>La tecla de escaneo autom\u00e1tico identifica, escanea y guarda autom\u00e1ticamente los documentos seg\u00fan el tipo de documento.<\/p>\n\n","protected":false},"excerpt":{"rendered":"<p> Tableta de 42 mm con dise\u00f1o delgado de solo 1,7 kg, apariencia negra y fresca,<\/p>","protected":false},"featured_media":25581,"comment_status":"open","ping_status":"closed","template":"","meta":[],"product_brand":[],"product_cat":[60],"product_tag":[7552,7553,1990,1996,1982,7551,1989,1983,1053,1986,626,4818,585,1987,7554,3954,1984,1985,4217,1991,1988],"class_list":{"0":"post-25580","1":"product","2":"type-product","3":"status-publish","4":"has-post-thumbnail","6":"product_cat-scanners","7":"product_tag-archivo","8":"product_tag-assistant","9":"product_tag-best-scanner","10":"product_tag-document","11":"product_tag-document-scanner","12":"product_tag-escaner","13":"product_tag-fast-document-scanner","14":"product_tag-flatbed-scanner","15":"product_tag-good","16":"product_tag-high-resolution-scanner","17":"product_tag-home","18":"product_tag-imagen","19":"product_tag-office","20":"product_tag-office-scanner","21":"product_tag-oficina300","22":"product_tag-para","23":"product_tag-photo-scanner","24":"product_tag-portable-scanner","25":"product_tag-portatil","26":"product_tag-scanner-price","27":"product_tag-usb-scanner","29":"first","30":"instock","31":"shipping-taxable","32":"product-type-external"},"_links":{"self":[{"href":"https:\/\/comprasyconsejos.store\/en\/wp-json\/wp\/v2\/product\/25580","targetHints":{"allow":["GET"]}}],"collection":[{"href":"https:\/\/comprasyconsejos.store\/en\/wp-json\/wp\/v2\/product"}],"about":[{"href":"https:\/\/comprasyconsejos.store\/en\/wp-json\/wp\/v2\/types\/product"}],"replies":[{"embeddable":true,"href":"https:\/\/comprasyconsejos.store\/en\/wp-json\/wp\/v2\/comments?post=25580"}],"version-history":[{"count":0,"href":"https:\/\/comprasyconsejos.store\/en\/wp-json\/wp\/v2\/product\/25580\/revisions"}],"wp:featuredmedia":[{"embeddable":true,"href":"https:\/\/comprasyconsejos.store\/en\/wp-json\/wp\/v2\/media\/25581"}],"wp:attachment":[{"href":"https:\/\/comprasyconsejos.store\/en\/wp-json\/wp\/v2\/media?parent=25580"}],"wp:term":[{"taxonomy":"product_brand","embeddable":true,"href":"https:\/\/comprasyconsejos.store\/en\/wp-json\/wp\/v2\/product_brand?post=25580"},{"taxonomy":"product_cat","embeddable":true,"href":"https:\/\/comprasyconsejos.store\/en\/wp-json\/wp\/v2\/product_cat?post=25580"},{"taxonomy":"product_tag","embeddable":true,"href":"https:\/\/comprasyconsejos.store\/en\/wp-json\/wp\/v2\/product_tag?post=25580"}],"curies":[{"name":"wp","href":"https:\/\/api.w.org\/{rel}","templated":true}]}}