{"id":25595,"date":"2026-02-19T17:23:14","date_gmt":"2026-02-19T17:23:14","guid":{"rendered":"https:\/\/comprasyconsejos.store\/product\/epson-ecotank-et-m2170-inkjet-39-ppm-a4-wifi-multifunction-printer-inkjet-black-and-white-printing-250-sheets-a4-direct-printing-black-grey-white\/"},"modified":"2026-02-19T17:23:24","modified_gmt":"2026-02-19T17:23:24","slug":"epson-ecotank-et-m2170-inkjet-39-ppm-a4-wifi-multifunction-printer-inkjet-black-and-white-printing-250-sheets-a4-direct-printing-black-grey-white","status":"publish","type":"product","link":"https:\/\/comprasyconsejos.store\/en\/product\/epson-ecotank-et-m2170-inkjet-39-ppm-a4-wifi-multifunction-printer-inkjet-black-and-white-printing-250-sheets-a4-direct-printing-black-grey-white\/","title":{"rendered":"Epson EcoTank ET-M2170 Inkjet 39 ppm A4 Wifi \u2013 Multifunction Printer (Inkjet, Black and White Printing, 250 Sheets, A4, Direct Printing, Black, Grey, White)"},"content":{"rendered":"<p>Price: <span style=\"color:#b12704\"><del>\u20ac319.99<\/del> - \u20ac249.90<\/span><br \/><i><small>(as of Feb 19, 2026 17:23:14 UTC &#8211; <span class=\"wp_automatic_amazon_disclaimer\" title=\"Product prices and availability are accurate as of the date\/time indicated and are subject to change. Any price and availability information displayed on [relevant Amazon Site(s), as applicable] at the time of purchase will apply to the purchase of this product.\">Details<\/span>)<\/small><\/i><\/p>\n<p><a href=\"https:\/\/amazon.es\/dp\/B07QB7VBS1?tag=man008-21\"><img decoding=\"async\" src=\"https:\/\/valvepress.s3.amazonaws.com\/imgs\/buy_now.png\"><\/a><br \/>\n<\/p>\n<p>                                             From the brand   <\/p>\n<p>                                              <img decoding=\"async\" alt=\"Epson Brand Story Background\" src=\"https:\/\/images-na.ssl-images-amazon.com\/images\/G\/01\/x-locale\/common\/grey-pixel.gif\" class=\"a-lazy-loaded\" data-src=\"https:\/\/m.media-amazon.com\/images\/S\/aplus-media-library-service-media\/0160aeeb-56d8-4b3a-9a23-8b39cffa6cbc.__CR0,0,1464,625_PT0_SX1464_V1___.jpg\"><img decoding=\"async\" alt=\"Epson Brand Story Background\" src=\"https:\/\/m.media-amazon.com\/images\/S\/aplus-media-library-service-media\/0160aeeb-56d8-4b3a-9a23-8b39cffa6cbc.__CR0,0,1464,625_PT0_SX1464_V1___.jpg\">  <\/p>\n<p>                                              <img decoding=\"async\" alt=\"\" src=\"https:\/\/images-na.ssl-images-amazon.com\/images\/G\/01\/x-locale\/common\/grey-pixel.gif\" class=\"a-lazy-loaded\" data-src=\"https:\/\/m.media-amazon.com\/images\/S\/aplus-media-library-service-media\/e9c400d4-d8bc-485c-8be0-495b58477eeb.__CR0,0,315,145_PT0_SX315_V1___.jpg\"><img decoding=\"async\" alt=\"\" src=\"https:\/\/m.media-amazon.com\/images\/S\/aplus-media-library-service-media\/e9c400d4-d8bc-485c-8be0-495b58477eeb.__CR0,0,315,145_PT0_SX315_V1___.jpg\">  <\/p>\n<p> Descubre las soluciones Epson <\/p>\n<p> Como l\u00edder de tecnolog\u00eda global, Epson trabaja de forma   continua en la investigaci\u00f3n y desarrollo de tecnolog\u00edas innovadoras   orientadas al ahorro de energ\u00eda y al cumplimiento de nuestros est\u00e1ndares   medioambientales. <\/p>\n<h3> Epson EcoTank <\/h3>\n<p class=\"apm-brand-story-stores-link\">\n<h3> Impresoras Epson Expression <\/h3>\n<p class=\"apm-brand-story-stores-link\">\n<h3> Gama Epson WorkForce <\/h3>\n<p class=\"apm-brand-story-stores-link\">\n<h3> Tintas Epson <\/h3>\n<p class=\"apm-brand-story-stores-link\">\n<h3> Proyectores Epson <\/h3>\n<p class=\"apm-brand-story-stores-link\">\n<h3> Esc\u00e1neres Epson <\/h3>\n<p class=\"apm-brand-story-stores-link\">\n<p>                                              <img decoding=\"async\" alt=\"\" src=\"https:\/\/images-na.ssl-images-amazon.com\/images\/G\/01\/x-locale\/common\/grey-pixel.gif\" class=\"a-lazy-loaded\" data-src=\"https:\/\/m.media-amazon.com\/images\/S\/aplus-media-library-service-media\/0bccf052-9e78-48d7-b08b-395127d2a38f.__CR0,16,327,151_PT0_SX315_V1___.jpg\"><img decoding=\"async\" alt=\"\" src=\"https:\/\/m.media-amazon.com\/images\/S\/aplus-media-library-service-media\/0bccf052-9e78-48d7-b08b-395127d2a38f.__CR0,16,327,151_PT0_SX315_V1___.jpg\">  <\/p>\n<p> Creaci\u00f3n de un futuro mejor <\/p>\n<p> Trabajamos comprometidos para ofrecer valor a nuestros clientes  a trav\u00e9s de iniciativas respetuosas con el medio ambiente.    Reducimos el nivel de emisiones contaminantes y el consumo de papel y agua   mediante el desarrollo de productos respetuosos con el medio ambiente. <\/p>\n<p> *Visita el sitio web de Epson para m\u00e1s detalles. <\/p>\n<p> Is discontinued by manufacturer                                            \u200f                                            :                                            \u200e                                            No   <br \/> Product Dimensions                                            \u200f                                            :                                            \u200e                                            37.5 x 34.7 x 30.2 cm; 6.4 kg   <br \/> Manufacturer                                            \u200f                                            :                                            \u200e                                            EPSON   <br \/> ASIN                                            \u200f                                            :                                            \u200e                                            B07QB7VBS1   <br \/> Item model number                                            \u200f                                            :                                            \u200e                                            C11CH43401   <br \/> Country of origin                                            \u200f                                            :                                            \u200e                                            Philippines   <br \/> Guaranteed software updates until                                            \u200f                                            :                                            \u200e                                            unknown   <br \/>  Customer reviews:                                                                                            4.2               4.2 out of 5 stars                                  (130)                                              var dpAcrHasRegisteredArcLinkClickAction;                    P.when(&#8216;A&#8217;, &#8216;ready&#8217;).execute(function(A) {                        if (dpAcrHasRegisteredArcLinkClickAction !== true) {                            dpAcrHasRegisteredArcLinkClickAction = true;                            A.declarative(                                &#8216;acrLink-click-metrics&#8217;, &#8216;click&#8217;,                                { \u00aballowLinkDefault\u00bb: true },                                function (event) {                                    if (window.ue) {                                        ue.count(\u00abacrLinkClickCount\u00bb, (ue.count(\u00abacrLinkClickCount\u00bb) || 0) + 1);                                    }                                }                            );                        }                    });                                             P.when(&#8216;A&#8217;, &#8216;cf&#8217;).execute(function(A) {                A.declarative(&#8216;acrStarsLink-click-metrics&#8217;, &#8216;click&#8217;, { \u00aballowLinkDefault\u00bb : true },  function(event){                    if(window.ue) {                        ue.count(\u00abacrStarsLinkWithPopoverClickCount\u00bb, (ue.count(\u00abacrStarsLinkWithPopoverClickCount\u00bb) || 0) + 1);                    }                });            });                          <\/p>\n<p>Reduce printing costs: Economical ink tank printer with many ink cartridges included<br \/>Reliable and Durable: One year warranty or 100,000 pages<br \/>Reduce energy consumption: Save up to 95% in energy consumption<br \/>Time saving: Wi-Fi, double-sided printing, 250-page tray, mobile printing<br \/>Fast professional-quality printing: 20ppm3 print speed, no start-up time, PrecisionCore print head<\/p>\n\n","protected":false},"excerpt":{"rendered":"<p> From the brand Descubre las soluciones Epson Como l\u00edder de tecnolog\u00eda global, Epson trabaja de<\/p>","protected":false},"featured_media":25596,"comment_status":"open","ping_status":"closed","template":"","meta":[],"product_brand":[],"product_cat":[57],"product_tag":[2140,307,2134,2126,1125,3478,1992,7556,204,2129,1953,1961,2145,2142,2189,2143,2132,3332,1962,2276,2318,205,543,2136],"class_list":{"0":"post-25595","1":"product","2":"type-product","3":"status-publish","4":"has-post-thumbnail","6":"product_cat-inkjet-printers","7":"product_tag-best-inkjet-printer","8":"product_tag-black","9":"product_tag-cheap-inkjet-printer","10":"product_tag-color-inkjet-printer","11":"product_tag-direct","12":"product_tag-ecotank","13":"product_tag-epson","14":"product_tag-etm2170","15":"product_tag-grey","16":"product_tag-home-inkjet-printer","17":"product_tag-ink-tank-printer","18":"product_tag-inkjet","19":"product_tag-inkjet-printer","20":"product_tag-inkjet-printer-price","21":"product_tag-multifunction","22":"product_tag-office-inkjet-printer","23":"product_tag-photo-inkjet-printer","24":"product_tag-ppm","25":"product_tag-printer","26":"product_tag-printing","27":"product_tag-sheets","28":"product_tag-white","29":"product_tag-wifi","30":"product_tag-wireless-inkjet-printer","32":"first","33":"instock","34":"sale","35":"shipping-taxable","36":"product-type-external"},"_links":{"self":[{"href":"https:\/\/comprasyconsejos.store\/en\/wp-json\/wp\/v2\/product\/25595","targetHints":{"allow":["GET"]}}],"collection":[{"href":"https:\/\/comprasyconsejos.store\/en\/wp-json\/wp\/v2\/product"}],"about":[{"href":"https:\/\/comprasyconsejos.store\/en\/wp-json\/wp\/v2\/types\/product"}],"replies":[{"embeddable":true,"href":"https:\/\/comprasyconsejos.store\/en\/wp-json\/wp\/v2\/comments?post=25595"}],"version-history":[{"count":0,"href":"https:\/\/comprasyconsejos.store\/en\/wp-json\/wp\/v2\/product\/25595\/revisions"}],"wp:featuredmedia":[{"embeddable":true,"href":"https:\/\/comprasyconsejos.store\/en\/wp-json\/wp\/v2\/media\/25596"}],"wp:attachment":[{"href":"https:\/\/comprasyconsejos.store\/en\/wp-json\/wp\/v2\/media?parent=25595"}],"wp:term":[{"taxonomy":"product_brand","embeddable":true,"href":"https:\/\/comprasyconsejos.store\/en\/wp-json\/wp\/v2\/product_brand?post=25595"},{"taxonomy":"product_cat","embeddable":true,"href":"https:\/\/comprasyconsejos.store\/en\/wp-json\/wp\/v2\/product_cat?post=25595"},{"taxonomy":"product_tag","embeddable":true,"href":"https:\/\/comprasyconsejos.store\/en\/wp-json\/wp\/v2\/product_tag?post=25595"}],"curies":[{"name":"wp","href":"https:\/\/api.w.org\/{rel}","templated":true}]}}