{"id":25625,"date":"2026-02-19T17:40:35","date_gmt":"2026-02-19T17:40:35","guid":{"rendered":"https:\/\/comprasyconsejos.store\/product\/msi-mag-256f-24-5-fhd-flat-gaming-monitor-1920-x-1080-fast-ips-panel-180hz-1ms-127-srgb-frameless-design-casual-hdr-ready-displayport-1-2a-hdmi-cec\/"},"modified":"2026-02-19T17:40:37","modified_gmt":"2026-02-19T17:40:37","slug":"msi-mag-256f-24-5-fhd-flat-gaming-monitor-1920-x-1080-fast-ips-panel-180hz-1ms-127-srgb-frameless-design-casual-hdr-ready-displayport-1-2a-hdmi-cec","status":"publish","type":"product","link":"https:\/\/comprasyconsejos.store\/en\/product\/msi-mag-256f-24-5-fhd-flat-gaming-monitor-1920-x-1080-fast-ips-panel-180hz-1ms-127-srgb-frameless-design-casual-hdr-ready-displayport-1-2a-hdmi-cec\/","title":{"rendered":"MSI mag 256F 24.5&#8243; FHD Flat Gaming Monitor, 1920 x 1080 Fast IPS Panel, 180Hz\/1ms, 127% sRGB, Frameless Design, Casual, HDR Ready, DisplayPort 1.2a, HDMI CEC"},"content":{"rendered":"<p>Price: <span style=\"color:#b12704\"><del>\u20ac199.00<\/del> - \u20ac157.61<\/span><br \/><i><small>(as of Feb 19, 2026 17:40:35 UTC &#8211; <span class=\"wp_automatic_amazon_disclaimer\" title=\"Product prices and availability are accurate as of the date\/time indicated and are subject to change. Any price and availability information displayed on [relevant Amazon Site(s), as applicable] at the time of purchase will apply to the purchase of this product.\">Details<\/span>)<\/small><\/i><\/p>\n<p><a href=\"https:\/\/amazon.es\/dp\/B0CS3WDXRV?tag=man008-21\"><img decoding=\"async\" src=\"https:\/\/valvepress.s3.amazonaws.com\/imgs\/buy_now.png\"><\/a><br \/>\n<\/p>\n<p>                                             From the manufacturer   <\/p>\n<p>                                                  <img decoding=\"async\" alt=\"Unite as One\" src=\"https:\/\/images-na.ssl-images-amazon.com\/images\/G\/01\/x-locale\/common\/grey-pixel.gif\" class=\"a-lazy-loaded\" data-src=\"https:\/\/m.media-amazon.com\/images\/S\/aplus-media\/vc\/5e575ddb-ad45-4ac0-8d72-49bc82348890.__CR0,0,1940,600_PT0_SX970_V1___.jpg\"><img decoding=\"async\" alt=\"Unite as One\" src=\"https:\/\/m.media-amazon.com\/images\/S\/aplus-media\/vc\/5e575ddb-ad45-4ac0-8d72-49bc82348890.__CR0,0,1940,600_PT0_SX970_V1___.jpg\">  <\/p>\n<p>                                                      <img decoding=\"async\" alt=\"MSI mag 256F Monitor Gaming Plano de 24,5&amp;#34; FHD, Pa\" src=\"https:\/\/images-na.ssl-images-amazon.com\/images\/G\/01\/x-locale\/common\/grey-pixel.gif\" class=\"a-spacing-mini a-lazy-loaded\" data-src=\"https:\/\/m.media-amazon.com\/images\/S\/aplus-media\/vc\/7e1a5e72-9b25-4532-8059-28a394f3aead.__CR0,0,600,800_PT0_SX300_V1___.jpg\"><img decoding=\"async\" alt=\"MSI mag 256F Monitor Gaming Plano de 24,5&amp;#34; FHD, Pa\" src=\"https:\/\/m.media-amazon.com\/images\/S\/aplus-media\/vc\/7e1a5e72-9b25-4532-8059-28a394f3aead.__CR0,0,600,800_PT0_SX300_V1___.jpg\">  <\/p>\n<p>                                                              <img decoding=\"async\" alt=\"MSI: For Gamers &amp;amp; Creators\" src=\"https:\/\/images-na.ssl-images-amazon.com\/images\/G\/01\/x-locale\/common\/grey-pixel.gif\" class=\"a-spacing-mini a-lazy-loaded\" data-src=\"https:\/\/m.media-amazon.com\/images\/S\/aplus-media\/vc\/114fa35d-9063-4a70-a19b-1a84ab6eba49.__CR0,0,350,175_PT0_SX350_V1___.png\"><img decoding=\"async\" alt=\"MSI: For Gamers &amp;amp; Creators\" src=\"https:\/\/m.media-amazon.com\/images\/S\/aplus-media\/vc\/114fa35d-9063-4a70-a19b-1a84ab6eba49.__CR0,0,350,175_PT0_SX350_V1___.png\">                                          MSI: For Gamers &amp; Creators                                 <\/p>\n<p class=\"a-spacing-small a-size-small a-color-secondary\"> MSI is one of the most trusted names in gaming and esports with countless hours and significant resources invested into premier esports leagues and tier-1 gaming teams. By supporting and working with the best of the best, MSI is able to integrate competitive gaming knowledge and aspirations with technological innovation to create new products that shatter today&#8217;s performance limits. <\/p>\n<h3 class=\"a-spacing-mini\"> MSI mag 256F Monitor Gaming Plano de 24,5&#8243; FHD, Pa <\/h3>\n<p>                                          Unite as One                                     <\/p>\n<p class=\"a-spacing-base\"> Equipado con un panel Rapid IPS de 24,5&#8243; FHD (1920 x 1080) con una tasa de refresco de 180 Hz y un tiempo de respuesta de 1 ms (GtG), el MAG 256F proporciona una ventaja competitiva y una calidad de imagen excepcional.  El MAG 256F incorpora la tecnolog\u00eda Adaptive-Sync, que ajusta la frecuencia de refresco de la pantalla y la GPU para ofrecer un juego ultrasuave, las tecnolog\u00edas MSI Gaming (por ejemplo, el sintonizador negro inteligente AI Vision) y un soporte ajustable en inclinaci\u00f3n. <\/p>\n<p>                                                          Panel Rapid IPS de 24,5&#8243; FHD (1920 x 1080)       Alta tasa de refresco de 180 Hz y tiempo de respuesta de 1 ms(GtG) para juegos competitivos de alta velocidad       1.070 millones de colores (8 bits + FRC) con una incre\u00edble gama (sRGB 127%, DCI-P3 96%)       HDR Ready y contraste din\u00e1mico       AI Vision y sincronizaci\u00f3n de perfiles HDMI CEC       Reducci\u00f3n de la luz azul y tecnolog\u00eda antiparpadeo       Soporte inclinable       DisplayPort 1.2a y HDMI 2.0b (FHD@180Hz), puertos de visualizaci\u00f3n      <\/p>\n<p class=\"apm-text-center\">\n                                                      <img decoding=\"async\" alt=\"Panel FHD Rapid IPS de 24,5&amp;#34;\" src=\"https:\/\/images-na.ssl-images-amazon.com\/images\/G\/01\/x-locale\/common\/grey-pixel.gif\" class=\"a-lazy-loaded\" data-src=\"https:\/\/m.media-amazon.com\/images\/S\/aplus-media\/vc\/8786fa0c-e76d-4216-abe5-215f436d5d36.__CR0,0,2000,2000_PT0_SX220_V1___.jpg\"><img decoding=\"async\" alt=\"Panel FHD Rapid IPS de 24,5&amp;#34;\" src=\"https:\/\/m.media-amazon.com\/images\/S\/aplus-media\/vc\/8786fa0c-e76d-4216-abe5-215f436d5d36.__CR0,0,2000,2000_PT0_SX220_V1___.jpg\">  <\/p>\n<p>                                                    Panel FHD Rapid IPS de 24,5&#8243;                                     <\/p>\n<p class=\"a-size-small\">\n<p>Incorpora un panel Rapid IPS de 24,5&#8243; FHD (1920 x 1080) con \u00e1ngulos de visi\u00f3n amplios de 178\u00b0 con un cambio de color m\u00ednimo cuando se mira desde diferentes \u00e1ngulos.<\/p>\n<p>Los paneles Rapid IPS ofrecen im\u00e1genes n\u00edtidas con color y brillo optimizados en tiempo real para garantizar que cada escena se presenta de la mejor forma posible.<\/p>\n<p class=\"apm-text-center\">\n                                                      <img decoding=\"async\" alt=\"Tasa de refresco de 180 Hz, tiempo de respuesta GtG de 1 ms\" src=\"https:\/\/images-na.ssl-images-amazon.com\/images\/G\/01\/x-locale\/common\/grey-pixel.gif\" class=\"a-lazy-loaded\" data-src=\"https:\/\/m.media-amazon.com\/images\/S\/aplus-media\/vc\/e7384e90-17c8-465d-819d-dafea8a119df.__CR0,0,2000,2000_PT0_SX220_V1___.jpg\"><img decoding=\"async\" alt=\"Tasa de refresco de 180 Hz, tiempo de respuesta GtG de 1 ms\" src=\"https:\/\/m.media-amazon.com\/images\/S\/aplus-media\/vc\/e7384e90-17c8-465d-819d-dafea8a119df.__CR0,0,2000,2000_PT0_SX220_V1___.jpg\">  <\/p>\n<p>                                                    Tasa de refresco de 180 Hz, tiempo de respuesta GtG de 1 ms                                     <\/p>\n<p class=\"a-size-small\">\n<p>Disfruta de una mayor fluidez de movimiento y seguimiento con una tasa de refresco de 180 Hz y aprovecha todo el potencial del hardware de memoria y GPU de primera calidad.<\/p>\n<p>El bajo tiempo de respuesta de 1 ms (GtG ) reduce dr\u00e1sticamente el desenfoque del monitor y es esencial para los juegos de ritmo r\u00e1pido.<\/p>\n<p class=\"apm-text-center\">\n                                                      <img decoding=\"async\" alt=\"HDR Ready\" src=\"https:\/\/images-na.ssl-images-amazon.com\/images\/G\/01\/x-locale\/common\/grey-pixel.gif\" class=\"a-lazy-loaded\" data-src=\"https:\/\/m.media-amazon.com\/images\/S\/aplus-media\/vc\/49e90277-c67c-484d-871a-f9ffc0266867.__CR0,0,2000,2000_PT0_SX220_V1___.jpg\"><img decoding=\"async\" alt=\"HDR Ready\" src=\"https:\/\/m.media-amazon.com\/images\/S\/aplus-media\/vc\/49e90277-c67c-484d-871a-f9ffc0266867.__CR0,0,2000,2000_PT0_SX220_V1___.jpg\">  <\/p>\n<p>                                                    HDR Ready                                     <\/p>\n<p class=\"a-size-small\">\n<p>Los monitores HDR Ready producen detalles superiores en las regiones m\u00e1s oscuras con un contraste din\u00e1mico realista que imita el ojo humano en el mundo real.<\/p>\n<p>  Colores de pantalla: 1.070 millones(8 bits + FRC) sRGB \/ DCI-P3*: 127% \/ 96% Relaci\u00f3n de contraste: 1000:1 Relaci\u00f3n de contraste din\u00e1mico: 100000000:1  <\/p>\n<p>*sRGB y DCI-P3 siguen la norma CIE1976<\/p>\n<p class=\"apm-text-center\">\n                                                      <img decoding=\"async\" alt=\"AI Vision y sincronizaci\u00f3n de perfiles HDMI CEC\" src=\"https:\/\/images-na.ssl-images-amazon.com\/images\/G\/01\/x-locale\/common\/grey-pixel.gif\" class=\"a-lazy-loaded\" data-src=\"https:\/\/m.media-amazon.com\/images\/S\/aplus-media\/vc\/1c171d9a-f7a5-4879-b66a-f6ea38d0e8a8.__CR0,0,2000,2000_PT0_SX220_V1___.jpg\"><img decoding=\"async\" alt=\"AI Vision y sincronizaci\u00f3n de perfiles HDMI CEC\" src=\"https:\/\/m.media-amazon.com\/images\/S\/aplus-media\/vc\/1c171d9a-f7a5-4879-b66a-f6ea38d0e8a8.__CR0,0,2000,2000_PT0_SX220_V1___.jpg\">  <\/p>\n<p>                                                    AI Vision y sincronizaci\u00f3n de perfiles HDMI CEC                                     <\/p>\n<p class=\"a-size-small\">\n<p>MSI AI Vision enriquece los detalles en las zonas oscuras y optimiza el brillo y los colores.<\/p>\n<p>HDMI CEC Profile Sync soporta m\u00faltiples dispositivos (consola de PC, m\u00f3vil o port\u00e1til) y puede detectar autom\u00e1ticamente la configuraci\u00f3n del dispositivo.<\/p>\n<p class=\"apm-text-center\">\n                                                      <img decoding=\"async\" alt=\"Reducci\u00f3n de la luz azul\" src=\"https:\/\/images-na.ssl-images-amazon.com\/images\/G\/01\/x-locale\/common\/grey-pixel.gif\" class=\"a-lazy-loaded\" data-src=\"https:\/\/m.media-amazon.com\/images\/S\/aplus-media\/vc\/b8c69b38-c23a-413f-9628-1c4a57f594c2.__CR0,0,2000,2000_PT0_SX220_V1___.jpg\"><img decoding=\"async\" alt=\"Reducci\u00f3n de la luz azul\" src=\"https:\/\/m.media-amazon.com\/images\/S\/aplus-media\/vc\/b8c69b38-c23a-413f-9628-1c4a57f594c2.__CR0,0,2000,2000_PT0_SX220_V1___.jpg\">  <\/p>\n<p>                                                    Reducci\u00f3n de la luz azul                                     <\/p>\n<p class=\"a-size-small\">\n<p>Los monitores MSI est\u00e1n optimizados con la tecnolog\u00eda Reducci\u00f3n de la luz azul* para ofrecer una experiencia visual superior.<\/p>\n<p>*Certificado T\u00dcV Rheinland Low Blue Light (Soluci\u00f3n de Software).<\/p>\n<p class=\"apm-text-center\">\n                                                      <img decoding=\"async\" alt=\"Anti-Flicker\" src=\"https:\/\/images-na.ssl-images-amazon.com\/images\/G\/01\/x-locale\/common\/grey-pixel.gif\" class=\"a-lazy-loaded\" data-src=\"https:\/\/m.media-amazon.com\/images\/S\/aplus-media\/vc\/51651e63-5662-44f8-8c79-174aec10fe87.__CR0,0,2000,2000_PT0_SX220_V1___.jpg\"><img decoding=\"async\" alt=\"Anti-Flicker\" src=\"https:\/\/m.media-amazon.com\/images\/S\/aplus-media\/vc\/51651e63-5662-44f8-8c79-174aec10fe87.__CR0,0,2000,2000_PT0_SX220_V1___.jpg\">  <\/p>\n<p>                                                    Anti-Flicker                                     <\/p>\n<p class=\"a-size-small\">\n<p>La tecnolog\u00eda Anti-Flicker* proporciona una experiencia de visualizaci\u00f3n superior al reducir la cantidad de parpadeo, a diferencia de los monitores gen\u00e9ricos que suelen mostrar con una tasa de parpadeo de unas 200 veces** por segundo.<\/p>\n<p>*Certificado sin parpadeos de T\u00dcV Rheinland<\/p>\n<p>**Aunque es imperceptible a simple vista, puede causar fatiga con el tiempo.<\/p>\n<p class=\"apm-text-center\">\n                                                      <img decoding=\"async\" alt=\"Soporta ajustable\" src=\"https:\/\/images-na.ssl-images-amazon.com\/images\/G\/01\/x-locale\/common\/grey-pixel.gif\" class=\"a-lazy-loaded\" data-src=\"https:\/\/m.media-amazon.com\/images\/S\/aplus-media\/vc\/613435aa-a737-4897-8223-8d97a2726c3f.__CR0,0,2000,2000_PT0_SX220_V1___.jpg\"><img decoding=\"async\" alt=\"Soporta ajustable\" src=\"https:\/\/m.media-amazon.com\/images\/S\/aplus-media\/vc\/613435aa-a737-4897-8223-8d97a2726c3f.__CR0,0,2000,2000_PT0_SX220_V1___.jpg\">  <\/p>\n<p>                                                    Soporta ajustable                                     <\/p>\n<p class=\"a-size-small\">\n<p>El soporte del monitor incluye ajuste de inclinaci\u00f3n (-5\u00b0\\~20\u00b0 ) para mejorar la comodidad de visualizaci\u00f3n (compatible con VESA de 75 x 75 mm).<\/p>\n<p>El MAG 256F admite un soporte VESA est\u00e1ndar de 75 mm*.<\/p>\n<p>*Disfruta de un escritorio m\u00e1s limpio y una gesti\u00f3n de cables superior con el brazo VESA MT81 de MSI (no incluido).<\/p>\n<p class=\"apm-text-center\">\n                                                      <img decoding=\"async\" alt=\"Conectividad completa\" src=\"https:\/\/images-na.ssl-images-amazon.com\/images\/G\/01\/x-locale\/common\/grey-pixel.gif\" class=\"a-lazy-loaded\" data-src=\"https:\/\/m.media-amazon.com\/images\/S\/aplus-media\/vc\/479e2149-5c4d-4583-acdc-482e3f18b891.__CR0,0,2000,2000_PT0_SX220_V1___.jpg\"><img decoding=\"async\" alt=\"Conectividad completa\" src=\"https:\/\/m.media-amazon.com\/images\/S\/aplus-media\/vc\/479e2149-5c4d-4583-acdc-482e3f18b891.__CR0,0,2000,2000_PT0_SX220_V1___.jpg\">  <\/p>\n<p>                                                    Conectividad completa                                     <\/p>\n<p class=\"a-size-small\">\n<p>Las opciones de interfaz para consolas de PC y port\u00e1tiles incluyen: <\/p>\n<p>  DisplayPort 1.2a: 1920 x 1080 (180 Hz m\u00e1x.) 2 x HDMI(Admite 1920 x 1080 a 180 Hz seg\u00fan lo especificado en HDMI2.0)      <\/p>\n<p> Language                                            \u200f                                            :                                            \u200e                                            Italian, Italian   <br \/> Product Dimensions                                            \u200f                                            :                                            \u200e                                            22 x 56 x 42.1 cm; 3.25 kg   <br \/> Manufacturer                                            \u200f                                            :                                            \u200e                                            MSI   <br \/> ASIN                                            \u200f                                            :                                            \u200e                                            B0CS3WDXRV   <br \/> Item model number                                            \u200f                                            :                                            \u200e                                            MAG 256F   <br \/> Country of origin                                            \u200f                                            :                                            \u200e                                            Spain   <br \/> Guaranteed software updates until                                            \u200f                                            :                                            \u200e                                            unknown   <br \/>  Customer reviews:                                                                                            4.6               4.6 out of 5 stars                                  (683)                                              var dpAcrHasRegisteredArcLinkClickAction;                    P.when(&#8216;A&#8217;, &#8216;ready&#8217;).execute(function(A) {                        if (dpAcrHasRegisteredArcLinkClickAction !== true) {                            dpAcrHasRegisteredArcLinkClickAction = true;                            A.declarative(                                &#8216;acrLink-click-metrics&#8217;, &#8216;click&#8217;,                                { \u00aballowLinkDefault\u00bb: true },                                function (event) {                                    if (window.ue) {                                        ue.count(\u00abacrLinkClickCount\u00bb, (ue.count(\u00abacrLinkClickCount\u00bb) || 0) + 1);                                    }                                }                            );                        }                    });                                             P.when(&#8216;A&#8217;, &#8216;cf&#8217;).execute(function(A) {                A.declarative(&#8216;acrStarsLink-click-metrics&#8217;, &#8216;click&#8217;, { \u00aballowLinkDefault\u00bb : true },  function(event){                    if(window.ue) {                        ue.count(\u00abacrStarsLinkWithPopoverClickCount\u00bb, (ue.count(\u00abacrStarsLinkWithPopoverClickCount\u00bb) || 0) + 1);                    }                });            });                          <\/p>\n<p>Rapid IPS image quality, frameless gameplay: MSI Rapid IPS panel monitors provide optimal color intensity and support 178\u00b0 wide viewing angles; a \u00abframeless\u00bb design reduces bezel lines between displays<br \/>IPS RAPID 24.5&#8243; FHD, 180 HZ: a fast IPS panel with an optimally defined 1920 x 1080 (16:9) 180Hz refresh rate for smooth tracking of movements; a very low response time of 1ms<br \/>Wide color gamut: The MAG 256F supports up to 1.07 billion colors (8-bit + FRC) at 127% sRGB for great color accuracy; incorporates less blue light for optimal color fidelity and employs anti-flicker technology<br \/>Dynamic contrast and AI VISION: Rapid IPS panel comes with native 1000:1 contrast, and supports Dynamic Contrast (100M:1); MSI AI Vision<br \/>HDMI CEC connectivity: the interface options for PC and laptop console (all FHD\/180Hz max) include DisplayPort 1.2a and HDMI 2.0b (FHD@180Hz) CEC ports<\/p>\n\n","protected":false},"excerpt":{"rendered":"<p> From the manufacturer MSI: For Gamers &amp; Creators MSI is one of the most trusted<\/p>","protected":false},"featured_media":25626,"comment_status":"open","ping_status":"closed","template":"","meta":[],"product_brand":[],"product_cat":[55],"product_tag":[3953,1934,7559,1936,1935,7558,1939,1802,1940,3346,3525,1784,939,1099,137,639,3355,2269,617,1933,544,1813,703,1937,429,844,1262,1033,625,1938,1313],"class_list":{"0":"post-25625","1":"product","2":"type-product","3":"status-publish","4":"has-post-thumbnail","6":"product_cat-gaming-monitors","7":"product_tag-1-2a","8":"product_tag-144hz-gaming-monitor","9":"product_tag-180hz1ms","10":"product_tag-1ms-gaming-monitor","11":"product_tag-240hz-gaming-monitor","12":"product_tag-256f","13":"product_tag-27-inch-gaming-monitor","14":"product_tag-4k-gaming-monitor","15":"product_tag-best-gaming-monitor","16":"product_tag-casual","17":"product_tag-cec","18":"product_tag-curved-gaming-monitor","19":"product_tag-design","20":"product_tag-displayport","21":"product_tag-fast","22":"product_tag-fhd","23":"product_tag-flat","24":"product_tag-frameless","25":"product_tag-gaming","26":"product_tag-gaming-monitor","27":"product_tag-hdmi","28":"product_tag-hdr","29":"product_tag-ips","30":"product_tag-ips-gaming-monitor","31":"product_tag-mag","32":"product_tag-monitor","33":"product_tag-msi","34":"product_tag-panel","35":"product_tag-ready","36":"product_tag-rgb-gaming-monitor","37":"product_tag-srgb","39":"first","40":"instock","41":"sale","42":"shipping-taxable","43":"product-type-external"},"_links":{"self":[{"href":"https:\/\/comprasyconsejos.store\/en\/wp-json\/wp\/v2\/product\/25625","targetHints":{"allow":["GET"]}}],"collection":[{"href":"https:\/\/comprasyconsejos.store\/en\/wp-json\/wp\/v2\/product"}],"about":[{"href":"https:\/\/comprasyconsejos.store\/en\/wp-json\/wp\/v2\/types\/product"}],"replies":[{"embeddable":true,"href":"https:\/\/comprasyconsejos.store\/en\/wp-json\/wp\/v2\/comments?post=25625"}],"version-history":[{"count":0,"href":"https:\/\/comprasyconsejos.store\/en\/wp-json\/wp\/v2\/product\/25625\/revisions"}],"wp:featuredmedia":[{"embeddable":true,"href":"https:\/\/comprasyconsejos.store\/en\/wp-json\/wp\/v2\/media\/25626"}],"wp:attachment":[{"href":"https:\/\/comprasyconsejos.store\/en\/wp-json\/wp\/v2\/media?parent=25625"}],"wp:term":[{"taxonomy":"product_brand","embeddable":true,"href":"https:\/\/comprasyconsejos.store\/en\/wp-json\/wp\/v2\/product_brand?post=25625"},{"taxonomy":"product_cat","embeddable":true,"href":"https:\/\/comprasyconsejos.store\/en\/wp-json\/wp\/v2\/product_cat?post=25625"},{"taxonomy":"product_tag","embeddable":true,"href":"https:\/\/comprasyconsejos.store\/en\/wp-json\/wp\/v2\/product_tag?post=25625"}],"curies":[{"name":"wp","href":"https:\/\/api.w.org\/{rel}","templated":true}]}}