{"id":25630,"date":"2026-02-19T17:45:20","date_gmt":"2026-02-19T17:45:20","guid":{"rendered":"https:\/\/comprasyconsejos.store\/product\/aoc-agon-pro-ag326udam-32-inch-uhd-oled-gaming-monitor-165hz-0-03ms-hdr400-freesync-prem-pro-g-sync-build-3840x2160-2x-hdmi-2-1-1x-dp-1-4-usb-hub-black-grey\/"},"modified":"2026-02-19T17:45:26","modified_gmt":"2026-02-19T17:45:26","slug":"aoc-agon-pro-ag326udam-32-inch-uhd-oled-gaming-monitor-165hz-0-03ms-hdr400-freesync-prem-pro-g-sync-build-3840x2160-2x-hdmi-2-1-1x-dp-1-4-usb-hub-black-grey","status":"publish","type":"product","link":"https:\/\/comprasyconsejos.store\/en\/product\/aoc-agon-pro-ag326udam-32-inch-uhd-oled-gaming-monitor-165hz-0-03ms-hdr400-freesync-prem-pro-g-sync-build-3840x2160-2x-hdmi-2-1-1x-dp-1-4-usb-hub-black-grey\/","title":{"rendered":"AOC Agon Pro AG326UDAM &#8211; 32 Inch UHD OLED Gaming Monitor, 165Hz, 0.03ms, HDR400, FreeSync Prem. Pro, G-Sync Build, 3840&#215;2160, 2X HDMI 2.1, 1x DP 1.4, USB Hub Black Grey"},"content":{"rendered":"<p>Price: <span style=\"color:#b12704\">\u20ac749.00<\/span><br \/><i><small>(as of Feb 19, 2026 17:45:20 UTC &#8211; <span class=\"wp_automatic_amazon_disclaimer\" title=\"Product prices and availability are accurate as of the date\/time indicated and are subject to change. Any price and availability information displayed on [relevant Amazon Site(s), as applicable] at the time of purchase will apply to the purchase of this product.\">Details<\/span>)<\/small><\/i><\/p>\n<p><a href=\"https:\/\/amazon.es\/dp\/B0DH5C4LWL?tag=man008-21\"><img decoding=\"async\" src=\"https:\/\/valvepress.s3.amazonaws.com\/imgs\/buy_now.png\"><\/a><br \/>\n<\/p>\n<p>                                             From the manufacturer   <\/p>\n<p>                                                      <img decoding=\"async\" alt=\"AOC Monitors\" src=\"https:\/\/images-na.ssl-images-amazon.com\/images\/G\/01\/x-locale\/common\/grey-pixel.gif\" class=\"a-spacing-mini a-lazy-loaded\" data-src=\"https:\/\/m.media-amazon.com\/images\/S\/aplus-media-library-service-media\/4a730cd6-e271-4116-bd5c-e371a5e1b336.__CR164,171,643,857_PT0_SX300_V1___.jpg\"><img decoding=\"async\" alt=\"AOC Monitors\" src=\"https:\/\/m.media-amazon.com\/images\/S\/aplus-media-library-service-media\/4a730cd6-e271-4116-bd5c-e371a5e1b336.__CR164,171,643,857_PT0_SX300_V1___.jpg\">  <\/p>\n<p>                                                              <img decoding=\"async\" alt=\"AOC Monitors\" src=\"https:\/\/images-na.ssl-images-amazon.com\/images\/G\/01\/x-locale\/common\/grey-pixel.gif\" class=\"a-spacing-mini a-lazy-loaded\" data-src=\"https:\/\/m.media-amazon.com\/images\/S\/aplus-media-library-service-media\/d62f28fe-c0f3-42e4-bf33-23edb8f9d67c.__CR0,399,970,485_PT0_SX350_V1___.jpg\"><img decoding=\"async\" alt=\"AOC Monitors\" src=\"https:\/\/m.media-amazon.com\/images\/S\/aplus-media-library-service-media\/d62f28fe-c0f3-42e4-bf33-23edb8f9d67c.__CR0,399,970,485_PT0_SX350_V1___.jpg\">                                                                                                   Tipo de panel QD &#8211; OLED       VESA Certified DisplayHDR  True Black 400       Tecnolog\u00eda de sincronizaci\u00f3n (VRR) Adaptive Sync       Conectividad USB Hub, USB Downstream       <\/p>\n<h3 class=\"a-spacing-mini\"> Monitor AG326UD <\/h3>\n<p>                                          LIBERA TU POTENCIAL                                     <\/p>\n<p class=\"a-spacing-base\"> Logre un rendimiento legendario con el monitor UHD QD-OLED de 31,5 pulgadas con resoluci\u00f3n de 3840 x 2160, frecuencia de actualizaci\u00f3n de 165 Hz y certificaci\u00f3n HDR TrueBlack HDR400 VESA. Ofrece im\u00e1genes impresionantes y un rendimiento de primer nivel. <\/p>\n<p>                                                          Tama\u00f1o de la pantalla (pulgadas) 31.5       Frecuencia de actualizaci\u00f3n 165 Hz       Resoluci\u00f3n del panel 3840&#215;2160       Tiempo de respuesta GtG 0.03 ms      <\/p>\n<p class=\"apm-text-center\">\n                                                      <img decoding=\"async\" alt=\"AOC Monitors\" src=\"https:\/\/images-na.ssl-images-amazon.com\/images\/G\/01\/x-locale\/common\/grey-pixel.gif\" class=\"a-lazy-loaded\" data-src=\"https:\/\/m.media-amazon.com\/images\/S\/aplus-media-library-service-media\/83a0b739-febc-4494-b813-b9b4f73f6186.__CR0,0,1000,1000_PT0_SX220_V1___.jpg\"><img decoding=\"async\" alt=\"AOC Monitors\" src=\"https:\/\/m.media-amazon.com\/images\/S\/aplus-media-library-service-media\/83a0b739-febc-4494-b813-b9b4f73f6186.__CR0,0,1000,1000_PT0_SX220_V1___.jpg\">  <\/p>\n<p>                                                    Panel QD OLED                                     <\/p>\n<p class=\"a-size-small\"> Imagine una pantalla tan v\u00edvida y brillante que se siente como mirar a trav\u00e9s de una ventana en lugar de un monitor. La brillante combinaci\u00f3n de dos tipos de pantallas avanzadas: OLED, conocida por su sorprendente contraste con negros verdaderos y colores intensos, y Quantum Dots, que son part\u00edculas diminutas que emiten una luz incre\u00edblemente pura. Adem\u00e1s, la pantalla puede volverse muy brillante sin perder calidad de color, por lo que todo resalta incluso en habitaciones bien iluminadas. En esencia, QD-OLED toma las mejores partes de OLED y las mejora a\u00fan m\u00e1s con Quantum Dots, brind\u00e1ndote una imagen tan realista que olvidar\u00e1s que est\u00e1s mirando una pantalla. <\/p>\n<p class=\"apm-text-center\">\n                                                      <img decoding=\"async\" alt=\"AOC Monitors\" src=\"https:\/\/images-na.ssl-images-amazon.com\/images\/G\/01\/x-locale\/common\/grey-pixel.gif\" class=\"a-lazy-loaded\" data-src=\"https:\/\/m.media-amazon.com\/images\/S\/aplus-media-library-service-media\/5ccb7d4e-ec54-4987-b409-df21350139ad.__CR0,0,1000,1000_PT0_SX220_V1___.jpg\"><img decoding=\"async\" alt=\"AOC Monitors\" src=\"https:\/\/m.media-amazon.com\/images\/S\/aplus-media-library-service-media\/5ccb7d4e-ec54-4987-b409-df21350139ad.__CR0,0,1000,1000_PT0_SX220_V1___.jpg\">  <\/p>\n<p>                                                    Resoluci\u00f3n UHD (4K)                                     <\/p>\n<p class=\"a-size-small\"> La resoluci\u00f3n 4K de ultra alta definici\u00f3n (3840 x 2160) ofrece una calidad de imagen ultran\u00edtida y permite a los usuarios ver m\u00e1s en la pantalla al mismo tiempo. Esto proporciona m\u00e1s espacio en la pantalla y muestra m\u00e1s detalles para obtener im\u00e1genes m\u00e1s n\u00edtidas y brillantes. Ya sea que est\u00e9n trabajando en la pr\u00f3xima hermosa fotograf\u00eda, dise\u00f1o o incluso simplemente us\u00e1ndolos para productividad, los usuarios se maravillar\u00e1n con la imagen verdadera y n\u00edtida que solo una pantalla UHD puede proporcionar. <\/p>\n<p class=\"apm-text-center\">\n                                                      <img decoding=\"async\" alt=\"AOC Monitors\" src=\"https:\/\/images-na.ssl-images-amazon.com\/images\/G\/01\/x-locale\/common\/grey-pixel.gif\" class=\"a-lazy-loaded\" data-src=\"https:\/\/m.media-amazon.com\/images\/S\/aplus-media-library-service-media\/1e19aa20-00a9-4782-8f17-b91a0317c0b2.__CR0,0,1000,1000_PT0_SX220_V1___.jpg\"><img decoding=\"async\" alt=\"AOC Monitors\" src=\"https:\/\/m.media-amazon.com\/images\/S\/aplus-media-library-service-media\/1e19aa20-00a9-4782-8f17-b91a0317c0b2.__CR0,0,1000,1000_PT0_SX220_V1___.jpg\">  <\/p>\n<p>                                                    165Hz Tasa de Refresco                                     <\/p>\n<p class=\"a-size-small\"> Una frecuencia de actualizaci\u00f3n de 165 Hz, m\u00e1s de dos veces el est\u00e1ndar de la industria (60 Hz), hace que los juegos funcionen como la seda. Haz realidad el potencial de tu tarjeta gr\u00e1fica. Olv\u00eddate de los seccionamientos de imagen y de los movimientos desenfocados. Siente como tus reflejos se introducen en la acci\u00f3n. No mires atr\u00e1s. <\/p>\n<p class=\"apm-text-center\">\n                                                      <img decoding=\"async\" alt=\"AOC Monitors\" src=\"https:\/\/images-na.ssl-images-amazon.com\/images\/G\/01\/x-locale\/common\/grey-pixel.gif\" class=\"a-lazy-loaded\" data-src=\"https:\/\/m.media-amazon.com\/images\/S\/aplus-media-library-service-media\/ba39c893-4a35-4644-8a81-5ccd7968a1a8.__CR0,0,1000,1000_PT0_SX220_V1___.jpg\"><img decoding=\"async\" alt=\"AOC Monitors\" src=\"https:\/\/m.media-amazon.com\/images\/S\/aplus-media-library-service-media\/ba39c893-4a35-4644-8a81-5ccd7968a1a8.__CR0,0,1000,1000_PT0_SX220_V1___.jpg\">  <\/p>\n<p>                                                    PANTALLA CON CERTIFICACI\u00d3N VESA HDR TRUE BLACK 400                                     <\/p>\n<p class=\"a-size-small\"> DisplayHDR True Black 400 te ofrece niveles de negro m\u00e1s profundos y precisos, lo que hace que tu experiencia visual sea m\u00e1s rica e inmersiva. No m\u00e1s escenas oscuras y descoloridas en pel\u00edculas y juegos. Con TrueBlack400, te espera un viaje visual m\u00e1s realista. <\/p>\n<p class=\"apm-text-center\">\n                                                      <img decoding=\"async\" alt=\"AOC Monitors\" src=\"https:\/\/images-na.ssl-images-amazon.com\/images\/G\/01\/x-locale\/common\/grey-pixel.gif\" class=\"a-lazy-loaded\" data-src=\"https:\/\/m.media-amazon.com\/images\/S\/aplus-media-library-service-media\/691b1e5e-1af4-4dad-871b-5b4382b56c54.__CR0,0,1000,1000_PT0_SX220_V1___.jpg\"><img decoding=\"async\" alt=\"AOC Monitors\" src=\"https:\/\/m.media-amazon.com\/images\/S\/aplus-media-library-service-media\/691b1e5e-1af4-4dad-871b-5b4382b56c54.__CR0,0,1000,1000_PT0_SX220_V1___.jpg\">  <\/p>\n<p>                                                    Pie con altura ajustable                                     <\/p>\n<p class=\"a-size-small\"> Nos importa su bienestar. Por eso, este monitor ofrece opciones de ajuste de altura, que le ayudar\u00e1 a encontrar la postura perfecta mientras trabaja, juega o ve v\u00eddeos. Adaptar su monitor AOC a sus necesidades no s\u00f3lo le ayuda a reducir la fatiga y a mantenerse sano. Al final, le permite a usted y a su equipo conseguir mejores resultados en lo que sea que est\u00e9 haciendo. <\/p>\n<p class=\"apm-text-center\">\n                                                      <img decoding=\"async\" alt=\"AOC Monitors\" src=\"https:\/\/images-na.ssl-images-amazon.com\/images\/G\/01\/x-locale\/common\/grey-pixel.gif\" class=\"a-lazy-loaded\" data-src=\"https:\/\/m.media-amazon.com\/images\/S\/aplus-media-library-service-media\/2a17ebbf-a6f9-49ee-89e3-90ba6f2a3dd2.__CR0,0,1000,1000_PT0_SX220_V1___.jpg\"><img decoding=\"async\" alt=\"AOC Monitors\" src=\"https:\/\/m.media-amazon.com\/images\/S\/aplus-media-library-service-media\/2a17ebbf-a6f9-49ee-89e3-90ba6f2a3dd2.__CR0,0,1000,1000_PT0_SX220_V1___.jpg\">  <\/p>\n<p>                                                    Soporte de monitor de e-sports                                     <\/p>\n<p class=\"a-size-small\"> Nuestra nueva base. Dise\u00f1ada en colaboraci\u00f3n con profesionales de los deportes electr\u00f3nicos, te permite maximizar el espacio libre para todos tus perif\u00e9ricos. La base del monitor est\u00e1 dise\u00f1ada para reducir el espacio que ocupa el monitor en tu escritorio, e incluso te permite colocar el teclado encima. El soporte incluye una gesti\u00f3n de cables para mantener tu escritorio limpio. No importa en qu\u00e9 g\u00e9nero compitas, queremos que te sientas como un profesional. <\/p>\n<p class=\"apm-text-center\">\n                                                      <img decoding=\"async\" alt=\"AOC Monitors\" src=\"https:\/\/images-na.ssl-images-amazon.com\/images\/G\/01\/x-locale\/common\/grey-pixel.gif\" class=\"a-lazy-loaded\" data-src=\"https:\/\/m.media-amazon.com\/images\/S\/aplus-media-library-service-media\/5719553b-e2cc-4bc1-9524-076261ec8916.__CR0,0,1000,1000_PT0_SX220_V1___.jpg\"><img decoding=\"async\" alt=\"AOC Monitors\" src=\"https:\/\/m.media-amazon.com\/images\/S\/aplus-media-library-service-media\/5719553b-e2cc-4bc1-9524-076261ec8916.__CR0,0,1000,1000_PT0_SX220_V1___.jpg\">  <\/p>\n<p>                                                    Adaptive sync                                     <\/p>\n<p class=\"a-size-small\"> La sincronizaci\u00f3n adaptativa hace coincidir la tasa de refresco vertical de tu monitor con la velocidad de fotogramas de la GPU para eliminar el stuttering, el tearing y los temblores, y que la experiencia de juego y de ocio sea a\u00fan m\u00e1s fluida. Esta funci\u00f3n tambi\u00e9n es \u00fatil para disfrutar de v\u00eddeos y otros medios de entretenimiento de una forma m\u00e1s fluida. <\/p>\n<p class=\"apm-text-center\">\n                                                      <img decoding=\"async\" alt=\"AOC Monitors\" src=\"https:\/\/images-na.ssl-images-amazon.com\/images\/G\/01\/x-locale\/common\/grey-pixel.gif\" class=\"a-lazy-loaded\" data-src=\"https:\/\/m.media-amazon.com\/images\/S\/aplus-media-library-service-media\/ffd4a20d-a200-49f2-bb29-a12aaed5d13b.__CR0,0,1000,1000_PT0_SX220_V1___.jpg\"><img decoding=\"async\" alt=\"AOC Monitors\" src=\"https:\/\/m.media-amazon.com\/images\/S\/aplus-media-library-service-media\/ffd4a20d-a200-49f2-bb29-a12aaed5d13b.__CR0,0,1000,1000_PT0_SX220_V1___.jpg\">  <\/p>\n<p>                                                    AMPLIA GAMA DE COLORES                                     <\/p>\n<p class=\"a-size-small\"> Cuando est\u00e1 disfrutando de fotograf\u00edas, v\u00eddeos o juegos, queremos que el contenido en pantalla sea tan parecido a la vida real como sea posible. Por eso, esta pantalla cuenta con la tecnolog\u00eda Wide Color Gamut, que significa que puede mostrar muchos m\u00e1s colores que los monitores convencionales. Esto se consigue mediante una soluci\u00f3n de hardware especial, no a trav\u00e9s de meros ajustes de software. El resultado: im\u00e1genes fieles a la realidad con finos detalles que se vuelven visibles gracias a la paleta de colores m\u00e1s amplia. <\/p>\n<p class=\"apm-text-center\">\n                                                      <img decoding=\"async\" alt=\"AOC Monitors\" src=\"https:\/\/images-na.ssl-images-amazon.com\/images\/G\/01\/x-locale\/common\/grey-pixel.gif\" class=\"a-lazy-loaded\" data-src=\"https:\/\/m.media-amazon.com\/images\/S\/aplus-media-library-service-media\/56f6458b-7d05-4c00-aa08-787521faaaee.__CR0,0,1000,1000_PT0_SX220_V1___.jpg\"><img decoding=\"async\" alt=\"AOC Monitors\" src=\"https:\/\/m.media-amazon.com\/images\/S\/aplus-media-library-service-media\/56f6458b-7d05-4c00-aa08-787521faaaee.__CR0,0,1000,1000_PT0_SX220_V1___.jpg\">  <\/p>\n<p>                                                    HDMI 2.1                                     <\/p>\n<p class=\"a-size-small\"> El \u00faltimo est\u00e1ndar en la tecnolog\u00eda HDMIviene con tasas de refresco m\u00e1s r\u00e1pidas y mejores resoluciones, por lo que no solo abre nuevas posibilidades a la hora de ver contenidos, tambi\u00e9n para los gamers: con el HDMI 2.1, las consolas de \u00faltima generaci\u00f3n ofrecen todo su potencial. <\/p>\n<p class=\"apm-text-center\">\n                                                      <img decoding=\"async\" alt=\"AOC Monitors\" src=\"https:\/\/images-na.ssl-images-amazon.com\/images\/G\/01\/x-locale\/common\/grey-pixel.gif\" class=\"a-lazy-loaded\" data-src=\"https:\/\/m.media-amazon.com\/images\/S\/aplus-media-library-service-media\/539b69cb-f030-4b9f-8204-bcd2c17d464e.__CR0,0,1000,1000_PT0_SX220_V1___.jpg\"><img decoding=\"async\" alt=\"AOC Monitors\" src=\"https:\/\/m.media-amazon.com\/images\/S\/aplus-media-library-service-media\/539b69cb-f030-4b9f-8204-bcd2c17d464e.__CR0,0,1000,1000_PT0_SX220_V1___.jpg\">  <\/p>\n<p>                                                    Puertos USB                                     <\/p>\n<p class=\"a-size-small\"> Los puertos USB integrados en los monitores de AOC dotan a tu escritorio de un funcionamiento pr\u00e1ctico y sencillo. Los puertos montados en los laterales se alcanzan con facilidad sin necesidad de mirarlos. \u00a1Olv\u00eddate de volver a perder el tiempo buscando un puerto libre en la parte de atr\u00e1s del ordenador. <\/p>\n<p class=\"apm-text-center\">\n                                                      <img decoding=\"async\" alt=\"AOC Monitors\" src=\"https:\/\/images-na.ssl-images-amazon.com\/images\/G\/01\/x-locale\/common\/grey-pixel.gif\" class=\"a-lazy-loaded\" data-src=\"https:\/\/m.media-amazon.com\/images\/S\/aplus-media-library-service-media\/8b5f717a-404e-4db1-889f-585a6ce1d3bc.__CR0,0,1000,1000_PT0_SX220_V1___.jpg\"><img decoding=\"async\" alt=\"AOC Monitors\" src=\"https:\/\/m.media-amazon.com\/images\/S\/aplus-media-library-service-media\/8b5f717a-404e-4db1-889f-585a6ce1d3bc.__CR0,0,1000,1000_PT0_SX220_V1___.jpg\">  <\/p>\n<p>                                                    GMENU                                     <\/p>\n<p class=\"a-size-small\"> AOC G-Menu es una aplicaci\u00f3n que puedes instalar en tu ordenador para personalizar tu producto y hacerlo m\u00e1s pr\u00e1ctico todav\u00eda. <\/p>\n<p class=\"apm-text-center\">\n<p> Product Dimensions                                            \u200f                                            :                                            \u200e                                            31.69 x 71.73 x 63.59 cm; 14.16 kg   <br \/> Manufacturer                                            \u200f                                            :                                            \u200e                                            AOC International   <br \/> ASIN                                            \u200f                                            :                                            \u200e                                            B0DH5C4LWL   <br \/> Item model number                                            \u200f                                            :                                            \u200e                                            AG326UDAM\/39   <br \/> Country of origin                                            \u200f                                            :                                            \u200e                                            China   <br \/> Guaranteed software updates until                                            \u200f                                            :                                            \u200e                                            unknown   <br \/>  Customer reviews:                                                                                            4.6               4.6 out of 5 stars                                  (4,490)                                              var dpAcrHasRegisteredArcLinkClickAction;                    P.when(&#8216;A&#8217;, &#8216;ready&#8217;).execute(function(A) {                        if (dpAcrHasRegisteredArcLinkClickAction !== true) {                            dpAcrHasRegisteredArcLinkClickAction = true;                            A.declarative(                                &#8216;acrLink-click-metrics&#8217;, &#8216;click&#8217;,                                { \u00aballowLinkDefault\u00bb: true },                                function (event) {                                    if (window.ue) {                                        ue.count(\u00abacrLinkClickCount\u00bb, (ue.count(\u00abacrLinkClickCount\u00bb) || 0) + 1);                                    }                                }                            );                        }                    });                                             P.when(&#8216;A&#8217;, &#8216;cf&#8217;).execute(function(A) {                A.declarative(&#8216;acrStarsLink-click-metrics&#8217;, &#8216;click&#8217;, { \u00aballowLinkDefault\u00bb : true },  function(event){                    if(window.ue) {                        ue.count(\u00abacrStarsLinkWithPopoverClickCount\u00bb, (ue.count(\u00abacrStarsLinkWithPopoverClickCount\u00bb) || 0) + 1);                    }                });            });                          <\/p>\n<p>Sync the screen refresh rate with the graphics card to prevent screen breakage and stutter.<br \/>AMD FreeSync Premium; Smooth, Smooth, Uncut Gaming<br \/>Built-in speakers provide audio output without the need for external speakers.<br \/>Reduces screen flicker to minimize eyestrain during prolonged use.<br \/>HDR400: High dynamic range for enhanced colors and contrast and a more vivid viewing experience.<\/p>\n\n","protected":false},"excerpt":{"rendered":"<p> From the manufacturer Tipo de panel QD &#8211; OLED VESA Certified DisplayHDR True Black 400<\/p>","protected":false},"featured_media":25631,"comment_status":"open","ping_status":"closed","template":"","meta":[],"product_brand":[],"product_cat":[54],"product_tag":[1299,1791,3745,3145,7560,5867,2263,1789,307,7561,1787,1788,1792,1784,1786,1783,1790,1922,617,204,1304,544,5533,169,584,844,884,6597,163,684,1785,133],"class_list":{"0":"post-25630","1":"product","2":"type-product","3":"status-publish","4":"has-post-thumbnail","6":"product_cat-curved-monitors","7":"product_tag-0-03ms","8":"product_tag-144hz-curved-monitor","9":"product_tag-165hz","10":"product_tag-3840x2160","11":"product_tag-ag326udam","12":"product_tag-agon","13":"product_tag-aoc","14":"product_tag-best-curved-monitor","15":"product_tag-black","16":"product_tag-build","17":"product_tag-curved-27-inch-monitor","18":"product_tag-curved-32-inch-monitor","19":"product_tag-curved-computer-monitor","20":"product_tag-curved-gaming-monitor","21":"product_tag-curved-led-monitor","22":"product_tag-curved-monitor","23":"product_tag-curved-monitor-price","24":"product_tag-freesync","25":"product_tag-gaming","26":"product_tag-grey","27":"product_tag-gsync","28":"product_tag-hdmi","29":"product_tag-hdr400","30":"product_tag-hub","31":"product_tag-inch","32":"product_tag-monitor","33":"product_tag-oled","34":"product_tag-prem","35":"product_tag-pro","36":"product_tag-uhd","37":"product_tag-ultrawide-curved-monitor","38":"product_tag-usb","40":"first","41":"instock","42":"shipping-taxable","43":"product-type-external"},"_links":{"self":[{"href":"https:\/\/comprasyconsejos.store\/en\/wp-json\/wp\/v2\/product\/25630","targetHints":{"allow":["GET"]}}],"collection":[{"href":"https:\/\/comprasyconsejos.store\/en\/wp-json\/wp\/v2\/product"}],"about":[{"href":"https:\/\/comprasyconsejos.store\/en\/wp-json\/wp\/v2\/types\/product"}],"replies":[{"embeddable":true,"href":"https:\/\/comprasyconsejos.store\/en\/wp-json\/wp\/v2\/comments?post=25630"}],"version-history":[{"count":0,"href":"https:\/\/comprasyconsejos.store\/en\/wp-json\/wp\/v2\/product\/25630\/revisions"}],"wp:featuredmedia":[{"embeddable":true,"href":"https:\/\/comprasyconsejos.store\/en\/wp-json\/wp\/v2\/media\/25631"}],"wp:attachment":[{"href":"https:\/\/comprasyconsejos.store\/en\/wp-json\/wp\/v2\/media?parent=25630"}],"wp:term":[{"taxonomy":"product_brand","embeddable":true,"href":"https:\/\/comprasyconsejos.store\/en\/wp-json\/wp\/v2\/product_brand?post=25630"},{"taxonomy":"product_cat","embeddable":true,"href":"https:\/\/comprasyconsejos.store\/en\/wp-json\/wp\/v2\/product_cat?post=25630"},{"taxonomy":"product_tag","embeddable":true,"href":"https:\/\/comprasyconsejos.store\/en\/wp-json\/wp\/v2\/product_tag?post=25630"}],"curies":[{"name":"wp","href":"https:\/\/api.w.org\/{rel}","templated":true}]}}