{"id":25649,"date":"2026-02-19T17:55:13","date_gmt":"2026-02-19T17:55:13","guid":{"rendered":"https:\/\/comprasyconsejos.store\/product\/acer-nitro-kg242yx1bmiipx-gaming-monitor-23-8-full-hd-200hz-1920x1080-169-250-nits-response-time-1m-s-vrb-2xhdmi-2-0-1xdp-1-2-monitor-pc-black\/"},"modified":"2026-02-19T17:55:21","modified_gmt":"2026-02-19T17:55:21","slug":"acer-nitro-kg242yx1bmiipx-gaming-monitor-23-8-full-hd-200hz-1920x1080-169-250-nits-response-time-1m-s-vrb-2xhdmi-2-0-1xdp-1-2-monitor-pc-black","status":"publish","type":"product","link":"https:\/\/comprasyconsejos.store\/en\/product\/acer-nitro-kg242yx1bmiipx-gaming-monitor-23-8-full-hd-200hz-1920x1080-169-250-nits-response-time-1m-s-vrb-2xhdmi-2-0-1xdp-1-2-monitor-pc-black\/","title":{"rendered":"Acer Nitro KG242YX1BMIIPX, Gaming Monitor 23.8&#8243; Full HD 200Hz (1920&#215;1080, 16:9, 250 Nits, Response Time 1m\/s (VRB), 2xHDMI 2.0\/1xDP 1.2), Monitor PC, Black"},"content":{"rendered":"<p>Price: <span style=\"color:#b12704\"><del>\u20ac129.90<\/del> - \u20ac79.90<\/span><br \/><i><small>(as of Feb 19, 2026 17:55:13 UTC &#8211; <span class=\"wp_automatic_amazon_disclaimer\" title=\"Product prices and availability are accurate as of the date\/time indicated and are subject to change. Any price and availability information displayed on [relevant Amazon Site(s), as applicable] at the time of purchase will apply to the purchase of this product.\">Details<\/span>)<\/small><\/i><\/p>\n<p><a href=\"https:\/\/amazon.es\/dp\/B0DM639J14?tag=man008-21\"><img decoding=\"async\" src=\"https:\/\/valvepress.s3.amazonaws.com\/imgs\/buy_now.png\"><\/a><br \/>\n<\/p>\n<p>                                             From the manufacturer   <\/p>\n<p>                                                                                                       <img decoding=\"async\" alt=\"aplus content image\" src=\"https:\/\/images-na.ssl-images-amazon.com\/images\/G\/01\/x-locale\/common\/grey-pixel.gif\" class=\"a-lazy-loaded\" data-src=\"https:\/\/m.media-amazon.com\/images\/S\/aplus-media-library-service-media\/9ec71575-3276-41aa-869b-a9b8e088e2b9.__CR0,0,1464,600_PT0_SX1464_V1___.jpg\"><img decoding=\"async\" alt=\"aplus content image\" src=\"https:\/\/m.media-amazon.com\/images\/S\/aplus-media-library-service-media\/9ec71575-3276-41aa-869b-a9b8e088e2b9.__CR0,0,1464,600_PT0_SX1464_V1___.jpg\">                                                                                    ACER NITRO KG242Y X1                                                                                       <\/p>\n<p>                                                                                                       <img decoding=\"async\" alt=\"aplus content image\" src=\"https:\/\/images-na.ssl-images-amazon.com\/images\/G\/01\/x-locale\/common\/grey-pixel.gif\" class=\"a-lazy-loaded\" data-src=\"https:\/\/m.media-amazon.com\/images\/S\/aplus-media-library-service-media\/e4b2c412-2dc5-40a9-87b7-7f2bb5341c8c.__CR0,0,1464,600_PT0_SX1464_V1___.png\"><img decoding=\"async\" alt=\"aplus content image\" src=\"https:\/\/m.media-amazon.com\/images\/S\/aplus-media-library-service-media\/e4b2c412-2dc5-40a9-87b7-7f2bb5341c8c.__CR0,0,1464,600_PT0_SX1464_V1___.png\">                                                                                    SINCRONIZACION EXCEPTIONAL                                        <\/p>\n<p class=\"aplus-p2 aplus-module-2-description\"> Acaba con las partidas a tirones y el molesto tearing visual con AMD FreeSync Premium. Disfruta de im\u00e1genes fluidas con gran respuesta al sincronizar la frecuencia de actualizaci\u00f3n del monitor con la velocidad de fotogramas del equipo. <\/p>\n<p>                                                                                                       <img decoding=\"async\" alt=\"Similar a la imagen 1: escena c\u00f3smica de ciencia ficci\u00f3n con figura de astronauta sobre fondo espacial con planetas y nebulosas coloridas.\" src=\"https:\/\/images-na.ssl-images-amazon.com\/images\/G\/01\/x-locale\/common\/grey-pixel.gif\" class=\"a-lazy-loaded\" data-src=\"https:\/\/m.media-amazon.com\/images\/S\/aplus-media-library-service-media\/4b9ac842-9986-4334-a27e-56e0f5b34988.__CR0,0,1464,600_PT0_SX1464_V1___.png\"><img decoding=\"async\" alt=\"Similar a la imagen 1: escena c\u00f3smica de ciencia ficci\u00f3n con figura de astronauta sobre fondo espacial con planetas y nebulosas coloridas.\" src=\"https:\/\/m.media-amazon.com\/images\/S\/aplus-media-library-service-media\/4b9ac842-9986-4334-a27e-56e0f5b34988.__CR0,0,1464,600_PT0_SX1464_V1___.png\">                                                                                    HDR ACTIVADO                                        <\/p>\n<p class=\"aplus-p2 aplus-module-2-description\"> Cambia la forma de ver tus juegos gracias a la compatibilidad con HDR 10. HDR mejorar\u00e1 la calidad general y el contraste para llevar tu experiencia de juego al siguiente nivel con una precisi\u00f3n de color mejorada. <\/p>\n<p>                                                                                                       <img decoding=\"async\" alt=\"aplus content image\" src=\"https:\/\/images-na.ssl-images-amazon.com\/images\/G\/01\/x-locale\/common\/grey-pixel.gif\" class=\"a-lazy-loaded\" data-src=\"https:\/\/m.media-amazon.com\/images\/S\/aplus-media-library-service-media\/3a38f412-db7a-4cc1-9ddf-e4e83d5f8dbe.__CR0,0,1464,600_PT0_SX1464_V1___.png\"><img decoding=\"async\" alt=\"aplus content image\" src=\"https:\/\/m.media-amazon.com\/images\/S\/aplus-media-library-service-media\/3a38f412-db7a-4cc1-9ddf-e4e83d5f8dbe.__CR0,0,1464,600_PT0_SX1464_V1___.png\">                                                                                    FOTOGRAMAS ACELERADOS                                        <\/p>\n<p class=\"aplus-p2 aplus-module-2-description\"> Disfruta de una experiencia de Gaming fluida y sin retrasos con la r\u00e1pida frecuencia de actualizaci\u00f3n de 165 Hz con overclocking. Incluso si la acci\u00f3n se vuelve fren\u00e9tica, la tecnolog\u00eda de respuesta de 0,5 ms garantiza im\u00e1genes claras y sin distorsiones. <\/p>\n<p>                                                                                                       <img decoding=\"async\" alt=\"aplus content image\" src=\"https:\/\/images-na.ssl-images-amazon.com\/images\/G\/01\/x-locale\/common\/grey-pixel.gif\" class=\"a-lazy-loaded\" data-src=\"https:\/\/m.media-amazon.com\/images\/S\/aplus-media-library-service-media\/6bd2761a-a526-4909-89b8-5e8888b1fced.__CR0,0,1464,600_PT0_SX1464_V1___.png\"><img decoding=\"async\" alt=\"aplus content image\" src=\"https:\/\/m.media-amazon.com\/images\/S\/aplus-media-library-service-media\/6bd2761a-a526-4909-89b8-5e8888b1fced.__CR0,0,1464,600_PT0_SX1464_V1___.png\">                                                                                    LA VISTA ES LO PRIMERO                                        <\/p>\n<p class=\"aplus-p2 aplus-module-2-description\"> Protege tu vista de esfuerzos innecesarios con las tecnolog\u00edas BlueLightShield y Flickerless de Acer. Disfruta de largas sesiones de Gaming con menos reflejos del monitor y fatiga ocular gracias a las tecnolog\u00edas ComfyView y Low Dimming de Acer. <\/p>\n<p>                                                                                                       <img decoding=\"async\" alt=\"aplus content image\" src=\"https:\/\/images-na.ssl-images-amazon.com\/images\/G\/01\/x-locale\/common\/grey-pixel.gif\" class=\"a-lazy-loaded\" data-src=\"https:\/\/m.media-amazon.com\/images\/S\/aplus-media-library-service-media\/8c93c6b4-5190-429e-be18-9deec7d19d32.__CR0,0,1464,600_PT0_SX1464_V1___.png\"><img decoding=\"async\" alt=\"aplus content image\" src=\"https:\/\/m.media-amazon.com\/images\/S\/aplus-media-library-service-media\/8c93c6b4-5190-429e-be18-9deec7d19d32.__CR0,0,1464,600_PT0_SX1464_V1___.png\">                                                                                    UN TOQUE ERGONOMICO                                        <\/p>\n<p class=\"aplus-p2 aplus-module-2-description\"> Inclina la pantalla para darle un descanso a tu mente y cuello. El dise\u00f1o ZeroFrame tambi\u00e9n ofrece mucho espacio en la pantalla. <\/p>\n<h3 class=\"a-text-center aplus-h1 a-text-bold\"> ACCESORIOS ACER <\/h3>\n<p>                         Add To Basket  <\/p>\n<p>                         Add To Basket  <\/p>\n<p>                         Add To Basket  <\/p>\n<p>                         Add To Basket  <\/p>\n<p>                                     Customer Reviews  <\/p>\n<p>                    4.2 out of 5 stars  153  <\/p>\n<p>                    4.2 out of 5 stars  84  <\/p>\n<p>                    4.2 out of 5 stars  162  <\/p>\n<p>                    4.2 out of 5 stars  56  <\/p>\n<p>                    3.3 out of 5 stars  9  <\/p>\n<p>                                     Price  <\/p>\n<p>                                                        \u20ac17.33\u20ac17.33     <\/p>\n<p>                                                        \u20ac22.70\u20ac22.70     <\/p>\n<p>                                                        \u20ac99.00\u20ac99.00     <\/p>\n<p>                                                        \u2014    <\/p>\n<p>                                                        \u20ac79.33\u20ac79.33     <\/p>\n<p>                                     Descripci\u00f3n  <\/p>\n<p>                                                Rat\u00f3n    <\/p>\n<p>                                                Auriculares con cable    <\/p>\n<p>                                                Silla Gaming    <\/p>\n<p>                                                Adaptador USB Tipo C    <\/p>\n<p>                                                Estaci\u00f3n de carga USB Tipo C    <\/p>\n<p>                                     Color  <\/p>\n<p>                                                Negro Y Rojo    <\/p>\n<p>                                                Negro Y Rojo    <\/p>\n<p>                                                Negro Y Azul    <\/p>\n<p>                                                Plata    <\/p>\n<p>                                                Negro \/ Plata    <\/p>\n<p>                                     Conexiones  <\/p>\n<p>                                                USB    <\/p>\n<p>                                                Jack de 3,5 mm    <\/p>\n<p>                                                    \u2014    <\/p>\n<p>                                                USB, HDMI, DP, LAN, Audio    <\/p>\n<p>                                                USB, HDMI, DP, LAN, Audio    <\/p>\n<p>                                     Compatible con Nitro  <\/p>\n<p>                                                    \u2714       <\/p>\n<p>                                                    \u2714       <\/p>\n<p>                                                    \u2718      <\/p>\n<p>                                                    \u2714       <\/p>\n<p>                                                    \u2714       <\/p>\n<p>                                     Material  <\/p>\n<p>                                                Pl\u00e1stico    <\/p>\n<p>                                                Pl\u00e1stico    <\/p>\n<p>                                                Tejido impermeable    <\/p>\n<p>                                                Metal    <\/p>\n<p>                                                Metal    <\/p>\n<p> Language                                            \u200f                                            :                                            \u200e                                            Spanish   <br \/> Product Dimensions                                            \u200f                                            :                                            \u200e                                            21.03 x 54.03 x 42.31 cm; 3.06 kg   <br \/> Manufacturer                                            \u200f                                            :                                            \u200e                                            Acer   <br \/> ASIN                                            \u200f                                            :                                            \u200e                                            B0DM639J14   <br \/> Item model number                                            \u200f                                            :                                            \u200e                                            KG242Y X1bmiipfx   <br \/> Country of origin                                            \u200f                                            :                                            \u200e                                            China   <br \/> Guaranteed software updates until                                            \u200f                                            :                                            \u200e                                            unknown   <br \/>  Customer reviews:                                                                                            4.4               4.4 out of 5 stars                                  (1,709)                                              var dpAcrHasRegisteredArcLinkClickAction;                    P.when(&#8216;A&#8217;, &#8216;ready&#8217;).execute(function(A) {                        if (dpAcrHasRegisteredArcLinkClickAction !== true) {                            dpAcrHasRegisteredArcLinkClickAction = true;                            A.declarative(                                &#8216;acrLink-click-metrics&#8217;, &#8216;click&#8217;,                                { \u00aballowLinkDefault\u00bb: true },                                function (event) {                                    if (window.ue) {                                        ue.count(\u00abacrLinkClickCount\u00bb, (ue.count(\u00abacrLinkClickCount\u00bb) || 0) + 1);                                    }                                }                            );                        }                    });                                             P.when(&#8216;A&#8217;, &#8216;cf&#8217;).execute(function(A) {                A.declarative(&#8216;acrStarsLink-click-metrics&#8217;, &#8216;click&#8217;, { \u00aballowLinkDefault\u00bb : true },  function(event){                    if(window.ue) {                        ue.count(\u00abacrStarsLinkWithPopoverClickCount\u00bb, (ue.count(\u00abacrStarsLinkWithPopoverClickCount\u00bb) || 0) + 1);                    }                });            });                          <\/p>\n<p>23.8&#8243; display, Full HD 200Hz, 250 Nits<br \/>Response Time 1 m\/s VRB<br \/>FreeSync Premium anti-fragmentation technology<br \/>Ergonomic stand with screen tilt<br \/>2xHDMI 2.0\/1xDP 1.2, Zeroframe<\/p>\n\n","protected":false},"excerpt":{"rendered":"<p> From the manufacturer ACER NITRO KG242Y X1 SINCRONIZACION EXCEPTIONAL Acaba con las partidas a tirones<\/p>","protected":false},"featured_media":25650,"comment_status":"open","ping_status":"closed","template":"","meta":[],"product_brand":[],"product_cat":[52,54],"product_tag":[1817,1822,704,1918,7566,3639,1819,1821,1816,1824,7565,558,1823,307,1825,560,617,1820,7564,844,1189,5884,1818,3863,3101,3754],"class_list":{"0":"post-25649","1":"product","2":"type-product","3":"status-publish","4":"has-post-thumbnail","6":"product_cat-2k-monitors","7":"product_cat-curved-monitors","8":"product_tag-1440p-monitor","9":"product_tag-144hz-2k-monitor","10":"product_tag-1920x1080","11":"product_tag-1ms","12":"product_tag-2-01xdp","13":"product_tag-200hz","14":"product_tag-27-inch-2k-monitor","15":"product_tag-2k-gaming-monitor","16":"product_tag-2k-monitor","17":"product_tag-2k-monitor-price","18":"product_tag-2xhdmi","19":"product_tag-acer","20":"product_tag-best-2k-monitor","21":"product_tag-black","22":"product_tag-curved-2k-monitor","23":"product_tag-full","24":"product_tag-gaming","25":"product_tag-ips-2k-monitor","26":"product_tag-kg242yx1bmiipx","27":"product_tag-monitor","28":"product_tag-nitro","29":"product_tag-nits","30":"product_tag-qhd-monitor","31":"product_tag-response","32":"product_tag-time","33":"product_tag-vrb","35":"first","36":"instock","37":"sale","38":"shipping-taxable","39":"product-type-external"},"_links":{"self":[{"href":"https:\/\/comprasyconsejos.store\/en\/wp-json\/wp\/v2\/product\/25649","targetHints":{"allow":["GET"]}}],"collection":[{"href":"https:\/\/comprasyconsejos.store\/en\/wp-json\/wp\/v2\/product"}],"about":[{"href":"https:\/\/comprasyconsejos.store\/en\/wp-json\/wp\/v2\/types\/product"}],"replies":[{"embeddable":true,"href":"https:\/\/comprasyconsejos.store\/en\/wp-json\/wp\/v2\/comments?post=25649"}],"version-history":[{"count":0,"href":"https:\/\/comprasyconsejos.store\/en\/wp-json\/wp\/v2\/product\/25649\/revisions"}],"wp:featuredmedia":[{"embeddable":true,"href":"https:\/\/comprasyconsejos.store\/en\/wp-json\/wp\/v2\/media\/25650"}],"wp:attachment":[{"href":"https:\/\/comprasyconsejos.store\/en\/wp-json\/wp\/v2\/media?parent=25649"}],"wp:term":[{"taxonomy":"product_brand","embeddable":true,"href":"https:\/\/comprasyconsejos.store\/en\/wp-json\/wp\/v2\/product_brand?post=25649"},{"taxonomy":"product_cat","embeddable":true,"href":"https:\/\/comprasyconsejos.store\/en\/wp-json\/wp\/v2\/product_cat?post=25649"},{"taxonomy":"product_tag","embeddable":true,"href":"https:\/\/comprasyconsejos.store\/en\/wp-json\/wp\/v2\/product_tag?post=25649"}],"curies":[{"name":"wp","href":"https:\/\/api.w.org\/{rel}","templated":true}]}}