{"id":25667,"date":"2026-02-19T18:08:26","date_gmt":"2026-02-19T18:08:26","guid":{"rendered":"https:\/\/comprasyconsejos.store\/product\/surfola-sports-camera-4k-60fps-24mp-wifi-sf530-aquatic-40m-underwater-dual-screen-camcorder-with-microphone-and-2-batteries\/"},"modified":"2026-02-19T18:08:30","modified_gmt":"2026-02-19T18:08:30","slug":"surfola-sports-camera-4k-60fps-24mp-wifi-sf530-aquatic-40m-underwater-dual-screen-camcorder-with-microphone-and-2-batteries","status":"publish","type":"product","link":"https:\/\/comprasyconsejos.store\/en\/product\/surfola-sports-camera-4k-60fps-24mp-wifi-sf530-aquatic-40m-underwater-dual-screen-camcorder-with-microphone-and-2-batteries\/","title":{"rendered":"Surfola Sports Camera 4K 60FPS 24MP WiFi, SF530 Aquatic 40M Underwater, Dual Screen Camcorder with Microphone and 2 Batteries"},"content":{"rendered":"<p>Price: <span style=\"color:#b12704\"><del>\u20ac59.59<\/del> - \u20ac52.28<\/span><br \/><i><small>(as of Feb 19, 2026 18:08:27 UTC &#8211; <span class=\"wp_automatic_amazon_disclaimer\" title=\"Product prices and availability are accurate as of the date\/time indicated and are subject to change. Any price and availability information displayed on [relevant Amazon Site(s), as applicable] at the time of purchase will apply to the purchase of this product.\">Details<\/span>)<\/small><\/i><\/p>\n<p><a href=\"https:\/\/amazon.es\/dp\/B09L813SFC?tag=man008-21\"><img decoding=\"async\" src=\"https:\/\/valvepress.s3.amazonaws.com\/imgs\/buy_now.png\"><\/a><br \/>\n<\/p>\n<p>                                             Product Description   <\/p>\n<h3 class=\"a-spacing-mini\"> Descripci\u00f3n del producto <\/h3>\n<p>                                          <img decoding=\"async\" alt=\"El texto dice \u00abSURFOLA SP90\u00bb. Imagen de producto de c\u00e1mara de acci\u00f3n con iconos de interfaz y escena de snowboard, que muestra caracter\u00edsticas de resistencia al agua.\" src=\"https:\/\/images-na.ssl-images-amazon.com\/images\/G\/01\/x-locale\/common\/grey-pixel.gif\" class=\"a-spacing-base a-lazy-loaded\" data-src=\"https:\/\/m.media-amazon.com\/images\/S\/aplus-media-library-service-media\/bbc4e87b-287b-4463-acba-b18dd220e05f.__CR0,0,1617,1000_PT0_SX970_V1___.png\"><img decoding=\"async\" alt=\"El texto dice \u00abSURFOLA SP90\u00bb. Imagen de producto de c\u00e1mara de acci\u00f3n con iconos de interfaz y escena de snowboard, que muestra caracter\u00edsticas de resistencia al agua.\" src=\"https:\/\/m.media-amazon.com\/images\/S\/aplus-media-library-service-media\/bbc4e87b-287b-4463-acba-b18dd220e05f.__CR0,0,1617,1000_PT0_SX970_V1___.png\">                                         <\/p>\n<h3 class=\"a-spacing-mini\"> Especificaci\u00f3n <\/h3>\n<p class=\"a-spacing-base\"> \u25baResoluci\u00f3n de v\u00eddeo: 4K (60FPS)\/4K (30FPS)\/2,7K (60FPS)\/2,7K (30FPS) <\/p>\n<p class=\"a-spacing-base\"> 1080P (120FPS)\/1080P (60FPS)\/1080P (30FPS) <\/p>\n<p class=\"a-spacing-base\"> 720P (240FPS)\/720P (120FPS)\/720P (60FPS) <\/p>\n<p class=\"a-spacing-base\"> \u25baResoluci\u00f3n de imagen: 24MP\/20MP\/16MP\/14MP\/10MP\/8MP\/5MP\/2MP <\/p>\n<p class=\"a-spacing-base\"> \u25baProfundidad impermeable: 40M\/131.2FT <\/p>\n<p class=\"a-spacing-base\"> \u25baDimensiones: 60 x 43 x 27 mm <\/p>\n<p class=\"a-spacing-base\"> \u25baPeso: 64 g\/2,24 oz (con bater\u00eda) <\/p>\n<p class=\"a-spacing-base\"> \u25baTama\u00f1o de la pantalla: 2,0 pulgadas <\/p>\n<p class=\"a-spacing-base\"> \u25baFormato de v\u00eddeo\/foto: MOV\/JPEG <\/p>\n<p class=\"a-spacing-base\"> \u25baAPP: iSmart DV2 (compatible con Android\/iOS) <\/p>\n<p class=\"a-spacing-base\"> \u25baStorage: Utiliza tarjeta SD U3 o superior con capacidad de almacenamiento entre 8GB y 128GB (no incluida) <\/p>\n<p class=\"a-spacing-base\"> \u25baTiempo de grabaci\u00f3n continua: 60 minutos con bater\u00eda de 1050mAh <\/p>\n<p class=\"a-spacing-base\"> \u25baBater\u00eda: bater\u00eda extra\u00edble de iones de litio de 3,7v y 1050mAh <\/p>\n<p class=\"a-spacing-base\"> \u25baLente: lente ajustable ancha\/media\/estrecha <\/p>\n<p>                                                                             <img decoding=\"async\" alt=\"un hombre montando una bicicleta en el aire.\" src=\"https:\/\/images-na.ssl-images-amazon.com\/images\/G\/01\/x-locale\/common\/grey-pixel.gif\" class=\"a-spacing-base a-lazy-loaded\" data-src=\"https:\/\/m.media-amazon.com\/images\/S\/aplus-media-library-service-media\/016059d5-4a70-4229-a6b3-a2cc139a352a.__CR0,0,1940,1200_PT0_SX970_V1___.jpg\"><img decoding=\"async\" alt=\"un hombre montando una bicicleta en el aire.\" src=\"https:\/\/m.media-amazon.com\/images\/S\/aplus-media-library-service-media\/016059d5-4a70-4229-a6b3-a2cc139a352a.__CR0,0,1940,1200_PT0_SX970_V1___.jpg\">                                         <\/p>\n<h3 class=\"a-spacing-mini\"> Por qu\u00e9 elegir la c\u00e1mara deportiva SF530? <\/h3>\n<p class=\"a-spacing-base\"> \u25baFunci\u00f3n antivibraci\u00f3n EIS <\/p>\n<p class=\"a-spacing-base\"> La SF530 cuenta con la funci\u00f3n antivibraci\u00f3n EIS para corregir el efecto de las sacudidas en la imagen, y EIS puede funcionar en grabaciones 4K\/60fps. <\/p>\n<p class=\"a-spacing-base\"> \u25baC\u00e1mara de buceo de hasta 40 metros <\/p>\n<p class=\"a-spacing-base\"> Con la funda protectora, puedes sumergirte hasta 40 metros de profundidad y explorar el fascinante mundo submarino. <\/p>\n<p class=\"a-spacing-base\"> \u25baCompacta y pr\u00e1ctica <\/p>\n<p class=\"a-spacing-base\"> La c\u00e1mara deportiva SF530 es peque\u00f1a, ligera, ponible, montable, port\u00e1til y tambi\u00e9n se puede utilizar como c\u00e1mara de v\u00eddeo resistente al agua, se puede montar en cualquier cosa como cascos, bicicletas, motos, drones, tablas de surf, coches, partes del cuerpo e incluso mascotas, ideal para capturar aventuras deportivas de forma c\u00f3moda y sencilla. <\/p>\n<p class=\"a-spacing-base\"> \u25baM\u00faltiples modos de disparo <\/p>\n<p class=\"a-spacing-base\"> La c\u00e1mara deportiva tiene m\u00faltiples modos de disparo para una amplia gama de aplicaciones: c\u00e1mara lenta, c\u00e1mara r\u00e1pida, v\u00eddeo en bucle, v\u00eddeo time-lapse, temporizador. <\/p>\n<p>                                                                             <img decoding=\"async\" alt=\"aplus content image\" src=\"https:\/\/images-na.ssl-images-amazon.com\/images\/G\/01\/x-locale\/common\/grey-pixel.gif\" class=\"a-spacing-base a-lazy-loaded\" data-src=\"https:\/\/m.media-amazon.com\/images\/S\/aplus-media-library-service-media\/ee1ed0bb-ae31-4cc8-8103-096c2c048001.__CR0,0,1617,1000_PT0_SX970_V1___.png\"><img decoding=\"async\" alt=\"aplus content image\" src=\"https:\/\/m.media-amazon.com\/images\/S\/aplus-media-library-service-media\/ee1ed0bb-ae31-4cc8-8103-096c2c048001.__CR0,0,1617,1000_PT0_SX970_V1___.png\">                                         <\/p>\n<h3 class=\"a-spacing-mini\"> Incluido en la caja: <\/h3>\n<p class=\"a-spacing-base\"> \u25baC\u00e1mara deportiva x 1 \u25baCargador x 1 \u25baBater\u00eda (1050mAh) x 2 \u25baCable USB x 1 \u25baMicr\u00f3fono x 1\u25baSD card x 1 \u25baFunda impermeable x 1 \u25baMando a distancia x 1 \u25baPuerta protectora x 1 \u25baMarco negro x 1 \u25baAlmohadilla de goma plana X2 \u25baBicycle Soporte X1 \u25baJ-Soporte de gancho X1 \u25baLong Tornillo de mariposa X1 \u25baShort Tornillo de mariposa X1 \u25baExpansion Soporte X1 \u25ba360\u00b0 Tornillo giratorio X1 \u25baSafety Correa X1 Gu\u00eda del usuario \u25baWIFI \u25baManual de instrucciones <\/p>\n<p class=\"a-spacing-base\"> Consejos de uso. <\/p>\n<p class=\"a-spacing-base\"> \u25baSF530 recomienda utilizar una tarjeta SD U3 o superior con una capacidad de almacenamiento de entre 8 GB y 128 GB. Por favor, formatea la tarjeta SD antes de usarla. <\/p>\n<p class=\"a-spacing-base\"> \u25baSF530 c\u00e1mara deportiva se puede conectar a iSmart DV2 a trav\u00e9s de WiFi para controlar la c\u00e1mara y descargar v\u00eddeos \/ fotos, la aplicaci\u00f3n se puede descargar en Android y iOS. <\/p>\n<p class=\"a-spacing-base\"> \u25baHay dos m\u00e9todos de carga para la c\u00e1mara deportiva SF530, puede utilizar la base de bater\u00edas para cargar ambas bater\u00edas, o puede cargar la c\u00e1mara directamente con las bater\u00edas instaladas. Por favor, utilice cualificado 5V 1A \/ 5V 2A adaptador de corriente para la carga. <\/p>\n<p class=\"a-spacing-base\"> \u25baSF530 c\u00e1mara deportiva tiene pantallas delantera y trasera, mantenga pulsado el bot\u00f3n \u00ababajo\u00bb para cambiar las pantallas. <\/p>\n<p class=\"a-spacing-base\"> \u25baVideo, imagen y calidad de sonido ser\u00e1 mejor cuando se juega en los tel\u00e9fonos m\u00f3viles u ordenadores. <\/p>\n<p class=\"apm-text-center\">\n                                                      <img decoding=\"async\" alt=\"gopro\" src=\"https:\/\/images-na.ssl-images-amazon.com\/images\/G\/01\/x-locale\/common\/grey-pixel.gif\" class=\"a-spacing-mini a-lazy-loaded\" data-src=\"https:\/\/m.media-amazon.com\/images\/S\/aplus-media-library-service-media\/98d4660e-6e4d-4994-804b-54f533762479.__CR0,0,600,600_PT0_SX300_V1___.jpg\"><img decoding=\"async\" alt=\"gopro\" src=\"https:\/\/m.media-amazon.com\/images\/S\/aplus-media-library-service-media\/98d4660e-6e4d-4994-804b-54f533762479.__CR0,0,600,600_PT0_SX300_V1___.jpg\">  <\/p>\n<p>                                                    \u25baResoluci\u00f3n HD 4k\/60fps                                       <\/p>\n<p> La c\u00e1mara deportiva SF530 incorpora un sensor Sony IMX386 y el chip iCatch V35 para ofrecer im\u00e1genes de v\u00eddeo m\u00e1s fluidas y estables en la grabaci\u00f3n de deportes. <\/p>\n<p class=\"apm-text-center\">\n                                                      <img decoding=\"async\" alt=\"con mando a distancia y base de carga independientes. El texto la describe como una c\u00e1mara deportiva de doble pantalla\" src=\"https:\/\/images-na.ssl-images-amazon.com\/images\/G\/01\/x-locale\/common\/grey-pixel.gif\" class=\"a-spacing-mini a-lazy-loaded\" data-src=\"https:\/\/m.media-amazon.com\/images\/S\/aplus-media-library-service-media\/0cb35a39-ffce-4c94-8875-e4c98abfedbb.__CR0,0,600,600_PT0_SX300_V1___.jpg\"><img decoding=\"async\" alt=\"con mando a distancia y base de carga independientes. El texto la describe como una c\u00e1mara deportiva de doble pantalla\" src=\"https:\/\/m.media-amazon.com\/images\/S\/aplus-media-library-service-media\/0cb35a39-ffce-4c94-8875-e4c98abfedbb.__CR0,0,600,600_PT0_SX300_V1___.jpg\">  <\/p>\n<p>                                                    \u25baC\u00e1mara deportiva de doble pantalla                                       <\/p>\n<p> Dise\u00f1o de doble pantalla, libre de cambiar, toque la pantalla trasera para operar m\u00e1s conveniente, la pantalla frontal puede satisfacer las necesidades diarias de selfie. <\/p>\n<p class=\"apm-text-center\">\n                                                      <img decoding=\"async\" alt=\"anunciada como resistente al agua hasta 40 m de profundidad, se muestra con un surfista surfeando\" src=\"https:\/\/images-na.ssl-images-amazon.com\/images\/G\/01\/x-locale\/common\/grey-pixel.gif\" class=\"a-spacing-mini a-lazy-loaded\" data-src=\"https:\/\/m.media-amazon.com\/images\/S\/aplus-media-library-service-media\/28e9a9f0-db34-406d-8965-cfd804470fba.__CR0,0,600,600_PT0_SX300_V1___.jpg\"><img decoding=\"async\" alt=\"anunciada como resistente al agua hasta 40 m de profundidad, se muestra con un surfista surfeando\" src=\"https:\/\/m.media-amazon.com\/images\/S\/aplus-media-library-service-media\/28e9a9f0-db34-406d-8965-cfd804470fba.__CR0,0,600,600_PT0_SX300_V1___.jpg\">  <\/p>\n<p>                                                    \u25baResistente al agua hasta 40 metros                                       <\/p>\n<p> La carcasa estanca protege esta c\u00e1mara deportiva para su uso bajo el agua hasta 40 metros. Perfecta para deportes acu\u00e1ticos como la nataci\u00f3n, el surf, la vela y el buceo. <\/p>\n<p>                                                                             <img decoding=\"async\" alt=\"gopro\" src=\"https:\/\/images-na.ssl-images-amazon.com\/images\/G\/01\/x-locale\/common\/grey-pixel.gif\" class=\"a-spacing-base a-lazy-loaded\" data-src=\"https:\/\/m.media-amazon.com\/images\/S\/aplus-media-library-service-media\/d3ea5cff-394d-43ad-9db2-03d65a6095b2.__CR0,0,1940,1200_PT0_SX970_V1___.jpg\"><img decoding=\"async\" alt=\"gopro\" src=\"https:\/\/m.media-amazon.com\/images\/S\/aplus-media-library-service-media\/d3ea5cff-394d-43ad-9db2-03d65a6095b2.__CR0,0,1940,1200_PT0_SX970_V1___.jpg\">                                         <\/p>\n<h3 class=\"a-spacing-mini\"> FAQ: <\/h3>\n<p class=\"a-spacing-base\"> Q: Se ha insertado la tarjeta de memoria, pero el sistema sigue indicando \u00abPor favor, inserte la tarjeta SD\u00bb u otros errores. <\/p>\n<p class=\"a-spacing-base\"> A: Primero compruebe si la tarjeta de memoria est\u00e1 formateada en la c\u00e1mara. Le recomendamos que inserte la tarjeta en la c\u00e1mara y la formatee a trav\u00e9s de la c\u00e1mara. Formatear la tarjeta de memoria a trav\u00e9s de un ordenador personal u otros m\u00e9todos puede hacer que la c\u00e1mara no reconozca la tarjeta. Si el problema sigue sin resolverse, la tarjeta de memoria puede estar da\u00f1ada. Le recomendamos que utilice una tarjeta de memoria con formato U3 para garantizar que la c\u00e1mara deportiva pueda leer la tarjeta de memoria correctamente. <\/p>\n<p class=\"a-spacing-base\"> Q: No puedo conectarme a la red WiFi m\u00f3vil <\/p>\n<p class=\"a-spacing-base\"> A: Descarga la app &#8216;iSmart DV2&#8217; \u25baToca el bot\u00f3n WIFI (bot\u00f3n superior en la parte derecha del dispositivo) \u25baConecta tu m\u00f3vil al WIFI de la c\u00e1mara de acci\u00f3n \u25baEntra en la app &#8216;iSmart DV2\u00bb y permite todos los permisos que aparecen al usar la app iSmart DV2 en tu m\u00f3vil. (Localizaci\u00f3n, Foto, Audio) <\/p>\n<p class=\"a-spacing-base\"> Q: \u00bfPor qu\u00e9 no funciona el mando a distancia la primera vez que lo uso? <\/p>\n<p class=\"a-spacing-base\"> A: Cuando utilice el mando a distancia por primera vez, pulse el bot\u00f3n de foto y el bot\u00f3n de v\u00eddeo al mismo tiempo para activar el mando a distancia. <\/p>\n<p class=\"a-spacing-base\"> Q: \u00bfD\u00f3nde puedo comprar m\u00e1s pilas SF530? <\/p>\n<p class=\"a-spacing-base\"> A: Puede buscar este c\u00f3digo de producto en Amazon: \u00abB09JCBQ3ND \u00ab. <\/p>\n<p>                         Add To Basket  <\/p>\n<p>                         Add To Basket  <\/p>\n<p>                         Add To Basket  <\/p>\n<p>                             Customer Reviews  <\/p>\n<p>                    4.2 out of 5 stars  2,093  <\/p>\n<p>                    4.1 out of 5 stars  178  <\/p>\n<p>                    4.2 out of 5 stars  1,098  <\/p>\n<p>                    4.1 out of 5 stars  115  <\/p>\n<p>                             Price  <\/p>\n<p>                                    \u20ac44.99\u20ac44.99<br \/>\n                                            \u2014 no data<br \/>\n                                                       \u20ac52.28\u20ac52.28                  \u20ac72.86\u20ac72.86              <\/p>\n<p>                             Resolution<br \/>\n                                4K\/30FPS               5K\/30FPS               4K\/60FPS               4K\/60FPS              <\/p>\n<p>                             Pixel<br \/>\n                                20MP               24MP               24MP               24MP              <\/p>\n<p>                             Underwater Camera<br \/>\n                                131FT               131FT               131FT               131FT              <\/p>\n<p>                             Battery<br \/>\n                                1050 mAh*2               1350mAh*2 y Cargador                1050mAh*2 y Cargador               1350mAh*2 y Cargador               <\/p>\n<p>                             Remote Control  <\/p>\n<p>                                              \u2713<\/p>\n<p>                                              \u2713<\/p>\n<p>                                              \u2713<\/p>\n<p>                                              \u2713<\/p>\n<p>                             External Microphone  <\/p>\n<p>                                              \u2713<\/p>\n<p>                                              \u2713<\/p>\n<p>                                              \u2713<\/p>\n<p>                                              \u2713<\/p>\n<p>                             EIS  <\/p>\n<p>                                              \u2713<\/p>\n<p>                                              \u2713<\/p>\n<p>                                              \u2713<\/p>\n<p>                                              \u2713<\/p>\n<p>                             Touch Screen<br \/>\n                                  no data<\/p>\n<p>                                              \u2713<\/p>\n<p>                                              \u2713<br \/>\n                                                          no data<\/p>\n<p>                             App<br \/>\n                                IBK CAM               SupCam Pro               iSmart DV 2               iSmart DV 2              <\/p>\n<p> Batteries                                            \u200f                                            :                                            \u200e                                            2 A batteries required. (included)   <br \/> Is discontinued by manufacturer                                            \u200f                                            :                                            \u200e                                            No   <br \/> Language                                            \u200f                                            :                                            \u200e                                            English, Portuguese, Spanish   <br \/> Product Dimensions                                            \u200f                                            :                                            \u200e                                            6 x 4.2 x 3 cm; 40 g   <br \/> Date First Available                                            \u200f                                            :                                            \u200e                                            27 Dec. 2021   <br \/> Manufacturer                                            \u200f                                            :                                            \u200e                                            Surfola   <br \/> ASIN                                            \u200f                                            :                                            \u200e                                            B09L813SFC   <br \/> Item model number                                            \u200f                                            :                                            \u200e                                            SF530   <br \/> Country of origin                                            \u200f                                            :                                            \u200e                                            China   <br \/> Guaranteed software updates until                                            \u200f                                            :                                            \u200e                                            unknown   <br \/>       Best Sellers Rank:  6,992 in Electronics (See Top 100 in Electronics)    90 in Action Cameras      <br \/>  Customer reviews:                                                                                            4.2               4.2 out of 5 stars                                  (1,098)                                              var dpAcrHasRegisteredArcLinkClickAction;                    P.when(&#8216;A&#8217;, &#8216;ready&#8217;).execute(function(A) {                        if (dpAcrHasRegisteredArcLinkClickAction !== true) {                            dpAcrHasRegisteredArcLinkClickAction = true;                            A.declarative(                                &#8216;acrLink-click-metrics&#8217;, &#8216;click&#8217;,                                { \u00aballowLinkDefault\u00bb: true },                                function (event) {                                    if (window.ue) {                                        ue.count(\u00abacrLinkClickCount\u00bb, (ue.count(\u00abacrLinkClickCount\u00bb) || 0) + 1);                                    }                                }                            );                        }                    });                                             P.when(&#8216;A&#8217;, &#8216;cf&#8217;).execute(function(A) {                A.declarative(&#8216;acrStarsLink-click-metrics&#8217;, &#8216;click&#8217;, { \u00aballowLinkDefault\u00bb : true },  function(event){                    if(window.ue) {                        ue.count(\u00abacrStarsLinkWithPopoverClickCount\u00bb, (ue.count(\u00abacrStarsLinkWithPopoverClickCount\u00bb) || 0) + 1);                    }                });            });                          <\/p>\n<p>\u30104K Video at 60 FPS &#038; 24 MP Photos\u3011Surfola SF530 sports camera offers up to 4K video resolution at 60 frames per second. In addition, its photo resolution can reach up to 24MP. It is important to note that under extreme conditions such as intense light, darkness or rapid movement, slight blurring or noise may appear in the images. For the best video quality, we recommend using the camera in optimal lighting conditions and stability.<br \/>\u3010Dual Color Screens\u3011The water sports camera comes with advanced dual-color screen design, you can switch between front and rear screen. The vivid front screen is designed for your selfie needs and the 2-inch rear touch screen makes it easy to operate. This design makes it a camera closer to life than simply a sports camera.<br \/>\u301040M Underwater Camera &#038; Diving Mode\u3011 The waterproof case protects this GoPro camera for underwater use up to 40 meters. Ideal for water sports such as swimming, surfing, sailing and diving, etc. Color corrected immersion mode significantly reduces blue or green wavelengths, making your video look more vivid and natural.<br \/>\u3010Dual Microphones &#038; Wi-Fi Connection\u3011The SF530 features a wired microphone and a built-in microphone for you to choose freely, making recording easier. However, please note that sound quality may be affected in noisy or strong wind environments. Connect to Wi-Fi network and use the \u00abiSmart DV 2\u00bb app to watch the SF530 recording in real time and share your best moments with your friends anytime, anywhere.<br \/>\u3010Upgraded Accessories &#038; Multiple Uses\u3011 The Surfola SF530 go pro camera uses materials that are more robust, reliable and easier to handle to make accessories. These accessories have a more ergonomic design and can effectively reduce the pain in the fingers when installing accessories. At the same time, SF530 action camera can also be used as driving recorder or PC camera for video calls.<\/p>\n\n","protected":false},"excerpt":{"rendered":"<p> Product Description Descripci\u00f3n del producto Especificaci\u00f3n \u25baResoluci\u00f3n de v\u00eddeo: 4K (60FPS)\/4K (30FPS)\/2,7K (60FPS)\/2,7K (30FPS) 1080P<\/p>","protected":false},"featured_media":25668,"comment_status":"open","ping_status":"closed","template":"","meta":[],"product_brand":[],"product_cat":[96],"product_tag":[5391,5551,5392,1858,3972,1254,3495,681,1859,1861,1854,1855,298,1071,1856,1863,1860,842,7573,3969,7572,1862,7574,1857,543],"class_list":{"0":"post-25667","1":"product","2":"type-product","3":"status-publish","4":"has-post-thumbnail","6":"product_cat-photo-video","7":"product_tag-24mp","8":"product_tag-40m","9":"product_tag-60fps","10":"product_tag-action-cameras","11":"product_tag-aquatic","12":"product_tag-batteries","13":"product_tag-camcorder","14":"product_tag-camera","15":"product_tag-camera-accessories","16":"product_tag-camera-lenses","17":"product_tag-digital-cameras","18":"product_tag-dslr-cameras","19":"product_tag-dual","20":"product_tag-microphone","21":"product_tag-mirrorless-cameras","22":"product_tag-photo-equipment","23":"product_tag-professional-camera","24":"product_tag-screen","25":"product_tag-sf530","26":"product_tag-sports","27":"product_tag-surfola","28":"product_tag-tripods","29":"product_tag-underwater","30":"product_tag-video-cameras","31":"product_tag-wifi","33":"first","34":"instock","35":"sale","36":"shipping-taxable","37":"product-type-external"},"_links":{"self":[{"href":"https:\/\/comprasyconsejos.store\/en\/wp-json\/wp\/v2\/product\/25667","targetHints":{"allow":["GET"]}}],"collection":[{"href":"https:\/\/comprasyconsejos.store\/en\/wp-json\/wp\/v2\/product"}],"about":[{"href":"https:\/\/comprasyconsejos.store\/en\/wp-json\/wp\/v2\/types\/product"}],"replies":[{"embeddable":true,"href":"https:\/\/comprasyconsejos.store\/en\/wp-json\/wp\/v2\/comments?post=25667"}],"version-history":[{"count":0,"href":"https:\/\/comprasyconsejos.store\/en\/wp-json\/wp\/v2\/product\/25667\/revisions"}],"wp:featuredmedia":[{"embeddable":true,"href":"https:\/\/comprasyconsejos.store\/en\/wp-json\/wp\/v2\/media\/25668"}],"wp:attachment":[{"href":"https:\/\/comprasyconsejos.store\/en\/wp-json\/wp\/v2\/media?parent=25667"}],"wp:term":[{"taxonomy":"product_brand","embeddable":true,"href":"https:\/\/comprasyconsejos.store\/en\/wp-json\/wp\/v2\/product_brand?post=25667"},{"taxonomy":"product_cat","embeddable":true,"href":"https:\/\/comprasyconsejos.store\/en\/wp-json\/wp\/v2\/product_cat?post=25667"},{"taxonomy":"product_tag","embeddable":true,"href":"https:\/\/comprasyconsejos.store\/en\/wp-json\/wp\/v2\/product_tag?post=25667"}],"curies":[{"name":"wp","href":"https:\/\/api.w.org\/{rel}","templated":true}]}}