{"id":25673,"date":"2026-02-19T18:10:19","date_gmt":"2026-02-19T18:10:19","guid":{"rendered":"https:\/\/comprasyconsejos.store\/product\/bontec-dual-monitor-stand-for-13-27-inch-led-lcd-monitor-support-2-monitors-maximum-weight-10-kg-of-each-arm-360-swivel-and-180-rotation-adjustable-height-vesa-75-100-mm-black\/"},"modified":"2026-02-19T18:10:24","modified_gmt":"2026-02-19T18:10:24","slug":"bontec-dual-monitor-stand-for-13-27-inch-led-lcd-monitor-support-2-monitors-maximum-weight-10-kg-of-each-arm-360-swivel-and-180-rotation-adjustable-height-vesa-75-100-mm-black","status":"publish","type":"product","link":"https:\/\/comprasyconsejos.store\/en\/product\/bontec-dual-monitor-stand-for-13-27-inch-led-lcd-monitor-support-2-monitors-maximum-weight-10-kg-of-each-arm-360-swivel-and-180-rotation-adjustable-height-vesa-75-100-mm-black\/","title":{"rendered":"BONTEC Dual Monitor Stand for 13-27 Inch LED\/LCD Monitor, Support 2 Monitors Maximum Weight 10 kg of Each Arm, 360\u00b0 Swivel and 180\u00b0 Rotation, Adjustable Height, VESA 75\/100 mm, Black"},"content":{"rendered":"<p>Price: <span style=\"color:#b12704\">\u20ac28.99<\/span><br \/><i><small>(as of Feb 19, 2026 18:10:20 UTC &#8211; <span class=\"wp_automatic_amazon_disclaimer\" title=\"Product prices and availability are accurate as of the date\/time indicated and are subject to change. Any price and availability information displayed on [relevant Amazon Site(s), as applicable] at the time of purchase will apply to the purchase of this product.\">Details<\/span>)<\/small><\/i><\/p>\n<p><a href=\"https:\/\/amazon.es\/dp\/B01MR397OH?tag=man008-21\"><img decoding=\"async\" src=\"https:\/\/valvepress.s3.amazonaws.com\/imgs\/buy_now.png\"><\/a><br \/>\n<\/p>\n<p>                                             Product Description   <\/p>\n<p>                                                                     Obtenga la posici\u00f3n perfecta del monitor, libere espacio en el escritorio.                                            <img decoding=\"async\" alt=\"un hombre sentado en un escritorio frente al monitor de una computadora.\" src=\"https:\/\/images-na.ssl-images-amazon.com\/images\/G\/01\/x-locale\/common\/grey-pixel.gif\" class=\"a-lazy-loaded\" data-src=\"https:\/\/m.media-amazon.com\/images\/S\/aplus-media-library-service-media\/cc4042c3-3ec9-4ca0-ae25-ebce17e48e76.__CR0,0,1464,600_PT0_SX1464_V1___.jpg\"><img decoding=\"async\" alt=\"un hombre sentado en un escritorio frente al monitor de una computadora.\" src=\"https:\/\/m.media-amazon.com\/images\/S\/aplus-media-library-service-media\/cc4042c3-3ec9-4ca0-ae25-ebce17e48e76.__CR0,0,1464,600_PT0_SX1464_V1___.jpg\">                                         <\/p>\n<p class=\"aplus-description aplus-container-3 aplus-p1\"> BONTEC soporte monitor doble es perfecto para pantallas de 13&#8243;-27&#8243; con una capacidad de carga m\u00e1xima de 10 kg para cada brazo. Adecuado para todos los monitores de pantalla plana y TVs con VESA de 75\/100 mm. Tiene funciones de inclinaci\u00f3n, giro y ajuste de altura para un ajuste \u00f3ptimo del \u00e1ngulo. <\/p>\n<p>                                                                                              <img decoding=\"async\" alt=\"la mejor manera de instalar una bisagra en la pared es instalar una bisagra en la pared.\" src=\"https:\/\/images-na.ssl-images-amazon.com\/images\/G\/01\/x-locale\/common\/grey-pixel.gif\" class=\"a-lazy-loaded\" data-src=\"https:\/\/m.media-amazon.com\/images\/S\/aplus-media-library-service-media\/ce2176dc-34b8-4164-bdd8-c95f14fb5514.__CR0,0,300,225_PT0_SX300_V1___.jpg\"><img decoding=\"async\" alt=\"la mejor manera de instalar una bisagra en la pared es instalar una bisagra en la pared.\" src=\"https:\/\/m.media-amazon.com\/images\/S\/aplus-media-library-service-media\/ce2176dc-34b8-4164-bdd8-c95f14fb5514.__CR0,0,300,225_PT0_SX300_V1___.jpg\">                                            Altura Ajustable                                         <\/p>\n<p class=\"aplus-p3\"> Ajuste f\u00e1cilmente la altura de los monitores para trabajar en una posici\u00f3n ergon\u00f3mica. La altura del monitor tiene un rango ajustable de hasta 430 mm. <\/p>\n<p>                                           <img decoding=\"async\" alt=\"el diagrama muestra la rotaci\u00f3n de la c\u00e1mara.\" src=\"https:\/\/images-na.ssl-images-amazon.com\/images\/G\/01\/x-locale\/common\/grey-pixel.gif\" class=\"a-lazy-loaded\" data-src=\"https:\/\/m.media-amazon.com\/images\/S\/aplus-media-library-service-media\/51097b15-3c9b-4e44-9537-febdd84b0a45.__CR0,0,300,225_PT0_SX300_V1___.jpg\"><img decoding=\"async\" alt=\"el diagrama muestra la rotaci\u00f3n de la c\u00e1mara.\" src=\"https:\/\/m.media-amazon.com\/images\/S\/aplus-media-library-service-media\/51097b15-3c9b-4e44-9537-febdd84b0a45.__CR0,0,300,225_PT0_SX300_V1___.jpg\">                                            Ajuste del \u00c1ngulo de Visi\u00f3n                                         <\/p>\n<p class=\"aplus-p3\"> Fluid tilt angle adjustment 90 degrees up or down for each VESA bracket, which means each screen is entirely customisable. <\/p>\n<p>                                           <img decoding=\"async\" alt=\"un gran tama\u00f1o de montaje en pared montaje montaje montaje montaje montaje montaje montaje montaje montaje montaje montaje montaje montaje montaje montaje montaje montaje montaje montaje\" src=\"https:\/\/images-na.ssl-images-amazon.com\/images\/G\/01\/x-locale\/common\/grey-pixel.gif\" class=\"a-lazy-loaded\" data-src=\"https:\/\/m.media-amazon.com\/images\/S\/aplus-media-library-service-media\/25d60a3a-9642-4781-b56b-d48a21668371.__CR0,0,300,225_PT0_SX300_V1___.jpg\"><img decoding=\"async\" alt=\"un gran tama\u00f1o de montaje en pared montaje montaje montaje montaje montaje montaje montaje montaje montaje montaje montaje montaje montaje montaje montaje montaje montaje montaje montaje\" src=\"https:\/\/m.media-amazon.com\/images\/S\/aplus-media-library-service-media\/25d60a3a-9642-4781-b56b-d48a21668371.__CR0,0,300,225_PT0_SX300_V1___.jpg\">                                            Rotaci\u00f3n de 360 Grados                                         <\/p>\n<p class=\"aplus-p3\"> Cada soporte de monitor se puede girar 360 grados de forma independiente entre los modos vertical y horizontal. <\/p>\n<p>                                           <img decoding=\"async\" alt=\"el marco est\u00e1 dise\u00f1ado para montarse en una pared o pared.\" src=\"https:\/\/images-na.ssl-images-amazon.com\/images\/G\/01\/x-locale\/common\/grey-pixel.gif\" class=\"a-lazy-loaded\" data-src=\"https:\/\/m.media-amazon.com\/images\/S\/aplus-media-library-service-media\/e32c59d7-a545-4ec9-81fb-a684de3288cb.__CR0,0,300,225_PT0_SX300_V1___.jpg\"><img decoding=\"async\" alt=\"el marco est\u00e1 dise\u00f1ado para montarse en una pared o pared.\" src=\"https:\/\/m.media-amazon.com\/images\/S\/aplus-media-library-service-media\/e32c59d7-a545-4ec9-81fb-a684de3288cb.__CR0,0,300,225_PT0_SX300_V1___.jpg\">                                            Montaje Totalmente Articulado                                         <\/p>\n<p class=\"aplus-p3\"> El soporte tiene seis juntas superiores con articulaci\u00f3n de 180\u00b0, se puede apretar para que los brazos sean tan fluidos o estacionarios como se desee. <\/p>\n<p>                                                                     Configuraciones de M\u00faltiples Pantallas                                            <img decoding=\"async\" alt=\"una pantalla montada en la pared con varios paneles de varios paneles de diferentes tama\u00f1os.\" src=\"https:\/\/images-na.ssl-images-amazon.com\/images\/G\/01\/x-locale\/common\/grey-pixel.gif\" class=\"a-lazy-loaded\" data-src=\"https:\/\/m.media-amazon.com\/images\/S\/aplus-media-library-service-media\/3502ddc1-93cc-4499-a667-f5e4e82e5e96.__CR0,0,1464,600_PT0_SX1464_V1___.jpg\"><img decoding=\"async\" alt=\"una pantalla montada en la pared con varios paneles de varios paneles de diferentes tama\u00f1os.\" src=\"https:\/\/m.media-amazon.com\/images\/S\/aplus-media-library-service-media\/3502ddc1-93cc-4499-a667-f5e4e82e5e96.__CR0,0,1464,600_PT0_SX1464_V1___.jpg\">                                         <\/p>\n<p class=\"aplus-description aplus-container-3 aplus-p1\"> La configuraci\u00f3n de doble brazo le permite trabajar simult\u00e1neamente en dos pantallas, mejorando su productividad. Cada soporte monitor doble brazo puede girarse independientemente entre los modos vertical y horizontal para sus necesidades espec\u00edficas. <\/p>\n<p>                                                                     Sistema de gesti\u00f3n de cables y almacenamiento de llaves Allen                                            <img decoding=\"async\" alt=\"los mejores soportes de escritorio de metal ajustables\" src=\"https:\/\/images-na.ssl-images-amazon.com\/images\/G\/01\/x-locale\/common\/grey-pixel.gif\" class=\"a-lazy-loaded\" data-src=\"https:\/\/m.media-amazon.com\/images\/S\/aplus-media-library-service-media\/e6df10e6-131e-49ef-91fd-90e12f3c043d.__CR0,0,1464,600_PT0_SX1464_V1___.jpg\"><img decoding=\"async\" alt=\"los mejores soportes de escritorio de metal ajustables\" src=\"https:\/\/m.media-amazon.com\/images\/S\/aplus-media-library-service-media\/e6df10e6-131e-49ef-91fd-90e12f3c043d.__CR0,0,1464,600_PT0_SX1464_V1___.jpg\">                                         <\/p>\n<p class=\"aplus-description aplus-container-3 aplus-p1\"> Ranura de Almacenamiento para Llaves Allen <\/p>\n<p class=\"aplus-description aplus-container-3 aplus-p1\"> Sistema de Gesti\u00f3n de Cables <\/p>\n<p class=\"aplus-description aplus-container-3 aplus-p1\"> VESA Desmontable <\/p>\n<p>                                                                                                       <img decoding=\"async\" alt=\"los mejores soportes de metal para estantes para tu cocina\" src=\"https:\/\/images-na.ssl-images-amazon.com\/images\/G\/01\/x-locale\/common\/grey-pixel.gif\" class=\"a-lazy-loaded\" data-src=\"https:\/\/m.media-amazon.com\/images\/S\/aplus-media-library-service-media\/0b296199-ff74-4765-89d0-5029eef36db2.__CR0,0,1464,600_PT0_SX1464_V1___.jpg\"><img decoding=\"async\" alt=\"los mejores soportes de metal para estantes para tu cocina\" src=\"https:\/\/m.media-amazon.com\/images\/S\/aplus-media-library-service-media\/0b296199-ff74-4765-89d0-5029eef36db2.__CR0,0,1464,600_PT0_SX1464_V1___.jpg\">                                               <\/p>\n<p>                                                                     2 Formas de Instalaciones                                            <img decoding=\"async\" alt=\"la mejor manera de instalar un estante\" src=\"https:\/\/images-na.ssl-images-amazon.com\/images\/G\/01\/x-locale\/common\/grey-pixel.gif\" class=\"a-lazy-loaded\" data-src=\"https:\/\/m.media-amazon.com\/images\/S\/aplus-media-library-service-media\/0d0ff71f-888f-4b0a-bf0b-5e0124eb9b6a.__CR0,0,1464,600_PT0_SX1464_V1___.jpg\"><img decoding=\"async\" alt=\"la mejor manera de instalar un estante\" src=\"https:\/\/m.media-amazon.com\/images\/S\/aplus-media-library-service-media\/0d0ff71f-888f-4b0a-bf0b-5e0124eb9b6a.__CR0,0,1464,600_PT0_SX1464_V1___.jpg\">                                         <\/p>\n<p class=\"aplus-description aplus-container-3 aplus-p1\">\n<p>Montaje de Base con Ojal      <\/p>\n<p class=\"aplus-description aplus-container-3 aplus-p1\"> La base de ojales funciona para escritorios con un grosor de 10-100 mm. <\/p>\n<p class=\"aplus-description aplus-container-3 aplus-p1\">\n<p>Montaje de Abrazadera &#8216;C&#8217;      <\/p>\n<p class=\"aplus-description aplus-container-3 aplus-p1\"> Sin necesidad de un orificio de montaje. La abrazadera &#8216;C&#8217; ultra fuerte ofrece una estabilidad suprema, manteniendo sus pantallas fijas de manera firme y segura en su lugar. <\/p>\n<h3 class=\"a-text-center aplus-h1 a-text-bold\"> Comparaci\u00f3n de Detalles del Producto <\/h3>\n<p>                         Add To Basket  <\/p>\n<p>                         Add To Basket  <\/p>\n<p>                         Add To Basket  <\/p>\n<p>                         Add To Basket  <\/p>\n<p>                         Add To Basket  <\/p>\n<p>                         Add To Basket  <\/p>\n<p>                                     Customer Reviews  <\/p>\n<p>                    4.6 out of 5 stars  37,394  <\/p>\n<p>                    4.6 out of 5 stars  10,947  <\/p>\n<p>                    4.6 out of 5 stars  10,947  <\/p>\n<p>                    4.7 out of 5 stars  6,641  <\/p>\n<p>                    4.6 out of 5 stars  37,394  <\/p>\n<p>                    4.6 out of 5 stars  10,392  <\/p>\n<p>                    4.4 out of 5 stars  1,522  <\/p>\n<p>                                     Price  <\/p>\n<p>                                                        \u20ac28.99\u20ac28.99     <\/p>\n<p>                                                        \u20ac25.99\u20ac25.99     <\/p>\n<p>                                                        \u20ac26.99\u20ac26.99     <\/p>\n<p>                                                        \u20ac39.99\u20ac39.99     <\/p>\n<p>                                                        \u20ac29.99\u20ac29.99     <\/p>\n<p>                                                        \u20ac22.99\u20ac22.99     <\/p>\n<p>                                                        \u2014    <\/p>\n<p>                                     Placa  <\/p>\n<p>                                                2    <\/p>\n<p>                                                2    <\/p>\n<p>                                                2    <\/p>\n<p>                                                1    <\/p>\n<p>                                                2    <\/p>\n<p>                                                1    <\/p>\n<p>                                                1    <\/p>\n<p>                                     Tama\u00f1o de pantalla sugerido  <\/p>\n<p>                                                Max 27&#8243; por placa    <\/p>\n<p>                                                Max 27&#8243; por placa    <\/p>\n<p>                                                Max 32&#8243; por placa    <\/p>\n<p>                                                Max 27&#8243; por placa    <\/p>\n<p>                                                Max 27&#8243; por placa    <\/p>\n<p>                                                Max 32&#8243; por placa    <\/p>\n<p>                                                Max 32&#8243; por placa    <\/p>\n<p>                                     Capacidad de la placa  <\/p>\n<p>                                                Max 10kgs por plato    <\/p>\n<p>                                                Max 8kgs por plato    <\/p>\n<p>                                                Max 10kgs por plato    <\/p>\n<p>                                                Max 10kgs por plato    <\/p>\n<p>                                                Max 10kgs por plato    <\/p>\n<p>                                                Max 10kgs por plato    <\/p>\n<p>                                                Max 8kgs por plato    <\/p>\n<p>                                     Altura ajustable  <\/p>\n<p>                                                    \u2714       <\/p>\n<p>                                                    \u2714       <\/p>\n<p>                                                    \u2714       <\/p>\n<p>                                                    \u2714       <\/p>\n<p>                                                    \u2714       <\/p>\n<p>                                                    \u2714       <\/p>\n<p>                                                    \u2714       <\/p>\n<p>                                     Inclinaci\u00f3n (arriba\/abajo)  <\/p>\n<p>                                                \u00b190\u00b0     <\/p>\n<p>                                                \u00b190\u00b0     <\/p>\n<p>                                                \u00b190\u00b0     <\/p>\n<p>                                                \u00b190\u00b0     <\/p>\n<p>                                                \u00b190\u00b0     <\/p>\n<p>                                                \u00b190\u00b0     <\/p>\n<p>                                                \u00b190\u00b0     <\/p>\n<p>                                     Giratorio (izquierda\/ derecha)  <\/p>\n<p>                                                \u00b190\u00b0     <\/p>\n<p>                                                \u00b190\u00b0     <\/p>\n<p>                                                \u00b190\u00b0     <\/p>\n<p>                                                \u00b190\u00b0     <\/p>\n<p>                                                \u00b190\u00b0     <\/p>\n<p>                                                \u00b190\u00b0     <\/p>\n<p>                                                \u00b190\u00b0     <\/p>\n<p>                                     Girar  <\/p>\n<p>                                                360\u00b0     <\/p>\n<p>                                                360\u00b0     <\/p>\n<p>                                                360\u00b0     <\/p>\n<p>                                                360\u00b0     <\/p>\n<p>                                                360\u00b0     <\/p>\n<p>                                                360\u00b0     <\/p>\n<p>                                                360\u00b0     <\/p>\n<p>                                     Agujeros VESA  <\/p>\n<p>                                                75&#215;75\/100x100mm    <\/p>\n<p>                                                75&#215;75\/100x100mm    <\/p>\n<p>                                                75&#215;75\/100x100mm    <\/p>\n<p>                                                75&#215;75\/100x100mm    <\/p>\n<p>                                                75&#215;75\/100x100mm    <\/p>\n<p>                                                75&#215;75\/100x100mm    <\/p>\n<p>                                                75&#215;75\/100x100mm    <\/p>\n<p>                                     Tipo de montaje  <\/p>\n<p>                                                Abrazadera en C\/ Base de ojal    <\/p>\n<p>                                                Abrazadera en C\/ Base de ojal    <\/p>\n<p>                                                Abrazadera en C\/ Base de ojal    <\/p>\n<p>                                                Abrazadera en C\/ Base de ojal    <\/p>\n<p>                                                Abrazadera en C\/ Base de ojal    <\/p>\n<p>                                                Abrazadera en C\/ Base de ojal    <\/p>\n<p>                                                Abrazadera en C\/ Base de ojal    <\/p>\n<p> Is discontinued by manufacturer                                            \u200f                                            :                                            \u200e                                            No   <br \/> Product Dimensions                                            \u200f                                            :                                            \u200e                                            86 x 86 x 43 cm; 93.24 g   <br \/> Manufacturer                                            \u200f                                            :                                            \u200e                                            BONTEC   <br \/> ASIN                                            \u200f                                            :                                            \u200e                                            B01MR397OH   <br \/> Item model number                                            \u200f                                            :                                            \u200e                                            MDM 002   <br \/> Country\/Region of Origin                                            \u200f                                            :                                            \u200e                                            China   <br \/> Guaranteed software updates until                                            \u200f                                            :                                            \u200e                                            unknown   <br \/>  Customer reviews:                                                                                            4.6               4.6 out of 5 stars                                  (37,394)                                              var dpAcrHasRegisteredArcLinkClickAction;                    P.when(&#8216;A&#8217;, &#8216;ready&#8217;).execute(function(A) {                        if (dpAcrHasRegisteredArcLinkClickAction !== true) {                            dpAcrHasRegisteredArcLinkClickAction = true;                            A.declarative(                                &#8216;acrLink-click-metrics&#8217;, &#8216;click&#8217;,                                { \u00aballowLinkDefault\u00bb: true },                                function (event) {                                    if (window.ue) {                                        ue.count(\u00abacrLinkClickCount\u00bb, (ue.count(\u00abacrLinkClickCount\u00bb) || 0) + 1);                                    }                                }                            );                        }                    });                                             P.when(&#8216;A&#8217;, &#8216;cf&#8217;).execute(function(A) {                A.declarative(&#8216;acrStarsLink-click-metrics&#8217;, &#8216;click&#8217;, { \u00aballowLinkDefault\u00bb : true },  function(event){                    if(window.ue) {                        ue.count(\u00abacrStarsLinkWithPopoverClickCount\u00bb, (ue.count(\u00abacrStarsLinkWithPopoverClickCount\u00bb) || 0) + 1);                    }                });            });                          <\/p>\n<p>Sturdy Steel Dual Monitor Stand: Mount two monitors side by side to free up desk space. For two 13&#8243;-27&#8243; TVs or monitors with a maximum load capacity of 10kg per arm.<br \/>Universal Monitor Mount: Fits all flat and curved monitors with VESA sizes of 75x75mm or 100x100mm (make sure your monitor is compatible with this PC monitor stand by referring to the instructions or the distance between the 4 holes on the back of the screen); VESA panels quickly turn on and off for a Easy installation.<br \/>Excellent Flexibility: The dual monitor stand with +90\u00b0 \/ -90\u00b0 tilt, 180\u00b0 swivel and 360\u00b0 swivel for excellent flexibility; Maximum arm extension length of 430mm, height adjustable for optimal viewing angle; Our dual arm PC monitor stand is ideal for multitasking, designers, programmers and gamers.<br \/>2 Mounting Options: Our dual monitor arm with 2 mounting options. 1) Table Clamp: the sturdy \u00abC\u00bb shaped clamp (suitable for desks between 10mm and 100mm) provides maximum stability, keeps the screen firm and secure in place; 2) Floor mount for desks with through hole (hole diameter supports minimum 10mm-100mm); Table top supports desk thicknesses of 10mm to 85mm<br \/>Cable Management System: The dual monitor stand with hidden wiring keeps your desk tidy and clean; Storage compartment for Allen keys. Comes with the manual, all fixings and accessories needed for easy installation.<\/p>\n\n","protected":false},"excerpt":{"rendered":"<p> Product Description Obtenga la posici\u00f3n perfecta del monitor, libere espacio en el escritorio. BONTEC soporte<\/p>","protected":false},"featured_media":25674,"comment_status":"open","ping_status":"closed","template":"","meta":[],"product_brand":[],"product_cat":[61],"product_tag":[876,5973,307,4761,1880,298,1881,1875,1883,1569,1884,584,5972,849,844,848,1878,1876,3070,227,1098,4763,2342,1879,1882,4687,1877],"class_list":{"0":"post-25673","1":"product","2":"type-product","3":"status-publish","4":"has-post-thumbnail","6":"product_cat-games-entertainment","7":"product_tag-adjustable","8":"product_tag-arm","9":"product_tag-black","10":"product_tag-bontec","11":"product_tag-console-games","12":"product_tag-dual","13":"product_tag-gaming-accessories","14":"product_tag-gaming-consoles","15":"product_tag-gaming-controllers","16":"product_tag-height","17":"product_tag-home-gaming-system","18":"product_tag-inch","19":"product_tag-ledlcd","20":"product_tag-maximum","21":"product_tag-monitor","22":"product_tag-monitors","23":"product_tag-nintendo-console","24":"product_tag-playstation-console","25":"product_tag-rotation","26":"product_tag-stand","27":"product_tag-support","28":"product_tag-swivel","29":"product_tag-vesa","30":"product_tag-video-games","31":"product_tag-vr-headset","32":"product_tag-weight","33":"product_tag-xbox-console","35":"first","36":"instock","37":"shipping-taxable","38":"product-type-external"},"_links":{"self":[{"href":"https:\/\/comprasyconsejos.store\/en\/wp-json\/wp\/v2\/product\/25673","targetHints":{"allow":["GET"]}}],"collection":[{"href":"https:\/\/comprasyconsejos.store\/en\/wp-json\/wp\/v2\/product"}],"about":[{"href":"https:\/\/comprasyconsejos.store\/en\/wp-json\/wp\/v2\/types\/product"}],"replies":[{"embeddable":true,"href":"https:\/\/comprasyconsejos.store\/en\/wp-json\/wp\/v2\/comments?post=25673"}],"version-history":[{"count":0,"href":"https:\/\/comprasyconsejos.store\/en\/wp-json\/wp\/v2\/product\/25673\/revisions"}],"wp:featuredmedia":[{"embeddable":true,"href":"https:\/\/comprasyconsejos.store\/en\/wp-json\/wp\/v2\/media\/25674"}],"wp:attachment":[{"href":"https:\/\/comprasyconsejos.store\/en\/wp-json\/wp\/v2\/media?parent=25673"}],"wp:term":[{"taxonomy":"product_brand","embeddable":true,"href":"https:\/\/comprasyconsejos.store\/en\/wp-json\/wp\/v2\/product_brand?post=25673"},{"taxonomy":"product_cat","embeddable":true,"href":"https:\/\/comprasyconsejos.store\/en\/wp-json\/wp\/v2\/product_cat?post=25673"},{"taxonomy":"product_tag","embeddable":true,"href":"https:\/\/comprasyconsejos.store\/en\/wp-json\/wp\/v2\/product_tag?post=25673"}],"curies":[{"name":"wp","href":"https:\/\/api.w.org\/{rel}","templated":true}]}}