{"id":25690,"date":"2026-02-19T18:33:25","date_gmt":"2026-02-19T18:33:25","guid":{"rendered":"https:\/\/comprasyconsejos.store\/product\/lexar-ares-512gb-ssd-m-2-2280-pcie-gen4x4-1-4-internal-nvme-ssd-up-to-7200mb-s-read-speed-internal-solid-drive-for-ps5-pc-laptop-gamers-creators-and-professionals\/"},"modified":"2026-02-19T18:33:28","modified_gmt":"2026-02-19T18:33:28","slug":"lexar-ares-512gb-ssd-m-2-2280-pcie-gen4x4-1-4-internal-nvme-ssd-up-to-7200mb-s-read-speed-internal-solid-drive-for-ps5-pc-laptop-gamers-creators-and-professionals","status":"publish","type":"product","link":"https:\/\/comprasyconsejos.store\/en\/product\/lexar-ares-512gb-ssd-m-2-2280-pcie-gen4x4-1-4-internal-nvme-ssd-up-to-7200mb-s-read-speed-internal-solid-drive-for-ps5-pc-laptop-gamers-creators-and-professionals\/","title":{"rendered":"Lexar Ares 512GB SSD, M.2 2280 PCIe Gen4x4 1.4 Internal NVMe SSD, Up to 7,200MB\/s Read Speed, Internal Solid Drive for PS5, PC, Laptop, Gamers, Creators and Professionals"},"content":{"rendered":"<p>Price: <span style=\"color:#b12704\"><del>\u20ac119.99<\/del> - \u20ac99.99<\/span><br \/><i><small>(as of Feb 19, 2026 18:33:25 UTC &#8211; <span class=\"wp_automatic_amazon_disclaimer\" title=\"Product prices and availability are accurate as of the date\/time indicated and are subject to change. Any price and availability information displayed on [relevant Amazon Site(s), as applicable] at the time of purchase will apply to the purchase of this product.\">Details<\/span>)<\/small><\/i><\/p>\n<p><a href=\"https:\/\/amazon.es\/dp\/B0GFVHHYLY?tag=man008-21\"><img decoding=\"async\" src=\"https:\/\/valvepress.s3.amazonaws.com\/imgs\/buy_now.png\"><\/a><br \/>\n<\/p>\n<p>                                             Product Description   <\/p>\n<p>                                                                                                       <img decoding=\"async\" alt=\"aplus content image\" src=\"https:\/\/images-na.ssl-images-amazon.com\/images\/G\/01\/x-locale\/common\/grey-pixel.gif\" class=\"a-lazy-loaded\" data-src=\"https:\/\/m.media-amazon.com\/images\/S\/aplus-media-library-service-media\/9a77cf3c-5c0d-4fe7-91ec-6288492afd90.__CR0,0,1464,600_PT0_SX1464_V1___.jpg\"><img decoding=\"async\" alt=\"aplus content image\" src=\"https:\/\/m.media-amazon.com\/images\/S\/aplus-media-library-service-media\/9a77cf3c-5c0d-4fe7-91ec-6288492afd90.__CR0,0,1464,600_PT0_SX1464_V1___.jpg\">                                               <\/p>\n<p>                                                                                                       <img decoding=\"async\" alt=\"aplus content image\" src=\"https:\/\/images-na.ssl-images-amazon.com\/images\/G\/01\/x-locale\/common\/grey-pixel.gif\" class=\"a-lazy-loaded\" data-src=\"https:\/\/m.media-amazon.com\/images\/S\/aplus-media-library-service-media\/d2ed3aec-d9bc-46b6-b9b5-4b6b93793174.__CR0,0,1464,600_PT0_SX1464_V1___.jpg\"><img decoding=\"async\" alt=\"aplus content image\" src=\"https:\/\/m.media-amazon.com\/images\/S\/aplus-media-library-service-media\/d2ed3aec-d9bc-46b6-b9b5-4b6b93793174.__CR0,0,1464,600_PT0_SX1464_V1___.jpg\">                                               <\/p>\n<p>                                                                                                       <img decoding=\"async\" alt=\"aplus content image\" src=\"https:\/\/images-na.ssl-images-amazon.com\/images\/G\/01\/x-locale\/common\/grey-pixel.gif\" class=\"a-lazy-loaded\" data-src=\"https:\/\/m.media-amazon.com\/images\/S\/aplus-media-library-service-media\/2424cbb1-5361-4418-8560-77dfc644a6c4.__CR0,0,1464,600_PT0_SX1464_V1___.jpg\"><img decoding=\"async\" alt=\"aplus content image\" src=\"https:\/\/m.media-amazon.com\/images\/S\/aplus-media-library-service-media\/2424cbb1-5361-4418-8560-77dfc644a6c4.__CR0,0,1464,600_PT0_SX1464_V1___.jpg\">                                               <\/p>\n<p>                                                                                                       <img decoding=\"async\" alt=\"aplus content image\" src=\"https:\/\/images-na.ssl-images-amazon.com\/images\/G\/01\/x-locale\/common\/grey-pixel.gif\" class=\"a-lazy-loaded\" data-src=\"https:\/\/m.media-amazon.com\/images\/S\/aplus-media-library-service-media\/4eb5391a-03e9-4427-a2d3-5543bc79fd50.__CR0,0,1464,600_PT0_SX1464_V1___.jpg\"><img decoding=\"async\" alt=\"aplus content image\" src=\"https:\/\/m.media-amazon.com\/images\/S\/aplus-media-library-service-media\/4eb5391a-03e9-4427-a2d3-5543bc79fd50.__CR0,0,1464,600_PT0_SX1464_V1___.jpg\">                                               <\/p>\n<p>                                                                                  <img decoding=\"async\" alt=\"Imagen dividida que muestra el proceso de instalaci\u00f3n de la cubierta protectora negra sobre el equipo de la colmena en condiciones clim\u00e1ticas fr\u00edas.\" src=\"https:\/\/m.media-amazon.com\/images\/S\/aplus-media-library-service-media\/7b2f7e7f-2da9-4772-9cc4-f80635e50976.__CR0,0,1464,600_PT0_SX1464_V1___.jpg\">       <\/p>\n<p>                                                                                  <img decoding=\"async\" alt=\"aplus content image\" src=\"https:\/\/m.media-amazon.com\/images\/S\/aplus-media-library-service-media\/0ee0d382-9c49-40b2-9f5f-cf79ed001da1.__CR0,0,1464,600_PT0_SX1464_V1___.jpg\">       <\/p>\n<p>                                                                                                       <img decoding=\"async\" alt=\"aplus content image\" src=\"https:\/\/images-na.ssl-images-amazon.com\/images\/G\/01\/x-locale\/common\/grey-pixel.gif\" class=\"a-lazy-loaded\" data-src=\"https:\/\/m.media-amazon.com\/images\/S\/aplus-media-library-service-media\/82d93c16-db8d-459c-a332-37ecc06d2bcf.__CR0,0,1464,600_PT0_SX1464_V1___.jpg\"><img decoding=\"async\" alt=\"aplus content image\" src=\"https:\/\/m.media-amazon.com\/images\/S\/aplus-media-library-service-media\/82d93c16-db8d-459c-a332-37ecc06d2bcf.__CR0,0,1464,600_PT0_SX1464_V1___.jpg\">                                               <\/p>\n<h3 class=\"a-text-center aplus-h1 a-text-bold\"> Lexar SSD Product Series <\/h3>\n<p>                         Add To Basket  <\/p>\n<p>                         Add To Basket  <\/p>\n<p>                         Add To Basket  <\/p>\n<p>                         Add To Basket  <\/p>\n<p>                         Add To Basket  <\/p>\n<p>                         Add To Basket  <\/p>\n<p>                                     Customer Reviews  <\/p>\n<p>                    4.7 out of 5 stars  158  <\/p>\n<p>                    4.7 out of 5 stars  1,759  <\/p>\n<p>                    4.8 out of 5 stars  1,268  <\/p>\n<p>                    4.8 out of 5 stars  1,268  <\/p>\n<p>                    4.7 out of 5 stars  1,759  <\/p>\n<p>                    4.7 out of 5 stars  158  <\/p>\n<p>                    4.8 out of 5 stars  195  <\/p>\n<p>                                     Capacidad  <\/p>\n<p>                                                4TB, 2TB, 1TB, 512GB    <\/p>\n<p>                                                8TB,4TB, 2TB, 1TB    <\/p>\n<p>                                                4TB, 2TB, 1TB    <\/p>\n<p>                                                4TB, 2TB, 1TB,     <\/p>\n<p>                                                4TB, 2TB, 1TB    <\/p>\n<p>                                                4TB, 2TB, 1TB    <\/p>\n<p>                                                4TB, 2TB, 1TB    <\/p>\n<p>                                     Factor de Forma  <\/p>\n<p>                                                M.2 2280    <\/p>\n<p>                                                M.2 2280    <\/p>\n<p>                                                M.2 2280    <\/p>\n<p>                                                M.2 2280    <\/p>\n<p>                                                M.2 2280    <\/p>\n<p>                                                M.2 2280    <\/p>\n<p>                                                M.2 2280    <\/p>\n<p>                                     Interfaz  <\/p>\n<p>                                                PCIe Gen4x4    <\/p>\n<p>                                                PCIe Gen4x4    <\/p>\n<p>                                                PCIe Gen4x4    <\/p>\n<p>                                                PCIe Gen4x4    <\/p>\n<p>                                                PCIe Gen4x4    <\/p>\n<p>                                                PCIe Gen5x4    <\/p>\n<p>                                                PCIe Gen5x4    <\/p>\n<p>                                     Velocidad de Lectura  <\/p>\n<p>                                                Hasta 7200 MB\/s    <\/p>\n<p>                                                Hasta 7400 MB\/s    <\/p>\n<p>                                                Hasta 7000 MB\/s    <\/p>\n<p>                                                Hasta 7000 MB\/s    <\/p>\n<p>                                                Hasta 7400 MB\/s    <\/p>\n<p>                                                Hasta 14000 MB\/s    <\/p>\n<p>                                                Hasta 14000 MB\/s    <\/p>\n<p>                                     Velocidad de Escritura  <\/p>\n<p>                                                Hasta 4400 MB\/s    <\/p>\n<p>                                                Hasta 6500 MB\/s    <\/p>\n<p>                                                Hasta 5000 MB\/s    <\/p>\n<p>                                                Hasta 5000 MB\/s    <\/p>\n<p>                                                Hasta 6500 MB\/s    <\/p>\n<p>                                                Hasta 10000 MB\/s    <\/p>\n<p>                                                Hasta 7500 MB\/s    <\/p>\n<p>                                     Compatibilidad con PS5  <\/p>\n<p>                                                    \u2714       <\/p>\n<p>                                                    \u2714       <\/p>\n<p>                                                    \u2714       <\/p>\n<p>                                                    \u2714       <\/p>\n<p>                                                    \u2714       <\/p>\n<p>                                                    \u2714       <\/p>\n<p>                                                    \u2714       <\/p>\n<p>                                     Heatsink  <\/p>\n<p>                                                    \u2714       <\/p>\n<p>                                                    \u2718      <\/p>\n<p>                                                    \u2718      <\/p>\n<p>                                                    \u2714       <\/p>\n<p>                                                    \u2714       <\/p>\n<p>                                                    \u2718      <\/p>\n<p>                                                    \u2718      <\/p>\n<p>                                     Solicitud  <\/p>\n<p>                                                Edici\u00f3n de juegos y v\u00eddeos    <\/p>\n<p>                                                Edici\u00f3n de juegos y v\u00eddeos    <\/p>\n<p>                                                Edici\u00f3n de juegos y v\u00eddeos    <\/p>\n<p>                                                Edici\u00f3n v\u00eddeo de PS5 y juegos    <\/p>\n<p>                                                Edici\u00f3n v\u00eddeo de PS5 y juegos    <\/p>\n<p>                                                Juegos, edici\u00f3n de v\u00eddeo e IA    <\/p>\n<p>                                                Juegos, edici\u00f3n de v\u00eddeo e IA    <\/p>\n<p> Package Dimensions                                            \u200f                                            :                                            \u200e                                            14 x 10.6 x 1.6 cm; 20 g   <br \/> Manufacturer                                            \u200f                                            :                                            \u200e                                            Lexar Co.,LTD   <br \/> ASIN                                            \u200f                                            :                                            \u200e                                            B0GFVHHYLY   <br \/> Item model number                                            \u200f                                            :                                            \u200e                                            B0GFVHHYLY   <br \/> Country of origin                                            \u200f                                            :                                            \u200e                                            China   <br \/> Guaranteed software updates until                                            \u200f                                            :                                            \u200e                                            unknown   <br \/>  Customer reviews:                                                                                            4.7               4.7 out of 5 stars                                  (158)                                              var dpAcrHasRegisteredArcLinkClickAction;                    P.when(&#8216;A&#8217;, &#8216;ready&#8217;).execute(function(A) {                        if (dpAcrHasRegisteredArcLinkClickAction !== true) {                            dpAcrHasRegisteredArcLinkClickAction = true;                            A.declarative(                                &#8216;acrLink-click-metrics&#8217;, &#8216;click&#8217;,                                { \u00aballowLinkDefault\u00bb: true },                                function (event) {                                    if (window.ue) {                                        ue.count(\u00abacrLinkClickCount\u00bb, (ue.count(\u00abacrLinkClickCount\u00bb) || 0) + 1);                                    }                                }                            );                        }                    });                                             P.when(&#8216;A&#8217;, &#8216;cf&#8217;).execute(function(A) {                A.declarative(&#8216;acrStarsLink-click-metrics&#8217;, &#8216;click&#8217;, { \u00aballowLinkDefault\u00bb : true },  function(event){                    if(window.ue) {                        ue.count(\u00abacrStarsLinkWithPopoverClickCount\u00bb, (ue.count(\u00abacrStarsLinkWithPopoverClickCount\u00bb) || 0) + 1);                    }                });            });                          <\/p>\n<p>Exceptional performance up to 7,200MB\/s read, 4,400MB\/s write<\/p>\n\n","protected":false},"excerpt":{"rendered":"<p> Product Description Lexar SSD Product Series Add To Basket Add To Basket Add To Basket<\/p>","protected":false},"featured_media":25691,"comment_status":"open","ping_status":"closed","template":"","meta":[],"product_brand":[],"product_cat":[81],"product_tag":[1455,536,1457,7583,7582,1468,2772,795,3379,1461,4376,1120,159,4374,1119,1459,822,1452,624,1465,4071,2469,1726,1463,812,198,513,1466],"class_list":{"0":"post-25690","1":"product","2":"type-product","3":"status-publish","4":"has-post-thumbnail","6":"product_cat-ssd-drive","7":"product_tag-1tb-ssd","8":"product_tag-512gb","9":"product_tag-512gb-ssd","10":"product_tag-7200mbs","11":"product_tag-ares","12":"product_tag-best-ssd","13":"product_tag-creators","14":"product_tag-drive","15":"product_tag-gamers","16":"product_tag-gaming-ssd","17":"product_tag-gen4x4","18":"product_tag-internal","19":"product_tag-laptop","20":"product_tag-lexar","21":"product_tag-m-2","22":"product_tag-m-2-ssd","23":"product_tag-nvme","24":"product_tag-nvme-ssd","25":"product_tag-pcie","26":"product_tag-portable-ssd","27":"product_tag-professionals","28":"product_tag-ps5","29":"product_tag-read","30":"product_tag-sata-ssd","31":"product_tag-solid","32":"product_tag-speed","33":"product_tag-ssd","34":"product_tag-ssd-price","36":"first","37":"instock","38":"sale","39":"shipping-taxable","40":"product-type-external"},"_links":{"self":[{"href":"https:\/\/comprasyconsejos.store\/en\/wp-json\/wp\/v2\/product\/25690","targetHints":{"allow":["GET"]}}],"collection":[{"href":"https:\/\/comprasyconsejos.store\/en\/wp-json\/wp\/v2\/product"}],"about":[{"href":"https:\/\/comprasyconsejos.store\/en\/wp-json\/wp\/v2\/types\/product"}],"replies":[{"embeddable":true,"href":"https:\/\/comprasyconsejos.store\/en\/wp-json\/wp\/v2\/comments?post=25690"}],"version-history":[{"count":0,"href":"https:\/\/comprasyconsejos.store\/en\/wp-json\/wp\/v2\/product\/25690\/revisions"}],"wp:featuredmedia":[{"embeddable":true,"href":"https:\/\/comprasyconsejos.store\/en\/wp-json\/wp\/v2\/media\/25691"}],"wp:attachment":[{"href":"https:\/\/comprasyconsejos.store\/en\/wp-json\/wp\/v2\/media?parent=25690"}],"wp:term":[{"taxonomy":"product_brand","embeddable":true,"href":"https:\/\/comprasyconsejos.store\/en\/wp-json\/wp\/v2\/product_brand?post=25690"},{"taxonomy":"product_cat","embeddable":true,"href":"https:\/\/comprasyconsejos.store\/en\/wp-json\/wp\/v2\/product_cat?post=25690"},{"taxonomy":"product_tag","embeddable":true,"href":"https:\/\/comprasyconsejos.store\/en\/wp-json\/wp\/v2\/product_tag?post=25690"}],"curies":[{"name":"wp","href":"https:\/\/api.w.org\/{rel}","templated":true}]}}