{"id":25697,"date":"2026-02-19T18:40:08","date_gmt":"2026-02-19T18:40:08","guid":{"rendered":"https:\/\/comprasyconsejos.store\/product\/hiditec-bzx750-v2-atx-750w-full-modular-power-supply-80-plus-bronze-japanese-capacitors-105c-dc-dc-140mm-fdb-pwm-fan-7-years-safety\/"},"modified":"2026-02-19T18:40:17","modified_gmt":"2026-02-19T18:40:17","slug":"hiditec-bzx750-v2-atx-750w-full-modular-power-supply-80-plus-bronze-japanese-capacitors-105c-dc-dc-140mm-fdb-pwm-fan-7-years-safety","status":"publish","type":"product","link":"https:\/\/comprasyconsejos.store\/en\/product\/hiditec-bzx750-v2-atx-750w-full-modular-power-supply-80-plus-bronze-japanese-capacitors-105c-dc-dc-140mm-fdb-pwm-fan-7-years-safety\/","title":{"rendered":"Hiditec BZX750 v2 \u2013 ATX 750W Full Modular Power Supply | 80 Plus Bronze | Japanese Capacitors 105\u00b0C | DC-DC | 140mm FDB PWM Fan | 7 Years Safety"},"content":{"rendered":"<p>Price: <span style=\"color:#b12704\"><del>\u20ac124.90<\/del> - \u20ac71.99<\/span><br \/><i><small>(as of Feb 19, 2026 18:40:09 UTC &#8211; <span class=\"wp_automatic_amazon_disclaimer\" title=\"Product prices and availability are accurate as of the date\/time indicated and are subject to change. Any price and availability information displayed on [relevant Amazon Site(s), as applicable] at the time of purchase will apply to the purchase of this product.\">Details<\/span>)<\/small><\/i><\/p>\n<p><a href=\"https:\/\/amazon.es\/dp\/B0CHJB8B2Y?tag=man008-21\"><img decoding=\"async\" src=\"https:\/\/valvepress.s3.amazonaws.com\/imgs\/buy_now.png\"><\/a><br \/>\n<\/p>\n<p>                                             Product Description   <\/p>\n<p>                                                                             <img decoding=\"async\" alt=\"El texto dice \u00abHIDITEC\u00bb. Imagen oscura del producto que muestra fuentes de alimentaci\u00f3n de ordenadores con paneles ventilados y conectores de alimentaci\u00f3n sobre un fondo negro.\" src=\"https:\/\/images-na.ssl-images-amazon.com\/images\/G\/01\/x-locale\/common\/grey-pixel.gif\" class=\"a-spacing-base a-lazy-loaded\" data-src=\"https:\/\/m.media-amazon.com\/images\/S\/aplus-media-library-service-media\/70875aed-76ea-43f2-8163-52647dbb2bf3.__CR0,0,970,600_PT0_SX970_V1___.jpg\"><img decoding=\"async\" alt=\"El texto dice \u00abHIDITEC\u00bb. Imagen oscura del producto que muestra fuentes de alimentaci\u00f3n de ordenadores con paneles ventilados y conectores de alimentaci\u00f3n sobre un fondo negro.\" src=\"https:\/\/m.media-amazon.com\/images\/S\/aplus-media-library-service-media\/70875aed-76ea-43f2-8163-52647dbb2bf3.__CR0,0,970,600_PT0_SX970_V1___.jpg\">                                         <\/p>\n<h3 class=\"a-spacing-mini\"> FUENTE DE ALIMENTACI\u00d3N BZX v2 SERIES 80Plus Bronze Certified con condensadores electrol\u00edticos japoneses de 105\u00ba C <\/h3>\n<p class=\"a-spacing-base\"> La serie BZX v2 incorpora condensadores electrol\u00edticos japoneses de 105\u00baC altamente duraderos y consistentemente confiables. Los condensadores japoneses minimizan la ondulaci\u00f3n del voltaje, mejorando la durabilidad y la estabilidad para prolongar la vida \u00fatil. <\/p>\n<p class=\"a-spacing-base\"> Las fuentes de alimentaci\u00f3n BZX V2 cuentan con certificado 80Plus Bronze, el cual garantiza una eficiencia superior al 85% as\u00ed como un menor consumo y mayor durabilidad de todos los componentes. <\/p>\n<p class=\"a-spacing-base\"> Las emisiones de calor se ver\u00e1n reducidas con un funcionamiento m\u00e1s eficiente, permitiendo trabajar al ventilador a menor velocidad y en consecuencia, el ruido producido por la fuente ser\u00e1 pr\u00e1cticamente imperceptible. <\/p>\n<p class=\"a-spacing-base\"> Incorpora protecciones completas: OCP , OVP , SCP , OPP , UVP , OTP. <\/p>\n<p>                                                  <img decoding=\"async\" alt=\"aplus content image\" src=\"https:\/\/images-na.ssl-images-amazon.com\/images\/G\/01\/x-locale\/common\/grey-pixel.gif\" class=\"a-lazy-loaded\" data-src=\"https:\/\/m.media-amazon.com\/images\/S\/aplus-media-library-service-media\/3321680c-51b2-49e2-995c-985aab743a1f.__CR0,0,970,300_PT0_SX970_V1___.jpg\"><img decoding=\"async\" alt=\"aplus content image\" src=\"https:\/\/m.media-amazon.com\/images\/S\/aplus-media-library-service-media\/3321680c-51b2-49e2-995c-985aab743a1f.__CR0,0,970,300_PT0_SX970_V1___.jpg\">  <\/p>\n<h3> Tecnolog\u00eda electr\u00f3nica de fabricaci\u00f3n SMT con conversor DC\/DC <\/h3>\n<p> La tecnolog\u00eda de montaje electr\u00f3nico SMT de alta precisi\u00f3n con el uso de componentes de alto rendimiento ofrece una fiabilidad extrema de la fuente de alimentaci\u00f3n en condiciones de m\u00e1xima exigencia. La tecnolog\u00eda SMT mejora la durabilidad de la fuente de alimentaci\u00f3n. <\/p>\n<p class=\"apm-text-center\">\n                                                      <img decoding=\"async\" alt=\"El conmutador de red o la unidad de router negros se muestran desde varios \u00e1ngulos y muestran los puertos frontales y posteriores y las opciones de conectividad.\" src=\"https:\/\/images-na.ssl-images-amazon.com\/images\/G\/01\/x-locale\/common\/grey-pixel.gif\" class=\"a-spacing-mini a-lazy-loaded\" data-src=\"https:\/\/m.media-amazon.com\/images\/S\/aplus-media-library-service-media\/a39ae447-8af6-487b-9635-0e0561075e51.__CR0,0,800,800_PT0_SX300_V1___.jpg\"><img decoding=\"async\" alt=\"El conmutador de red o la unidad de router negros se muestran desde varios \u00e1ngulos y muestran los puertos frontales y posteriores y las opciones de conectividad.\" src=\"https:\/\/m.media-amazon.com\/images\/S\/aplus-media-library-service-media\/a39ae447-8af6-487b-9635-0e0561075e51.__CR0,0,800,800_PT0_SX300_V1___.jpg\">  <\/p>\n<p>                                                    Full modular con cables planos extralargos                                       <\/p>\n<p> La serie BZX V2 es full modular por lo que podr\u00e1s conectar a la fuente solo los cables que necesites y con ello mayor comodidad a la hora del montaje de tu equipo. <\/p>\n<p> Incorpora cables planos extralargos lo que va a permitir adaptarse mejor en la instalaci\u00f3n de cualquier equipo, hacer una instalaci\u00f3n m\u00e1s ordenada y ocupar menos espacio. <\/p>\n<p class=\"apm-text-center\">\n                                                      <img decoding=\"async\" alt=\"Fuente de alimentaci\u00f3n para computadora negra con patr\u00f3n de rejilla de ventilaci\u00f3n en forma de panal y logotipo circular en el centro. Dise\u00f1o de refrigeraci\u00f3n de estilo industrial con m\u00faltiples salidas de aire.\" src=\"https:\/\/images-na.ssl-images-amazon.com\/images\/G\/01\/x-locale\/common\/grey-pixel.gif\" class=\"a-spacing-mini a-lazy-loaded\" data-src=\"https:\/\/m.media-amazon.com\/images\/S\/aplus-media-library-service-media\/9e530e33-0f70-417d-a3e9-292d8e3aa142.__CR0,0,800,800_PT0_SX300_V1___.jpg\"><img decoding=\"async\" alt=\"Fuente de alimentaci\u00f3n para computadora negra con patr\u00f3n de rejilla de ventilaci\u00f3n en forma de panal y logotipo circular en el centro. Dise\u00f1o de refrigeraci\u00f3n de estilo industrial con m\u00faltiples salidas de aire.\" src=\"https:\/\/m.media-amazon.com\/images\/S\/aplus-media-library-service-media\/9e530e33-0f70-417d-a3e9-292d8e3aa142.__CR0,0,800,800_PT0_SX300_V1___.jpg\">  <\/p>\n<p>                                                    Ventilador de 140mm con rodamientos fluido din\u00e1micos FDB ultra silencioso termo regulado                                       <\/p>\n<p> El ventilador ultra silencioso de 140mm termo regulado con rodamientos fluido din\u00e1micos FDB reduce dr\u00e1sticamente el ruido en su funcionamiento y prolonga de manera significativa su durabilidad. <\/p>\n<p> Va adaptando su funcionamiento a las diferentes necesidades del equipo, solo funcionar\u00e1 a m\u00e1xima potencia en caso de ser requerido. <\/p>\n<p> El ventilador de 140mm aporta mayor caudal de aire funcionando a menos revoluciones, por lo que adem\u00e1s de hacer pr\u00e1cticamente imperceptible el ruido del ventilador vamos a conseguir mayor eficiencia y durabilidad de todos los componentes. <\/p>\n<p class=\"apm-text-center\">\n                                                      <img decoding=\"async\" alt=\"La carcasa negra de la fuente de alimentaci\u00f3n del ordenador se muestra desde varios \u00e1ngulos, con rejillas de ventilaci\u00f3n con forma de panal y toma de corriente en el lateral.\" src=\"https:\/\/images-na.ssl-images-amazon.com\/images\/G\/01\/x-locale\/common\/grey-pixel.gif\" class=\"a-spacing-mini a-lazy-loaded\" data-src=\"https:\/\/m.media-amazon.com\/images\/S\/aplus-media-library-service-media\/06d1bba2-0357-411b-80a3-706acce2724f.__CR0,0,800,800_PT0_SX300_V1___.jpg\"><img decoding=\"async\" alt=\"La carcasa negra de la fuente de alimentaci\u00f3n del ordenador se muestra desde varios \u00e1ngulos, con rejillas de ventilaci\u00f3n con forma de panal y toma de corriente en el lateral.\" src=\"https:\/\/m.media-amazon.com\/images\/S\/aplus-media-library-service-media\/06d1bba2-0357-411b-80a3-706acce2724f.__CR0,0,800,800_PT0_SX300_V1___.jpg\">  <\/p>\n<p>                                                    80Plus Bronze Certified con condensadores electrol\u00edticos japoneses de 105\u00ba C                                       <\/p>\n<p> La serie BZX v2 incorpora condensadores electrol\u00edticos japoneses de 105\u00baC altamente duraderos y consistentemente confiables. Los condensadores japoneses minimizan la ondulaci\u00f3n del voltaje, mejorando la durabilidad y la estabilidad para prolongar la vida \u00fatil. <\/p>\n<p> Las fuentes de alimentaci\u00f3n BZX V2 cuentan con certificado 80Plus Bronze, el cual garantiza una eficiencia superior al 85% as\u00ed como un menor consumo y mayor durabilidad de todos los componentes. <\/p>\n<p> Las emisiones de calor se ver\u00e1n reducidas con un funcionamiento m\u00e1s eficiente, permitiendo trabajar al ventilador a menor velocidad y en consecuencia, el ruido producido por la fuente ser\u00e1 pr\u00e1cticamente imperceptible. <\/p>\n<p> Incorpora protecciones completas: OCP , OVP , SCP , OPP , UVP , OTP. <\/p>\n<p>                                                  <img decoding=\"async\" alt=\"Conector de cable para computadora tipo cinta negra con m\u00faltiples hilos paralelos, con extremos de conector t\u00edpicos de las conexiones de alimentaci\u00f3n internas de PC.\" src=\"https:\/\/images-na.ssl-images-amazon.com\/images\/G\/01\/x-locale\/common\/grey-pixel.gif\" class=\"a-spacing-mini a-lazy-loaded\" data-src=\"https:\/\/m.media-amazon.com\/images\/S\/aplus-media-library-service-media\/60f79a5d-dca1-4b6d-888c-b60376784f24.__CR0,0,700,700_PT0_SX300_V1___.jpg\"><img decoding=\"async\" alt=\"Conector de cable para computadora tipo cinta negra con m\u00faltiples hilos paralelos, con extremos de conector t\u00edpicos de las conexiones de alimentaci\u00f3n internas de PC.\" src=\"https:\/\/m.media-amazon.com\/images\/S\/aplus-media-library-service-media\/60f79a5d-dca1-4b6d-888c-b60376784f24.__CR0,0,700,700_PT0_SX300_V1___.jpg\">  <\/p>\n<h3 class=\"a-spacing-mini\"> Cables modulares extralargos con revestimiento individual flexible <\/h3>\n<p> La serie BZX v2 es totalmente modular por lo que podr\u00e1s conectar a la fuente solo los cables que necesites y con ello mayor comodidad a la hora del montaje de tu equipo. <\/p>\n<p> Cables extralargos con revestimiento individual flexible fabricados con un material suave de primera calidad, estos cables se pueden doblar f\u00e1cilmente durante la instalaci\u00f3n, lo que va a permitir adaptarse mejor en la instalaci\u00f3n de cualquier equipo, hacer una instalaci\u00f3n m\u00e1s ordenada y ocupar menos espacio, adem\u00e1s de ofrecer una excelente seguridad y durabilidad. <\/p>\n<p>                                                  <img decoding=\"async\" alt=\"Serie de insignias o emblemas met\u00e1licos circulares en plata y negro, que muestran n\u00fameros en secuencia. Cada uno tiene un dise\u00f1o uniforme con un centro negro y un borde plateado.\" src=\"https:\/\/images-na.ssl-images-amazon.com\/images\/G\/01\/x-locale\/common\/grey-pixel.gif\" class=\"a-lazy-loaded\" data-src=\"https:\/\/m.media-amazon.com\/images\/S\/aplus-media-library-service-media\/64887570-3f70-4595-a6a1-61cc27a435de.__CR0,0,700,700_PT0_SX300_V1___.jpg\"><img decoding=\"async\" alt=\"Serie de insignias o emblemas met\u00e1licos circulares en plata y negro, que muestran n\u00fameros en secuencia. Cada uno tiene un dise\u00f1o uniforme con un centro negro y un borde plateado.\" src=\"https:\/\/m.media-amazon.com\/images\/S\/aplus-media-library-service-media\/64887570-3f70-4595-a6a1-61cc27a435de.__CR0,0,700,700_PT0_SX300_V1___.jpg\">  <\/p>\n<h3 class=\"a-spacing-mini\"> 7 A\u00f1os de Seguridad <\/h3>\n<p> La serie BZX avalada con 7 a\u00f1os de seguridad cuenta con un circuito integral de seguridad: OCP , OVP , SCP , OPP , UVP , OTP. <\/p>\n<p> Todos estos sistemas de seguridad protegen tus componentes de cualquier sobrecarga, cortocircuito o fluctuaci\u00f3n el\u00e9ctrica, adem\u00e1s cuenta con el respaldo del equipo de soporte t\u00e9cnico de HIDITEC. <\/p>\n<h3 class=\"a-size-extra-large a-spacing-base a-text-center\"> Especificaciones de la fuente de alimentaci\u00f3n <\/h3>\n<p>                                                        Dimensiones:                                    150 x 86 x 160 mm                                        Voltaje:                                    100 &#8211; 240Vac                                        Factor forma:                                    ATX                                        Certificado 80Plus:                                    Bronze                                        CircuitShield:                                    OCP, OVP, SCP, OPP, UVP, OTP                                        Tipo de cables:                                    Patr\u00f3n trenzado                                        Dimensiones del ventilador:                                    140 x 140 x 25 mm                                        Rodamientos del ventilador:                                    Rodamiento fluidodin\u00e1mico (FDB)                                        Certificados:                                    CE , FCC , RoHs                                        Full modular:                                    Si                  <\/p>\n<h3 class=\"a-size-extra-large a-spacing-base a-text-center\"> Configuraci\u00f3n de los cables <\/h3>\n<p>                                                        1 x                                    20+4 Pin (600mm)                                        1 x                                    SATA + SATA + SATA + SATA (500+130+130+130mm)                                        1 x                                    SATA + IDE + IDE + FDD (500+130+130+130mm)                                        2 x                                    4+4 Pin EPS +12V (700 mm)                                        2 x [BZX650 v2, BZX750 v2]                                    6+2 Pin PCIe + 6+2 Pin PCIe (600mm+150mm)                                        3 x [BZX850 v2]                                    6+2 Pin PCIe + 6+2 Pin PCIe (600mm+150mm)                  <\/p>\n<p> Batteries                                            \u200f                                            :                                            \u200e                                            1 AAAA batteries required.   <br \/> Is discontinued by manufacturer                                            \u200f                                            :                                            \u200e                                            No   <br \/> Language                                            \u200f                                            :                                            \u200e                                            Italian   <br \/> Product Dimensions                                            \u200f                                            :                                            \u200e                                            35 x 13 x 24 cm; 2.2 kg   <br \/> Manufacturer                                            \u200f                                            :                                            \u200e                                            Hiditec   <br \/> ASIN                                            \u200f                                            :                                            \u200e                                            B0CHJB8B2Y   <br \/> Item model number                                            \u200f                                            :                                            \u200e                                            BZX750 v2   <br \/> Country\/Region of Origin                                            \u200f                                            :                                            \u200e                                            Spain   <br \/> Guaranteed software updates until                                            \u200f                                            :                                            \u200e                                            unknown   <br \/>  Customer reviews:                                                                                            5.0               5.0 out of 5 stars                                  (3)                                              var dpAcrHasRegisteredArcLinkClickAction;                    P.when(&#8216;A&#8217;, &#8216;ready&#8217;).execute(function(A) {                        if (dpAcrHasRegisteredArcLinkClickAction !== true) {                            dpAcrHasRegisteredArcLinkClickAction = true;                            A.declarative(                                &#8216;acrLink-click-metrics&#8217;, &#8216;click&#8217;,                                { \u00aballowLinkDefault\u00bb: true },                                function (event) {                                    if (window.ue) {                                        ue.count(\u00abacrLinkClickCount\u00bb, (ue.count(\u00abacrLinkClickCount\u00bb) || 0) + 1);                                    }                                }                            );                        }                    });                                             P.when(&#8216;A&#8217;, &#8216;cf&#8217;).execute(function(A) {                A.declarative(&#8216;acrStarsLink-click-metrics&#8217;, &#8216;click&#8217;, { \u00aballowLinkDefault\u00bb : true },  function(event){                    if(window.ue) {                        ue.count(\u00abacrStarsLinkWithPopoverClickCount\u00bb, (ue.count(\u00abacrStarsLinkWithPopoverClickCount\u00bb) || 0) + 1);                    }                });            });                          <\/p>\n<p>FULL MODULAR 80 PLUS BRONZE FOR HIGH PERFORMANCE \u2013 The Hiditec BZX750 v2 power supply delivers real 750W power with full modular design and 80 Plus Bronze certification, ensuring efficiency over 85% even at peak performance. It allows you to use only the necessary cables, improving the internal organization of the PC and optimizing airflow in demanding gaming and professional configurations.<br \/>JAPANESE 105\u2103 CAPACITORS &#038; ADVANCED ENERGY EFFICIENCY &#8211; Incorporates highly durable and reliable 105\u2103 Japanese electrolytic capacitors, which minimize voltage ripple and improve electrical stability. This technology reduces energy consumption and heat generation, increasing the life of all components and ensuring stable and continuous operation.<br \/>HIGH-ACCURACY SMD TECHNOLOGY AND DC-DC CONVERSION \u2013 Manufactured using high precision SMD electronic assembly technology with high-performance components, the BZX750 v2 offers extreme reliability even under demanding conditions. Advanced DC-DC conversion system ensures accurate and efficient voltage regulation, protecting equipment components from spikes, voltage drops and electrical fluctuations.<br \/>140MM FDB PWM ULTRA QUIET THERMO REGULATED FAN &#8211; Equipped with a 140mm fan with Fluid Dynamic Bearing (FDB) bearings and PWM control, automatically adjusts its speed according to the internal temperature of the system. This design provides high airflow at fewer revolutions, reducing noise to a minimum and improving cooling, efficiency and durability of the fountain.<br \/>ADVANCED CONNECTIVITY, EXTRA LONG FLAT CABLES AND TOTAL SECURITY \u2013 Features dual EPS12V and four PCIe 6+2 connectors for high-performance graphics cards. Its extra-long flat cables facilitate a clean and tidy installation, taking up less space. In addition, it integrates complete electrical protections (OCP, OVP, SCP, OPP, UVP and OTP) and is backed by 7 years of safety.<\/p>\n\n","protected":false},"excerpt":{"rendered":"<p> Product Description FUENTE DE ALIMENTACI\u00d3N BZX v2 SERIES 80Plus Bronze Certified con condensadores electrol\u00edticos japoneses<\/p>","protected":false},"featured_media":25698,"comment_status":"open","ping_status":"closed","template":"","meta":[],"product_brand":[],"product_cat":[79],"product_tag":[1653,2461,1488,1730,1490,1495,1458,1499,1536,7585,1511,1500,6078,910,5043,560,1494,7584,4191,1503,1492,1498,143,1485,824,2023,2631,1505,2277],"class_list":{"0":"post-25697","1":"product","2":"type-product","3":"status-publish","4":"has-post-thumbnail","6":"product_cat-pc-power-supply-unit","7":"product_tag-105c","8":"product_tag-140mm","9":"product_tag-650w-psu","10":"product_tag-750w","11":"product_tag-750w-psu","12":"product_tag-80-plus-gold-psu","13":"product_tag-atx","14":"product_tag-best-psu","15":"product_tag-bronze","16":"product_tag-bzx750","17":"product_tag-capacitors","18":"product_tag-computer-power-unit","19":"product_tag-dcdc","20":"product_tag-fan","21":"product_tag-fdb","22":"product_tag-full","23":"product_tag-gaming-power-supply","24":"product_tag-hiditec","25":"product_tag-japanese","26":"product_tag-modular","27":"product_tag-modular-psu","28":"product_tag-pc-power-supply-price","29":"product_tag-power","30":"product_tag-power-supply","31":"product_tag-psu","32":"product_tag-pwm","33":"product_tag-safety","34":"product_tag-supply","35":"product_tag-years","37":"first","38":"instock","39":"sale","40":"shipping-taxable","41":"product-type-external"},"_links":{"self":[{"href":"https:\/\/comprasyconsejos.store\/en\/wp-json\/wp\/v2\/product\/25697","targetHints":{"allow":["GET"]}}],"collection":[{"href":"https:\/\/comprasyconsejos.store\/en\/wp-json\/wp\/v2\/product"}],"about":[{"href":"https:\/\/comprasyconsejos.store\/en\/wp-json\/wp\/v2\/types\/product"}],"replies":[{"embeddable":true,"href":"https:\/\/comprasyconsejos.store\/en\/wp-json\/wp\/v2\/comments?post=25697"}],"version-history":[{"count":0,"href":"https:\/\/comprasyconsejos.store\/en\/wp-json\/wp\/v2\/product\/25697\/revisions"}],"wp:featuredmedia":[{"embeddable":true,"href":"https:\/\/comprasyconsejos.store\/en\/wp-json\/wp\/v2\/media\/25698"}],"wp:attachment":[{"href":"https:\/\/comprasyconsejos.store\/en\/wp-json\/wp\/v2\/media?parent=25697"}],"wp:term":[{"taxonomy":"product_brand","embeddable":true,"href":"https:\/\/comprasyconsejos.store\/en\/wp-json\/wp\/v2\/product_brand?post=25697"},{"taxonomy":"product_cat","embeddable":true,"href":"https:\/\/comprasyconsejos.store\/en\/wp-json\/wp\/v2\/product_cat?post=25697"},{"taxonomy":"product_tag","embeddable":true,"href":"https:\/\/comprasyconsejos.store\/en\/wp-json\/wp\/v2\/product_tag?post=25697"}],"curies":[{"name":"wp","href":"https:\/\/api.w.org\/{rel}","templated":true}]}}