{"id":25742,"date":"2026-02-19T19:11:26","date_gmt":"2026-02-19T19:11:26","guid":{"rendered":"https:\/\/comprasyconsejos.store\/product\/logitech-zone-300-wireless-noise-cancelling-bluetooth-headphones-with-microphone-compatible-with-windows-mac-chrome-linux-ios-ipados-android-black\/"},"modified":"2026-02-19T19:11:35","modified_gmt":"2026-02-19T19:11:35","slug":"logitech-zone-300-wireless-noise-cancelling-bluetooth-headphones-with-microphone-compatible-with-windows-mac-chrome-linux-ios-ipados-android-black","status":"publish","type":"product","link":"https:\/\/comprasyconsejos.store\/en\/product\/logitech-zone-300-wireless-noise-cancelling-bluetooth-headphones-with-microphone-compatible-with-windows-mac-chrome-linux-ios-ipados-android-black\/","title":{"rendered":"Logitech Zone 300 Wireless Noise Cancelling Bluetooth Headphones with Microphone Compatible with Windows, Mac, Chrome, Linux, iOS, iPadOS, Android &#8211; Black"},"content":{"rendered":"<p>Price: <span style=\"color:#b12704\"><del>\u20ac84.99<\/del> - \u20ac58.99<\/span><br \/><i><small>(as of Feb 19, 2026 19:11:26 UTC &#8211; <span class=\"wp_automatic_amazon_disclaimer\" title=\"Product prices and availability are accurate as of the date\/time indicated and are subject to change. Any price and availability information displayed on [relevant Amazon Site(s), as applicable] at the time of purchase will apply to the purchase of this product.\">Details<\/span>)<\/small><\/i><\/p>\n<p><a href=\"https:\/\/amazon.es\/dp\/B0D1V41GH1?tag=man008-21\"><img decoding=\"async\" src=\"https:\/\/valvepress.s3.amazonaws.com\/imgs\/buy_now.png\"><\/a><br \/>\n<\/p>\n<p>                                             From the manufacturer   <\/p>\n<p>The video showcases the product in use.The video guides you through product setup.The video compares multiple products.The video shows the product being unpacked.<\/p>\n<p>                                                                                                       <img decoding=\"async\" alt=\"e\" src=\"https:\/\/images-na.ssl-images-amazon.com\/images\/G\/01\/x-locale\/common\/grey-pixel.gif\" class=\"a-lazy-loaded\" data-src=\"https:\/\/m.media-amazon.com\/images\/S\/aplus-media-library-service-media\/3f5d9174-7446-4c52-8774-122f2ad6beea.__CR0,0,1464,600_PT0_SX1464_V1___.png\"><img decoding=\"async\" alt=\"e\" src=\"https:\/\/m.media-amazon.com\/images\/S\/aplus-media-library-service-media\/3f5d9174-7446-4c52-8774-122f2ad6beea.__CR0,0,1464,600_PT0_SX1464_V1___.png\">                                                                                    LOS AURICULARES INAL\u00c1MBRICOS ESENCIALES                                        <\/p>\n<p class=\"aplus-p2 aplus-module-2-description\"> Con dos micr\u00f3fonos con cancelaci\u00f3n de ruido y altavoces mejorados, los Zone 300 ofrecen audio n\u00edtido y excelente calidad de sonido para llamadas y mucho m\u00e1s. Disfruta de los auriculares inal\u00e1mbricos todo el d\u00eda y olv\u00eddate de cables y limitaciones. <\/p>\n<p>                                                                                     <img decoding=\"async\" alt=\"e\" src=\"https:\/\/m.media-amazon.com\/images\/S\/aplus-media-library-service-media\/9fc34b74-fef3-4e8a-9d89-93d4b08d9a83.__CR0,0,1464,600_PT0_SX1464_V1___.png\">                                                    HAZTE O\u00cdR CON CLARIDAD                                         <\/p>\n<p class=\"aplus-p3\"> Los dos micr\u00f3fonos con cancelaci\u00f3n de ruido suprimen el ruido de fondo para mejorar la claridad de las llamadas. <\/p>\n<p>                                                                                     <img decoding=\"async\" alt=\"e\" src=\"https:\/\/m.media-amazon.com\/images\/S\/aplus-media-library-service-media\/661a4f20-62e6-424e-a31c-d3765c354fe5.__CR0,0,1464,600_PT0_SX1464_V1___.png\">                                                    AUDIO EXCELENTE                                         <\/p>\n<p class=\"aplus-p3\"> Los altavoces mejorados ofrecen audio n\u00edtido y excelente sonido para llamadas y mucho m\u00e1s. <\/p>\n<p>                                                                                     <img decoding=\"async\" alt=\"e\" src=\"https:\/\/m.media-amazon.com\/images\/S\/aplus-media-library-service-media\/679d65bd-48ef-4dee-8679-16a143d75af1.__CR0,0,1464,600_PT0_SX1464_V1___.png\">                                                    EXPERIENCIA DE AUDIO PERSONALIZADA                                         <\/p>\n<p class=\"aplus-p3\"> Personaliza el audio con Logi Tune(1) &#8211; Ajusta el tono lateral, el nivel del micr\u00f3fono y el ecualizador. <\/p>\n<p>                                                                                                       <img decoding=\"async\" alt=\"e\" src=\"https:\/\/images-na.ssl-images-amazon.com\/images\/G\/01\/x-locale\/common\/grey-pixel.gif\" class=\"a-lazy-loaded\" data-src=\"https:\/\/m.media-amazon.com\/images\/S\/aplus-media-library-service-media\/e8eadbd4-0ac3-4fcf-b2a8-4806c473ef97.__CR0,0,1464,600_PT0_SX1464_V1___.png\"><img decoding=\"async\" alt=\"e\" src=\"https:\/\/m.media-amazon.com\/images\/S\/aplus-media-library-service-media\/e8eadbd4-0ac3-4fcf-b2a8-4806c473ef97.__CR0,0,1464,600_PT0_SX1464_V1___.png\">                                                                                    LIBERTAD INAL\u00c1MBRICA                                        <\/p>\n<p class=\"aplus-p2 aplus-module-2-description\"> Mu\u00e9vete libremente por tu casa u oficina y mant\u00e9n la conexi\u00f3n de forma fiable con Bluetooth multipunto 5.3, a una distancia de hasta 30 metros (2). Alterna f\u00e1cilmente entre el ordenador y el smartphone. <\/p>\n<p>                                                                                              <img decoding=\"async\" alt=\"e\" src=\"https:\/\/images-na.ssl-images-amazon.com\/images\/G\/01\/x-locale\/common\/grey-pixel.gif\" class=\"a-lazy-loaded\" data-src=\"https:\/\/m.media-amazon.com\/images\/S\/aplus-media-library-service-media\/cf5b4c77-1b57-4893-a69b-5d4a68996a52.__CR0,0,650,350_PT0_SX650_V1___.png\"><img decoding=\"async\" alt=\"e\" src=\"https:\/\/m.media-amazon.com\/images\/S\/aplus-media-library-service-media\/cf5b4c77-1b57-4893-a69b-5d4a68996a52.__CR0,0,650,350_PT0_SX650_V1___.png\">                                            HASTA 20 HORAS DE DURACI\u00d3N DE LA BATER\u00cdA                                         <\/p>\n<p class=\"aplus-p3\"> Obt\u00e9n hasta 20 horas de escucha y 16 horas de conversaci\u00f3n con una carga completa para uso ininterrumpido. Una carga r\u00e1pida de 5 minutos proporciona hasta 1 hora de conversaci\u00f3n. (3) <\/p>\n<p>                                           <img decoding=\"async\" alt=\"e\" src=\"https:\/\/images-na.ssl-images-amazon.com\/images\/G\/01\/x-locale\/common\/grey-pixel.gif\" class=\"a-lazy-loaded\" data-src=\"https:\/\/m.media-amazon.com\/images\/S\/aplus-media-library-service-media\/a0fded6d-c00a-45ee-8be1-e7c73a7a110b.__CR0,0,650,350_PT0_SX650_V1___.png\"><img decoding=\"async\" alt=\"e\" src=\"https:\/\/m.media-amazon.com\/images\/S\/aplus-media-library-service-media\/a0fded6d-c00a-45ee-8be1-e7c73a7a110b.__CR0,0,650,350_PT0_SX650_V1___.png\">                                            COMODIDAD LIGERA                                         <\/p>\n<p class=\"aplus-p3\"> El dise\u00f1o ligero (s\u00f3lo 122 gramos), las almohadillas de mayor tama\u00f1o y la diadema acolchada para mayor comodidad permiten usar los auriculares durante todo el d\u00eda. <\/p>\n<p>                                                                                     <img decoding=\"async\" alt=\"e\" src=\"https:\/\/m.media-amazon.com\/images\/S\/aplus-media-library-service-media\/65c5be2e-59bd-4087-9b6d-b28c9acec63e.__CR0,0,1464,600_PT0_SX1464_V1___.png\">                                                    Completa tu configuraci\u00f3n para el teletrabajo                                         <\/p>\n<p class=\"aplus-p3\"> Crea un entorno de trabajo sencillo pero productivo al a\u00f1adir una c\u00e1mara web Brio 100 y una combinaci\u00f3n de teclado y rat\u00f3n MK540 Advanced. <\/p>\n<p>                                                                                     <img decoding=\"async\" alt=\"e\" src=\"https:\/\/m.media-amazon.com\/images\/S\/aplus-media-library-service-media\/4e7fa6c6-da48-4805-8940-c54febbf4cfc.__CR0,0,1464,600_PT0_SX1464_V1___.png\">                                                    Brio 100                                         <\/p>\n<p class=\"aplus-p3\"> Ofrece mejor imagen y sonido para mejores reuniones con Brio 100, una c\u00e1mara web simple y asequible que te permite mostrar tu mejor imagen en las videollamadas. <\/p>\n<p>                                                                                     <img decoding=\"async\" alt=\"e\" src=\"https:\/\/m.media-amazon.com\/images\/S\/aplus-media-library-service-media\/a5862b02-ba90-4b60-af23-d86d40c6deb8.__CR0,0,1464,600_PT0_SX1464_V1___.png\">                                                    MK540 Advanced                                         <\/p>\n<p class=\"aplus-p3\"> MK540 Advanced es una combinaci\u00f3n inal\u00e1mbrica de teclado y rat\u00f3n que ofrece precisi\u00f3n, comodidad y fiabilidad. <\/p>\n<p> Batteries                                            \u200f                                            :                                            \u200e                                            1 Lithium Ion batteries required. (included)   <br \/> Is discontinued by manufacturer                                            \u200f                                            :                                            \u200e                                            No   <br \/> Product Dimensions                                            \u200f                                            :                                            \u200e                                            6.6 x 16.67 x 17.28 cm; 122 g   <br \/> Manufacturer                                            \u200f                                            :                                            \u200e                                            Logitech   <br \/> ASIN                                            \u200f                                            :                                            \u200e                                            B0D1V41GH1   <br \/> Item model number                                            \u200f                                            :                                            \u200e                                            981-001407   <br \/> Country\/Region of Origin                                            \u200f                                            :                                            \u200e                                            China   <br \/> Guaranteed software updates until                                            \u200f                                            :                                            \u200e                                            unknown   <br \/>  Customer reviews:                                                                                            4.1               4.1 out of 5 stars                                  (651)                                              var dpAcrHasRegisteredArcLinkClickAction;                    P.when(&#8216;A&#8217;, &#8216;ready&#8217;).execute(function(A) {                        if (dpAcrHasRegisteredArcLinkClickAction !== true) {                            dpAcrHasRegisteredArcLinkClickAction = true;                            A.declarative(                                &#8216;acrLink-click-metrics&#8217;, &#8216;click&#8217;,                                { \u00aballowLinkDefault\u00bb: true },                                function (event) {                                    if (window.ue) {                                        ue.count(\u00abacrLinkClickCount\u00bb, (ue.count(\u00abacrLinkClickCount\u00bb) || 0) + 1);                                    }                                }                            );                        }                    });                                             P.when(&#8216;A&#8217;, &#8216;cf&#8217;).execute(function(A) {                A.declarative(&#8216;acrStarsLink-click-metrics&#8217;, &#8216;click&#8217;, { \u00aballowLinkDefault\u00bb : true },  function(event){                    if(window.ue) {                        ue.count(\u00abacrStarsLinkWithPopoverClickCount\u00bb, (ue.count(\u00abacrStarsLinkWithPopoverClickCount\u00bb) || 0) + 1);                    }                });            });                          <\/p>\n<p>Noise Cancelling Headphones Two beamforming microphones on the extended rod with noise cancellation algorithms suppress background noise in shared homes and workspaces for crystal clear conversations<br \/>Audio : Built-in 30mm audio dynamic drivers with custom diaphragm patterns to deliver crystal clear audio for calls and other listening options<br \/>Freedom of movement: Move freely around your home or office with this Bluetooth headset with microphone with a wireless action range of up to 30 meters (2); easily switch between computer and phone<br \/>All-day charging duration: All-day battery life; up to 20 hours of listening and talk time of up to 16 hours on a full charge; Add up to 1 hour of talk time with a 5-minute quick charge (3)<br \/>EXTRA COMFORT: The comfortable, lightweight design (only 122g), larger ear cups and padded headband allow for all-day wear of these Logitech wireless headphones with mic<br \/>CUSTOMIZE YOUR LOGITECH HEADPHONES WITH MICROPHONE &#8211; Customize your headset firmware with the free Logi Tune app (1); Download the app to adjust side tone, mic level, and equalizer for a personalized audio experience<br \/>Replaces ear pads as needed: Replaceable ear pads extend the life of the headset (available separately)<br \/>Logitech Zone 300 Wireless Bluetooth Headphones with Mic are carbon neutral certified and include certified post-consumer recycled plastic (Black: 55%, Off-White and Pink &#8211; 42%)(4)<\/p>\n\n","protected":false},"excerpt":{"rendered":"<p> From the manufacturer The video showcases the product in use.The video guides you through product<\/p>","protected":false},"featured_media":25743,"comment_status":"open","ping_status":"closed","template":"","meta":[],"product_brand":[],"product_cat":[48],"product_tag":[391,720,307,726,714,934,2809,201,712,928,711,717,2810,2811,2138,748,774,1071,933,715,719,716,718,537,226,713,2807],"class_list":{"0":"post-25742","1":"product","2":"type-product","3":"status-publish","4":"has-post-thumbnail","6":"product_cat-headsets","7":"product_tag-android","8":"product_tag-best-headset","9":"product_tag-black","10":"product_tag-bluetooth","11":"product_tag-bluetooth-headset","12":"product_tag-cancelling","13":"product_tag-chrome","14":"product_tag-compatible","15":"product_tag-gaming-headset","16":"product_tag-headphones","17":"product_tag-headset","18":"product_tag-headset-with-mic","19":"product_tag-ios","20":"product_tag-ipados","21":"product_tag-linux","22":"product_tag-logitech","23":"product_tag-mac","24":"product_tag-microphone","25":"product_tag-noise","26":"product_tag-noise-cancelling-headset","27":"product_tag-over-ear-headset","28":"product_tag-pc-headset","29":"product_tag-rgb-gaming-headset","30":"product_tag-windows","31":"product_tag-wireless","32":"product_tag-wireless-headset","33":"product_tag-zone","35":"first","36":"instock","37":"sale","38":"shipping-taxable","39":"product-type-external"},"_links":{"self":[{"href":"https:\/\/comprasyconsejos.store\/en\/wp-json\/wp\/v2\/product\/25742","targetHints":{"allow":["GET"]}}],"collection":[{"href":"https:\/\/comprasyconsejos.store\/en\/wp-json\/wp\/v2\/product"}],"about":[{"href":"https:\/\/comprasyconsejos.store\/en\/wp-json\/wp\/v2\/types\/product"}],"replies":[{"embeddable":true,"href":"https:\/\/comprasyconsejos.store\/en\/wp-json\/wp\/v2\/comments?post=25742"}],"version-history":[{"count":0,"href":"https:\/\/comprasyconsejos.store\/en\/wp-json\/wp\/v2\/product\/25742\/revisions"}],"wp:featuredmedia":[{"embeddable":true,"href":"https:\/\/comprasyconsejos.store\/en\/wp-json\/wp\/v2\/media\/25743"}],"wp:attachment":[{"href":"https:\/\/comprasyconsejos.store\/en\/wp-json\/wp\/v2\/media?parent=25742"}],"wp:term":[{"taxonomy":"product_brand","embeddable":true,"href":"https:\/\/comprasyconsejos.store\/en\/wp-json\/wp\/v2\/product_brand?post=25742"},{"taxonomy":"product_cat","embeddable":true,"href":"https:\/\/comprasyconsejos.store\/en\/wp-json\/wp\/v2\/product_cat?post=25742"},{"taxonomy":"product_tag","embeddable":true,"href":"https:\/\/comprasyconsejos.store\/en\/wp-json\/wp\/v2\/product_tag?post=25742"}],"curies":[{"name":"wp","href":"https:\/\/api.w.org\/{rel}","templated":true}]}}