{"id":25753,"date":"2026-02-19T19:15:25","date_gmt":"2026-02-19T19:15:25","guid":{"rendered":"https:\/\/comprasyconsejos.store\/product\/epomaker-x-aula-f75-75-gasket-mechanical-keyboard-wireless-bluetooth-usb-c-fon-five-layer-pads-knob-rgb-battery-nkro-leobog-reaper-switch-light-blue\/"},"modified":"2026-02-19T19:15:32","modified_gmt":"2026-02-19T19:15:32","slug":"epomaker-x-aula-f75-75-gasket-mechanical-keyboard-wireless-bluetooth-usb-c-fon-five-layer-pads-knob-rgb-battery-nkro-leobog-reaper-switch-light-blue","status":"publish","type":"product","link":"https:\/\/comprasyconsejos.store\/en\/product\/epomaker-x-aula-f75-75-gasket-mechanical-keyboard-wireless-bluetooth-usb-c-fon-five-layer-pads-knob-rgb-battery-nkro-leobog-reaper-switch-light-blue\/","title":{"rendered":"EPOMAKER x Aula F75 75% Gasket Mechanical Keyboard, Wireless\/Bluetooth\/USB-C, Fon Five Layer Pads, Knob, RGB, Battery, NKRO (LEOBOG Reaper Switch, Light Blue)"},"content":{"rendered":"<p>Price: <span style=\"color:#b12704\">\u20ac99.99<\/span><br \/><i><small>(as of Feb 19, 2026 19:15:26 UTC &#8211; <span class=\"wp_automatic_amazon_disclaimer\" title=\"Product prices and availability are accurate as of the date\/time indicated and are subject to change. Any price and availability information displayed on [relevant Amazon Site(s), as applicable] at the time of purchase will apply to the purchase of this product.\">Details<\/span>)<\/small><\/i><\/p>\n<p><a href=\"https:\/\/amazon.es\/dp\/B0CNT61VMZ?tag=man008-21\"><img decoding=\"async\" src=\"https:\/\/valvepress.s3.amazonaws.com\/imgs\/buy_now.png\"><\/a><br \/>\n<\/p>\n<p>                                             From the brand   <\/p>\n<p>                                              <img decoding=\"async\" alt=\"El texto dice \u00abGAMING IS MY VALENTINE\u00bb. Configuraci\u00f3n de juego de tem\u00e1tica rosa con teclado, rat\u00f3n y accesorios con iluminaci\u00f3n y elementos decorativos de color rosa.\" src=\"https:\/\/images-na.ssl-images-amazon.com\/images\/G\/01\/x-locale\/common\/grey-pixel.gif\" class=\"a-lazy-loaded\" data-src=\"https:\/\/m.media-amazon.com\/images\/S\/aplus-media-library-service-media\/36b9e8ba-400d-4c6a-ac51-351c2320d205.__CR0,0,1464,625_PT0_SX1464_V1___.png\"><img decoding=\"async\" alt=\"El texto dice \u00abGAMING IS MY VALENTINE\u00bb. Configuraci\u00f3n de juego de tem\u00e1tica rosa con teclado, rat\u00f3n y accesorios con iluminaci\u00f3n y elementos decorativos de color rosa.\" src=\"https:\/\/m.media-amazon.com\/images\/S\/aplus-media-library-service-media\/36b9e8ba-400d-4c6a-ac51-351c2320d205.__CR0,0,1464,625_PT0_SX1464_V1___.png\">  <\/p>\n<h3> Teclados Espa\u00f1oles Populares <\/h3>\n<p class=\"apm-brand-story-stores-link\">\n<h3> Teclado EPOMAKER X AULA <\/h3>\n<p class=\"apm-brand-story-stores-link\">\n<h3> EPOMAKER AK820 PRO <\/h3>\n<p class=\"apm-brand-story-stores-link\">\n<h3> Teclado Magn\u00e9tico <\/h3>\n<p class=\"apm-brand-story-stores-link\">\n<h3> Reci\u00e9n Llegados <\/h3>\n<p class=\"apm-brand-story-stores-link\">\n<h3> Teclado de Tama\u00f1o Completo <\/h3>\n<p class=\"apm-brand-story-stores-link\">\n<h3> Teclado Num\u00e9rico&amp;Rat\u00f3n Gaming <\/h3>\n<p class=\"apm-brand-story-stores-link\">\n<h3> Tecla para Teclado <\/h3>\n<p class=\"apm-brand-story-stores-link\">\n<h3> Interruptor para Teclado <\/h3>\n<p class=\"apm-brand-story-stores-link\">\n<h3> Cable para Teclado <\/h3>\n<p class=\"apm-brand-story-stores-link\">\n<p>                                              <img decoding=\"async\" alt=\"\" src=\"https:\/\/images-na.ssl-images-amazon.com\/images\/G\/01\/x-locale\/common\/grey-pixel.gif\" class=\"a-lazy-loaded\" data-src=\"https:\/\/m.media-amazon.com\/images\/S\/aplus-media-library-service-media\/0f82ba78-086e-425d-bfe7-f256e24bdc5c.__CR0,132,3692,1699_PT0_SX315_V1___.png\"><img decoding=\"async\" alt=\"\" src=\"https:\/\/m.media-amazon.com\/images\/S\/aplus-media-library-service-media\/0f82ba78-086e-425d-bfe7-f256e24bdc5c.__CR0,132,3692,1699_PT0_SX315_V1___.png\">  <\/p>\n<p> Somos gamers, ingenieros de software y dise\u00f1adores de productos. \u00a1Amamos los dispositivos tecnol\u00f3gicos y los teclados! Insatisfechos con lo que hay en el mercado, nos hemos decidido a desarrollar nuestro propio teclado. Nuestro objetivo es desarrollar el teclado mec\u00e1nico definitivo, que sea port\u00e1til, inal\u00e1mbrico y adaptable. Les prometemos un teclado para juegos que satisfaga todas sus necesidades laborales. <\/p>\n<p>                                              <img decoding=\"async\" alt=\"brand story\" src=\"https:\/\/images-na.ssl-images-amazon.com\/images\/G\/01\/x-locale\/common\/grey-pixel.gif\" class=\"a-lazy-loaded\" data-src=\"https:\/\/m.media-amazon.com\/images\/S\/aplus-media-library-service-media\/78d94119-d382-4132-8145-bdb10e5792b4.__CR0,0,362,453_PT0_SX362_V1___.jpg\"><img decoding=\"async\" alt=\"brand story\" src=\"https:\/\/m.media-amazon.com\/images\/S\/aplus-media-library-service-media\/78d94119-d382-4132-8145-bdb10e5792b4.__CR0,0,362,453_PT0_SX362_V1___.jpg\">  <\/p>\n<p>                                              <img decoding=\"async\" alt=\"\" src=\"https:\/\/images-na.ssl-images-amazon.com\/images\/G\/01\/x-locale\/common\/grey-pixel.gif\" class=\"a-lazy-loaded\" data-src=\"https:\/\/m.media-amazon.com\/images\/S\/aplus-media-library-service-media\/aa1b881b-3310-4778-9079-7d0bda53c9b9.__CR0,0,362,453_PT0_SX362_V1___.png\"><img decoding=\"async\" alt=\"\" src=\"https:\/\/m.media-amazon.com\/images\/S\/aplus-media-library-service-media\/aa1b881b-3310-4778-9079-7d0bda53c9b9.__CR0,0,362,453_PT0_SX362_V1___.png\">  <\/p>\n<h3> Lo m\u00e1s destacado en los medios <\/h3>\n<p> Product Dimensions                                            \u200f                                            :                                            \u200e                                            32 x 14 x 4.3 cm; 1 kg   <br \/> Manufacturer                                            \u200f                                            :                                            \u200e                                            EPOMAKER   <br \/> ASIN                                            \u200f                                            :                                            \u200e                                            B0CNT61VMZ   <br \/> Item model number                                            \u200f                                            :                                            \u200e                                            F75   <br \/> Country of origin                                            \u200f                                            :                                            \u200e                                            China   <br \/> Guaranteed software updates until                                            \u200f                                            :                                            \u200e                                            unknown   <br \/>  Customer reviews:                                                                                            4.6               4.6 out of 5 stars                                  (5,053)                                              var dpAcrHasRegisteredArcLinkClickAction;                    P.when(&#8216;A&#8217;, &#8216;ready&#8217;).execute(function(A) {                        if (dpAcrHasRegisteredArcLinkClickAction !== true) {                            dpAcrHasRegisteredArcLinkClickAction = true;                            A.declarative(                                &#8216;acrLink-click-metrics&#8217;, &#8216;click&#8217;,                                { \u00aballowLinkDefault\u00bb: true },                                function (event) {                                    if (window.ue) {                                        ue.count(\u00abacrLinkClickCount\u00bb, (ue.count(\u00abacrLinkClickCount\u00bb) || 0) + 1);                                    }                                }                            );                        }                    });                                             P.when(&#8216;A&#8217;, &#8216;cf&#8217;).execute(function(A) {                A.declarative(&#8216;acrStarsLink-click-metrics&#8217;, &#8216;click&#8217;, { \u00aballowLinkDefault\u00bb : true },  function(event){                    if(window.ue) {                        ue.count(\u00abacrStarsLinkWithPopoverClickCount\u00bb, (ue.count(\u00abacrStarsLinkWithPopoverClickCount\u00bb) || 0) + 1);                    }                });            });                          <\/p>\n<p>\u301075% Optimized Compact Design\u3011The F75 redefines space efficiency with its compact design at 75%. This layout integrates all the essential keys into a smaller footprint, making it perfect for optimized desktops and mobile configurations without sacrificing functionality.<br \/>\u3010&#038; Innovative Crossbow Joint Structure\u3011 Experience the pinnacle of comfort with the crossbow joint structure. This advanced design ensures a flexible yet firm typing experience, reducing fatigue during prolonged use and maintaining a consistent and responsive key feel.<br \/>\u3010Acoustic Domain with Five Layer Padding\u3011The F75 features an internal five-layer sound and shock absorbing design, which includes two layers of Poron foam, an IXPE switch pad, a PET sound enhancement pad, and a bottom silicone pad. This sophisticated construction significantly reduces noise and resonance when typing, providing a calm and focused writing environment.<br \/>\u3010PRECISION DESIGNED B PC &#038; PRE-LUBED SWITCHES\u3011At the heart of the F75 is a meticulously designed 1.2mm single-key slotted PCB. This precision engineering ensures accuracy and stability when writing for a satisfying and reliable writing experience. The mechanical switches of the F75 keyboard are factory lubricated, feel smooth and sound excellent.<br \/>\u3010Bluetooth\/USB\/Wireless &#038; 4000mAh Battery\u3011Bluetooth, 2.4GHz wireless or USB-C cable, the F75 has three modes for all your needs. Whether it&#8217;s for a tidy wireless setup or a stable wired connection, this keyboard is ready for any situation. Equipped with a large 4000mAh battery, the F75 offers extended usage times, so your keyboard will always be ready for extensive work or gaming marathons.<br \/>\u3010Multimedia Control &#038; Hot Swap Keys\u3011Change media settings effortlessly using the F75&#8217;s built-in multimedia control knob. Or use the knob to adjust the backlight. The hot-swap function means you can switch switches seamlessly with the included switch puller to test different types of switches.<br \/>\u3010Tuned Stabilizers &#038; Double-Shot PBT Keys\u3011Tuned stabilizers often sound better and are more stable without breaking, as is the case with the F75. Say goodbye to swinging keys while your keystrokes gain accuracy. While the F75&#8217;s key is another example of excellent quality, it is made of double-shot PBT material for durability, maintaining a sleek appearance that can stand the test of time.<br \/>\u301016.8M Vibrant RGB\u3011 Immerse yourself in the fascinating lighting of the F75 that can show your preferences or light up your gaming desk with cute or geeky style. Choose from preset light effects or customize your own, as the 16.8 million color spectrums available on the F75 keyboard will ensure a vivid light show.<br \/>\u3010Low Latency with Reliable 2.4Ghz Wireless Connection\u3011With its ultra-sensitive and low-latency connection, the F75 ensures that every keystroke is not only vividly illuminated but also delivered with fast and unwavering accuracy, for intense gaming, exciting online conversations or productive typing. .<\/p>\n\n","protected":false},"excerpt":{"rendered":"<p> From the brand Teclados Espa\u00f1oles Populares Teclado EPOMAKER X AULA EPOMAKER AK820 PRO Teclado Magn\u00e9tico<\/p>","protected":false},"featured_media":25754,"comment_status":"open","ping_status":"closed","template":"","meta":[],"product_brand":[],"product_cat":[49],"product_tag":[5698,746,292,367,743,747,5697,5699,7598,740,4015,518,3413,3961,5702,248,1227,739,7599,744,4103,5703,885,742,745,1062,741,7597],"class_list":{"0":"post-25753","1":"product","2":"type-product","3":"status-publish","4":"has-post-thumbnail","6":"product_cat-keyboards","7":"product_tag-aula","8":"product_tag-backlit-keyboard","9":"product_tag-battery","10":"product_tag-blue","11":"product_tag-bluetooth-keyboard","12":"product_tag-compact-keyboard","13":"product_tag-epomaker","14":"product_tag-f75","15":"product_tag-fon","16":"product_tag-gaming-keyboard","17":"product_tag-gasket","18":"product_tag-keyboard","19":"product_tag-knob","20":"product_tag-layer","21":"product_tag-leobog","22":"product_tag-light","23":"product_tag-mechanical","24":"product_tag-mechanical-keyboard","25":"product_tag-nkro","26":"product_tag-office-keyboard","27":"product_tag-pads","28":"product_tag-reaper","29":"product_tag-rgb","30":"product_tag-rgb-keyboard","31":"product_tag-silent-keyboard","32":"product_tag-switch","33":"product_tag-wireless-keyboard","34":"product_tag-wirelessbluetoothusbc","36":"first","37":"instock","38":"shipping-taxable","39":"product-type-external"},"_links":{"self":[{"href":"https:\/\/comprasyconsejos.store\/en\/wp-json\/wp\/v2\/product\/25753","targetHints":{"allow":["GET"]}}],"collection":[{"href":"https:\/\/comprasyconsejos.store\/en\/wp-json\/wp\/v2\/product"}],"about":[{"href":"https:\/\/comprasyconsejos.store\/en\/wp-json\/wp\/v2\/types\/product"}],"replies":[{"embeddable":true,"href":"https:\/\/comprasyconsejos.store\/en\/wp-json\/wp\/v2\/comments?post=25753"}],"version-history":[{"count":0,"href":"https:\/\/comprasyconsejos.store\/en\/wp-json\/wp\/v2\/product\/25753\/revisions"}],"wp:featuredmedia":[{"embeddable":true,"href":"https:\/\/comprasyconsejos.store\/en\/wp-json\/wp\/v2\/media\/25754"}],"wp:attachment":[{"href":"https:\/\/comprasyconsejos.store\/en\/wp-json\/wp\/v2\/media?parent=25753"}],"wp:term":[{"taxonomy":"product_brand","embeddable":true,"href":"https:\/\/comprasyconsejos.store\/en\/wp-json\/wp\/v2\/product_brand?post=25753"},{"taxonomy":"product_cat","embeddable":true,"href":"https:\/\/comprasyconsejos.store\/en\/wp-json\/wp\/v2\/product_cat?post=25753"},{"taxonomy":"product_tag","embeddable":true,"href":"https:\/\/comprasyconsejos.store\/en\/wp-json\/wp\/v2\/product_tag?post=25753"}],"curies":[{"name":"wp","href":"https:\/\/api.w.org\/{rel}","templated":true}]}}