{"id":25766,"date":"2026-02-19T19:28:53","date_gmt":"2026-02-19T19:28:53","guid":{"rendered":"https:\/\/comprasyconsejos.store\/product\/dell-15-laptop-dc15255-15-6-fhd-1920-x-1080-120hz-amd-ryzen-5-7520u-processor-radeon-610m-graphics-8gb-lpddr5-ram-512gb-ssd-windows-11-home-spanish-qwerty-keyboard-black\/"},"modified":"2026-02-19T19:29:04","modified_gmt":"2026-02-19T19:29:04","slug":"dell-15-laptop-dc15255-15-6-fhd-1920-x-1080-120hz-amd-ryzen-5-7520u-processor-radeon-610m-graphics-8gb-lpddr5-ram-512gb-ssd-windows-11-home-spanish-qwerty-keyboard-black","status":"publish","type":"product","link":"https:\/\/comprasyconsejos.store\/en\/product\/dell-15-laptop-dc15255-15-6-fhd-1920-x-1080-120hz-amd-ryzen-5-7520u-processor-radeon-610m-graphics-8gb-lpddr5-ram-512gb-ssd-windows-11-home-spanish-qwerty-keyboard-black\/","title":{"rendered":"Dell 15 Laptop DC15255 15.6&#8243; FHD (1920 x 1080) 120Hz, AMD Ryzen 5 7520U Processor, Radeon 610M Graphics, 8GB LPDDR5 RAM, 512GB SSD, Windows 11 Home, Spanish QWERTY Keyboard &#8211; Black"},"content":{"rendered":"<p>Price: <span style=\"color:#b12704\">\u20ac449.00<\/span><br \/><i><small>(as of Feb 19, 2026 19:28:53 UTC &#8211; <span class=\"wp_automatic_amazon_disclaimer\" title=\"Product prices and availability are accurate as of the date\/time indicated and are subject to change. Any price and availability information displayed on [relevant Amazon Site(s), as applicable] at the time of purchase will apply to the purchase of this product.\">Details<\/span>)<\/small><\/i><\/p>\n<p><a href=\"https:\/\/amazon.es\/dp\/B0FBDT7L8G?tag=man008-21\"><img decoding=\"async\" src=\"https:\/\/valvepress.s3.amazonaws.com\/imgs\/buy_now.png\"><\/a><br \/>\n<\/p>\n<p>                                             From the brand   <\/p>\n<p>                                              <img decoding=\"async\" alt=\"\" src=\"https:\/\/images-na.ssl-images-amazon.com\/images\/G\/01\/x-locale\/common\/grey-pixel.gif\" class=\"a-lazy-loaded\" data-src=\"https:\/\/m.media-amazon.com\/images\/S\/aplus-media-library-service-media\/7e08296d-2e1c-4b8d-a68e-f79dbbd6afae.__CR0,0,1464,625_PT0_SX1464_V1___.jpg\"><img decoding=\"async\" alt=\"\" src=\"https:\/\/m.media-amazon.com\/images\/S\/aplus-media-library-service-media\/7e08296d-2e1c-4b8d-a68e-f79dbbd6afae.__CR0,0,1464,625_PT0_SX1464_V1___.jpg\">  <\/p>\n<h3> Accesorios para PC <\/h3>\n<p> Complete su configuraci\u00f3n con monitores, teclados, ratones y otros accesorios. <\/p>\n<h3> Complete su configuraci\u00f3n <\/h3>\n<p class=\"apm-brand-story-stores-link\">\n<h3> Complete su configuraci\u00f3n <\/h3>\n<p class=\"apm-brand-story-stores-link\">\n<h3> Complete su configuraci\u00f3n <\/h3>\n<p class=\"apm-brand-story-stores-link\">\n<p>                                              <img decoding=\"async\" alt=\"Varias vistas de alguien trabajando en una configuraci\u00f3n de escritorio con un port\u00e1til y un monitor, que muestran diferentes \u00e1ngulos de la disposici\u00f3n del espacio de trabajo.\" src=\"https:\/\/images-na.ssl-images-amazon.com\/images\/G\/01\/x-locale\/common\/grey-pixel.gif\" class=\"a-lazy-loaded\" data-src=\"https:\/\/m.media-amazon.com\/images\/S\/aplus-media-library-service-media\/f5b94167-4394-4b19-b14a-381a9677239d.__CR3,0,400,500_PT0_SX362_V1___.jpg\"><img decoding=\"async\" alt=\"Varias vistas de alguien trabajando en una configuraci\u00f3n de escritorio con un port\u00e1til y un monitor, que muestran diferentes \u00e1ngulos de la disposici\u00f3n del espacio de trabajo.\" src=\"https:\/\/m.media-amazon.com\/images\/S\/aplus-media-library-service-media\/f5b94167-4394-4b19-b14a-381a9677239d.__CR3,0,400,500_PT0_SX362_V1___.jpg\">  <\/p>\n<h3> Complete su configuraci\u00f3n <\/h3>\n<p class=\"apm-brand-story-stores-link\">\n<p> Package Dimensions                                            \u200f                                            :                                            \u200e                                            45.6 x 35.4 x 6.9 cm; 1.62 kg   <br \/> Manufacturer                                            \u200f                                            :                                            \u200e                                            Dell   <br \/> ASIN                                            \u200f                                            :                                            \u200e                                            B0FBDT7L8G   <br \/> Item model number                                            \u200f                                            :                                            \u200e                                            DDC15255-A681BLK-PES   <br \/> Country of origin                                            \u200f                                            :                                            \u200e                                            China   <br \/> Guaranteed software updates until                                            \u200f                                            :                                            \u200e                                            unknown   <br \/>  Customer reviews:                                                                                            4.4               4.4 out of 5 stars                                  (127)                                              var dpAcrHasRegisteredArcLinkClickAction;                    P.when(&#8216;A&#8217;, &#8216;ready&#8217;).execute(function(A) {                        if (dpAcrHasRegisteredArcLinkClickAction !== true) {                            dpAcrHasRegisteredArcLinkClickAction = true;                            A.declarative(                                &#8216;acrLink-click-metrics&#8217;, &#8216;click&#8217;,                                { \u00aballowLinkDefault\u00bb: true },                                function (event) {                                    if (window.ue) {                                        ue.count(\u00abacrLinkClickCount\u00bb, (ue.count(\u00abacrLinkClickCount\u00bb) || 0) + 1);                                    }                                }                            );                        }                    });                                             P.when(&#8216;A&#8217;, &#8216;cf&#8217;).execute(function(A) {                A.declarative(&#8216;acrStarsLink-click-metrics&#8217;, &#8216;click&#8217;, { \u00aballowLinkDefault\u00bb : true },  function(event){                    if(window.ue) {                        ue.count(\u00abacrStarsLinkWithPopoverClickCount\u00bb, (ue.count(\u00abacrStarsLinkWithPopoverClickCount\u00bb) || 0) + 1);                    }                });            });                          <\/p>\n<p>15.6&#8243; FULL HD DISPLAY WITH 120HZ: WVA FHD (1920 x 1080) display with 120Hz refresh rate, 250 nits brightness and anti-glare coating for visual comfort.<br \/>SMOOTH PERFORMANCE WITH AMD RYZEN 5 7520U: Equipped with AMD Ryzen 5 7520U processor and integrated Radeon 610M graphics for agile performance in everyday tasks.<br \/>8GB LPDDR5 &#038; 512GB SSD FOR DAILY USE: LPDDR5 memory (5500 MT\/s) and 512GB PCIe NVMe SSD for fast startup, smooth multitasking and extensive storage.<br \/>RADEON INTEGRATED GRAPHICS FOR DAILY &#8211; Radeon 610M delivers efficient visuals for navigation, video calling and productivity applications.<br \/>MODERN AND COMPLETE CONNECTIVITY: Includes Wi-Fi 6, Bluetooth, HDMI, USB Type-C, USB 3.2, microSD card reader and audio jack.<br \/>SLIM DESIGN WITH QWERTY BACKLIT KEYBOARD Espanol: Stylish Charcoal Black finish with QWERTY backlit keyboard for comfortable typing in any environment.<\/p>\n\n","protected":false},"excerpt":{"rendered":"<p> From the brand Accesorios para PC Complete su configuraci\u00f3n con monitores, teclados, ratones y otros<\/p>","protected":false},"featured_media":25767,"comment_status":"open","ping_status":"closed","template":"","meta":[],"product_brand":[],"product_cat":[89],"product_tag":[1634,536,7603,3793,622,777,776,785,530,778,782,307,784,7602,809,639,783,644,626,518,159,793,780,565,858,897,587,531,779,5273,513,781,537],"class_list":{"0":"post-25766","1":"product","2":"type-product","3":"status-publish","4":"has-post-thumbnail","6":"product_cat-all-in-one-pcs","7":"product_tag-120hz","8":"product_tag-512gb","9":"product_tag-610m","10":"product_tag-7520u","11":"product_tag-8gb","12":"product_tag-all-in-one-desktop","13":"product_tag-all-in-one-pc","14":"product_tag-all-in-one-pc-price","15":"product_tag-amd","16":"product_tag-apple-imac","17":"product_tag-best-all-in-one-computer","18":"product_tag-black","19":"product_tag-compact-pc","20":"product_tag-dc15255","21":"product_tag-dell","22":"product_tag-fhd","23":"product_tag-gaming-all-in-one-pc","24":"product_tag-graphics","25":"product_tag-home","26":"product_tag-keyboard","27":"product_tag-laptop","28":"product_tag-lpddr5","29":"product_tag-office-all-in-one-pc","30":"product_tag-processor","31":"product_tag-qwerty","32":"product_tag-radeon","33":"product_tag-ram","34":"product_tag-ryzen","35":"product_tag-slim-all-in-one-pc","36":"product_tag-spanish","37":"product_tag-ssd","38":"product_tag-touchscreen-all-in-one-pc","39":"product_tag-windows","41":"first","42":"instock","43":"shipping-taxable","44":"product-type-external"},"_links":{"self":[{"href":"https:\/\/comprasyconsejos.store\/en\/wp-json\/wp\/v2\/product\/25766","targetHints":{"allow":["GET"]}}],"collection":[{"href":"https:\/\/comprasyconsejos.store\/en\/wp-json\/wp\/v2\/product"}],"about":[{"href":"https:\/\/comprasyconsejos.store\/en\/wp-json\/wp\/v2\/types\/product"}],"replies":[{"embeddable":true,"href":"https:\/\/comprasyconsejos.store\/en\/wp-json\/wp\/v2\/comments?post=25766"}],"version-history":[{"count":0,"href":"https:\/\/comprasyconsejos.store\/en\/wp-json\/wp\/v2\/product\/25766\/revisions"}],"wp:featuredmedia":[{"embeddable":true,"href":"https:\/\/comprasyconsejos.store\/en\/wp-json\/wp\/v2\/media\/25767"}],"wp:attachment":[{"href":"https:\/\/comprasyconsejos.store\/en\/wp-json\/wp\/v2\/media?parent=25766"}],"wp:term":[{"taxonomy":"product_brand","embeddable":true,"href":"https:\/\/comprasyconsejos.store\/en\/wp-json\/wp\/v2\/product_brand?post=25766"},{"taxonomy":"product_cat","embeddable":true,"href":"https:\/\/comprasyconsejos.store\/en\/wp-json\/wp\/v2\/product_cat?post=25766"},{"taxonomy":"product_tag","embeddable":true,"href":"https:\/\/comprasyconsejos.store\/en\/wp-json\/wp\/v2\/product_tag?post=25766"}],"curies":[{"name":"wp","href":"https:\/\/api.w.org\/{rel}","templated":true}]}}