{"id":25818,"date":"2026-02-19T20:14:20","date_gmt":"2026-02-19T20:14:20","guid":{"rendered":"https:\/\/comprasyconsejos.store\/product\/asus-rog-xbox-ally-x-7-full-hd-120hz-portable-gaming-console-amd-ryzen-ai-z2-extreme-24gb-ram-1tb-ssd-80wh-battery-windows-11-get-3-months-free-game-pass-premium-black\/"},"modified":"2026-02-19T20:14:26","modified_gmt":"2026-02-19T20:14:26","slug":"asus-rog-xbox-ally-x-7-full-hd-120hz-portable-gaming-console-amd-ryzen-ai-z2-extreme-24gb-ram-1tb-ssd-80wh-battery-windows-11-get-3-months-free-game-pass-premium-black","status":"publish","type":"product","link":"https:\/\/comprasyconsejos.store\/en\/product\/asus-rog-xbox-ally-x-7-full-hd-120hz-portable-gaming-console-amd-ryzen-ai-z2-extreme-24gb-ram-1tb-ssd-80wh-battery-windows-11-get-3-months-free-game-pass-premium-black\/","title":{"rendered":"ASUS ROG Xbox Ally X &#8211; 7&#8243; Full HD 120Hz Portable Gaming Console (AMD Ryzen AI Z2 Extreme, 24GB RAM, 1TB SSD, 80Wh Battery, Windows 11, Get 3 Months Free Game Pass Premium) &#8211; Black"},"content":{"rendered":"<p>Price: <span style=\"color:#b12704\">\u20ac899.00<\/span><br \/><i><small>(as of Feb 19, 2026 20:14:20 UTC &#8211; <span class=\"wp_automatic_amazon_disclaimer\" title=\"Product prices and availability are accurate as of the date\/time indicated and are subject to change. Any price and availability information displayed on [relevant Amazon Site(s), as applicable] at the time of purchase will apply to the purchase of this product.\">Details<\/span>)<\/small><\/i><\/p>\n<p><a href=\"https:\/\/amazon.es\/dp\/B0FL7RGDS4?tag=man008-21\"><img decoding=\"async\" src=\"https:\/\/valvepress.s3.amazonaws.com\/imgs\/buy_now.png\"><\/a><br \/>\n<\/p>\n<p>                                             From the manufacturer   <\/p>\n<p>                                                  <img decoding=\"async\" alt=\"altTextForImage\" src=\"https:\/\/images-na.ssl-images-amazon.com\/images\/G\/01\/x-locale\/common\/grey-pixel.gif\" class=\"a-lazy-loaded\" data-src=\"https:\/\/m.media-amazon.com\/images\/S\/aplus-media-library-service-media\/6c478958-f372-4a56-b9e0-dc203297f393.__CR0,0,970,300_PT0_SX970_V1___.jpg\"><img decoding=\"async\" alt=\"altTextForImage\" src=\"https:\/\/m.media-amazon.com\/images\/S\/aplus-media-library-service-media\/6c478958-f372-4a56-b9e0-dc203297f393.__CR0,0,970,300_PT0_SX970_V1___.jpg\">  <\/p>\n<p>                                                      <img decoding=\"async\" alt=\"Varios \u00e1ngulos de un dispositivo port\u00e1til para juegos negro con la marca ROG (Republic of Gamers), que muestra un dise\u00f1o ergon\u00f3mico y una distribuci\u00f3n de controles.\" src=\"https:\/\/images-na.ssl-images-amazon.com\/images\/G\/01\/x-locale\/common\/grey-pixel.gif\" class=\"a-spacing-mini a-lazy-loaded\" data-src=\"https:\/\/m.media-amazon.com\/images\/S\/aplus-media-library-service-media\/612f59f5-712e-44d6-ab41-63f739122c44.__CR0,0,300,400_PT0_SX300_V1___.jpg\"><img decoding=\"async\" alt=\"Varios \u00e1ngulos de un dispositivo port\u00e1til para juegos negro con la marca ROG (Republic of Gamers), que muestra un dise\u00f1o ergon\u00f3mico y una distribuci\u00f3n de controles.\" src=\"https:\/\/m.media-amazon.com\/images\/S\/aplus-media-library-service-media\/612f59f5-712e-44d6-ab41-63f739122c44.__CR0,0,300,400_PT0_SX300_V1___.jpg\">  <\/p>\n<p>                                                              <img decoding=\"async\" alt=\"El texto dice \u00abREPUBLIC OF GAMERS\u00bb. Logotipo de ROG en rojo sobre fondo blanco, que muestra el dise\u00f1o distintivo del emblema ocular de la marca.\" src=\"https:\/\/images-na.ssl-images-amazon.com\/images\/G\/01\/x-locale\/common\/grey-pixel.gif\" class=\"a-spacing-mini a-lazy-loaded\" data-src=\"https:\/\/m.media-amazon.com\/images\/S\/aplus-media-library-service-media\/e42caf49-b10d-400f-be15-519575a3724a.__CR0,0,350,175_PT0_SX350_V1___.jpg\"><img decoding=\"async\" alt=\"El texto dice \u00abREPUBLIC OF GAMERS\u00bb. Logotipo de ROG en rojo sobre fondo blanco, que muestra el dise\u00f1o distintivo del emblema ocular de la marca.\" src=\"https:\/\/m.media-amazon.com\/images\/S\/aplus-media-library-service-media\/e42caf49-b10d-400f-be15-519575a3724a.__CR0,0,350,175_PT0_SX350_V1___.jpg\">                                                                 <\/p>\n<p class=\"a-spacing-small a-size-small a-color-secondary\"> Republic of Gamers (ROG), parte de la familia ASUS, se dedica a crear hardware gaming innovador para jugadores. ROG se compromete a ofrecer el m\u00e1ximo rendimiento y calidad en toda su l\u00ednea de productos. ROG es para los entusiastas del mejor hardware y software gaming, permitiendo la experiencia inform\u00e1tica definitiva. Con una est\u00e9tica futurista enfocada a los jugadores, la emoci\u00f3n de los juegos se fusiona con un estilo premium excepcional. <\/p>\n<h3 class=\"a-spacing-mini\"> ROG XBOX ALLY X <\/h3>\n<p>                                          #playALLYourgames                                     <\/p>\n<p class=\"a-spacing-base\"> Enci\u00e9ndelo directamente en la experiencia de pantalla completa de Xbox. Accede a la barra de juegos y m\u00e1s con el bot\u00f3n Xbox. Impulsada por AMD Ryzen AI Z2 Extreme, la ROG Xbox Ally X juega juegos AAA sin problemas, con una NPU que desbloquea futuras experiencias de IA. La ROG Xbox Ally X cuenta con un chasis redise\u00f1ado con empu\u00f1aduras contorneadas inspiradas en Xbox, que brindan una comodidad equilibrada. <\/p>\n<p class=\"apm-text-center\">\n                                                      <img decoding=\"async\" alt=\"altTextForImage\" src=\"https:\/\/images-na.ssl-images-amazon.com\/images\/G\/01\/x-locale\/common\/grey-pixel.gif\" class=\"a-spacing-mini a-lazy-loaded\" data-src=\"https:\/\/m.media-amazon.com\/images\/S\/aplus-media-library-service-media\/68988586-753e-4a06-b591-ccdb84705d57.__CR0,0,884,734_PT0_SX300_V1___.jpg\"><img decoding=\"async\" alt=\"altTextForImage\" src=\"https:\/\/m.media-amazon.com\/images\/S\/aplus-media-library-service-media\/68988586-753e-4a06-b591-ccdb84705d57.__CR0,0,884,734_PT0_SX300_V1___.jpg\">  <\/p>\n<p>                                                    Controles que ya conoces                                       <\/p>\n<p> No necesitas aprender una nueva forma de jugar, necesitas controles que ya se sientan como en casa. Con la experiencia de pantalla completa de Xbox construida alrededor de los controladores, Xbox Ally X simplemente te atrapa. <\/p>\n<p class=\"apm-text-center\">\n                                                      <img decoding=\"async\" alt=\"altTextForImage\" src=\"https:\/\/images-na.ssl-images-amazon.com\/images\/G\/01\/x-locale\/common\/grey-pixel.gif\" class=\"a-spacing-mini a-lazy-loaded\" data-src=\"https:\/\/m.media-amazon.com\/images\/S\/aplus-media-library-service-media\/ad2856ee-e0a7-4300-8297-d21dd7e805fa.__CR0,0,884,734_PT0_SX300_V1___.jpg\"><img decoding=\"async\" alt=\"altTextForImage\" src=\"https:\/\/m.media-amazon.com\/images\/S\/aplus-media-library-service-media\/ad2856ee-e0a7-4300-8297-d21dd7e805fa.__CR0,0,884,734_PT0_SX300_V1___.jpg\">  <\/p>\n<p>                                                    Experiencia de pantalla completa de Xbox                                       <\/p>\n<p> Una buena consola port\u00e1til est\u00e1 lista en cualquier momento. Tan pronto como enciendas la ROG Xbox Ally X, puedes saltar directamente a tus juegos favoritos de Xbox y PC. <\/p>\n<p class=\"apm-text-center\">\n                                                      <img decoding=\"async\" alt=\"altTextForImage\" src=\"https:\/\/images-na.ssl-images-amazon.com\/images\/G\/01\/x-locale\/common\/grey-pixel.gif\" class=\"a-spacing-mini a-lazy-loaded\" data-src=\"https:\/\/m.media-amazon.com\/images\/S\/aplus-media-library-service-media\/48bc934c-fd25-48a9-9d32-99ec17c2600a.__CR0,0,884,734_PT0_SX300_V1___.jpg\"><img decoding=\"async\" alt=\"altTextForImage\" src=\"https:\/\/m.media-amazon.com\/images\/S\/aplus-media-library-service-media\/48bc934c-fd25-48a9-9d32-99ec17c2600a.__CR0,0,884,734_PT0_SX300_V1___.jpg\">  <\/p>\n<p>                                                    Acceso total. Un bot\u00f3n de Xbox.                                       <\/p>\n<p> Accede r\u00e1pidamente a la barra de juegos con el bot\u00f3n dedicado de Xbox para ver las estad\u00edsticas del sistema, capturar el juego o chatear con amigos. Adem\u00e1s, ingresa al Centro de comando para una configuraci\u00f3n r\u00e1pida y una personalizaci\u00f3n profunda. <\/p>\n<p class=\"apm-text-center\">\n                                                      <img decoding=\"async\" alt=\"altTextForImage\" src=\"https:\/\/images-na.ssl-images-amazon.com\/images\/G\/01\/x-locale\/common\/grey-pixel.gif\" class=\"a-spacing-mini a-lazy-loaded\" data-src=\"https:\/\/m.media-amazon.com\/images\/S\/aplus-media-library-service-media\/e927327a-a104-442f-a367-9e380fbd0494.__CR0,0,784,589_PT0_SX300_V1___.jpg\"><img decoding=\"async\" alt=\"altTextForImage\" src=\"https:\/\/m.media-amazon.com\/images\/S\/aplus-media-library-service-media\/e927327a-a104-442f-a367-9e380fbd0494.__CR0,0,784,589_PT0_SX300_V1___.jpg\">  <\/p>\n<p>                                                    El poder de jugar, construido para el futuro                                       <\/p>\n<p> Impulsada por AMD Ryzen AI Z2 Extreme, la ROG Xbox Ally X ofrece gr\u00e1ficos de pr\u00f3xima generaci\u00f3n y un juego ultra fluido con AFMF. Como la primera consola port\u00e1til impulsada por IA, su NPU incorporada est\u00e1 lista para el futuro de los juegos. <\/p>\n<p class=\"apm-text-center\">\n                                                      <img decoding=\"async\" alt=\"altTextForImage\" src=\"https:\/\/images-na.ssl-images-amazon.com\/images\/G\/01\/x-locale\/common\/grey-pixel.gif\" class=\"a-spacing-mini a-lazy-loaded\" data-src=\"https:\/\/m.media-amazon.com\/images\/S\/aplus-media-library-service-media\/adc6fde8-fc19-4e59-bc85-9d6f0ee3eee0.__CR0,0,784,589_PT0_SX300_V1___.jpg\"><img decoding=\"async\" alt=\"altTextForImage\" src=\"https:\/\/m.media-amazon.com\/images\/S\/aplus-media-library-service-media\/adc6fde8-fc19-4e59-bc85-9d6f0ee3eee0.__CR0,0,784,589_PT0_SX300_V1___.jpg\">  <\/p>\n<p>                                                    Compatibilidad port\u00e1til                                       <\/p>\n<p> Identifica f\u00e1cilmente qu\u00e9 juegos est\u00e1n optimizados para dispositivos port\u00e1tiles. No te preocupes por ajustar la configuraci\u00f3n. Simplemente inicia tu juego y juega en cualquier lugar. Los juegos que en su mayor\u00eda son compatibles significan que es posible que se requieran ajustes menores en tu consola port\u00e1til compatible. Cuando un juego tiene una insignia de ajuste de rendimiento de Windows \u00abDeber\u00eda jugar bien\u00bb, significa que el juego se reproducir\u00e1, se ver\u00e1 y se sentir\u00e1 genial en tu dispositivo. <\/p>\n<p class=\"apm-text-center\">\n                                                      <img decoding=\"async\" alt=\"altTextForImage\" src=\"https:\/\/images-na.ssl-images-amazon.com\/images\/G\/01\/x-locale\/common\/grey-pixel.gif\" class=\"a-spacing-mini a-lazy-loaded\" data-src=\"https:\/\/m.media-amazon.com\/images\/S\/aplus-media-library-service-media\/007889a9-754b-410e-8600-56590db03828.__CR0,0,784,589_PT0_SX300_V1___.jpg\"><img decoding=\"async\" alt=\"altTextForImage\" src=\"https:\/\/m.media-amazon.com\/images\/S\/aplus-media-library-service-media\/007889a9-754b-410e-8600-56590db03828.__CR0,0,784,589_PT0_SX300_V1___.jpg\">  <\/p>\n<p>                                                    Menos carga. M\u00e1s peleas de jefes.                                       <\/p>\n<p> La portabilidad lo es todo para una computadora de mano, por lo que hemos equipado la ROG Xbox Ally X con una enorme bater\u00eda de 80 Wh. Y no se trata solo del tama\u00f1o de la bater\u00eda. El nuevo Ryzen AI Z2 Extreme ofrece una mayor eficiencia y rendimiento en todos los \u00e1mbitos: jugar en modo silencioso se sentir\u00e1 como el modo de rendimiento de la generaci\u00f3n anterior, al tiempo que te dar\u00e1 m\u00e1s tiempo de juego. M\u00e1s fotogramas. <\/p>\n<p class=\"apm-text-center\">\n                                                      <img decoding=\"async\" alt=\"altTextForImage\" src=\"https:\/\/images-na.ssl-images-amazon.com\/images\/G\/01\/x-locale\/common\/grey-pixel.gif\" class=\"a-spacing-mini a-lazy-loaded\" data-src=\"https:\/\/m.media-amazon.com\/images\/S\/aplus-media-library-service-media\/b17479f9-4d4f-476e-b911-8a2beb6301cf.__CR0,0,478,365_PT0_SX300_V1___.jpg\"><img decoding=\"async\" alt=\"altTextForImage\" src=\"https:\/\/m.media-amazon.com\/images\/S\/aplus-media-library-service-media\/b17479f9-4d4f-476e-b911-8a2beb6301cf.__CR0,0,478,365_PT0_SX300_V1___.jpg\">  <\/p>\n<p>                                                    M\u00edralo. Esc\u00fachalo. Si\u00e9ntelo.                                       <\/p>\n<p> La Xbox Ally X cuenta con una brillante pantalla t\u00e1ctil de 7&#8243; y 1080p con una frecuencia de actualizaci\u00f3n de 120 Hz y FreeSync Premium para un juego ultrafluido, incluso al aire libre. Protegido por Gorilla Glass y alimentado por altavoces duales Smart Amp, est\u00e1 dise\u00f1ado para verse bien y sonar a\u00fan mejor. <\/p>\n<p class=\"apm-text-center\">\n                                                      <img decoding=\"async\" alt=\"altTextForImage\" src=\"https:\/\/images-na.ssl-images-amazon.com\/images\/G\/01\/x-locale\/common\/grey-pixel.gif\" class=\"a-spacing-mini a-lazy-loaded\" data-src=\"https:\/\/m.media-amazon.com\/images\/S\/aplus-media-library-service-media\/552138fe-3c89-4854-b8bc-e7b229cf519d.__CR0,0,478,365_PT0_SX300_V1___.jpg\"><img decoding=\"async\" alt=\"altTextForImage\" src=\"https:\/\/m.media-amazon.com\/images\/S\/aplus-media-library-service-media\/552138fe-3c89-4854-b8bc-e7b229cf519d.__CR0,0,478,365_PT0_SX300_V1___.jpg\">  <\/p>\n<p>                                                    Juega a todos tus juegos                                       <\/p>\n<p> Con la tecnolog\u00eda de Windows 11, ROG Xbox Ally y Xbox Ally X te dan acceso a tu biblioteca completa de juegos de PC de Xbox y otras tiendas de juegos. Ya sea que te gusten las gemas independientes o los \u00e9xitos de taquilla AAA, o los juegos cl\u00e1sicos con mods personalizados instalados, puedes jugarlos todos. <\/p>\n<p class=\"apm-text-center\">\n                                                      <img decoding=\"async\" alt=\"altTextForImage\" src=\"https:\/\/images-na.ssl-images-amazon.com\/images\/G\/01\/x-locale\/common\/grey-pixel.gif\" class=\"a-spacing-mini a-lazy-loaded\" data-src=\"https:\/\/m.media-amazon.com\/images\/S\/aplus-media-library-service-media\/0269d8d5-2623-4baa-9064-1154a955bc31.__CR0,0,478,365_PT0_SX300_V1___.jpg\"><img decoding=\"async\" alt=\"altTextForImage\" src=\"https:\/\/m.media-amazon.com\/images\/S\/aplus-media-library-service-media\/0269d8d5-2623-4baa-9064-1154a955bc31.__CR0,0,478,365_PT0_SX300_V1___.jpg\">  <\/p>\n<p>                                                    Se siente bien en tus manos                                       <\/p>\n<p> Ambas empu\u00f1aduras est\u00e1n perfectamente contorneadas para adaptarse a las curvas naturales de sus manos, mientras que la distribuci\u00f3n de los componentes en el interior brinda una sensaci\u00f3n perfectamente equilibrada, lo que reduce el peso percibido del dispositivo, para que pueda jugar durante m\u00e1s tiempo. <\/p>\n<p> Batteries                                            \u200f                                            :                                            \u200e                                            1 Lithium Ion batteries required. (included)   <br \/> Language                                            \u200f                                            :                                            \u200e                                            Spanish   <br \/> Product Dimensions                                            \u200f                                            :                                            \u200e                                            11.3 x 28.9 x 5 cm; 689 g   <br \/> Manufacturer                                            \u200f                                            :                                            \u200e                                            ASUS   <br \/> ASIN                                            \u200f                                            :                                            \u200e                                            B0FL7RGDS4   <br \/> Item model number                                            \u200f                                            :                                            \u200e                                            90NV00H2-M00380   <br \/> Guaranteed software updates until                                            \u200f                                            :                                            \u200e                                            unknown   <br \/>  Customer reviews:                                                                                            4.2               4.2 out of 5 stars                                  (30)                                              var dpAcrHasRegisteredArcLinkClickAction;                    P.when(&#8216;A&#8217;, &#8216;ready&#8217;).execute(function(A) {                        if (dpAcrHasRegisteredArcLinkClickAction !== true) {                            dpAcrHasRegisteredArcLinkClickAction = true;                            A.declarative(                                &#8216;acrLink-click-metrics&#8217;, &#8216;click&#8217;,                                { \u00aballowLinkDefault\u00bb: true },                                function (event) {                                    if (window.ue) {                                        ue.count(\u00abacrLinkClickCount\u00bb, (ue.count(\u00abacrLinkClickCount\u00bb) || 0) + 1);                                    }                                }                            );                        }                    });                                             P.when(&#8216;A&#8217;, &#8216;cf&#8217;).execute(function(A) {                A.declarative(&#8216;acrStarsLink-click-metrics&#8217;, &#8216;click&#8217;, { \u00aballowLinkDefault\u00bb : true },  function(event){                    if(window.ue) {                        ue.count(\u00abacrStarsLinkWithPopoverClickCount\u00bb, (ue.count(\u00abacrStarsLinkWithPopoverClickCount\u00bb) || 0) + 1);                    }                });            });                          <\/p>\n<p>Operating System: Windows 11 Home<br \/>Processor: AMD AI Ryzen Z2 Extreme<br \/>GPU: AMD Radeon Graphics (AMD RDNA 3, 12 CUs, up to 2.7 GHz, up to 8.6 Teraflops)<br \/>Display: 7.0&#8243;, FHD (1920 x 1080) 16:9 and 120Hz refresh rate<br \/>RAM: 24GB<br \/>Storage: 1TB PCIE G4 SSD<\/p>\n\n","protected":false},"excerpt":{"rendered":"<p> From the manufacturer Republic of Gamers (ROG), parte de la familia ASUS, se dedica a<\/p>","protected":false},"featured_media":25819,"comment_status":"open","ping_status":"closed","template":"","meta":[],"product_brand":[],"product_cat":[86],"product_tag":[1634,526,602,601,7618,7499,530,850,292,520,307,1886,1470,2537,560,1795,617,519,524,521,525,522,523,2150,7619,290,528,1035,587,527,1293,531,513,537,1079],"class_list":{"0":"post-25818","1":"product","2":"type-product","3":"status-publish","4":"has-post-thumbnail","6":"product_cat-gaming-laptop","7":"product_tag-120hz","8":"product_tag-144hz-gaming-laptop","9":"product_tag-1tb","10":"product_tag-24gb","11":"product_tag-80wh","12":"product_tag-ally","13":"product_tag-amd","14":"product_tag-asus","15":"product_tag-battery","16":"product_tag-best-gaming-laptop","17":"product_tag-black","18":"product_tag-console","19":"product_tag-extreme","20":"product_tag-free","21":"product_tag-full","22":"product_tag-game","23":"product_tag-gaming","24":"product_tag-gaming-laptop","25":"product_tag-gaming-laptop-16gb-ram","26":"product_tag-gaming-laptop-rtx","27":"product_tag-gaming-laptop-ssd","28":"product_tag-gaming-laptop-under-budget","29":"product_tag-high-performance-laptop","30":"product_tag-months","31":"product_tag-pass","32":"product_tag-portable","33":"product_tag-portable-gaming-laptop","34":"product_tag-premium","35":"product_tag-ram","36":"product_tag-rgb-gaming-laptop","37":"product_tag-rog","38":"product_tag-ryzen","39":"product_tag-ssd","40":"product_tag-windows","41":"product_tag-xbox","43":"first","44":"instock","45":"shipping-taxable","46":"product-type-external"},"_links":{"self":[{"href":"https:\/\/comprasyconsejos.store\/en\/wp-json\/wp\/v2\/product\/25818","targetHints":{"allow":["GET"]}}],"collection":[{"href":"https:\/\/comprasyconsejos.store\/en\/wp-json\/wp\/v2\/product"}],"about":[{"href":"https:\/\/comprasyconsejos.store\/en\/wp-json\/wp\/v2\/types\/product"}],"replies":[{"embeddable":true,"href":"https:\/\/comprasyconsejos.store\/en\/wp-json\/wp\/v2\/comments?post=25818"}],"version-history":[{"count":0,"href":"https:\/\/comprasyconsejos.store\/en\/wp-json\/wp\/v2\/product\/25818\/revisions"}],"wp:featuredmedia":[{"embeddable":true,"href":"https:\/\/comprasyconsejos.store\/en\/wp-json\/wp\/v2\/media\/25819"}],"wp:attachment":[{"href":"https:\/\/comprasyconsejos.store\/en\/wp-json\/wp\/v2\/media?parent=25818"}],"wp:term":[{"taxonomy":"product_brand","embeddable":true,"href":"https:\/\/comprasyconsejos.store\/en\/wp-json\/wp\/v2\/product_brand?post=25818"},{"taxonomy":"product_cat","embeddable":true,"href":"https:\/\/comprasyconsejos.store\/en\/wp-json\/wp\/v2\/product_cat?post=25818"},{"taxonomy":"product_tag","embeddable":true,"href":"https:\/\/comprasyconsejos.store\/en\/wp-json\/wp\/v2\/product_tag?post=25818"}],"curies":[{"name":"wp","href":"https:\/\/api.w.org\/{rel}","templated":true}]}}