{"id":25894,"date":"2026-02-19T21:31:52","date_gmt":"2026-02-19T21:31:52","guid":{"rendered":"https:\/\/comprasyconsejos.store\/product\/thermal-paste-cpu-thermal-paste-gpu-thermal-paste-non-conductive-thermal-grease-computer-thermal-paste-cpu-cooler-high-thermal-conductivity-heat-sink-paste\/"},"modified":"2026-02-19T21:31:58","modified_gmt":"2026-02-19T21:31:58","slug":"thermal-paste-cpu-thermal-paste-gpu-thermal-paste-non-conductive-thermal-grease-computer-thermal-paste-cpu-cooler-high-thermal-conductivity-heat-sink-paste","status":"publish","type":"product","link":"https:\/\/comprasyconsejos.store\/en\/product\/thermal-paste-cpu-thermal-paste-gpu-thermal-paste-non-conductive-thermal-grease-computer-thermal-paste-cpu-cooler-high-thermal-conductivity-heat-sink-paste\/","title":{"rendered":"Thermal Paste &#8211; CPU Thermal Paste | GPU Thermal Paste | Non-Conductive Thermal Grease | Computer Thermal Paste | CPU Cooler | High Thermal Conductivity | Heat Sink Paste"},"content":{"rendered":"<p>Price: <span style=\"color:#b12704\">\u20ac2.79<\/span><br \/><i><small>(as of Feb 19, 2026 21:31:52 UTC &#8211; <span class=\"wp_automatic_amazon_disclaimer\" title=\"Product prices and availability are accurate as of the date\/time indicated and are subject to change. Any price and availability information displayed on [relevant Amazon Site(s), as applicable] at the time of purchase will apply to the purchase of this product.\">Details<\/span>)<\/small><\/i><\/p>\n<p><a href=\"https:\/\/amazon.es\/dp\/B0D7S16NQK?tag=man008-21\"><img decoding=\"async\" src=\"https:\/\/valvepress.s3.amazonaws.com\/imgs\/buy_now.png\"><\/a><br \/>\n<\/p>\n<p>                                             Product Description   <\/p>\n<p>                                                  <img decoding=\"async\" alt=\"Dise\u00f1o de pist\u00f3n distintivo\" src=\"https:\/\/images-na.ssl-images-amazon.com\/images\/G\/01\/x-locale\/common\/grey-pixel.gif\" class=\"a-lazy-loaded\" data-src=\"https:\/\/m.media-amazon.com\/images\/S\/aplus-media-library-service-media\/eb9f8286-7e44-4ac0-8526-639d698aae0e.__CR0,0,1600,1600_PT0_SX300_V1___.jpg\"><img decoding=\"async\" alt=\"Dise\u00f1o de pist\u00f3n distintivo\" src=\"https:\/\/m.media-amazon.com\/images\/S\/aplus-media-library-service-media\/eb9f8286-7e44-4ac0-8526-639d698aae0e.__CR0,0,1600,1600_PT0_SX300_V1___.jpg\">  <\/p>\n<h3 class=\"a-spacing-mini\"> Dise\u00f1o de pist\u00f3n distintivo <\/h3>\n<p> Mediante el uso de ABS y grasa de silicona en el dise\u00f1o de pist\u00f3n, nuestra pasta t\u00e9rmica proporciona una mayor durabilidad para una conservaci\u00f3n ecol\u00f3gica a largo plazo y es una opci\u00f3n rentable con un rendimiento sostenible. <\/p>\n<p>                                                  <img decoding=\"async\" alt=\"Alta conductividad t\u00e9rmica\" src=\"https:\/\/images-na.ssl-images-amazon.com\/images\/G\/01\/x-locale\/common\/grey-pixel.gif\" class=\"a-spacing-mini a-lazy-loaded\" data-src=\"https:\/\/m.media-amazon.com\/images\/S\/aplus-media-library-service-media\/6a8b9475-f3e8-4e3b-a922-c430e3dce9b6.__CR0,0,1600,1600_PT0_SX300_V1___.jpg\"><img decoding=\"async\" alt=\"Alta conductividad t\u00e9rmica\" src=\"https:\/\/m.media-amazon.com\/images\/S\/aplus-media-library-service-media\/6a8b9475-f3e8-4e3b-a922-c430e3dce9b6.__CR0,0,1600,1600_PT0_SX300_V1___.jpg\">  <\/p>\n<h3 class=\"a-spacing-mini\"> Alta conductividad t\u00e9rmica <\/h3>\n<p> Logre una gesti\u00f3n t\u00e9rmica eficiente con una excelente conductividad t\u00e9rmica y disipe r\u00e1pidamente el calor para prolongar la vida \u00fatil del equipo mientras reduce la temperatura para el funcionamiento permanente de los dispositivos electr\u00f3nicos. <\/p>\n<p>                                                  <img decoding=\"async\" alt=\"Viscosidad media\" src=\"https:\/\/images-na.ssl-images-amazon.com\/images\/G\/01\/x-locale\/common\/grey-pixel.gif\" class=\"a-lazy-loaded\" data-src=\"https:\/\/m.media-amazon.com\/images\/S\/aplus-media-library-service-media\/f4777eb3-48d5-456c-8d13-910f336a5c89.__CR0,0,1600,1600_PT0_SX300_V1___.jpg\"><img decoding=\"async\" alt=\"Viscosidad media\" src=\"https:\/\/m.media-amazon.com\/images\/S\/aplus-media-library-service-media\/f4777eb3-48d5-456c-8d13-910f336a5c89.__CR0,0,1600,1600_PT0_SX300_V1___.jpg\">  <\/p>\n<h3 class=\"a-spacing-mini\"> Viscosidad media <\/h3>\n<p> Con nuestra pasta t\u00e9rmica, puede lograr f\u00e1cilmente una excelente refrigeraci\u00f3n de la CPU. Su dise\u00f1o f\u00e1cil de usar proporciona una buena adherencia, viscosidad moderada y no vol\u00e1til, es ideal para usuarios iniciales y garantiza un rendimiento duradero. <\/p>\n<p> Package Dimensions                                            \u200f                                            :                                            \u200e                                            15 x 2 x 2 cm; 13.61 g   <br \/> Manufacturer                                            \u200f                                            :                                            \u200e                                            Generisch   <br \/> ASIN                                            \u200f                                            :                                            \u200e                                            B0D7S16NQK   <br \/> Item model number                                            \u200f                                            :                                            \u200e                                            LJ3VO462CQGO35V0   <br \/> Guaranteed software updates until                                            \u200f                                            :                                            \u200e                                            unknown   <\/p>\n<p>Useful Piston Design &#8211; Our thermal paste is made of environmentally friendly ABS and silicone grease and has a piston mechanism that can withstand long time use and allows it better performance and sustainability.<br \/>Good Thermal Conductivity &#8211; Ensures optimal electronic performance by significantly reducing the temperature of the device, providing strong heat dissipation and good thermal conductivity to extend the life of the device.<br \/>Medium Viscosity: Effortlessly get excellent CPU cooling with our thermal paste. Its user-friendly design provides good adhesion, moderate viscosity and non-volatile, is ideal for initial users and ensures long-lasting performance.<br \/>Safe to use: our thermal paste ensures optimal heat dissipation. Free from odors and metal particles, does not conduct electricity and does not attack electronic components. Safe to use without risk of damage.<br \/>Wide Applications Our thermal paste is designed to improve the cooling of electronic devices such as diodes and amplifier tubes. Achieve optimal performance by regulating temperatures effectively and efficiently.<\/p>\n\n","protected":false},"excerpt":{"rendered":"<p> Product Description Dise\u00f1o de pist\u00f3n distintivo Mediante el uso de ABS y grasa de silicona<\/p>","protected":false},"featured_media":25895,"comment_status":"open","ping_status":"closed","template":"","meta":[],"product_brand":[],"product_cat":[67],"product_tag":[2039,539,2060,1668,598,2045,2034,599,2055,1123,2043,197,2038,2296,2056,5158,2053,2035,2036,2033,2041,2048],"class_list":{"0":"post-25894","1":"product","2":"type-product","3":"status-publish","4":"has-post-thumbnail","6":"product_cat-thermal-paste","7":"product_tag-best-thermal-paste","8":"product_tag-computer","9":"product_tag-conductivity","10":"product_tag-cooler","11":"product_tag-cpu","12":"product_tag-cpu-cooling-paste","13":"product_tag-cpu-thermal-paste","14":"product_tag-gpu","15":"product_tag-grease","16":"product_tag-heat","17":"product_tag-heat-sink-paste","18":"product_tag-high","19":"product_tag-high-performance-thermal-paste","20":"product_tag-nonconductive","21":"product_tag-paste","22":"product_tag-sink","23":"product_tag-thermal","24":"product_tag-thermal-compound","25":"product_tag-thermal-grease","26":"product_tag-thermal-paste","27":"product_tag-thermal-paste-for-gaming-pc","28":"product_tag-thermal-paste-price","30":"first","31":"instock","32":"shipping-taxable","33":"product-type-external"},"_links":{"self":[{"href":"https:\/\/comprasyconsejos.store\/en\/wp-json\/wp\/v2\/product\/25894","targetHints":{"allow":["GET"]}}],"collection":[{"href":"https:\/\/comprasyconsejos.store\/en\/wp-json\/wp\/v2\/product"}],"about":[{"href":"https:\/\/comprasyconsejos.store\/en\/wp-json\/wp\/v2\/types\/product"}],"replies":[{"embeddable":true,"href":"https:\/\/comprasyconsejos.store\/en\/wp-json\/wp\/v2\/comments?post=25894"}],"version-history":[{"count":0,"href":"https:\/\/comprasyconsejos.store\/en\/wp-json\/wp\/v2\/product\/25894\/revisions"}],"wp:featuredmedia":[{"embeddable":true,"href":"https:\/\/comprasyconsejos.store\/en\/wp-json\/wp\/v2\/media\/25895"}],"wp:attachment":[{"href":"https:\/\/comprasyconsejos.store\/en\/wp-json\/wp\/v2\/media?parent=25894"}],"wp:term":[{"taxonomy":"product_brand","embeddable":true,"href":"https:\/\/comprasyconsejos.store\/en\/wp-json\/wp\/v2\/product_brand?post=25894"},{"taxonomy":"product_cat","embeddable":true,"href":"https:\/\/comprasyconsejos.store\/en\/wp-json\/wp\/v2\/product_cat?post=25894"},{"taxonomy":"product_tag","embeddable":true,"href":"https:\/\/comprasyconsejos.store\/en\/wp-json\/wp\/v2\/product_tag?post=25894"}],"curies":[{"name":"wp","href":"https:\/\/api.w.org\/{rel}","templated":true}]}}