{"id":25902,"date":"2026-02-19T21:35:15","date_gmt":"2026-02-19T21:35:15","guid":{"rendered":"https:\/\/comprasyconsejos.store\/product\/noctua-nf-a6-pwm\/"},"modified":"2026-02-19T21:35:17","modified_gmt":"2026-02-19T21:35:17","slug":"noctua-nf-a6-pwm","status":"publish","type":"product","link":"https:\/\/comprasyconsejos.store\/en\/product\/noctua-nf-a6-pwm\/","title":{"rendered":"Noctua NF-A6 PWM"},"content":{"rendered":"<p>Price: <span style=\"color:#b12704\">\u20ac16.90<\/span><br \/><i><small>(as of Feb 19, 2026 21:35:15 UTC &#8211; <span class=\"wp_automatic_amazon_disclaimer\" title=\"Product prices and availability are accurate as of the date\/time indicated and are subject to change. Any price and availability information displayed on [relevant Amazon Site(s), as applicable] at the time of purchase will apply to the purchase of this product.\">Details<\/span>)<\/small><\/i><\/p>\n<p><a href=\"https:\/\/amazon.es\/dp\/B00VXTANZ4?tag=man008-21\"><img decoding=\"async\" src=\"https:\/\/valvepress.s3.amazonaws.com\/imgs\/buy_now.png\"><\/a><br \/>\n<\/p>\n<p>                                             Product Description   <\/p>\n<p>                                                         <img decoding=\"async\" alt=\"noctua\" src=\"https:\/\/images-na.ssl-images-amazon.com\/images\/G\/01\/x-locale\/common\/grey-pixel.gif\" class=\"a-lazy-loaded\" data-src=\"https:\/\/m.media-amazon.com\/images\/S\/aplus-media\/sc\/530443f8-6be5-474c-b69e-d49038f07241.__CR0,0,600,180_PT0_SX600_V1___.jpg\"><img decoding=\"async\" alt=\"noctua\" src=\"https:\/\/m.media-amazon.com\/images\/S\/aplus-media\/sc\/530443f8-6be5-474c-b69e-d49038f07241.__CR0,0,600,180_PT0_SX600_V1___.jpg\">      <\/p>\n<p>                                                                             <img decoding=\"async\" alt=\"pwm\" src=\"https:\/\/images-na.ssl-images-amazon.com\/images\/G\/01\/x-locale\/common\/grey-pixel.gif\" class=\"a-spacing-base a-lazy-loaded\" data-src=\"https:\/\/m.media-amazon.com\/images\/S\/aplus-media\/sc\/b87179da-b473-4fee-b1fd-b5aab6d7b54a.__CR0,0,970,600_PT0_SX970_V1___.jpg\"><img decoding=\"async\" alt=\"pwm\" src=\"https:\/\/m.media-amazon.com\/images\/S\/aplus-media\/sc\/b87179da-b473-4fee-b1fd-b5aab6d7b54a.__CR0,0,970,600_PT0_SX970_V1___.jpg\">                                                                     <\/p>\n<p class=\"a-spacing-base\"> Dotado de medidas avanzadas de dise\u00f1o aerodin\u00e1mico, como canales de aceleraci\u00f3n de flujo (Flow Acceleration Channels) y el marco AAO de Noctua, el NF-A6x25 es un ventilador silencioso, de primera calidad y altamente optimizado con un tama\u00f1o de 60 x 25 mm. La versi\u00f3n PWM usa el NE-FD1 IC especialmente dise\u00f1ado por Noctua para un control de velocidad totalmente autom\u00e1tico mediante conectores de ventilador de 4 pines y est\u00e1 provisto de un Adaptador de Reducci\u00f3n de Ruido que reduce la velocidad m\u00e1xima de 3000 a 2300 rpm durante el control PWM. La magn\u00edfica suavidad en su funcionamiento, el rodamiento SSO2 y la reconocida calidad de Noctua lo convierten en una opci\u00f3n de primer orden para las m\u00e1s elevadas exigencias. <\/p>\n<p>                                                  <img decoding=\"async\" alt=\"a6\" src=\"https:\/\/images-na.ssl-images-amazon.com\/images\/G\/01\/x-locale\/common\/grey-pixel.gif\" class=\"a-lazy-loaded\" data-src=\"https:\/\/m.media-amazon.com\/images\/S\/aplus-seller-content-images-us-east-1\/A1RKKUPIHCS9HS\/A38F5RZ72I2JQ\/9cbd39df-ec0a-4f8b-b3d7-4441ce3de6f3._CR0,0,300,300_PT0_SX300__.jpg\"><img decoding=\"async\" alt=\"a6\" src=\"https:\/\/m.media-amazon.com\/images\/S\/aplus-seller-content-images-us-east-1\/A1RKKUPIHCS9HS\/A38F5RZ72I2JQ\/9cbd39df-ec0a-4f8b-b3d7-4441ce3de6f3._CR0,0,300,300_PT0_SX300__.jpg\">  <\/p>\n<h3 class=\"a-spacing-mini\"> Marco AAO <\/h3>\n<p> Los marcos AAO (optimizaci\u00f3n ac\u00fastica avanzada) de Noctua cuentan con almohadillas antivibraci\u00f3n integradas, as\u00ed como con el dise\u00f1o de entrada paso a paso y las microestructuras de superficie internas (ambos propiedad de Noctua), que perfeccionan a\u00fan m\u00e1s la eficiencia sonora y el rendimiento del ventilador. <\/p>\n<p class=\"apm-text-center\">\n                                                      <img decoding=\"async\" alt=\"hub\" src=\"https:\/\/images-na.ssl-images-amazon.com\/images\/G\/01\/x-locale\/common\/grey-pixel.gif\" class=\"a-lazy-loaded\" data-src=\"https:\/\/m.media-amazon.com\/images\/S\/aplus-seller-content-images-us-east-1\/A1RKKUPIHCS9HS\/A38F5RZ72I2JQ\/3644167d-7fa3-462d-be8c-3f2762c802ff._CR0,0,300,300_PT0_SX220__.jpg\"><img decoding=\"async\" alt=\"hub\" src=\"https:\/\/m.media-amazon.com\/images\/S\/aplus-seller-content-images-us-east-1\/A1RKKUPIHCS9HS\/A38F5RZ72I2JQ\/3644167d-7fa3-462d-be8c-3f2762c802ff._CR0,0,300,300_PT0_SX220__.jpg\">  <\/p>\n<p>                                                    Tama\u00f1o reducido del cubo del motor                                     <\/p>\n<p class=\"a-size-small\"> Gracias a su dise\u00f1o simplificado y compacto del motor, el cubo del motor del NF-A6x25 es m\u00e1s peque\u00f1o que el de los ventiladores convencionales de 6 cm. Esto hace posible una superficie de aspas mayor y, por tanto, contribuye al mayor flujo de aire y rendimiento de presi\u00f3n del ventilador. <\/p>\n<p class=\"apm-text-center\">\n                                                      <img decoding=\"async\" alt=\"sso2\" src=\"https:\/\/images-na.ssl-images-amazon.com\/images\/G\/01\/x-locale\/common\/grey-pixel.gif\" class=\"a-lazy-loaded\" data-src=\"https:\/\/m.media-amazon.com\/images\/S\/aplus-seller-content-images-us-east-1\/A1RKKUPIHCS9HS\/A38F5RZ72I2JQ\/098f62c3-89e0-4bf7-85c9-9599a4d425cb._CR0,0,300,300_PT0_SX220__.jpg\"><img decoding=\"async\" alt=\"sso2\" src=\"https:\/\/m.media-amazon.com\/images\/S\/aplus-seller-content-images-us-east-1\/A1RKKUPIHCS9HS\/A38F5RZ72I2JQ\/098f62c3-89e0-4bf7-85c9-9599a4d425cb._CR0,0,300,300_PT0_SX220__.jpg\">  <\/p>\n<p>                                                    Rodamientos SSO2                                     <\/p>\n<p class=\"a-size-small\"> El NF-A6x25 dispone de los reconocidos rodamientos optimizados SSO de segunda generaci\u00f3n de Noctua. Con los SSO2, el im\u00e1n al fondo est\u00e1 situado m\u00e1s cerca del eje para proporcionar mayor estabilidad, precisi\u00f3n y durabilidad. <\/p>\n<p class=\"apm-text-center\">\n                                                      <img decoding=\"async\" alt=\"fac\" src=\"https:\/\/images-na.ssl-images-amazon.com\/images\/G\/01\/x-locale\/common\/grey-pixel.gif\" class=\"a-lazy-loaded\" data-src=\"https:\/\/m.media-amazon.com\/images\/S\/aplus-seller-content-images-us-east-1\/A1RKKUPIHCS9HS\/A38F5RZ72I2JQ\/a18f4857-9ab1-4877-be7b-3cadd8d57a58._CR0,0,300,300_PT0_SX220__.jpg\"><img decoding=\"async\" alt=\"fac\" src=\"https:\/\/m.media-amazon.com\/images\/S\/aplus-seller-content-images-us-east-1\/A1RKKUPIHCS9HS\/A38F5RZ72I2JQ\/a18f4857-9ab1-4877-be7b-3cadd8d57a58._CR0,0,300,300_PT0_SX220__.jpg\">  <\/p>\n<p>                                                    Canales de aceleraci\u00f3n del flujo                                     <\/p>\n<p class=\"a-size-small\"> El impulsor del NF-A6x25 cuenta con canales de aceleraci\u00f3n del flujo en el lado de succi\u00f3n. Al acelerar el flujo de aire en la parte exterior de las aspas m\u00e1s importante, se reduce la separaci\u00f3n del flujo en el lado de succi\u00f3n y, por tanto, se consigue una mejor eficiencia y menor ruido de v\u00f3rtice. <\/p>\n<p class=\"apm-text-center\">\n                                                      <img decoding=\"async\" alt=\"pwm\" src=\"https:\/\/images-na.ssl-images-amazon.com\/images\/G\/01\/x-locale\/common\/grey-pixel.gif\" class=\"a-lazy-loaded\" data-src=\"https:\/\/m.media-amazon.com\/images\/S\/aplus-media\/sc\/d8c4dc26-9ae2-42e9-8a1e-565f656fb45b.__CR0,0,300,300_PT0_SX220_V1___.jpg\"><img decoding=\"async\" alt=\"pwm\" src=\"https:\/\/m.media-amazon.com\/images\/S\/aplus-media\/sc\/d8c4dc26-9ae2-42e9-8a1e-565f656fb45b.__CR0,0,300,300_PT0_SX220_V1___.jpg\">  <\/p>\n<p>                                                    Volumen de entrega                                        <\/p>\n<p class=\"a-size-small\">\n<p>Adaptador para reducci\u00f3n del ruido (L.N.A.)Cable de 4 pines en forma de YCable de extensi\u00f3n de 30 cm4 Vibration-Compensators4 tornillos de ventilador     <\/p>\n<p>                                                  <img decoding=\"async\" alt=\"aao\" src=\"https:\/\/images-na.ssl-images-amazon.com\/images\/G\/01\/x-locale\/common\/grey-pixel.gif\" class=\"a-lazy-loaded\" data-src=\"https:\/\/m.media-amazon.com\/images\/S\/aplus-seller-content-images-us-east-1\/A1RKKUPIHCS9HS\/A38F5RZ72I2JQ\/d847f00a-47d3-4b3a-a5d7-4a49417b4f65._CR0,0,970,300_PT0_SX970__.jpg\"><img decoding=\"async\" alt=\"aao\" src=\"https:\/\/m.media-amazon.com\/images\/S\/aplus-seller-content-images-us-east-1\/A1RKKUPIHCS9HS\/A38F5RZ72I2JQ\/d847f00a-47d3-4b3a-a5d7-4a49417b4f65._CR0,0,970,300_PT0_SX970__.jpg\">  <\/p>\n<p> Con soporte total para un control de velocidad PWM autom\u00e1tico, el NF-A6x25 PWM usa el nuevo NE-FD1 PWM IC de dise\u00f1o propio de Noctua que se integra con la tecnolog\u00eda SDS. Proporcionando impulsos de par m\u00e1s suaves, el SCD hace que el ventilador funcione de forma m\u00e1s silenciosa a velocidades bajas. <\/p>\n<p>                         Add To Basket  <\/p>\n<p>                         Add To Basket  <\/p>\n<p>                         Add To Basket  <\/p>\n<p>                         Add To Basket  <\/p>\n<p>                             Customer Reviews  <\/p>\n<p>                    4.7 out of 5 stars  2,572  <\/p>\n<p>                    4.6 out of 5 stars  2,187  <\/p>\n<p>                    4.7 out of 5 stars  193  <\/p>\n<p>                    4.6 out of 5 stars  178  <\/p>\n<p>                             Price  <\/p>\n<p>                                    \u20ac16.90\u20ac16.90                  \u20ac16.90\u20ac16.90                  \u20ac16.90\u20ac16.90                  \u20ac16.90\u20ac16.90              <\/p>\n<p>                             Conexi\u00f3n &amp; configuraci\u00f3n de pines<br \/>\n                                4 pines PWM               3 pines               4 pines PWM               3 pines              <\/p>\n<p>                             Voltaje<br \/>\n                                12V               12V               5V               5V              <\/p>\n<p>                             RPM<br \/>\n                                Max: 3000 \/ Min: 550               3000               Max: 3000 \/ Min: 650               3000              <\/p>\n<p>                             RPM con L.N.A.<br \/>\n                                2300               2400               &#8211;  no data<br \/>\n                                                            &#8211;  no data<\/p>\n<p>                             RPM con U.L.N.A.<br \/>\n                                &#8211;  no data<br \/>\n                                                            1600               &#8211;  no data<br \/>\n                                                            &#8211;  no data<\/p>\n<p>                             Sonoridad<br \/>\n                                19,3 dB(A)               19,3 dB(A)               19,3 dB(A)               19,3 dB(A)              <\/p>\n<p>                             Sonoridad con L.N.A.<br \/>\n                                13,7 dB(A               14,5 dB(A)               &#8211;  no data<br \/>\n                                                            &#8211;  no data<\/p>\n<p>                             Sonoridad con U.L.N.A.<br \/>\n                                &#8211;  no data<br \/>\n                                                            8,2 dB(A)               &#8211;  no data<br \/>\n                                                            &#8211;  no data<\/p>\n<p>                             Dimensiones<br \/>\n                                60x60x25 mm               60x60x25 mm               60x60x25 mm               60x60x25 mm              <\/p>\n<p> Is discontinued by manufacturer                                            \u200f                                            :                                            \u200e                                            No   <br \/> Language                                            \u200f                                            :                                            \u200e                                            Italian   <br \/> Product Dimensions                                            \u200f                                            :                                            \u200e                                            21.59 x 3.81 x 15.24 cm; 41 g   <br \/> Date First Available                                            \u200f                                            :                                            \u200e                                            17 Mar. 2015   <br \/> Manufacturer                                            \u200f                                            :                                            \u200e                                            Noctua   <br \/> ASIN                                            \u200f                                            :                                            \u200e                                            B00VXTANZ4   <br \/> Item model number                                            \u200f                                            :                                            \u200e                                            NF-A6x25 PWM   <br \/> Country of origin                                            \u200f                                            :                                            \u200e                                            China   <br \/>       Best Sellers Rank:  762 in Computers (See Top 100 in Computers)    13 in Computer Case Fans      <br \/>  Customer reviews:                                                                                            4.7               4.7 out of 5 stars                                  (2,572)                                              var dpAcrHasRegisteredArcLinkClickAction;                    P.when(&#8216;A&#8217;, &#8216;ready&#8217;).execute(function(A) {                        if (dpAcrHasRegisteredArcLinkClickAction !== true) {                            dpAcrHasRegisteredArcLinkClickAction = true;                            A.declarative(                                &#8216;acrLink-click-metrics&#8217;, &#8216;click&#8217;,                                { \u00aballowLinkDefault\u00bb: true },                                function (event) {                                    if (window.ue) {                                        ue.count(\u00abacrLinkClickCount\u00bb, (ue.count(\u00abacrLinkClickCount\u00bb) || 0) + 1);                                    }                                }                            );                        }                    });                                             P.when(&#8216;A&#8217;, &#8216;cf&#8217;).execute(function(A) {                A.declarative(&#8216;acrStarsLink-click-metrics&#8217;, &#8216;click&#8217;, { \u00aballowLinkDefault\u00bb : true },  function(event){                    if(window.ue) {                        ue.count(\u00abacrStarsLinkWithPopoverClickCount\u00bb, (ue.count(\u00abacrStarsLinkWithPopoverClickCount\u00bb) || 0) + 1);                    }                });            });                          <\/p>\n<p>High quality silent fan, 60x60x25mm, 12V, 4-pin PWM, max. 3000 RPM, max. 19.3dB(A), >150,000h MTTF<br \/>Fan series A and size 60&#215;25 mm with a multitude of awards. Includes Flow Acceleration Channels and Advanced Acoustic Optimization (AAO) frame for better, quieter cooling<br \/>The ideal replacement for noisy or failed 6cm 12V fans of DVR, Network Attached Storage (NAS), Network and Storage Devices, 3D Printers etc.<br \/>The 4-pin PWM version provides automatic speed control via 4-pin PWM connectors and wider speed values ranging from 550 to 3000 rpm (max. 2300 rpm with included noise reduction adapter)<br \/>Includes anti-vibration brackets, fan screws, noise reduction adapter, extension cable and Y-shaped cables for running two PWM fans with the same connector<\/p>\n\n","protected":false},"excerpt":{"rendered":"<p> Product Description Dotado de medidas avanzadas de dise\u00f1o aerodin\u00e1mico, como canales de aceleraci\u00f3n de flujo<\/p>","protected":false},"featured_media":25903,"comment_status":"open","ping_status":"closed","template":"","meta":[],"product_brand":[],"product_cat":[65],"product_tag":[2003,2005,2013,1998,2015,2009,2011,7637,4080,2000,2023,2007,2001],"class_list":{"0":"post-25902","1":"product","2":"type-product","3":"status-publish","4":"has-post-thumbnail","6":"product_cat-case-fan","7":"product_tag-120mm-case-fan","8":"product_tag-140mm-case-fan","9":"product_tag-best-case-fan","10":"product_tag-case-fan","11":"product_tag-computer-cooling-fan","12":"product_tag-cooling-fan-for-pc","13":"product_tag-high-airflow-case-fan","14":"product_tag-nfa6","15":"product_tag-noctua","16":"product_tag-pc-case-fan","17":"product_tag-pwm","18":"product_tag-quiet-case-fan","19":"product_tag-rgb-case-fan","21":"first","22":"instock","23":"shipping-taxable","24":"product-type-external"},"_links":{"self":[{"href":"https:\/\/comprasyconsejos.store\/en\/wp-json\/wp\/v2\/product\/25902","targetHints":{"allow":["GET"]}}],"collection":[{"href":"https:\/\/comprasyconsejos.store\/en\/wp-json\/wp\/v2\/product"}],"about":[{"href":"https:\/\/comprasyconsejos.store\/en\/wp-json\/wp\/v2\/types\/product"}],"replies":[{"embeddable":true,"href":"https:\/\/comprasyconsejos.store\/en\/wp-json\/wp\/v2\/comments?post=25902"}],"version-history":[{"count":0,"href":"https:\/\/comprasyconsejos.store\/en\/wp-json\/wp\/v2\/product\/25902\/revisions"}],"wp:featuredmedia":[{"embeddable":true,"href":"https:\/\/comprasyconsejos.store\/en\/wp-json\/wp\/v2\/media\/25903"}],"wp:attachment":[{"href":"https:\/\/comprasyconsejos.store\/en\/wp-json\/wp\/v2\/media?parent=25902"}],"wp:term":[{"taxonomy":"product_brand","embeddable":true,"href":"https:\/\/comprasyconsejos.store\/en\/wp-json\/wp\/v2\/product_brand?post=25902"},{"taxonomy":"product_cat","embeddable":true,"href":"https:\/\/comprasyconsejos.store\/en\/wp-json\/wp\/v2\/product_cat?post=25902"},{"taxonomy":"product_tag","embeddable":true,"href":"https:\/\/comprasyconsejos.store\/en\/wp-json\/wp\/v2\/product_tag?post=25902"}],"curies":[{"name":"wp","href":"https:\/\/api.w.org\/{rel}","templated":true}]}}