{"id":25907,"date":"2026-02-19T21:36:14","date_gmt":"2026-02-19T21:36:14","guid":{"rendered":"https:\/\/comprasyconsejos.store\/product\/arctic-freezer-36-co-cpu-heatsink-single-tower-cpu-fan-with-push-pull-two-120mm-p-fans-with-optimized-pressure-200-1800-rpm-4-heatpipes-incl-mx-6\/"},"modified":"2026-02-19T21:36:23","modified_gmt":"2026-02-19T21:36:23","slug":"arctic-freezer-36-co-cpu-heatsink-single-tower-cpu-fan-with-push-pull-two-120mm-p-fans-with-optimized-pressure-200-1800-rpm-4-heatpipes-incl-mx-6","status":"publish","type":"product","link":"https:\/\/comprasyconsejos.store\/en\/product\/arctic-freezer-36-co-cpu-heatsink-single-tower-cpu-fan-with-push-pull-two-120mm-p-fans-with-optimized-pressure-200-1800-rpm-4-heatpipes-incl-mx-6\/","title":{"rendered":"ARCTIC Freezer 36 CO CPU Heatsink, Single Tower CPU Fan with Push-Pull, Two 120mm P Fans with Optimized Pressure, 200\u20131800 rpm, 4 Heatpipes, incl. MX-6"},"content":{"rendered":"<p>Price: <span style=\"color:#b12704\"><del>\u20ac39.99<\/del> - \u20ac33.83<\/span><br \/><i><small>(as of Feb 19, 2026 21:36:14 UTC &#8211; <span class=\"wp_automatic_amazon_disclaimer\" title=\"Product prices and availability are accurate as of the date\/time indicated and are subject to change. Any price and availability information displayed on [relevant Amazon Site(s), as applicable] at the time of purchase will apply to the purchase of this product.\">Details<\/span>)<\/small><\/i><\/p>\n<p><a href=\"https:\/\/amazon.es\/dp\/B09VG62KBZ?tag=man008-21\"><img decoding=\"async\" src=\"https:\/\/valvepress.s3.amazonaws.com\/imgs\/buy_now.png\"><\/a><br \/>\n<\/p>\n<p>                                             From the brand   <\/p>\n<p>                                              <img decoding=\"async\" alt=\"\" src=\"https:\/\/images-na.ssl-images-amazon.com\/images\/G\/01\/x-locale\/common\/grey-pixel.gif\" class=\"a-lazy-loaded\" data-src=\"https:\/\/m.media-amazon.com\/images\/S\/aplus-media-library-service-media\/161503c2-c0d7-4b94-bb11-d22d9b74231f.__CR91,0,1464,625_PT0_SX1464_V1___.jpg\"><img decoding=\"async\" alt=\"\" src=\"https:\/\/m.media-amazon.com\/images\/S\/aplus-media-library-service-media\/161503c2-c0d7-4b94-bb11-d22d9b74231f.__CR91,0,1464,625_PT0_SX1464_V1___.jpg\">  <\/p>\n<p> Un fabricante de componentes y disipadores para PC que ha iniciado e influido en la evoluci\u00f3n de los sistemas de refrigeraci\u00f3n. <\/p>\n<p>                                              <img decoding=\"async\" alt=\"Tres sistemas de refrigeraci\u00f3n para ordenadores con ventiladores RGB. La unidad izquierda tiene tres ventiladores negros, las unidades central y derecha cuentan con ventiladores iluminados de colores. Todas conectadas a radiadores o tubos de refrigeraci\u00f3n l\u00edquida\" src=\"https:\/\/images-na.ssl-images-amazon.com\/images\/G\/01\/x-locale\/common\/grey-pixel.gif\" class=\"a-lazy-loaded\" data-src=\"https:\/\/m.media-amazon.com\/images\/S\/aplus-media-library-service-media\/a5d65cf9-a3ee-49fc-990a-27b1f35749e7.__CR0,0,362,453_PT0_SX362_V1___.jpg\"><img decoding=\"async\" alt=\"Tres sistemas de refrigeraci\u00f3n para ordenadores con ventiladores RGB. La unidad izquierda tiene tres ventiladores negros, las unidades central y derecha cuentan con ventiladores iluminados de colores. Todas conectadas a radiadores o tubos de refrigeraci\u00f3n l\u00edquida\" src=\"https:\/\/m.media-amazon.com\/images\/S\/aplus-media-library-service-media\/a5d65cf9-a3ee-49fc-990a-27b1f35749e7.__CR0,0,362,453_PT0_SX362_V1___.jpg\">  <\/p>\n<h3> Update for your setup <\/h3>\n<p class=\"apm-brand-story-stores-link\">\n<p>                                              <img decoding=\"async\" alt=\"aplus content image\" src=\"https:\/\/images-na.ssl-images-amazon.com\/images\/G\/01\/x-locale\/common\/grey-pixel.gif\" class=\"a-lazy-loaded\" data-src=\"https:\/\/m.media-amazon.com\/images\/S\/aplus-media-library-service-media\/4848d4d1-09a1-48dc-bcab-2734b49eb70c.__CR0,0,362,453_PT0_SX362_V1___.jpg\"><img decoding=\"async\" alt=\"aplus content image\" src=\"https:\/\/m.media-amazon.com\/images\/S\/aplus-media-library-service-media\/4848d4d1-09a1-48dc-bcab-2734b49eb70c.__CR0,0,362,453_PT0_SX362_V1___.jpg\">  <\/p>\n<h3> Carcasa para PC E-ATX premium <\/h3>\n<p class=\"apm-brand-story-stores-link\">\n<p>                                              <img decoding=\"async\" alt=\"ARCTIC\" src=\"https:\/\/images-na.ssl-images-amazon.com\/images\/G\/01\/x-locale\/common\/grey-pixel.gif\" class=\"a-lazy-loaded\" data-src=\"https:\/\/m.media-amazon.com\/images\/S\/aplus-media-library-service-media\/03279faa-35be-44c5-ba34-810a4246c01e.__CR0,0,362,453_PT0_SX362_V1___.jpg\"><img decoding=\"async\" alt=\"ARCTIC\" src=\"https:\/\/m.media-amazon.com\/images\/S\/aplus-media-library-service-media\/03279faa-35be-44c5-ba34-810a4246c01e.__CR0,0,362,453_PT0_SX362_V1___.jpg\">  <\/p>\n<h3> The Cooler Way <\/h3>\n<p class=\"apm-brand-story-stores-link\">\n<p>                                              <img decoding=\"async\" alt=\"negro para ordenador con aspas curvas y logotipo de Arctic. Marco cuadrado con esquinas redondeadas. Texto \u00abVENTILADORES\u00bb sobre la imagen.\" src=\"https:\/\/images-na.ssl-images-amazon.com\/images\/G\/01\/x-locale\/common\/grey-pixel.gif\" class=\"a-lazy-loaded\" data-src=\"https:\/\/m.media-amazon.com\/images\/S\/aplus-media-library-service-media\/e46d7ce2-0df6-42bf-93b6-2a78c70b6a8b.__CR0,0,362,453_PT0_SX362_V1___.jpg\"><img decoding=\"async\" alt=\"negro para ordenador con aspas curvas y logotipo de Arctic. Marco cuadrado con esquinas redondeadas. Texto \u00abVENTILADORES\u00bb sobre la imagen.\" src=\"https:\/\/m.media-amazon.com\/images\/S\/aplus-media-library-service-media\/e46d7ce2-0df6-42bf-93b6-2a78c70b6a8b.__CR0,0,362,453_PT0_SX362_V1___.jpg\">  <\/p>\n<h3> Silencioso y potente <\/h3>\n<p class=\"apm-brand-story-stores-link\">\n<p>                                              <img decoding=\"async\" alt=\"con tubos de calor de cobre y ventilador negro. Cuenta con un gran disipador de calor y un dise\u00f1o de ventilador circular. El texto de arriba dice \u00abREFRIGERACI\u00d3N DE SERVIDORES\u00bb en espa\u00f1ol.\" src=\"https:\/\/images-na.ssl-images-amazon.com\/images\/G\/01\/x-locale\/common\/grey-pixel.gif\" class=\"a-lazy-loaded\" data-src=\"https:\/\/m.media-amazon.com\/images\/S\/aplus-media-library-service-media\/4c0beb57-c35e-43fd-afdf-7af40a53c126.__CR0,0,362,453_PT0_SX362_V1___.jpg\"><img decoding=\"async\" alt=\"con tubos de calor de cobre y ventilador negro. Cuenta con un gran disipador de calor y un dise\u00f1o de ventilador circular. El texto de arriba dice \u00abREFRIGERACI\u00d3N DE SERVIDORES\u00bb en espa\u00f1ol.\" src=\"https:\/\/m.media-amazon.com\/images\/S\/aplus-media-library-service-media\/4c0beb57-c35e-43fd-afdf-7af40a53c126.__CR0,0,362,453_PT0_SX362_V1___.jpg\">  <\/p>\n<h3> Refrigeraci\u00f3n de servidores <\/h3>\n<p class=\"apm-brand-story-stores-link\">\n<p>                                              <img decoding=\"async\" alt=\"El texto dice \u00abINTERFACES T\u00c9RMICAS\u00bb. Diagrama t\u00e9cnico que muestra el material de interfaz t\u00e9rmica MX-7 con el logotipo de Arctic. M\u00faltiples vistas de escenarios de aplicaci\u00f3n de pasta o almohadilla t\u00e9rmica delgada.\" src=\"https:\/\/images-na.ssl-images-amazon.com\/images\/G\/01\/x-locale\/common\/grey-pixel.gif\" class=\"a-lazy-loaded\" data-src=\"https:\/\/m.media-amazon.com\/images\/S\/aplus-media-library-service-media\/68f851be-d58f-4a38-a196-1d2c76cd91f2.__CR0,0,362,453_PT0_SX362_V1___.jpg\"><img decoding=\"async\" alt=\"El texto dice \u00abINTERFACES T\u00c9RMICAS\u00bb. Diagrama t\u00e9cnico que muestra el material de interfaz t\u00e9rmica MX-7 con el logotipo de Arctic. M\u00faltiples vistas de escenarios de aplicaci\u00f3n de pasta o almohadilla t\u00e9rmica delgada.\" src=\"https:\/\/m.media-amazon.com\/images\/S\/aplus-media-library-service-media\/68f851be-d58f-4a38-a196-1d2c76cd91f2.__CR0,0,362,453_PT0_SX362_V1___.jpg\">  <\/p>\n<h3> Interfaz t\u00e9rmica <\/h3>\n<p class=\"apm-brand-story-stores-link\">\n<p>                                              <img decoding=\"async\" alt=\"ARCTIC\" src=\"https:\/\/images-na.ssl-images-amazon.com\/images\/G\/01\/x-locale\/common\/grey-pixel.gif\" class=\"a-lazy-loaded\" data-src=\"https:\/\/m.media-amazon.com\/images\/S\/aplus-media-library-service-media\/4ddc947f-8abb-4794-ae8e-4519beaf86aa.__CR0,0,362,453_PT0_SX362_V1___.jpg\"><img decoding=\"async\" alt=\"ARCTIC\" src=\"https:\/\/m.media-amazon.com\/images\/S\/aplus-media-library-service-media\/4ddc947f-8abb-4794-ae8e-4519beaf86aa.__CR0,0,362,453_PT0_SX362_V1___.jpg\">  <\/p>\n<h3> Flexibilidad y ergonom\u00eda <\/h3>\n<p class=\"apm-brand-story-stores-link\">\n<p>                                              <img decoding=\"async\" alt=\"ARCTIC\" src=\"https:\/\/images-na.ssl-images-amazon.com\/images\/G\/01\/x-locale\/common\/grey-pixel.gif\" class=\"a-lazy-loaded\" data-src=\"https:\/\/m.media-amazon.com\/images\/S\/aplus-media-library-service-media\/018d8de7-947f-46d3-ae23-c223dd7cc2ef.__CR0,0,362,453_PT0_SX362_V1___.jpg\"><img decoding=\"async\" alt=\"ARCTIC\" src=\"https:\/\/m.media-amazon.com\/images\/S\/aplus-media-library-service-media\/018d8de7-947f-46d3-ae23-c223dd7cc2ef.__CR0,0,362,453_PT0_SX362_V1___.jpg\">  <\/p>\n<h3> Los accesorios adecuados <\/h3>\n<p class=\"apm-brand-story-stores-link\">\n<p> Product Dimensions                                            \u200f                                            :                                            \u200e                                            10.39 x 12.6 x 15.9 cm; 879 g   <br \/> Manufacturer                                            \u200f                                            :                                            \u200e                                            ARCTIC   <br \/> ASIN                                            \u200f                                            :                                            \u200e                                            B09VG62KBZ   <br \/> Item model number                                            \u200f                                            :                                            \u200e                                            ACFRE00122A   <br \/> Country of origin                                            \u200f                                            :                                            \u200e                                            China   <br \/> Guaranteed software updates until                                            \u200f                                            :                                            \u200e                                            unknown   <br \/>  Customer reviews:                                                                                            4.6               4.6 out of 5 stars                                  (477)                                              var dpAcrHasRegisteredArcLinkClickAction;                    P.when(&#8216;A&#8217;, &#8216;ready&#8217;).execute(function(A) {                        if (dpAcrHasRegisteredArcLinkClickAction !== true) {                            dpAcrHasRegisteredArcLinkClickAction = true;                            A.declarative(                                &#8216;acrLink-click-metrics&#8217;, &#8216;click&#8217;,                                { \u00aballowLinkDefault\u00bb: true },                                function (event) {                                    if (window.ue) {                                        ue.count(\u00abacrLinkClickCount\u00bb, (ue.count(\u00abacrLinkClickCount\u00bb) || 0) + 1);                                    }                                }                            );                        }                    });                                             P.when(&#8216;A&#8217;, &#8216;cf&#8217;).execute(function(A) {                A.declarative(&#8216;acrStarsLink-click-metrics&#8217;, &#8216;click&#8217;, { \u00aballowLinkDefault\u00bb : true },  function(event){                    if(window.ue) {                        ue.count(\u00abacrStarsLinkWithPopoverClickCount\u00bb, (ue.count(\u00abacrStarsLinkWithPopoverClickCount\u00bb) || 0) + 1);                    }                });            });                          <\/p>\n<p>NOTE FOR AM5\/AM4: For installation on an AMD system, the four original mounting screws are required. These come included with the base plate. If they are missing, you can request spare parts from ARCTIC<br \/>CONTACT FRAME FOR INTEL LGA1851 &#038; LGA1700: Improved contact pressure distribution across Intel mounting frame for efficient heat transfer thanks to a uniform CPU contact surface<br \/>DOUBLE BALL BEARING: For longer life and greater reliability, these fans are more heat and dust resistant<br \/>HIGH PERFORMANCE FOR HIGH-END-CPUs: With its 4 heat pipes, the single tower heatsink allows fast heat transfer to the heatsink. There, heat is efficiently dissipated by 120mm fans with optimized pressure<br \/>INNOVATIVE FAN MOUNT: The innovative Clack-system makes it easy to install the heatsink or change the fans. The Freezer 36 CO is compatible with most 120mm fans<\/p>\n\n","protected":false},"excerpt":{"rendered":"<p> From the brand Un fabricante de componentes y disipadores para PC que ha iniciado e<\/p>","protected":false},"featured_media":25908,"comment_status":"open","ping_status":"closed","template":"","meta":[],"product_brand":[],"product_cat":[66],"product_tag":[1381,2008,2880,2010,598,2002,2014,1997,2016,910,1378,2697,3594,1301,2100,2006,2881,5963,2891,1999,5962,2012,2004,2474,1905,1750],"class_list":{"0":"post-25907","1":"product","2":"type-product","3":"status-publish","4":"has-post-thumbnail","6":"product_cat-cpu-fan","7":"product_tag-120mm","8":"product_tag-amd-cpu-cooler","9":"product_tag-arctic","10":"product_tag-best-cpu-fan","11":"product_tag-cpu","12":"product_tag-cpu-air-cooler","13":"product_tag-cpu-cooling-fan","14":"product_tag-cpu-fan","15":"product_tag-cpu-fan-price","16":"product_tag-fan","17":"product_tag-fans","18":"product_tag-freezer","19":"product_tag-heatpipes","20":"product_tag-heatsink","21":"product_tag-incl","22":"product_tag-intel-cpu-fan","23":"product_tag-mx6","24":"product_tag-optimized","25":"product_tag-pressure","26":"product_tag-processor-fan","27":"product_tag-pushpull","28":"product_tag-quiet-cpu-cooler","29":"product_tag-rgb-cpu-cooler","30":"product_tag-rpm","31":"product_tag-single","32":"product_tag-tower","34":"first","35":"instock","36":"sale","37":"shipping-taxable","38":"product-type-external"},"_links":{"self":[{"href":"https:\/\/comprasyconsejos.store\/en\/wp-json\/wp\/v2\/product\/25907","targetHints":{"allow":["GET"]}}],"collection":[{"href":"https:\/\/comprasyconsejos.store\/en\/wp-json\/wp\/v2\/product"}],"about":[{"href":"https:\/\/comprasyconsejos.store\/en\/wp-json\/wp\/v2\/types\/product"}],"replies":[{"embeddable":true,"href":"https:\/\/comprasyconsejos.store\/en\/wp-json\/wp\/v2\/comments?post=25907"}],"version-history":[{"count":0,"href":"https:\/\/comprasyconsejos.store\/en\/wp-json\/wp\/v2\/product\/25907\/revisions"}],"wp:featuredmedia":[{"embeddable":true,"href":"https:\/\/comprasyconsejos.store\/en\/wp-json\/wp\/v2\/media\/25908"}],"wp:attachment":[{"href":"https:\/\/comprasyconsejos.store\/en\/wp-json\/wp\/v2\/media?parent=25907"}],"wp:term":[{"taxonomy":"product_brand","embeddable":true,"href":"https:\/\/comprasyconsejos.store\/en\/wp-json\/wp\/v2\/product_brand?post=25907"},{"taxonomy":"product_cat","embeddable":true,"href":"https:\/\/comprasyconsejos.store\/en\/wp-json\/wp\/v2\/product_cat?post=25907"},{"taxonomy":"product_tag","embeddable":true,"href":"https:\/\/comprasyconsejos.store\/en\/wp-json\/wp\/v2\/product_tag?post=25907"}],"curies":[{"name":"wp","href":"https:\/\/api.w.org\/{rel}","templated":true}]}}