{"id":25946,"date":"2026-02-19T22:07:00","date_gmt":"2026-02-19T22:07:00","guid":{"rendered":"https:\/\/comprasyconsejos.store\/product\/lg-24gn53a-b-ultragear-24-fullhd-gaming-monitor-1920x1080-lcd-169-hdmix2-displayport-1-2-adjustable-144hz-1ms-universal-connectivity-black\/"},"modified":"2026-02-19T22:07:06","modified_gmt":"2026-02-19T22:07:06","slug":"lg-24gn53a-b-ultragear-24-fullhd-gaming-monitor-1920x1080-lcd-169-hdmix2-displayport-1-2-adjustable-144hz-1ms-universal-connectivity-black","status":"publish","type":"product","link":"https:\/\/comprasyconsejos.store\/en\/product\/lg-24gn53a-b-ultragear-24-fullhd-gaming-monitor-1920x1080-lcd-169-hdmix2-displayport-1-2-adjustable-144hz-1ms-universal-connectivity-black\/","title":{"rendered":"LG 24GN53A-B UltraGear 24&#8243; FullHD Gaming Monitor, 1920&#215;1080, LCD, 16:9, HDMIx2, DisplayPort 1.2, Adjustable, 144Hz, 1ms, Universal Connectivity, Black"},"content":{"rendered":"<p>Price: <span style=\"color:#b12704\">\u20ac179.00<\/span><br \/><i><small>(as of Feb 19, 2026 22:07:01 UTC &#8211; <span class=\"wp_automatic_amazon_disclaimer\" title=\"Product prices and availability are accurate as of the date\/time indicated and are subject to change. Any price and availability information displayed on [relevant Amazon Site(s), as applicable] at the time of purchase will apply to the purchase of this product.\">Details<\/span>)<\/small><\/i><\/p>\n<p><a href=\"https:\/\/amazon.es\/dp\/B088BN751K?tag=man008-21\"><img decoding=\"async\" src=\"https:\/\/valvepress.s3.amazonaws.com\/imgs\/buy_now.png\"><\/a><br \/>\n<\/p>\n<p>                                             From the brand   <\/p>\n<p>                                              <img decoding=\"async\" alt=\"1\" src=\"https:\/\/images-na.ssl-images-amazon.com\/images\/G\/01\/x-locale\/common\/grey-pixel.gif\" class=\"a-lazy-loaded\" data-src=\"https:\/\/m.media-amazon.com\/images\/S\/aplus-media-library-service-media\/e010b403-304f-4236-8d48-9b0ec80ea825.__CR0,0,1464,625_PT0_SX1464_V1___.jpg\"><img decoding=\"async\" alt=\"1\" src=\"https:\/\/m.media-amazon.com\/images\/S\/aplus-media-library-service-media\/e010b403-304f-4236-8d48-9b0ec80ea825.__CR0,0,1464,625_PT0_SX1464_V1___.jpg\">  <\/p>\n<p>                                              <img decoding=\"async\" alt=\"\" src=\"https:\/\/images-na.ssl-images-amazon.com\/images\/G\/01\/x-locale\/common\/grey-pixel.gif\" class=\"a-lazy-loaded\" data-src=\"https:\/\/m.media-amazon.com\/images\/S\/aplus-media-library-service-media\/2347dfbc-8d9c-4332-960e-307b4eb4019a.__CR0,0,362,453_PT0_SX362_V1___.jpg\"><img decoding=\"async\" alt=\"\" src=\"https:\/\/m.media-amazon.com\/images\/S\/aplus-media-library-service-media\/2347dfbc-8d9c-4332-960e-307b4eb4019a.__CR0,0,362,453_PT0_SX362_V1___.jpg\">  <\/p>\n<p>                                                         Pioneros en tecnolog\u00eda.                                       <\/p>\n<p> A trav\u00e9s del comienzo innovador y del crecimiento continuo, LG se est\u00e1 convirtiendo en la marca global m\u00e1s r\u00e1pida e inteligente del futuro. <\/p>\n<p>                                                         Desde 1958 hasta la actualidad.                                       <\/p>\n<p> Establecida en 1958, LG ha liderado el camino hacia la era digital gracias a la experiencia tecnol\u00f3gica adquirida al fabricar muchos electrodom\u00e9sticos, como radios y televisores. <\/p>\n<p>                                                         LG Electronics.                                       <\/p>\n<p> Ha presentado muchos productos nuevos, se han aplicado nuevas tecnolog\u00edas en forma de dispositivos m\u00f3viles y televisores en el siglo XXI y LG contin\u00faa reforzando el estatus como empresa global. <\/p>\n<p>                                              <img decoding=\"async\" alt=\"1\" src=\"https:\/\/images-na.ssl-images-amazon.com\/images\/G\/01\/x-locale\/common\/grey-pixel.gif\" class=\"a-lazy-loaded\" data-src=\"https:\/\/m.media-amazon.com\/images\/S\/aplus-media-library-service-media\/bdff17ee-cd07-42c0-a3bd-c73f18f59968.__CR0,0,362,453_PT0_SX362_V1___.jpg\"><img decoding=\"async\" alt=\"1\" src=\"https:\/\/m.media-amazon.com\/images\/S\/aplus-media-library-service-media\/bdff17ee-cd07-42c0-a3bd-c73f18f59968.__CR0,0,362,453_PT0_SX362_V1___.jpg\">  <\/p>\n<p>                                              <img decoding=\"async\" alt=\"1\" src=\"https:\/\/images-na.ssl-images-amazon.com\/images\/G\/01\/x-locale\/common\/grey-pixel.gif\" class=\"a-lazy-loaded\" data-src=\"https:\/\/m.media-amazon.com\/images\/S\/aplus-media-library-service-media\/b302681b-72e4-4180-ad02-3542f2041b3d.__CR0,0,362,453_PT0_SX362_V1___.jpg\"><img decoding=\"async\" alt=\"1\" src=\"https:\/\/m.media-amazon.com\/images\/S\/aplus-media-library-service-media\/b302681b-72e4-4180-ad02-3542f2041b3d.__CR0,0,362,453_PT0_SX362_V1___.jpg\">  <\/p>\n<p>                                              <img decoding=\"async\" alt=\"\" src=\"https:\/\/images-na.ssl-images-amazon.com\/images\/G\/01\/x-locale\/common\/grey-pixel.gif\" class=\"a-lazy-loaded\" data-src=\"https:\/\/m.media-amazon.com\/images\/S\/aplus-media-library-service-media\/908e02c9-fdfc-46e3-a90d-dcdec7a1f291.__CR0,0,315,145_PT0_SX315_V1___.jpg\"><img decoding=\"async\" alt=\"\" src=\"https:\/\/m.media-amazon.com\/images\/S\/aplus-media-library-service-media\/908e02c9-fdfc-46e3-a90d-dcdec7a1f291.__CR0,0,315,145_PT0_SX315_V1___.jpg\">  <\/p>\n<p> 1958 &#8211; Establece Gold Star (ahora LG Electronics) <\/p>\n<p> 1959 &#8211; Produce la primera radio de Corea <\/p>\n<p> 1965 &#8211; Produce el primer refrigerador de Corea <\/p>\n<p> 1966 &#8211; Produce el primer televisor de Corea <\/p>\n<p> 1978 &#8211; Logra USD 100 Millones en exportaciones <\/p>\n<p> 1982 &#8211; Establece la primera base de producci\u00f3n en el extranjero en los EE.UU. <\/p>\n<p> 1995 &#8211; Cambia el nombre de la empresa a LG Electronics <\/p>\n<p>                                              <img decoding=\"async\" alt=\"\" src=\"https:\/\/images-na.ssl-images-amazon.com\/images\/G\/01\/x-locale\/common\/grey-pixel.gif\" class=\"a-lazy-loaded\" data-src=\"https:\/\/m.media-amazon.com\/images\/S\/aplus-media-library-service-media\/aa68fb17-51c2-4446-aaee-7082653c7bff.__CR0,0,315,145_PT0_SX315_V1___.jpg\"><img decoding=\"async\" alt=\"\" src=\"https:\/\/m.media-amazon.com\/images\/S\/aplus-media-library-service-media\/aa68fb17-51c2-4446-aaee-7082653c7bff.__CR0,0,315,145_PT0_SX315_V1___.jpg\">  <\/p>\n<p> 1999 &#8211; Entra en una empresa conjunta para desarrollar paneles LCD <\/p>\n<p> 2005 &#8211; Toma la delantera en el mercado de lavado de bidones de EE.UU. <\/p>\n<p> 2008 &#8211; Desarrolla el primer chip de m\u00f3dem m\u00f3vil LTE <\/p>\n<p> 2009 &#8211; Se convierte en la segunda marca de televisores LCD <\/p>\n<p>                                              <img decoding=\"async\" alt=\"\" src=\"https:\/\/images-na.ssl-images-amazon.com\/images\/G\/01\/x-locale\/common\/grey-pixel.gif\" class=\"a-lazy-loaded\" data-src=\"https:\/\/m.media-amazon.com\/images\/S\/aplus-media-library-service-media\/bdb58ee0-252d-46f8-9d81-57a70201e47f.__CR0,0,315,145_PT0_SX315_V1___.jpg\"><img decoding=\"async\" alt=\"\" src=\"https:\/\/m.media-amazon.com\/images\/S\/aplus-media-library-service-media\/bdb58ee0-252d-46f8-9d81-57a70201e47f.__CR0,0,315,145_PT0_SX315_V1___.jpg\">  <\/p>\n<p> 2011 &#8211; Lanza televisores 3D con lentes obturadores <\/p>\n<p> 2012 &#8211; Primeros en el mundo en comercializar televisores ULTRA HD de 84 pulgadas <\/p>\n<p> 2013 &#8211; Presenta el servicio HomeChat para electrodom\u00e9sticos inteligentes, lanza Vehicle Components Company <\/p>\n<p> 2014 &#8211; Presenta el primer televisor OLED 4K y el televisor inteligente webOS, presenta el tel\u00e9fono inteligente G3 con pantalla Quad HD <\/p>\n<p>                                              <img decoding=\"async\" alt=\"\" src=\"https:\/\/images-na.ssl-images-amazon.com\/images\/G\/01\/x-locale\/common\/grey-pixel.gif\" class=\"a-lazy-loaded\" data-src=\"https:\/\/m.media-amazon.com\/images\/S\/aplus-media-library-service-media\/b14db133-1ba8-43ba-a78f-86a92b2ae563.__CR0,0,315,145_PT0_SX315_V1___.jpg\"><img decoding=\"async\" alt=\"\" src=\"https:\/\/m.media-amazon.com\/images\/S\/aplus-media-library-service-media\/b14db133-1ba8-43ba-a78f-86a92b2ae563.__CR0,0,315,145_PT0_SX315_V1___.jpg\">  <\/p>\n<p> 2016 &#8211; Presenta la marca premium LG SIGNATURE <\/p>\n<p> 2018 &#8211; Presenta los robots comerciales CLOi <\/p>\n<p> 2020 &#8211; Lanza el primer televisor OLED enrollable <\/p>\n<p> 2022 &#8211; LG Smart Park es seleccionada como F\u00e1brica Faro por el Foro Econ\u00f3mico Mundial (FEM) <\/p>\n<p>                                              <img decoding=\"async\" alt=\"1\" src=\"https:\/\/images-na.ssl-images-amazon.com\/images\/G\/01\/x-locale\/common\/grey-pixel.gif\" class=\"a-lazy-loaded\" data-src=\"https:\/\/m.media-amazon.com\/images\/S\/aplus-media-library-service-media\/26286560-32a7-4702-9e2d-94bf8f761887.__CR0,0,362,453_PT0_SX362_V1___.jpg\"><img decoding=\"async\" alt=\"1\" src=\"https:\/\/m.media-amazon.com\/images\/S\/aplus-media-library-service-media\/26286560-32a7-4702-9e2d-94bf8f761887.__CR0,0,362,453_PT0_SX362_V1___.jpg\">  <\/p>\n<p>                                              <img decoding=\"async\" alt=\"1\" src=\"https:\/\/images-na.ssl-images-amazon.com\/images\/G\/01\/x-locale\/common\/grey-pixel.gif\" class=\"a-lazy-loaded\" data-src=\"https:\/\/m.media-amazon.com\/images\/S\/aplus-media-library-service-media\/2dfa3a9d-abf9-4101-8f5f-b6facb2e7e41.__CR0,0,362,453_PT0_SX362_V1___.jpg\"><img decoding=\"async\" alt=\"1\" src=\"https:\/\/m.media-amazon.com\/images\/S\/aplus-media-library-service-media\/2dfa3a9d-abf9-4101-8f5f-b6facb2e7e41.__CR0,0,362,453_PT0_SX362_V1___.jpg\">  <\/p>\n<p>                                              <img decoding=\"async\" alt=\"1\" src=\"https:\/\/images-na.ssl-images-amazon.com\/images\/G\/01\/x-locale\/common\/grey-pixel.gif\" class=\"a-lazy-loaded\" data-src=\"https:\/\/m.media-amazon.com\/images\/S\/aplus-media-library-service-media\/41fa2042-bd88-43f1-b7a6-ff87b3937fac.__CR0,0,362,453_PT0_SX362_V1___.jpg\"><img decoding=\"async\" alt=\"1\" src=\"https:\/\/m.media-amazon.com\/images\/S\/aplus-media-library-service-media\/41fa2042-bd88-43f1-b7a6-ff87b3937fac.__CR0,0,362,453_PT0_SX362_V1___.jpg\">  <\/p>\n<p>                                              <img decoding=\"async\" alt=\"1\" src=\"https:\/\/images-na.ssl-images-amazon.com\/images\/G\/01\/x-locale\/common\/grey-pixel.gif\" class=\"a-lazy-loaded\" data-src=\"https:\/\/m.media-amazon.com\/images\/S\/aplus-media-library-service-media\/a0e4a9c2-5c73-4e85-93ef-d828aca8a3cc.__CR0,0,362,453_PT0_SX362_V1___.jpg\"><img decoding=\"async\" alt=\"1\" src=\"https:\/\/m.media-amazon.com\/images\/S\/aplus-media-library-service-media\/a0e4a9c2-5c73-4e85-93ef-d828aca8a3cc.__CR0,0,362,453_PT0_SX362_V1___.jpg\">  <\/p>\n<p>                                              <img decoding=\"async\" alt=\"1\" src=\"https:\/\/images-na.ssl-images-amazon.com\/images\/G\/01\/x-locale\/common\/grey-pixel.gif\" class=\"a-lazy-loaded\" data-src=\"https:\/\/m.media-amazon.com\/images\/S\/aplus-media-library-service-media\/7e2cc14c-672d-44c6-9bbb-543aa5a87db7.__CR0,0,362,453_PT0_SX362_V1___.jpg\"><img decoding=\"async\" alt=\"1\" src=\"https:\/\/m.media-amazon.com\/images\/S\/aplus-media-library-service-media\/7e2cc14c-672d-44c6-9bbb-543aa5a87db7.__CR0,0,362,453_PT0_SX362_V1___.jpg\">  <\/p>\n<p>                                              <img decoding=\"async\" alt=\"\" src=\"https:\/\/images-na.ssl-images-amazon.com\/images\/G\/01\/x-locale\/common\/grey-pixel.gif\" class=\"a-lazy-loaded\" data-src=\"https:\/\/m.media-amazon.com\/images\/S\/aplus-media-library-service-media\/a7f711df-7e1c-41e9-81d7-999772f4f72f.__CR0,0,362,453_PT0_SX362_V1___.jpg\"><img decoding=\"async\" alt=\"\" src=\"https:\/\/m.media-amazon.com\/images\/S\/aplus-media-library-service-media\/a7f711df-7e1c-41e9-81d7-999772f4f72f.__CR0,0,362,453_PT0_SX362_V1___.jpg\">  <\/p>\n<p>                                              <img decoding=\"async\" alt=\"\" src=\"https:\/\/images-na.ssl-images-amazon.com\/images\/G\/01\/x-locale\/common\/grey-pixel.gif\" class=\"a-lazy-loaded\" data-src=\"https:\/\/m.media-amazon.com\/images\/S\/aplus-media-library-service-media\/729c9010-ba07-4cbb-bc59-26eec32724c7.__CR0,0,362,453_PT0_SX362_V1___.jpg\"><img decoding=\"async\" alt=\"\" src=\"https:\/\/m.media-amazon.com\/images\/S\/aplus-media-library-service-media\/729c9010-ba07-4cbb-bc59-26eec32724c7.__CR0,0,362,453_PT0_SX362_V1___.jpg\">  <\/p>\n<p>                                              <img decoding=\"async\" alt=\"1\" src=\"https:\/\/images-na.ssl-images-amazon.com\/images\/G\/01\/x-locale\/common\/grey-pixel.gif\" class=\"a-lazy-loaded\" data-src=\"https:\/\/m.media-amazon.com\/images\/S\/aplus-media-library-service-media\/a6f82c92-8411-4ea7-801c-39fd94ed469e.__CR0,0,362,453_PT0_SX362_V1___.jpg\"><img decoding=\"async\" alt=\"1\" src=\"https:\/\/m.media-amazon.com\/images\/S\/aplus-media-library-service-media\/a6f82c92-8411-4ea7-801c-39fd94ed469e.__CR0,0,362,453_PT0_SX362_V1___.jpg\">  <\/p>\n<p>                                              <img decoding=\"async\" alt=\"1\" src=\"https:\/\/images-na.ssl-images-amazon.com\/images\/G\/01\/x-locale\/common\/grey-pixel.gif\" class=\"a-lazy-loaded\" data-src=\"https:\/\/m.media-amazon.com\/images\/S\/aplus-media-library-service-media\/52bf68c3-e526-4504-8311-adc265fced6a.__CR0,0,362,453_PT0_SX362_V1___.jpg\"><img decoding=\"async\" alt=\"1\" src=\"https:\/\/m.media-amazon.com\/images\/S\/aplus-media-library-service-media\/52bf68c3-e526-4504-8311-adc265fced6a.__CR0,0,362,453_PT0_SX362_V1___.jpg\">  <\/p>\n<h3> DESCUBRE NUESTRA STORE <\/h3>\n<p class=\"apm-brand-story-stores-link\">\n<p>                                              <img decoding=\"async\" alt=\"1\" src=\"https:\/\/images-na.ssl-images-amazon.com\/images\/G\/01\/x-locale\/common\/grey-pixel.gif\" class=\"a-lazy-loaded\" data-src=\"https:\/\/m.media-amazon.com\/images\/S\/aplus-media-library-service-media\/1910402d-95bb-4523-bcf3-773cdf4fa2e7.__CR0,0,362,453_PT0_SX362_V1___.jpg\"><img decoding=\"async\" alt=\"1\" src=\"https:\/\/m.media-amazon.com\/images\/S\/aplus-media-library-service-media\/1910402d-95bb-4523-bcf3-773cdf4fa2e7.__CR0,0,362,453_PT0_SX362_V1___.jpg\">  <\/p>\n<p> Product Dimensions                                            \u200f                                            :                                            \u200e                                            55.7 x 42 x 18.1 cm; 3.7 kg   <br \/> Manufacturer                                            \u200f                                            :                                            \u200e                                            LG   <br \/> ASIN                                            \u200f                                            :                                            \u200e                                            B088BN751K   <br \/> Item model number                                            \u200f                                            :                                            \u200e                                            24GN53A-B.AEU   <br \/> Country of origin                                            \u200f                                            :                                            \u200e                                            Korea, Republic of   <br \/> Guaranteed software updates until                                            \u200f                                            :                                            \u200e                                            unknown   <br \/>  Customer reviews:                                                                                            4.5               4.5 out of 5 stars                                  (1,635)                                              var dpAcrHasRegisteredArcLinkClickAction;                    P.when(&#8216;A&#8217;, &#8216;ready&#8217;).execute(function(A) {                        if (dpAcrHasRegisteredArcLinkClickAction !== true) {                            dpAcrHasRegisteredArcLinkClickAction = true;                            A.declarative(                                &#8216;acrLink-click-metrics&#8217;, &#8216;click&#8217;,                                { \u00aballowLinkDefault\u00bb: true },                                function (event) {                                    if (window.ue) {                                        ue.count(\u00abacrLinkClickCount\u00bb, (ue.count(\u00abacrLinkClickCount\u00bb) || 0) + 1);                                    }                                }                            );                        }                    });                                             P.when(&#8216;A&#8217;, &#8216;cf&#8217;).execute(function(A) {                A.declarative(&#8216;acrStarsLink-click-metrics&#8217;, &#8216;click&#8217;, { \u00aballowLinkDefault\u00bb : true },  function(event){                    if(window.ue) {                        ue.count(\u00abacrStarsLinkWithPopoverClickCount\u00bb, (ue.count(\u00abacrStarsLinkWithPopoverClickCount\u00bb) || 0) + 1);                    }                });            });                          <\/p>\n<p>24&#8243; gaming monitor with FullHD resolution (1920&#215;1080 pixels) with a 16:9 ratio.<br \/>144Hz refresh rate: really smooth games. 1ms response time (GtG): Eliminate screen tearing and choppy frame rates.<br \/>300 nits display brightness, Flicker Safe backlight technology and intelligent energy saving.<br \/>With AMD FreeSync technology, you can experience smooth, seamless movement in high-resolution, fast-paced gaming.<br \/>Features 2 x HDMI, DisplayPort 1.2 and headphone output.<\/p>\n\n","protected":false},"excerpt":{"rendered":"<p> From the brand Pioneros en tecnolog\u00eda. A trav\u00e9s del comienzo innovador y del crecimiento continuo,<\/p>","protected":false},"featured_media":25947,"comment_status":"open","ping_status":"closed","template":"","meta":[],"product_brand":[],"product_cat":[55],"product_tag":[853,1934,704,1918,1936,1935,7645,1939,1802,876,1940,307,1143,1784,1099,7231,617,1933,1929,1937,1186,844,1938,2324,1357],"class_list":{"0":"post-25946","1":"product","2":"type-product","3":"status-publish","4":"has-post-thumbnail","6":"product_cat-gaming-monitors","7":"product_tag-144hz","8":"product_tag-144hz-gaming-monitor","9":"product_tag-1920x1080","10":"product_tag-1ms","11":"product_tag-1ms-gaming-monitor","12":"product_tag-240hz-gaming-monitor","13":"product_tag-24gn53ab","14":"product_tag-27-inch-gaming-monitor","15":"product_tag-4k-gaming-monitor","16":"product_tag-adjustable","17":"product_tag-best-gaming-monitor","18":"product_tag-black","19":"product_tag-connectivity","20":"product_tag-curved-gaming-monitor","21":"product_tag-displayport","22":"product_tag-fullhd","23":"product_tag-gaming","24":"product_tag-gaming-monitor","25":"product_tag-hdmix2","26":"product_tag-ips-gaming-monitor","27":"product_tag-lcd","28":"product_tag-monitor","29":"product_tag-rgb-gaming-monitor","30":"product_tag-ultragear","31":"product_tag-universal","33":"first","34":"instock","35":"shipping-taxable","36":"product-type-external"},"_links":{"self":[{"href":"https:\/\/comprasyconsejos.store\/en\/wp-json\/wp\/v2\/product\/25946","targetHints":{"allow":["GET"]}}],"collection":[{"href":"https:\/\/comprasyconsejos.store\/en\/wp-json\/wp\/v2\/product"}],"about":[{"href":"https:\/\/comprasyconsejos.store\/en\/wp-json\/wp\/v2\/types\/product"}],"replies":[{"embeddable":true,"href":"https:\/\/comprasyconsejos.store\/en\/wp-json\/wp\/v2\/comments?post=25946"}],"version-history":[{"count":0,"href":"https:\/\/comprasyconsejos.store\/en\/wp-json\/wp\/v2\/product\/25946\/revisions"}],"wp:featuredmedia":[{"embeddable":true,"href":"https:\/\/comprasyconsejos.store\/en\/wp-json\/wp\/v2\/media\/25947"}],"wp:attachment":[{"href":"https:\/\/comprasyconsejos.store\/en\/wp-json\/wp\/v2\/media?parent=25946"}],"wp:term":[{"taxonomy":"product_brand","embeddable":true,"href":"https:\/\/comprasyconsejos.store\/en\/wp-json\/wp\/v2\/product_brand?post=25946"},{"taxonomy":"product_cat","embeddable":true,"href":"https:\/\/comprasyconsejos.store\/en\/wp-json\/wp\/v2\/product_cat?post=25946"},{"taxonomy":"product_tag","embeddable":true,"href":"https:\/\/comprasyconsejos.store\/en\/wp-json\/wp\/v2\/product_tag?post=25946"}],"curies":[{"name":"wp","href":"https:\/\/api.w.org\/{rel}","templated":true}]}}