{"id":26007,"date":"2026-02-19T23:27:38","date_gmt":"2026-02-19T23:27:38","guid":{"rendered":"https:\/\/comprasyconsejos.store\/product\/amvr-fc1-face-cover-pad-face-interface-compatible-with-meta-oculus-quest-3-accessories-not-compatible-with-meta-quest-3s\/"},"modified":"2026-02-19T23:27:41","modified_gmt":"2026-02-19T23:27:41","slug":"amvr-fc1-face-cover-pad-face-interface-compatible-with-meta-oculus-quest-3-accessories-not-compatible-with-meta-quest-3s","status":"publish","type":"product","link":"https:\/\/comprasyconsejos.store\/en\/product\/amvr-fc1-face-cover-pad-face-interface-compatible-with-meta-oculus-quest-3-accessories-not-compatible-with-meta-quest-3s\/","title":{"rendered":"AMVR FC1 Face Cover Pad Face Interface Compatible with Meta\/Oculus Quest 3 Accessories, NOT Compatible with Meta Quest 3S"},"content":{"rendered":"<p>Price: <span style=\"color:#b12704\">\u20ac29.99<\/span><br \/><i><small>(as of Feb 19, 2026 23:27:38 UTC &#8211; <span class=\"wp_automatic_amazon_disclaimer\" title=\"Product prices and availability are accurate as of the date\/time indicated and are subject to change. Any price and availability information displayed on [relevant Amazon Site(s), as applicable] at the time of purchase will apply to the purchase of this product.\">Details<\/span>)<\/small><\/i><\/p>\n<p><a href=\"https:\/\/amazon.es\/dp\/B0CNYGQ1SF?tag=man008-21\"><img decoding=\"async\" src=\"https:\/\/valvepress.s3.amazonaws.com\/imgs\/buy_now.png\"><\/a><br \/>\n<\/p>\n<p>                                             From the brand   <\/p>\n<p>                                              <img decoding=\"async\" alt=\"aplus content image\" src=\"https:\/\/images-na.ssl-images-amazon.com\/images\/G\/01\/x-locale\/common\/grey-pixel.gif\" class=\"a-lazy-loaded\" data-src=\"https:\/\/m.media-amazon.com\/images\/S\/aplus-media-library-service-media\/43f23729-edbe-4154-be06-26a3914fa387.__CR0,0,1464,625_PT0_SX1464_V1___.png\"><img decoding=\"async\" alt=\"aplus content image\" src=\"https:\/\/m.media-amazon.com\/images\/S\/aplus-media-library-service-media\/43f23729-edbe-4154-be06-26a3914fa387.__CR0,0,1464,625_PT0_SX1464_V1___.png\">  <\/p>\n<p>                                              <img decoding=\"async\" alt=\"\" src=\"https:\/\/images-na.ssl-images-amazon.com\/images\/G\/01\/x-locale\/common\/grey-pixel.gif\" class=\"a-lazy-loaded\" data-src=\"https:\/\/m.media-amazon.com\/images\/S\/aplus-media-library-service-media\/4af240ec-c66a-4847-a032-c445d4eb62d0.__CR0,0,315,145_PT0_SX315_V1___.png\"><img decoding=\"async\" alt=\"\" src=\"https:\/\/m.media-amazon.com\/images\/S\/aplus-media-library-service-media\/4af240ec-c66a-4847-a032-c445d4eb62d0.__CR0,0,315,145_PT0_SX315_V1___.png\">  <\/p>\n<p> Fundada en 2015, AMVR ha estado con los entusiastas de los juegos VR durante m\u00e1s de 7 a\u00f1os. Durante este per\u00edodo, nos hemos comprometido con la innovaci\u00f3n de productos VR, creando m\u00e1s de 200 patentes que abarcan utilidad, dise\u00f1o y apariencia. Gracias por su confianza y apoyo . Seguiremos iterando en productos VR que satisfagan a nuestros consumidores. La misi\u00f3n de AMVR es hacer cosas valiosas a largo plazo, cuidando siempre de sus necesidades. <\/p>\n<h3> Cable de carga trenzado VR <\/h3>\n<h3> Accesorio de golf para Q3\/S <\/h3>\n<h3> Base de carga AMVR RGB <\/h3>\n<h3> Comodidad y inmersi\u00f3n \u00fanicas <\/h3>\n<h3> Empu\u00f1aduras mejoradas AMVR <\/h3>\n<h3> Correas controlador AMVR <\/h3>\n<h3> Accesorio palo de golf AMVR <\/h3>\n<h3> Inmersi\u00f3n sin precedentes <\/h3>\n<h3> Accesorios VR para Q3 <\/h3>\n<p>                                                         \u00bfQu\u00e9 hace \u00fanicos a nuestros productos?                                       <\/p>\n<p> Nos preocupamos mucho por tus necesidades de realidad virtual. Las opiniones y comentarios de nuestros clientes son clave para nuestro crecimiento y mejora, y se integran en la estrategia de la empresa. Seguiremos avanzando para crear productos de realidad virtual m\u00e1s satisfactorios. <\/p>\n<p>                                                         \u00bfPor qu\u00e9 amamos lo que hacemos?                                       <\/p>\n<p> Como entusiastas de la realidad virtual, nos dedicamos a mejorar la experiencia de juego y ofrecer productos de alta calidad. Desde la creaci\u00f3n de AMVR, trabajamos en cosas valiosas para la comunidad de realidad virtual. <\/p>\n<p> Language                                            \u200f                                            :                                            \u200e                                            English   <br \/> Package Dimensions                                            \u200f                                            :                                            \u200e                                            18 x 12.3 x 9.2 cm; 189.94 g   <br \/> Manufacturer                                            \u200f                                            :                                            \u200e                                            AMVR   <br \/> ASIN                                            \u200f                                            :                                            \u200e                                            B0CNYGQ1SF   <br \/> Item model number                                            \u200f                                            :                                            \u200e                                            [QS-3]   <br \/> Country\/Region of Origin                                            \u200f                                            :                                            \u200e                                            China   <br \/> Guaranteed software updates until                                            \u200f                                            :                                            \u200e                                            unknown   <br \/>  Customer reviews:                                                                                            4.3               4.3 out of 5 stars                                  (3,991)                                              var dpAcrHasRegisteredArcLinkClickAction;                    P.when(&#8216;A&#8217;, &#8216;ready&#8217;).execute(function(A) {                        if (dpAcrHasRegisteredArcLinkClickAction !== true) {                            dpAcrHasRegisteredArcLinkClickAction = true;                            A.declarative(                                &#8216;acrLink-click-metrics&#8217;, &#8216;click&#8217;,                                { \u00aballowLinkDefault\u00bb: true },                                function (event) {                                    if (window.ue) {                                        ue.count(\u00abacrLinkClickCount\u00bb, (ue.count(\u00abacrLinkClickCount\u00bb) || 0) + 1);                                    }                                }                            );                        }                    });                                             P.when(&#8216;A&#8217;, &#8216;cf&#8217;).execute(function(A) {                A.declarative(&#8216;acrStarsLink-click-metrics&#8217;, &#8216;click&#8217;, { \u00aballowLinkDefault\u00bb : true },  function(event){                    if(window.ue) {                        ue.count(\u00abacrStarsLinkWithPopoverClickCount\u00bb, (ue.count(\u00abacrStarsLinkWithPopoverClickCount\u00bb) || 0) + 1);                    }                });            });                          <\/p>\n<p>Face interface with depth adjustment: three options for the depth of the Q3 compatible facial interface: high (H), medium (M) and low (L) positions (H position: eyes are farther away from the lens). By adjusting it, you can find the position that best fits your face shape, allowing you to get the best field of view and at the same time the greatest comfort. Players who wear glasses no longer have to worry about them touching the lenses anymore<br \/>Newly Improved Ventilation Structure &#8211; Q3 compatible facial interface not only uses a ventilation structure more in line with the principle of air circulation to keep the face cool and effectively reduce the fogging of the glasses in VR games, but also has an ergonomic design that perfectly fits different face shapes<br \/>Two types of face pads included &#8211; PU leather pad: made with premium PU leather and fluffy foam, it is softer, more comfortable and sweat-resistant, so you no longer need to worry about allergies or fading. The 0.63-inch thick face pad, compatible with Q3, reduces pressure better than other face pads, which effectively reduces the pressure on the face and makes the VR experience more comfortable for longer<br \/>INCLUDES TWO TYPES OF FACE PADS &#8211; Ice Silk Cotton Pad: made with tougher materials that absorb moisture and are skin friendly. Its good breathability keeps the face fresh and clean during intense exercises, such as physical training. No doubt, you will be pleasantly surprised when you use it for intense sports or VR games. Like PU leather, 16mm thick ice silk cotton pad, Q3 compatible, effectively reduce the pressure on the face<br \/>What You Get &#8211; Removable silicone nose guard blocking light*1 (The nose guard blocks more light), breathable facial interface *1, 16mm breathable ice silk cotton*1 (extra surprises, new experiences), 16mm soft PU leather pad*1, 12-month warranty. If you have any questions about our products and services, please let us know and we will give you a satisfactory solution in time!<\/p>\n\n","protected":false},"excerpt":{"rendered":"<p> From the brand Fundada en 2015, AMVR ha estado con los entusiastas de los juegos<\/p>","protected":false},"featured_media":26008,"comment_status":"open","ping_status":"closed","template":"","meta":[],"product_brand":[],"product_cat":[61],"product_tag":[2681,7658,201,1880,1016,841,7659,1881,1875,1883,1884,3121,4274,7660,1878,277,1876,4275,1879,1882,1877],"class_list":{"0":"post-26007","1":"product","2":"type-product","3":"status-publish","4":"has-post-thumbnail","6":"product_cat-games-entertainment","7":"product_tag-accessories","8":"product_tag-amvr","9":"product_tag-compatible","10":"product_tag-console-games","11":"product_tag-cover","12":"product_tag-face","13":"product_tag-fc1","14":"product_tag-gaming-accessories","15":"product_tag-gaming-consoles","16":"product_tag-gaming-controllers","17":"product_tag-home-gaming-system","18":"product_tag-interface","19":"product_tag-meta","20":"product_tag-metaoculus","21":"product_tag-nintendo-console","22":"product_tag-pad","23":"product_tag-playstation-console","24":"product_tag-quest","25":"product_tag-video-games","26":"product_tag-vr-headset","27":"product_tag-xbox-console","29":"first","30":"instock","31":"shipping-taxable","32":"product-type-external"},"_links":{"self":[{"href":"https:\/\/comprasyconsejos.store\/en\/wp-json\/wp\/v2\/product\/26007","targetHints":{"allow":["GET"]}}],"collection":[{"href":"https:\/\/comprasyconsejos.store\/en\/wp-json\/wp\/v2\/product"}],"about":[{"href":"https:\/\/comprasyconsejos.store\/en\/wp-json\/wp\/v2\/types\/product"}],"replies":[{"embeddable":true,"href":"https:\/\/comprasyconsejos.store\/en\/wp-json\/wp\/v2\/comments?post=26007"}],"version-history":[{"count":0,"href":"https:\/\/comprasyconsejos.store\/en\/wp-json\/wp\/v2\/product\/26007\/revisions"}],"wp:featuredmedia":[{"embeddable":true,"href":"https:\/\/comprasyconsejos.store\/en\/wp-json\/wp\/v2\/media\/26008"}],"wp:attachment":[{"href":"https:\/\/comprasyconsejos.store\/en\/wp-json\/wp\/v2\/media?parent=26007"}],"wp:term":[{"taxonomy":"product_brand","embeddable":true,"href":"https:\/\/comprasyconsejos.store\/en\/wp-json\/wp\/v2\/product_brand?post=26007"},{"taxonomy":"product_cat","embeddable":true,"href":"https:\/\/comprasyconsejos.store\/en\/wp-json\/wp\/v2\/product_cat?post=26007"},{"taxonomy":"product_tag","embeddable":true,"href":"https:\/\/comprasyconsejos.store\/en\/wp-json\/wp\/v2\/product_tag?post=26007"}],"curies":[{"name":"wp","href":"https:\/\/api.w.org\/{rel}","templated":true}]}}