{"id":26013,"date":"2026-02-19T23:35:16","date_gmt":"2026-02-19T23:35:16","guid":{"rendered":"https:\/\/comprasyconsejos.store\/product\/4g-mini-smartphone-unlocked-3-9-hd-full-screen-1950mah-android-12-dual-sim-3gb32gb-worlds-smallest-4g-small-cell-phone-for-kids-gps-face-id\/"},"modified":"2026-02-19T23:35:27","modified_gmt":"2026-02-19T23:35:27","slug":"4g-mini-smartphone-unlocked-3-9-hd-full-screen-1950mah-android-12-dual-sim-3gb32gb-worlds-smallest-4g-small-cell-phone-for-kids-gps-face-id","status":"publish","type":"product","link":"https:\/\/comprasyconsejos.store\/en\/product\/4g-mini-smartphone-unlocked-3-9-hd-full-screen-1950mah-android-12-dual-sim-3gb32gb-worlds-smallest-4g-small-cell-phone-for-kids-gps-face-id\/","title":{"rendered":"4G Mini Smartphone, Unlocked, 3.9&#8243; HD Full Screen 1950mAh Android 12 Dual SIM 3GB+32GB World&#8217;s Smallest 4G Small Cell Phone for Kids, GPS Face ID"},"content":{"rendered":"<p>Price: <span style=\"color:#b12704\">\u20ac64.64<\/span><br \/><i><small>(as of Feb 19, 2026 23:35:17 UTC &#8211; <span class=\"wp_automatic_amazon_disclaimer\" title=\"Product prices and availability are accurate as of the date\/time indicated and are subject to change. Any price and availability information displayed on [relevant Amazon Site(s), as applicable] at the time of purchase will apply to the purchase of this product.\">Details<\/span>)<\/small><\/i><\/p>\n<p><a href=\"https:\/\/amazon.es\/dp\/B0G1LMNZP8?tag=man008-21\"><img decoding=\"async\" src=\"https:\/\/valvepress.s3.amazonaws.com\/imgs\/buy_now.png\"><\/a><br \/>\n<\/p>\n<p>                                             From the brand   <\/p>\n<p>                                              <img decoding=\"async\" alt=\"Pantalla de varios modelos de tel\u00e9fonos inteligentes y un despertador digital con base de carga, dispuestos sobre pedestales de color beige sobre un fondo de arena des\u00e9rtica\" src=\"https:\/\/images-na.ssl-images-amazon.com\/images\/G\/01\/x-locale\/common\/grey-pixel.gif\" class=\"a-lazy-loaded\" data-src=\"https:\/\/m.media-amazon.com\/images\/S\/aplus-media-library-service-media\/e317a24b-274b-4c13-8dab-95b381371dee.__CR0,0,1464,625_PT0_SX1464_V1___.jpg\"><img decoding=\"async\" alt=\"Pantalla de varios modelos de tel\u00e9fonos inteligentes y un despertador digital con base de carga, dispuestos sobre pedestales de color beige sobre un fondo de arena des\u00e9rtica\" src=\"https:\/\/m.media-amazon.com\/images\/S\/aplus-media-library-service-media\/e317a24b-274b-4c13-8dab-95b381371dee.__CR0,0,1464,625_PT0_SX1464_V1___.jpg\">  <\/p>\n<p>                                              <img decoding=\"async\" alt=\"\" src=\"https:\/\/images-na.ssl-images-amazon.com\/images\/G\/01\/x-locale\/common\/grey-pixel.gif\" class=\"a-lazy-loaded\" data-src=\"https:\/\/m.media-amazon.com\/images\/S\/aplus-media-library-service-media\/d61e386e-43fe-40e4-8c94-592cd1358faa.__CR0,0,362,453_PT0_SX362_V1___.jpg\"><img decoding=\"async\" alt=\"\" src=\"https:\/\/m.media-amazon.com\/images\/S\/aplus-media-library-service-media\/d61e386e-43fe-40e4-8c94-592cd1358faa.__CR0,0,362,453_PT0_SX362_V1___.jpg\">  <\/p>\n<h3> Estaci\u00f3n de carga 7 en 1 BLKE <\/h3>\n<h3> Estaci\u00f3n de carga inal\u00e1mbrica BLKE <\/h3>\n<h3> Cargador inal\u00e1mbrico con altavoz <\/h3>\n<p>                                              <img decoding=\"async\" alt=\"Sostiene en la mano un smartphone de color claro con varias lentes de c\u00e1mara visibles. Vista parcial del rostro de una persona en segundo plano\" src=\"https:\/\/images-na.ssl-images-amazon.com\/images\/G\/01\/x-locale\/common\/grey-pixel.gif\" class=\"a-lazy-loaded\" data-src=\"https:\/\/m.media-amazon.com\/images\/S\/aplus-media-library-service-media\/c46b2e3a-cd97-40cc-807e-c4a1e80b18c9.__CR0,0,362,453_PT0_SX362_V1___.jpg\"><img decoding=\"async\" alt=\"Sostiene en la mano un smartphone de color claro con varias lentes de c\u00e1mara visibles. Vista parcial del rostro de una persona en segundo plano\" src=\"https:\/\/m.media-amazon.com\/images\/S\/aplus-media-library-service-media\/c46b2e3a-cd97-40cc-807e-c4a1e80b18c9.__CR0,0,362,453_PT0_SX362_V1___.jpg\">  <\/p>\n<h3> BLKE 4G Mini Smartphone <\/h3>\n<p>                                              <img decoding=\"async\" alt=\"Primer plano de una mano que sostiene un smartphone negro, que muestra parcialmente a una persona que lleva una blusa azul estampada. Demuestra el tama\u00f1o y el agarre del tel\u00e9fono\" src=\"https:\/\/images-na.ssl-images-amazon.com\/images\/G\/01\/x-locale\/common\/grey-pixel.gif\" class=\"a-lazy-loaded\" data-src=\"https:\/\/m.media-amazon.com\/images\/S\/aplus-media-library-service-media\/8218890e-bd7a-412d-b083-56a355a29665.__CR0,0,362,453_PT0_SX362_V1___.jpg\"><img decoding=\"async\" alt=\"Primer plano de una mano que sostiene un smartphone negro, que muestra parcialmente a una persona que lleva una blusa azul estampada. Demuestra el tama\u00f1o y el agarre del tel\u00e9fono\" src=\"https:\/\/m.media-amazon.com\/images\/S\/aplus-media-library-service-media\/8218890e-bd7a-412d-b083-56a355a29665.__CR0,0,362,453_PT0_SX362_V1___.jpg\">  <\/p>\n<h3> BLKE Mini Tel\u00e9fono M\u00f3vil <\/h3>\n<p>                                              <img decoding=\"async\" alt=\"sostenido sobre un colorido fondo geom\u00e9trico amarillo y rojo, con detalles de ropa a rayas visibles\" src=\"https:\/\/images-na.ssl-images-amazon.com\/images\/G\/01\/x-locale\/common\/grey-pixel.gif\" class=\"a-lazy-loaded\" data-src=\"https:\/\/m.media-amazon.com\/images\/S\/aplus-media-library-service-media\/db2ebbf4-0b76-4ec8-9058-aa5d62e5cefe.__CR0,0,362,453_PT0_SX362_V1___.jpg\"><img decoding=\"async\" alt=\"sostenido sobre un colorido fondo geom\u00e9trico amarillo y rojo, con detalles de ropa a rayas visibles\" src=\"https:\/\/m.media-amazon.com\/images\/S\/aplus-media-library-service-media\/db2ebbf4-0b76-4ec8-9058-aa5d62e5cefe.__CR0,0,362,453_PT0_SX362_V1___.jpg\">  <\/p>\n<h3> BLKE Mini Tel\u00e9fonos M\u00f3viles <\/h3>\n<h3> Tel\u00e9fono Minie 4G <\/h3>\n<p> Batteries                                            \u200f                                            :                                            \u200e                                            1 A batteries required. (included)   <br \/> Package Dimensions                                            \u200f                                            :                                            \u200e                                            12 x 8 x 5 cm; 183 g   <br \/> Manufacturer                                            \u200f                                            :                                            \u200e                                            BLKE   <br \/> ASIN                                            \u200f                                            :                                            \u200e                                            B0G1LMNZP8   <br \/> Item model number                                            \u200f                                            :                                            \u200e                                            19Pro   <br \/> Guaranteed software updates until                                            \u200f                                            :                                            \u200e                                            unknown   <br \/>  Customer reviews:                                                                                            3.3               3.3 out of 5 stars                                  (3)                                              var dpAcrHasRegisteredArcLinkClickAction;                    P.when(&#8216;A&#8217;, &#8216;ready&#8217;).execute(function(A) {                        if (dpAcrHasRegisteredArcLinkClickAction !== true) {                            dpAcrHasRegisteredArcLinkClickAction = true;                            A.declarative(                                &#8216;acrLink-click-metrics&#8217;, &#8216;click&#8217;,                                { \u00aballowLinkDefault\u00bb: true },                                function (event) {                                    if (window.ue) {                                        ue.count(\u00abacrLinkClickCount\u00bb, (ue.count(\u00abacrLinkClickCount\u00bb) || 0) + 1);                                    }                                }                            );                        }                    });                                             P.when(&#8216;A&#8217;, &#8216;cf&#8217;).execute(function(A) {                A.declarative(&#8216;acrStarsLink-click-metrics&#8217;, &#8216;click&#8217;, { \u00aballowLinkDefault\u00bb : true },  function(event){                    if(window.ue) {                        ue.count(\u00abacrStarsLinkWithPopoverClickCount\u00bb, (ue.count(\u00abacrStarsLinkWithPopoverClickCount\u00bb) || 0) + 1);                    }                });            });                          <\/p>\n<p>Upgraded 4G Mini Smartphone Unlocked &#8211; BLKE mini smartphone uses the latest 4G technology for a smooth experience. Before use, please check whether your SIM card supports these frequency bands: GSM:850\/1900\/1800\/1900; WCDMA:B1\/B2\/B4\/B5\/B8; FDD B1\/B2\/B4\/B5\/B7\/B8\/B12\/B17\/B20\/B28\/B666 ; TDD: B3. . 4\/B38\/B39\/B40\/B41<br \/>1950mAh HIGH CAPACITY BATTERY &#8211; The BLKE mini phone stands out with its substantial 1950mAh power supply. This robust battery allows the device to withstand extended call durations, numerous text exchanges and extended web browsing sessions. With almost twice the capacity of its competitors, BLKE mini mobile phones significantly reduce the recharging frequency. Whether your child is at school for a full day or on an adventure, this long-lasting battery ensures continuous functionality without the hassle of constantly searching for an outlet, making it the perfect companion for all-day use scenarios.<br \/>HIGH PERFORMANCE MINI SMARTPHONE &#8211; Powered by a quad-core processor, BLKE cheap mobile phone runs Android 12 smoothly with no lags. Supports a wide range of Google Play Store apps, such as Facebook, YouTube, Instagram, WhatsApp, TikTok, Twitter, etc<br \/>AMPLE 64GB STORAGE &#8211; The upgraded BLKE Android phones feature a generous 64GB internal memory, which offers plenty of room for your photos, videos, music, documents and more. Despite its compact size, this phone ensures you never have to compromise on storage. With dual SIM functionality and an additional memory card slot, you can easily expand the storage capacity, making it perfect for storing all your important data and media without any hassle.<br \/>ULTRA COMPACT MINI MOBILE PHONE &#8211; Designed with a sleek and lightweight construction, this mini phone features a 3.9 inch display and measures only 38.3 x 18.2 x 11.9mm, making it incredibly portable and easy to carry. Its sleek and compact design makes it perfect as a travel companion, backup phone for outdoor adventures or even as a wonderful gift for kids. Small in size but big in functionality, it is the ideal choice for those who value comfort and simplicity.<br \/>Package Contents 1 x Mini Smartphone, 1 x Screen Protector, 1 x Type-C Cable, 1 x Phone Case, 1 x Glued Pin, 1 x User Manual.<\/p>\n\n","protected":false},"excerpt":{"rendered":"<p> From the brand Estaci\u00f3n de carga 7 en 1 BLKE Estaci\u00f3n de carga inal\u00e1mbrica BLKE<\/p>","protected":false},"featured_media":26014,"comment_status":"open","ping_status":"closed","template":"","meta":[],"product_brand":[],"product_cat":[100],"product_tag":[7661,7662,1890,391,1891,1896,1893,1000,298,841,560,1113,1892,1169,1889,215,1888,230,842,2827,293,7663,1897,1894,1895,1588,1111,911],"class_list":{"0":"post-26013","1":"product","2":"type-product","3":"status-publish","4":"has-post-thumbnail","6":"product_cat-smartphones","7":"product_tag-1950mah","8":"product_tag-3gb32gb","9":"product_tag-5g-smartphones","10":"product_tag-android","11":"product_tag-android-phones","12":"product_tag-best-smartphones","13":"product_tag-budget-smartphones","14":"product_tag-cell","15":"product_tag-dual","16":"product_tag-face","17":"product_tag-full","18":"product_tag-gps","19":"product_tag-iphone-smartphones","20":"product_tag-kids","21":"product_tag-latest-smartphones","22":"product_tag-mini","23":"product_tag-mobile-phones","24":"product_tag-phone","25":"product_tag-screen","26":"product_tag-sim","27":"product_tag-small","28":"product_tag-smallest","29":"product_tag-smartphone","30":"product_tag-smartphone-deals","31":"product_tag-smartphone-price","32":"product_tag-smartphones","33":"product_tag-unlocked","34":"product_tag-worlds","36":"first","37":"instock","38":"shipping-taxable","39":"product-type-external"},"_links":{"self":[{"href":"https:\/\/comprasyconsejos.store\/en\/wp-json\/wp\/v2\/product\/26013","targetHints":{"allow":["GET"]}}],"collection":[{"href":"https:\/\/comprasyconsejos.store\/en\/wp-json\/wp\/v2\/product"}],"about":[{"href":"https:\/\/comprasyconsejos.store\/en\/wp-json\/wp\/v2\/types\/product"}],"replies":[{"embeddable":true,"href":"https:\/\/comprasyconsejos.store\/en\/wp-json\/wp\/v2\/comments?post=26013"}],"version-history":[{"count":0,"href":"https:\/\/comprasyconsejos.store\/en\/wp-json\/wp\/v2\/product\/26013\/revisions"}],"wp:featuredmedia":[{"embeddable":true,"href":"https:\/\/comprasyconsejos.store\/en\/wp-json\/wp\/v2\/media\/26014"}],"wp:attachment":[{"href":"https:\/\/comprasyconsejos.store\/en\/wp-json\/wp\/v2\/media?parent=26013"}],"wp:term":[{"taxonomy":"product_brand","embeddable":true,"href":"https:\/\/comprasyconsejos.store\/en\/wp-json\/wp\/v2\/product_brand?post=26013"},{"taxonomy":"product_cat","embeddable":true,"href":"https:\/\/comprasyconsejos.store\/en\/wp-json\/wp\/v2\/product_cat?post=26013"},{"taxonomy":"product_tag","embeddable":true,"href":"https:\/\/comprasyconsejos.store\/en\/wp-json\/wp\/v2\/product_tag?post=26013"}],"curies":[{"name":"wp","href":"https:\/\/api.w.org\/{rel}","templated":true}]}}