{"id":26041,"date":"2026-02-19T23:50:02","date_gmt":"2026-02-19T23:50:02","guid":{"rendered":"https:\/\/comprasyconsejos.store\/product\/asus-prime-850w-gold-850-watts-atx-3-1-compliant-fully-modular-power-supply-80-gold-double-ball-bearings-two-color-options-in-one-8-year-coverage\/"},"modified":"2026-02-19T23:50:14","modified_gmt":"2026-02-19T23:50:14","slug":"asus-prime-850w-gold-850-watts-atx-3-1-compliant-fully-modular-power-supply-80-gold-double-ball-bearings-two-color-options-in-one-8-year-coverage","status":"publish","type":"product","link":"https:\/\/comprasyconsejos.store\/en\/product\/asus-prime-850w-gold-850-watts-atx-3-1-compliant-fully-modular-power-supply-80-gold-double-ball-bearings-two-color-options-in-one-8-year-coverage\/","title":{"rendered":"ASUS Prime 850W Gold (850 Watts, ATX 3.1 Compliant, Fully Modular Power Supply, 80+ Gold, Double Ball Bearings, Two Color Options in One, 8 Year Coverage)"},"content":{"rendered":"<p>Price: <span style=\"color:#b12704\">\u20ac130.47<\/span><br \/><i><small>(as of Feb 19, 2026 23:50:02 UTC &#8211; <span class=\"wp_automatic_amazon_disclaimer\" title=\"Product prices and availability are accurate as of the date\/time indicated and are subject to change. Any price and availability information displayed on [relevant Amazon Site(s), as applicable] at the time of purchase will apply to the purchase of this product.\">Details<\/span>)<\/small><\/i><\/p>\n<p><a href=\"https:\/\/amazon.es\/dp\/B0DHVG3LRV?tag=man008-21\"><img decoding=\"async\" src=\"https:\/\/valvepress.s3.amazonaws.com\/imgs\/buy_now.png\"><\/a><br \/>\n<\/p>\n<p>                                             From the manufacturer   <\/p>\n<p>                                                      <img decoding=\"async\" alt=\"aplus content image\" src=\"https:\/\/images-na.ssl-images-amazon.com\/images\/G\/01\/x-locale\/common\/grey-pixel.gif\" class=\"a-spacing-mini a-lazy-loaded\" data-src=\"https:\/\/m.media-amazon.com\/images\/S\/aplus-media-library-service-media\/f5882a98-30b3-48ad-a7ad-b7fbcf59ed26.__CR0,0,300,400_PT0_SX300_V1___.png\"><img decoding=\"async\" alt=\"aplus content image\" src=\"https:\/\/m.media-amazon.com\/images\/S\/aplus-media-library-service-media\/f5882a98-30b3-48ad-a7ad-b7fbcf59ed26.__CR0,0,300,400_PT0_SX300_V1___.png\">  <\/p>\n<p>                                                              <img decoding=\"async\" alt=\"\u3000\" src=\"https:\/\/images-na.ssl-images-amazon.com\/images\/G\/01\/x-locale\/common\/grey-pixel.gif\" class=\"a-spacing-mini a-lazy-loaded\" data-src=\"https:\/\/m.media-amazon.com\/images\/S\/aplus-media-library-service-media\/1013e371-bb06-4b22-ab7d-f841707d048e.__CR0,0,350,175_PT0_SX350_V1___.jpg\"><img decoding=\"async\" alt=\"\u3000\" src=\"https:\/\/m.media-amazon.com\/images\/S\/aplus-media-library-service-media\/1013e371-bb06-4b22-ab7d-f841707d048e.__CR0,0,350,175_PT0_SX350_V1___.jpg\">                                                                 <\/p>\n<p class=\"a-spacing-small a-size-small a-color-secondary\"> ASUS is one of Fortune magazine\u2019s World\u2019s Most Admired Companies and is one of the top motherboard and gaming brands as well as a top-three consumer notebook vendor. ASUS is driven by passion and innovation and dedicated to creating quality products for a future smart life, designing and manufacturing products that perfectly meet the needs of today&#8217;s digital home, office and person. Our wide portfolio includes MG248Q, Chromebox and a range of devices and components, along with AR and VR. <\/p>\n<h3 class=\"a-spacing-mini\"> ASUS Prime 850W Gold <\/h3>\n<p class=\"a-spacing-base\"> ASUS Prime 850W Gold (850 vatios, compatible con ATX 3.1, fuente de alimentaci\u00f3n totalmente modular, certificaci\u00f3n 80+ Gold, rodamientos de bolas dobles, dos opciones de color en uno, 8 a\u00f1os de cobertura) <\/p>\n<p>                                                          Los doble rodamientos de bolas para ventiladores pueden durar hasta el doble que los dise\u00f1os de rodamientos revestidos.       La homologaci\u00f3n 80 Plus Gold es el resultado del uso de condensadores de baja ESR y otros componentes de primera calidad.       Compatible con ATX 3.1: ASUS Prime Gold cumple con las directrices ATX 3.1 e incluye un cable PCIe de 16 pines compatible con tarjetas gr\u00e1ficas PCIe Gen 5.1.       El dise\u00f1o del ventilador Axial-tech cuenta con un n\u00facleo m\u00e1s peque\u00f1o que permite utilizar aspas m\u00e1s largas y un anillo de protecci\u00f3n que aumenta la presi\u00f3n del aire hacia abajo.       Cobertura de 8 a\u00f1os incluida.      <\/p>\n<p class=\"apm-text-center\">\n                                                      <img decoding=\"async\" alt=\"aplus content image\" src=\"https:\/\/images-na.ssl-images-amazon.com\/images\/G\/01\/x-locale\/common\/grey-pixel.gif\" class=\"a-spacing-mini a-lazy-loaded\" data-src=\"https:\/\/m.media-amazon.com\/images\/S\/aplus-media-library-service-media\/8762e478-4500-4255-b28b-085d208babaa.__CR0,0,300,300_PT0_SX300_V1___.png\"><img decoding=\"async\" alt=\"aplus content image\" src=\"https:\/\/m.media-amazon.com\/images\/S\/aplus-media-library-service-media\/8762e478-4500-4255-b28b-085d208babaa.__CR0,0,300,300_PT0_SX300_V1___.png\">  <\/p>\n<p>                                                    Doble rodamientos de bolas para ventiladores                                       <\/p>\n<p> La refrigeraci\u00f3n ejemplar la proporciona un ventilador de 135 mm que gira sobre una configuraci\u00f3n de doble rodamiento de bolas que durar\u00e1 hasta el doble que un dise\u00f1o de rodamiento de manguito. <\/p>\n<p class=\"apm-text-center\">\n                                                      <img decoding=\"async\" alt=\"aplus content image\" src=\"https:\/\/images-na.ssl-images-amazon.com\/images\/G\/01\/x-locale\/common\/grey-pixel.gif\" class=\"a-spacing-mini a-lazy-loaded\" data-src=\"https:\/\/m.media-amazon.com\/images\/S\/aplus-media-library-service-media\/ed430043-93d7-4578-b449-f4c40a4db31d.__CR0,0,1500,1500_PT0_SX300_V1___.png\"><img decoding=\"async\" alt=\"aplus content image\" src=\"https:\/\/m.media-amazon.com\/images\/S\/aplus-media-library-service-media\/ed430043-93d7-4578-b449-f4c40a4db31d.__CR0,0,1500,1500_PT0_SX300_V1___.png\">  <\/p>\n<p>                                                    Compatible con ATX 3.1                                       <\/p>\n<p> Ya est\u00e1n aqu\u00ed las \u00faltimas actualizaciones de las especificaciones de alimentaci\u00f3n. ATX 3.1 introduce directrices m\u00e1s estrictas en materia de regulaci\u00f3n de voltaje y corriente para el hardware de pr\u00f3xima generaci\u00f3n, y ASUS Prime 850W Gold se adelanta a los acontecimientos al cumplir plenamente con ellas. La fuente de alimentaci\u00f3n incluye un cable PCIe de 16 pines compatible con las tarjetas gr\u00e1ficas PCIe Gen 5.1, lo que ofrece grandes capacidades. <\/p>\n<p class=\"apm-text-center\">\n                                                      <img decoding=\"async\" alt=\"aplus content image\" src=\"https:\/\/images-na.ssl-images-amazon.com\/images\/G\/01\/x-locale\/common\/grey-pixel.gif\" class=\"a-spacing-mini a-lazy-loaded\" data-src=\"https:\/\/m.media-amazon.com\/images\/S\/aplus-media-library-service-media\/d7c6d89f-16cc-4024-9723-3afb7c541c8e.__CR0,0,300,300_PT0_SX300_V1___.png\"><img decoding=\"async\" alt=\"aplus content image\" src=\"https:\/\/m.media-amazon.com\/images\/S\/aplus-media-library-service-media\/d7c6d89f-16cc-4024-9723-3afb7c541c8e.__CR0,0,300,300_PT0_SX300_V1___.png\">  <\/p>\n<p>                                                    ELIGE TU ESTILO                                       <\/p>\n<p> Dos lados de la carcasa est\u00e1n pintados de blanco y los otros dos de negro, lo que te permite orientar la fuente de alimentaci\u00f3n para que se adapte al tema de montaje que prefieras. <\/p>\n<p>                                                  <img decoding=\"async\" alt=\"aplus content image\" src=\"https:\/\/images-na.ssl-images-amazon.com\/images\/G\/01\/x-locale\/common\/grey-pixel.gif\" class=\"a-lazy-loaded\" data-src=\"https:\/\/m.media-amazon.com\/images\/S\/aplus-media-library-service-media\/f5a340e9-36ba-450e-addb-1b7490e7d37c.__CR0,0,970,300_PT0_SX970_V1___.png\"><img decoding=\"async\" alt=\"aplus content image\" src=\"https:\/\/m.media-amazon.com\/images\/S\/aplus-media-library-service-media\/f5a340e9-36ba-450e-addb-1b7490e7d37c.__CR0,0,970,300_PT0_SX970_V1___.png\">  <\/p>\n<h3> HOMOLOGACI\u00d3N 80 PLUS GOLD <\/h3>\n<p> La fuente de alimentaci\u00f3n ASUS Prime 850W Gold usa condensadores eficientes y de baja ESR para un funcionamiento eficiente, obteniendo la certificaci\u00f3n 80 PLUS Gold. Ofrece hasta un 92 % de eficiencia, reduciendo calor, ruido del ventilador y aumentando la fiabilidad. <\/p>\n<p>                                                  <img decoding=\"async\" alt=\"aplus content image\" src=\"https:\/\/images-na.ssl-images-amazon.com\/images\/G\/01\/x-locale\/common\/grey-pixel.gif\" class=\"a-lazy-loaded\" data-src=\"https:\/\/m.media-amazon.com\/images\/S\/aplus-media-library-service-media\/f81dec68-9000-4c0f-8096-1f4790742691.__CR0,0,970,300_PT0_SX970_V1___.png\"><img decoding=\"async\" alt=\"aplus content image\" src=\"https:\/\/m.media-amazon.com\/images\/S\/aplus-media-library-service-media\/f81dec68-9000-4c0f-8096-1f4790742691.__CR0,0,970,300_PT0_SX970_V1___.png\">  <\/p>\n<h3>  8 A\u00d1OS DE COBERTURA <\/h3>\n<p> Estamos tan seguros de la fiabilidad del ASUS Prime 850W Gold que lo respaldamos con una cobertura mundial de 8 a\u00f1os. <\/p>\n<p> Product Dimensions                                            \u200f                                            :                                            \u200e                                            15 x 15 x 8.6 cm; 1.5 kg   <br \/> Manufacturer                                            \u200f                                            :                                            \u200e                                            ASUS   <br \/> ASIN                                            \u200f                                            :                                            \u200e                                            B0DHVG3LRV   <br \/> Item model number                                            \u200f                                            :                                            \u200e                                            90YE00U0-B0NA00   <br \/> Country of origin                                            \u200f                                            :                                            \u200e                                            China   <br \/> Guaranteed software updates until                                            \u200f                                            :                                            \u200e                                            unknown   <br \/>  Customer reviews:                                                                                            4.6               4.6 out of 5 stars                                  (159)                                              var dpAcrHasRegisteredArcLinkClickAction;                    P.when(&#8216;A&#8217;, &#8216;ready&#8217;).execute(function(A) {                        if (dpAcrHasRegisteredArcLinkClickAction !== true) {                            dpAcrHasRegisteredArcLinkClickAction = true;                            A.declarative(                                &#8216;acrLink-click-metrics&#8217;, &#8216;click&#8217;,                                { \u00aballowLinkDefault\u00bb: true },                                function (event) {                                    if (window.ue) {                                        ue.count(\u00abacrLinkClickCount\u00bb, (ue.count(\u00abacrLinkClickCount\u00bb) || 0) + 1);                                    }                                }                            );                        }                    });                                             P.when(&#8216;A&#8217;, &#8216;cf&#8217;).execute(function(A) {                A.declarative(&#8216;acrStarsLink-click-metrics&#8217;, &#8216;click&#8217;, { \u00aballowLinkDefault\u00bb : true },  function(event){                    if(window.ue) {                        ue.count(\u00abacrStarsLinkWithPopoverClickCount\u00bb, (ue.count(\u00abacrStarsLinkWithPopoverClickCount\u00bb) || 0) + 1);                    }                });            });                          <\/p>\n<p>Dual ball bearings for fans can last up to twice as long as designs with coated bearings<br \/>The 80 Plus Gold homologation is the result of low ESR capacitors and other quality components<br \/>ATX 3.1 COMPATIBLE &#8211; ASUS Prime Gold complies with ATX 3.1 guidelines and includes a 16-pin PCIe cable compatible with PCIe Gen 5.0 graphics cards<br \/>Axial-tech fan design features a smaller core that makes it easier to use longer blades and a protection ring that increases downward air pressure<br \/>8 year coverage included<\/p>\n\n","protected":false},"excerpt":{"rendered":"<p> From the manufacturer ASUS is one of Fortune magazine\u2019s World\u2019s Most Admired Companies and is<\/p>","protected":false},"featured_media":26042,"comment_status":"open","ping_status":"closed","template":"","meta":[],"product_brand":[],"product_cat":[79],"product_tag":[1488,1490,1495,3682,850,1458,3890,3891,1499,312,1507,1500,3113,3984,1502,1494,401,1503,1492,4594,1498,143,1485,2798,824,1505,2626,1128],"class_list":{"0":"post-26041","1":"product","2":"type-product","3":"status-publish","4":"has-post-thumbnail","6":"product_cat-pc-power-supply-unit","7":"product_tag-650w-psu","8":"product_tag-750w-psu","9":"product_tag-80-plus-gold-psu","10":"product_tag-850w","11":"product_tag-asus","12":"product_tag-atx","13":"product_tag-ball","14":"product_tag-bearings","15":"product_tag-best-psu","16":"product_tag-color","17":"product_tag-compliant","18":"product_tag-computer-power-unit","19":"product_tag-coverage","20":"product_tag-double","21":"product_tag-fully","22":"product_tag-gaming-power-supply","23":"product_tag-gold","24":"product_tag-modular","25":"product_tag-modular-psu","26":"product_tag-options","27":"product_tag-pc-power-supply-price","28":"product_tag-power","29":"product_tag-power-supply","30":"product_tag-prime","31":"product_tag-psu","32":"product_tag-supply","33":"product_tag-watts","34":"product_tag-year","36":"first","37":"instock","38":"shipping-taxable","39":"product-type-external"},"_links":{"self":[{"href":"https:\/\/comprasyconsejos.store\/en\/wp-json\/wp\/v2\/product\/26041","targetHints":{"allow":["GET"]}}],"collection":[{"href":"https:\/\/comprasyconsejos.store\/en\/wp-json\/wp\/v2\/product"}],"about":[{"href":"https:\/\/comprasyconsejos.store\/en\/wp-json\/wp\/v2\/types\/product"}],"replies":[{"embeddable":true,"href":"https:\/\/comprasyconsejos.store\/en\/wp-json\/wp\/v2\/comments?post=26041"}],"version-history":[{"count":0,"href":"https:\/\/comprasyconsejos.store\/en\/wp-json\/wp\/v2\/product\/26041\/revisions"}],"wp:featuredmedia":[{"embeddable":true,"href":"https:\/\/comprasyconsejos.store\/en\/wp-json\/wp\/v2\/media\/26042"}],"wp:attachment":[{"href":"https:\/\/comprasyconsejos.store\/en\/wp-json\/wp\/v2\/media?parent=26041"}],"wp:term":[{"taxonomy":"product_brand","embeddable":true,"href":"https:\/\/comprasyconsejos.store\/en\/wp-json\/wp\/v2\/product_brand?post=26041"},{"taxonomy":"product_cat","embeddable":true,"href":"https:\/\/comprasyconsejos.store\/en\/wp-json\/wp\/v2\/product_cat?post=26041"},{"taxonomy":"product_tag","embeddable":true,"href":"https:\/\/comprasyconsejos.store\/en\/wp-json\/wp\/v2\/product_tag?post=26041"}],"curies":[{"name":"wp","href":"https:\/\/api.w.org\/{rel}","templated":true}]}}