{"id":26084,"date":"2026-02-20T00:24:04","date_gmt":"2026-02-20T00:24:04","guid":{"rendered":"https:\/\/comprasyconsejos.store\/product\/pgytech-cfexpress-type-b-sd-micro-sd-card-reader-usb-3-2-gen-2-10gbps-memory-card-reader-cfexpress-type-b-sd-tf-card-case-compatible-with-windows-mac-linux-android-ipad-os-black\/"},"modified":"2026-02-20T00:24:10","modified_gmt":"2026-02-20T00:24:10","slug":"pgytech-cfexpress-type-b-sd-micro-sd-card-reader-usb-3-2-gen-2-10gbps-memory-card-reader-cfexpress-type-b-sd-tf-card-case-compatible-with-windows-mac-linux-android-ipad-os-black","status":"publish","type":"product","link":"https:\/\/comprasyconsejos.store\/en\/product\/pgytech-cfexpress-type-b-sd-micro-sd-card-reader-usb-3-2-gen-2-10gbps-memory-card-reader-cfexpress-type-b-sd-tf-card-case-compatible-with-windows-mac-linux-android-ipad-os-black\/","title":{"rendered":"PGYTECH CFexpress Type B\/SD\/Micro SD Card Reader USB 3.2 Gen 2 10Gbps Memory Card Reader CFexpress Type B\/SD\/TF Card Case, Compatible with Windows\/Mac\/Linux\/Android\/iPad OS (Black)"},"content":{"rendered":"<p>Price: <span style=\"color:#b12704\">\u20ac99.95<\/span><br \/><i><small>(as of Feb 20, 2026 00:24:04 UTC &#8211; <span class=\"wp_automatic_amazon_disclaimer\" title=\"Product prices and availability are accurate as of the date\/time indicated and are subject to change. Any price and availability information displayed on [relevant Amazon Site(s), as applicable] at the time of purchase will apply to the purchase of this product.\">Details<\/span>)<\/small><\/i><\/p>\n<p><a href=\"https:\/\/amazon.es\/dp\/B0CTCP6P68?tag=man008-21\"><img decoding=\"async\" src=\"https:\/\/valvepress.s3.amazonaws.com\/imgs\/buy_now.png\"><\/a><br \/>\n<\/p>\n<p>                                             Product Description   <\/p>\n<p>The video showcases the product in use.The video guides you through product setup.The video compares multiple products.The video shows the product being unpacked. PGYTECH Lector de tarjetas de alta velocidad Merchant video<\/p>\n<p>                                                                                                       <img decoding=\"async\" alt=\"con velocidad de transferencia de 10 Gbps. Cuenta con compatibilidad con tarjetas de memoria e incluye un compartimento de almacenamiento para tarjetas. M\u00faltiples ranuras para tarjetas visibles.\" src=\"https:\/\/images-na.ssl-images-amazon.com\/images\/G\/01\/x-locale\/common\/grey-pixel.gif\" class=\"a-lazy-loaded\" data-src=\"https:\/\/m.media-amazon.com\/images\/S\/aplus-media-library-service-media\/09cdcbf3-df90-46f1-ba34-79d2ecf5a53b.__CR0,0,1464,600_PT0_SX1464_V1___.jpg\"><img decoding=\"async\" alt=\"con velocidad de transferencia de 10 Gbps. Cuenta con compatibilidad con tarjetas de memoria e incluye un compartimento de almacenamiento para tarjetas. M\u00faltiples ranuras para tarjetas visibles.\" src=\"https:\/\/m.media-amazon.com\/images\/S\/aplus-media-library-service-media\/09cdcbf3-df90-46f1-ba34-79d2ecf5a53b.__CR0,0,1464,600_PT0_SX1464_V1___.jpg\">                                               <\/p>\n<p>                                                                                                                  <img decoding=\"async\" alt=\"Lector de tarjetas CFexpress tipo B conectado a un port\u00e1til mediante USB. El diagrama muestra los tipos de tarjetas compatibles y una vista ampliada del lector\" src=\"https:\/\/m.media-amazon.com\/images\/S\/aplus-media-library-service-media\/774b6547-9619-463f-9ac4-0af0554c2b58.__CR0,0,1464,600_PT0_SX1464_V1___.jpg\">                                                    <img decoding=\"async\" alt=\"Panel el\u00e9ctrico con m\u00faltiples ranuras para disyuntores. El diagrama muestra la compatibilidad con varios tipos de disyuntores y su disposici\u00f3n\" src=\"https:\/\/m.media-amazon.com\/images\/S\/aplus-media-library-service-media\/432a5e38-1451-4cdc-ae87-1d4f3459f48e.__CR0,0,1464,600_PT0_SX1464_V1___.jpg\">                                                    <img decoding=\"async\" alt=\"de dispositivos tecnol\u00f3gicos: smartphone, tableta y c\u00e1mara sobre una superficie de madera. Manos visibles interactuando con los dispositivos, lo que sugiere capacidades de conectividad e intercambio instant\u00e1neo.\" src=\"https:\/\/m.media-amazon.com\/images\/S\/aplus-media-library-service-media\/59b71773-36e8-4f45-ab4a-b3b3f9aed377.__CR0,0,1464,600_PT0_SX1464_V1___.jpg\">                                                    <img decoding=\"async\" alt=\"Dispositivo de alimentaci\u00f3n auxiliar negro conectado a un ordenador port\u00e1til. Dise\u00f1o compacto con superficie acanalada para disipar el calor\" src=\"https:\/\/m.media-amazon.com\/images\/S\/aplus-media-library-service-media\/4ee0b46f-d2c3-4ac9-8b91-40301f217fd2.__CR0,0,1464,600_PT0_SX1464_V1___.jpg\"><br \/>\n                            1 FUNCI\u00d3N 2 EN 1 <\/p>\n<p>                            2 M\u00daLTIPLES TARJETAS  <\/p>\n<p>                            3 CONECTA Y REPRODUCE <\/p>\n<p>                            4 ALIMENTACI\u00d3N AUXILIAR <\/p>\n<p>                                                                                  <img decoding=\"async\" alt=\"Primer plano de una superficie oscura y texturizada con gotas de agua. El texto menciona \u00abAnillo de sellado incorporado para resistencia al polvo\" src=\"https:\/\/m.media-amazon.com\/images\/S\/aplus-media-library-service-media\/38574b14-e00e-4a60-87c1-844abf1baa29.__CR0,0,1464,600_PT0_SX1464_V1___.jpg\">                                                    <img decoding=\"async\" alt=\"Sostiene con la mano una navaja de bolsillo negra con mango texturizado y pantalla num\u00e9rica, lo que demuestra una apertura suave\" src=\"https:\/\/m.media-amazon.com\/images\/S\/aplus-media-library-service-media\/58d7031b-6515-43d0-b1cc-dbcd74889c02.__CR0,0,1464,600_PT0_SX1464_V1___.jpg\">                                                    <img decoding=\"async\" alt=\"Primer plano de un objeto met\u00e1lico plateado sobre una superficie de granito. El texto dice \u00abAleaci\u00f3n de aluminio moldeada de una\" src=\"https:\/\/m.media-amazon.com\/images\/S\/aplus-media-library-service-media\/e4dce65a-ea71-46ac-9e45-248e39e3e19b.__CR0,0,1464,600_PT0_SX1464_V1___.jpg\">                                                    <img decoding=\"async\" alt=\"con cierre de mosquet\u00f3n, dise\u00f1ada para evitar da\u00f1os por ca\u00eddas\" src=\"https:\/\/m.media-amazon.com\/images\/S\/aplus-media-library-service-media\/c0886d01-79f3-4f3c-a8a4-29a6d56a7ac4.__CR0,0,1464,600_PT0_SX1464_V1___.jpg\">                                                    <img decoding=\"async\" alt=\"en verde y negro unidos a mochilas con mosquetones. El texto indica\" src=\"https:\/\/m.media-amazon.com\/images\/S\/aplus-media-library-service-media\/3456a3ac-ebec-42c4-8fb7-2a00952e9bd7.__CR0,0,1464,600_PT0_SX1464_V1___.jpg\">               <\/p>\n<p>                       1 ANILLO DE SELLADO          2 DESLICE          3 CARCASA DE ALUMINIO          4 ESTUCHE DE SILICONA          5 CLIP DE MOSQUETON             <\/p>\n<p>                                                            Pin de expulsi\u00f3n multifuncional para un uso f\u00e1cil                                            <img decoding=\"async\" alt=\"Primer plano de una mano insertando una tarjeta SIM o una tarjeta de memoria en la ranura lateral de un smartphone.\" src=\"https:\/\/images-na.ssl-images-amazon.com\/images\/G\/01\/x-locale\/common\/grey-pixel.gif\" class=\"a-lazy-loaded\" data-src=\"https:\/\/m.media-amazon.com\/images\/S\/aplus-media-library-service-media\/990c813f-ee26-4de4-8cba-687fb34cbe10.__CR0,0,650,350_PT0_SX650_V1___.jpg\"><img decoding=\"async\" alt=\"Primer plano de una mano insertando una tarjeta SIM o una tarjeta de memoria en la ranura lateral de un smartphone.\" src=\"https:\/\/m.media-amazon.com\/images\/S\/aplus-media-library-service-media\/990c813f-ee26-4de4-8cba-687fb34cbe10.__CR0,0,650,350_PT0_SX650_V1___.jpg\">                                                                                                                 <img decoding=\"async\" alt=\"Primer plano de las manos con un destornillador peque\u00f1o para ajustar la lente de una c\u00e1mara. El texto en espa\u00f1ol indica que est\u00e1 demostrando el uso de un destornillador\" src=\"https:\/\/images-na.ssl-images-amazon.com\/images\/G\/01\/x-locale\/common\/grey-pixel.gif\" class=\"a-lazy-loaded\" data-src=\"https:\/\/m.media-amazon.com\/images\/S\/aplus-media-library-service-media\/b6b82090-8d04-46af-856a-ce3cac29ebc4.__CR0,0,650,350_PT0_SX650_V1___.jpg\"><img decoding=\"async\" alt=\"Primer plano de las manos con un destornillador peque\u00f1o para ajustar la lente de una c\u00e1mara. El texto en espa\u00f1ol indica que est\u00e1 demostrando el uso de un destornillador\" src=\"https:\/\/m.media-amazon.com\/images\/S\/aplus-media-library-service-media\/b6b82090-8d04-46af-856a-ce3cac29ebc4.__CR0,0,650,350_PT0_SX650_V1___.jpg\">                                                                                  <\/p>\n<p>                                                                                  <img decoding=\"async\" alt=\"Tabla de compatibilidad que muestra varios dispositivos, sistemas operativos y tarjetas de memoria. Incluye iconos para c\u00e1maras, tel\u00e9fonos, Windows, Mac, Linux, tarjetas SD y m\u00e1s.\" src=\"https:\/\/m.media-amazon.com\/images\/S\/aplus-media-library-service-media\/f0eb44b3-6c0e-43a2-bb46-a3e808009abf.__CR0,0,1464,600_PT0_SX1464_V1___.jpg\">       <\/p>\n<p>                                                                                  <img decoding=\"async\" alt=\"Tabla comparativa de carcasas para lectores de tarjetas PDV\/Tech\/CreateMate, que muestra especificaciones como las dimensiones, el peso\" src=\"https:\/\/m.media-amazon.com\/images\/S\/aplus-media-library-service-media\/39f53972-af32-4ac6-834a-3bd2173b3add.__CR0,0,1464,600_PT0_SX1464_V1___.jpg\">       <\/p>\n<h3 class=\"a-text-center aplus-h1 a-text-bold\"> PGYTECH Lector de tarjetas de alta velocidad <\/h3>\n<p>                         Add To Basket  <\/p>\n<p>                         Add To Basket  <\/p>\n<p>                         Add To Basket  <\/p>\n<p>                         Add To Basket  <\/p>\n<p>                         Add To Basket  <\/p>\n<p>                                     Customer Reviews  <\/p>\n<p>                    4.6 out of 5 stars  1,276  <\/p>\n<p>                    4.6 out of 5 stars  1,276  <\/p>\n<p>                    4.6 out of 5 stars  1,276  <\/p>\n<p>                    4.8 out of 5 stars  37  <\/p>\n<p>                    4.6 out of 5 stars  714  <\/p>\n<p>                                     Price  <\/p>\n<p>                                                        \u20ac99.95\u20ac99.95     <\/p>\n<p>                                                        \u20ac99.95\u20ac99.95     <\/p>\n<p>                                                        \u20ac49.95\u20ac49.95     <\/p>\n<p>                                                        \u20ac39.95\u20ac39.95     <\/p>\n<p>                                                        \u20ac59.95\u20ac59.95     <\/p>\n<p>                                     Tama\u00f1o  <\/p>\n<p>                                                130*75*27mm    <\/p>\n<p>                                                130*75*27mm    <\/p>\n<p>                                                113*58*22mm    <\/p>\n<p>                                                60*63*19mm    <\/p>\n<p>                                                24 x 14 x 11 cm    <\/p>\n<p>                                     Peso Neto  <\/p>\n<p>                                                198g    <\/p>\n<p>                                                198g    <\/p>\n<p>                                                133g    <\/p>\n<p>                                                50g    <\/p>\n<p>                                                340g    <\/p>\n<p>                                     Color  <\/p>\n<p>                                                Negro\/Verde    <\/p>\n<p>                                                Negro\/Verde    <\/p>\n<p>                                                Negro\/Verde    <\/p>\n<p>                                                Negro\/Blanco    <\/p>\n<p>                                                Negro\/Verde    <\/p>\n<p>                                     Puede Acomodar  <\/p>\n<p>                                                CFB*3,SD*3,MicroSD*4,NanoSIM*2    <\/p>\n<p>                                                CFA*3,SD*3,MicroSD*4,NanoSIM*2    <\/p>\n<p>                                                SD*4, Micro SD*4,Nano SlM*2    <\/p>\n<p>                                                SD*2, Micro SD*4    <\/p>\n<p>                                                Cable USB\/Cargador\/SD\/Bater\u00eda    <\/p>\n<p>                                     Velocidad de transmisi\u00f3n  <\/p>\n<p>                                                USB3.2, 10Gbps    <\/p>\n<p>                                                USB3.2, 10Gbps    <\/p>\n<p>                                                USB3.1, up to 312MB\/s    <\/p>\n<p>                                                USB3.1, up to 312MB\/s    <\/p>\n<p>                                                    \u2014    <\/p>\n<p>                                     Dispositivos compatibles  <\/p>\n<p>                                                C\u00e1mara\/Tel\u00e9fon\/Drone\/Acci\u00f3nC\u00e1m    <\/p>\n<p>                                                C\u00e1mara\/Tel\u00e9fon\/Drone\/Acci\u00f3nC\u00e1m    <\/p>\n<p>                                                C\u00e1mara\/Tel\u00e9fon\/Drone\/Acci\u00f3nC\u00e1m    <\/p>\n<p>                                                C\u00e1maras\/Drones\/Acci\u00f3n C\u00e1m    <\/p>\n<p>                                                    \u2014    <\/p>\n<p>                                     Tarjetas compatibles  <\/p>\n<p>                                                CFType-B \/ SD    <\/p>\n<p>                                                CFType-A \/ SD    <\/p>\n<p>                                                UHS-\u2160\/ UHS-\u2161, SD 4.0    <\/p>\n<p>                                                UHS-\u2160\/ UHS-\u2161, SD 4.0    <\/p>\n<p>                                                    \u2014    <\/p>\n<p> Package Dimensions                                            \u200f                                            :                                            \u200e                                            14.2 x 7.9 x 3.2 cm; 250 g   <br \/> Manufacturer                                            \u200f                                            :                                            \u200e                                            PGYTECH   <br \/> ASIN                                            \u200f                                            :                                            \u200e                                            B0CTCP6P68   <br \/> Item model number                                            \u200f                                            :                                            \u200e                                            P-GM-167   <br \/> Country\/Region of Origin                                            \u200f                                            :                                            \u200e                                            China   <br \/> Guaranteed software updates until                                            \u200f                                            :                                            \u200e                                            unknown   <br \/>  Customer reviews:                                                                                            4.6               4.6 out of 5 stars                                  (1,276)                                              var dpAcrHasRegisteredArcLinkClickAction;                    P.when(&#8216;A&#8217;, &#8216;ready&#8217;).execute(function(A) {                        if (dpAcrHasRegisteredArcLinkClickAction !== true) {                            dpAcrHasRegisteredArcLinkClickAction = true;                            A.declarative(                                &#8216;acrLink-click-metrics&#8217;, &#8216;click&#8217;,                                { \u00aballowLinkDefault\u00bb: true },                                function (event) {                                    if (window.ue) {                                        ue.count(\u00abacrLinkClickCount\u00bb, (ue.count(\u00abacrLinkClickCount\u00bb) || 0) + 1);                                    }                                }                            );                        }                    });                                             P.when(&#8216;A&#8217;, &#8216;cf&#8217;).execute(function(A) {                A.declarative(&#8216;acrStarsLink-click-metrics&#8217;, &#8216;click&#8217;, { \u00aballowLinkDefault\u00bb : true },  function(event){                    if(window.ue) {                        ue.count(\u00abacrStarsLinkWithPopoverClickCount\u00bb, (ue.count(\u00abacrStarsLinkWithPopoverClickCount\u00bb) || 0) + 1);                    }                });            });                          <\/p>\n<p>[High Transfer Speed] USB 3.2 Gen2 chip features 10Gbps transfer speed. Support CFexpress type B card reading, with theoretical transfer speed up to 1000MB\/s, support SD 4.0\/Micro SD card reading (Micro SD cards require the use of an adapter), with theoretical transfer speed up to 312MB\/s.<br \/>[2-in-1 Card Reader &#038; Holder] PGYTECH CFexpress CFexpress Type-B CreateMate card reader case integrates card storage and ultra-high-speed data reading functions. Dual card slot design for CFexpress Type-B and SD cards, equipped with a Type-C interface, plug and play. High capacity storage: CFexpress type B*2 card, SD card*3, Micro SD card*4, Nano SIM card*2, eject pin*1.<br \/>[IP54 Protection] The housing shell is made of built-in aluminum alloy, sturdy and durable. The inner and outer shells adopt a puller-type sealed structure design, combined with a silicone protective case, achieving professional IP54 level protection, drop-proof, dustproof and waterproof.<br \/>[Wide Compatibility] Widely compatible with CFexpress Type B memory cards and SD 4.0, SDXC, SDHC UHS-\u2161 cards. CFexpress Type-B\/SD card reader for cameras, phones, drones and action cameras. Compatible with most systems for Windows 7 and above, Mac OS 10.6 and above, Linux, Android, iPad OS.<br \/>[Multifunctional Ejector Pin] Comes with a multifunctional ejection pin that serves as mobile phone card ejection tool and temporary slotted screwdriver for quick release plates. [Auxiliary Power Supply] Reserved external power interface ensures constant and stable data. transmission at all times.<\/p>\n\n","protected":false},"excerpt":{"rendered":"<p> Product Description The video showcases the product in use.The video guides you through product setup.The<\/p>","protected":false},"featured_media":26085,"comment_status":"open","ping_status":"closed","template":"","meta":[],"product_brand":[],"product_cat":[47],"product_tag":[1754,307,7677,7678,1420,1399,994,1753,201,1411,855,1413,511,1407,1409,1415,1416,6850,1417,1421,1405,168,133,1403,7679],"class_list":{"0":"post-26084","1":"product","2":"type-product","3":"status-publish","4":"has-post-thumbnail","6":"product_cat-card-readers","7":"product_tag-10gbps","8":"product_tag-black","9":"product_tag-bsdmicro","10":"product_tag-bsdtf","11":"product_tag-card","12":"product_tag-card-reader","13":"product_tag-case","14":"product_tag-cfexpress","15":"product_tag-compatible","16":"product_tag-fast-card-reader","17":"product_tag-gen","18":"product_tag-laptop-card-reader","19":"product_tag-memory","20":"product_tag-memory-card-reader","21":"product_tag-micro-sd-card-reader","22":"product_tag-multi-card-reader","23":"product_tag-otg-card-reader","24":"product_tag-pgytech","25":"product_tag-portable-card-reader","26":"product_tag-reader","27":"product_tag-sd-card-reader","28":"product_tag-type","29":"product_tag-usb","30":"product_tag-usb-card-reader","31":"product_tag-windowsmaclinuxandroidipad","33":"first","34":"instock","35":"shipping-taxable","36":"product-type-external"},"_links":{"self":[{"href":"https:\/\/comprasyconsejos.store\/en\/wp-json\/wp\/v2\/product\/26084","targetHints":{"allow":["GET"]}}],"collection":[{"href":"https:\/\/comprasyconsejos.store\/en\/wp-json\/wp\/v2\/product"}],"about":[{"href":"https:\/\/comprasyconsejos.store\/en\/wp-json\/wp\/v2\/types\/product"}],"replies":[{"embeddable":true,"href":"https:\/\/comprasyconsejos.store\/en\/wp-json\/wp\/v2\/comments?post=26084"}],"version-history":[{"count":0,"href":"https:\/\/comprasyconsejos.store\/en\/wp-json\/wp\/v2\/product\/26084\/revisions"}],"wp:featuredmedia":[{"embeddable":true,"href":"https:\/\/comprasyconsejos.store\/en\/wp-json\/wp\/v2\/media\/26085"}],"wp:attachment":[{"href":"https:\/\/comprasyconsejos.store\/en\/wp-json\/wp\/v2\/media?parent=26084"}],"wp:term":[{"taxonomy":"product_brand","embeddable":true,"href":"https:\/\/comprasyconsejos.store\/en\/wp-json\/wp\/v2\/product_brand?post=26084"},{"taxonomy":"product_cat","embeddable":true,"href":"https:\/\/comprasyconsejos.store\/en\/wp-json\/wp\/v2\/product_cat?post=26084"},{"taxonomy":"product_tag","embeddable":true,"href":"https:\/\/comprasyconsejos.store\/en\/wp-json\/wp\/v2\/product_tag?post=26084"}],"curies":[{"name":"wp","href":"https:\/\/api.w.org\/{rel}","templated":true}]}}