{"id":26132,"date":"2026-02-20T00:44:04","date_gmt":"2026-02-20T00:44:04","guid":{"rendered":"https:\/\/comprasyconsejos.store\/product\/pc-gaming-desktop-computer-i5-ram-8gb-ssd-240gb-gtx-750-4gb-gddr5-windows-11-pro-wifi-usb-hdmi-and-vga-wireless-school\/"},"modified":"2026-02-20T00:44:06","modified_gmt":"2026-02-20T00:44:06","slug":"pc-gaming-desktop-computer-i5-ram-8gb-ssd-240gb-gtx-750-4gb-gddr5-windows-11-pro-wifi-usb-hdmi-and-vga-wireless-school","status":"publish","type":"product","link":"https:\/\/comprasyconsejos.store\/en\/product\/pc-gaming-desktop-computer-i5-ram-8gb-ssd-240gb-gtx-750-4gb-gddr5-windows-11-pro-wifi-usb-hdmi-and-vga-wireless-school\/","title":{"rendered":"PC Gaming Desktop Computer i5 &#8211; RAM 8GB &#8211; SSD 240GB &#8211; GTX 750 4GB GDDR5 &#8211; Windows 11 Pro &#8211; WiFi USB &#8211; HDMI and VGA &#8211; Wireless &#8211; School"},"content":{"rendered":"<p>Price: <span style=\"color:#b12704\">\u20ac439.90<\/span><br \/><i><small>(as of Feb 20, 2026 00:44:04 UTC &#8211; <span class=\"wp_automatic_amazon_disclaimer\" title=\"Product prices and availability are accurate as of the date\/time indicated and are subject to change. Any price and availability information displayed on [relevant Amazon Site(s), as applicable] at the time of purchase will apply to the purchase of this product.\">Details<\/span>)<\/small><\/i><\/p>\n<p><a href=\"https:\/\/amazon.es\/dp\/B0CX985L5P?tag=man008-21\"><img decoding=\"async\" src=\"https:\/\/valvepress.s3.amazonaws.com\/imgs\/buy_now.png\"><\/a><br \/>\n<\/p>\n<p>                                             Product Description   <\/p>\n<p>                                                           Outlet Computer &#8211; Innovative tech                                          <\/p>\n<h3 class=\"aplus-h1 aplus-module-1-heading a-text-bold\"> Tecnolog\u00eda y calidad <\/h3>\n<p class=\"aplus-p2 aplus-module-1-description\"> Bienvenido a Outlet Computer, su punto de referencia para la tecnolog\u00eda de alta calidad. Ofrecemos una cuidada selecci\u00f3n de ordenadores, port\u00e1tiles, accesorios y perif\u00e9ricos de las mejores marcas. Nuestra misi\u00f3n es hacer que la tecnolog\u00eda sea accesible para todos, garantizando productos fiables y un excelente. Descubra nuestras ofertas y \u00fanase a nuestra comunidad de clientes satisfechos. <\/p>\n<p>                                           <img decoding=\"async\" alt=\"con elementos circulares entrelazados en verde y negro con el texto \u00abOutlet Computer\u00bb y el eslogan \u00abTecnolog\u00eda innovadora\u00bb\" src=\"https:\/\/images-na.ssl-images-amazon.com\/images\/G\/01\/x-locale\/common\/grey-pixel.gif\" class=\"a-lazy-loaded\" data-src=\"https:\/\/m.media-amazon.com\/images\/S\/aplus-media-library-service-media\/58fd2c03-87a0-4a42-9eb2-75b7635fa56f.__CR0,0,1600,1200_PT0_SX800_V1___.jpg\"><img decoding=\"async\" alt=\"con elementos circulares entrelazados en verde y negro con el texto \u00abOutlet Computer\u00bb y el eslogan \u00abTecnolog\u00eda innovadora\u00bb\" src=\"https:\/\/m.media-amazon.com\/images\/S\/aplus-media-library-service-media\/58fd2c03-87a0-4a42-9eb2-75b7635fa56f.__CR0,0,1600,1200_PT0_SX800_V1___.jpg\">          <\/p>\n<p>                                                                     SELECCIONA LA TARJETA GR\u00c1FICA QUE MEJOR SE ADAPTE A TUS NECESIDADES                                            <img decoding=\"async\" alt=\"Gr\u00e1fico de especificaciones de sistemas de juego que muestra varias columnas de requisitos t\u00e9cnicos y especificaciones para varios videojuegos con m\u00e9tricas de rendimiento.\" src=\"https:\/\/images-na.ssl-images-amazon.com\/images\/G\/01\/x-locale\/common\/grey-pixel.gif\" class=\"a-lazy-loaded\" data-src=\"https:\/\/m.media-amazon.com\/images\/S\/aplus-media-library-service-media\/0986c244-901d-4a55-9a9b-a5a1175da5f8.__CR0,0,1464,600_PT0_SX1464_V1___.jpg\"><img decoding=\"async\" alt=\"Gr\u00e1fico de especificaciones de sistemas de juego que muestra varias columnas de requisitos t\u00e9cnicos y especificaciones para varios videojuegos con m\u00e9tricas de rendimiento.\" src=\"https:\/\/m.media-amazon.com\/images\/S\/aplus-media-library-service-media\/0986c244-901d-4a55-9a9b-a5a1175da5f8.__CR0,0,1464,600_PT0_SX1464_V1___.jpg\">                                         <\/p>\n<p class=\"aplus-description aplus-container-3 aplus-p1\"> Elegir la tarjeta gr\u00e1fica adecuada puede marcar la diferencia en tu experiencia de juego o en tu trabajo creativo. Nuestra infograf\u00eda te gu\u00eda para seleccionar la tarjeta gr\u00e1fica ideal para tus necesidades. Identifica tus necesidades, eval\u00faa el rendimiento requerido y comprueba la compatibilidad. <\/p>\n<p>                                                                                                       <img decoding=\"async\" alt=\"Gr\u00e1fico comparativo que muestra los lanzamientos de juegos con las puntuaciones y los precios mostrados en formato de cuadr\u00edcula. Se muestran varios t\u00edtulos de juegos con las correspondientes puntuaciones de rese\u00f1as e informaci\u00f3n de precios.\" src=\"https:\/\/images-na.ssl-images-amazon.com\/images\/G\/01\/x-locale\/common\/grey-pixel.gif\" class=\"a-lazy-loaded\" data-src=\"https:\/\/m.media-amazon.com\/images\/S\/aplus-media-library-service-media\/d4ff5dbe-07bc-48b1-b662-60a378e05d51.__CR0,0,1464,600_PT0_SX1464_V1___.jpg\"><img decoding=\"async\" alt=\"Gr\u00e1fico comparativo que muestra los lanzamientos de juegos con las puntuaciones y los precios mostrados en formato de cuadr\u00edcula. Se muestran varios t\u00edtulos de juegos con las correspondientes puntuaciones de rese\u00f1as e informaci\u00f3n de precios.\" src=\"https:\/\/m.media-amazon.com\/images\/S\/aplus-media-library-service-media\/d4ff5dbe-07bc-48b1-b662-60a378e05d51.__CR0,0,1464,600_PT0_SX1464_V1___.jpg\">                                               <\/p>\n<h3 class=\"a-text-center aplus-h1 a-text-bold\"> Compra lo que m\u00e1s te convenga.  <\/h3>\n<p>                         Add To Basket  <\/p>\n<p>                         Add To Basket  <\/p>\n<p>                         Add To Basket  <\/p>\n<p>                         Add To Basket  <\/p>\n<p>                         Add To Basket  <\/p>\n<p>                         Add To Basket  <\/p>\n<p>                                     Price  <\/p>\n<p>                                                        \u20ac449.90\u20ac449.90     <\/p>\n<p>                                                        \u2014    <\/p>\n<p>                                                        \u20ac619.90\u20ac619.90     <\/p>\n<p>                                                        \u20ac669.90\u20ac669.90     <\/p>\n<p>                                                        \u20ac769.00\u20ac769.00     <\/p>\n<p>                                                        \u20ac819.90\u20ac819.90     <\/p>\n<p>                                                        \u20ac1,079.90\u20ac1,079.90     <\/p>\n<p>                                     Procesador  <\/p>\n<p>                                                Intel i5    <\/p>\n<p>                                                Intel i5    <\/p>\n<p>                                                Intel i7    <\/p>\n<p>                                                Intel i7    <\/p>\n<p>                                                Intel i7    <\/p>\n<p>                                                Intel i7    <\/p>\n<p>                                                Intel i7    <\/p>\n<p>                                     Wi-fi  <\/p>\n<p>                                                    \u2714       <\/p>\n<p>                                                    \u2714       <\/p>\n<p>                                                    \u2714       <\/p>\n<p>                                                    \u2714       <\/p>\n<p>                                                    \u2714       <\/p>\n<p>                                                    \u2714       <\/p>\n<p>                                                    \u2714       <\/p>\n<p>                                     Memoria RAM  <\/p>\n<p>                                                16GB    <\/p>\n<p>                                                16GB    <\/p>\n<p>                                                16GB    <\/p>\n<p>                                                32GB    <\/p>\n<p>                                                32GB    <\/p>\n<p>                                                16GB    <\/p>\n<p>                                                32GB    <\/p>\n<p>                                     Listo para usar  <\/p>\n<p>                                                    \u2714       <\/p>\n<p>                                                    \u2714       <\/p>\n<p>                                                    \u2714       <\/p>\n<p>                                                    \u2714       <\/p>\n<p>                                                    \u2714       <\/p>\n<p>                                                    \u2714       <\/p>\n<p>                                                    \u2714       <\/p>\n<p>                                     Capacidad SSD  <\/p>\n<p>                                                240GB    <\/p>\n<p>                                                480GB    <\/p>\n<p>                                                480GB    <\/p>\n<p>                                                1TB    <\/p>\n<p>                                                1TB    <\/p>\n<p>                                                1TB    <\/p>\n<p>                                                1TB    <\/p>\n<p> ASIN                                            \u200f                                            :                                            \u200e                                            B0CX985L5P   <br \/> Item model number                                            \u200f                                            :                                            \u200e                                            gaming i5\/i7 750   <br \/> Guaranteed software updates until                                            \u200f                                            :                                            \u200e                                            unknown   <\/p>\n<p>Intel 4-Core i5 processor with maximum turbo frequency up to 3.40 GHz &#8211; DDR3 RAM &#8211; 2.5 inch SATA SSD &#8211; USB 2.0 and 3.0<br \/>NVIDIA GT750 4GB GDDR5 graphics card with 5010MHz memory speed and 954MHz processor speed will let you play Fortnite, GTA, COD, and all the most popular games of the moment with medium-low details. Scroll down on the ad and find out how many FPS you can get by playing your favorite games<br \/>Elite Gaming Family by Outlet Computer Safe Tempered Glass Black Gaming Box &#8211; Lighting 3 Front RGB Fans Adjustable in 58 Modes &#8211; Rear RGB LED Fan &#8211; 600W Power Supply<br \/>Windows 11 Professional 64-bit ready-to-use, installed with OEM license tag: each computer is assembled by the expert hands of our technicians who will verify the proper functioning of each component by performing different stress tests<br \/>Hardware modifications available upon request<\/p>\n\n","protected":false},"excerpt":{"rendered":"<p> Product Description Outlet Computer &#8211; Innovative tech Tecnolog\u00eda y calidad Bienvenido a Outlet Computer, su<\/p>","protected":false},"featured_media":26133,"comment_status":"open","ping_status":"closed","template":"","meta":[],"product_brand":[],"product_cat":[90],"product_tag":[5708,566,622,613,539,611,787,617,607,604,609,606,612,3198,1618,544,608,605,163,587,610,5064,513,133,1920,543,537,226],"class_list":{"0":"post-26132","1":"product","2":"type-product","3":"status-publish","4":"has-post-thumbnail","6":"product_cat-gaming-pcs","7":"product_tag-240gb","8":"product_tag-4gb","9":"product_tag-8gb","10":"product_tag-best-gaming-pc","11":"product_tag-computer","12":"product_tag-custom-gaming-pc","13":"product_tag-desktop","14":"product_tag-gaming","15":"product_tag-gaming-desktop","16":"product_tag-gaming-pc","17":"product_tag-gaming-pc-16gb-ram","18":"product_tag-gaming-pc-rtx","19":"product_tag-gaming-pc-ssd","20":"product_tag-gddr5","21":"product_tag-gtx","22":"product_tag-hdmi","23":"product_tag-high-end-gaming-pc","24":"product_tag-prebuilt-gaming-pc","25":"product_tag-pro","26":"product_tag-ram","27":"product_tag-rgb-gaming-pc","28":"product_tag-school","29":"product_tag-ssd","30":"product_tag-usb","31":"product_tag-vga","32":"product_tag-wifi","33":"product_tag-windows","34":"product_tag-wireless","36":"first","37":"instock","38":"shipping-taxable","39":"product-type-external"},"_links":{"self":[{"href":"https:\/\/comprasyconsejos.store\/en\/wp-json\/wp\/v2\/product\/26132","targetHints":{"allow":["GET"]}}],"collection":[{"href":"https:\/\/comprasyconsejos.store\/en\/wp-json\/wp\/v2\/product"}],"about":[{"href":"https:\/\/comprasyconsejos.store\/en\/wp-json\/wp\/v2\/types\/product"}],"replies":[{"embeddable":true,"href":"https:\/\/comprasyconsejos.store\/en\/wp-json\/wp\/v2\/comments?post=26132"}],"version-history":[{"count":0,"href":"https:\/\/comprasyconsejos.store\/en\/wp-json\/wp\/v2\/product\/26132\/revisions"}],"wp:featuredmedia":[{"embeddable":true,"href":"https:\/\/comprasyconsejos.store\/en\/wp-json\/wp\/v2\/media\/26133"}],"wp:attachment":[{"href":"https:\/\/comprasyconsejos.store\/en\/wp-json\/wp\/v2\/media?parent=26132"}],"wp:term":[{"taxonomy":"product_brand","embeddable":true,"href":"https:\/\/comprasyconsejos.store\/en\/wp-json\/wp\/v2\/product_brand?post=26132"},{"taxonomy":"product_cat","embeddable":true,"href":"https:\/\/comprasyconsejos.store\/en\/wp-json\/wp\/v2\/product_cat?post=26132"},{"taxonomy":"product_tag","embeddable":true,"href":"https:\/\/comprasyconsejos.store\/en\/wp-json\/wp\/v2\/product_tag?post=26132"}],"curies":[{"name":"wp","href":"https:\/\/api.w.org\/{rel}","templated":true}]}}