{"id":26179,"date":"2026-02-20T01:07:41","date_gmt":"2026-02-20T01:07:41","guid":{"rendered":"https:\/\/comprasyconsejos.store\/product\/kwmobile-protector-compatible-with-apple-macbook-air-13-2018-2019-2020-a1932-russian-qwerty-keyboard-cover-black\/"},"modified":"2026-02-20T01:07:46","modified_gmt":"2026-02-20T01:07:46","slug":"kwmobile-protector-compatible-with-apple-macbook-air-13-2018-2019-2020-a1932-russian-qwerty-keyboard-cover-black","status":"publish","type":"product","link":"https:\/\/comprasyconsejos.store\/en\/product\/kwmobile-protector-compatible-with-apple-macbook-air-13-2018-2019-2020-a1932-russian-qwerty-keyboard-cover-black\/","title":{"rendered":"kwmobile Protector Compatible with Apple MacBook Air 13&#8243; 2018 2019 2020 A1932 &#8211; Russian QWERTY Keyboard Cover &#8211; Black"},"content":{"rendered":"<p>Price: <span style=\"color:#b12704\"><del>\u20ac7.99<\/del> - \u20ac7.59<\/span><br \/><i><small>(as of Feb 20, 2026 01:07:41 UTC &#8211; <span class=\"wp_automatic_amazon_disclaimer\" title=\"Product prices and availability are accurate as of the date\/time indicated and are subject to change. Any price and availability information displayed on [relevant Amazon Site(s), as applicable] at the time of purchase will apply to the purchase of this product.\">Details<\/span>)<\/small><\/i><\/p>\n<p><a href=\"https:\/\/amazon.es\/dp\/B08PFL7W1G?tag=man008-21\"><img decoding=\"async\" src=\"https:\/\/valvepress.s3.amazonaws.com\/imgs\/buy_now.png\"><\/a><br \/>\n<\/p>\n<p>                                             From the brand   <\/p>\n<p>                                              <img decoding=\"async\" alt=\"logo\" src=\"https:\/\/images-na.ssl-images-amazon.com\/images\/G\/01\/x-locale\/common\/grey-pixel.gif\" class=\"a-lazy-loaded\" data-src=\"https:\/\/m.media-amazon.com\/images\/S\/aplus-media-library-service-media\/0617d0a1-8933-4045-94c5-a39244badda7.__CR0,1,1464,625_PT0_SX1464_V1___.jpg\"><img decoding=\"async\" alt=\"logo\" src=\"https:\/\/m.media-amazon.com\/images\/S\/aplus-media-library-service-media\/0617d0a1-8933-4045-94c5-a39244badda7.__CR0,1,1464,625_PT0_SX1464_V1___.jpg\">  <\/p>\n<p>                                              <img decoding=\"async\" alt=\"\" src=\"https:\/\/images-na.ssl-images-amazon.com\/images\/G\/01\/x-locale\/common\/grey-pixel.gif\" class=\"a-lazy-loaded\" data-src=\"https:\/\/m.media-amazon.com\/images\/S\/aplus-media-library-service-media\/c99babed-02ea-495b-8734-154e1d8b4411.__CR0,0,315,145_PT0_SX315_V1___.jpg\"><img decoding=\"async\" alt=\"\" src=\"https:\/\/m.media-amazon.com\/images\/S\/aplus-media-library-service-media\/c99babed-02ea-495b-8734-154e1d8b4411.__CR0,0,315,145_PT0_SX315_V1___.jpg\">  <\/p>\n<p> En kwmobile, nuestro objetivo es brindar a los usuarios la libertad creativa para cutomizar aquello que les es tan personal.  kwmobile ofrece una amplia selecci\u00f3n de fundas y otros accesorios multicolor, cada uno con el ajuste perfecto. Infinitas posibilidades para combinar tu tel\u00e9fono o dispositivo con accesorios que se adaptan a cualquier estilo. <\/p>\n<p>                                              <img decoding=\"async\" alt=\"\" src=\"https:\/\/images-na.ssl-images-amazon.com\/images\/G\/01\/x-locale\/common\/grey-pixel.gif\" class=\"a-lazy-loaded\" data-src=\"https:\/\/m.media-amazon.com\/images\/S\/aplus-media-library-service-media\/cefbdaca-368c-40e0-a6db-7c41378a2ccf.__CR0,0,362,453_PT0_SX362_V1___.jpg\"><img decoding=\"async\" alt=\"\" src=\"https:\/\/m.media-amazon.com\/images\/S\/aplus-media-library-service-media\/cefbdaca-368c-40e0-a6db-7c41378a2ccf.__CR0,0,362,453_PT0_SX362_V1___.jpg\">  <\/p>\n<h3> Encuentra tu nueva funda <\/h3>\n<p> No busques m\u00e1s. Con m\u00e1s de 1000 fundas diferentes, compatibles con Apple, Samsung, Google y muchos m\u00e1s. <\/p>\n<p>                                                         \u00bfC\u00f3mo empezamos?                                       <\/p>\n<p> Fundada en 2011, en pleno auge de la escena tecnol\u00f3gica de Berl\u00edn, kwmobile lleva m\u00e1s de una d\u00e9cada ofreciendo accesorios elegantes y asequibles para smartphones, tablets y otros dispositivos. <\/p>\n<p>                                                         \u00bfQu\u00e9 hace \u00fanica a nuestra empresa?                                       <\/p>\n<p> kwmobile ofrece una amplia gama de colores y dise\u00f1os para todos los gustos. Vive la vida con el color que elijas: combina tu funda, anillo o cadena con tu estado de \u00e1nimo. <\/p>\n<p>                                                         \u00bfPor qu\u00e9 nos encanta lo que hacemos?                                       <\/p>\n<p> Nos encanta ver a la gente expresarse, incluso en la forma en que complementan sus dispositivos. kwmobile: protector, funcional y con estilo. <\/p>\n<p> Product Dimensions                                            \u200f                                            :                                            \u200e                                            32.7 x 13.5 x 0.23 cm; 30 g   <br \/> Manufacturer                                            \u200f                                            :                                            \u200e                                            KW-Commerce   <br \/> ASIN                                            \u200f                                            :                                            \u200e                                            B08PFL7W1G   <br \/> Item model number                                            \u200f                                            :                                            \u200e                                            53983.01_m000108   <br \/> Country\/Region of Origin                                            \u200f                                            :                                            \u200e                                            China   <br \/> Guaranteed software updates until                                            \u200f                                            :                                            \u200e                                            unknown   <br \/>  Customer reviews:                                                                                            4.3               4.3 out of 5 stars                                  (60)                                              var dpAcrHasRegisteredArcLinkClickAction;                    P.when(&#8216;A&#8217;, &#8216;ready&#8217;).execute(function(A) {                        if (dpAcrHasRegisteredArcLinkClickAction !== true) {                            dpAcrHasRegisteredArcLinkClickAction = true;                            A.declarative(                                &#8216;acrLink-click-metrics&#8217;, &#8216;click&#8217;,                                { \u00aballowLinkDefault\u00bb: true },                                function (event) {                                    if (window.ue) {                                        ue.count(\u00abacrLinkClickCount\u00bb, (ue.count(\u00abacrLinkClickCount\u00bb) || 0) + 1);                                    }                                }                            );                        }                    });                                             P.when(&#8216;A&#8217;, &#8216;cf&#8217;).execute(function(A) {                A.declarative(&#8216;acrStarsLink-click-metrics&#8217;, &#8216;click&#8217;, { \u00aballowLinkDefault\u00bb : true },  function(event){                    if(window.ue) {                        ue.count(\u00abacrStarsLinkWithPopoverClickCount\u00bb, (ue.count(\u00abacrStarsLinkWithPopoverClickCount\u00bb) || 0) + 1);                    }                });            });                          <\/p>\n<p>DUST PROTECTION: With this case you will protect your computer or laptop keys from dirt, crumbs, dust, fingerprints and daily wear and tear. Extend the life of your keyboard!<br \/>DURABLE MATERIAL: This PC or laptop keyboard protector is made of soft and thin silicone. This makes it a non-slip, flexible, durable and soft touch accessory.<br \/>COMPATIBILITY: Compatible with Apple MacBook Air 13&#8243; 2018 2019 2020 A1932.<br \/>RUSSIAN KEYBOARDS: The protective cover is compatible with Russian QWERTY keyboards. That is, it has inscribed the Cyrillic letters of the Russian alphabet.<br \/>Operating comfort: You do not need to remove the keyboard sheet to type on your laptop, as the keys are perfectly usable.<\/p>\n\n","protected":false},"excerpt":{"rendered":"<p> From the brand En kwmobile, nuestro objetivo es brindar a los usuarios la libertad creativa<\/p>","protected":false},"featured_media":26180,"comment_status":"open","ping_status":"closed","template":"","meta":[],"product_brand":[],"product_cat":[84],"product_tag":[7696,216,175,496,498,497,307,201,1016,518,7695,160,502,503,504,499,500,501,505,1021,858,7697],"class_list":{"0":"post-26179","1":"product","2":"type-product","3":"status-publish","4":"has-post-thumbnail","6":"product_cat-apple-macbook","7":"product_tag-a1932","8":"product_tag-air","9":"product_tag-apple","10":"product_tag-apple-macbook","11":"product_tag-apple-macbook-air","12":"product_tag-apple-macbook-pro","13":"product_tag-black","14":"product_tag-compatible","15":"product_tag-cover","16":"product_tag-keyboard","17":"product_tag-kwmobile","18":"product_tag-macbook","19":"product_tag-macbook-13-inch","20":"product_tag-macbook-15-inch","21":"product_tag-macbook-16-inch","22":"product_tag-macbook-m1","23":"product_tag-macbook-m2","24":"product_tag-macbook-m3","25":"product_tag-macbook-price","26":"product_tag-protector","27":"product_tag-qwerty","28":"product_tag-russian","30":"first","31":"instock","32":"sale","33":"shipping-taxable","34":"product-type-external"},"_links":{"self":[{"href":"https:\/\/comprasyconsejos.store\/en\/wp-json\/wp\/v2\/product\/26179","targetHints":{"allow":["GET"]}}],"collection":[{"href":"https:\/\/comprasyconsejos.store\/en\/wp-json\/wp\/v2\/product"}],"about":[{"href":"https:\/\/comprasyconsejos.store\/en\/wp-json\/wp\/v2\/types\/product"}],"replies":[{"embeddable":true,"href":"https:\/\/comprasyconsejos.store\/en\/wp-json\/wp\/v2\/comments?post=26179"}],"version-history":[{"count":0,"href":"https:\/\/comprasyconsejos.store\/en\/wp-json\/wp\/v2\/product\/26179\/revisions"}],"wp:featuredmedia":[{"embeddable":true,"href":"https:\/\/comprasyconsejos.store\/en\/wp-json\/wp\/v2\/media\/26180"}],"wp:attachment":[{"href":"https:\/\/comprasyconsejos.store\/en\/wp-json\/wp\/v2\/media?parent=26179"}],"wp:term":[{"taxonomy":"product_brand","embeddable":true,"href":"https:\/\/comprasyconsejos.store\/en\/wp-json\/wp\/v2\/product_brand?post=26179"},{"taxonomy":"product_cat","embeddable":true,"href":"https:\/\/comprasyconsejos.store\/en\/wp-json\/wp\/v2\/product_cat?post=26179"},{"taxonomy":"product_tag","embeddable":true,"href":"https:\/\/comprasyconsejos.store\/en\/wp-json\/wp\/v2\/product_tag?post=26179"}],"curies":[{"name":"wp","href":"https:\/\/api.w.org\/{rel}","templated":true}]}}