{"id":26201,"date":"2026-02-20T01:35:22","date_gmt":"2026-02-20T01:35:22","guid":{"rendered":"https:\/\/comprasyconsejos.store\/product\/ameta-drone-with-4k-camera-s20-pro-gps-drone-for-adults-and-kids-with-camera-auto-return-50-minutes-flight-follow-me-smart-modes-gestures-control-mini-drone-less-than-249g\/"},"modified":"2026-02-20T01:35:39","modified_gmt":"2026-02-20T01:35:39","slug":"ameta-drone-with-4k-camera-s20-pro-gps-drone-for-adults-and-kids-with-camera-auto-return-50-minutes-flight-follow-me-smart-modes-gestures-control-mini-drone-less-than-249g","status":"publish","type":"product","link":"https:\/\/comprasyconsejos.store\/en\/product\/ameta-drone-with-4k-camera-s20-pro-gps-drone-for-adults-and-kids-with-camera-auto-return-50-minutes-flight-follow-me-smart-modes-gestures-control-mini-drone-less-than-249g\/","title":{"rendered":"Ameta Drone with 4K Camera, S20 Pro GPS Drone for Adults and Kids with Camera\/Auto Return\/50 Minutes Flight\/Follow Me\/Smart Modes\/Gestures Control, Mini Drone Less than 249g"},"content":{"rendered":"<p>Price: <span style=\"color:#b12704\">\u20ac129.99<\/span><br \/><i><small>(as of Feb 20, 2026 01:35:22 UTC &#8211; <span class=\"wp_automatic_amazon_disclaimer\" title=\"Product prices and availability are accurate as of the date\/time indicated and are subject to change. Any price and availability information displayed on [relevant Amazon Site(s), as applicable] at the time of purchase will apply to the purchase of this product.\">Details<\/span>)<\/small><\/i><\/p>\n<p><a href=\"https:\/\/amazon.es\/dp\/B0FDQJQWQG?tag=man008-21\"><img decoding=\"async\" src=\"https:\/\/valvepress.s3.amazonaws.com\/imgs\/buy_now.png\"><\/a><br \/>\n<\/p>\n<p>                                             Product Description   <\/p>\n<p>                                                                     Ameta S20 Pro GPS Dron con Camera 4K para Principiantes                                            <img decoding=\"async\" alt=\"El texto dice \u00abAMETA S20 Pro\u00bb. Imagen promocional de un dron profesional que muestra las caracter\u00edsticas, especificaciones y m\u00faltiples vistas de la aeronave en vuelo y en exhibici\u00f3n.\" src=\"https:\/\/images-na.ssl-images-amazon.com\/images\/G\/01\/x-locale\/common\/grey-pixel.gif\" class=\"a-lazy-loaded\" data-src=\"https:\/\/m.media-amazon.com\/images\/S\/aplus-media-library-service-media\/2573d194-8320-4a38-91c3-48f922d56dfd.__CR0,0,1464,600_PT0_SX1464_V1___.png\"><img decoding=\"async\" alt=\"El texto dice \u00abAMETA S20 Pro\u00bb. Imagen promocional de un dron profesional que muestra las caracter\u00edsticas, especificaciones y m\u00faltiples vistas de la aeronave en vuelo y en exhibici\u00f3n.\" src=\"https:\/\/m.media-amazon.com\/images\/S\/aplus-media-library-service-media\/2573d194-8320-4a38-91c3-48f922d56dfd.__CR0,0,1464,600_PT0_SX1464_V1___.png\">                                               <\/p>\n<p>                                                                                  <img decoding=\"async\" alt=\"aplus content image\" src=\"https:\/\/m.media-amazon.com\/images\/S\/aplus-media-library-service-media\/1a77938a-3409-4369-9fcb-1063bc8ecb38.__CR0,0,1464,600_PT0_SX1464_V1___.png\">                                                    <img decoding=\"async\" alt=\"aplus content image\" src=\"https:\/\/m.media-amazon.com\/images\/S\/aplus-media-library-service-media\/fcfa848a-946b-4b4c-9869-6f83f7684396.__CR0,0,1464,600_PT0_SX1464_V1___.png\">                                                    <img decoding=\"async\" alt=\"El texto dice \u00abCircolo Polar\u00bb. Vista a\u00e9rea de una estructura circular o instalaci\u00f3n en un paisaje rojizo, parece ser una representaci\u00f3n arquitect\u00f3nica.\" src=\"https:\/\/m.media-amazon.com\/images\/S\/aplus-media-library-service-media\/18d5cd6b-877e-4da5-9fed-f002f6e24408.__CR0,0,1464,600_PT0_SX1464_V1___.png\">                                                    <img decoding=\"async\" alt=\"El texto dice \u00abGPS Sigueme\u00bb. Imagen de paisaje que muestra a una persona caminando por un sendero en la ladera de una colina al atardecer o al amanecer, con elementos superpuestos de rastreo GPS.\" src=\"https:\/\/m.media-amazon.com\/images\/S\/aplus-media-library-service-media\/e3bfef9a-fe80-451c-8dd5-188ac6ecc109.__CR0,0,1464,600_PT0_SX1464_V1___.png\">                                                    <img decoding=\"async\" alt=\"aplus content image\" src=\"https:\/\/m.media-amazon.com\/images\/S\/aplus-media-library-service-media\/cd1de71c-1944-493c-84f7-00b36848669b.__CR0,0,1464,600_PT0_SX1464_V1___.png\">               <\/p>\n<p>                       1 Retorno al Hogar          2 Waypoints Volar          3 C\u00edrculo Volar          4 GPS Sigueme          5 Encuentra tu Dron             <\/p>\n<p>                                                                                                       <img decoding=\"async\" alt=\"El texto dice \u00abC\u00e1mara 4K con Sensor IMX258 de 13MP\u00bb. Im\u00e1genes a\u00e9reas de drones que muestran paisajes y capacidades de vuelo.\" src=\"https:\/\/images-na.ssl-images-amazon.com\/images\/G\/01\/x-locale\/common\/grey-pixel.gif\" class=\"a-lazy-loaded\" data-src=\"https:\/\/m.media-amazon.com\/images\/S\/aplus-media-library-service-media\/9d1c0c28-149c-4739-9dc0-3733ac61a995.__CR0,0,1464,600_PT0_SX1464_V1___.png\"><img decoding=\"async\" alt=\"El texto dice \u00abC\u00e1mara 4K con Sensor IMX258 de 13MP\u00bb. Im\u00e1genes a\u00e9reas de drones que muestran paisajes y capacidades de vuelo.\" src=\"https:\/\/m.media-amazon.com\/images\/S\/aplus-media-library-service-media\/9d1c0c28-149c-4739-9dc0-3733ac61a995.__CR0,0,1464,600_PT0_SX1464_V1___.png\">                                               <\/p>\n<p>                                                                                                                  <img decoding=\"async\" alt=\"aplus content image\" src=\"https:\/\/m.media-amazon.com\/images\/S\/aplus-media-library-service-media\/3e9e126c-238a-40e5-8740-ef6ef54cb86c.__CR0,0,1464,600_PT0_SX1464_V1___.png\">                                                    <img decoding=\"async\" alt=\"aplus content image\" src=\"https:\/\/m.media-amazon.com\/images\/S\/aplus-media-library-service-media\/7633c3ab-6a41-4ec1-8762-2fed41f8f1b2.__CR0,0,1464,600_PT0_SX1464_V1___.png\">                                                    <img decoding=\"async\" alt=\"El texto dice \u00abImagen 6\u00bb. Dispositivo digital o pantalla que muestra la interfaz o los paneles de visualizaci\u00f3n con degradado morado y rosa.\" src=\"https:\/\/m.media-amazon.com\/images\/S\/aplus-media-library-service-media\/809b04e0-8440-4ac2-9880-ce09acfe51d2.__CR0,0,1464,600_PT0_SX1464_V1___.png\">                                                    <img decoding=\"async\" alt=\"El texto dice \u00abMi clases Sin Escuelitas para\u00bb y \u00abMi Visito ami m\u00e1s Suave\u00bb. Configuraci\u00f3n de v\u00eddeo profesional con ordenador port\u00e1til y micr\u00f3fono en condiciones de iluminaci\u00f3n tenue.\" src=\"https:\/\/m.media-amazon.com\/images\/S\/aplus-media-library-service-media\/9d999791-525a-477a-a293-705f77bc41d3.__CR0,0,1464,600_PT0_SX1464_V1___.png\"><br \/>\n                            1 Bater\u00eda Extendida <\/p>\n<p>                            2 Clase C0 <\/p>\n<p>                            3 F\u00e1cil de Controlar <\/p>\n<p>                            4 Motores Sin Escobillas <\/p>\n<p>                                                                                  <img decoding=\"async\" alt=\"aplus content image\" src=\"https:\/\/m.media-amazon.com\/images\/S\/aplus-media-library-service-media\/6f36dcc5-3323-43ec-b064-8d32f28d811b.__CR0,0,1464,600_PT0_SX1464_V1___.png\">                                                    <img decoding=\"async\" alt=\"aplus content image\" src=\"https:\/\/m.media-amazon.com\/images\/S\/aplus-media-library-service-media\/5f7edb6d-7209-4d24-ae49-4f5bb243d65e.__CR0,0,1464,600_PT0_SX1464_V1___.png\">                                                    <img decoding=\"async\" alt=\"El texto dice \u00abModo de Disparo 3 - Circulo Volar\u00bb. Fotograf\u00eda panor\u00e1mica de un paisaje monta\u00f1oso con picos y valles distantes bajo un cielo azul.\" src=\"https:\/\/m.media-amazon.com\/images\/S\/aplus-media-library-service-media\/40a04ea5-4a2b-4f30-a6df-d0670548f725.__CR0,0,1464,600_PT0_SX1464_V1___.png\">                                                    <img decoding=\"async\" alt=\"aplus content image\" src=\"https:\/\/m.media-amazon.com\/images\/S\/aplus-media-library-service-media\/fc9d16ae-cb59-4666-a88a-df44fed9c0b5.__CR0,0,1464,600_PT0_SX1464_V1___.png\">                                                    <img decoding=\"async\" alt=\"El texto dice \u00abModo de Disparo &amp;gt; Panorama\u00bb. Serie de fotograf\u00edas panor\u00e1micas de paisajes costeros que muestran las aguas azules del oc\u00e9ano y la costa rocosa.\" src=\"https:\/\/m.media-amazon.com\/images\/S\/aplus-media-library-service-media\/140797f6-fefc-409b-aa39-d055a2f5e05b.__CR0,0,1464,600_PT0_SX1464_V1___.png\">               <\/p>\n<p>                       1 Cohete          2 Lejos          3 C\u00edrculo Volar          4 Lapso de Tiempo          5 Panorama             <\/p>\n<p>                                                                                                       <img decoding=\"async\" alt=\"El texto dice \u00abContenido de la Caja\u00bb. El dise\u00f1o del producto muestra varios componentes electr\u00f3nicos, cables y accesorios de juegos o de color oscuro dispuestos de forma sistem\u00e1tica sobre un fondo oscuro.\" src=\"https:\/\/images-na.ssl-images-amazon.com\/images\/G\/01\/x-locale\/common\/grey-pixel.gif\" class=\"a-lazy-loaded\" data-src=\"https:\/\/m.media-amazon.com\/images\/S\/aplus-media-library-service-media\/01aa9789-8dee-4a9d-9814-26f8f8563866.__CR0,0,1464,600_PT0_SX1464_V1___.png\"><img decoding=\"async\" alt=\"El texto dice \u00abContenido de la Caja\u00bb. El dise\u00f1o del producto muestra varios componentes electr\u00f3nicos, cables y accesorios de juegos o de color oscuro dispuestos de forma sistem\u00e1tica sobre un fondo oscuro.\" src=\"https:\/\/m.media-amazon.com\/images\/S\/aplus-media-library-service-media\/01aa9789-8dee-4a9d-9814-26f8f8563866.__CR0,0,1464,600_PT0_SX1464_V1___.png\">                                               <\/p>\n<h3 class=\"a-text-center aplus-h1 a-text-bold\"> Explora y Compara Opciones <\/h3>\n<p>                         Add To Basket  <\/p>\n<p>                         Add To Basket  <\/p>\n<p>                         Add To Basket  <\/p>\n<p>                         Add To Basket  <\/p>\n<p>                         Add To Basket  <\/p>\n<p>                                     Customer Reviews  <\/p>\n<p>                    4.0 out of 5 stars  216  <\/p>\n<p>                    4.3 out of 5 stars  116  <\/p>\n<p>                    4.1 out of 5 stars  649  <\/p>\n<p>                    5.0 out of 5 stars  1  <\/p>\n<p>                \u2014<br \/>\n                                     Price  <\/p>\n<p>                                                        \u20ac129.99\u20ac129.99     <\/p>\n<p>                                                        \u20ac159.99\u20ac159.99     <\/p>\n<p>                                                        \u20ac89.99\u20ac89.99     <\/p>\n<p>                                                        \u20ac13.99\u20ac13.99     <\/p>\n<p>                                                        \u20ac20.99\u20ac20.99     <\/p>\n<p>                                     C\u00e1mara  <\/p>\n<p>                                                4K    <\/p>\n<p>                                                4K    <\/p>\n<p>                                                4K    <\/p>\n<p>                                                \/    <\/p>\n<p>                                                \/    <\/p>\n<p>                                     Duraci\u00f3n de la Bater\u00eda  <\/p>\n<p>                                                25 Minutos * 2    <\/p>\n<p>                                                25 Minutos * 2    <\/p>\n<p>                                                18 Minutos * 2    <\/p>\n<p>                                                \/    <\/p>\n<p>                                                25 Minutos    <\/p>\n<p>                                     Distancia de Vuelo  <\/p>\n<p>                                                300 Metros    <\/p>\n<p>                                                500 Metros    <\/p>\n<p>                                                200 Metros    <\/p>\n<p>                                                \/    <\/p>\n<p>                                                \/    <\/p>\n<p>                                     Peso del Drone  <\/p>\n<p>                                                181g    <\/p>\n<p>                                                248g    <\/p>\n<p>                                                165g    <\/p>\n<p>                                                21g    <\/p>\n<p>                                                80g    <\/p>\n<p>                                     GPS  <\/p>\n<p>                                                    \u2714       <\/p>\n<p>                                                    \u2714       <\/p>\n<p>                                                    \u2718      <\/p>\n<p>                                                    \u2718      <\/p>\n<p>                                                    \u2718      <\/p>\n<p>                                     Retorno Autom\u00e1tico  <\/p>\n<p>                                                    \u2714       <\/p>\n<p>                                                    \u2714       <\/p>\n<p>                                                    \u2718      <\/p>\n<p>                                                    \u2718      <\/p>\n<p>                                                    \u2718      <\/p>\n<p>                                     Mantenimiento de Altitud  <\/p>\n<p>                                                    \u2714       <\/p>\n<p>                                                    \u2714       <\/p>\n<p>                                                    \u2714       <\/p>\n<p>                                                    \u2718      <\/p>\n<p>                                                    \u2718      <\/p>\n<p>                                     Modos Inteligentes  <\/p>\n<p>                                                    \u2714       <\/p>\n<p>                                                    \u2714       <\/p>\n<p>                                                    \u2718      <\/p>\n<p>                                                    \u2718      <\/p>\n<p>                                                    \u2718      <\/p>\n<p>                                     Sigueme  <\/p>\n<p>                                                    \u2714       <\/p>\n<p>                                                    \u2714       <\/p>\n<p>                                                    \u2718      <\/p>\n<p>                                                    \u2718      <\/p>\n<p>                                                    \u2718      <\/p>\n<p>                                     Vuelo en C\u00edrculo  <\/p>\n<p>                                                    \u2714       <\/p>\n<p>                                                    \u2714       <\/p>\n<p>                                                    \u2714       <\/p>\n<p>                                                    \u2718      <\/p>\n<p>                                                    \u2718      <\/p>\n<p> Batteries                                            \u200f                                            :                                            \u200e                                            2 Lithium Ion batteries required. (included)   <br \/> Product Dimensions                                            \u200f                                            :                                            \u200e                                            33 x 28 x 5 cm; 181 g   <br \/> Date First Available                                            \u200f                                            :                                            \u200e                                            19 Jun. 2025   <br \/> Manufacturer                                            \u200f                                            :                                            \u200e                                            Ameta   <br \/> ASIN                                            \u200f                                            :                                            \u200e                                            B0FDQJQWQG   <br \/> Manufacturer reference                                            \u200f                                            :                                            \u200e                                            DR-ATS21G   <br \/> Country of origin                                            \u200f                                            :                                            \u200e                                            China   <br \/>       Best Sellers Rank:  8,545 in Toys &#038; Games (See Top 100 in Toys &#038; Games)    40 in Remote &#038; App-Controlled Drones      <br \/>  Customer reviews:                                                                                            4.0               4.0 out of 5 stars                                  (216)                                              var dpAcrHasRegisteredArcLinkClickAction;                    P.when(&#8216;A&#8217;, &#8216;ready&#8217;).execute(function(A) {                        if (dpAcrHasRegisteredArcLinkClickAction !== true) {                            dpAcrHasRegisteredArcLinkClickAction = true;                            A.declarative(                                &#8216;acrLink-click-metrics&#8217;, &#8216;click&#8217;,                                { \u00aballowLinkDefault\u00bb: true },                                function (event) {                                    if (window.ue) {                                        ue.count(\u00abacrLinkClickCount\u00bb, (ue.count(\u00abacrLinkClickCount\u00bb) || 0) + 1);                                    }                                }                            );                        }                    });                                             P.when(&#8216;A&#8217;, &#8216;cf&#8217;).execute(function(A) {                A.declarative(&#8216;acrStarsLink-click-metrics&#8217;, &#8216;click&#8217;, { \u00aballowLinkDefault\u00bb : true },  function(event){                    if(window.ue) {                        ue.count(\u00abacrStarsLinkWithPopoverClickCount\u00bb, (ue.count(\u00abacrStarsLinkWithPopoverClickCount\u00bb) || 0) + 1);                    }                });            });                          <\/p>\n<p>[ Capture Every Detail with 13MP Resolution ] The Ameta S20 Pro 4K camera drone features an IMX258 sensor and a 90\u00b0 adjustable lens, allowing for crystal clear 4K videos and photos. Perfect for landscapes, family moments and creative projects. With 5G WiFi transmission, you&#8217;ll enjoy a smooth, real-time FPV experience at distances up to 300 meters, watching every moment as it happens<br \/>[ 50 Minutes Continuous Flight Fun ] The Ameta S20 Pro drone for kids and adults comes with two 3000mAh high-capacity batteries, which provide up to 50 minutes of flight (25 minutes per battery). Spend more time in the sky discovering new perspectives without the hassle of having to recharge frequently<br \/>[ Reliable GPS for Accurate Control ] With the advanced GPS positioning system, the S20 Pro 4K drone offers intelligent Return to Home functions (one-click return, low battery and signal loss) for safer flights. With GPS Follow Me and Waypoints Fly modes, you can follow your movements or follow a preset route, allowing you to focus on getting the ideal shot<br \/>[ EASY TO HANDLE FOR ALL SKILL LEVELS ] For both novice pilots and experienced pilots, the Ameta S20 Pro drone with camera makes flying simple and safe. Offers one-click takeoff, altitude maintenance by optical\/GPS flow, two speed levels and automatic return, combining easy beginner control with advanced performance<br \/>[ Creative Shooting Modes at Hand Reach ] Unleash your creativity with smart modes like Rocket, Circle Fly, Far, Panorama, Time Lapse, and Selfie Gesture. Whether you&#8217;re an occasional hobbyist or an aspiring aerial photographer, this FPV drone with cameras allows you to easily capture cinematic footage without complex controls<br \/>[ CLASS C0 DRONE IDEAL GIFT CHOICE ] Weighing only 181g, the Ameta S20 Pro mini drone is C0 Class certified, so you can enjoy flying it without needing to go through long training or pilot tests, making it perfect for beginners and travelers. It is an ideal gift for kids, family, friends or anyone who likes photography and adventure<\/p>\n\n","protected":false},"excerpt":{"rendered":"<p> Product Description Ameta S20 Pro GPS Dron con Camera 4K para Principiantes 1 Retorno al<\/p>","protected":false},"featured_media":26202,"comment_status":"open","ping_status":"closed","template":"","meta":[],"product_brand":[],"product_cat":[98],"product_tag":[3064,935,3075,2845,681,7240,1124,2854,2852,2855,2853,2842,2844,2848,2846,2850,2838,2849,7242,2839,2840,1113,2843,1169,7243,215,2851,7014,7244,163,2841,2847,7241,2952],"class_list":{"0":"post-26201","1":"product","2":"type-product","3":"status-publish","4":"has-post-thumbnail","6":"product_cat-drones","7":"product_tag-249g","8":"product_tag-adults","9":"product_tag-ameta","10":"product_tag-beginner-drone","11":"product_tag-camera","12":"product_tag-cameraauto","13":"product_tag-control","14":"product_tag-dji-drone","15":"product_tag-dji-mavic","16":"product_tag-dji-mini-2","17":"product_tag-drone","18":"product_tag-drone-accessories","19":"product_tag-drone-battery","20":"product_tag-drone-gimbal","21":"product_tag-drone-propellers","22":"product_tag-drone-spare-parts","23":"product_tag-drone-with-camera","24":"product_tag-drones-under-200","25":"product_tag-flightfollow","26":"product_tag-foldable-drone","27":"product_tag-fpv-drone","28":"product_tag-gps","29":"product_tag-hd-drone","30":"product_tag-kids","31":"product_tag-mesmart","32":"product_tag-mini","33":"product_tag-mini-drone","34":"product_tag-minutes","35":"product_tag-modesgestures","36":"product_tag-pro","37":"product_tag-quadcopter","38":"product_tag-remote-control-drone","39":"product_tag-return50","40":"product_tag-s20","42":"first","43":"instock","44":"shipping-taxable","45":"product-type-external"},"_links":{"self":[{"href":"https:\/\/comprasyconsejos.store\/en\/wp-json\/wp\/v2\/product\/26201","targetHints":{"allow":["GET"]}}],"collection":[{"href":"https:\/\/comprasyconsejos.store\/en\/wp-json\/wp\/v2\/product"}],"about":[{"href":"https:\/\/comprasyconsejos.store\/en\/wp-json\/wp\/v2\/types\/product"}],"replies":[{"embeddable":true,"href":"https:\/\/comprasyconsejos.store\/en\/wp-json\/wp\/v2\/comments?post=26201"}],"version-history":[{"count":0,"href":"https:\/\/comprasyconsejos.store\/en\/wp-json\/wp\/v2\/product\/26201\/revisions"}],"wp:featuredmedia":[{"embeddable":true,"href":"https:\/\/comprasyconsejos.store\/en\/wp-json\/wp\/v2\/media\/26202"}],"wp:attachment":[{"href":"https:\/\/comprasyconsejos.store\/en\/wp-json\/wp\/v2\/media?parent=26201"}],"wp:term":[{"taxonomy":"product_brand","embeddable":true,"href":"https:\/\/comprasyconsejos.store\/en\/wp-json\/wp\/v2\/product_brand?post=26201"},{"taxonomy":"product_cat","embeddable":true,"href":"https:\/\/comprasyconsejos.store\/en\/wp-json\/wp\/v2\/product_cat?post=26201"},{"taxonomy":"product_tag","embeddable":true,"href":"https:\/\/comprasyconsejos.store\/en\/wp-json\/wp\/v2\/product_tag?post=26201"}],"curies":[{"name":"wp","href":"https:\/\/api.w.org\/{rel}","templated":true}]}}