{"id":26231,"date":"2026-02-20T01:59:21","date_gmt":"2026-02-20T01:59:21","guid":{"rendered":"https:\/\/comprasyconsejos.store\/product\/cuktech-140w-usb-c-fast-charger-gan-pd-3-1-4-ports-with-240w-type-c-cable-1-5m-charger-compatible-macbook-iphone-16-series-ipad-pixel-and-more\/"},"modified":"2026-02-20T01:59:24","modified_gmt":"2026-02-20T01:59:24","slug":"cuktech-140w-usb-c-fast-charger-gan-pd-3-1-4-ports-with-240w-type-c-cable-1-5m-charger-compatible-macbook-iphone-16-series-ipad-pixel-and-more","status":"publish","type":"product","link":"https:\/\/comprasyconsejos.store\/en\/product\/cuktech-140w-usb-c-fast-charger-gan-pd-3-1-4-ports-with-240w-type-c-cable-1-5m-charger-compatible-macbook-iphone-16-series-ipad-pixel-and-more\/","title":{"rendered":"CUKTECH 140W USB C Fast Charger GAN PD 3.1, 4 Ports with 240W Type C Cable 1.5M Charger Compatible MacBook, iPhone 16 Series, iPad, Pixel, and More"},"content":{"rendered":"<p>Price: <span style=\"color:#b12704\">\u20ac79.99<\/span><br \/><i><small>(as of Feb 20, 2026 01:59:21 UTC &#8211; <span class=\"wp_automatic_amazon_disclaimer\" title=\"Product prices and availability are accurate as of the date\/time indicated and are subject to change. Any price and availability information displayed on [relevant Amazon Site(s), as applicable] at the time of purchase will apply to the purchase of this product.\">Details<\/span>)<\/small><\/i><\/p>\n<p><a href=\"https:\/\/amazon.es\/dp\/B0DW8M49FJ?tag=man008-21\"><img decoding=\"async\" src=\"https:\/\/valvepress.s3.amazonaws.com\/imgs\/buy_now.png\"><\/a><br \/>\n<\/p>\n<p>                                             Product Description   <\/p>\n<p>                                                                                                       <img decoding=\"async\" alt=\"aplus content image\" src=\"https:\/\/images-na.ssl-images-amazon.com\/images\/G\/01\/x-locale\/common\/grey-pixel.gif\" class=\"a-lazy-loaded\" data-src=\"https:\/\/m.media-amazon.com\/images\/S\/aplus-media-library-service-media\/afc1ba26-385a-41e3-95dc-9cd96f894115.__CR0,0,1464,600_PT0_SX1464_V1___.jpg\"><img decoding=\"async\" alt=\"aplus content image\" src=\"https:\/\/m.media-amazon.com\/images\/S\/aplus-media-library-service-media\/afc1ba26-385a-41e3-95dc-9cd96f894115.__CR0,0,1464,600_PT0_SX1464_V1___.jpg\">                                               <\/p>\n<p>                                                                                                       <img decoding=\"async\" alt=\"El texto dice \u00ab140 W como m\u00e1ximo\u00bb. Las im\u00e1genes de las especificaciones t\u00e9cnicas del producto muestran las capacidades de carga y las funciones de conexi\u00f3n con un fondo oscuro.\" src=\"https:\/\/images-na.ssl-images-amazon.com\/images\/G\/01\/x-locale\/common\/grey-pixel.gif\" class=\"a-lazy-loaded\" data-src=\"https:\/\/m.media-amazon.com\/images\/S\/aplus-media-library-service-media\/b57e3ac6-881f-4461-a087-d3cf7b01ea92.__CR0,0,1464,600_PT0_SX1464_V1___.jpg\"><img decoding=\"async\" alt=\"El texto dice \u00ab140 W como m\u00e1ximo\u00bb. Las im\u00e1genes de las especificaciones t\u00e9cnicas del producto muestran las capacidades de carga y las funciones de conexi\u00f3n con un fondo oscuro.\" src=\"https:\/\/m.media-amazon.com\/images\/S\/aplus-media-library-service-media\/b57e3ac6-881f-4461-a087-d3cf7b01ea92.__CR0,0,1464,600_PT0_SX1464_V1___.jpg\">                                               <\/p>\n<p>                                                                                                                  <img decoding=\"async\" alt=\"aplus content image\" src=\"https:\/\/m.media-amazon.com\/images\/S\/aplus-media-library-service-media\/fce8c1cf-1fd6-425e-8dee-82b910b337da.__CR0,0,1464,600_PT0_SX1464_V1___.jpg\">                                                    <img decoding=\"async\" alt=\"aplus content image\" src=\"https:\/\/m.media-amazon.com\/images\/S\/aplus-media-library-service-media\/21fe315b-02ba-4480-b5fa-dc2dd3f518be.__CR0,0,1464,600_PT0_SX1464_V1___.jpg\">                                                    <img decoding=\"async\" alt=\"aplus content image\" src=\"https:\/\/m.media-amazon.com\/images\/S\/aplus-media-library-service-media\/6d5c5457-4c23-473a-9be2-4886adc983e2.__CR0,0,1464,600_PT0_SX1464_V1___.jpg\">                                                    <img decoding=\"async\" alt=\"aplus content image\" src=\"https:\/\/m.media-amazon.com\/images\/S\/aplus-media-library-service-media\/e7a7f7ce-198e-46df-ac48-8dfdc9f7b019.__CR0,0,1464,600_PT0_SX1464_V1___.jpg\"><br \/>\n                            1 Carga R\u00e1pida Dual de 140W <\/p>\n<p>                            2 Carga 4 Dispositivos <\/p>\n<p>                            3 Sin Cables Enredados <\/p>\n<p>                            4 Dise\u00f1o Compacto <\/p>\n<p>                                                                                                                  <img decoding=\"async\" alt=\"aplus content image\" src=\"https:\/\/m.media-amazon.com\/images\/S\/aplus-media-library-service-media\/7162df1f-e716-4a58-b4c0-8f89043daf87.__CR0,0,1464,600_PT0_SX1464_V1___.jpg\">                                                    <img decoding=\"async\" alt=\"aplus content image\" src=\"https:\/\/m.media-amazon.com\/images\/S\/aplus-media-library-service-media\/d900625c-5014-4bc5-bfe9-b13344167ec1.__CR0,0,1464,600_PT0_SX1464_V1___.jpg\">                                                    <img decoding=\"async\" alt=\"aplus content image\" src=\"https:\/\/m.media-amazon.com\/images\/S\/aplus-media-library-service-media\/998275d0-bd48-4c3a-8280-79f629edd495.__CR0,0,1464,600_PT0_SX1464_V1___.jpg\">                                                    <img decoding=\"async\" alt=\"Serie de pantallas de interfaz de dispositivos t\u00e9cnicos o electr\u00f3nicos que muestran gr\u00e1ficos y men\u00fas de configuraci\u00f3n en modo oscuro con detalles en azul.\" src=\"https:\/\/m.media-amazon.com\/images\/S\/aplus-media-library-service-media\/49aa46bb-482f-4a3a-9086-d83f0c24b0f9.__CR0,0,1464,600_PT0_SX1464_V1___.jpg\"><br \/>\n                            1 Tecnolog\u00eda GaN  <\/p>\n<p>                            2 Protecci\u00f3n de Seguridad <\/p>\n<p>                            3 Cable USB C 240W <\/p>\n<p>                            4 Salida Estable <\/p>\n<p>                                                                                                                    <img decoding=\"async\" alt=\"aplus content image\" src=\"https:\/\/m.media-amazon.com\/images\/S\/aplus-media-library-service-media\/8d1a0fc9-bc16-4684-8072-154d6d096d18.__CR0,0,1464,600_PT0_SX1464_V1___.jpg\">                                                    <img decoding=\"async\" alt=\"aplus content image\" src=\"https:\/\/m.media-amazon.com\/images\/S\/aplus-media-library-service-media\/09120eb2-77b4-40b3-af17-48f53ad43fbd.__CR0,0,1464,600_PT0_SX1464_V1___.jpg\">                                                    <img decoding=\"async\" alt=\"aplus content image\" src=\"https:\/\/m.media-amazon.com\/images\/S\/aplus-media-library-service-media\/0221e1ca-9c2b-40d7-b394-0bb03d1ac897.__CR0,0,1464,600_PT0_SX1464_V1___.jpg\">                                                    <img decoding=\"async\" alt=\"Terminal de computadora o interfaz de c\u00f3digo que muestra una pantalla oscura con texto blanco, que parece ser una l\u00ednea de comandos o una interfaz de programaci\u00f3n.\" src=\"https:\/\/m.media-amazon.com\/images\/S\/aplus-media-library-service-media\/ddebc326-c733-4067-a697-978aef862a15.__CR0,0,1464,600_PT0_SX1464_V1___.jpg\">                                                    <img decoding=\"async\" alt=\"aplus content image\" src=\"https:\/\/m.media-amazon.com\/images\/S\/aplus-media-library-service-media\/5f24e27f-560a-4298-8572-c0d307ecef28.__CR0,0,1464,600_PT0_SX1464_V1___.jpg\"><br \/>\n                            1 Compatibilidad Universal <\/p>\n<p>                            2 Compatibilidad Tel\u00e9fono 1 <\/p>\n<p>                            3 Compatibilidad Tel\u00e9fono 2 <\/p>\n<p>                            4 Compatibilidad Laptop 1 <\/p>\n<p>                            5 Compatibilidad Laptop 2 <\/p>\n<p>                                                                                                                  <img decoding=\"async\" alt=\"El texto dice \u00abCarga de un solo puerto\u00bb. Diagrama t\u00e9cnico o interfaz que muestra una ilustraci\u00f3n de conexi\u00f3n de un solo puerto con fondo oscuro.\" src=\"https:\/\/m.media-amazon.com\/images\/S\/aplus-media-library-service-media\/d26979ac-7644-4964-8109-fa325d876d58.__CR0,0,1464,600_PT0_SX1464_V1___.jpg\">                                                    <img decoding=\"async\" alt=\"El texto dice \u00abCarga de dos puertos\u00bb. Pantalla de interfaz digital que muestra los indicadores y ajustes del puerto de carga con iconos y s\u00edmbolos sobre fondo negro.\" src=\"https:\/\/m.media-amazon.com\/images\/S\/aplus-media-library-service-media\/40b5571d-9af9-4071-91f6-7a7f35b793b9.__CR0,0,1464,600_PT0_SX1464_V1___.jpg\">                                                    <img decoding=\"async\" alt=\"El texto dice \u00abCerca de tres puertas\u00bb. M\u00faltiples pantallas de interfaz digital que muestran los indicadores y controles del estado de las puertas del veh\u00edculo en un moderno dise\u00f1o de tablero.\" src=\"https:\/\/m.media-amazon.com\/images\/S\/aplus-media-library-service-media\/a30be9fc-9778-4854-8eac-2dd865d0adab.__CR0,0,1464,600_PT0_SX1464_V1___.jpg\">                                                    <img decoding=\"async\" alt=\"El texto dice \u00abCorpo de cuatro puntos\u00bb. Diagrama t\u00e9cnico que muestra los puntos de medici\u00f3n y las especificaciones de lo que parece ser una gu\u00eda de instalaci\u00f3n o un esquema del producto.\" src=\"https:\/\/m.media-amazon.com\/images\/S\/aplus-media-library-service-media\/f6e47aa0-74b2-4206-87b4-0d31e6b82846.__CR0,0,1464,600_PT0_SX1464_V1___.jpg\"><br \/>\n                            1 Carga de un solo puerto <\/p>\n<p>                            2 Carga de dos puertos <\/p>\n<p>                            3 Carga de tres puertos <\/p>\n<p>                            4 Carga de cuatro puertos <\/p>\n<p> Product Dimensions                                            \u200f                                            :                                            \u200e                                            10.22 x 3.2 x 7.9 cm; 350 g   <br \/> Manufacturer                                            \u200f                                            :                                            \u200e                                            NanJing CukTech Electronics Technology Co., Ltd.   <br \/> ASIN                                            \u200f                                            :                                            \u200e                                            B0DW8M49FJ   <br \/> Item model number                                            \u200f                                            :                                            \u200e                                            AD1404U   <br \/> Country\/Region of Origin                                            \u200f                                            :                                            \u200e                                            China   <br \/> Guaranteed software updates until                                            \u200f                                            :                                            \u200e                                            unknown   <br \/>  Customer reviews:                                                                                            4.5               4.5 out of 5 stars                                  (89)                                              var dpAcrHasRegisteredArcLinkClickAction;                    P.when(&#8216;A&#8217;, &#8216;ready&#8217;).execute(function(A) {                        if (dpAcrHasRegisteredArcLinkClickAction !== true) {                            dpAcrHasRegisteredArcLinkClickAction = true;                            A.declarative(                                &#8216;acrLink-click-metrics&#8217;, &#8216;click&#8217;,                                { \u00aballowLinkDefault\u00bb: true },                                function (event) {                                    if (window.ue) {                                        ue.count(\u00abacrLinkClickCount\u00bb, (ue.count(\u00abacrLinkClickCount\u00bb) || 0) + 1);                                    }                                }                            );                        }                    });                                             P.when(&#8216;A&#8217;, &#8216;cf&#8217;).execute(function(A) {                A.declarative(&#8216;acrStarsLink-click-metrics&#8217;, &#8216;click&#8217;, { \u00aballowLinkDefault\u00bb : true },  function(event){                    if(window.ue) {                        ue.count(\u00abacrStarsLinkWithPopoverClickCount\u00bb, (ue.count(\u00abacrStarsLinkWithPopoverClickCount\u00bb) || 0) + 1);                    }                });            });                          <\/p>\n<p>\u3010140W PD3.1 Charger: New Ultra-Fast Charging Experience\u3011Equipped with the PD3.1 protocol, this 140W charger offers lightning charging speed: it can charge the MacBook Pro 16&#8243; M3 Pro up to about 55% in just 30 minutes. Whether during business trips or telecommuting, this high-efficiency charger provides powerful power for a fast-paced pace of life<br \/>\u30104-in-1 Quick Charge Device\u3011Equipped with 3 Type-C ports and 1 USB-A port, it can simultaneously power four devices, easily handling the charging needs of multiple equipment such as MacBook, iPhone, Apple Watch and iPad. Simplify your workspace and travel setup, being ideal for professionals and digital nomads, allowing all of your essential devices to free from tangled cords<br \/>\u3010Compact and Portable Design\u3011With a weight of only 335g and dimensions of 7.9\u00d76.5\u00d73.2cm, this charger is 20% smaller than traditional 140W chargers. Includes a 1.5m (240W) USB-C cable, making it the perfect travel companion. Lightweight and easy to carry, completely eliminates the hassle of bulky cargo equipment<br \/>\u3010Outstanding Safety Performance\u3011Uses the CUKTECH-ADC2.0 intelligent system, with real-time temperature monitoring and dynamic power distribution technology, intelligently adjusting the output according to the battery status of the device. Whether single or multiple fast charging, it ensures a safe, stable, efficient and personalized experience every time<br \/>\u3010Wide Compatibility\u3011Compatible with MacBook Pro (16&#8243;, 15&#8243;, 14&#8243;, 13&#8243;), MacBook Air, Dell XPS (15\/13), HP Spectre, iPad Pro, iPhone 16\/15 Pro\/14 Pro Max\/13\/12, Galaxy S23 Ultra\/S22, Steam Deck and more. Supports multiple fast charging protocols such as PD, PPS, QC, FCP and SCP, meeting all your charging needs<\/p>\n\n","protected":false},"excerpt":{"rendered":"<p> Product Description 1 Carga R\u00e1pida Dual de 140W 2 Carga 4 Dispositivos 3 Sin Cables<\/p>","protected":false},"featured_media":26232,"comment_status":"open","ping_status":"closed","template":"","meta":[],"product_brand":[],"product_cat":[69],"product_tag":[7704,1268,2298,182,152,2047,201,6765,2044,137,154,2052,2037,162,147,160,2054,2046,171,382,2049,361,168,133,2050,2042,2040],"class_list":{"0":"post-26231","1":"product","2":"type-product","3":"status-publish","4":"has-post-thumbnail","6":"product_cat-cables-adapters","7":"product_tag-1-5m","8":"product_tag-140w","9":"product_tag-240w","10":"product_tag-cable","11":"product_tag-charger","12":"product_tag-charging-cable","13":"product_tag-compatible","14":"product_tag-cuktech","15":"product_tag-displayport-cable","16":"product_tag-fast","17":"product_tag-gan","18":"product_tag-hdmi-adapter","19":"product_tag-hdmi-cable","20":"product_tag-ipad","21":"product_tag-iphone","22":"product_tag-macbook","23":"product_tag-multiport-adapter","24":"product_tag-network-cable","25":"product_tag-pixel","26":"product_tag-ports","27":"product_tag-power-cable","28":"product_tag-series","29":"product_tag-type","30":"product_tag-usb","31":"product_tag-usb-adapter","32":"product_tag-usb-c-cable","33":"product_tag-usb-cable","35":"first","36":"instock","37":"shipping-taxable","38":"product-type-external"},"_links":{"self":[{"href":"https:\/\/comprasyconsejos.store\/en\/wp-json\/wp\/v2\/product\/26231","targetHints":{"allow":["GET"]}}],"collection":[{"href":"https:\/\/comprasyconsejos.store\/en\/wp-json\/wp\/v2\/product"}],"about":[{"href":"https:\/\/comprasyconsejos.store\/en\/wp-json\/wp\/v2\/types\/product"}],"replies":[{"embeddable":true,"href":"https:\/\/comprasyconsejos.store\/en\/wp-json\/wp\/v2\/comments?post=26231"}],"version-history":[{"count":0,"href":"https:\/\/comprasyconsejos.store\/en\/wp-json\/wp\/v2\/product\/26231\/revisions"}],"wp:featuredmedia":[{"embeddable":true,"href":"https:\/\/comprasyconsejos.store\/en\/wp-json\/wp\/v2\/media\/26232"}],"wp:attachment":[{"href":"https:\/\/comprasyconsejos.store\/en\/wp-json\/wp\/v2\/media?parent=26231"}],"wp:term":[{"taxonomy":"product_brand","embeddable":true,"href":"https:\/\/comprasyconsejos.store\/en\/wp-json\/wp\/v2\/product_brand?post=26231"},{"taxonomy":"product_cat","embeddable":true,"href":"https:\/\/comprasyconsejos.store\/en\/wp-json\/wp\/v2\/product_cat?post=26231"},{"taxonomy":"product_tag","embeddable":true,"href":"https:\/\/comprasyconsejos.store\/en\/wp-json\/wp\/v2\/product_tag?post=26231"}],"curies":[{"name":"wp","href":"https:\/\/api.w.org\/{rel}","templated":true}]}}