{"id":26265,"date":"2026-02-20T02:10:44","date_gmt":"2026-02-20T02:10:44","guid":{"rendered":"https:\/\/comprasyconsejos.store\/product\/escaner-de-libros-camara-de-documentos-usb-con-microfono-de-reduccion-de-ruido-ai-captura-de-tamano-a3-4k-ultra-hd-de-13-mp-modo-dual-automatico-luz-led-con-velocidad-de-escaneo-rapida\/"},"modified":"2026-02-20T02:10:51","modified_gmt":"2026-02-20T02:10:51","slug":"escaner-de-libros-camara-de-documentos-usb-con-microfono-de-reduccion-de-ruido-ai-captura-de-tamano-a3-4k-ultra-hd-de-13-mp-modo-dual-automatico-luz-led-con-velocidad-de-escaneo-rapida","status":"publish","type":"product","link":"https:\/\/comprasyconsejos.store\/en\/product\/escaner-de-libros-camara-de-documentos-usb-con-microfono-de-reduccion-de-ruido-ai-captura-de-tamano-a3-4k-ultra-hd-de-13-mp-modo-dual-automatico-luz-led-con-velocidad-de-escaneo-rapida\/","title":{"rendered":"Esc\u00e1ner de Libros C\u00e1mara de Documentos USB con micr\u00f3fono de reducci\u00f3n de Ruido AI: Captura de tama\u00f1o A3 4K Ultra HD de 13 MP, Modo Dual autom\u00e1tico, luz LED con Velocidad de escaneo r\u00e1pida"},"content":{"rendered":"<p>Price: <span style=\"color:#b12704\">\u20ac345.73<\/span><br \/><i><small>(as of Feb 20, 2026 02:10:44 UTC &#8211; <span class=\"wp_automatic_amazon_disclaimer\" title=\"Product prices and availability are accurate as of the date\/time indicated and are subject to change. Any price and availability information displayed on [relevant Amazon Site(s), as applicable] at the time of purchase will apply to the purchase of this product.\">Details<\/span>)<\/small><\/i><\/p>\n<p><a href=\"https:\/\/amazon.es\/dp\/B0CRTVJDW5?tag=man008-21\"><img decoding=\"async\" src=\"https:\/\/valvepress.s3.amazonaws.com\/imgs\/buy_now.png\"><\/a><br \/>\n<br \/>\n    <span>Excelente calidad de iman 4K<br \/>Equipado con un sensor de 13 MP y capaz de grabar videos 4K@30FPS y 1080@60FPS, puede capturar im\u00e1nes con detalles intrincados. Ya sea que est\u00e9 compartiendo un libro de texto, dando lecciones de pintura o realizando una demostraci\u00f3n en , este dispositivo garantiza que cada detalle se capture con precisi\u00f3n.<br \/>\u00c1rea de tiro Lar<br \/>El soporte de m\u00faltiples articulaciones ofrece un brazo altamente ajustable que le permite capturar documentos de hasta tama\u00f1o A3 o presentar objetos f\u00edsicos a la vista ajustando el brazo de la c\u00e1mara. \u00c1rea de disparo m\u00e1xima hasta A3 (440 x 330 mm)<br \/>Listo for el aprendizaje remoto<br \/>Compatible con UAC, funciona con todos los software de videoconferencia populares, como Zoom, Teams y Google Meet.<br \/>Dise\u00f1o liro y port\u00e1til<br \/>Se puede plegar en tama\u00f1os extremadamente peque\u00f1os for guardarlos en una bolsa. El peso liro de 0,9 libras le permite transportarlo f\u00e1cilmente.<\/p>\n<p>Tipo de interfaz: USB<br \/>Sensor de iman: CMOS<br \/>P\u00edxeles\u2265 10 Megas<br \/>M\u00e1x. Resoluci\u00f3n: 4K<br \/>Sensor de iman: 13 megap\u00edxeles<br \/>Sensor G: incorporado<br \/>Zoom digital: 10X por software<br \/>Rotaci\u00f3n de iman: 0\u00b0 \/ 180\u00b0 \/ AUTO<br \/>Frecuencia de l\u00ednea el\u00e9ctrica de soporte: 50 \/ 60 Hz<br \/>Interfaz: USB tipo C<br \/>Alimentado por: USB 2.0 5V\/500mA<br \/> operativo compatible: Windows 11, 10, 8, 7 macOS 10.15 o posterior<\/span>    <br \/> Package Dimensions                                            \u200f                                            :                                            \u200e                                            2.54 x 2.54 x 2.54 cm; 10 g   <br \/> Manufacturer                                            \u200f                                            :                                            \u200e                                            PIKETU   <br \/> ASIN                                            \u200f                                            :                                            \u200e                                            B0CRTVJDW5   <br \/> Item model number                                            \u200f                                            :                                            \u200e                                            1005006046851164   <br \/> Country\/Region of Origin                                            \u200f                                            :                                            \u200e                                            China   <br \/> Department                                            \u200f                                            :                                            \u200e                                            Unisex Adult   <br \/> Guaranteed software updates until                                            \u200f                                            :                                            \u200e                                            unknown   <\/p>\n<p>Sensor CMOS de 13MP y capacidades de video 4K@30FPS, 1080P@60FPS: El VS13AI captura cada detalle con im\u00e1nes, ya sea que est\u00e9 compartiendo un libro de texto, ense\u00f1ando lecciones de pintura o haciendo una demostraci\u00f3n en .<br \/>C\u00e1mara de documentos con tecnolog\u00eda de reducci\u00f3n de ruido AI: el micr\u00f3fono con reducci\u00f3n de ruido AI filtra el ruido de fondo durante la comunicaci\u00f3n, lo que garantiza que su voz permanezca natural, tranquila y f\u00e1cil de escuchar.<br \/>C\u00e1mara de documentos y c\u00e1mara web 2 en 1 Sensor G incorporado que activa la rotaci\u00f3n autom\u00e1tica cuando el cabezal de la c\u00e1mara se gira hacia abajo o hacia arriba, lo que garantiza que su video permanezca en el \u00e1ngulo de visi\u00f3n correcto al cambiar entre los modos de c\u00e1mara de documentos y c\u00e1mara web. Es un visualizador for usar en el hogar, la escuela y la oficina. Simplemente girando el cabezal de la c\u00e1mara, puedes presentar los materiales como quieras.<br \/>C\u00e1mara de documentos flexible: el soporte de m\u00faltiples articulaciones ofrece un brazo altamente ajustable que le permite capturar documentos de hasta tama\u00f1o A3 (16,5&#8243; x 11,7&#8243;) o presentar objetos f\u00edsicos a la vista ajustando el brazo de la c\u00e1mara de documentos. Macro puede capturar objetos a una distancia de hasta 3,9&#8243;.<br \/>Plug-and-Play y UVCUAC son compatibles. La c\u00e1mara de documentos VS13AI funciona con todos los principales software de videoconferencia, como Zoom Teams, Google Meet y Skype, sin instalar un controlador adicional. El software VisualCam con todas las funciones incluido proporciona varias herramientas de anotaci\u00f3n, comparaci\u00f3n de pantalla dividida, grabaci\u00f3n de iman en iman y una pizarra interactiva. Compatible con Windows y macOS<\/p>\n\n","protected":false},"excerpt":{"rendered":"<p> Excelente calidad de iman 4KEquipado con un sensor de 13 MP y capaz de grabar<\/p>","protected":false},"featured_media":26266,"comment_status":"open","ping_status":"closed","template":"","meta":[],"product_brand":[],"product_cat":[60],"product_tag":[5346,1990,4112,7717,3994,1982,7716,298,7718,7551,1989,1983,1986,428,7715,4813,5585,7510,1987,1984,1985,5328,5691,5120,1991,4598,222,133,1988,4659],"class_list":{"0":"post-26265","1":"product","2":"type-product","3":"status-publish","4":"has-post-thumbnail","6":"product_cat-scanners","7":"product_tag-automatico","8":"product_tag-best-scanner","9":"product_tag-camara","10":"product_tag-captura","11":"product_tag-con","12":"product_tag-document-scanner","13":"product_tag-documentos","14":"product_tag-dual","15":"product_tag-escaneo","16":"product_tag-escaner","17":"product_tag-fast-document-scanner","18":"product_tag-flatbed-scanner","19":"product_tag-high-resolution-scanner","20":"product_tag-led","21":"product_tag-libros","22":"product_tag-luz","23":"product_tag-microfono","24":"product_tag-modo","25":"product_tag-office-scanner","26":"product_tag-photo-scanner","27":"product_tag-portable-scanner","28":"product_tag-rapida","29":"product_tag-reduccion","30":"product_tag-ruido","31":"product_tag-scanner-price","32":"product_tag-tamano","33":"product_tag-ultra","34":"product_tag-usb","35":"product_tag-usb-scanner","36":"product_tag-velocidad","38":"first","39":"instock","40":"shipping-taxable","41":"product-type-external"},"_links":{"self":[{"href":"https:\/\/comprasyconsejos.store\/en\/wp-json\/wp\/v2\/product\/26265","targetHints":{"allow":["GET"]}}],"collection":[{"href":"https:\/\/comprasyconsejos.store\/en\/wp-json\/wp\/v2\/product"}],"about":[{"href":"https:\/\/comprasyconsejos.store\/en\/wp-json\/wp\/v2\/types\/product"}],"replies":[{"embeddable":true,"href":"https:\/\/comprasyconsejos.store\/en\/wp-json\/wp\/v2\/comments?post=26265"}],"version-history":[{"count":0,"href":"https:\/\/comprasyconsejos.store\/en\/wp-json\/wp\/v2\/product\/26265\/revisions"}],"wp:featuredmedia":[{"embeddable":true,"href":"https:\/\/comprasyconsejos.store\/en\/wp-json\/wp\/v2\/media\/26266"}],"wp:attachment":[{"href":"https:\/\/comprasyconsejos.store\/en\/wp-json\/wp\/v2\/media?parent=26265"}],"wp:term":[{"taxonomy":"product_brand","embeddable":true,"href":"https:\/\/comprasyconsejos.store\/en\/wp-json\/wp\/v2\/product_brand?post=26265"},{"taxonomy":"product_cat","embeddable":true,"href":"https:\/\/comprasyconsejos.store\/en\/wp-json\/wp\/v2\/product_cat?post=26265"},{"taxonomy":"product_tag","embeddable":true,"href":"https:\/\/comprasyconsejos.store\/en\/wp-json\/wp\/v2\/product_tag?post=26265"}],"curies":[{"name":"wp","href":"https:\/\/api.w.org\/{rel}","templated":true}]}}