{"id":26301,"date":"2026-02-20T02:28:55","date_gmt":"2026-02-20T02:28:55","guid":{"rendered":"https:\/\/comprasyconsejos.store\/product\/philips-34e1c5600he-5000-series-monitor-led-curvado-34-3440-x-1440-wqhd-100-hz-va-300-cd-m%c2%b2-30001-4-ms-hdmi-displayport-usb-c-altavoces-negro-con-textura\/"},"modified":"2026-02-20T02:28:57","modified_gmt":"2026-02-20T02:28:57","slug":"philips-34e1c5600he-5000-series-monitor-led-curvado-34-3440-x-1440-wqhd-100-hz-va-300-cd-m%c2%b2-30001-4-ms-hdmi-displayport-usb-c-altavoces-negro-con-textura","status":"publish","type":"product","link":"https:\/\/comprasyconsejos.store\/en\/product\/philips-34e1c5600he-5000-series-monitor-led-curvado-34-3440-x-1440-wqhd-100-hz-va-300-cd-m%c2%b2-30001-4-ms-hdmi-displayport-usb-c-altavoces-negro-con-textura\/","title":{"rendered":"Philips 34E1C5600HE &#8211; 5000 Series &#8211; Monitor LED &#8211; Curvado &#8211; 34&#8243; &#8211; 3440 x 1440 WQHD, 100 Hz &#8211; VA &#8211; 300 CD\/m\u00b2 &#8211; 3000:1-4 ms &#8211; HDMI, DisplayPort, USB-C &#8211; Altavoces &#8211; Negro con Textura"},"content":{"rendered":"<p>Price: <span style=\"color:#b12704\">\u20ac394.11<\/span><br \/><i><small>(as of Feb 20, 2026 02:28:55 UTC &#8211; <span class=\"wp_automatic_amazon_disclaimer\" title=\"Product prices and availability are accurate as of the date\/time indicated and are subject to change. Any price and availability information displayed on [relevant Amazon Site(s), as applicable] at the time of purchase will apply to the purchase of this product.\">Details<\/span>)<\/small><\/i><\/p>\n<p><a href=\"https:\/\/amazon.es\/dp\/B0B3WJ7JN3?tag=man008-21\"><img decoding=\"async\" src=\"https:\/\/valvepress.s3.amazonaws.com\/imgs\/buy_now.png\"><\/a><br \/>\n<\/p>\n<p>                                             From the brand   <\/p>\n<p>                                              <img decoding=\"async\" alt=\"aplus content image\" src=\"https:\/\/images-na.ssl-images-amazon.com\/images\/G\/01\/x-locale\/common\/grey-pixel.gif\" class=\"a-lazy-loaded\" data-src=\"https:\/\/m.media-amazon.com\/images\/S\/aplus-media-library-service-media\/f8c95a3f-774f-4d59-8383-8c7f3514e6cf.__CR12,0,1476,630_PT0_SX1464_V1___.jpg\"><img decoding=\"async\" alt=\"aplus content image\" src=\"https:\/\/m.media-amazon.com\/images\/S\/aplus-media-library-service-media\/f8c95a3f-774f-4d59-8383-8c7f3514e6cf.__CR12,0,1476,630_PT0_SX1464_V1___.jpg\">  <\/p>\n<p>                                              <img decoding=\"async\" alt=\"aplus content image\" src=\"https:\/\/images-na.ssl-images-amazon.com\/images\/G\/01\/x-locale\/common\/grey-pixel.gif\" class=\"a-lazy-loaded\" data-src=\"https:\/\/m.media-amazon.com\/images\/S\/aplus-media-library-service-media\/1df33e20-5a0e-4d5a-936f-9cfcd1fee762.__CR0,0,362,453_PT0_SX362_V1___.jpg\"><img decoding=\"async\" alt=\"aplus content image\" src=\"https:\/\/m.media-amazon.com\/images\/S\/aplus-media-library-service-media\/1df33e20-5a0e-4d5a-936f-9cfcd1fee762.__CR0,0,362,453_PT0_SX362_V1___.jpg\">  <\/p>\n<h3> USO Profesional <\/h3>\n<p class=\"apm-brand-story-stores-link\">\n<h3> USE DOMESTICO <\/h3>\n<p class=\"apm-brand-story-stores-link\">\n<p>                                              <img decoding=\"async\" alt=\"El texto dice \u00abAcerca de nosotros\u00bb seguido de \u00abLos monitores Philips est\u00e1n dise\u00f1ados para hacer que la vida cotidiana sea m\u00e1s f\u00e1cil y m\u00e1s inteligente y m\u00e1s inspiradora\u00bb. Ya sea que est\u00e1 trabajando, creando, estudiando.\" src=\"https:\/\/images-na.ssl-images-amazon.com\/images\/G\/01\/x-locale\/common\/grey-pixel.gif\" class=\"a-lazy-loaded\" data-src=\"https:\/\/m.media-amazon.com\/images\/S\/aplus-media-library-service-media\/59805462-1f57-4b24-89c2-d7df1894e5ef.__CR0,0,362,453_PT0_SX362_V1___.jpg\"><img decoding=\"async\" alt=\"El texto dice \u00abAcerca de nosotros\u00bb seguido de \u00abLos monitores Philips est\u00e1n dise\u00f1ados para hacer que la vida cotidiana sea m\u00e1s f\u00e1cil y m\u00e1s inteligente y m\u00e1s inspiradora\u00bb. Ya sea que est\u00e1 trabajando, creando, estudiando.\" src=\"https:\/\/m.media-amazon.com\/images\/S\/aplus-media-library-service-media\/59805462-1f57-4b24-89c2-d7df1894e5ef.__CR0,0,362,453_PT0_SX362_V1___.jpg\">  <\/p>\n<p> Language                                            \u200f                                            :                                            \u200e                                            English, French, German, Spanish   <br \/> Product Dimensions                                            \u200f                                            :                                            \u200e                                            25 x 80.7 x 60.1 cm; 9.29 kg   <br \/> Manufacturer                                            \u200f                                            :                                            \u200e                                            Philips   <br \/> ASIN                                            \u200f                                            :                                            \u200e                                            B0B3WJ7JN3   <br \/> Item model number                                            \u200f                                            :                                            \u200e                                            34E1C5600HE\/00   <br \/> Guaranteed software updates until                                            \u200f                                            :                                            \u200e                                            unknown   <br \/>  Customer reviews:                                                                                            4.4               4.4 out of 5 stars                                  (1,451)                                              var dpAcrHasRegisteredArcLinkClickAction;                    P.when(&#8216;A&#8217;, &#8216;ready&#8217;).execute(function(A) {                        if (dpAcrHasRegisteredArcLinkClickAction !== true) {                            dpAcrHasRegisteredArcLinkClickAction = true;                            A.declarative(                                &#8216;acrLink-click-metrics&#8217;, &#8216;click&#8217;,                                { \u00aballowLinkDefault\u00bb: true },                                function (event) {                                    if (window.ue) {                                        ue.count(\u00abacrLinkClickCount\u00bb, (ue.count(\u00abacrLinkClickCount\u00bb) || 0) + 1);                                    }                                }                            );                        }                    });                                             P.when(&#8216;A&#8217;, &#8216;cf&#8217;).execute(function(A) {                A.declarative(&#8216;acrStarsLink-click-metrics&#8217;, &#8216;click&#8217;, { \u00aballowLinkDefault\u00bb : true },  function(event){                    if(window.ue) {                        ue.count(\u00abacrStarsLinkWithPopoverClickCount\u00bb, (ue.count(\u00abacrStarsLinkWithPopoverClickCount\u00bb) || 0) + 1);                    }                });            });                          <\/p>\n<p>Built-in stereo speakers for multimedia A pair of high-quality stereo speakers built into the display device. Speakers are visible when front-firing, not lower, top, or rear projection, etc., depending on model and design.<br \/>Ultra Wide-Color offers a wide color gamut for a more vivid image Ultra Wide-Color technology offers a wider range of colors for a brighter image.<br \/>VA display delivers stunning visuals with wide viewing angles Philips VA LED display uses advanced multi-domain vertical alignment technology that provides super-high static contrast rates for vivid and bright images.<br \/>Connect your laptop with a USB-C cable This Philips display features a USB Type-C connector with power delivery. With smart and flexible power management, you can now charge your compatible device directly.<br \/>Ultra-wide CrystalClear images with 3440 x 1440 QHD pixels These Philips displays deliver ultra-wide CrystalClear images with 3440 x 1440 Quad HD pixels. By using high-performance panels with high-density pixel count and 178\/178 wide viewing angles, these new displays will bring your images and graphics to life.<\/p>\n\n","protected":false},"excerpt":{"rendered":"<p> From the brand USO Profesional USE DOMESTICO Language \u200f : \u200e English, French, German, Spanish<\/p>","protected":false},"featured_media":26302,"comment_status":"open","ping_status":"closed","template":"","meta":[],"product_brand":[],"product_cat":[54],"product_tag":[1791,7728,4337,1789,5665,3994,4248,1787,1788,1792,1784,1786,1783,1790,1099,544,428,844,3998,7195,361,7729,1785,188,2099],"class_list":{"0":"post-26301","1":"product","2":"type-product","3":"status-publish","4":"has-post-thumbnail","6":"product_cat-curved-monitors","7":"product_tag-144hz-curved-monitor","8":"product_tag-34e1c5600he","9":"product_tag-altavoces","10":"product_tag-best-curved-monitor","11":"product_tag-cdm","12":"product_tag-con","13":"product_tag-curvado","14":"product_tag-curved-27-inch-monitor","15":"product_tag-curved-32-inch-monitor","16":"product_tag-curved-computer-monitor","17":"product_tag-curved-gaming-monitor","18":"product_tag-curved-led-monitor","19":"product_tag-curved-monitor","20":"product_tag-curved-monitor-price","21":"product_tag-displayport","22":"product_tag-hdmi","23":"product_tag-led","24":"product_tag-monitor","25":"product_tag-negro","26":"product_tag-philips","27":"product_tag-series","28":"product_tag-textura","29":"product_tag-ultrawide-curved-monitor","30":"product_tag-usbc","31":"product_tag-wqhd","33":"first","34":"instock","35":"shipping-taxable","36":"product-type-external"},"_links":{"self":[{"href":"https:\/\/comprasyconsejos.store\/en\/wp-json\/wp\/v2\/product\/26301","targetHints":{"allow":["GET"]}}],"collection":[{"href":"https:\/\/comprasyconsejos.store\/en\/wp-json\/wp\/v2\/product"}],"about":[{"href":"https:\/\/comprasyconsejos.store\/en\/wp-json\/wp\/v2\/types\/product"}],"replies":[{"embeddable":true,"href":"https:\/\/comprasyconsejos.store\/en\/wp-json\/wp\/v2\/comments?post=26301"}],"version-history":[{"count":0,"href":"https:\/\/comprasyconsejos.store\/en\/wp-json\/wp\/v2\/product\/26301\/revisions"}],"wp:featuredmedia":[{"embeddable":true,"href":"https:\/\/comprasyconsejos.store\/en\/wp-json\/wp\/v2\/media\/26302"}],"wp:attachment":[{"href":"https:\/\/comprasyconsejos.store\/en\/wp-json\/wp\/v2\/media?parent=26301"}],"wp:term":[{"taxonomy":"product_brand","embeddable":true,"href":"https:\/\/comprasyconsejos.store\/en\/wp-json\/wp\/v2\/product_brand?post=26301"},{"taxonomy":"product_cat","embeddable":true,"href":"https:\/\/comprasyconsejos.store\/en\/wp-json\/wp\/v2\/product_cat?post=26301"},{"taxonomy":"product_tag","embeddable":true,"href":"https:\/\/comprasyconsejos.store\/en\/wp-json\/wp\/v2\/product_tag?post=26301"}],"curies":[{"name":"wp","href":"https:\/\/api.w.org\/{rel}","templated":true}]}}