{"id":26340,"date":"2026-02-20T02:57:33","date_gmt":"2026-02-20T02:57:33","guid":{"rendered":"https:\/\/comprasyconsejos.store\/product\/ordro-ac3-4k-camcorder-video-camera-fhd-1080p-60fps-youtube-camcorder-vlogging-night-vision-ir-with-mic-led-light-32g-sd-card\/"},"modified":"2026-02-20T02:57:37","modified_gmt":"2026-02-20T02:57:37","slug":"ordro-ac3-4k-camcorder-video-camera-fhd-1080p-60fps-youtube-camcorder-vlogging-night-vision-ir-with-mic-led-light-32g-sd-card","status":"publish","type":"product","link":"https:\/\/comprasyconsejos.store\/en\/product\/ordro-ac3-4k-camcorder-video-camera-fhd-1080p-60fps-youtube-camcorder-vlogging-night-vision-ir-with-mic-led-light-32g-sd-card\/","title":{"rendered":"ORDRO AC3 4K Camcorder Video Camera FHD 1080P 60FPS Youtube Camcorder Vlogging Night Vision IR with Mic, LED Light, 32G SD Card"},"content":{"rendered":"<p>Price: <span style=\"color:#b12704\">\u20ac329.99<\/span><br \/><i><small>(as of Feb 20, 2026 02:57:33 UTC &#8211; <span class=\"wp_automatic_amazon_disclaimer\" title=\"Product prices and availability are accurate as of the date\/time indicated and are subject to change. Any price and availability information displayed on [relevant Amazon Site(s), as applicable] at the time of purchase will apply to the purchase of this product.\">Details<\/span>)<\/small><\/i><\/p>\n<p><a href=\"https:\/\/amazon.es\/dp\/B07YXT475G?tag=man008-21\"><img decoding=\"async\" src=\"https:\/\/valvepress.s3.amazonaws.com\/imgs\/buy_now.png\"><\/a><br \/>\n<\/p>\n<p>                                             Product Description   <\/p>\n<p>                                                                             <img decoding=\"async\" alt=\"ORDRO \" src=\"https:\/\/images-na.ssl-images-amazon.com\/images\/G\/01\/x-locale\/common\/grey-pixel.gif\" class=\"a-spacing-base a-lazy-loaded\" data-src=\"https:\/\/m.media-amazon.com\/images\/S\/aplus-media\/sc\/110d3ca6-579f-4ad2-ac73-80c3af325f88.__CR0,0,970,600_PT0_SX970_V1___.jpg\"><img decoding=\"async\" alt=\"ORDRO \" src=\"https:\/\/m.media-amazon.com\/images\/S\/aplus-media\/sc\/110d3ca6-579f-4ad2-ac73-80c3af325f88.__CR0,0,970,600_PT0_SX970_V1___.jpg\">                                         <\/p>\n<h3 class=\"a-spacing-mini\"> Especificaci\u00f3n de la videoc\u00e1mara ORDRO HDR-AC3 4k: <\/h3>\n<p class=\"a-spacing-base\"> Sensor: sensor CMOS IMX258 de Sony, lente t\u00e1ctil capacitiva IPS de 3.1 \u00ab: f = 4.88 mm, FNo: zoom 2.2: zoom digital 30x (sin zoom \u00f3ptico) <\/p>\n<p class=\"a-spacing-base\"> Resoluci\u00f3n de video: H.264 \/ MP4 UHD: 2880 \u00d7 2160 (4K \/ 24fps), QHD: 2560 \u00d7 1440 (2K \/ 30fps), FHD: 1920 \u00d7 1080 (1080P \/ 60fps) <\/p>\n<p class=\"a-spacing-base\"> Resoluci\u00f3n de imagen: JPEG 24MP \/ 20MP \/ 16MP \/ 13MP \/ 10MP \/ 7MP (HD) \/ 5MP \/ 3MP \/ 2MP (HD) \/ VGA <\/p>\n<p class=\"a-spacing-base\"> Almacenamiento externo: admite tarjeta SD de 128 GB (se recomienda Clase 10 o superior) <\/p>\n<p class=\"a-spacing-base\"> L\u00e1mpara de compensaci\u00f3n de luz: luz de relleno LED incorporada + luz de video LED externa <\/p>\n<p class=\"a-spacing-base\"> Bater\u00eda: 2 x NP-120 3.7V 1700mAh bater\u00eda de iones de litio Duraci\u00f3n de la bater\u00eda: video \u2264 90 minutos, fotos \u2264 150 minutos <\/p>\n<p class=\"apm-text-center\">\n                                                      <img decoding=\"async\" alt=\"Luz de relleno LED\" src=\"https:\/\/images-na.ssl-images-amazon.com\/images\/G\/01\/x-locale\/common\/grey-pixel.gif\" class=\"a-spacing-mini a-lazy-loaded\" data-src=\"https:\/\/m.media-amazon.com\/images\/S\/aplus-media\/sc\/9565f172-644d-48c9-9896-eedbe9c534ce.__CR0,0,300,300_PT0_SX300_V1___.jpg\"><img decoding=\"async\" alt=\"Luz de relleno LED\" src=\"https:\/\/m.media-amazon.com\/images\/S\/aplus-media\/sc\/9565f172-644d-48c9-9896-eedbe9c534ce.__CR0,0,300,300_PT0_SX300_V1___.jpg\">  <\/p>\n<p>                                                    Luz de relleno LED                                       <\/p>\n<p> Bater\u00eda de 2000mA incorporada 2700K-6500K iluminaci\u00f3n de video con c\u00e1mara regulable. La luz tiene un hilo de 1\/4 de pulgada que funciona con c\u00e1maras \/ videoc\u00e1maras DSLR y asa. Cambie de im\u00e1genes fijas a videos con hermosa iluminaci\u00f3n. <\/p>\n<p class=\"apm-text-center\">\n                                                      <img decoding=\"async\" alt=\"Bolso de mano para videoc\u00e1mara profesional\" src=\"https:\/\/images-na.ssl-images-amazon.com\/images\/G\/01\/x-locale\/common\/grey-pixel.gif\" class=\"a-spacing-mini a-lazy-loaded\" data-src=\"https:\/\/m.media-amazon.com\/images\/S\/aplus-media\/sc\/7da488f8-0a78-4858-9e85-0a3dc78e9194.__CR0,0,300,300_PT0_SX300_V1___.jpg\"><img decoding=\"async\" alt=\"Bolso de mano para videoc\u00e1mara profesional\" src=\"https:\/\/m.media-amazon.com\/images\/S\/aplus-media\/sc\/7da488f8-0a78-4858-9e85-0a3dc78e9194.__CR0,0,300,300_PT0_SX300_V1___.jpg\">  <\/p>\n<p>                                                    Bolso de mano para videoc\u00e1mara profesional                                       <\/p>\n<p> Hemos dise\u00f1ado una sola bolsa para c\u00e1mara que puede proteger su videoc\u00e1mara y accesorios sucios. La videoc\u00e1mara es segura gracias al uso de material grueso y resistente a la presi\u00f3n. <\/p>\n<p class=\"apm-text-center\">\n                                                      <img decoding=\"async\" alt=\"Micr\u00f3fono externo (+ 10dB)\" src=\"https:\/\/images-na.ssl-images-amazon.com\/images\/G\/01\/x-locale\/common\/grey-pixel.gif\" class=\"a-spacing-mini a-lazy-loaded\" data-src=\"https:\/\/m.media-amazon.com\/images\/S\/aplus-media\/sc\/76e7726d-4b94-44f2-bf5c-6ea606c63286.__CR0,0,300,300_PT0_SX300_V1___.jpg\"><img decoding=\"async\" alt=\"Micr\u00f3fono externo (+ 10dB)\" src=\"https:\/\/m.media-amazon.com\/images\/S\/aplus-media\/sc\/76e7726d-4b94-44f2-bf5c-6ea606c63286.__CR0,0,300,300_PT0_SX300_V1___.jpg\">  <\/p>\n<p>                                                    Micr\u00f3fono externo (+ 10dB)                                       <\/p>\n<p> Con el dise\u00f1o de zapata, puede admitir micr\u00f3fonos externos. El micr\u00f3fono graba el sonido con precisi\u00f3n, elimina el ruido y la reducci\u00f3n de ruido NCR durante la grabaci\u00f3n y garantiza una calidad de sonido m\u00e1s limpia. Consejos: aseg\u00farese de que el otro extremo del cable del micr\u00f3fono est\u00e9 conectado correctamente al cable adaptador de la videoc\u00e1mara. <\/p>\n<p class=\"apm-text-center\">\n                                                      <img decoding=\"async\" alt=\"Conexi\u00f3n WIFI y control remoto.\" src=\"https:\/\/images-na.ssl-images-amazon.com\/images\/G\/01\/x-locale\/common\/grey-pixel.gif\" class=\"a-spacing-mini a-lazy-loaded\" data-src=\"https:\/\/m.media-amazon.com\/images\/S\/aplus-media\/sc\/2fe7beb5-7146-415c-8926-2cacf9a823e7.__CR0,0,300,300_PT0_SX300_V1___.jpg\"><img decoding=\"async\" alt=\"Conexi\u00f3n WIFI y control remoto.\" src=\"https:\/\/m.media-amazon.com\/images\/S\/aplus-media\/sc\/2fe7beb5-7146-415c-8926-2cacf9a823e7.__CR0,0,300,300_PT0_SX300_V1___.jpg\">  <\/p>\n<p>                                                    Conexi\u00f3n WIFI y control remoto.                                       <\/p>\n<p> Descargue la APLICACI\u00d3N \u00abD Video\u00bb en su tel\u00e9fono inteligente y conecte el WIFI de la videoc\u00e1mara para la vista previa y la operaci\u00f3n en el tel\u00e9fono \/ tableta. Puede descargar los videos y las im\u00e1genes en cualquier momento a trav\u00e9s de la aplicaci\u00f3n y compartirlos con sus amigos. Control remoto: retire la pel\u00edcula de pl\u00e1stico del control remoto y luego controle la grabaci\u00f3n de la c\u00e1mara por control remoto. Cuando use el control remoto, aseg\u00farese de quitar la lente gran angular. El rango efectivo \u2264 5M. <\/p>\n<p class=\"apm-text-center\">\n                                                      <img decoding=\"async\" alt=\"Consejos importantes\" src=\"https:\/\/images-na.ssl-images-amazon.com\/images\/G\/01\/x-locale\/common\/grey-pixel.gif\" class=\"a-spacing-mini a-lazy-loaded\" data-src=\"https:\/\/m.media-amazon.com\/images\/S\/aplus-media\/sc\/a73c8f9a-d3b2-4b11-8820-de70cac657fa.__CR0,0,300,300_PT0_SX300_V1___.jpg\"><img decoding=\"async\" alt=\"Consejos importantes\" src=\"https:\/\/m.media-amazon.com\/images\/S\/aplus-media\/sc\/a73c8f9a-d3b2-4b11-8820-de70cac657fa.__CR0,0,300,300_PT0_SX300_V1___.jpg\">  <\/p>\n<p>                                                    Consejos importantes                                       <\/p>\n<p> Confirme que la distancia de enfoque es de 1,5 metros o m\u00e1s de la videoc\u00e1mara cuando filma un sujeto para evitar que las im\u00e1genes capturadas se vean borrosas, borrosas o distorsionadas. Si necesita primeros planos, elija un objetivo macro y mant\u00e9ngase a 4-5 cm del sujeto. Tenga cuidado de no mover, golpear o sacudir la videoc\u00e1mara durante la grabaci\u00f3n. Admite la funci\u00f3n de pausa, presione el bot\u00f3n \u00abFOTO\u00bb en la videoc\u00e1mara. <\/p>\n<p class=\"apm-text-center\">\n                                                      <img decoding=\"async\" alt=\"Estabilizador de mano\" src=\"https:\/\/images-na.ssl-images-amazon.com\/images\/G\/01\/x-locale\/common\/grey-pixel.gif\" class=\"a-spacing-mini a-lazy-loaded\" data-src=\"https:\/\/m.media-amazon.com\/images\/S\/aplus-media\/sc\/61cfa4c3-17d9-4037-a121-292dc95bbea9.__CR0,0,300,300_PT0_SX300_V1___.jpg\"><img decoding=\"async\" alt=\"Estabilizador de mano\" src=\"https:\/\/m.media-amazon.com\/images\/S\/aplus-media\/sc\/61cfa4c3-17d9-4037-a121-292dc95bbea9.__CR0,0,300,300_PT0_SX300_V1___.jpg\">  <\/p>\n<p>                                                    Estabilizador de mano                                       <\/p>\n<p> Aumenta la estabilidad al grabar.  Reproduzca los videos en un televisor o computadora 4k con un cable HDMI 2.0 \/ cable USB para lograr el mejor efecto de sonido e imagen. <\/p>\n<p>                                                                             <img decoding=\"async\" alt=\"ORDRO \" src=\"https:\/\/images-na.ssl-images-amazon.com\/images\/G\/01\/x-locale\/common\/grey-pixel.gif\" class=\"a-spacing-base a-lazy-loaded\" data-src=\"https:\/\/m.media-amazon.com\/images\/S\/aplus-media\/sc\/1674bb6b-f1ac-4f80-b939-96f88d1e2dbc.__CR0,0,970,600_PT0_SX970_V1___.jpg\"><img decoding=\"async\" alt=\"ORDRO \" src=\"https:\/\/m.media-amazon.com\/images\/S\/aplus-media\/sc\/1674bb6b-f1ac-4f80-b939-96f88d1e2dbc.__CR0,0,970,600_PT0_SX970_V1___.jpg\">                                                                    <\/p>\n<p>                                                                             <img decoding=\"async\" alt=\"ORDRO\" src=\"https:\/\/images-na.ssl-images-amazon.com\/images\/G\/01\/x-locale\/common\/grey-pixel.gif\" class=\"a-spacing-base a-lazy-loaded\" data-src=\"https:\/\/m.media-amazon.com\/images\/S\/aplus-media\/sc\/eb5e119a-003f-4487-bd06-6a0da081d314.__CR0,0,970,600_PT0_SX970_V1___.jpg\"><img decoding=\"async\" alt=\"ORDRO\" src=\"https:\/\/m.media-amazon.com\/images\/S\/aplus-media\/sc\/eb5e119a-003f-4487-bd06-6a0da081d314.__CR0,0,970,600_PT0_SX970_V1___.jpg\">                                         <\/p>\n<h3 class=\"a-spacing-mini\"> Consejos c\u00e1lidos: <\/h3>\n<p class=\"a-spacing-base\"> 1.La videoc\u00e1mara 4K 4K est\u00e1 destinada a aficionados, no a profesionales. Es ligero y compacto, f\u00e1cil de usar. <\/p>\n<p class=\"a-spacing-base\"> 2. Formatee la tarjeta SD antes de usar la c\u00e1mara. La tarjeta SD no est\u00e1 incluida (hasta 128 GB, al menos clase 10). <\/p>\n<p class=\"a-spacing-base\"> 3.La videoc\u00e1mara no es compatible con el enfoque manual, la lente est\u00e1 fija. Mantenga una distancia de disparo de m\u00e1s de 1,5 m para tomar fotos o videos claros. <\/p>\n<p> Batteries                                            \u200f                                            :                                            \u200e                                            2 Lithium Polymer batteries required. (included)   <br \/> Product Dimensions                                            \u200f                                            :                                            \u200e                                            37.5 x 26.5 x 9 cm; 380 g   <br \/> Date First Available                                            \u200f                                            :                                            \u200e                                            21 Oct. 2019   <br \/> Manufacturer                                            \u200f                                            :                                            \u200e                                            DePu   <br \/> ASIN                                            \u200f                                            :                                            \u200e                                            B07YXT475G   <br \/> Item model number                                            \u200f                                            :                                            \u200e                                            HDR-AC3   <br \/> Country of origin                                            \u200f                                            :                                            \u200e                                            China   <br \/> Guaranteed software updates until                                            \u200f                                            :                                            \u200e                                            unknown   <br \/>       Best Sellers Rank:  33,108 in Electronics (See Top 100 in Electronics)    174 in Camcorders      <br \/>  Customer reviews:                                                                                            3.6               3.6 out of 5 stars                                  (159)                                              var dpAcrHasRegisteredArcLinkClickAction;                    P.when(&#8216;A&#8217;, &#8216;ready&#8217;).execute(function(A) {                        if (dpAcrHasRegisteredArcLinkClickAction !== true) {                            dpAcrHasRegisteredArcLinkClickAction = true;                            A.declarative(                                &#8216;acrLink-click-metrics&#8217;, &#8216;click&#8217;,                                { \u00aballowLinkDefault\u00bb: true },                                function (event) {                                    if (window.ue) {                                        ue.count(\u00abacrLinkClickCount\u00bb, (ue.count(\u00abacrLinkClickCount\u00bb) || 0) + 1);                                    }                                }                            );                        }                    });                                             P.when(&#8216;A&#8217;, &#8216;cf&#8217;).execute(function(A) {                A.declarative(&#8216;acrStarsLink-click-metrics&#8217;, &#8216;click&#8217;, { \u00aballowLinkDefault\u00bb : true },  function(event){                    if(window.ue) {                        ue.count(\u00abacrStarsLinkWithPopoverClickCount\u00bb, (ue.count(\u00abacrStarsLinkWithPopoverClickCount\u00bb) || 0) + 1);                    }                });            });                          <\/p>\n<p>With Sony 13MP HD sensor, it is twice as large as the normal camcorder and greatly improves the clarity of images, up to a 4K Ultra HD video resolution of 3840*2160. High sensitivity can also help you capture high-quality videos and images in low light. It can make very high-quality images and capture amazing real-life details.<br \/>He designed a three-slot hot shoe adapter, the 4K camcorder kit that includes a smart LED fill light and a stereo microphone. 120pcs fill LED light portable LED diodes can adjust the brightness and color temperature between cold color 6500K and warm color 2700K with one button. The stereo microphone has a shock absorption design and +20dB sensitivity enhancement that adapts it to pick up at different sound intensities.<br \/>AZ50 4k camcorder adopts 64X digital zoom that allows you to get outstanding videos and photos. If that is not enough for you, we also equip a 12X telescope which has the same function with optical lens, it can capture more distant images and improved image quality to make the images and videos brighter and clearer. The 4K camcorder kit also includes a wide-angle lens and sun visor.<br \/>What you get: a 4K UHD camcorder, a camera bag, a stereo microphone, a 72mm wide angle lens, a sun visor, a camera mount, a LED light, a telescope, a remote control, a battery charger, 2 lithium batteries, a lens cap, a camera bag, a camera bag strap, a card reader, a micro USB cable, a USB cable, an HDMI cable, an English user manual. (Memory card must be purchased separately).<br \/>Compared with the previous version 4k camcorder, we specially designed an all-in-one camera bag, which can protect your camcorder and messy accessories. Using the eco-friendly and pressure-resistant material, the camcorder bag can keep your machine safe without any worries. If for any reason you are not satisfied with your purchase, please contact us, we are committed to doing the right thing for you.<\/p>\n\n","protected":false},"excerpt":{"rendered":"<p> Product Description Especificaci\u00f3n de la videoc\u00e1mara ORDRO HDR-AC3 4k: Sensor: sensor CMOS IMX258 de Sony,<\/p>","protected":false},"featured_media":26341,"comment_status":"open","ping_status":"closed","template":"","meta":[],"product_brand":[],"product_cat":[96],"product_tag":[705,908,5392,7741,1858,3495,681,1859,1861,1420,1854,1855,639,428,248,861,1856,2560,7740,1863,1860,1862,2230,1857,686,1869,1870],"class_list":{"0":"post-26340","1":"product","2":"type-product","3":"status-publish","4":"has-post-thumbnail","6":"product_cat-photo-video","7":"product_tag-1080p","8":"product_tag-32g","9":"product_tag-60fps","10":"product_tag-ac3","11":"product_tag-action-cameras","12":"product_tag-camcorder","13":"product_tag-camera","14":"product_tag-camera-accessories","15":"product_tag-camera-lenses","16":"product_tag-card","17":"product_tag-digital-cameras","18":"product_tag-dslr-cameras","19":"product_tag-fhd","20":"product_tag-led","21":"product_tag-light","22":"product_tag-mic","23":"product_tag-mirrorless-cameras","24":"product_tag-night","25":"product_tag-ordro","26":"product_tag-photo-equipment","27":"product_tag-professional-camera","28":"product_tag-tripods","29":"product_tag-video","30":"product_tag-video-cameras","31":"product_tag-vision","32":"product_tag-vlogging","33":"product_tag-youtube","35":"first","36":"instock","37":"shipping-taxable","38":"product-type-external"},"_links":{"self":[{"href":"https:\/\/comprasyconsejos.store\/en\/wp-json\/wp\/v2\/product\/26340","targetHints":{"allow":["GET"]}}],"collection":[{"href":"https:\/\/comprasyconsejos.store\/en\/wp-json\/wp\/v2\/product"}],"about":[{"href":"https:\/\/comprasyconsejos.store\/en\/wp-json\/wp\/v2\/types\/product"}],"replies":[{"embeddable":true,"href":"https:\/\/comprasyconsejos.store\/en\/wp-json\/wp\/v2\/comments?post=26340"}],"version-history":[{"count":0,"href":"https:\/\/comprasyconsejos.store\/en\/wp-json\/wp\/v2\/product\/26340\/revisions"}],"wp:featuredmedia":[{"embeddable":true,"href":"https:\/\/comprasyconsejos.store\/en\/wp-json\/wp\/v2\/media\/26341"}],"wp:attachment":[{"href":"https:\/\/comprasyconsejos.store\/en\/wp-json\/wp\/v2\/media?parent=26340"}],"wp:term":[{"taxonomy":"product_brand","embeddable":true,"href":"https:\/\/comprasyconsejos.store\/en\/wp-json\/wp\/v2\/product_brand?post=26340"},{"taxonomy":"product_cat","embeddable":true,"href":"https:\/\/comprasyconsejos.store\/en\/wp-json\/wp\/v2\/product_cat?post=26340"},{"taxonomy":"product_tag","embeddable":true,"href":"https:\/\/comprasyconsejos.store\/en\/wp-json\/wp\/v2\/product_tag?post=26340"}],"curies":[{"name":"wp","href":"https:\/\/api.w.org\/{rel}","templated":true}]}}