{"id":26356,"date":"2026-02-20T03:08:39","date_gmt":"2026-02-20T03:08:39","guid":{"rendered":"https:\/\/comprasyconsejos.store\/product\/doogee-note-58-pro-free-mobile-phone-andriod-16-32gb256gb-smartphone-octa-core-6-75-hd-90hz-mobile-battery-6250mah-16mp8mp-mobile-phone-8-6mm-dual-sim-4g-gps-nfc-fingerprint-black\/"},"modified":"2026-02-20T03:08:43","modified_gmt":"2026-02-20T03:08:43","slug":"doogee-note-58-pro-free-mobile-phone-andriod-16-32gb256gb-smartphone-octa-core-6-75-hd-90hz-mobile-battery-6250mah-16mp8mp-mobile-phone-8-6mm-dual-sim-4g-gps-nfc-fingerprint-black","status":"publish","type":"product","link":"https:\/\/comprasyconsejos.store\/en\/product\/doogee-note-58-pro-free-mobile-phone-andriod-16-32gb256gb-smartphone-octa-core-6-75-hd-90hz-mobile-battery-6250mah-16mp8mp-mobile-phone-8-6mm-dual-sim-4g-gps-nfc-fingerprint-black\/","title":{"rendered":"DOOGEE Note 58 Pro Free Mobile Phone Andriod 16, 32GB+256GB Smartphone Octa Core 6.75&#8243; HD+ 90Hz Mobile, Battery 6250mAh, 16MP+8MP, Mobile Phone 8.6mm, Dual SIM 4G\/ GPS\/NFC\/Fingerprint Black"},"content":{"rendered":"<p>Price: <span style=\"color:#b12704\"><del>\u20ac219.99<\/del> - \u20ac149.99<\/span><br \/><i><small>(as of Feb 20, 2026 03:08:39 UTC &#8211; <span class=\"wp_automatic_amazon_disclaimer\" title=\"Product prices and availability are accurate as of the date\/time indicated and are subject to change. Any price and availability information displayed on [relevant Amazon Site(s), as applicable] at the time of purchase will apply to the purchase of this product.\">Details<\/span>)<\/small><\/i><\/p>\n<p><a href=\"https:\/\/amazon.es\/dp\/B0FGX812VV?tag=man008-21\"><img decoding=\"async\" src=\"https:\/\/valvepress.s3.amazonaws.com\/imgs\/buy_now.png\"><\/a><br \/>\n<\/p>\n<p>                                             From the brand   <\/p>\n<p>                                              <img decoding=\"async\" alt=\"\" src=\"https:\/\/images-na.ssl-images-amazon.com\/images\/G\/01\/x-locale\/common\/grey-pixel.gif\" class=\"a-lazy-loaded\" data-src=\"https:\/\/m.media-amazon.com\/images\/S\/aplus-media-library-service-media\/3305e445-11a6-4149-8204-59cb8b527a79.__CR0,0,1464,625_PT0_SX1464_V1___.jpg\"><img decoding=\"async\" alt=\"\" src=\"https:\/\/m.media-amazon.com\/images\/S\/aplus-media-library-service-media\/3305e445-11a6-4149-8204-59cb8b527a79.__CR0,0,1464,625_PT0_SX1464_V1___.jpg\">  <\/p>\n<h3> DOOGEE Note 58 Pro Andriod 16 <\/h3>\n<p>                                              <img decoding=\"async\" alt=\"\" src=\"https:\/\/images-na.ssl-images-amazon.com\/images\/G\/01\/x-locale\/common\/grey-pixel.gif\" class=\"a-lazy-loaded\" data-src=\"https:\/\/m.media-amazon.com\/images\/S\/aplus-media-library-service-media\/d8824573-5fba-4a40-99d7-f66284df7915.__CR0,0,362,453_PT0_SX362_V1___.jpg\"><img decoding=\"async\" alt=\"\" src=\"https:\/\/m.media-amazon.com\/images\/S\/aplus-media-library-service-media\/d8824573-5fba-4a40-99d7-f66284df7915.__CR0,0,362,453_PT0_SX362_V1___.jpg\">  <\/p>\n<h3> DOOGEE&#8211;OFFICIAL <\/h3>\n<p> La creencia de Doogee es crear un tel\u00e9fono m\u00f3vil que siempre sea impermeable, siempre duradero. <\/p>\n<h3> DOOGEE Note 58 Pro Andriod 16 <\/h3>\n<p>                                              <img decoding=\"async\" alt=\"aplus content image\" src=\"https:\/\/images-na.ssl-images-amazon.com\/images\/G\/01\/x-locale\/common\/grey-pixel.gif\" class=\"a-lazy-loaded\" data-src=\"https:\/\/m.media-amazon.com\/images\/S\/aplus-media-library-service-media\/6105e783-d45d-4d59-b6d6-1987c7b45b2e.__CR1167,0,1905,2384_PT0_SX362_V1___.jpg\"><img decoding=\"async\" alt=\"aplus content image\" src=\"https:\/\/m.media-amazon.com\/images\/S\/aplus-media-library-service-media\/6105e783-d45d-4d59-b6d6-1987c7b45b2e.__CR1167,0,1905,2384_PT0_SX362_V1___.jpg\">  <\/p>\n<p>                                              <img decoding=\"async\" alt=\"aplus content image\" src=\"https:\/\/images-na.ssl-images-amazon.com\/images\/G\/01\/x-locale\/common\/grey-pixel.gif\" class=\"a-lazy-loaded\" data-src=\"https:\/\/m.media-amazon.com\/images\/S\/aplus-media-library-service-media\/5b9cb6da-4d97-4903-8095-ad837096b63a.__CR1276,0,1905,2384_PT0_SX362_V1___.jpg\"><img decoding=\"async\" alt=\"aplus content image\" src=\"https:\/\/m.media-amazon.com\/images\/S\/aplus-media-library-service-media\/5b9cb6da-4d97-4903-8095-ad837096b63a.__CR1276,0,1905,2384_PT0_SX362_V1___.jpg\">  <\/p>\n<p>                                              <img decoding=\"async\" alt=\"Composici\u00f3n plana con tel\u00e9fono inteligente que muestra una superficie reflectante en oro rosa, tulipanes blancos y documentos en papel sobre una superficie blanca.\" src=\"https:\/\/images-na.ssl-images-amazon.com\/images\/G\/01\/x-locale\/common\/grey-pixel.gif\" class=\"a-lazy-loaded\" data-src=\"https:\/\/m.media-amazon.com\/images\/S\/aplus-media-library-service-media\/1f431806-b5da-4d93-a5c4-83f525dcaec2.__CR1113,0,1905,2384_PT0_SX362_V1___.jpg\"><img decoding=\"async\" alt=\"Composici\u00f3n plana con tel\u00e9fono inteligente que muestra una superficie reflectante en oro rosa, tulipanes blancos y documentos en papel sobre una superficie blanca.\" src=\"https:\/\/m.media-amazon.com\/images\/S\/aplus-media-library-service-media\/1f431806-b5da-4d93-a5c4-83f525dcaec2.__CR1113,0,1905,2384_PT0_SX362_V1___.jpg\">  <\/p>\n<p>                                                         Nuestro comienzo?                                       <\/p>\n<p> DOOGEE se fund\u00f3 en marzo de 2009, la creencia de DOOGEE es crear un tel\u00e9fono m\u00f3vil que sea resistente al agua para siempre y que nunca se da\u00f1e. <\/p>\n<p>                                                         \u00bfPor qu\u00e9 usar Doogee                                       <\/p>\n<p> Para ofrecer la experiencia perfecta a cada usuario, nos dedicamos a defender \u00abCALIDAD, EXPERIENCIA\u00bb. <\/p>\n<p>                                                         \u00bfQu\u00e9 podemos proporcionar                                       <\/p>\n<p> Para ofrecer la experiencia perfecta a cada usuario, especialmente en la calidad, todos los productos de DOOGEE deben pasar por el proceso de pruebas de alto nivel e inspecci\u00f3n de calidad de alta tecnolog\u00eda. <\/p>\n<p>                                              <img decoding=\"async\" alt=\"de la marca de la empresa DOOGEE con texto en espa\u00f1ol que describe el liderazgo en la industria de los tel\u00e9fonos inteligentes, que se muestra sobre un fondo azul claro\" src=\"https:\/\/images-na.ssl-images-amazon.com\/images\/G\/01\/x-locale\/common\/grey-pixel.gif\" class=\"a-lazy-loaded\" data-src=\"https:\/\/m.media-amazon.com\/images\/S\/aplus-media-library-service-media\/45c73b06-afc7-4990-bccf-ec688d78b0a4.__CR0,0,362,453_PT0_SX362_V1___.jpg\"><img decoding=\"async\" alt=\"de la marca de la empresa DOOGEE con texto en espa\u00f1ol que describe el liderazgo en la industria de los tel\u00e9fonos inteligentes, que se muestra sobre un fondo azul claro\" src=\"https:\/\/m.media-amazon.com\/images\/S\/aplus-media-library-service-media\/45c73b06-afc7-4990-bccf-ec688d78b0a4.__CR0,0,362,453_PT0_SX362_V1___.jpg\">  <\/p>\n<p>                                              <img decoding=\"async\" alt=\"Informaci\u00f3n de la marca DOOGEE en espa\u00f1ol, que destaca tres caracter\u00edsticas clave: resistencia al agua y a los impactos, apariencia personalizada y\" src=\"https:\/\/images-na.ssl-images-amazon.com\/images\/G\/01\/x-locale\/common\/grey-pixel.gif\" class=\"a-lazy-loaded\" data-src=\"https:\/\/m.media-amazon.com\/images\/S\/aplus-media-library-service-media\/a665ff86-10a3-472a-9504-c537ce8d8b9d.__CR0,0,362,453_PT0_SX362_V1___.jpg\"><img decoding=\"async\" alt=\"Informaci\u00f3n de la marca DOOGEE en espa\u00f1ol, que destaca tres caracter\u00edsticas clave: resistencia al agua y a los impactos, apariencia personalizada y\" src=\"https:\/\/m.media-amazon.com\/images\/S\/aplus-media-library-service-media\/a665ff86-10a3-472a-9504-c537ce8d8b9d.__CR0,0,362,453_PT0_SX362_V1___.jpg\">  <\/p>\n<p>                                              <img decoding=\"async\" alt=\"un collage de fotos que muestra a una mujer sosteniendo una c\u00e1mara y a una mujer sosteniendo una c\u00e1mara.\" src=\"https:\/\/images-na.ssl-images-amazon.com\/images\/G\/01\/x-locale\/common\/grey-pixel.gif\" class=\"a-lazy-loaded\" data-src=\"https:\/\/m.media-amazon.com\/images\/S\/aplus-media-library-service-media\/2b0f595a-3c87-444a-bac3-90baf1d3702b.__CR0,0,362,453_PT0_SX362_V1___.jpg\"><img decoding=\"async\" alt=\"un collage de fotos que muestra a una mujer sosteniendo una c\u00e1mara y a una mujer sosteniendo una c\u00e1mara.\" src=\"https:\/\/m.media-amazon.com\/images\/S\/aplus-media-library-service-media\/2b0f595a-3c87-444a-bac3-90baf1d3702b.__CR0,0,362,453_PT0_SX362_V1___.jpg\">  <\/p>\n<p> Batteries                                            \u200f                                            :                                            \u200e                                            1 Lithium Polymer batteries required. (included)   <br \/> Product Dimensions                                            \u200f                                            :                                            \u200e                                            7.75 x 0.86 x 16.8 cm; 199 g   <br \/> Manufacturer                                            \u200f                                            :                                            \u200e                                            DOOGEE   <br \/> ASIN                                            \u200f                                            :                                            \u200e                                            B0FGX812VV   <br \/> Item model number                                            \u200f                                            :                                            \u200e                                            Note58 Pro   <br \/> Guaranteed software updates until                                            \u200f                                            :                                            \u200e                                            unknown   <br \/>  Customer reviews:                                                                                            4.0               4.0 out of 5 stars                                  (126)                                              var dpAcrHasRegisteredArcLinkClickAction;                    P.when(&#8216;A&#8217;, &#8216;ready&#8217;).execute(function(A) {                        if (dpAcrHasRegisteredArcLinkClickAction !== true) {                            dpAcrHasRegisteredArcLinkClickAction = true;                            A.declarative(                                &#8216;acrLink-click-metrics&#8217;, &#8216;click&#8217;,                                { \u00aballowLinkDefault\u00bb: true },                                function (event) {                                    if (window.ue) {                                        ue.count(\u00abacrLinkClickCount\u00bb, (ue.count(\u00abacrLinkClickCount\u00bb) || 0) + 1);                                    }                                }                            );                        }                    });                                             P.when(&#8216;A&#8217;, &#8216;cf&#8217;).execute(function(A) {                A.declarative(&#8216;acrStarsLink-click-metrics&#8217;, &#8216;click&#8217;, { \u00aballowLinkDefault\u00bb : true },  function(event){                    if(window.ue) {                        ue.count(\u00abacrStarsLinkWithPopoverClickCount\u00bb, (ue.count(\u00abacrStarsLinkWithPopoverClickCount\u00bb) || 0) + 1);                    }                });            });                          <\/p>\n<p>2025 Latest Android 16 System: The DOOGEE Note 58 Pro smartphone is equipped with the brand new Android 16 system and a powerful Octa Core chip that delivers exceptional performance. Whether you&#8217;re having fun playing big games or managing work matters efficiently, the cheap and good DOOGEE mobiles can manage them smoothly, smoothly and without lag, so you can fully enjoy an efficient and comfortable user experience.<br \/>32GB+256GB\/2TB+Octa Core: The cheap DOOGEE Note 58 Pro Android 16 smartphone has the largest RAM in the same price range and offers up to 32GB of RAM with a single click, smooth app change, and smoother gaming experience. The DOOGEE Note 58 Pro Android 16 mobile phone has up to 256GB of internal storage (expandable up to 2TB) so you can run your favorite apps and games without worrying about storage issues.<br \/>6250 mAh battery and ultra-thin design: DOOGEE Note 58 Pro Android 16 free mobile phone is equipped with a 6250mAh large battery in a compact case, increase the battery capacity density to 813 Wh\/L, longer battery life without increasing your thick smartphone weighs only 199 grams and is only 8.6 mm thick. DOOGEE Android 16 cheap mobile phone has a dual SIM card slot design and supports 2 * SIM cards or 1 * SIM card and 1 * TF card.<br \/>6.75&#8243; HD+ Screen 90Hz &#038; 16MP Rear Camera: DOOGEE Note 58 Pro Android 16 cheap mobile phone has a 90Hz refresh rate, the waterdrop screen full-screen viewing angle design expands its field of view and displays more content on the same screen size. DOOGEE Android 16 mobiles cheap and good 16MP main camera in combination with an 8MP front camera captures every wonderful moment with sensitivity and precision.<br \/>Fingerprint &#038; Face ID &#038; NFC: DOOGEE Note 58 Pro smartphone is designed for safety, comfort and entertainment. Fingerprint and face unlock provide fast, secure access, while NFC with mobile payments allows contactless payments. Smartphone navigation connects with GPS, GLONASS, Galileo and compass to provide accurate navigation anywhere. Widevine L1 supports high quality 1080P streaming.<br \/>\u300cFree Gift &#038; After-Sales Service\u300dDOOGEE Note 58 Pro Android 16 mobile phone is available in black and rose gold colors, so you can choose the one that best suits your daily style. Also, the phone comes with a free TPU protective case. Like all DOOGEE products, we offer a 24-month warranty, so you don&#8217;t have to worry about quality. If you have any questions, the friendly seller will reply you within 24 hours.<\/p>\n\n","protected":false},"excerpt":{"rendered":"<p> From the brand DOOGEE Note 58 Pro Andriod 16 DOOGEE&#8211;OFFICIAL La creencia de Doogee es<\/p>","protected":false},"featured_media":26357,"comment_status":"open","ping_status":"closed","template":"","meta":[],"product_brand":[],"product_cat":[100],"product_tag":[5824,7751,1890,7752,7753,833,1686,1891,292,1896,307,1893,698,6113,298,2537,7754,1892,1889,1275,1888,253,6118,230,163,2827,1897,1894,1895,1588],"class_list":{"0":"post-26356","1":"product","2":"type-product","3":"status-publish","4":"has-post-thumbnail","6":"product_cat-smartphones","7":"product_tag-16mp8mp","8":"product_tag-32gb256gb","9":"product_tag-5g-smartphones","10":"product_tag-6250mah","11":"product_tag-8-6mm","12":"product_tag-90hz","13":"product_tag-andriod","14":"product_tag-android-phones","15":"product_tag-battery","16":"product_tag-best-smartphones","17":"product_tag-black","18":"product_tag-budget-smartphones","19":"product_tag-core","20":"product_tag-doogee","21":"product_tag-dual","22":"product_tag-free","23":"product_tag-gpsnfcfingerprint","24":"product_tag-iphone-smartphones","25":"product_tag-latest-smartphones","26":"product_tag-mobile","27":"product_tag-mobile-phones","28":"product_tag-note","29":"product_tag-octa","30":"product_tag-phone","31":"product_tag-pro","32":"product_tag-sim","33":"product_tag-smartphone","34":"product_tag-smartphone-deals","35":"product_tag-smartphone-price","36":"product_tag-smartphones","38":"first","39":"instock","40":"sale","41":"shipping-taxable","42":"product-type-external"},"_links":{"self":[{"href":"https:\/\/comprasyconsejos.store\/en\/wp-json\/wp\/v2\/product\/26356","targetHints":{"allow":["GET"]}}],"collection":[{"href":"https:\/\/comprasyconsejos.store\/en\/wp-json\/wp\/v2\/product"}],"about":[{"href":"https:\/\/comprasyconsejos.store\/en\/wp-json\/wp\/v2\/types\/product"}],"replies":[{"embeddable":true,"href":"https:\/\/comprasyconsejos.store\/en\/wp-json\/wp\/v2\/comments?post=26356"}],"version-history":[{"count":0,"href":"https:\/\/comprasyconsejos.store\/en\/wp-json\/wp\/v2\/product\/26356\/revisions"}],"wp:featuredmedia":[{"embeddable":true,"href":"https:\/\/comprasyconsejos.store\/en\/wp-json\/wp\/v2\/media\/26357"}],"wp:attachment":[{"href":"https:\/\/comprasyconsejos.store\/en\/wp-json\/wp\/v2\/media?parent=26356"}],"wp:term":[{"taxonomy":"product_brand","embeddable":true,"href":"https:\/\/comprasyconsejos.store\/en\/wp-json\/wp\/v2\/product_brand?post=26356"},{"taxonomy":"product_cat","embeddable":true,"href":"https:\/\/comprasyconsejos.store\/en\/wp-json\/wp\/v2\/product_cat?post=26356"},{"taxonomy":"product_tag","embeddable":true,"href":"https:\/\/comprasyconsejos.store\/en\/wp-json\/wp\/v2\/product_tag?post=26356"}],"curies":[{"name":"wp","href":"https:\/\/api.w.org\/{rel}","templated":true}]}}