{"id":26389,"date":"2026-02-20T03:37:38","date_gmt":"2026-02-20T03:37:38","guid":{"rendered":"https:\/\/comprasyconsejos.store\/product\/msi-gaming-rtx-5070-ti-16g-ventus-3x-pz-oc-tarjeta-grafica-16-gb-gddr7-256-bits-rendimiento-extremo-2482-mhz-displayport-x-3-2-1a-hdmi-2-1b-arquitectura-nvidia-blackwell\/"},"modified":"2026-02-20T03:37:40","modified_gmt":"2026-02-20T03:37:40","slug":"msi-gaming-rtx-5070-ti-16g-ventus-3x-pz-oc-tarjeta-grafica-16-gb-gddr7-256-bits-rendimiento-extremo-2482-mhz-displayport-x-3-2-1a-hdmi-2-1b-arquitectura-nvidia-blackwell","status":"publish","type":"product","link":"https:\/\/comprasyconsejos.store\/en\/product\/msi-gaming-rtx-5070-ti-16g-ventus-3x-pz-oc-tarjeta-grafica-16-gb-gddr7-256-bits-rendimiento-extremo-2482-mhz-displayport-x-3-2-1a-hdmi-2-1b-arquitectura-nvidia-blackwell\/","title":{"rendered":"MSI Gaming RTX 5070 Ti 16G Ventus 3X PZ OC Tarjeta gr\u00e1fica (16 GB GDDR7, 256 bits, Rendimiento Extremo: 2482 MHz, DisplayPort x 3 2.1a, HDMI 2.1b, Arquitectura NVIDIA Blackwell)"},"content":{"rendered":"<p>Price: <span style=\"color:#b12704\">\u20ac979.00<\/span><br \/><i><small>(as of Feb 20, 2026 03:37:38 UTC &#8211; <span class=\"wp_automatic_amazon_disclaimer\" title=\"Product prices and availability are accurate as of the date\/time indicated and are subject to change. Any price and availability information displayed on [relevant Amazon Site(s), as applicable] at the time of purchase will apply to the purchase of this product.\">Details<\/span>)<\/small><\/i><\/p>\n<p><a href=\"https:\/\/amazon.es\/dp\/B0FST71VP9?tag=man008-21\"><img decoding=\"async\" src=\"https:\/\/valvepress.s3.amazonaws.com\/imgs\/buy_now.png\"><\/a><br \/>\n<br \/>\n    <span>VENTUS se centra en lo esencial para hacer frente a cualquier desaf\u00edo. Su eficiente soluci\u00f3n t\u00e9rmica est\u00e1 envuelta en una carcasa resistente con una est\u00e9tica neutra, lo que permite que esta elegante tarjeta gr\u00e1fica se integre perfectamente en cualquier construcci\u00f3n.<\/span>    <br \/> Package Dimensions                                            \u200f                                            :                                            \u200e                                            38.5 x 23.6 x 9.2 cm; 1.64 kg   <br \/> Manufacturer                                            \u200f                                            :                                            \u200e                                            MSI   <br \/> ASIN                                            \u200f                                            :                                            \u200e                                            B0FST71VP9   <br \/> Guaranteed software updates until                                            \u200f                                            :                                            \u200e                                            unknown   <br \/>  Customer reviews:                                                                                            4.7               4.7 out of 5 stars                                  (27)                                              var dpAcrHasRegisteredArcLinkClickAction;                    P.when(&#8216;A&#8217;, &#8216;ready&#8217;).execute(function(A) {                        if (dpAcrHasRegisteredArcLinkClickAction !== true) {                            dpAcrHasRegisteredArcLinkClickAction = true;                            A.declarative(                                &#8216;acrLink-click-metrics&#8217;, &#8216;click&#8217;,                                { \u00aballowLinkDefault\u00bb: true },                                function (event) {                                    if (window.ue) {                                        ue.count(\u00abacrLinkClickCount\u00bb, (ue.count(\u00abacrLinkClickCount\u00bb) || 0) + 1);                                    }                                }                            );                        }                    });                                             P.when(&#8216;A&#8217;, &#8216;cf&#8217;).execute(function(A) {                A.declarative(&#8216;acrStarsLink-click-metrics&#8217;, &#8216;click&#8217;, { \u00aballowLinkDefault\u00bb : true },  function(event){                    if(window.ue) {                        ue.count(\u00abacrStarsLinkWithPopoverClickCount\u00bb, (ue.count(\u00abacrStarsLinkWithPopoverClickCount\u00bb) || 0) + 1);                    }                });            });                          <\/p>\n<p>Alimentado por la arquitectura NVIDIA Blackwell y DLSS 4<br \/>Tarjeta GeForce para entusiastas de SFF<br \/>Ventilador TORX 5.0: las aspas del ventilador unidas por arcos de anillo funcionan para estabilizar y mantener el flujo de aire de alta presi\u00f3n<br \/>Placa base de cobre niquelado: el calor de la GPU y la memoria se captura r\u00e1pidamente por una placa base de cobre niquelado y se transfiere<br \/>Core Pipe cuenta con un dise\u00f1o cuadrado para maximizar el contacto con la placa base de la GPU para una gesti\u00f3n t\u00e9rmica \u00f3ptima<\/p>\n\n","protected":false},"excerpt":{"rendered":"<p> VENTUS se centra en lo esencial para hacer frente a cualquier desaf\u00edo. Su eficiente soluci\u00f3n<\/p>","protected":false},"featured_media":26390,"comment_status":"open","ping_status":"closed","template":"","meta":[],"product_brand":[],"product_cat":[75],"product_tag":[1285,2587,2987,1432,1427,7768,1433,5785,2988,1099,7767,617,1428,2985,599,5784,1425,544,2223,1262,821,1426,7254,621,1429,1430,1431,5783,2583],"class_list":{"0":"post-26389","1":"product","2":"type-product","3":"status-publish","4":"has-post-thumbnail","6":"product_cat-graphics-cards","7":"product_tag-16g","8":"product_tag-2-1a","9":"product_tag-2-1b","10":"product_tag-8gb-graphics-card","11":"product_tag-amd-radeon-gpu","12":"product_tag-arquitectura","13":"product_tag-best-gpu","14":"product_tag-bits","15":"product_tag-blackwell","16":"product_tag-displayport","17":"product_tag-extremo","18":"product_tag-gaming","19":"product_tag-gaming-graphics-card","20":"product_tag-gddr7","21":"product_tag-gpu","22":"product_tag-grafica","23":"product_tag-graphics-card","24":"product_tag-hdmi","25":"product_tag-mhz","26":"product_tag-msi","27":"product_tag-nvidia","28":"product_tag-nvidia-rtx-graphics-card","29":"product_tag-rendimiento","30":"product_tag-rtx","31":"product_tag-rtx-4060","32":"product_tag-rtx-4070","33":"product_tag-rtx-4080","34":"product_tag-tarjeta","35":"product_tag-ventus","37":"first","38":"instock","39":"shipping-taxable","40":"product-type-external"},"_links":{"self":[{"href":"https:\/\/comprasyconsejos.store\/en\/wp-json\/wp\/v2\/product\/26389","targetHints":{"allow":["GET"]}}],"collection":[{"href":"https:\/\/comprasyconsejos.store\/en\/wp-json\/wp\/v2\/product"}],"about":[{"href":"https:\/\/comprasyconsejos.store\/en\/wp-json\/wp\/v2\/types\/product"}],"replies":[{"embeddable":true,"href":"https:\/\/comprasyconsejos.store\/en\/wp-json\/wp\/v2\/comments?post=26389"}],"version-history":[{"count":0,"href":"https:\/\/comprasyconsejos.store\/en\/wp-json\/wp\/v2\/product\/26389\/revisions"}],"wp:featuredmedia":[{"embeddable":true,"href":"https:\/\/comprasyconsejos.store\/en\/wp-json\/wp\/v2\/media\/26390"}],"wp:attachment":[{"href":"https:\/\/comprasyconsejos.store\/en\/wp-json\/wp\/v2\/media?parent=26389"}],"wp:term":[{"taxonomy":"product_brand","embeddable":true,"href":"https:\/\/comprasyconsejos.store\/en\/wp-json\/wp\/v2\/product_brand?post=26389"},{"taxonomy":"product_cat","embeddable":true,"href":"https:\/\/comprasyconsejos.store\/en\/wp-json\/wp\/v2\/product_cat?post=26389"},{"taxonomy":"product_tag","embeddable":true,"href":"https:\/\/comprasyconsejos.store\/en\/wp-json\/wp\/v2\/product_tag?post=26389"}],"curies":[{"name":"wp","href":"https:\/\/api.w.org\/{rel}","templated":true}]}}