{"id":26405,"date":"2026-02-20T03:55:59","date_gmt":"2026-02-20T03:55:59","guid":{"rendered":"https:\/\/comprasyconsejos.store\/product\/sd-card-reader-for-iphone-iphone-lightning-memory-card-reader-sd-tf-card-adapter-for-iphone-14-13-12-11-ipad-camera\/"},"modified":"2026-02-20T03:56:06","modified_gmt":"2026-02-20T03:56:06","slug":"sd-card-reader-for-iphone-iphone-lightning-memory-card-reader-sd-tf-card-adapter-for-iphone-14-13-12-11-ipad-camera","status":"publish","type":"product","link":"https:\/\/comprasyconsejos.store\/en\/product\/sd-card-reader-for-iphone-iphone-lightning-memory-card-reader-sd-tf-card-adapter-for-iphone-14-13-12-11-ipad-camera\/","title":{"rendered":"SD Card Reader for iPhone, iPhone Lightning Memory Card Reader, SD\/TF Card Adapter for iPhone 14\/13\/12\/11\/iPad\/Camera"},"content":{"rendered":"<p>Price: <span style=\"color:#b12704\">\u20ac5.99<\/span><br \/><i><small>(as of Feb 20, 2026 03:55:59 UTC &#8211; <span class=\"wp_automatic_amazon_disclaimer\" title=\"Product prices and availability are accurate as of the date\/time indicated and are subject to change. Any price and availability information displayed on [relevant Amazon Site(s), as applicable] at the time of purchase will apply to the purchase of this product.\">Details<\/span>)<\/small><\/i><\/p>\n<p><a href=\"https:\/\/amazon.es\/dp\/B0DHC64GN7?tag=man008-21\"><img decoding=\"async\" src=\"https:\/\/valvepress.s3.amazonaws.com\/imgs\/buy_now.png\"><\/a><br \/>\n<\/p>\n<p>                                             Product Description   <\/p>\n<p>                                                                             <img decoding=\"async\" alt=\"Adaptador lector de tarjetas SD blanco conectado a un smartphone. El dispositivo permite la transferencia directa de fotos y videos desde tarjetas SD al tel\u00e9fono. Compatible con varios modelos de tel\u00e9fonos.\" src=\"https:\/\/images-na.ssl-images-amazon.com\/images\/G\/01\/x-locale\/common\/grey-pixel.gif\" class=\"a-spacing-base a-lazy-loaded\" data-src=\"https:\/\/m.media-amazon.com\/images\/S\/aplus-media-library-service-media\/73f509bb-9a92-4ca8-a899-a7a843ef43d9.__CR0,0,970,600_PT0_SX970_V1___.jpg\"><img decoding=\"async\" alt=\"Adaptador lector de tarjetas SD blanco conectado a un smartphone. El dispositivo permite la transferencia directa de fotos y videos desde tarjetas SD al tel\u00e9fono. Compatible con varios modelos de tel\u00e9fonos.\" src=\"https:\/\/m.media-amazon.com\/images\/S\/aplus-media-library-service-media\/73f509bb-9a92-4ca8-a899-a7a843ef43d9.__CR0,0,970,600_PT0_SX970_V1___.jpg\">                                                                    <\/p>\n<p>                                                                             <img decoding=\"async\" alt=\"2 en 1 con doble ranura para tarjetas que conecta un tel\u00e9fono inteligente a una c\u00e1mara r\u00e9flex digital. Dispositivo plug-and-play para transferir\" src=\"https:\/\/images-na.ssl-images-amazon.com\/images\/G\/01\/x-locale\/common\/grey-pixel.gif\" class=\"a-spacing-base a-lazy-loaded\" data-src=\"https:\/\/m.media-amazon.com\/images\/S\/aplus-media-library-service-media\/f8e29728-ec64-467a-8743-8c66938ef0ea.__CR0,0,970,600_PT0_SX970_V1___.jpg\"><img decoding=\"async\" alt=\"2 en 1 con doble ranura para tarjetas que conecta un tel\u00e9fono inteligente a una c\u00e1mara r\u00e9flex digital. Dispositivo plug-and-play para transferir\" src=\"https:\/\/m.media-amazon.com\/images\/S\/aplus-media-library-service-media\/f8e29728-ec64-467a-8743-8c66938ef0ea.__CR0,0,970,600_PT0_SX970_V1___.jpg\">                                                                    <\/p>\n<p>                                                                             <img decoding=\"async\" alt=\"para la tarjeta de memoria Sony\" src=\"https:\/\/images-na.ssl-images-amazon.com\/images\/G\/01\/x-locale\/common\/grey-pixel.gif\" class=\"a-spacing-base a-lazy-loaded\" data-src=\"https:\/\/m.media-amazon.com\/images\/S\/aplus-media-library-service-media\/5b8f10cd-ec3a-41d2-b9d4-8c06d6e3f893.__CR0,0,970,600_PT0_SX970_V1___.jpg\"><img decoding=\"async\" alt=\"para la tarjeta de memoria Sony\" src=\"https:\/\/m.media-amazon.com\/images\/S\/aplus-media-library-service-media\/5b8f10cd-ec3a-41d2-b9d4-8c06d6e3f893.__CR0,0,970,600_PT0_SX970_V1___.jpg\">                                                                    <\/p>\n<p>                                                                             <img decoding=\"async\" alt=\"Hub USB multipuerto con ranuras para lectores de tarjetas para varios tipos de tarjetas de memoria, incluidas SD y micro SD. Conectado a un smartphone o tableta\" src=\"https:\/\/images-na.ssl-images-amazon.com\/images\/G\/01\/x-locale\/common\/grey-pixel.gif\" class=\"a-spacing-base a-lazy-loaded\" data-src=\"https:\/\/m.media-amazon.com\/images\/S\/aplus-media-library-service-media\/b60226b3-f069-4226-952b-16abc3b727f4.__CR0,0,970,600_PT0_SX970_V1___.jpg\"><img decoding=\"async\" alt=\"Hub USB multipuerto con ranuras para lectores de tarjetas para varios tipos de tarjetas de memoria, incluidas SD y micro SD. Conectado a un smartphone o tableta\" src=\"https:\/\/m.media-amazon.com\/images\/S\/aplus-media-library-service-media\/b60226b3-f069-4226-952b-16abc3b727f4.__CR0,0,970,600_PT0_SX970_V1___.jpg\">                                                                    <\/p>\n<p>                                                                             <img decoding=\"async\" alt=\"usb c sd card reader\" src=\"https:\/\/images-na.ssl-images-amazon.com\/images\/G\/01\/x-locale\/common\/grey-pixel.gif\" class=\"a-spacing-base a-lazy-loaded\" data-src=\"https:\/\/m.media-amazon.com\/images\/S\/aplus-media-library-service-media\/9d286f3f-4990-464b-9a08-aa7ff2dffc6d.__CR0,0,970,600_PT0_SX970_V1___.jpg\"><img decoding=\"async\" alt=\"usb c sd card reader\" src=\"https:\/\/m.media-amazon.com\/images\/S\/aplus-media-library-service-media\/9d286f3f-4990-464b-9a08-aa7ff2dffc6d.__CR0,0,970,600_PT0_SX970_V1___.jpg\">                                                                    <\/p>\n<p> Package Dimensions                                            \u200f                                            :                                            \u200e                                            8.9 x 7.1 x 1.7 cm; 20 g   <br \/> Manufacturer                                            \u200f                                            :                                            \u200e                                            Aplimln   <br \/> ASIN                                            \u200f                                            :                                            \u200e                                            B0DHC64GN7   <br \/> Item model number                                            \u200f                                            :                                            \u200e                                            003   <br \/> Country\/Region of Origin                                            \u200f                                            :                                            \u200e                                            China   <br \/> Guaranteed software updates until                                            \u200f                                            :                                            \u200e                                            unknown   <br \/>  Customer reviews:                                                                                            4.2               4.2 out of 5 stars                                  (555)                                              var dpAcrHasRegisteredArcLinkClickAction;                    P.when(&#8216;A&#8217;, &#8216;ready&#8217;).execute(function(A) {                        if (dpAcrHasRegisteredArcLinkClickAction !== true) {                            dpAcrHasRegisteredArcLinkClickAction = true;                            A.declarative(                                &#8216;acrLink-click-metrics&#8217;, &#8216;click&#8217;,                                { \u00aballowLinkDefault\u00bb: true },                                function (event) {                                    if (window.ue) {                                        ue.count(\u00abacrLinkClickCount\u00bb, (ue.count(\u00abacrLinkClickCount\u00bb) || 0) + 1);                                    }                                }                            );                        }                    });                                             P.when(&#8216;A&#8217;, &#8216;cf&#8217;).execute(function(A) {                A.declarative(&#8216;acrStarsLink-click-metrics&#8217;, &#8216;click&#8217;, { \u00aballowLinkDefault\u00bb : true },  function(event){                    if(window.ue) {                        ue.count(\u00abacrStarsLinkWithPopoverClickCount\u00bb, (ue.count(\u00abacrStarsLinkWithPopoverClickCount\u00bb) || 0) + 1);                    }                });            });                          <\/p>\n<p>Two-way transmission: For iOS 13 and above systems, this SD card reader for phone supports two-way transmission. Plug and Play. The SD card reader does not require third-party apps, uses the built-in iOS file app and supports video playback<br \/>Wide Compatibility: The card reader is designed specifically for iOS, you can transfer and download photos, videos and files easily and quickly. Support a variety of SD cards for digital cameras, action cameras, drones, etc.(For iOS system, only support Phone version 9.2 or later, iPad version 8.0 or later, such as: Phone 14 13 12 11 Pro\/Pro Max, iPad Pro, etc.)<br \/>Charge Your Phone and Tablet: Micro SD Phone Adapter adds a charging port, charging and reading cards can be used at the same time. If you use an SD card reader to transfer photos and videos, you never have to worry about your phone or pad running out of charge<br \/>High Data Transfer Speed: The phone sd card reader transfers photos or videos from your camera or memory card to your phone or pad at a speed of 20MB\/s ~ 30MB\/s. High transfer speed ensures high-speed synchronization for raw photos, 4K videos and more<br \/>\u3010Transfer Original Files\u3011The sd card reader for phone is compatible with SD, SDHC, SDXC, MicroSD, MicroSDXC and MicroSDHC memory cards. This SD card supports standard photo formats, including JPEG, RAW, and 4K video formats, including H.264 and MPEG-4. As for SD card capacity, it supports up to 512GB<\/p>\n\n","protected":false},"excerpt":{"rendered":"<p> Product Description Package Dimensions \u200f : \u200e 8.9 x 7.1 x 1.7 cm; 20 g<\/p>","protected":false},"featured_media":26406,"comment_status":"open","ping_status":"closed","template":"","meta":[],"product_brand":[],"product_cat":[47],"product_tag":[7776,144,1420,1399,1411,147,1413,181,511,1407,1409,1415,1416,1417,1421,1405,3460,1403],"class_list":{"0":"post-26405","1":"product","2":"type-product","3":"status-publish","4":"has-post-thumbnail","6":"product_cat-card-readers","7":"product_tag-14131211ipadcamera","8":"product_tag-adapter","9":"product_tag-card","10":"product_tag-card-reader","11":"product_tag-fast-card-reader","12":"product_tag-iphone","13":"product_tag-laptop-card-reader","14":"product_tag-lightning","15":"product_tag-memory","16":"product_tag-memory-card-reader","17":"product_tag-micro-sd-card-reader","18":"product_tag-multi-card-reader","19":"product_tag-otg-card-reader","20":"product_tag-portable-card-reader","21":"product_tag-reader","22":"product_tag-sd-card-reader","23":"product_tag-sdtf","24":"product_tag-usb-card-reader","26":"first","27":"instock","28":"shipping-taxable","29":"product-type-external"},"_links":{"self":[{"href":"https:\/\/comprasyconsejos.store\/en\/wp-json\/wp\/v2\/product\/26405","targetHints":{"allow":["GET"]}}],"collection":[{"href":"https:\/\/comprasyconsejos.store\/en\/wp-json\/wp\/v2\/product"}],"about":[{"href":"https:\/\/comprasyconsejos.store\/en\/wp-json\/wp\/v2\/types\/product"}],"replies":[{"embeddable":true,"href":"https:\/\/comprasyconsejos.store\/en\/wp-json\/wp\/v2\/comments?post=26405"}],"version-history":[{"count":0,"href":"https:\/\/comprasyconsejos.store\/en\/wp-json\/wp\/v2\/product\/26405\/revisions"}],"wp:featuredmedia":[{"embeddable":true,"href":"https:\/\/comprasyconsejos.store\/en\/wp-json\/wp\/v2\/media\/26406"}],"wp:attachment":[{"href":"https:\/\/comprasyconsejos.store\/en\/wp-json\/wp\/v2\/media?parent=26405"}],"wp:term":[{"taxonomy":"product_brand","embeddable":true,"href":"https:\/\/comprasyconsejos.store\/en\/wp-json\/wp\/v2\/product_brand?post=26405"},{"taxonomy":"product_cat","embeddable":true,"href":"https:\/\/comprasyconsejos.store\/en\/wp-json\/wp\/v2\/product_cat?post=26405"},{"taxonomy":"product_tag","embeddable":true,"href":"https:\/\/comprasyconsejos.store\/en\/wp-json\/wp\/v2\/product_tag?post=26405"}],"curies":[{"name":"wp","href":"https:\/\/api.w.org\/{rel}","templated":true}]}}