{"id":26424,"date":"2026-02-20T04:13:10","date_gmt":"2026-02-20T04:13:10","guid":{"rendered":"https:\/\/comprasyconsejos.store\/product\/hp-z3700-wireless-mouse-1200-dpi-3-buttons-and-scroll-wheel-16-months-battery-led-technology-usb-and-windows-vista-7-8-10-available-black\/"},"modified":"2026-02-20T04:13:19","modified_gmt":"2026-02-20T04:13:19","slug":"hp-z3700-wireless-mouse-1200-dpi-3-buttons-and-scroll-wheel-16-months-battery-led-technology-usb-and-windows-vista-7-8-10-available-black","status":"publish","type":"product","link":"https:\/\/comprasyconsejos.store\/en\/product\/hp-z3700-wireless-mouse-1200-dpi-3-buttons-and-scroll-wheel-16-months-battery-led-technology-usb-and-windows-vista-7-8-10-available-black\/","title":{"rendered":"HP Z3700 \u2013 Wireless Mouse (1200 DPI, 3 Buttons and Scroll Wheel, 16 Months Battery, LED Technology, USB and Windows Vista\/7\/8\/10 Available), Black"},"content":{"rendered":"<p>Price: <span style=\"color:#b12704\"><del>\u20ac19.99<\/del> - \u20ac12.95<\/span><br \/><i><small>(as of Feb 20, 2026 04:13:10 UTC &#8211; <span class=\"wp_automatic_amazon_disclaimer\" title=\"Product prices and availability are accurate as of the date\/time indicated and are subject to change. Any price and availability information displayed on [relevant Amazon Site(s), as applicable] at the time of purchase will apply to the purchase of this product.\">Details<\/span>)<\/small><\/i><\/p>\n<p><a href=\"https:\/\/amazon.es\/dp\/B01FNRWFO8?tag=man008-21\"><img decoding=\"async\" src=\"https:\/\/valvepress.s3.amazonaws.com\/imgs\/buy_now.png\"><\/a><br \/>\n<\/p>\n<p>                                             From the brand   <\/p>\n<p>                                              <img decoding=\"async\" alt=\"Crear configuraci\u00f3n ganadora de Ypur\" src=\"https:\/\/images-na.ssl-images-amazon.com\/images\/G\/01\/x-locale\/common\/grey-pixel.gif\" class=\"a-lazy-loaded\" data-src=\"https:\/\/m.media-amazon.com\/images\/S\/aplus-media-library-service-media\/104075e2-b9c8-4a82-923f-b4a025feed2b.__CR0,0,2928,1250_PT0_SX1464_V1___.jpg\"><img decoding=\"async\" alt=\"Crear configuraci\u00f3n ganadora de Ypur\" src=\"https:\/\/m.media-amazon.com\/images\/S\/aplus-media-library-service-media\/104075e2-b9c8-4a82-923f-b4a025feed2b.__CR0,0,2928,1250_PT0_SX1464_V1___.jpg\">  <\/p>\n<h3> Descubre m\u00e1s <\/h3>\n<p class=\"apm-brand-story-stores-link\">\n<h3> Descubre m\u00e1s <\/h3>\n<p class=\"apm-brand-story-stores-link\">\n<h3> Descubre m\u00e1s <\/h3>\n<p class=\"apm-brand-story-stores-link\">\n<h3> Descubre m\u00e1s <\/h3>\n<p class=\"apm-brand-story-stores-link\">\n<h3>  Descubre m\u00e1s <\/h3>\n<p class=\"apm-brand-story-stores-link\">\n<p> Batteries                                            \u200f                                            :                                            \u200e                                            1 Lithium Polymer batteries required. (included)   <br \/> Is discontinued by manufacturer                                            \u200f                                            :                                            \u200e                                            No   <br \/> Product Dimensions                                            \u200f                                            :                                            \u200e                                            10.11 x 16.83 x 0.25 cm; 50 g   <br \/> Manufacturer                                            \u200f                                            :                                            \u200e                                            HP   <br \/> ASIN                                            \u200f                                            :                                            \u200e                                            B01FNRWFO8   <br \/> Item model number                                            \u200f                                            :                                            \u200e                                            Z3700   <br \/> Country of origin                                            \u200f                                            :                                            \u200e                                            China   <br \/> Guaranteed software updates until                                            \u200f                                            :                                            \u200e                                            13 April 2030   <br \/>  Customer reviews:                                                                                            4.4               4.4 out of 5 stars                                  (42,630)                                              var dpAcrHasRegisteredArcLinkClickAction;                    P.when(&#8216;A&#8217;, &#8216;ready&#8217;).execute(function(A) {                        if (dpAcrHasRegisteredArcLinkClickAction !== true) {                            dpAcrHasRegisteredArcLinkClickAction = true;                            A.declarative(                                &#8216;acrLink-click-metrics&#8217;, &#8216;click&#8217;,                                { \u00aballowLinkDefault\u00bb: true },                                function (event) {                                    if (window.ue) {                                        ue.count(\u00abacrLinkClickCount\u00bb, (ue.count(\u00abacrLinkClickCount\u00bb) || 0) + 1);                                    }                                }                            );                        }                    });                                             P.when(&#8216;A&#8217;, &#8216;cf&#8217;).execute(function(A) {                A.declarative(&#8216;acrStarsLink-click-metrics&#8217;, &#8216;click&#8217;, { \u00aballowLinkDefault\u00bb : true },  function(event){                    if(window.ue) {                        ue.count(\u00abacrStarsLinkWithPopoverClickCount\u00bb, (ue.count(\u00abacrStarsLinkWithPopoverClickCount\u00bb) || 0) + 1);                    }                });            });                          <\/p>\n<p>Wireless mouse with elegant, functional and ambidextrous style that fits anywhere, designed for your comfort all day thanks to its practical travel size and long battery life<br \/>Blue LED technology and 1200 dpi sensor deliver speed and accuracy on a wide range of surfaces<br \/>Expand your productivity and work without limitations thanks to its reliable 2.4GHz wireless connection, up to 10 meters (30 feet)<br \/>Battery life up to 16 months with a single AA battery, depending on usage<br \/>Compatible operating systems: Compatible with all laptop and desktop platforms with USB port and Windows Vista\/7\/8\/10 available<br \/>Minimum dimensions 101 x 60 x 25.3 mm and weight: 0.05 kg<br \/>Full Coverage: Rest easy with the standard two-year limited warranty of HP<\/p>\n\n","protected":false},"excerpt":{"rendered":"<p> From the brand Descubre m\u00e1s Descubre m\u00e1s Descubre m\u00e1s Descubre m\u00e1s Descubre m\u00e1s Batteries \u200f<\/p>","protected":false},"featured_media":26425,"comment_status":"open","ping_status":"closed","template":"","meta":[],"product_brand":[],"product_cat":[50],"product_tag":[292,765,307,759,771,756,775,761,758,428,2150,767,763,760,3226,764,385,133,762,7778,3227,537,226,757,7777],"class_list":{"0":"post-26424","1":"product","2":"type-product","3":"status-publish","4":"has-post-thumbnail","6":"product_cat-mouse","7":"product_tag-battery","8":"product_tag-best-gaming-mouse","9":"product_tag-black","10":"product_tag-bluetooth-mouse","11":"product_tag-buttons","12":"product_tag-computer-mouse","13":"product_tag-dpi","14":"product_tag-ergonomic-mouse","15":"product_tag-gaming-mouse","16":"product_tag-led","17":"product_tag-months","18":"product_tag-mouse","19":"product_tag-rechargeable-mouse","20":"product_tag-rgb-mouse","21":"product_tag-scroll","22":"product_tag-silent-mouse","23":"product_tag-technology","24":"product_tag-usb","25":"product_tag-usb-mouse","26":"product_tag-vista7810","27":"product_tag-wheel","28":"product_tag-windows","29":"product_tag-wireless","30":"product_tag-wireless-mouse","31":"product_tag-z3700","33":"first","34":"instock","35":"sale","36":"shipping-taxable","37":"product-type-external"},"_links":{"self":[{"href":"https:\/\/comprasyconsejos.store\/en\/wp-json\/wp\/v2\/product\/26424","targetHints":{"allow":["GET"]}}],"collection":[{"href":"https:\/\/comprasyconsejos.store\/en\/wp-json\/wp\/v2\/product"}],"about":[{"href":"https:\/\/comprasyconsejos.store\/en\/wp-json\/wp\/v2\/types\/product"}],"replies":[{"embeddable":true,"href":"https:\/\/comprasyconsejos.store\/en\/wp-json\/wp\/v2\/comments?post=26424"}],"version-history":[{"count":0,"href":"https:\/\/comprasyconsejos.store\/en\/wp-json\/wp\/v2\/product\/26424\/revisions"}],"wp:featuredmedia":[{"embeddable":true,"href":"https:\/\/comprasyconsejos.store\/en\/wp-json\/wp\/v2\/media\/26425"}],"wp:attachment":[{"href":"https:\/\/comprasyconsejos.store\/en\/wp-json\/wp\/v2\/media?parent=26424"}],"wp:term":[{"taxonomy":"product_brand","embeddable":true,"href":"https:\/\/comprasyconsejos.store\/en\/wp-json\/wp\/v2\/product_brand?post=26424"},{"taxonomy":"product_cat","embeddable":true,"href":"https:\/\/comprasyconsejos.store\/en\/wp-json\/wp\/v2\/product_cat?post=26424"},{"taxonomy":"product_tag","embeddable":true,"href":"https:\/\/comprasyconsejos.store\/en\/wp-json\/wp\/v2\/product_tag?post=26424"}],"curies":[{"name":"wp","href":"https:\/\/api.w.org\/{rel}","templated":true}]}}