{"id":26491,"date":"2026-02-20T04:58:54","date_gmt":"2026-02-20T04:58:54","guid":{"rendered":"https:\/\/comprasyconsejos.store\/product\/wavlink-laptop-docking-station-triple-display-single-8k30hz-4k144hz-usb-c-dock-125w-pd3-1-pass-through-2hdmi-dp-ethernet-sd-tf-for-windows\/"},"modified":"2026-02-20T04:58:58","modified_gmt":"2026-02-20T04:58:58","slug":"wavlink-laptop-docking-station-triple-display-single-8k30hz-4k144hz-usb-c-dock-125w-pd3-1-pass-through-2hdmi-dp-ethernet-sd-tf-for-windows","status":"publish","type":"product","link":"https:\/\/comprasyconsejos.store\/en\/product\/wavlink-laptop-docking-station-triple-display-single-8k30hz-4k144hz-usb-c-dock-125w-pd3-1-pass-through-2hdmi-dp-ethernet-sd-tf-for-windows\/","title":{"rendered":"WAVLINK Laptop Docking Station Triple Display (Single 8K@30Hz\/4K@144Hz), USB C Dock 125W PD3.1 Pass-Through, 2*HDMI, DP, Ethernet, SD\/TF, for Windows"},"content":{"rendered":"<p>Price: <span style=\"color:#b12704\"><del>\u20ac145.99<\/del> - \u20ac129.99<\/span><br \/><i><small>(as of Feb 20, 2026 04:58:54 UTC &#8211; <span class=\"wp_automatic_amazon_disclaimer\" title=\"Product prices and availability are accurate as of the date\/time indicated and are subject to change. Any price and availability information displayed on [relevant Amazon Site(s), as applicable] at the time of purchase will apply to the purchase of this product.\">Details<\/span>)<\/small><\/i><\/p>\n<p><a href=\"https:\/\/amazon.es\/dp\/B0DRHVQH3Q?tag=man008-21\"><img decoding=\"async\" src=\"https:\/\/valvepress.s3.amazonaws.com\/imgs\/buy_now.png\"><\/a><br \/>\n<\/p>\n<p>                                             From the brand   <\/p>\n<p>                                              <img decoding=\"async\" alt=\"El texto dice \u00abWAVLINK\u00bb y \u00abTraiga la tecnolog\u00eda y la comodidad a su vida\u00bb. Banner azul con tem\u00e1tica tecnol\u00f3gica que muestra un mapa mundial con conexiones de red, con el texto \u00abM\u00e1s de 900 productos y m\u00e1s de 60 000 usuarios\u00bb.\" src=\"https:\/\/images-na.ssl-images-amazon.com\/images\/G\/01\/x-locale\/common\/grey-pixel.gif\" class=\"a-lazy-loaded\" data-src=\"https:\/\/m.media-amazon.com\/images\/S\/aplus-media-library-service-media\/dcefe82e-9a7b-4221-8917-5ffe1af450ff.__CR0,0,1464,625_PT0_SX1464_V1___.jpg\"><img decoding=\"async\" alt=\"El texto dice \u00abWAVLINK\u00bb y \u00abTraiga la tecnolog\u00eda y la comodidad a su vida\u00bb. Banner azul con tem\u00e1tica tecnol\u00f3gica que muestra un mapa mundial con conexiones de red, con el texto \u00abM\u00e1s de 900 productos y m\u00e1s de 60 000 usuarios\u00bb.\" src=\"https:\/\/m.media-amazon.com\/images\/S\/aplus-media-library-service-media\/dcefe82e-9a7b-4221-8917-5ffe1af450ff.__CR0,0,1464,625_PT0_SX1464_V1___.jpg\">  <\/p>\n<p>                                              <img decoding=\"async\" alt=\"para la marca Wavlink que muestra 14 a\u00f1os de historia, m\u00e1s de 1000 equipos de I+D, m\u00e1s de 8 millones de usuarios en todo el mundo, n\u00famero de tel\u00e9fono de contacto\" src=\"https:\/\/images-na.ssl-images-amazon.com\/images\/G\/01\/x-locale\/common\/grey-pixel.gif\" class=\"a-lazy-loaded\" data-src=\"https:\/\/m.media-amazon.com\/images\/S\/aplus-media-library-service-media\/dcd773d6-45c2-46b4-ae8d-14f8f67e8c60.__CR0,0,362,453_PT0_SX362_V1___.jpg\"><img decoding=\"async\" alt=\"para la marca Wavlink que muestra 14 a\u00f1os de historia, m\u00e1s de 1000 equipos de I+D, m\u00e1s de 8 millones de usuarios en todo el mundo, n\u00famero de tel\u00e9fono de contacto\" src=\"https:\/\/m.media-amazon.com\/images\/S\/aplus-media-library-service-media\/dcd773d6-45c2-46b4-ae8d-14f8f67e8c60.__CR0,0,362,453_PT0_SX362_V1___.jpg\">  <\/p>\n<h3> WAVLINK 2025 New Product <\/h3>\n<h3> WAVLINK 2025 New Product <\/h3>\n<h3> WAVLINK 2025 New Product <\/h3>\n<p> Package Dimensions                                            \u200f                                            :                                            \u200e                                            22.4 x 16.7 x 12.9 cm; 1.43 kg   <br \/> Manufacturer                                            \u200f                                            :                                            \u200e                                            WAVLINK   <br \/> ASIN                                            \u200f                                            :                                            \u200e                                            B0DRHVQH3Q   <br \/> Item model number                                            \u200f                                            :                                            \u200e                                            2HDMI+1DP+POWER   <br \/> Guaranteed software updates until                                            \u200f                                            :                                            \u200e                                            unknown   <br \/>  Customer reviews:                                                                                            4.2               4.2 out of 5 stars                                  (235)                                              var dpAcrHasRegisteredArcLinkClickAction;                    P.when(&#8216;A&#8217;, &#8216;ready&#8217;).execute(function(A) {                        if (dpAcrHasRegisteredArcLinkClickAction !== true) {                            dpAcrHasRegisteredArcLinkClickAction = true;                            A.declarative(                                &#8216;acrLink-click-metrics&#8217;, &#8216;click&#8217;,                                { \u00aballowLinkDefault\u00bb: true },                                function (event) {                                    if (window.ue) {                                        ue.count(\u00abacrLinkClickCount\u00bb, (ue.count(\u00abacrLinkClickCount\u00bb) || 0) + 1);                                    }                                }                            );                        }                    });                                             P.when(&#8216;A&#8217;, &#8216;cf&#8217;).execute(function(A) {                A.declarative(&#8216;acrStarsLink-click-metrics&#8217;, &#8216;click&#8217;, { \u00aballowLinkDefault\u00bb : true },  function(event){                    if(window.ue) {                        ue.count(\u00abacrStarsLinkWithPopoverClickCount\u00bb, (ue.count(\u00abacrStarsLinkWithPopoverClickCount\u00bb) || 0) + 1);                    }                });            });                          <\/p>\n<p>\u301011-in-1 Laptop Docking Station\u3011The WAVLINK multi-port USB C dock includes a USB-C with 125W PD Pass-Through(host). 2 x HDMI, 1 x DP, USB-C (PD8 cm), 1 x 10Gbps USB-C 3.2, 2 x 5Gbps USB-A ports, a 104 MB\/s SD\/Micro SD card reader, a Gigabit RJ45 Ethernet port, and a 3.5 mm audio\/mic jack<br \/>\u30108K@30Hz\/4K@144Hz Visual Enjoyment\u3011When using DP 1.4 with DSC in Windows: Single use DP\/HDMI maximum up to 8K@30Hz or 4K@144Hz, if 2 screens are connected, the resolution will be dual 4K@60Hz, if 3 monitors are connected, the display output will be dual 4K@30Hz. Hz and 4K@ 60Hz Perfect for visual creators looking for precise details and gamers who demand ultra-smooth performance.<br \/>\u3010Up to 125W PD 3.1 Fast Charging\u3011Equipped with the USB-C PD3.1, this docking station supports up to 140W USB-C input and offers up to 125W pass-through charging, ideal for powering high-performance USB-C laptops quickly and efficiently (PC must support USB-C charging).<br \/>\u3010Note before purchase\u3011macOS and iPadOS only support Single-Stream Transport (SST) mode, which means all connected monitors will display the same content(ABBB).<br \/>\u3010Red Dot Award Winner\u3011The sleek and sophisticated design of this laptop docking station has been awarded the prestigious Red Dot Award. Thanks to the skillful fusion of aluminum alloy and high-quality ABS, the housing not only exudes aesthetic appeal, but also improves heat dissipation. In addition, a blue LED indicator provides a visual representation of the operating state of the base.<\/p>\n\n","protected":false},"excerpt":{"rendered":"<p> From the brand WAVLINK 2025 New Product WAVLINK 2025 New Product WAVLINK 2025 New Product<\/p>","protected":false},"featured_media":26492,"comment_status":"open","ping_status":"closed","template":"","meta":[],"product_brand":[],"product_cat":[84],"product_tag":[6876,7794,6875,496,498,497,561,228,1264,2303,159,502,503,504,499,500,501,505,6877,6767,3460,1905,156,904,133,4140,537],"class_list":{"0":"post-26491","1":"product","2":"type-product","3":"status-publish","4":"has-post-thumbnail","6":"product_cat-apple-macbook","7":"product_tag-125w","8":"product_tag-2hdmi","9":"product_tag-8k30hz4k144hz","10":"product_tag-apple-macbook","11":"product_tag-apple-macbook-air","12":"product_tag-apple-macbook-pro","13":"product_tag-display","14":"product_tag-dock","15":"product_tag-docking","16":"product_tag-ethernet","17":"product_tag-laptop","18":"product_tag-macbook-13-inch","19":"product_tag-macbook-15-inch","20":"product_tag-macbook-16-inch","21":"product_tag-macbook-m1","22":"product_tag-macbook-m2","23":"product_tag-macbook-m3","24":"product_tag-macbook-price","25":"product_tag-passthrough","26":"product_tag-pd3-1","27":"product_tag-sdtf","28":"product_tag-single","29":"product_tag-station","30":"product_tag-triple","31":"product_tag-usb","32":"product_tag-wavlink","33":"product_tag-windows","35":"first","36":"instock","37":"sale","38":"shipping-taxable","39":"product-type-external"},"_links":{"self":[{"href":"https:\/\/comprasyconsejos.store\/en\/wp-json\/wp\/v2\/product\/26491","targetHints":{"allow":["GET"]}}],"collection":[{"href":"https:\/\/comprasyconsejos.store\/en\/wp-json\/wp\/v2\/product"}],"about":[{"href":"https:\/\/comprasyconsejos.store\/en\/wp-json\/wp\/v2\/types\/product"}],"replies":[{"embeddable":true,"href":"https:\/\/comprasyconsejos.store\/en\/wp-json\/wp\/v2\/comments?post=26491"}],"version-history":[{"count":0,"href":"https:\/\/comprasyconsejos.store\/en\/wp-json\/wp\/v2\/product\/26491\/revisions"}],"wp:featuredmedia":[{"embeddable":true,"href":"https:\/\/comprasyconsejos.store\/en\/wp-json\/wp\/v2\/media\/26492"}],"wp:attachment":[{"href":"https:\/\/comprasyconsejos.store\/en\/wp-json\/wp\/v2\/media?parent=26491"}],"wp:term":[{"taxonomy":"product_brand","embeddable":true,"href":"https:\/\/comprasyconsejos.store\/en\/wp-json\/wp\/v2\/product_brand?post=26491"},{"taxonomy":"product_cat","embeddable":true,"href":"https:\/\/comprasyconsejos.store\/en\/wp-json\/wp\/v2\/product_cat?post=26491"},{"taxonomy":"product_tag","embeddable":true,"href":"https:\/\/comprasyconsejos.store\/en\/wp-json\/wp\/v2\/product_tag?post=26491"}],"curies":[{"name":"wp","href":"https:\/\/api.w.org\/{rel}","templated":true}]}}